
{"id":31928,"date":"2020-10-15T16:56:47","date_gmt":"2020-10-15T16:56:47","guid":{"rendered":"https:\/\/geooprema.com\/products\/Bez kategorije\/geo-fennel-prijemnici-za-rotirajuci-laser-fr-dist-30-kombinovani-prijemnik\/"},"modified":"2020-10-15T16:56:47","modified_gmt":"2020-10-15T16:56:47","slug":"geo-fennel-prijemnici-za-rotirajuci-laser-fr-dist-30-kombinovani-prijemnik","status":"publish","type":"product","link":"https:\/\/geooprema.com\/bs\/products\/gradjevinska-oprema\/mijerni-tockovi-bs\/geo-fennel-prijemnici-za-rotirajuci-laser-fr-dist-30-kombinovani-prijemnik\/","title":{"rendered":"Geo-Fennel prijemnici za rotiraju\u0107i laser FR-DIST 30 Kombinovani prijemnik"},"content":{"rendered":"<p> <strong> \u0160ifra: 257300 <\/strong> <\/p>\n<p> <strong> Za crveni i zeleni laser. <\/strong> <\/p>\n<p> Uklju\u010deno u isporuku: <br \/>\n3 x AA alkalne baterije \/ li &#038; gt; <br \/>\nStezaljka za \u0161tap za izravnavanje <\/p>\n<p> <strong> Tehni\u010dki podaci: <\/strong> <\/p>\n<p> Referentna to\u010dka: odozdo, na nivou, gore <br \/>\nTonovi: da <br \/>\nZa\u0161tita od pra\u0161ine i vode: IP 65 <br \/>\nTe\u017eina: 0,3 kg <br \/>\nNapajanje: 3 x AA alkalno <br \/>\nRaspon temperatura: -10 \u00b0 C &#8211; + 50 \u00b0 C (laserski prijemnik), 0 \u00b0 C do + 40 \u00b0 C (laserski daljinomjer) <br \/>\nPro\u0161irena veli\u010dina: 172 x 80 x 32 mm <br \/>\nDu\u017eina otvora za primanje: 100 mm <br \/>\nRadni domet: 300 m (radijus) <br \/>\nKlasa lasera: 2 <br \/>\nLED indikacija: prednja, bo\u010dna <br \/>\nBo\u010dice: gornja, bo\u010dna <br \/>\nIndikacija zaslona: prednja <br \/>\nMagneti: gornji, bo\u010dni <br \/>\nOsvjetljenje ekrana: da <br \/>\nMjerne jedinice: m \/ ft \/ in\u010d <br \/>\nTa\u010dnost: \u00b1 1\/5\/9 mm (laserski prijemnik), \u00b1 2 mm (laserski daljinomjer) <br \/>\nObuhvat mjerenja: 50 m <\/p>\n","protected":false},"excerpt":{"rendered":"<p>Karakteristike:<\/p>\n<ul>\n<li>Mo\u017ee se koristiti sa laserom koji rotira crvenim ili zelenim snopom<\/li>\n<li>mm-pokazatelj razlike izme\u0111u laserskog zraka i nivoa &#8220;0&#8221;<\/li>\n<li>Obuhvatne funkcije laserskog mjera\u010da udaljenosti<\/li>\n<\/ul>\n<p>Mjerne funkcije (LASERSKI METAR UDALJENOSTI)<\/p>\n<ul>\n<li>Jedno \/ trajno mjerenje<\/li>\n<li>Povr\u0161ina \/ volumen<\/li>\n<li>Pitagora 1, visina (2 boda)<\/li>\n<li>Pitagora 2, ukupna visina (3 boda)<\/li>\n<\/ul>\n","protected":false},"featured_media":27974,"comment_status":"open","ping_status":"closed","template":"","meta":{"_acf_changed":false},"product_brand":[],"product_cat":[397,400,1285],"product_tag":[],"class_list":{"0":"post-31928","1":"product","2":"type-product","3":"status-publish","4":"has-post-thumbnail","6":"product_cat-gradjevinska-oprema","7":"product_cat-mijerni-tockovi-bs","8":"product_cat-rotacioni-laserski-prijemnik","9":"pa_brand-geofennel-bs","11":"first","12":"onbackorder","13":"taxable","14":"shipping-taxable","15":"product-type-simple","swatches":"rey-swatches","show_selected":""},"acf":[],"yoast_head":"<!-- This site is optimized with the Yoast SEO plugin v24.9 - https:\/\/yoast.com\/wordpress\/plugins\/seo\/ -->\n<title>Geo-Fennel prijemnici za rotiraju\u0107i laser FR-DIST 30 Kombinovani prijemnik - Geooprema<\/title>\n<meta name=\"robots\" content=\"index, follow, max-snippet:-1, max-image-preview:large, max-video-preview:-1\" \/>\n<link rel=\"canonical\" href=\"https:\/\/geooprema.com\/bs\/products\/gradjevinska-oprema\/mijerni-tockovi-bs\/geo-fennel-prijemnici-za-rotirajuci-laser-fr-dist-30-kombinovani-prijemnik\/\" \/>\n<meta property=\"og:locale\" content=\"bs_BA\" \/>\n<meta property=\"og:type\" content=\"article\" \/>\n<meta property=\"og:title\" content=\"Geo-Fennel prijemnici za rotiraju\u0107i laser FR-DIST 30 Kombinovani prijemnik - Geooprema\" \/>\n<meta property=\"og:description\" content=\"Karakteristike:   Mo\u017ee se koristiti sa laserom koji rotira crvenim ili zelenim snopom  mm-pokazatelj razlike izme\u0111u laserskog zraka i nivoa &quot;0&quot;  Obuhvatne funkcije laserskog mjera\u010da udaljenosti  Mjerne funkcije (LASERSKI METAR UDALJENOSTI)   Jedno \/ trajno mjerenje  Povr\u0161ina \/ volumen  Pitagora 1, visina (2 boda)  Pitagora 2, ukupna visina (3 boda)\" \/>\n<meta property=\"og:url\" content=\"https:\/\/geooprema.com\/bs\/products\/gradjevinska-oprema\/mijerni-tockovi-bs\/geo-fennel-prijemnici-za-rotirajuci-laser-fr-dist-30-kombinovani-prijemnik\/\" \/>\n<meta property=\"og:site_name\" content=\"Geooprema\" \/>\n<meta property=\"article:publisher\" content=\"https:\/\/www.facebook.com\/geoinfobih\" \/>\n<meta property=\"og:image\" content=\"https:\/\/geooprema.com\/wp-content\/uploads\/2020\/10\/FR-DIST_30_AW_01_Ebene_zu_niedrig_RZ-1.jpg\" \/>\n\t<meta property=\"og:image:width\" content=\"800\" \/>\n\t<meta property=\"og:image:height\" content=\"800\" \/>\n\t<meta property=\"og:image:type\" content=\"image\/jpeg\" \/>\n<meta name=\"twitter:card\" content=\"summary_large_image\" \/>\n<meta name=\"twitter:label1\" content=\"Est. reading time\" \/>\n\t<meta name=\"twitter:data1\" content=\"1 minuta\" \/>\n<script type=\"application\/ld+json\" class=\"yoast-schema-graph\">{\"@context\":\"https:\/\/schema.org\",\"@graph\":[{\"@type\":\"WebPage\",\"@id\":\"https:\/\/geooprema.com\/bs\/products\/gradjevinska-oprema\/mijerni-tockovi-bs\/geo-fennel-prijemnici-za-rotirajuci-laser-fr-dist-30-kombinovani-prijemnik\/\",\"url\":\"https:\/\/geooprema.com\/bs\/products\/gradjevinska-oprema\/mijerni-tockovi-bs\/geo-fennel-prijemnici-za-rotirajuci-laser-fr-dist-30-kombinovani-prijemnik\/\",\"name\":\"Geo-Fennel prijemnici za rotiraju\u0107i laser FR-DIST 30 Kombinovani prijemnik - Geooprema\",\"isPartOf\":{\"@id\":\"https:\/\/geooprema.com\/#website\"},\"primaryImageOfPage\":{\"@id\":\"https:\/\/geooprema.com\/bs\/products\/gradjevinska-oprema\/mijerni-tockovi-bs\/geo-fennel-prijemnici-za-rotirajuci-laser-fr-dist-30-kombinovani-prijemnik\/#primaryimage\"},\"image\":{\"@id\":\"https:\/\/geooprema.com\/bs\/products\/gradjevinska-oprema\/mijerni-tockovi-bs\/geo-fennel-prijemnici-za-rotirajuci-laser-fr-dist-30-kombinovani-prijemnik\/#primaryimage\"},\"thumbnailUrl\":\"https:\/\/geooprema.com\/wp-content\/uploads\/2020\/10\/FR-DIST_30_AW_01_Ebene_zu_niedrig_RZ-1.jpg\",\"datePublished\":\"2020-10-15T16:56:47+00:00\",\"breadcrumb\":{\"@id\":\"https:\/\/geooprema.com\/bs\/products\/gradjevinska-oprema\/mijerni-tockovi-bs\/geo-fennel-prijemnici-za-rotirajuci-laser-fr-dist-30-kombinovani-prijemnik\/#breadcrumb\"},\"inLanguage\":\"bs-BA\",\"potentialAction\":[{\"@type\":\"ReadAction\",\"target\":[\"https:\/\/geooprema.com\/bs\/products\/gradjevinska-oprema\/mijerni-tockovi-bs\/geo-fennel-prijemnici-za-rotirajuci-laser-fr-dist-30-kombinovani-prijemnik\/\"]}]},{\"@type\":\"ImageObject\",\"inLanguage\":\"bs-BA\",\"@id\":\"https:\/\/geooprema.com\/bs\/products\/gradjevinska-oprema\/mijerni-tockovi-bs\/geo-fennel-prijemnici-za-rotirajuci-laser-fr-dist-30-kombinovani-prijemnik\/#primaryimage\",\"url\":\"https:\/\/geooprema.com\/wp-content\/uploads\/2020\/10\/FR-DIST_30_AW_01_Ebene_zu_niedrig_RZ-1.jpg\",\"contentUrl\":\"https:\/\/geooprema.com\/wp-content\/uploads\/2020\/10\/FR-DIST_30_AW_01_Ebene_zu_niedrig_RZ-1.jpg\",\"width\":800,\"height\":800,\"caption\":\"Geo-Fennel Receivers for Rotating Laser FR-DIST 30 Combined receiver\"},{\"@type\":\"BreadcrumbList\",\"@id\":\"https:\/\/geooprema.com\/bs\/products\/gradjevinska-oprema\/mijerni-tockovi-bs\/geo-fennel-prijemnici-za-rotirajuci-laser-fr-dist-30-kombinovani-prijemnik\/#breadcrumb\",\"itemListElement\":[{\"@type\":\"ListItem\",\"position\":1,\"name\":\"Home\",\"item\":\"https:\/\/geooprema.com\/bs\/\"},{\"@type\":\"ListItem\",\"position\":2,\"name\":\"Shop\",\"item\":\"https:\/\/geooprema.com\/shop-2\/\"},{\"@type\":\"ListItem\",\"position\":3,\"name\":\"Geo-Fennel prijemnici za rotiraju\u0107i laser FR-DIST 30 Kombinovani prijemnik\"}]},{\"@type\":\"WebSite\",\"@id\":\"https:\/\/geooprema.com\/#website\",\"url\":\"https:\/\/geooprema.com\/\",\"name\":\"Geooprema\",\"description\":\"Surveying and Construction Equipmen, Software and Accessories\",\"publisher\":{\"@id\":\"https:\/\/geooprema.com\/#organization\"},\"potentialAction\":[{\"@type\":\"SearchAction\",\"target\":{\"@type\":\"EntryPoint\",\"urlTemplate\":\"https:\/\/geooprema.com\/?s={search_term_string}\"},\"query-input\":{\"@type\":\"PropertyValueSpecification\",\"valueRequired\":true,\"valueName\":\"search_term_string\"}}],\"inLanguage\":\"bs-BA\"},{\"@type\":\"Organization\",\"@id\":\"https:\/\/geooprema.com\/#organization\",\"name\":\"Geooprema\",\"url\":\"https:\/\/geooprema.com\/\",\"logo\":{\"@type\":\"ImageObject\",\"inLanguage\":\"bs-BA\",\"@id\":\"https:\/\/geooprema.com\/#\/schema\/logo\/image\/\",\"url\":\"https:\/\/geooprema.com\/wp-content\/uploads\/2020\/08\/geooprema-logo.png\",\"contentUrl\":\"https:\/\/geooprema.com\/wp-content\/uploads\/2020\/08\/geooprema-logo.png\",\"width\":513,\"height\":161,\"caption\":\"Geooprema\"},\"image\":{\"@id\":\"https:\/\/geooprema.com\/#\/schema\/logo\/image\/\"},\"sameAs\":[\"https:\/\/www.facebook.com\/geoinfobih\",\"https:\/\/www.instagram.com\/geoinfodoo\/\",\"https:\/\/www.linkedin.com\/company\/geoinfo-doo\/\",\"https:\/\/www.youtube.com\/c\/Geoinfodoo\"]}]}<\/script>\n<!-- \/ Yoast SEO plugin. -->","yoast_head_json":{"title":"Geo-Fennel prijemnici za rotiraju\u0107i laser FR-DIST 30 Kombinovani prijemnik - Geooprema","robots":{"index":"index","follow":"follow","max-snippet":"max-snippet:-1","max-image-preview":"max-image-preview:large","max-video-preview":"max-video-preview:-1"},"canonical":"https:\/\/geooprema.com\/bs\/products\/gradjevinska-oprema\/mijerni-tockovi-bs\/geo-fennel-prijemnici-za-rotirajuci-laser-fr-dist-30-kombinovani-prijemnik\/","og_locale":"bs_BA","og_type":"article","og_title":"Geo-Fennel prijemnici za rotiraju\u0107i laser FR-DIST 30 Kombinovani prijemnik - Geooprema","og_description":"Karakteristike:   Mo\u017ee se koristiti sa laserom koji rotira crvenim ili zelenim snopom  mm-pokazatelj razlike izme\u0111u laserskog zraka i nivoa \"0\"  Obuhvatne funkcije laserskog mjera\u010da udaljenosti  Mjerne funkcije (LASERSKI METAR UDALJENOSTI)   Jedno \/ trajno mjerenje  Povr\u0161ina \/ volumen  Pitagora 1, visina (2 boda)  Pitagora 2, ukupna visina (3 boda)","og_url":"https:\/\/geooprema.com\/bs\/products\/gradjevinska-oprema\/mijerni-tockovi-bs\/geo-fennel-prijemnici-za-rotirajuci-laser-fr-dist-30-kombinovani-prijemnik\/","og_site_name":"Geooprema","article_publisher":"https:\/\/www.facebook.com\/geoinfobih","og_image":[{"width":800,"height":800,"url":"https:\/\/geooprema.com\/wp-content\/uploads\/2020\/10\/FR-DIST_30_AW_01_Ebene_zu_niedrig_RZ-1.jpg","type":"image\/jpeg"}],"twitter_card":"summary_large_image","twitter_misc":{"Est. reading time":"1 minuta"},"schema":{"@context":"https:\/\/schema.org","@graph":[{"@type":"WebPage","@id":"https:\/\/geooprema.com\/bs\/products\/gradjevinska-oprema\/mijerni-tockovi-bs\/geo-fennel-prijemnici-za-rotirajuci-laser-fr-dist-30-kombinovani-prijemnik\/","url":"https:\/\/geooprema.com\/bs\/products\/gradjevinska-oprema\/mijerni-tockovi-bs\/geo-fennel-prijemnici-za-rotirajuci-laser-fr-dist-30-kombinovani-prijemnik\/","name":"Geo-Fennel prijemnici za rotiraju\u0107i laser FR-DIST 30 Kombinovani prijemnik - Geooprema","isPartOf":{"@id":"https:\/\/geooprema.com\/#website"},"primaryImageOfPage":{"@id":"https:\/\/geooprema.com\/bs\/products\/gradjevinska-oprema\/mijerni-tockovi-bs\/geo-fennel-prijemnici-za-rotirajuci-laser-fr-dist-30-kombinovani-prijemnik\/#primaryimage"},"image":{"@id":"https:\/\/geooprema.com\/bs\/products\/gradjevinska-oprema\/mijerni-tockovi-bs\/geo-fennel-prijemnici-za-rotirajuci-laser-fr-dist-30-kombinovani-prijemnik\/#primaryimage"},"thumbnailUrl":"https:\/\/geooprema.com\/wp-content\/uploads\/2020\/10\/FR-DIST_30_AW_01_Ebene_zu_niedrig_RZ-1.jpg","datePublished":"2020-10-15T16:56:47+00:00","breadcrumb":{"@id":"https:\/\/geooprema.com\/bs\/products\/gradjevinska-oprema\/mijerni-tockovi-bs\/geo-fennel-prijemnici-za-rotirajuci-laser-fr-dist-30-kombinovani-prijemnik\/#breadcrumb"},"inLanguage":"bs-BA","potentialAction":[{"@type":"ReadAction","target":["https:\/\/geooprema.com\/bs\/products\/gradjevinska-oprema\/mijerni-tockovi-bs\/geo-fennel-prijemnici-za-rotirajuci-laser-fr-dist-30-kombinovani-prijemnik\/"]}]},{"@type":"ImageObject","inLanguage":"bs-BA","@id":"https:\/\/geooprema.com\/bs\/products\/gradjevinska-oprema\/mijerni-tockovi-bs\/geo-fennel-prijemnici-za-rotirajuci-laser-fr-dist-30-kombinovani-prijemnik\/#primaryimage","url":"https:\/\/geooprema.com\/wp-content\/uploads\/2020\/10\/FR-DIST_30_AW_01_Ebene_zu_niedrig_RZ-1.jpg","contentUrl":"https:\/\/geooprema.com\/wp-content\/uploads\/2020\/10\/FR-DIST_30_AW_01_Ebene_zu_niedrig_RZ-1.jpg","width":800,"height":800,"caption":"Geo-Fennel Receivers for Rotating Laser FR-DIST 30 Combined receiver"},{"@type":"BreadcrumbList","@id":"https:\/\/geooprema.com\/bs\/products\/gradjevinska-oprema\/mijerni-tockovi-bs\/geo-fennel-prijemnici-za-rotirajuci-laser-fr-dist-30-kombinovani-prijemnik\/#breadcrumb","itemListElement":[{"@type":"ListItem","position":1,"name":"Home","item":"https:\/\/geooprema.com\/bs\/"},{"@type":"ListItem","position":2,"name":"Shop","item":"https:\/\/geooprema.com\/shop-2\/"},{"@type":"ListItem","position":3,"name":"Geo-Fennel prijemnici za rotiraju\u0107i laser FR-DIST 30 Kombinovani prijemnik"}]},{"@type":"WebSite","@id":"https:\/\/geooprema.com\/#website","url":"https:\/\/geooprema.com\/","name":"Geooprema","description":"Surveying and Construction Equipmen, Software and Accessories","publisher":{"@id":"https:\/\/geooprema.com\/#organization"},"potentialAction":[{"@type":"SearchAction","target":{"@type":"EntryPoint","urlTemplate":"https:\/\/geooprema.com\/?s={search_term_string}"},"query-input":{"@type":"PropertyValueSpecification","valueRequired":true,"valueName":"search_term_string"}}],"inLanguage":"bs-BA"},{"@type":"Organization","@id":"https:\/\/geooprema.com\/#organization","name":"Geooprema","url":"https:\/\/geooprema.com\/","logo":{"@type":"ImageObject","inLanguage":"bs-BA","@id":"https:\/\/geooprema.com\/#\/schema\/logo\/image\/","url":"https:\/\/geooprema.com\/wp-content\/uploads\/2020\/08\/geooprema-logo.png","contentUrl":"https:\/\/geooprema.com\/wp-content\/uploads\/2020\/08\/geooprema-logo.png","width":513,"height":161,"caption":"Geooprema"},"image":{"@id":"https:\/\/geooprema.com\/#\/schema\/logo\/image\/"},"sameAs":["https:\/\/www.facebook.com\/geoinfobih","https:\/\/www.instagram.com\/geoinfodoo\/","https:\/\/www.linkedin.com\/company\/geoinfo-doo\/","https:\/\/www.youtube.com\/c\/Geoinfodoo"]}]}},"_links":{"self":[{"href":"https:\/\/geooprema.com\/bs\/wp-json\/wp\/v2\/product\/31928","targetHints":{"allow":["GET"]}}],"collection":[{"href":"https:\/\/geooprema.com\/bs\/wp-json\/wp\/v2\/product"}],"about":[{"href":"https:\/\/geooprema.com\/bs\/wp-json\/wp\/v2\/types\/product"}],"replies":[{"embeddable":true,"href":"https:\/\/geooprema.com\/bs\/wp-json\/wp\/v2\/comments?post=31928"}],"wp:featuredmedia":[{"embeddable":true,"href":"https:\/\/geooprema.com\/bs\/wp-json\/wp\/v2\/media\/27974"}],"wp:attachment":[{"href":"https:\/\/geooprema.com\/bs\/wp-json\/wp\/v2\/media?parent=31928"}],"wp:term":[{"taxonomy":"product_brand","embeddable":true,"href":"https:\/\/geooprema.com\/bs\/wp-json\/wp\/v2\/product_brand?post=31928"},{"taxonomy":"product_cat","embeddable":true,"href":"https:\/\/geooprema.com\/bs\/wp-json\/wp\/v2\/product_cat?post=31928"},{"taxonomy":"product_tag","embeddable":true,"href":"https:\/\/geooprema.com\/bs\/wp-json\/wp\/v2\/product_tag?post=31928"}],"curies":[{"name":"wp","href":"https:\/\/api.w.org\/{rel}","templated":true}]}}