
{"id":31919,"date":"2020-10-13T10:26:20","date_gmt":"2020-10-13T10:26:20","guid":{"rendered":"https:\/\/geooprema.com\/products\/Bez kategorije\/nedo-futrola-za-nivellierfix\/"},"modified":"2020-10-13T10:26:20","modified_gmt":"2020-10-13T10:26:20","slug":"nedo-futrola-za-nivellierfix","status":"publish","type":"product","link":"https:\/\/geooprema.com\/bs\/products\/gradjevinska-oprema\/mijerni-tockovi-bs\/nedo-futrola-za-nivellierfix\/","title":{"rendered":"Nedo futrola za Nivellierfix"},"content":{"rendered":"<div align = \"LEFT\"> Zgodan transport svih Nivellierfix-a zahvaljuju\u0107i prikladnoj platnenoj vre\u0107ici. <\/div>\n<div align = \"LEFT\"> <b> Ref.-br. 372 111-613 <\/b> <\/div>\n","protected":false},"excerpt":{"rendered":"<div class=\"STYLE_12\" align=\"LEFT\"><b> Nivellierfix &#8211; prakti\u010dno mini teleskopsko pomagalo zanivelanje<\/b><\/div>\n<div class=\"STYLE_12\" align=\"LEFT\">Sa jednog metra prote\u017ee se na 3, 4 ili 5 m &#8211; s ta\u010dno\u0161\u0107u na koju ste navikli! Odlikuje se skalom E-bloka i gradacijom mm.<br \/>\n\u0160tapovi Nedo Nivellierfix izra\u0111eni su od pravouglih aluminijumskih cijevi s eloksiranom povr\u0161inom izuzetno otpornom na abraziju: Kao rezultat, stepenovanje se odupire i najnepovoljnijim uslovima.<br \/>\nTeleskopsko pomagalo te\u017ei samo 1,1 kg u verziji od 5 m. Teleskopski dijelovi rade ta\u010dno u kliznim plasti\u010dnim vodilicama, koje istovremeno slu\u017ee kao brisa\u010di prljav\u0161tine.<\/div>\n","protected":false},"featured_media":25941,"comment_status":"open","ping_status":"closed","template":"","meta":{"_acf_changed":false},"product_brand":[],"product_cat":[336,341,400],"product_tag":[],"class_list":{"0":"post-31919","1":"product","2":"type-product","3":"status-publish","4":"has-post-thumbnail","6":"product_cat-dodatna-oprema","7":"product_cat-geodetska-oprema","8":"product_cat-mijerni-tockovi-bs","9":"pa_brand-nedo-bs","11":"first","12":"onbackorder","13":"taxable","14":"shipping-taxable","15":"product-type-simple","swatches":"rey-swatches","show_selected":""},"acf":[],"yoast_head":"<!-- This site is optimized with the Yoast SEO plugin v24.9 - https:\/\/yoast.com\/wordpress\/plugins\/seo\/ -->\n<title>Nedo futrola za Nivellierfix - Geooprema<\/title>\n<meta name=\"robots\" content=\"index, follow, max-snippet:-1, max-image-preview:large, max-video-preview:-1\" \/>\n<link rel=\"canonical\" href=\"https:\/\/geooprema.com\/bs\/products\/gradjevinska-oprema\/mijerni-tockovi-bs\/nedo-futrola-za-nivellierfix\/\" \/>\n<meta property=\"og:locale\" content=\"bs_BA\" \/>\n<meta property=\"og:type\" content=\"article\" \/>\n<meta property=\"og:title\" content=\"Nedo futrola za Nivellierfix - Geooprema\" \/>\n<meta property=\"og:description\" content=\"Nivellierfix - prakti\u010dno mini teleskopsko pomagalo zanivelanje Sa jednog metra prote\u017ee se na 3, 4 ili 5 m - s ta\u010dno\u0161\u0107u na koju ste navikli! Odlikuje se skalom E-bloka i gradacijom mm. \u0160tapovi Nedo Nivellierfix izra\u0111eni su od pravouglih aluminijumskih cijevi s eloksiranom povr\u0161inom izuzetno otpornom na abraziju: Kao rezultat, stepenovanje se odupire i najnepovoljnijim uslovima. Teleskopsko pomagalo te\u017ei samo 1,1 kg u verziji od 5 m. Teleskopski dijelovi rade ta\u010dno u kliznim plasti\u010dnim vodilicama, koje istovremeno slu\u017ee kao brisa\u010di prljav\u0161tine.\" \/>\n<meta property=\"og:url\" content=\"https:\/\/geooprema.com\/bs\/products\/gradjevinska-oprema\/mijerni-tockovi-bs\/nedo-futrola-za-nivellierfix\/\" \/>\n<meta property=\"og:site_name\" content=\"Geooprema\" \/>\n<meta property=\"article:publisher\" content=\"https:\/\/www.facebook.com\/geoinfobih\" \/>\n<meta property=\"og:image\" content=\"https:\/\/geooprema.com\/wp-content\/uploads\/2020\/10\/Case-Nedo-1.jpg\" \/>\n\t<meta property=\"og:image:width\" content=\"800\" \/>\n\t<meta property=\"og:image:height\" content=\"800\" \/>\n\t<meta property=\"og:image:type\" content=\"image\/jpeg\" \/>\n<meta name=\"twitter:card\" content=\"summary_large_image\" \/>\n<script type=\"application\/ld+json\" class=\"yoast-schema-graph\">{\"@context\":\"https:\/\/schema.org\",\"@graph\":[{\"@type\":\"WebPage\",\"@id\":\"https:\/\/geooprema.com\/bs\/products\/gradjevinska-oprema\/mijerni-tockovi-bs\/nedo-futrola-za-nivellierfix\/\",\"url\":\"https:\/\/geooprema.com\/bs\/products\/gradjevinska-oprema\/mijerni-tockovi-bs\/nedo-futrola-za-nivellierfix\/\",\"name\":\"Nedo futrola za Nivellierfix - Geooprema\",\"isPartOf\":{\"@id\":\"https:\/\/geooprema.com\/#website\"},\"primaryImageOfPage\":{\"@id\":\"https:\/\/geooprema.com\/bs\/products\/gradjevinska-oprema\/mijerni-tockovi-bs\/nedo-futrola-za-nivellierfix\/#primaryimage\"},\"image\":{\"@id\":\"https:\/\/geooprema.com\/bs\/products\/gradjevinska-oprema\/mijerni-tockovi-bs\/nedo-futrola-za-nivellierfix\/#primaryimage\"},\"thumbnailUrl\":\"https:\/\/geooprema.com\/wp-content\/uploads\/2020\/10\/Case-Nedo-1.jpg\",\"datePublished\":\"2020-10-13T10:26:20+00:00\",\"breadcrumb\":{\"@id\":\"https:\/\/geooprema.com\/bs\/products\/gradjevinska-oprema\/mijerni-tockovi-bs\/nedo-futrola-za-nivellierfix\/#breadcrumb\"},\"inLanguage\":\"bs-BA\",\"potentialAction\":[{\"@type\":\"ReadAction\",\"target\":[\"https:\/\/geooprema.com\/bs\/products\/gradjevinska-oprema\/mijerni-tockovi-bs\/nedo-futrola-za-nivellierfix\/\"]}]},{\"@type\":\"ImageObject\",\"inLanguage\":\"bs-BA\",\"@id\":\"https:\/\/geooprema.com\/bs\/products\/gradjevinska-oprema\/mijerni-tockovi-bs\/nedo-futrola-za-nivellierfix\/#primaryimage\",\"url\":\"https:\/\/geooprema.com\/wp-content\/uploads\/2020\/10\/Case-Nedo-1.jpg\",\"contentUrl\":\"https:\/\/geooprema.com\/wp-content\/uploads\/2020\/10\/Case-Nedo-1.jpg\",\"width\":800,\"height\":800,\"caption\":\"Case for Nedo mEssfix F180111 \/ F180113\"},{\"@type\":\"BreadcrumbList\",\"@id\":\"https:\/\/geooprema.com\/bs\/products\/gradjevinska-oprema\/mijerni-tockovi-bs\/nedo-futrola-za-nivellierfix\/#breadcrumb\",\"itemListElement\":[{\"@type\":\"ListItem\",\"position\":1,\"name\":\"Home\",\"item\":\"https:\/\/geooprema.com\/bs\/\"},{\"@type\":\"ListItem\",\"position\":2,\"name\":\"Shop\",\"item\":\"https:\/\/geooprema.com\/shop-2\/\"},{\"@type\":\"ListItem\",\"position\":3,\"name\":\"Nedo futrola za Nivellierfix\"}]},{\"@type\":\"WebSite\",\"@id\":\"https:\/\/geooprema.com\/#website\",\"url\":\"https:\/\/geooprema.com\/\",\"name\":\"Geooprema\",\"description\":\"Surveying and Construction Equipmen, Software and Accessories\",\"publisher\":{\"@id\":\"https:\/\/geooprema.com\/#organization\"},\"potentialAction\":[{\"@type\":\"SearchAction\",\"target\":{\"@type\":\"EntryPoint\",\"urlTemplate\":\"https:\/\/geooprema.com\/?s={search_term_string}\"},\"query-input\":{\"@type\":\"PropertyValueSpecification\",\"valueRequired\":true,\"valueName\":\"search_term_string\"}}],\"inLanguage\":\"bs-BA\"},{\"@type\":\"Organization\",\"@id\":\"https:\/\/geooprema.com\/#organization\",\"name\":\"Geooprema\",\"url\":\"https:\/\/geooprema.com\/\",\"logo\":{\"@type\":\"ImageObject\",\"inLanguage\":\"bs-BA\",\"@id\":\"https:\/\/geooprema.com\/#\/schema\/logo\/image\/\",\"url\":\"https:\/\/geooprema.com\/wp-content\/uploads\/2020\/08\/geooprema-logo.png\",\"contentUrl\":\"https:\/\/geooprema.com\/wp-content\/uploads\/2020\/08\/geooprema-logo.png\",\"width\":513,\"height\":161,\"caption\":\"Geooprema\"},\"image\":{\"@id\":\"https:\/\/geooprema.com\/#\/schema\/logo\/image\/\"},\"sameAs\":[\"https:\/\/www.facebook.com\/geoinfobih\",\"https:\/\/www.instagram.com\/geoinfodoo\/\",\"https:\/\/www.linkedin.com\/company\/geoinfo-doo\/\",\"https:\/\/www.youtube.com\/c\/Geoinfodoo\"]}]}<\/script>\n<!-- \/ Yoast SEO plugin. -->","yoast_head_json":{"title":"Nedo futrola za Nivellierfix - Geooprema","robots":{"index":"index","follow":"follow","max-snippet":"max-snippet:-1","max-image-preview":"max-image-preview:large","max-video-preview":"max-video-preview:-1"},"canonical":"https:\/\/geooprema.com\/bs\/products\/gradjevinska-oprema\/mijerni-tockovi-bs\/nedo-futrola-za-nivellierfix\/","og_locale":"bs_BA","og_type":"article","og_title":"Nedo futrola za Nivellierfix - Geooprema","og_description":"Nivellierfix - prakti\u010dno mini teleskopsko pomagalo zanivelanje Sa jednog metra prote\u017ee se na 3, 4 ili 5 m - s ta\u010dno\u0161\u0107u na koju ste navikli! Odlikuje se skalom E-bloka i gradacijom mm. \u0160tapovi Nedo Nivellierfix izra\u0111eni su od pravouglih aluminijumskih cijevi s eloksiranom povr\u0161inom izuzetno otpornom na abraziju: Kao rezultat, stepenovanje se odupire i najnepovoljnijim uslovima. Teleskopsko pomagalo te\u017ei samo 1,1 kg u verziji od 5 m. Teleskopski dijelovi rade ta\u010dno u kliznim plasti\u010dnim vodilicama, koje istovremeno slu\u017ee kao brisa\u010di prljav\u0161tine.","og_url":"https:\/\/geooprema.com\/bs\/products\/gradjevinska-oprema\/mijerni-tockovi-bs\/nedo-futrola-za-nivellierfix\/","og_site_name":"Geooprema","article_publisher":"https:\/\/www.facebook.com\/geoinfobih","og_image":[{"width":800,"height":800,"url":"https:\/\/geooprema.com\/wp-content\/uploads\/2020\/10\/Case-Nedo-1.jpg","type":"image\/jpeg"}],"twitter_card":"summary_large_image","schema":{"@context":"https:\/\/schema.org","@graph":[{"@type":"WebPage","@id":"https:\/\/geooprema.com\/bs\/products\/gradjevinska-oprema\/mijerni-tockovi-bs\/nedo-futrola-za-nivellierfix\/","url":"https:\/\/geooprema.com\/bs\/products\/gradjevinska-oprema\/mijerni-tockovi-bs\/nedo-futrola-za-nivellierfix\/","name":"Nedo futrola za Nivellierfix - Geooprema","isPartOf":{"@id":"https:\/\/geooprema.com\/#website"},"primaryImageOfPage":{"@id":"https:\/\/geooprema.com\/bs\/products\/gradjevinska-oprema\/mijerni-tockovi-bs\/nedo-futrola-za-nivellierfix\/#primaryimage"},"image":{"@id":"https:\/\/geooprema.com\/bs\/products\/gradjevinska-oprema\/mijerni-tockovi-bs\/nedo-futrola-za-nivellierfix\/#primaryimage"},"thumbnailUrl":"https:\/\/geooprema.com\/wp-content\/uploads\/2020\/10\/Case-Nedo-1.jpg","datePublished":"2020-10-13T10:26:20+00:00","breadcrumb":{"@id":"https:\/\/geooprema.com\/bs\/products\/gradjevinska-oprema\/mijerni-tockovi-bs\/nedo-futrola-za-nivellierfix\/#breadcrumb"},"inLanguage":"bs-BA","potentialAction":[{"@type":"ReadAction","target":["https:\/\/geooprema.com\/bs\/products\/gradjevinska-oprema\/mijerni-tockovi-bs\/nedo-futrola-za-nivellierfix\/"]}]},{"@type":"ImageObject","inLanguage":"bs-BA","@id":"https:\/\/geooprema.com\/bs\/products\/gradjevinska-oprema\/mijerni-tockovi-bs\/nedo-futrola-za-nivellierfix\/#primaryimage","url":"https:\/\/geooprema.com\/wp-content\/uploads\/2020\/10\/Case-Nedo-1.jpg","contentUrl":"https:\/\/geooprema.com\/wp-content\/uploads\/2020\/10\/Case-Nedo-1.jpg","width":800,"height":800,"caption":"Case for Nedo mEssfix F180111 \/ F180113"},{"@type":"BreadcrumbList","@id":"https:\/\/geooprema.com\/bs\/products\/gradjevinska-oprema\/mijerni-tockovi-bs\/nedo-futrola-za-nivellierfix\/#breadcrumb","itemListElement":[{"@type":"ListItem","position":1,"name":"Home","item":"https:\/\/geooprema.com\/bs\/"},{"@type":"ListItem","position":2,"name":"Shop","item":"https:\/\/geooprema.com\/shop-2\/"},{"@type":"ListItem","position":3,"name":"Nedo futrola za Nivellierfix"}]},{"@type":"WebSite","@id":"https:\/\/geooprema.com\/#website","url":"https:\/\/geooprema.com\/","name":"Geooprema","description":"Surveying and Construction Equipmen, Software and Accessories","publisher":{"@id":"https:\/\/geooprema.com\/#organization"},"potentialAction":[{"@type":"SearchAction","target":{"@type":"EntryPoint","urlTemplate":"https:\/\/geooprema.com\/?s={search_term_string}"},"query-input":{"@type":"PropertyValueSpecification","valueRequired":true,"valueName":"search_term_string"}}],"inLanguage":"bs-BA"},{"@type":"Organization","@id":"https:\/\/geooprema.com\/#organization","name":"Geooprema","url":"https:\/\/geooprema.com\/","logo":{"@type":"ImageObject","inLanguage":"bs-BA","@id":"https:\/\/geooprema.com\/#\/schema\/logo\/image\/","url":"https:\/\/geooprema.com\/wp-content\/uploads\/2020\/08\/geooprema-logo.png","contentUrl":"https:\/\/geooprema.com\/wp-content\/uploads\/2020\/08\/geooprema-logo.png","width":513,"height":161,"caption":"Geooprema"},"image":{"@id":"https:\/\/geooprema.com\/#\/schema\/logo\/image\/"},"sameAs":["https:\/\/www.facebook.com\/geoinfobih","https:\/\/www.instagram.com\/geoinfodoo\/","https:\/\/www.linkedin.com\/company\/geoinfo-doo\/","https:\/\/www.youtube.com\/c\/Geoinfodoo"]}]}},"_links":{"self":[{"href":"https:\/\/geooprema.com\/bs\/wp-json\/wp\/v2\/product\/31919","targetHints":{"allow":["GET"]}}],"collection":[{"href":"https:\/\/geooprema.com\/bs\/wp-json\/wp\/v2\/product"}],"about":[{"href":"https:\/\/geooprema.com\/bs\/wp-json\/wp\/v2\/types\/product"}],"replies":[{"embeddable":true,"href":"https:\/\/geooprema.com\/bs\/wp-json\/wp\/v2\/comments?post=31919"}],"wp:featuredmedia":[{"embeddable":true,"href":"https:\/\/geooprema.com\/bs\/wp-json\/wp\/v2\/media\/25941"}],"wp:attachment":[{"href":"https:\/\/geooprema.com\/bs\/wp-json\/wp\/v2\/media?parent=31919"}],"wp:term":[{"taxonomy":"product_brand","embeddable":true,"href":"https:\/\/geooprema.com\/bs\/wp-json\/wp\/v2\/product_brand?post=31919"},{"taxonomy":"product_cat","embeddable":true,"href":"https:\/\/geooprema.com\/bs\/wp-json\/wp\/v2\/product_cat?post=31919"},{"taxonomy":"product_tag","embeddable":true,"href":"https:\/\/geooprema.com\/bs\/wp-json\/wp\/v2\/product_tag?post=31919"}],"curies":[{"name":"wp","href":"https:\/\/api.w.org\/{rel}","templated":true}]}}