
{"id":31909,"date":"2020-10-11T14:53:21","date_gmt":"2020-10-11T14:53:21","guid":{"rendered":"https:\/\/geooprema.com\/products\/Bez kategorije\/nedo-winkeltronic-750mm\/"},"modified":"2020-10-11T14:53:21","modified_gmt":"2020-10-11T14:53:21","slug":"nedo-winkeltronic-750mm","status":"publish","type":"product","link":"https:\/\/geooprema.com\/bs\/products\/gradjevinska-oprema\/mijerni-tockovi-bs\/nedo-winkeltronic-750mm\/","title":{"rendered":"Nedo Winkeltronic 750mm"},"content":{"rendered":"<p>Ref.br.:<\/p>\n<p>405317<\/p>\n<p><strong> Du\u017eina dr\u0161ke: <\/strong><\/p>\n<p>750 mm<\/p>\n<p>Rje\u0161enje :<\/p>\n<p>0,05 \u00b0<\/p>\n<p><strong> Podru\u010dje mjerenja: <\/strong><\/p>\n<p>od 0 \u00b0 do 355 \u00b0<\/p>\n<p>Te\u017eina:<\/p>\n<p>1,8 kg<\/p>\n<p><b> Karakteristike Winkeltronic: <\/b><\/p>\n<ul type=\"square\">\n<li>Rezolucija: 0,05 \u00b0<\/li>\n<li>Ta\u010dnost: \u00b1 0,1 \u00b0<\/li>\n<li>Osvijetljeni ekran<\/li>\n<li>Automatsko isklju\u010divanje nakon 3 minute nekori\u0161tenja<\/li>\n<li>Funkcije zadr\u017eavanja, zadr\u017eavaju vrijednost na ekranu<\/li>\n<li>Nulto pode\u0161avanje pod bilo kojim uglom dr\u0161ke<\/li>\n<li>Integralna horizontalna i vertikalna libela<\/li>\n<li>Napajanje: 4 x 1,5 V (AA) baterije ili 4 x 1,2 V punjive baterije<\/li>\n<li>Isporu\u010duje se sa futrolom kao standardom<\/li>\n<\/ul>\n","protected":false},"excerpt":{"rendered":"<p> Digitalni ure\u0111aj za mjerenje ugla, za precizno mjerenje i prijenos uglova &#8211; robustan, pouzdan i s precizno\u0161\u0107u od \u00b1 0,1 \u00b0. Izmjereni uglovi prikladno se o\u010ditavaju s velikog ekranu. <br \/>\nVrlo jednostavno rukovanje zahvaljuju\u0107i simetri\u010dnom rasporedu dr\u0161ki. Dvije integralne libele osiguravaju pravilno horizontalno i vertikalno pozicioniranje. <br \/>\nFunkcija zadr\u017eavanja, zadr\u017eava vrijednosti na ekranu. <br \/>\nEkran se mo\u017ee postaviti na nulu u bilo kojem polo\u017eaju dr\u0161ke. <\/p>\n<p> Digitalni alati za mjerenje ugla za mjerenje i prenos uglova. <br \/>\nPrakti\u010dnih dimenzija, male te\u017eine i velikog ekrana, Winkeltronic Easy idealan je pomo\u0107nik na gradili\u0161tu, posebno u opremanju enterijera. Winkeltronic Easy ima funkciju zadr\u017eavanja, da zadr\u017ei vrijednost na ekranu, a opremljen je s dvije libele za horizontalno i vertikalno poravnanje. <\/p>\n","protected":false},"featured_media":26112,"comment_status":"open","ping_status":"closed","template":"","meta":{"_acf_changed":false},"product_brand":[],"product_cat":[336,400],"product_tag":[],"class_list":{"0":"post-31909","1":"product","2":"type-product","3":"status-publish","4":"has-post-thumbnail","6":"product_cat-dodatna-oprema","7":"product_cat-mijerni-tockovi-bs","8":"pa_brand-nedo-bs","10":"first","11":"onbackorder","12":"taxable","13":"shipping-taxable","14":"product-type-simple","swatches":"rey-swatches","show_selected":""},"acf":[],"yoast_head":"<!-- This site is optimized with the Yoast SEO plugin v24.9 - https:\/\/yoast.com\/wordpress\/plugins\/seo\/ -->\n<title>Nedo Winkeltronic 750mm - Geooprema<\/title>\n<meta name=\"robots\" content=\"index, follow, max-snippet:-1, max-image-preview:large, max-video-preview:-1\" \/>\n<link rel=\"canonical\" href=\"https:\/\/geooprema.com\/bs\/products\/gradjevinska-oprema\/mijerni-tockovi-bs\/nedo-winkeltronic-750mm\/\" \/>\n<meta property=\"og:locale\" content=\"bs_BA\" \/>\n<meta property=\"og:type\" content=\"article\" \/>\n<meta property=\"og:title\" content=\"Nedo Winkeltronic 750mm - Geooprema\" \/>\n<meta property=\"og:description\" content=\"Digitalni ure\u0111aj za mjerenje ugla, za precizno mjerenje i prijenos uglova - robustan, pouzdan i s precizno\u0161\u0107u od \u00b1 0,1 \u00b0. Izmjereni uglovi prikladno se o\u010ditavaju s velikog ekranu.  Vrlo jednostavno rukovanje zahvaljuju\u0107i simetri\u010dnom rasporedu dr\u0161ki. Dvije integralne libele osiguravaju pravilno horizontalno i vertikalno pozicioniranje.  Funkcija zadr\u017eavanja, zadr\u017eava vrijednosti na ekranu.  Ekran se mo\u017ee postaviti na nulu u bilo kojem polo\u017eaju dr\u0161ke.  Digitalni alati za mjerenje ugla za mjerenje i prenos uglova.  Prakti\u010dnih dimenzija, male te\u017eine i velikog ekrana, Winkeltronic Easy idealan je pomo\u0107nik na gradili\u0161tu, posebno u opremanju enterijera. Winkeltronic Easy ima funkciju zadr\u017eavanja, da zadr\u017ei vrijednost na ekranu, a opremljen je s dvije libele za horizontalno i vertikalno poravnanje.\" \/>\n<meta property=\"og:url\" content=\"https:\/\/geooprema.com\/bs\/products\/gradjevinska-oprema\/mijerni-tockovi-bs\/nedo-winkeltronic-750mm\/\" \/>\n<meta property=\"og:site_name\" content=\"Geooprema\" \/>\n<meta property=\"article:publisher\" content=\"https:\/\/www.facebook.com\/geoinfobih\" \/>\n<meta property=\"og:image\" content=\"https:\/\/geooprema.com\/wp-content\/uploads\/2020\/10\/Winkeltronic.jpg\" \/>\n\t<meta property=\"og:image:width\" content=\"800\" \/>\n\t<meta property=\"og:image:height\" content=\"800\" \/>\n\t<meta property=\"og:image:type\" content=\"image\/jpeg\" \/>\n<meta name=\"twitter:card\" content=\"summary_large_image\" \/>\n<script type=\"application\/ld+json\" class=\"yoast-schema-graph\">{\"@context\":\"https:\/\/schema.org\",\"@graph\":[{\"@type\":\"WebPage\",\"@id\":\"https:\/\/geooprema.com\/bs\/products\/gradjevinska-oprema\/mijerni-tockovi-bs\/nedo-winkeltronic-750mm\/\",\"url\":\"https:\/\/geooprema.com\/bs\/products\/gradjevinska-oprema\/mijerni-tockovi-bs\/nedo-winkeltronic-750mm\/\",\"name\":\"Nedo Winkeltronic 750mm - Geooprema\",\"isPartOf\":{\"@id\":\"https:\/\/geooprema.com\/#website\"},\"primaryImageOfPage\":{\"@id\":\"https:\/\/geooprema.com\/bs\/products\/gradjevinska-oprema\/mijerni-tockovi-bs\/nedo-winkeltronic-750mm\/#primaryimage\"},\"image\":{\"@id\":\"https:\/\/geooprema.com\/bs\/products\/gradjevinska-oprema\/mijerni-tockovi-bs\/nedo-winkeltronic-750mm\/#primaryimage\"},\"thumbnailUrl\":\"https:\/\/geooprema.com\/wp-content\/uploads\/2020\/10\/Winkeltronic.jpg\",\"datePublished\":\"2020-10-11T14:53:21+00:00\",\"breadcrumb\":{\"@id\":\"https:\/\/geooprema.com\/bs\/products\/gradjevinska-oprema\/mijerni-tockovi-bs\/nedo-winkeltronic-750mm\/#breadcrumb\"},\"inLanguage\":\"bs-BA\",\"potentialAction\":[{\"@type\":\"ReadAction\",\"target\":[\"https:\/\/geooprema.com\/bs\/products\/gradjevinska-oprema\/mijerni-tockovi-bs\/nedo-winkeltronic-750mm\/\"]}]},{\"@type\":\"ImageObject\",\"inLanguage\":\"bs-BA\",\"@id\":\"https:\/\/geooprema.com\/bs\/products\/gradjevinska-oprema\/mijerni-tockovi-bs\/nedo-winkeltronic-750mm\/#primaryimage\",\"url\":\"https:\/\/geooprema.com\/wp-content\/uploads\/2020\/10\/Winkeltronic.jpg\",\"contentUrl\":\"https:\/\/geooprema.com\/wp-content\/uploads\/2020\/10\/Winkeltronic.jpg\",\"width\":800,\"height\":800,\"caption\":\"Nedo Winkeltronic 450mm\"},{\"@type\":\"BreadcrumbList\",\"@id\":\"https:\/\/geooprema.com\/bs\/products\/gradjevinska-oprema\/mijerni-tockovi-bs\/nedo-winkeltronic-750mm\/#breadcrumb\",\"itemListElement\":[{\"@type\":\"ListItem\",\"position\":1,\"name\":\"Home\",\"item\":\"https:\/\/geooprema.com\/bs\/\"},{\"@type\":\"ListItem\",\"position\":2,\"name\":\"Shop\",\"item\":\"https:\/\/geooprema.com\/shop-2\/\"},{\"@type\":\"ListItem\",\"position\":3,\"name\":\"Nedo Winkeltronic 750mm\"}]},{\"@type\":\"WebSite\",\"@id\":\"https:\/\/geooprema.com\/#website\",\"url\":\"https:\/\/geooprema.com\/\",\"name\":\"Geooprema\",\"description\":\"Surveying and Construction Equipmen, Software and Accessories\",\"publisher\":{\"@id\":\"https:\/\/geooprema.com\/#organization\"},\"potentialAction\":[{\"@type\":\"SearchAction\",\"target\":{\"@type\":\"EntryPoint\",\"urlTemplate\":\"https:\/\/geooprema.com\/?s={search_term_string}\"},\"query-input\":{\"@type\":\"PropertyValueSpecification\",\"valueRequired\":true,\"valueName\":\"search_term_string\"}}],\"inLanguage\":\"bs-BA\"},{\"@type\":\"Organization\",\"@id\":\"https:\/\/geooprema.com\/#organization\",\"name\":\"Geooprema\",\"url\":\"https:\/\/geooprema.com\/\",\"logo\":{\"@type\":\"ImageObject\",\"inLanguage\":\"bs-BA\",\"@id\":\"https:\/\/geooprema.com\/#\/schema\/logo\/image\/\",\"url\":\"https:\/\/geooprema.com\/wp-content\/uploads\/2020\/08\/geooprema-logo.png\",\"contentUrl\":\"https:\/\/geooprema.com\/wp-content\/uploads\/2020\/08\/geooprema-logo.png\",\"width\":513,\"height\":161,\"caption\":\"Geooprema\"},\"image\":{\"@id\":\"https:\/\/geooprema.com\/#\/schema\/logo\/image\/\"},\"sameAs\":[\"https:\/\/www.facebook.com\/geoinfobih\",\"https:\/\/www.instagram.com\/geoinfodoo\/\",\"https:\/\/www.linkedin.com\/company\/geoinfo-doo\/\",\"https:\/\/www.youtube.com\/c\/Geoinfodoo\"]}]}<\/script>\n<!-- \/ Yoast SEO plugin. -->","yoast_head_json":{"title":"Nedo Winkeltronic 750mm - Geooprema","robots":{"index":"index","follow":"follow","max-snippet":"max-snippet:-1","max-image-preview":"max-image-preview:large","max-video-preview":"max-video-preview:-1"},"canonical":"https:\/\/geooprema.com\/bs\/products\/gradjevinska-oprema\/mijerni-tockovi-bs\/nedo-winkeltronic-750mm\/","og_locale":"bs_BA","og_type":"article","og_title":"Nedo Winkeltronic 750mm - Geooprema","og_description":"Digitalni ure\u0111aj za mjerenje ugla, za precizno mjerenje i prijenos uglova - robustan, pouzdan i s precizno\u0161\u0107u od \u00b1 0,1 \u00b0. Izmjereni uglovi prikladno se o\u010ditavaju s velikog ekranu.  Vrlo jednostavno rukovanje zahvaljuju\u0107i simetri\u010dnom rasporedu dr\u0161ki. Dvije integralne libele osiguravaju pravilno horizontalno i vertikalno pozicioniranje.  Funkcija zadr\u017eavanja, zadr\u017eava vrijednosti na ekranu.  Ekran se mo\u017ee postaviti na nulu u bilo kojem polo\u017eaju dr\u0161ke.  Digitalni alati za mjerenje ugla za mjerenje i prenos uglova.  Prakti\u010dnih dimenzija, male te\u017eine i velikog ekrana, Winkeltronic Easy idealan je pomo\u0107nik na gradili\u0161tu, posebno u opremanju enterijera. Winkeltronic Easy ima funkciju zadr\u017eavanja, da zadr\u017ei vrijednost na ekranu, a opremljen je s dvije libele za horizontalno i vertikalno poravnanje.","og_url":"https:\/\/geooprema.com\/bs\/products\/gradjevinska-oprema\/mijerni-tockovi-bs\/nedo-winkeltronic-750mm\/","og_site_name":"Geooprema","article_publisher":"https:\/\/www.facebook.com\/geoinfobih","og_image":[{"width":800,"height":800,"url":"https:\/\/geooprema.com\/wp-content\/uploads\/2020\/10\/Winkeltronic.jpg","type":"image\/jpeg"}],"twitter_card":"summary_large_image","schema":{"@context":"https:\/\/schema.org","@graph":[{"@type":"WebPage","@id":"https:\/\/geooprema.com\/bs\/products\/gradjevinska-oprema\/mijerni-tockovi-bs\/nedo-winkeltronic-750mm\/","url":"https:\/\/geooprema.com\/bs\/products\/gradjevinska-oprema\/mijerni-tockovi-bs\/nedo-winkeltronic-750mm\/","name":"Nedo Winkeltronic 750mm - Geooprema","isPartOf":{"@id":"https:\/\/geooprema.com\/#website"},"primaryImageOfPage":{"@id":"https:\/\/geooprema.com\/bs\/products\/gradjevinska-oprema\/mijerni-tockovi-bs\/nedo-winkeltronic-750mm\/#primaryimage"},"image":{"@id":"https:\/\/geooprema.com\/bs\/products\/gradjevinska-oprema\/mijerni-tockovi-bs\/nedo-winkeltronic-750mm\/#primaryimage"},"thumbnailUrl":"https:\/\/geooprema.com\/wp-content\/uploads\/2020\/10\/Winkeltronic.jpg","datePublished":"2020-10-11T14:53:21+00:00","breadcrumb":{"@id":"https:\/\/geooprema.com\/bs\/products\/gradjevinska-oprema\/mijerni-tockovi-bs\/nedo-winkeltronic-750mm\/#breadcrumb"},"inLanguage":"bs-BA","potentialAction":[{"@type":"ReadAction","target":["https:\/\/geooprema.com\/bs\/products\/gradjevinska-oprema\/mijerni-tockovi-bs\/nedo-winkeltronic-750mm\/"]}]},{"@type":"ImageObject","inLanguage":"bs-BA","@id":"https:\/\/geooprema.com\/bs\/products\/gradjevinska-oprema\/mijerni-tockovi-bs\/nedo-winkeltronic-750mm\/#primaryimage","url":"https:\/\/geooprema.com\/wp-content\/uploads\/2020\/10\/Winkeltronic.jpg","contentUrl":"https:\/\/geooprema.com\/wp-content\/uploads\/2020\/10\/Winkeltronic.jpg","width":800,"height":800,"caption":"Nedo Winkeltronic 450mm"},{"@type":"BreadcrumbList","@id":"https:\/\/geooprema.com\/bs\/products\/gradjevinska-oprema\/mijerni-tockovi-bs\/nedo-winkeltronic-750mm\/#breadcrumb","itemListElement":[{"@type":"ListItem","position":1,"name":"Home","item":"https:\/\/geooprema.com\/bs\/"},{"@type":"ListItem","position":2,"name":"Shop","item":"https:\/\/geooprema.com\/shop-2\/"},{"@type":"ListItem","position":3,"name":"Nedo Winkeltronic 750mm"}]},{"@type":"WebSite","@id":"https:\/\/geooprema.com\/#website","url":"https:\/\/geooprema.com\/","name":"Geooprema","description":"Surveying and Construction Equipmen, Software and Accessories","publisher":{"@id":"https:\/\/geooprema.com\/#organization"},"potentialAction":[{"@type":"SearchAction","target":{"@type":"EntryPoint","urlTemplate":"https:\/\/geooprema.com\/?s={search_term_string}"},"query-input":{"@type":"PropertyValueSpecification","valueRequired":true,"valueName":"search_term_string"}}],"inLanguage":"bs-BA"},{"@type":"Organization","@id":"https:\/\/geooprema.com\/#organization","name":"Geooprema","url":"https:\/\/geooprema.com\/","logo":{"@type":"ImageObject","inLanguage":"bs-BA","@id":"https:\/\/geooprema.com\/#\/schema\/logo\/image\/","url":"https:\/\/geooprema.com\/wp-content\/uploads\/2020\/08\/geooprema-logo.png","contentUrl":"https:\/\/geooprema.com\/wp-content\/uploads\/2020\/08\/geooprema-logo.png","width":513,"height":161,"caption":"Geooprema"},"image":{"@id":"https:\/\/geooprema.com\/#\/schema\/logo\/image\/"},"sameAs":["https:\/\/www.facebook.com\/geoinfobih","https:\/\/www.instagram.com\/geoinfodoo\/","https:\/\/www.linkedin.com\/company\/geoinfo-doo\/","https:\/\/www.youtube.com\/c\/Geoinfodoo"]}]}},"_links":{"self":[{"href":"https:\/\/geooprema.com\/bs\/wp-json\/wp\/v2\/product\/31909","targetHints":{"allow":["GET"]}}],"collection":[{"href":"https:\/\/geooprema.com\/bs\/wp-json\/wp\/v2\/product"}],"about":[{"href":"https:\/\/geooprema.com\/bs\/wp-json\/wp\/v2\/types\/product"}],"replies":[{"embeddable":true,"href":"https:\/\/geooprema.com\/bs\/wp-json\/wp\/v2\/comments?post=31909"}],"wp:featuredmedia":[{"embeddable":true,"href":"https:\/\/geooprema.com\/bs\/wp-json\/wp\/v2\/media\/26112"}],"wp:attachment":[{"href":"https:\/\/geooprema.com\/bs\/wp-json\/wp\/v2\/media?parent=31909"}],"wp:term":[{"taxonomy":"product_brand","embeddable":true,"href":"https:\/\/geooprema.com\/bs\/wp-json\/wp\/v2\/product_brand?post=31909"},{"taxonomy":"product_cat","embeddable":true,"href":"https:\/\/geooprema.com\/bs\/wp-json\/wp\/v2\/product_cat?post=31909"},{"taxonomy":"product_tag","embeddable":true,"href":"https:\/\/geooprema.com\/bs\/wp-json\/wp\/v2\/product_tag?post=31909"}],"curies":[{"name":"wp","href":"https:\/\/api.w.org\/{rel}","templated":true}]}}