
{"id":31904,"date":"2020-10-11T14:48:31","date_gmt":"2020-10-11T14:48:31","guid":{"rendered":"https:\/\/geooprema.com\/products\/Bez%20kategorije\/nedo-inklinometar-nivelir-600-mm\/"},"modified":"2021-06-15T16:10:47","modified_gmt":"2021-06-15T16:10:47","slug":"nedo-inklinometar-nivelir-600-mm","status":"publish","type":"product","link":"https:\/\/geooprema.com\/bs\/products\/gradjevinska-oprema\/mijerni-tockovi-bs\/nedo-inklinometar-nivelir-600-mm\/","title":{"rendered":"Nedo inklinometar nivelir 600 mm"},"content":{"rendered":"<p>Nedo inklinometar nivelir 600 mm<\/p>\n<p><b> Ref.-br. 508 110 <\/b><\/p>\n<div class=\"STYLE_12\" align=\"left\"><b> Karakteristike:<\/b><\/div>\n<div class=\"STYLE_12\" align=\"LIJEVO\">\n<ul type=\"square\">\n<li>Lako \u010ditljiv ekran<\/li>\n<li>Digitalni ekran automatski se obr\u0107e za\u00a0 mjerenje iznad glave<\/li>\n<li>Automatsko isklju\u010divanje nakon pribli\u017eno 5 min nekori\u0161\u0107enje<\/li>\n<li>Funkcija zadr\u017eavanja, zadr\u017eava vrijednost na zaslonu<\/li>\n<\/ul>\n<\/div>\n<div class=\"STYLE_12\" align=\"Left\"><b> Tehni\u010dki podaci <\/b><\/div>\n<div class=\"STYLE_12\" align=\"LEFT\">Podru\u010dje mjerenja: 360 \u00b0<\/div>\n<div align=\"LEFT\">Prikaz stepeni: u koracima od 0,1 \u00b0<\/div>\n<div align=\"LEFT\">Procenat prikaza: u koracima od 0,1%<\/div>\n<div align=\"LEFT\">Ta\u010dnost mjerenja: \u00b1 0,2 \u00b0<\/div>\n<div align=\"LEFT\">Du\u017eina: 600 mm<\/div>\n<div align=\"LEFT\">Te\u017eina: 0,7 kg<\/div>\n","protected":false},"excerpt":{"rendered":"<p>Nagibi, gradijenti i uglovi mogu se lako odrediti pomo\u0107u Nedo nivo nagiba.<br \/>\nIzmjerene vrijednosti prikazuju se alternativno u stepenima ili procentima.<br \/>\nZvu\u010dni signal na 0 \u00b0 i 90 \u00b0 olak\u0161ava pode\u0161avanje, pa vizuelni kontakt sa displejem nije potreban. Izmjerena vrijednost mo\u017ee se zadr\u017eati na ekranu prilikom aktiviranja zadr\u017eavanja funkcija.<br \/>\nNivo nagiba Nedo je jednostavan za upotrebu, robustan i otporan na vodu.<\/p>\n","protected":false},"featured_media":26104,"comment_status":"open","ping_status":"closed","template":"","meta":{"_acf_changed":false},"product_brand":[],"product_cat":[341,400],"product_tag":[],"class_list":{"0":"post-31904","1":"product","2":"type-product","3":"status-publish","4":"has-post-thumbnail","6":"product_cat-geodetska-oprema","7":"product_cat-mijerni-tockovi-bs","8":"pa_brand-nedo-bs","10":"first","11":"onbackorder","12":"taxable","13":"shipping-taxable","14":"product-type-simple","swatches":"rey-swatches","show_selected":""},"acf":[],"yoast_head":"<!-- This site is optimized with the Yoast SEO plugin v24.9 - https:\/\/yoast.com\/wordpress\/plugins\/seo\/ -->\n<title>Nedo inklinometar nivelir 600 mm - Geooprema<\/title>\n<meta name=\"robots\" content=\"index, follow, max-snippet:-1, max-image-preview:large, max-video-preview:-1\" \/>\n<link rel=\"canonical\" href=\"https:\/\/geooprema.com\/bs\/products\/gradjevinska-oprema\/mijerni-tockovi-bs\/nedo-inklinometar-nivelir-600-mm\/\" \/>\n<meta property=\"og:locale\" content=\"bs_BA\" \/>\n<meta property=\"og:type\" content=\"article\" \/>\n<meta property=\"og:title\" content=\"Nedo inklinometar nivelir 600 mm - Geooprema\" \/>\n<meta property=\"og:description\" content=\"Nagibi, gradijenti i uglovi mogu se lako odrediti pomo\u0107u Nedo nivo nagiba. Izmjerene vrijednosti prikazuju se alternativno u stepenima ili procentima. Zvu\u010dni signal na 0 \u00b0 i 90 \u00b0 olak\u0161ava pode\u0161avanje, pa vizuelni kontakt sa displejem nije potreban. Izmjerena vrijednost mo\u017ee se zadr\u017eati na ekranu prilikom aktiviranja zadr\u017eavanja funkcija. Nivo nagiba Nedo je jednostavan za upotrebu, robustan i otporan na vodu.\" \/>\n<meta property=\"og:url\" content=\"https:\/\/geooprema.com\/bs\/products\/gradjevinska-oprema\/mijerni-tockovi-bs\/nedo-inklinometar-nivelir-600-mm\/\" \/>\n<meta property=\"og:site_name\" content=\"Geooprema\" \/>\n<meta property=\"article:publisher\" content=\"https:\/\/www.facebook.com\/geoinfobih\" \/>\n<meta property=\"article:modified_time\" content=\"2021-06-15T16:10:47+00:00\" \/>\n<meta property=\"og:image\" content=\"https:\/\/geooprema.com\/wp-content\/uploads\/2020\/10\/Webp.net-resizeimage-15-1.jpg\" \/>\n\t<meta property=\"og:image:width\" content=\"800\" \/>\n\t<meta property=\"og:image:height\" content=\"800\" \/>\n\t<meta property=\"og:image:type\" content=\"image\/jpeg\" \/>\n<meta name=\"twitter:card\" content=\"summary_large_image\" \/>\n<script type=\"application\/ld+json\" class=\"yoast-schema-graph\">{\"@context\":\"https:\/\/schema.org\",\"@graph\":[{\"@type\":\"WebPage\",\"@id\":\"https:\/\/geooprema.com\/bs\/products\/gradjevinska-oprema\/mijerni-tockovi-bs\/nedo-inklinometar-nivelir-600-mm\/\",\"url\":\"https:\/\/geooprema.com\/bs\/products\/gradjevinska-oprema\/mijerni-tockovi-bs\/nedo-inklinometar-nivelir-600-mm\/\",\"name\":\"Nedo inklinometar nivelir 600 mm - Geooprema\",\"isPartOf\":{\"@id\":\"https:\/\/geooprema.com\/#website\"},\"primaryImageOfPage\":{\"@id\":\"https:\/\/geooprema.com\/bs\/products\/gradjevinska-oprema\/mijerni-tockovi-bs\/nedo-inklinometar-nivelir-600-mm\/#primaryimage\"},\"image\":{\"@id\":\"https:\/\/geooprema.com\/bs\/products\/gradjevinska-oprema\/mijerni-tockovi-bs\/nedo-inklinometar-nivelir-600-mm\/#primaryimage\"},\"thumbnailUrl\":\"https:\/\/geooprema.com\/wp-content\/uploads\/2020\/10\/Webp.net-resizeimage-15-1.jpg\",\"datePublished\":\"2020-10-11T14:48:31+00:00\",\"dateModified\":\"2021-06-15T16:10:47+00:00\",\"breadcrumb\":{\"@id\":\"https:\/\/geooprema.com\/bs\/products\/gradjevinska-oprema\/mijerni-tockovi-bs\/nedo-inklinometar-nivelir-600-mm\/#breadcrumb\"},\"inLanguage\":\"bs-BA\",\"potentialAction\":[{\"@type\":\"ReadAction\",\"target\":[\"https:\/\/geooprema.com\/bs\/products\/gradjevinska-oprema\/mijerni-tockovi-bs\/nedo-inklinometar-nivelir-600-mm\/\"]}]},{\"@type\":\"ImageObject\",\"inLanguage\":\"bs-BA\",\"@id\":\"https:\/\/geooprema.com\/bs\/products\/gradjevinska-oprema\/mijerni-tockovi-bs\/nedo-inklinometar-nivelir-600-mm\/#primaryimage\",\"url\":\"https:\/\/geooprema.com\/wp-content\/uploads\/2020\/10\/Webp.net-resizeimage-15-1.jpg\",\"contentUrl\":\"https:\/\/geooprema.com\/wp-content\/uploads\/2020\/10\/Webp.net-resizeimage-15-1.jpg\",\"width\":800,\"height\":800,\"caption\":\"Nedo Inclinometer Level 600mm\"},{\"@type\":\"BreadcrumbList\",\"@id\":\"https:\/\/geooprema.com\/bs\/products\/gradjevinska-oprema\/mijerni-tockovi-bs\/nedo-inklinometar-nivelir-600-mm\/#breadcrumb\",\"itemListElement\":[{\"@type\":\"ListItem\",\"position\":1,\"name\":\"Home\",\"item\":\"https:\/\/geooprema.com\/bs\/\"},{\"@type\":\"ListItem\",\"position\":2,\"name\":\"Shop\",\"item\":\"https:\/\/geooprema.com\/shop-2\/\"},{\"@type\":\"ListItem\",\"position\":3,\"name\":\"Nedo inklinometar nivelir 600 mm\"}]},{\"@type\":\"WebSite\",\"@id\":\"https:\/\/geooprema.com\/#website\",\"url\":\"https:\/\/geooprema.com\/\",\"name\":\"Geooprema\",\"description\":\"Surveying and Construction Equipmen, Software and Accessories\",\"publisher\":{\"@id\":\"https:\/\/geooprema.com\/#organization\"},\"potentialAction\":[{\"@type\":\"SearchAction\",\"target\":{\"@type\":\"EntryPoint\",\"urlTemplate\":\"https:\/\/geooprema.com\/?s={search_term_string}\"},\"query-input\":{\"@type\":\"PropertyValueSpecification\",\"valueRequired\":true,\"valueName\":\"search_term_string\"}}],\"inLanguage\":\"bs-BA\"},{\"@type\":\"Organization\",\"@id\":\"https:\/\/geooprema.com\/#organization\",\"name\":\"Geooprema\",\"url\":\"https:\/\/geooprema.com\/\",\"logo\":{\"@type\":\"ImageObject\",\"inLanguage\":\"bs-BA\",\"@id\":\"https:\/\/geooprema.com\/#\/schema\/logo\/image\/\",\"url\":\"https:\/\/geooprema.com\/wp-content\/uploads\/2020\/08\/geooprema-logo.png\",\"contentUrl\":\"https:\/\/geooprema.com\/wp-content\/uploads\/2020\/08\/geooprema-logo.png\",\"width\":513,\"height\":161,\"caption\":\"Geooprema\"},\"image\":{\"@id\":\"https:\/\/geooprema.com\/#\/schema\/logo\/image\/\"},\"sameAs\":[\"https:\/\/www.facebook.com\/geoinfobih\",\"https:\/\/www.instagram.com\/geoinfodoo\/\",\"https:\/\/www.linkedin.com\/company\/geoinfo-doo\/\",\"https:\/\/www.youtube.com\/c\/Geoinfodoo\"]}]}<\/script>\n<!-- \/ Yoast SEO plugin. -->","yoast_head_json":{"title":"Nedo inklinometar nivelir 600 mm - Geooprema","robots":{"index":"index","follow":"follow","max-snippet":"max-snippet:-1","max-image-preview":"max-image-preview:large","max-video-preview":"max-video-preview:-1"},"canonical":"https:\/\/geooprema.com\/bs\/products\/gradjevinska-oprema\/mijerni-tockovi-bs\/nedo-inklinometar-nivelir-600-mm\/","og_locale":"bs_BA","og_type":"article","og_title":"Nedo inklinometar nivelir 600 mm - Geooprema","og_description":"Nagibi, gradijenti i uglovi mogu se lako odrediti pomo\u0107u Nedo nivo nagiba. Izmjerene vrijednosti prikazuju se alternativno u stepenima ili procentima. Zvu\u010dni signal na 0 \u00b0 i 90 \u00b0 olak\u0161ava pode\u0161avanje, pa vizuelni kontakt sa displejem nije potreban. Izmjerena vrijednost mo\u017ee se zadr\u017eati na ekranu prilikom aktiviranja zadr\u017eavanja funkcija. Nivo nagiba Nedo je jednostavan za upotrebu, robustan i otporan na vodu.","og_url":"https:\/\/geooprema.com\/bs\/products\/gradjevinska-oprema\/mijerni-tockovi-bs\/nedo-inklinometar-nivelir-600-mm\/","og_site_name":"Geooprema","article_publisher":"https:\/\/www.facebook.com\/geoinfobih","article_modified_time":"2021-06-15T16:10:47+00:00","og_image":[{"width":800,"height":800,"url":"https:\/\/geooprema.com\/wp-content\/uploads\/2020\/10\/Webp.net-resizeimage-15-1.jpg","type":"image\/jpeg"}],"twitter_card":"summary_large_image","schema":{"@context":"https:\/\/schema.org","@graph":[{"@type":"WebPage","@id":"https:\/\/geooprema.com\/bs\/products\/gradjevinska-oprema\/mijerni-tockovi-bs\/nedo-inklinometar-nivelir-600-mm\/","url":"https:\/\/geooprema.com\/bs\/products\/gradjevinska-oprema\/mijerni-tockovi-bs\/nedo-inklinometar-nivelir-600-mm\/","name":"Nedo inklinometar nivelir 600 mm - Geooprema","isPartOf":{"@id":"https:\/\/geooprema.com\/#website"},"primaryImageOfPage":{"@id":"https:\/\/geooprema.com\/bs\/products\/gradjevinska-oprema\/mijerni-tockovi-bs\/nedo-inklinometar-nivelir-600-mm\/#primaryimage"},"image":{"@id":"https:\/\/geooprema.com\/bs\/products\/gradjevinska-oprema\/mijerni-tockovi-bs\/nedo-inklinometar-nivelir-600-mm\/#primaryimage"},"thumbnailUrl":"https:\/\/geooprema.com\/wp-content\/uploads\/2020\/10\/Webp.net-resizeimage-15-1.jpg","datePublished":"2020-10-11T14:48:31+00:00","dateModified":"2021-06-15T16:10:47+00:00","breadcrumb":{"@id":"https:\/\/geooprema.com\/bs\/products\/gradjevinska-oprema\/mijerni-tockovi-bs\/nedo-inklinometar-nivelir-600-mm\/#breadcrumb"},"inLanguage":"bs-BA","potentialAction":[{"@type":"ReadAction","target":["https:\/\/geooprema.com\/bs\/products\/gradjevinska-oprema\/mijerni-tockovi-bs\/nedo-inklinometar-nivelir-600-mm\/"]}]},{"@type":"ImageObject","inLanguage":"bs-BA","@id":"https:\/\/geooprema.com\/bs\/products\/gradjevinska-oprema\/mijerni-tockovi-bs\/nedo-inklinometar-nivelir-600-mm\/#primaryimage","url":"https:\/\/geooprema.com\/wp-content\/uploads\/2020\/10\/Webp.net-resizeimage-15-1.jpg","contentUrl":"https:\/\/geooprema.com\/wp-content\/uploads\/2020\/10\/Webp.net-resizeimage-15-1.jpg","width":800,"height":800,"caption":"Nedo Inclinometer Level 600mm"},{"@type":"BreadcrumbList","@id":"https:\/\/geooprema.com\/bs\/products\/gradjevinska-oprema\/mijerni-tockovi-bs\/nedo-inklinometar-nivelir-600-mm\/#breadcrumb","itemListElement":[{"@type":"ListItem","position":1,"name":"Home","item":"https:\/\/geooprema.com\/bs\/"},{"@type":"ListItem","position":2,"name":"Shop","item":"https:\/\/geooprema.com\/shop-2\/"},{"@type":"ListItem","position":3,"name":"Nedo inklinometar nivelir 600 mm"}]},{"@type":"WebSite","@id":"https:\/\/geooprema.com\/#website","url":"https:\/\/geooprema.com\/","name":"Geooprema","description":"Surveying and Construction Equipmen, Software and Accessories","publisher":{"@id":"https:\/\/geooprema.com\/#organization"},"potentialAction":[{"@type":"SearchAction","target":{"@type":"EntryPoint","urlTemplate":"https:\/\/geooprema.com\/?s={search_term_string}"},"query-input":{"@type":"PropertyValueSpecification","valueRequired":true,"valueName":"search_term_string"}}],"inLanguage":"bs-BA"},{"@type":"Organization","@id":"https:\/\/geooprema.com\/#organization","name":"Geooprema","url":"https:\/\/geooprema.com\/","logo":{"@type":"ImageObject","inLanguage":"bs-BA","@id":"https:\/\/geooprema.com\/#\/schema\/logo\/image\/","url":"https:\/\/geooprema.com\/wp-content\/uploads\/2020\/08\/geooprema-logo.png","contentUrl":"https:\/\/geooprema.com\/wp-content\/uploads\/2020\/08\/geooprema-logo.png","width":513,"height":161,"caption":"Geooprema"},"image":{"@id":"https:\/\/geooprema.com\/#\/schema\/logo\/image\/"},"sameAs":["https:\/\/www.facebook.com\/geoinfobih","https:\/\/www.instagram.com\/geoinfodoo\/","https:\/\/www.linkedin.com\/company\/geoinfo-doo\/","https:\/\/www.youtube.com\/c\/Geoinfodoo"]}]}},"_links":{"self":[{"href":"https:\/\/geooprema.com\/bs\/wp-json\/wp\/v2\/product\/31904","targetHints":{"allow":["GET"]}}],"collection":[{"href":"https:\/\/geooprema.com\/bs\/wp-json\/wp\/v2\/product"}],"about":[{"href":"https:\/\/geooprema.com\/bs\/wp-json\/wp\/v2\/types\/product"}],"replies":[{"embeddable":true,"href":"https:\/\/geooprema.com\/bs\/wp-json\/wp\/v2\/comments?post=31904"}],"wp:featuredmedia":[{"embeddable":true,"href":"https:\/\/geooprema.com\/bs\/wp-json\/wp\/v2\/media\/26104"}],"wp:attachment":[{"href":"https:\/\/geooprema.com\/bs\/wp-json\/wp\/v2\/media?parent=31904"}],"wp:term":[{"taxonomy":"product_brand","embeddable":true,"href":"https:\/\/geooprema.com\/bs\/wp-json\/wp\/v2\/product_brand?post=31904"},{"taxonomy":"product_cat","embeddable":true,"href":"https:\/\/geooprema.com\/bs\/wp-json\/wp\/v2\/product_cat?post=31904"},{"taxonomy":"product_tag","embeddable":true,"href":"https:\/\/geooprema.com\/bs\/wp-json\/wp\/v2\/product_tag?post=31904"}],"curies":[{"name":"wp","href":"https:\/\/api.w.org\/{rel}","templated":true}]}}