
{"id":31882,"date":"2020-10-11T13:08:31","date_gmt":"2020-10-11T13:08:31","guid":{"rendered":"https:\/\/geooprema.com\/products\/Bez%20kategorije\/nedo-auto-messfix-s-920-do-2610-mm\/"},"modified":"2021-06-15T14:55:57","modified_gmt":"2021-06-15T14:55:57","slug":"nedo-auto-messfix-s-920-do-2610-mm","status":"publish","type":"product","link":"https:\/\/geooprema.com\/bs\/products\/gradjevinska-oprema\/mijerni-tockovi-bs\/nedo-auto-messfix-s-920-do-2610-mm\/","title":{"rendered":"Nedo Auto-mEssfix-S 920 do 2610 mm"},"content":{"rendered":"<p> <strong> Ref.-br. : F281219 <\/strong> <\/p>\n<p> <strong> Podru\u010dje mjerenja: <\/strong> <br \/>\n<strong> 920 do 2610 mm <\/strong> <\/p>\n<p> <strong> Uvu\u010dena du\u017eina: <\/strong> <\/p>\n<p> <strong> 920 mm <\/strong> <\/p>\n<p> <strong> Jedinica: <\/ \u25cf <\/p>\n<p> <strong> mm <\/strong> <\/p>\n<p> <strong> Te\u017eina: <\/ &#x25aa; <\/p>\n<p> <strong> 1,8 kg <\/strong> <\/p>\n","protected":false},"excerpt":{"rendered":"<p> Nedo Auto-mEssfix u\u0161tedjet \u0107e vam vrijeme <br \/>\nprilikom provjere i ponovnog mjerenja deformiteta <br \/>\nili ispravljanje karoserije automobila. <\/p>\n<p> Jednostavno izvucite produ\u017eene dijelove <br \/>\nNedo Auto-mEssfix i o\u010ditavanje udaljenosti <br \/>\nizme\u0111u dvije mjerne ta\u010dke iz <br \/>\nanalognog zaslona. <br \/>\nGlodani zavrtnjevi omogu\u0107avaju pro\u0161irenje dijelova, <br \/>\nkako bi se zaklju\u010dali na mjestu, spre\u010davaju\u0107i razdvajanje <br \/>\nMjerenja na gotovo nepristupa\u010dnim mjestima <br \/>\nmo\u017ee se uzeti uz pomo\u0107 bodlji koje se <br \/>\nisporu\u010duju kao standard. Udaljenost izme\u0111u <br \/>\ndvije ta\u010dke koje le\u017ee u razli\u010ditim ravninama brzo<br \/>\ni lako se utvr\u0111uje. <br \/>\nIsporuka uklju\u010duje i mjerne \u010dunjeve <br \/>\nkoji omogu\u0107avaju mjerenje intervala <br \/>\nizme\u0111u rupa. <br \/>\nKao i svi Nedo proizvodi, Auto-mEssfix je <br \/>\nizuzetno pouzdan, \u010dvrst i izdr\u017eljiv. <\/p>\n","protected":false},"featured_media":25957,"comment_status":"open","ping_status":"closed","template":"","meta":{"_acf_changed":false},"product_brand":[],"product_cat":[400],"product_tag":[],"class_list":{"0":"post-31882","1":"product","2":"type-product","3":"status-publish","4":"has-post-thumbnail","6":"product_cat-mijerni-tockovi-bs","7":"pa_brand-nedo-bs","9":"first","10":"onbackorder","11":"taxable","12":"shipping-taxable","13":"product-type-simple","swatches":"rey-swatches","show_selected":""},"acf":[],"yoast_head":"<!-- This site is optimized with the Yoast SEO plugin v24.9 - https:\/\/yoast.com\/wordpress\/plugins\/seo\/ -->\n<title>Nedo Auto-mEssfix-S 920 do 2610 mm - Geooprema<\/title>\n<meta name=\"robots\" content=\"index, follow, max-snippet:-1, max-image-preview:large, max-video-preview:-1\" \/>\n<link rel=\"canonical\" href=\"https:\/\/geooprema.com\/bs\/products\/gradjevinska-oprema\/mijerni-tockovi-bs\/nedo-auto-messfix-s-920-do-2610-mm\/\" \/>\n<meta property=\"og:locale\" content=\"bs_BA\" \/>\n<meta property=\"og:type\" content=\"article\" \/>\n<meta property=\"og:title\" content=\"Nedo Auto-mEssfix-S 920 do 2610 mm - Geooprema\" \/>\n<meta property=\"og:description\" content=\"Nedo Auto-mEssfix u\u0161tedjet \u0107e vam vrijeme  prilikom provjere i ponovnog mjerenja deformiteta  ili ispravljanje karoserije automobila.  Jednostavno izvucite produ\u017eene dijelove  Nedo Auto-mEssfix i o\u010ditavanje udaljenosti  izme\u0111u dvije mjerne ta\u010dke iz  analognog zaslona.  Glodani zavrtnjevi omogu\u0107avaju pro\u0161irenje dijelova,  kako bi se zaklju\u010dali na mjestu, spre\u010davaju\u0107i razdvajanje  Mjerenja na gotovo nepristupa\u010dnim mjestima  mo\u017ee se uzeti uz pomo\u0107 bodlji koje se  isporu\u010duju kao standard. Udaljenost izme\u0111u  dvije ta\u010dke koje le\u017ee u razli\u010ditim ravninama brzo  i lako se utvr\u0111uje.  Isporuka uklju\u010duje i mjerne \u010dunjeve  koji omogu\u0107avaju mjerenje intervala  izme\u0111u rupa.  Kao i svi Nedo proizvodi, Auto-mEssfix je  izuzetno pouzdan, \u010dvrst i izdr\u017eljiv.\" \/>\n<meta property=\"og:url\" content=\"https:\/\/geooprema.com\/bs\/products\/gradjevinska-oprema\/mijerni-tockovi-bs\/nedo-auto-messfix-s-920-do-2610-mm\/\" \/>\n<meta property=\"og:site_name\" content=\"Geooprema\" \/>\n<meta property=\"article:publisher\" content=\"https:\/\/www.facebook.com\/geoinfobih\" \/>\n<meta property=\"article:modified_time\" content=\"2021-06-15T14:55:57+00:00\" \/>\n<meta property=\"og:image\" content=\"https:\/\/geooprema.com\/wp-content\/uploads\/2020\/10\/Nedo-Auto-mEssfix.jpg\" \/>\n\t<meta property=\"og:image:width\" content=\"800\" \/>\n\t<meta property=\"og:image:height\" content=\"800\" \/>\n\t<meta property=\"og:image:type\" content=\"image\/jpeg\" \/>\n<meta name=\"twitter:card\" content=\"summary_large_image\" \/>\n<script type=\"application\/ld+json\" class=\"yoast-schema-graph\">{\"@context\":\"https:\/\/schema.org\",\"@graph\":[{\"@type\":\"WebPage\",\"@id\":\"https:\/\/geooprema.com\/bs\/products\/gradjevinska-oprema\/mijerni-tockovi-bs\/nedo-auto-messfix-s-920-do-2610-mm\/\",\"url\":\"https:\/\/geooprema.com\/bs\/products\/gradjevinska-oprema\/mijerni-tockovi-bs\/nedo-auto-messfix-s-920-do-2610-mm\/\",\"name\":\"Nedo Auto-mEssfix-S 920 do 2610 mm - Geooprema\",\"isPartOf\":{\"@id\":\"https:\/\/geooprema.com\/#website\"},\"primaryImageOfPage\":{\"@id\":\"https:\/\/geooprema.com\/bs\/products\/gradjevinska-oprema\/mijerni-tockovi-bs\/nedo-auto-messfix-s-920-do-2610-mm\/#primaryimage\"},\"image\":{\"@id\":\"https:\/\/geooprema.com\/bs\/products\/gradjevinska-oprema\/mijerni-tockovi-bs\/nedo-auto-messfix-s-920-do-2610-mm\/#primaryimage\"},\"thumbnailUrl\":\"https:\/\/geooprema.com\/wp-content\/uploads\/2020\/10\/Nedo-Auto-mEssfix.jpg\",\"datePublished\":\"2020-10-11T13:08:31+00:00\",\"dateModified\":\"2021-06-15T14:55:57+00:00\",\"breadcrumb\":{\"@id\":\"https:\/\/geooprema.com\/bs\/products\/gradjevinska-oprema\/mijerni-tockovi-bs\/nedo-auto-messfix-s-920-do-2610-mm\/#breadcrumb\"},\"inLanguage\":\"bs-BA\",\"potentialAction\":[{\"@type\":\"ReadAction\",\"target\":[\"https:\/\/geooprema.com\/bs\/products\/gradjevinska-oprema\/mijerni-tockovi-bs\/nedo-auto-messfix-s-920-do-2610-mm\/\"]}]},{\"@type\":\"ImageObject\",\"inLanguage\":\"bs-BA\",\"@id\":\"https:\/\/geooprema.com\/bs\/products\/gradjevinska-oprema\/mijerni-tockovi-bs\/nedo-auto-messfix-s-920-do-2610-mm\/#primaryimage\",\"url\":\"https:\/\/geooprema.com\/wp-content\/uploads\/2020\/10\/Nedo-Auto-mEssfix.jpg\",\"contentUrl\":\"https:\/\/geooprema.com\/wp-content\/uploads\/2020\/10\/Nedo-Auto-mEssfix.jpg\",\"width\":800,\"height\":800,\"caption\":\"Nedo Auto-mEssfix-S 415 do 945 mm\"},{\"@type\":\"BreadcrumbList\",\"@id\":\"https:\/\/geooprema.com\/bs\/products\/gradjevinska-oprema\/mijerni-tockovi-bs\/nedo-auto-messfix-s-920-do-2610-mm\/#breadcrumb\",\"itemListElement\":[{\"@type\":\"ListItem\",\"position\":1,\"name\":\"Home\",\"item\":\"https:\/\/geooprema.com\/bs\/\"},{\"@type\":\"ListItem\",\"position\":2,\"name\":\"Shop\",\"item\":\"https:\/\/geooprema.com\/shop-2\/\"},{\"@type\":\"ListItem\",\"position\":3,\"name\":\"Nedo Auto-mEssfix-S 920 do 2610 mm\"}]},{\"@type\":\"WebSite\",\"@id\":\"https:\/\/geooprema.com\/#website\",\"url\":\"https:\/\/geooprema.com\/\",\"name\":\"Geooprema\",\"description\":\"Surveying and Construction Equipmen, Software and Accessories\",\"publisher\":{\"@id\":\"https:\/\/geooprema.com\/#organization\"},\"potentialAction\":[{\"@type\":\"SearchAction\",\"target\":{\"@type\":\"EntryPoint\",\"urlTemplate\":\"https:\/\/geooprema.com\/?s={search_term_string}\"},\"query-input\":{\"@type\":\"PropertyValueSpecification\",\"valueRequired\":true,\"valueName\":\"search_term_string\"}}],\"inLanguage\":\"bs-BA\"},{\"@type\":\"Organization\",\"@id\":\"https:\/\/geooprema.com\/#organization\",\"name\":\"Geooprema\",\"url\":\"https:\/\/geooprema.com\/\",\"logo\":{\"@type\":\"ImageObject\",\"inLanguage\":\"bs-BA\",\"@id\":\"https:\/\/geooprema.com\/#\/schema\/logo\/image\/\",\"url\":\"https:\/\/geooprema.com\/wp-content\/uploads\/2020\/08\/geooprema-logo.png\",\"contentUrl\":\"https:\/\/geooprema.com\/wp-content\/uploads\/2020\/08\/geooprema-logo.png\",\"width\":513,\"height\":161,\"caption\":\"Geooprema\"},\"image\":{\"@id\":\"https:\/\/geooprema.com\/#\/schema\/logo\/image\/\"},\"sameAs\":[\"https:\/\/www.facebook.com\/geoinfobih\",\"https:\/\/www.instagram.com\/geoinfodoo\/\",\"https:\/\/www.linkedin.com\/company\/geoinfo-doo\/\",\"https:\/\/www.youtube.com\/c\/Geoinfodoo\"]}]}<\/script>\n<!-- \/ Yoast SEO plugin. -->","yoast_head_json":{"title":"Nedo Auto-mEssfix-S 920 do 2610 mm - Geooprema","robots":{"index":"index","follow":"follow","max-snippet":"max-snippet:-1","max-image-preview":"max-image-preview:large","max-video-preview":"max-video-preview:-1"},"canonical":"https:\/\/geooprema.com\/bs\/products\/gradjevinska-oprema\/mijerni-tockovi-bs\/nedo-auto-messfix-s-920-do-2610-mm\/","og_locale":"bs_BA","og_type":"article","og_title":"Nedo Auto-mEssfix-S 920 do 2610 mm - Geooprema","og_description":"Nedo Auto-mEssfix u\u0161tedjet \u0107e vam vrijeme  prilikom provjere i ponovnog mjerenja deformiteta  ili ispravljanje karoserije automobila.  Jednostavno izvucite produ\u017eene dijelove  Nedo Auto-mEssfix i o\u010ditavanje udaljenosti  izme\u0111u dvije mjerne ta\u010dke iz  analognog zaslona.  Glodani zavrtnjevi omogu\u0107avaju pro\u0161irenje dijelova,  kako bi se zaklju\u010dali na mjestu, spre\u010davaju\u0107i razdvajanje  Mjerenja na gotovo nepristupa\u010dnim mjestima  mo\u017ee se uzeti uz pomo\u0107 bodlji koje se  isporu\u010duju kao standard. Udaljenost izme\u0111u  dvije ta\u010dke koje le\u017ee u razli\u010ditim ravninama brzo  i lako se utvr\u0111uje.  Isporuka uklju\u010duje i mjerne \u010dunjeve  koji omogu\u0107avaju mjerenje intervala  izme\u0111u rupa.  Kao i svi Nedo proizvodi, Auto-mEssfix je  izuzetno pouzdan, \u010dvrst i izdr\u017eljiv.","og_url":"https:\/\/geooprema.com\/bs\/products\/gradjevinska-oprema\/mijerni-tockovi-bs\/nedo-auto-messfix-s-920-do-2610-mm\/","og_site_name":"Geooprema","article_publisher":"https:\/\/www.facebook.com\/geoinfobih","article_modified_time":"2021-06-15T14:55:57+00:00","og_image":[{"width":800,"height":800,"url":"https:\/\/geooprema.com\/wp-content\/uploads\/2020\/10\/Nedo-Auto-mEssfix.jpg","type":"image\/jpeg"}],"twitter_card":"summary_large_image","schema":{"@context":"https:\/\/schema.org","@graph":[{"@type":"WebPage","@id":"https:\/\/geooprema.com\/bs\/products\/gradjevinska-oprema\/mijerni-tockovi-bs\/nedo-auto-messfix-s-920-do-2610-mm\/","url":"https:\/\/geooprema.com\/bs\/products\/gradjevinska-oprema\/mijerni-tockovi-bs\/nedo-auto-messfix-s-920-do-2610-mm\/","name":"Nedo Auto-mEssfix-S 920 do 2610 mm - Geooprema","isPartOf":{"@id":"https:\/\/geooprema.com\/#website"},"primaryImageOfPage":{"@id":"https:\/\/geooprema.com\/bs\/products\/gradjevinska-oprema\/mijerni-tockovi-bs\/nedo-auto-messfix-s-920-do-2610-mm\/#primaryimage"},"image":{"@id":"https:\/\/geooprema.com\/bs\/products\/gradjevinska-oprema\/mijerni-tockovi-bs\/nedo-auto-messfix-s-920-do-2610-mm\/#primaryimage"},"thumbnailUrl":"https:\/\/geooprema.com\/wp-content\/uploads\/2020\/10\/Nedo-Auto-mEssfix.jpg","datePublished":"2020-10-11T13:08:31+00:00","dateModified":"2021-06-15T14:55:57+00:00","breadcrumb":{"@id":"https:\/\/geooprema.com\/bs\/products\/gradjevinska-oprema\/mijerni-tockovi-bs\/nedo-auto-messfix-s-920-do-2610-mm\/#breadcrumb"},"inLanguage":"bs-BA","potentialAction":[{"@type":"ReadAction","target":["https:\/\/geooprema.com\/bs\/products\/gradjevinska-oprema\/mijerni-tockovi-bs\/nedo-auto-messfix-s-920-do-2610-mm\/"]}]},{"@type":"ImageObject","inLanguage":"bs-BA","@id":"https:\/\/geooprema.com\/bs\/products\/gradjevinska-oprema\/mijerni-tockovi-bs\/nedo-auto-messfix-s-920-do-2610-mm\/#primaryimage","url":"https:\/\/geooprema.com\/wp-content\/uploads\/2020\/10\/Nedo-Auto-mEssfix.jpg","contentUrl":"https:\/\/geooprema.com\/wp-content\/uploads\/2020\/10\/Nedo-Auto-mEssfix.jpg","width":800,"height":800,"caption":"Nedo Auto-mEssfix-S 415 do 945 mm"},{"@type":"BreadcrumbList","@id":"https:\/\/geooprema.com\/bs\/products\/gradjevinska-oprema\/mijerni-tockovi-bs\/nedo-auto-messfix-s-920-do-2610-mm\/#breadcrumb","itemListElement":[{"@type":"ListItem","position":1,"name":"Home","item":"https:\/\/geooprema.com\/bs\/"},{"@type":"ListItem","position":2,"name":"Shop","item":"https:\/\/geooprema.com\/shop-2\/"},{"@type":"ListItem","position":3,"name":"Nedo Auto-mEssfix-S 920 do 2610 mm"}]},{"@type":"WebSite","@id":"https:\/\/geooprema.com\/#website","url":"https:\/\/geooprema.com\/","name":"Geooprema","description":"Surveying and Construction Equipmen, Software and Accessories","publisher":{"@id":"https:\/\/geooprema.com\/#organization"},"potentialAction":[{"@type":"SearchAction","target":{"@type":"EntryPoint","urlTemplate":"https:\/\/geooprema.com\/?s={search_term_string}"},"query-input":{"@type":"PropertyValueSpecification","valueRequired":true,"valueName":"search_term_string"}}],"inLanguage":"bs-BA"},{"@type":"Organization","@id":"https:\/\/geooprema.com\/#organization","name":"Geooprema","url":"https:\/\/geooprema.com\/","logo":{"@type":"ImageObject","inLanguage":"bs-BA","@id":"https:\/\/geooprema.com\/#\/schema\/logo\/image\/","url":"https:\/\/geooprema.com\/wp-content\/uploads\/2020\/08\/geooprema-logo.png","contentUrl":"https:\/\/geooprema.com\/wp-content\/uploads\/2020\/08\/geooprema-logo.png","width":513,"height":161,"caption":"Geooprema"},"image":{"@id":"https:\/\/geooprema.com\/#\/schema\/logo\/image\/"},"sameAs":["https:\/\/www.facebook.com\/geoinfobih","https:\/\/www.instagram.com\/geoinfodoo\/","https:\/\/www.linkedin.com\/company\/geoinfo-doo\/","https:\/\/www.youtube.com\/c\/Geoinfodoo"]}]}},"_links":{"self":[{"href":"https:\/\/geooprema.com\/bs\/wp-json\/wp\/v2\/product\/31882","targetHints":{"allow":["GET"]}}],"collection":[{"href":"https:\/\/geooprema.com\/bs\/wp-json\/wp\/v2\/product"}],"about":[{"href":"https:\/\/geooprema.com\/bs\/wp-json\/wp\/v2\/types\/product"}],"replies":[{"embeddable":true,"href":"https:\/\/geooprema.com\/bs\/wp-json\/wp\/v2\/comments?post=31882"}],"wp:featuredmedia":[{"embeddable":true,"href":"https:\/\/geooprema.com\/bs\/wp-json\/wp\/v2\/media\/25957"}],"wp:attachment":[{"href":"https:\/\/geooprema.com\/bs\/wp-json\/wp\/v2\/media?parent=31882"}],"wp:term":[{"taxonomy":"product_brand","embeddable":true,"href":"https:\/\/geooprema.com\/bs\/wp-json\/wp\/v2\/product_brand?post=31882"},{"taxonomy":"product_cat","embeddable":true,"href":"https:\/\/geooprema.com\/bs\/wp-json\/wp\/v2\/product_cat?post=31882"},{"taxonomy":"product_tag","embeddable":true,"href":"https:\/\/geooprema.com\/bs\/wp-json\/wp\/v2\/product_tag?post=31882"}],"curies":[{"name":"wp","href":"https:\/\/api.w.org\/{rel}","templated":true}]}}