
{"id":31861,"date":"2020-10-12T08:47:13","date_gmt":"2020-10-12T08:47:13","guid":{"rendered":"https:\/\/geooprema.com\/products\/Bez kategorije\/leica-viva-smartpole-ts15-gs14\/"},"modified":"2020-10-12T08:47:13","modified_gmt":"2020-10-12T08:47:13","slug":"leica-viva-smartpole-ts15-gs14","status":"publish","type":"product","link":"https:\/\/geooprema.com\/bs\/products\/koristena-geodetska-oprema\/used-total-stations\/leica-viva-smartpole-ts15-gs14\/","title":{"rendered":"Leica VIVA SMARTPOLE TS15 &#038; GS14"},"content":{"rendered":"<div class = \"cpe_kit_item\">\n<div class = \"cpe_kit_item\">\n<h3> Leica VIVA SMARTPOLE TS15 &#038; amp; GS14 <\/h3>\n<p> Totalna stanica Leica Viva TS15 <br \/>\nUz Leicu Viva TS15, dodatak napredne funkcije za obradu slika i Leica SmartWorx Viva, jednostavan za upotrebu, \u010dini najbr\u017eu totalnu stanicu jo\u0161 br\u017eom! Leica Viva TS15 dodaje napredni senzor slike ve\u0107 dokazanim senzorima totalnih stanica. Uz jedinstvenu funkciju snimanja-skice-veze, slike totalnih stanica mogu se snimiti, pobolj\u0161ati skicama i povezati sa bilo kojom ta\u010dkom interesa. Sa kliknite-okrenite-izmjerite bilo koja udaljena ta\u010dka mo\u017ee se izmjeriti bez povratka u totalnu stanicu. Svaka vizija na svakoj ljestvici s lako\u0107om postaje stvarnost. <\/p>\n<p> <a href=\"http:\/\/www.xpertsurveyequipment.com\/total-stations\/leica\/viva-series.html\"> TS15 <\/a> <\/p>\n<p> <strong> Najbolje slike u klasi <\/strong> <br \/>\nOptimizujte svoju produktivnost pomo\u0107u ta\u010dne foto-dokumentacije o stanju na terenu. Uz pra\u0107enje u\u017eivo prikaza totalne stanice, uvijek znate \u0161to vidi totalna stanica. Izmjerite sve ta\u010dke bez povratka u totalnu stanicu. <\/p>\n<ul>\n<li> Bilje\u0161ke uz slike &#8211; snimite sliku, snimak ekrana ili \u0161ablon, skicirajte ih i pove\u017eite s bilo kojim objektom u bazi podataka <\/li>\n<li> Ispitujte pomo\u0107u slike &#8211; Jednostavno dodirnite ekran i totalna stanica \u0107e se okrenuti i izmjeriti \u017eeljeni cilj <\/li>\n<\/ul>\n<p> <strong> Najbolje u klasi ispitivanja jedne osobe <\/strong> <br \/>\nViva TS15 koristi dugogodi\u0161nje iskustvo za optimalnu kombinaciju najboljih svjetskih senzora totalnih stanica: uglova, udaljenosti, pogona i patentirane PowerSearch kamere za prepoznavanje ciljeva. <\/p>\n<ul>\n<li> Pretra\u017eivanje &#8211; jedinstveni PowerSearch pronalazi va\u0161u prizmu u roku od nekoliko sekundi <\/li>\n<li> Zaklju\u010davanje &#8211; Viva TS15 ostaje zaklju\u010dan u va\u0161oj prizmi u najzahtjevnijim okru\u017eenjima <\/li>\n<li> Mjerenje &#8211; PinPoint EDM neprimjetno se uskla\u0111uje s preciznim ugaonim senzorima kako bi dovr\u0161io postupak mjerenja <\/li>\n<\/ul>\n<p> <strong> <a href=\"http:\/\/www.xpertsurveyequipment.com\/total-stations\/leica.html\"> Totalna stanica Leica TS15 <\/a> <\/strong> <\/p>\n<p> <strong> Dodatak za Leica Viva GNSS <\/strong> <br \/>\nDodajte punu GNSS funkcionalnost svom Viva TS15 kad god \u017eelite i kombinujte TPS i GNSS na najefikasniji na\u010din. <\/p>\n<ul>\n<li> Koristite SmartStation za postavljanje TPS-a bez potrebe za kontrolnim ta\u010dkama, prelascima i resekcijama <\/li>\n<li> Upotrijebite SmartPole kako biste u\u0161tedjeli vrijeme pode\u0161avanjem &#8220;u letu&#8221; i mjerili paralelno s TPS-om i GNSS-om za dvostruku produktivnost <\/li>\n<\/ul>\n<\/div>\n<\/div>\n","protected":false},"excerpt":{"rendered":"<div class=\"moredetailsbutton\">\u0160ta je u kutiji:<\/div>\n<div id=\"cpeaccessories\">\n<p>\u2022 GEB221 baterija me\u0111. Li-Ion 7,4V \/ 4400mAh<\/p>\n<p><strong> \u2022 <\/strong> GDF311 Tribrach bez opti\u010dkog viska<\/p>\n<p>\u2022 MCF256, CompactFlash kartica 256 MB<\/p>\n<p>\u2022 GKL221 Punja\u010d PRO<\/p>\n<p>\u2022 Kabl za napajanje naizmjeni\u010dnom strujom, 2-polni EU, za punja\u010d<\/p>\n<p>\u2022 MPR122, Reflektor 360 \u00b0 PRO<\/p>\n<p>\u2022 GEB212 unutra\u0161nja baterija Li-Ion 2600mAh<\/p>\n<p>\u2022 GHT63\u00a0 stezaljka za pri\u010dvr\u0161\u0107ivanje GHT<\/p>\n<p>\u2022 GHT62 Plo\u010da dr\u017ea\u010da za nastavak polja CS<\/p>\n<p>\u2022 GVP722 SmartPole \/ SmartStation priru\u010dnik<\/p>\n<p>\u2022 MSD1000, SD memorijska kartica 1 GB<\/p>\n<p>\u2022 GEV234, kabl Lemo-USB A 1,65 m<\/p>\n<p>\u2022 GAD31 adapterska antena sa zavrtnjem<\/p>\n<\/div>\n","protected":false},"featured_media":31420,"comment_status":"open","ping_status":"closed","template":"","meta":{"_acf_changed":false},"product_brand":[],"product_cat":[707,1315,1257],"product_tag":[1565,1367],"class_list":{"0":"post-31861","1":"product","2":"type-product","3":"status-publish","4":"has-post-thumbnail","6":"product_cat-koristena-geodetska-oprema","7":"product_cat-koristeni-gps-gnss","8":"product_cat-used-total-stations","9":"product_tag-leica-bs","10":"product_tag-totalna-stanica-bs","11":"pa_brand-leica-geosystems-bs","13":"first","14":"onbackorder","15":"taxable","16":"shipping-taxable","17":"product-type-simple","swatches":"rey-swatches","show_selected":""},"acf":[],"yoast_head":"<!-- This site is optimized with the Yoast SEO plugin v24.9 - https:\/\/yoast.com\/wordpress\/plugins\/seo\/ -->\n<title>Leica VIVA SMARTPOLE TS15 &amp; GS14 - Geooprema<\/title>\n<meta name=\"robots\" content=\"index, follow, max-snippet:-1, max-image-preview:large, max-video-preview:-1\" \/>\n<link rel=\"canonical\" href=\"https:\/\/geooprema.com\/bs\/products\/koristena-geodetska-oprema\/leica-viva-smartpole-ts15-gs14\/\" \/>\n<meta property=\"og:locale\" content=\"bs_BA\" \/>\n<meta property=\"og:type\" content=\"article\" \/>\n<meta property=\"og:title\" content=\"Leica VIVA SMARTPOLE TS15 &amp; GS14 - Geooprema\" \/>\n<meta property=\"og:description\" content=\"\u0160ta je u kutiji:   \u2022 GEB221 baterija me\u0111. Li-Ion 7,4V \/ 4400mAh   \u2022 GDF311 Tribrach bez opti\u010dkog viska  \u2022 MCF256, CompactFlash kartica 256 MB  \u2022 GKL221 Punja\u010d PRO  \u2022 Kabl za napajanje naizmjeni\u010dnom strujom, 2-polni EU, za punja\u010d  \u2022 MPR122, Reflektor 360 \u00b0 PRO  \u2022 GEB212 unutra\u0161nja baterija Li-Ion 2600mAh  \u2022 GHT63\u00a0 stezaljka za pri\u010dvr\u0161\u0107ivanje GHT  \u2022 GHT62 Plo\u010da dr\u017ea\u010da za nastavak polja CS  \u2022 GVP722 SmartPole \/ SmartStation priru\u010dnik  \u2022 MSD1000, SD memorijska kartica 1 GB  \u2022 GEV234, kabl Lemo-USB A 1,65 m  \u2022 GAD31 adapterska antena sa zavrtnjem\" \/>\n<meta property=\"og:url\" content=\"https:\/\/geooprema.com\/bs\/products\/koristena-geodetska-oprema\/leica-viva-smartpole-ts15-gs14\/\" \/>\n<meta property=\"og:site_name\" content=\"Geooprema\" \/>\n<meta property=\"article:publisher\" content=\"https:\/\/www.facebook.com\/geoinfobih\" \/>\n<meta property=\"og:image\" content=\"https:\/\/geooprema.com\/wp-content\/uploads\/2020\/10\/Leica-VIVA-SMARTPOLE-TS15-GS14-2.jpg\" \/>\n\t<meta property=\"og:image:width\" content=\"800\" \/>\n\t<meta property=\"og:image:height\" content=\"800\" \/>\n\t<meta property=\"og:image:type\" content=\"image\/jpeg\" \/>\n<meta name=\"twitter:card\" content=\"summary_large_image\" \/>\n<meta name=\"twitter:label1\" content=\"Est. reading time\" \/>\n\t<meta name=\"twitter:data1\" content=\"2 minute\" \/>\n<script type=\"application\/ld+json\" class=\"yoast-schema-graph\">{\"@context\":\"https:\/\/schema.org\",\"@graph\":[{\"@type\":\"WebPage\",\"@id\":\"https:\/\/geooprema.com\/bs\/products\/koristena-geodetska-oprema\/leica-viva-smartpole-ts15-gs14\/\",\"url\":\"https:\/\/geooprema.com\/bs\/products\/koristena-geodetska-oprema\/leica-viva-smartpole-ts15-gs14\/\",\"name\":\"Leica VIVA SMARTPOLE TS15 & GS14 - Geooprema\",\"isPartOf\":{\"@id\":\"https:\/\/geooprema.com\/#website\"},\"primaryImageOfPage\":{\"@id\":\"https:\/\/geooprema.com\/bs\/products\/koristena-geodetska-oprema\/leica-viva-smartpole-ts15-gs14\/#primaryimage\"},\"image\":{\"@id\":\"https:\/\/geooprema.com\/bs\/products\/koristena-geodetska-oprema\/leica-viva-smartpole-ts15-gs14\/#primaryimage\"},\"thumbnailUrl\":\"https:\/\/geooprema.com\/wp-content\/uploads\/2020\/10\/Leica-VIVA-SMARTPOLE-TS15-GS14-2.jpg\",\"datePublished\":\"2020-10-12T08:47:13+00:00\",\"breadcrumb\":{\"@id\":\"https:\/\/geooprema.com\/bs\/products\/koristena-geodetska-oprema\/leica-viva-smartpole-ts15-gs14\/#breadcrumb\"},\"inLanguage\":\"bs-BA\",\"potentialAction\":[{\"@type\":\"ReadAction\",\"target\":[\"https:\/\/geooprema.com\/bs\/products\/koristena-geodetska-oprema\/leica-viva-smartpole-ts15-gs14\/\"]}]},{\"@type\":\"ImageObject\",\"inLanguage\":\"bs-BA\",\"@id\":\"https:\/\/geooprema.com\/bs\/products\/koristena-geodetska-oprema\/leica-viva-smartpole-ts15-gs14\/#primaryimage\",\"url\":\"https:\/\/geooprema.com\/wp-content\/uploads\/2020\/10\/Leica-VIVA-SMARTPOLE-TS15-GS14-2.jpg\",\"contentUrl\":\"https:\/\/geooprema.com\/wp-content\/uploads\/2020\/10\/Leica-VIVA-SMARTPOLE-TS15-GS14-2.jpg\",\"width\":800,\"height\":800,\"caption\":\"Leica VIVA SMARTPOLE TS15 & GS14\"},{\"@type\":\"BreadcrumbList\",\"@id\":\"https:\/\/geooprema.com\/bs\/products\/koristena-geodetska-oprema\/leica-viva-smartpole-ts15-gs14\/#breadcrumb\",\"itemListElement\":[{\"@type\":\"ListItem\",\"position\":1,\"name\":\"Home\",\"item\":\"https:\/\/geooprema.com\/bs\/\"},{\"@type\":\"ListItem\",\"position\":2,\"name\":\"Shop\",\"item\":\"https:\/\/geooprema.com\/shop-2\/\"},{\"@type\":\"ListItem\",\"position\":3,\"name\":\"Leica VIVA SMARTPOLE TS15 &#038; GS14\"}]},{\"@type\":\"WebSite\",\"@id\":\"https:\/\/geooprema.com\/#website\",\"url\":\"https:\/\/geooprema.com\/\",\"name\":\"Geooprema\",\"description\":\"Surveying and Construction Equipmen, Software and Accessories\",\"publisher\":{\"@id\":\"https:\/\/geooprema.com\/#organization\"},\"potentialAction\":[{\"@type\":\"SearchAction\",\"target\":{\"@type\":\"EntryPoint\",\"urlTemplate\":\"https:\/\/geooprema.com\/?s={search_term_string}\"},\"query-input\":{\"@type\":\"PropertyValueSpecification\",\"valueRequired\":true,\"valueName\":\"search_term_string\"}}],\"inLanguage\":\"bs-BA\"},{\"@type\":\"Organization\",\"@id\":\"https:\/\/geooprema.com\/#organization\",\"name\":\"Geooprema\",\"url\":\"https:\/\/geooprema.com\/\",\"logo\":{\"@type\":\"ImageObject\",\"inLanguage\":\"bs-BA\",\"@id\":\"https:\/\/geooprema.com\/#\/schema\/logo\/image\/\",\"url\":\"https:\/\/geooprema.com\/wp-content\/uploads\/2020\/08\/geooprema-logo.png\",\"contentUrl\":\"https:\/\/geooprema.com\/wp-content\/uploads\/2020\/08\/geooprema-logo.png\",\"width\":513,\"height\":161,\"caption\":\"Geooprema\"},\"image\":{\"@id\":\"https:\/\/geooprema.com\/#\/schema\/logo\/image\/\"},\"sameAs\":[\"https:\/\/www.facebook.com\/geoinfobih\",\"https:\/\/www.instagram.com\/geoinfodoo\/\",\"https:\/\/www.linkedin.com\/company\/geoinfo-doo\/\",\"https:\/\/www.youtube.com\/c\/Geoinfodoo\"]}]}<\/script>\n<!-- \/ Yoast SEO plugin. -->","yoast_head_json":{"title":"Leica VIVA SMARTPOLE TS15 & GS14 - Geooprema","robots":{"index":"index","follow":"follow","max-snippet":"max-snippet:-1","max-image-preview":"max-image-preview:large","max-video-preview":"max-video-preview:-1"},"canonical":"https:\/\/geooprema.com\/bs\/products\/koristena-geodetska-oprema\/leica-viva-smartpole-ts15-gs14\/","og_locale":"bs_BA","og_type":"article","og_title":"Leica VIVA SMARTPOLE TS15 & GS14 - Geooprema","og_description":"\u0160ta je u kutiji:   \u2022 GEB221 baterija me\u0111. Li-Ion 7,4V \/ 4400mAh   \u2022 GDF311 Tribrach bez opti\u010dkog viska  \u2022 MCF256, CompactFlash kartica 256 MB  \u2022 GKL221 Punja\u010d PRO  \u2022 Kabl za napajanje naizmjeni\u010dnom strujom, 2-polni EU, za punja\u010d  \u2022 MPR122, Reflektor 360 \u00b0 PRO  \u2022 GEB212 unutra\u0161nja baterija Li-Ion 2600mAh  \u2022 GHT63\u00a0 stezaljka za pri\u010dvr\u0161\u0107ivanje GHT  \u2022 GHT62 Plo\u010da dr\u017ea\u010da za nastavak polja CS  \u2022 GVP722 SmartPole \/ SmartStation priru\u010dnik  \u2022 MSD1000, SD memorijska kartica 1 GB  \u2022 GEV234, kabl Lemo-USB A 1,65 m  \u2022 GAD31 adapterska antena sa zavrtnjem","og_url":"https:\/\/geooprema.com\/bs\/products\/koristena-geodetska-oprema\/leica-viva-smartpole-ts15-gs14\/","og_site_name":"Geooprema","article_publisher":"https:\/\/www.facebook.com\/geoinfobih","og_image":[{"width":800,"height":800,"url":"https:\/\/geooprema.com\/wp-content\/uploads\/2020\/10\/Leica-VIVA-SMARTPOLE-TS15-GS14-2.jpg","type":"image\/jpeg"}],"twitter_card":"summary_large_image","twitter_misc":{"Est. reading time":"2 minute"},"schema":{"@context":"https:\/\/schema.org","@graph":[{"@type":"WebPage","@id":"https:\/\/geooprema.com\/bs\/products\/koristena-geodetska-oprema\/leica-viva-smartpole-ts15-gs14\/","url":"https:\/\/geooprema.com\/bs\/products\/koristena-geodetska-oprema\/leica-viva-smartpole-ts15-gs14\/","name":"Leica VIVA SMARTPOLE TS15 & GS14 - Geooprema","isPartOf":{"@id":"https:\/\/geooprema.com\/#website"},"primaryImageOfPage":{"@id":"https:\/\/geooprema.com\/bs\/products\/koristena-geodetska-oprema\/leica-viva-smartpole-ts15-gs14\/#primaryimage"},"image":{"@id":"https:\/\/geooprema.com\/bs\/products\/koristena-geodetska-oprema\/leica-viva-smartpole-ts15-gs14\/#primaryimage"},"thumbnailUrl":"https:\/\/geooprema.com\/wp-content\/uploads\/2020\/10\/Leica-VIVA-SMARTPOLE-TS15-GS14-2.jpg","datePublished":"2020-10-12T08:47:13+00:00","breadcrumb":{"@id":"https:\/\/geooprema.com\/bs\/products\/koristena-geodetska-oprema\/leica-viva-smartpole-ts15-gs14\/#breadcrumb"},"inLanguage":"bs-BA","potentialAction":[{"@type":"ReadAction","target":["https:\/\/geooprema.com\/bs\/products\/koristena-geodetska-oprema\/leica-viva-smartpole-ts15-gs14\/"]}]},{"@type":"ImageObject","inLanguage":"bs-BA","@id":"https:\/\/geooprema.com\/bs\/products\/koristena-geodetska-oprema\/leica-viva-smartpole-ts15-gs14\/#primaryimage","url":"https:\/\/geooprema.com\/wp-content\/uploads\/2020\/10\/Leica-VIVA-SMARTPOLE-TS15-GS14-2.jpg","contentUrl":"https:\/\/geooprema.com\/wp-content\/uploads\/2020\/10\/Leica-VIVA-SMARTPOLE-TS15-GS14-2.jpg","width":800,"height":800,"caption":"Leica VIVA SMARTPOLE TS15 & GS14"},{"@type":"BreadcrumbList","@id":"https:\/\/geooprema.com\/bs\/products\/koristena-geodetska-oprema\/leica-viva-smartpole-ts15-gs14\/#breadcrumb","itemListElement":[{"@type":"ListItem","position":1,"name":"Home","item":"https:\/\/geooprema.com\/bs\/"},{"@type":"ListItem","position":2,"name":"Shop","item":"https:\/\/geooprema.com\/shop-2\/"},{"@type":"ListItem","position":3,"name":"Leica VIVA SMARTPOLE TS15 &#038; GS14"}]},{"@type":"WebSite","@id":"https:\/\/geooprema.com\/#website","url":"https:\/\/geooprema.com\/","name":"Geooprema","description":"Surveying and Construction Equipmen, Software and Accessories","publisher":{"@id":"https:\/\/geooprema.com\/#organization"},"potentialAction":[{"@type":"SearchAction","target":{"@type":"EntryPoint","urlTemplate":"https:\/\/geooprema.com\/?s={search_term_string}"},"query-input":{"@type":"PropertyValueSpecification","valueRequired":true,"valueName":"search_term_string"}}],"inLanguage":"bs-BA"},{"@type":"Organization","@id":"https:\/\/geooprema.com\/#organization","name":"Geooprema","url":"https:\/\/geooprema.com\/","logo":{"@type":"ImageObject","inLanguage":"bs-BA","@id":"https:\/\/geooprema.com\/#\/schema\/logo\/image\/","url":"https:\/\/geooprema.com\/wp-content\/uploads\/2020\/08\/geooprema-logo.png","contentUrl":"https:\/\/geooprema.com\/wp-content\/uploads\/2020\/08\/geooprema-logo.png","width":513,"height":161,"caption":"Geooprema"},"image":{"@id":"https:\/\/geooprema.com\/#\/schema\/logo\/image\/"},"sameAs":["https:\/\/www.facebook.com\/geoinfobih","https:\/\/www.instagram.com\/geoinfodoo\/","https:\/\/www.linkedin.com\/company\/geoinfo-doo\/","https:\/\/www.youtube.com\/c\/Geoinfodoo"]}]}},"_links":{"self":[{"href":"https:\/\/geooprema.com\/bs\/wp-json\/wp\/v2\/product\/31861","targetHints":{"allow":["GET"]}}],"collection":[{"href":"https:\/\/geooprema.com\/bs\/wp-json\/wp\/v2\/product"}],"about":[{"href":"https:\/\/geooprema.com\/bs\/wp-json\/wp\/v2\/types\/product"}],"replies":[{"embeddable":true,"href":"https:\/\/geooprema.com\/bs\/wp-json\/wp\/v2\/comments?post=31861"}],"wp:featuredmedia":[{"embeddable":true,"href":"https:\/\/geooprema.com\/bs\/wp-json\/wp\/v2\/media\/31420"}],"wp:attachment":[{"href":"https:\/\/geooprema.com\/bs\/wp-json\/wp\/v2\/media?parent=31861"}],"wp:term":[{"taxonomy":"product_brand","embeddable":true,"href":"https:\/\/geooprema.com\/bs\/wp-json\/wp\/v2\/product_brand?post=31861"},{"taxonomy":"product_cat","embeddable":true,"href":"https:\/\/geooprema.com\/bs\/wp-json\/wp\/v2\/product_cat?post=31861"},{"taxonomy":"product_tag","embeddable":true,"href":"https:\/\/geooprema.com\/bs\/wp-json\/wp\/v2\/product_tag?post=31861"}],"curies":[{"name":"wp","href":"https:\/\/api.w.org\/{rel}","templated":true}]}}