
{"id":31853,"date":"2020-10-15T15:30:42","date_gmt":"2020-10-15T15:30:42","guid":{"rendered":"https:\/\/geooprema.com\/products\/Bez kategorije\/leica-sprinter-150m\/"},"modified":"2020-10-15T15:30:42","modified_gmt":"2020-10-15T15:30:42","slug":"leica-sprinter-150m","status":"publish","type":"product","link":"https:\/\/geooprema.com\/bs\/products\/koristena-geodetska-oprema\/koristeni-niveliri\/leica-sprinter-150m\/","title":{"rendered":"Leica Sprinter 150 m"},"content":{"rendered":"<p>Sprinter 150M, elektronski nivelir<\/p>\n<p>Pobolj\u0161ajte svoj radni proces i pove\u0107ajte produktivnost pomo\u0107u nivelira Leica Sprinter M. Sva mjerenja se pohranjuju u odgovaraju\u0107em redoslijedu i mogu se preuzeti na PC za daljnju upotrebu u programu Microsoft Excel. Razli\u010dite opcije prora\u010duna pru\u017eaju vam visok nivo fleksibilnosti. Ovi digitalni niveliri zna\u010dajno vam olak\u0161avaju izravnanje.<\/p>\n<p><strong> Pobolj\u0161ani tok rada i velika produktivnost <\/strong><br \/>\nIzbjegavajte gre\u0161ke u transkripciji i pobolj\u0161ajte svoj tok rada. Pohranite do 2.000 mjerenja i preuzmite ih na svoj\u00a0 ra\u010dunar putem USB interfejsa. Sprinter DataLoader omogu\u0107ava nesmetan prenos podataka u Microsoft Excel. Va\u0161a mjerenja se tako\u0111er mogu prenijeti na spolja\u0161nji sakuplja\u010d podataka putem RS232 interfejsa.<\/p>\n<p><strong> Velika fleksibilnost aplikacije <\/strong><br \/>\nPripremite se za sve vrste gra\u0111evinskih izravnavanja sa programima automatskog prora\u010duna Leica Sprinter M. Programi za:<\/p>\n<ul>\n<li><strong> Delta visina <\/strong>, izra\u010dunava visinsku razliku izme\u0111u ta\u010daka. Unesite instrument, izmjerite unazad, a zatim i razne ciljeve (predvi\u0111anja) za precizno izra\u010dunavanje. Visinska razlika se uvijek izra\u010dunava i jasno prikazuje.<\/li>\n<li><strong> Izravnavanje linija <\/strong>, bez obzira imate li stra\u017enju i prednju stranu ili \u010dak me\u0111uvrijedne ta\u010dke, odaberite posao za izravnavanje linija koje vam trebaju. Unesite svoju po\u010detnu mjernu vrijednost, izmjerite svoje unazad, srednje i obilje\u017eene ta\u010dke dok ne postignete kona\u010dnu ta\u010dku. Sva mjerenja skladi\u0161te se u odgovaraju\u0107em i prikladnom redoslijedu.<\/li>\n<li><strong> Izre\u017ei i popuni <\/strong>, ova ugra\u0111ena aplikacija pokazuje rezultate rezanja i popunjavanja na osnovu referentnog nivoa. Unesite svoj potreban referentni nivo i instrument. Krenite unazad i po\u010dnite mjeriti. Program sada prikazuje rezultate rezanja i popunjavanja, razlike u visini u odnosu na va\u0161 referentni nivo.<\/li>\n<\/ul>\n","protected":false},"excerpt":{"rendered":"<div class=\"moredetailsbutton\">\u0160ta je u kutiji:<\/div>\n<div id=\"cpeaccessories\">\n<ul>\n<li>GEV222, Sprinter USB kabel<\/li>\n<li>Torbica<\/li>\n<\/ul>\n<\/div>\n","protected":false},"featured_media":27855,"comment_status":"open","ping_status":"closed","template":"","meta":{"_acf_changed":false},"product_brand":[],"product_cat":[707,1314],"product_tag":[],"class_list":{"0":"post-31853","1":"product","2":"type-product","3":"status-publish","4":"has-post-thumbnail","6":"product_cat-koristena-geodetska-oprema","7":"product_cat-koristeni-niveliri","8":"pa_brand-leica-geosystems-bs","10":"first","11":"onbackorder","12":"taxable","13":"shipping-taxable","14":"product-type-simple","swatches":"rey-swatches","show_selected":""},"acf":[],"yoast_head":"<!-- This site is optimized with the Yoast SEO plugin v24.9 - https:\/\/yoast.com\/wordpress\/plugins\/seo\/ -->\n<title>Leica Sprinter 150 m - Geooprema<\/title>\n<meta name=\"robots\" content=\"index, follow, max-snippet:-1, max-image-preview:large, max-video-preview:-1\" \/>\n<link rel=\"canonical\" href=\"https:\/\/geooprema.com\/bs\/products\/koristena-geodetska-oprema\/leica-sprinter-150m\/\" \/>\n<meta property=\"og:locale\" content=\"bs_BA\" \/>\n<meta property=\"og:type\" content=\"article\" \/>\n<meta property=\"og:title\" content=\"Leica Sprinter 150 m - Geooprema\" \/>\n<meta property=\"og:description\" content=\"\u0160ta je u kutiji:    GEV222, Sprinter USB kabel  Torbica\" \/>\n<meta property=\"og:url\" content=\"https:\/\/geooprema.com\/bs\/products\/koristena-geodetska-oprema\/leica-sprinter-150m\/\" \/>\n<meta property=\"og:site_name\" content=\"Geooprema\" \/>\n<meta property=\"article:publisher\" content=\"https:\/\/www.facebook.com\/geoinfobih\" \/>\n<meta property=\"og:image\" content=\"https:\/\/geooprema.com\/wp-content\/uploads\/2020\/10\/leica_sprinter_150m_telescope_front.jpg\" \/>\n\t<meta property=\"og:image:width\" content=\"800\" \/>\n\t<meta property=\"og:image:height\" content=\"800\" \/>\n\t<meta property=\"og:image:type\" content=\"image\/jpeg\" \/>\n<meta name=\"twitter:card\" content=\"summary_large_image\" \/>\n<meta name=\"twitter:label1\" content=\"Est. reading time\" \/>\n\t<meta name=\"twitter:data1\" content=\"1 minuta\" \/>\n<script type=\"application\/ld+json\" class=\"yoast-schema-graph\">{\"@context\":\"https:\/\/schema.org\",\"@graph\":[{\"@type\":\"WebPage\",\"@id\":\"https:\/\/geooprema.com\/bs\/products\/koristena-geodetska-oprema\/leica-sprinter-150m\/\",\"url\":\"https:\/\/geooprema.com\/bs\/products\/koristena-geodetska-oprema\/leica-sprinter-150m\/\",\"name\":\"Leica Sprinter 150 m - Geooprema\",\"isPartOf\":{\"@id\":\"https:\/\/geooprema.com\/#website\"},\"primaryImageOfPage\":{\"@id\":\"https:\/\/geooprema.com\/bs\/products\/koristena-geodetska-oprema\/leica-sprinter-150m\/#primaryimage\"},\"image\":{\"@id\":\"https:\/\/geooprema.com\/bs\/products\/koristena-geodetska-oprema\/leica-sprinter-150m\/#primaryimage\"},\"thumbnailUrl\":\"https:\/\/geooprema.com\/wp-content\/uploads\/2020\/10\/leica_sprinter_150m_telescope_front.jpg\",\"datePublished\":\"2020-10-15T15:30:42+00:00\",\"breadcrumb\":{\"@id\":\"https:\/\/geooprema.com\/bs\/products\/koristena-geodetska-oprema\/leica-sprinter-150m\/#breadcrumb\"},\"inLanguage\":\"bs-BA\",\"potentialAction\":[{\"@type\":\"ReadAction\",\"target\":[\"https:\/\/geooprema.com\/bs\/products\/koristena-geodetska-oprema\/leica-sprinter-150m\/\"]}]},{\"@type\":\"ImageObject\",\"inLanguage\":\"bs-BA\",\"@id\":\"https:\/\/geooprema.com\/bs\/products\/koristena-geodetska-oprema\/leica-sprinter-150m\/#primaryimage\",\"url\":\"https:\/\/geooprema.com\/wp-content\/uploads\/2020\/10\/leica_sprinter_150m_telescope_front.jpg\",\"contentUrl\":\"https:\/\/geooprema.com\/wp-content\/uploads\/2020\/10\/leica_sprinter_150m_telescope_front.jpg\",\"width\":800,\"height\":800,\"caption\":\"Leica Sprinter 150M\"},{\"@type\":\"BreadcrumbList\",\"@id\":\"https:\/\/geooprema.com\/bs\/products\/koristena-geodetska-oprema\/leica-sprinter-150m\/#breadcrumb\",\"itemListElement\":[{\"@type\":\"ListItem\",\"position\":1,\"name\":\"Home\",\"item\":\"https:\/\/geooprema.com\/bs\/\"},{\"@type\":\"ListItem\",\"position\":2,\"name\":\"Shop\",\"item\":\"https:\/\/geooprema.com\/shop-2\/\"},{\"@type\":\"ListItem\",\"position\":3,\"name\":\"Leica Sprinter 150 m\"}]},{\"@type\":\"WebSite\",\"@id\":\"https:\/\/geooprema.com\/#website\",\"url\":\"https:\/\/geooprema.com\/\",\"name\":\"Geooprema\",\"description\":\"Surveying and Construction Equipmen, Software and Accessories\",\"publisher\":{\"@id\":\"https:\/\/geooprema.com\/#organization\"},\"potentialAction\":[{\"@type\":\"SearchAction\",\"target\":{\"@type\":\"EntryPoint\",\"urlTemplate\":\"https:\/\/geooprema.com\/?s={search_term_string}\"},\"query-input\":{\"@type\":\"PropertyValueSpecification\",\"valueRequired\":true,\"valueName\":\"search_term_string\"}}],\"inLanguage\":\"bs-BA\"},{\"@type\":\"Organization\",\"@id\":\"https:\/\/geooprema.com\/#organization\",\"name\":\"Geooprema\",\"url\":\"https:\/\/geooprema.com\/\",\"logo\":{\"@type\":\"ImageObject\",\"inLanguage\":\"bs-BA\",\"@id\":\"https:\/\/geooprema.com\/#\/schema\/logo\/image\/\",\"url\":\"https:\/\/geooprema.com\/wp-content\/uploads\/2020\/08\/geooprema-logo.png\",\"contentUrl\":\"https:\/\/geooprema.com\/wp-content\/uploads\/2020\/08\/geooprema-logo.png\",\"width\":513,\"height\":161,\"caption\":\"Geooprema\"},\"image\":{\"@id\":\"https:\/\/geooprema.com\/#\/schema\/logo\/image\/\"},\"sameAs\":[\"https:\/\/www.facebook.com\/geoinfobih\",\"https:\/\/www.instagram.com\/geoinfodoo\/\",\"https:\/\/www.linkedin.com\/company\/geoinfo-doo\/\",\"https:\/\/www.youtube.com\/c\/Geoinfodoo\"]}]}<\/script>\n<!-- \/ Yoast SEO plugin. -->","yoast_head_json":{"title":"Leica Sprinter 150 m - Geooprema","robots":{"index":"index","follow":"follow","max-snippet":"max-snippet:-1","max-image-preview":"max-image-preview:large","max-video-preview":"max-video-preview:-1"},"canonical":"https:\/\/geooprema.com\/bs\/products\/koristena-geodetska-oprema\/leica-sprinter-150m\/","og_locale":"bs_BA","og_type":"article","og_title":"Leica Sprinter 150 m - Geooprema","og_description":"\u0160ta je u kutiji:    GEV222, Sprinter USB kabel  Torbica","og_url":"https:\/\/geooprema.com\/bs\/products\/koristena-geodetska-oprema\/leica-sprinter-150m\/","og_site_name":"Geooprema","article_publisher":"https:\/\/www.facebook.com\/geoinfobih","og_image":[{"width":800,"height":800,"url":"https:\/\/geooprema.com\/wp-content\/uploads\/2020\/10\/leica_sprinter_150m_telescope_front.jpg","type":"image\/jpeg"}],"twitter_card":"summary_large_image","twitter_misc":{"Est. reading time":"1 minuta"},"schema":{"@context":"https:\/\/schema.org","@graph":[{"@type":"WebPage","@id":"https:\/\/geooprema.com\/bs\/products\/koristena-geodetska-oprema\/leica-sprinter-150m\/","url":"https:\/\/geooprema.com\/bs\/products\/koristena-geodetska-oprema\/leica-sprinter-150m\/","name":"Leica Sprinter 150 m - Geooprema","isPartOf":{"@id":"https:\/\/geooprema.com\/#website"},"primaryImageOfPage":{"@id":"https:\/\/geooprema.com\/bs\/products\/koristena-geodetska-oprema\/leica-sprinter-150m\/#primaryimage"},"image":{"@id":"https:\/\/geooprema.com\/bs\/products\/koristena-geodetska-oprema\/leica-sprinter-150m\/#primaryimage"},"thumbnailUrl":"https:\/\/geooprema.com\/wp-content\/uploads\/2020\/10\/leica_sprinter_150m_telescope_front.jpg","datePublished":"2020-10-15T15:30:42+00:00","breadcrumb":{"@id":"https:\/\/geooprema.com\/bs\/products\/koristena-geodetska-oprema\/leica-sprinter-150m\/#breadcrumb"},"inLanguage":"bs-BA","potentialAction":[{"@type":"ReadAction","target":["https:\/\/geooprema.com\/bs\/products\/koristena-geodetska-oprema\/leica-sprinter-150m\/"]}]},{"@type":"ImageObject","inLanguage":"bs-BA","@id":"https:\/\/geooprema.com\/bs\/products\/koristena-geodetska-oprema\/leica-sprinter-150m\/#primaryimage","url":"https:\/\/geooprema.com\/wp-content\/uploads\/2020\/10\/leica_sprinter_150m_telescope_front.jpg","contentUrl":"https:\/\/geooprema.com\/wp-content\/uploads\/2020\/10\/leica_sprinter_150m_telescope_front.jpg","width":800,"height":800,"caption":"Leica Sprinter 150M"},{"@type":"BreadcrumbList","@id":"https:\/\/geooprema.com\/bs\/products\/koristena-geodetska-oprema\/leica-sprinter-150m\/#breadcrumb","itemListElement":[{"@type":"ListItem","position":1,"name":"Home","item":"https:\/\/geooprema.com\/bs\/"},{"@type":"ListItem","position":2,"name":"Shop","item":"https:\/\/geooprema.com\/shop-2\/"},{"@type":"ListItem","position":3,"name":"Leica Sprinter 150 m"}]},{"@type":"WebSite","@id":"https:\/\/geooprema.com\/#website","url":"https:\/\/geooprema.com\/","name":"Geooprema","description":"Surveying and Construction Equipmen, Software and Accessories","publisher":{"@id":"https:\/\/geooprema.com\/#organization"},"potentialAction":[{"@type":"SearchAction","target":{"@type":"EntryPoint","urlTemplate":"https:\/\/geooprema.com\/?s={search_term_string}"},"query-input":{"@type":"PropertyValueSpecification","valueRequired":true,"valueName":"search_term_string"}}],"inLanguage":"bs-BA"},{"@type":"Organization","@id":"https:\/\/geooprema.com\/#organization","name":"Geooprema","url":"https:\/\/geooprema.com\/","logo":{"@type":"ImageObject","inLanguage":"bs-BA","@id":"https:\/\/geooprema.com\/#\/schema\/logo\/image\/","url":"https:\/\/geooprema.com\/wp-content\/uploads\/2020\/08\/geooprema-logo.png","contentUrl":"https:\/\/geooprema.com\/wp-content\/uploads\/2020\/08\/geooprema-logo.png","width":513,"height":161,"caption":"Geooprema"},"image":{"@id":"https:\/\/geooprema.com\/#\/schema\/logo\/image\/"},"sameAs":["https:\/\/www.facebook.com\/geoinfobih","https:\/\/www.instagram.com\/geoinfodoo\/","https:\/\/www.linkedin.com\/company\/geoinfo-doo\/","https:\/\/www.youtube.com\/c\/Geoinfodoo"]}]}},"_links":{"self":[{"href":"https:\/\/geooprema.com\/bs\/wp-json\/wp\/v2\/product\/31853","targetHints":{"allow":["GET"]}}],"collection":[{"href":"https:\/\/geooprema.com\/bs\/wp-json\/wp\/v2\/product"}],"about":[{"href":"https:\/\/geooprema.com\/bs\/wp-json\/wp\/v2\/types\/product"}],"replies":[{"embeddable":true,"href":"https:\/\/geooprema.com\/bs\/wp-json\/wp\/v2\/comments?post=31853"}],"wp:featuredmedia":[{"embeddable":true,"href":"https:\/\/geooprema.com\/bs\/wp-json\/wp\/v2\/media\/27855"}],"wp:attachment":[{"href":"https:\/\/geooprema.com\/bs\/wp-json\/wp\/v2\/media?parent=31853"}],"wp:term":[{"taxonomy":"product_brand","embeddable":true,"href":"https:\/\/geooprema.com\/bs\/wp-json\/wp\/v2\/product_brand?post=31853"},{"taxonomy":"product_cat","embeddable":true,"href":"https:\/\/geooprema.com\/bs\/wp-json\/wp\/v2\/product_cat?post=31853"},{"taxonomy":"product_tag","embeddable":true,"href":"https:\/\/geooprema.com\/bs\/wp-json\/wp\/v2\/product_tag?post=31853"}],"curies":[{"name":"wp","href":"https:\/\/api.w.org\/{rel}","templated":true}]}}