
{"id":31849,"date":"2021-05-03T22:09:04","date_gmt":"2021-05-03T22:09:04","guid":{"rendered":"https:\/\/geooprema.com\/products\/Bez kategorije\/leica-scanstation-p30\/"},"modified":"2021-05-03T22:09:04","modified_gmt":"2021-05-03T22:09:04","slug":"leica-scanstation-p30","status":"publish","type":"product","link":"https:\/\/geooprema.com\/bs\/products\/koristena-geodetska-oprema\/iznajmljivanje\/leica-scanstation-p30\/","title":{"rendered":"Leica ScanStation P30"},"content":{"rendered":"<div class = \"cpe_kit_item\">\n<div class = \"cpe_kit_item\">\n<div class = \"cpe_kit_item\">\n<div class = \"cpe_kit_item\">\n<h2 class = \"cpe_kit_item\"> Leica ScanStation P30 <\/h2>\n<\/div>\n<\/div>\n<div class = \"cpe_kit_item\">\n<div class = \"naslov kontejnera\">\n<p> Integrisano rje\u0161enje za lasersko 3D skeniranje koje pru\u017ea nenadma\u0161nu brzinu, ta\u010dnost i domet za zahtjevne projekte skeniranja. <\/p>\n<p> 3D laserski skeneri Leica ScanStation P-serije va\u0161 su savr\u0161en partner pri hvatanju 3D geometrije civilne infrastrukture, stvaranju integrirane reprezentacije velikog industrijskog kompleksa, rekonstrukciji mjesta zlo\u010dina ili generisanju 3D podataka za integraciju u modelovanju informacija o zgradama ( BIM). Kao dio rje\u0161enja Leica Geosystems 3D Reality Capture, <a href=\"https:\/\/leica-geosystems.com\/products\/laser-scanners\/software\/leica-cyclone\/leica-cyclone-field-360\"> Ciklon FIELD Aplikacija 360 <\/a> sada povezuje prikupljanje 3D podataka na terenu sa laserskim skenerom ScanStation P-Series i kona\u010dnom registracijom podataka u uredu s <a href = \"https:\/\/leica-geosystems.com\/products\/laser- skeneri \/ softver \/ leica-ciklon \/ leica-ciklon-registar-360 \"> Ciklon REGISTER 360 <\/a>. Korisnici na jednoj lokaciji sada mogu automatski snimati, registrovati i pregledati podatke o skeniranju i slikama. <\/p>\n<p> Leica ScanStation P30 \/ P40 isporu\u010duje najkvalitetnije 3D podatke i slike visokog dinami\u010dkog obuhvata (HDR) pri izuzetno velikoj brzini skeniranja od 1 milion ta\u010daka u sekundi u rasponu do 270 m. Nenadma\u0161ni domet i ugaona ta\u010dnost spojeni sa malim dometom buke i dvoosovinskom kompenzacijom stepena inspitivanja \u010dine temelj za visoko detaljne 3D oblake ta\u010daka u boji mapirane u realnoj jasno\u0107i. <\/p>\n<\/div>\n<div class = \"container product-img\">\n<h4> Pravi izbor <\/h4>\n<p> Treba li vam detaljni izvedbeni prikaz fasade, 2D tlocrt, 3D podaci za integraciju u modelovanju zgrada(BIM), hvatanje 3D geometrije puteva, tra\u010dnica, tunela i mostova ili podaci skeniranja visoke definicije za topografske karte i ugra\u0111ene ankete znate da \u0107e vam trebati precizan alat za skeniranje velikog dometa za va\u0161e projekte &#8211; laserski skeneri ScanStation P30 \/ P40 tvrtke Leica Geosystems pravi su izbor, jer je svaki detalj va\u017ean.  <\/p>\n<h4> Visoke performanse <\/h4>\n<p> Smanjuju\u0107i zastoje, izuzetno izdr\u017eljivi 3D laserski skeneri rade \u010dak i u najte\u017eim uslovima okoline, poput ekstremnih temperatura u rasponu od &#8211; 20 \u00b0 C do + 50 \u00b0 C i u skladu su s IP54 ocjenom za otpornost na pra\u0161inu i vodu. <\/ p ><\/p>\n<h4> Kompletno rje\u0161enje za skeniranje <\/h4>\n<p> Leica Geosystems nudi portfolio Leica ScanStation kao integrisani dio cjelokupnog rje\u0161enja za skeniranje, uklju\u010duju\u0107i hardver, <a href=\"https:\/\/leica-geosystems.com\/products\/laser-scanners\/software\"> softver <\/ a >, servis, obuku i podr\u0161ku. Podaci 3D laserskog skenera mogu se obra\u0111ivati \u200b\u200bu vode\u0107em softverskom paketu oblaka 3D ta\u010daka, koji se sastoji od <a href=\"https:\/\/leica-geosystems.com\/products\/laser-scanners\/software\/leica-cyclone\"> Leica Cyclone <\/a> samostalnog softvera, <a href=\"https:\/\/leica-geosystems.com\/products\/laser-scanners\/software\/leica-cloudworx\"> Leica CloudWorx <\/a> dodaci za CAD sisteme i besplatni Leica TruView. <\/p>\n<h4> ScanStation P30 \/ P40 isporu\u010duje <\/h4>\n<ul>\n<li> Najkvalitetniji 3D podaci i HDR slike <\/li>\n<li> Izuzetno velika brzina skeniranja od 1 milion bodova u sekundi <\/li>\n<li> Domet do 270 m <\/li>\n<li> Niska buka <\/li>\n<li> Dvoosovinska kompenzacija ispitivanog nivoa <\/li>\n<li> Visoko detaljni 3D oblaci ta\u010daka u boji mapirani u realnoj jasno\u0107i <\/li>\n<\/ul>\n<h4> Preuzmite aplikaciju ve\u0107 danas! <\/h4>\n<p> Aplikaciju Cyclone FIELD 360 za mobilne ure\u0111aje mo\u017eete besplatno preuzeti. Za aktivaciju Cyclone FIELD 360 potrebna je va\u017ee\u0107a licenca za Cyclone REGISTER ili Cyclone REGISTER 360 jer su akreditacije za prijavu iste. Preuzmite aplikaciju Cyclone FIELD 360 sa <a href=\"https:\/\/apps.apple.com\/us\/app\/leica-cyclone-field-360\/id1376463007\"> App Storea <\/a> i <a href = \" https:\/\/play.google.com\/store\/apps\/details?id=com.leicageosystems.cyclone.field360\">Google Play <\/a>. <\/p>\n<\/div>\n<\/div>\n<\/div>\n<\/div>\n","protected":false},"excerpt":{"rendered":"<p> GLAVNE KARAKTERISTIKE: <\/p>\n<p> \u2022 Leica HDS <\/p>\n<p> \u2022 Domet do 120m <\/p>\n<p> \u2022 Tok ispitivanja i registracija na brodu <\/p>\n<p> \u2022 Prikupljanje ciljeva na brodu <\/p>\n<p> \u2022 Dvoosovinski kompenzator ispitivanog nivoa <\/p>\n<p> \u2022 HDR slike <\/p>\n<p> \u2022 IP54 ocjena <\/p>\n","protected":false},"featured_media":31252,"comment_status":"open","ping_status":"closed","template":"","meta":{"_acf_changed":false},"product_brand":[],"product_cat":[706,707,1313],"product_tag":[1565,1714],"class_list":{"0":"post-31849","1":"product","2":"type-product","3":"status-publish","4":"has-post-thumbnail","6":"product_cat-iznajmljivanje","7":"product_cat-koristena-geodetska-oprema","8":"product_cat-koristeni-laserski-skeneri","9":"product_tag-leica-bs","10":"product_tag-scanstation-bs","11":"pa_brand-leica-geosystems-bs","13":"first","14":"onbackorder","15":"featured","16":"taxable","17":"shipping-taxable","18":"product-type-simple","swatches":"rey-swatches","show_selected":""},"acf":[],"yoast_head":"<!-- This site is optimized with the Yoast SEO plugin v24.9 - https:\/\/yoast.com\/wordpress\/plugins\/seo\/ -->\n<title>Leica ScanStation P30 - Geooprema<\/title>\n<meta name=\"robots\" content=\"index, follow, max-snippet:-1, max-image-preview:large, max-video-preview:-1\" \/>\n<link rel=\"canonical\" href=\"https:\/\/geooprema.com\/bs\/products\/iznajmljivanje\/leica-scanstation-p30\/\" \/>\n<meta property=\"og:locale\" content=\"bs_BA\" \/>\n<meta property=\"og:type\" content=\"article\" \/>\n<meta property=\"og:title\" content=\"Leica ScanStation P30 - Geooprema\" \/>\n<meta property=\"og:description\" content=\"GLAVNE KARAKTERISTIKE:  \u2022 Leica HDS  \u2022 Domet do 120m  \u2022 Tok ispitivanja i registracija na brodu  \u2022 Prikupljanje ciljeva na brodu  \u2022 Dvoosovinski kompenzator ispitivanog nivoa  \u2022 HDR slike  \u2022 IP54 ocjena\" \/>\n<meta property=\"og:url\" content=\"https:\/\/geooprema.com\/bs\/products\/iznajmljivanje\/leica-scanstation-p30\/\" \/>\n<meta property=\"og:site_name\" content=\"Geooprema\" \/>\n<meta property=\"article:publisher\" content=\"https:\/\/www.facebook.com\/geoinfobih\" \/>\n<meta property=\"og:image\" content=\"https:\/\/geooprema.com\/wp-content\/uploads\/2021\/05\/Leica-P40-1.jpg\" \/>\n\t<meta property=\"og:image:width\" content=\"800\" \/>\n\t<meta property=\"og:image:height\" content=\"800\" \/>\n\t<meta property=\"og:image:type\" content=\"image\/jpeg\" \/>\n<meta name=\"twitter:card\" content=\"summary_large_image\" \/>\n<meta name=\"twitter:label1\" content=\"Est. reading time\" \/>\n\t<meta name=\"twitter:data1\" content=\"2 minute\" \/>\n<script type=\"application\/ld+json\" class=\"yoast-schema-graph\">{\"@context\":\"https:\/\/schema.org\",\"@graph\":[{\"@type\":\"WebPage\",\"@id\":\"https:\/\/geooprema.com\/bs\/products\/iznajmljivanje\/leica-scanstation-p30\/\",\"url\":\"https:\/\/geooprema.com\/bs\/products\/iznajmljivanje\/leica-scanstation-p30\/\",\"name\":\"Leica ScanStation P30 - Geooprema\",\"isPartOf\":{\"@id\":\"https:\/\/geooprema.com\/#website\"},\"primaryImageOfPage\":{\"@id\":\"https:\/\/geooprema.com\/bs\/products\/iznajmljivanje\/leica-scanstation-p30\/#primaryimage\"},\"image\":{\"@id\":\"https:\/\/geooprema.com\/bs\/products\/iznajmljivanje\/leica-scanstation-p30\/#primaryimage\"},\"thumbnailUrl\":\"https:\/\/geooprema.com\/wp-content\/uploads\/2021\/05\/Leica-P40-1.jpg\",\"datePublished\":\"2021-05-03T22:09:04+00:00\",\"breadcrumb\":{\"@id\":\"https:\/\/geooprema.com\/bs\/products\/iznajmljivanje\/leica-scanstation-p30\/#breadcrumb\"},\"inLanguage\":\"bs-BA\",\"potentialAction\":[{\"@type\":\"ReadAction\",\"target\":[\"https:\/\/geooprema.com\/bs\/products\/iznajmljivanje\/leica-scanstation-p30\/\"]}]},{\"@type\":\"ImageObject\",\"inLanguage\":\"bs-BA\",\"@id\":\"https:\/\/geooprema.com\/bs\/products\/iznajmljivanje\/leica-scanstation-p30\/#primaryimage\",\"url\":\"https:\/\/geooprema.com\/wp-content\/uploads\/2021\/05\/Leica-P40-1.jpg\",\"contentUrl\":\"https:\/\/geooprema.com\/wp-content\/uploads\/2021\/05\/Leica-P40-1.jpg\",\"width\":800,\"height\":800,\"caption\":\"Leica P40\"},{\"@type\":\"BreadcrumbList\",\"@id\":\"https:\/\/geooprema.com\/bs\/products\/iznajmljivanje\/leica-scanstation-p30\/#breadcrumb\",\"itemListElement\":[{\"@type\":\"ListItem\",\"position\":1,\"name\":\"Home\",\"item\":\"https:\/\/geooprema.com\/bs\/\"},{\"@type\":\"ListItem\",\"position\":2,\"name\":\"Shop\",\"item\":\"https:\/\/geooprema.com\/shop-2\/\"},{\"@type\":\"ListItem\",\"position\":3,\"name\":\"Leica ScanStation P30\"}]},{\"@type\":\"WebSite\",\"@id\":\"https:\/\/geooprema.com\/#website\",\"url\":\"https:\/\/geooprema.com\/\",\"name\":\"Geooprema\",\"description\":\"Surveying and Construction Equipmen, Software and Accessories\",\"publisher\":{\"@id\":\"https:\/\/geooprema.com\/#organization\"},\"potentialAction\":[{\"@type\":\"SearchAction\",\"target\":{\"@type\":\"EntryPoint\",\"urlTemplate\":\"https:\/\/geooprema.com\/?s={search_term_string}\"},\"query-input\":{\"@type\":\"PropertyValueSpecification\",\"valueRequired\":true,\"valueName\":\"search_term_string\"}}],\"inLanguage\":\"bs-BA\"},{\"@type\":\"Organization\",\"@id\":\"https:\/\/geooprema.com\/#organization\",\"name\":\"Geooprema\",\"url\":\"https:\/\/geooprema.com\/\",\"logo\":{\"@type\":\"ImageObject\",\"inLanguage\":\"bs-BA\",\"@id\":\"https:\/\/geooprema.com\/#\/schema\/logo\/image\/\",\"url\":\"https:\/\/geooprema.com\/wp-content\/uploads\/2020\/08\/geooprema-logo.png\",\"contentUrl\":\"https:\/\/geooprema.com\/wp-content\/uploads\/2020\/08\/geooprema-logo.png\",\"width\":513,\"height\":161,\"caption\":\"Geooprema\"},\"image\":{\"@id\":\"https:\/\/geooprema.com\/#\/schema\/logo\/image\/\"},\"sameAs\":[\"https:\/\/www.facebook.com\/geoinfobih\",\"https:\/\/www.instagram.com\/geoinfodoo\/\",\"https:\/\/www.linkedin.com\/company\/geoinfo-doo\/\",\"https:\/\/www.youtube.com\/c\/Geoinfodoo\"]}]}<\/script>\n<!-- \/ Yoast SEO plugin. -->","yoast_head_json":{"title":"Leica ScanStation P30 - Geooprema","robots":{"index":"index","follow":"follow","max-snippet":"max-snippet:-1","max-image-preview":"max-image-preview:large","max-video-preview":"max-video-preview:-1"},"canonical":"https:\/\/geooprema.com\/bs\/products\/iznajmljivanje\/leica-scanstation-p30\/","og_locale":"bs_BA","og_type":"article","og_title":"Leica ScanStation P30 - Geooprema","og_description":"GLAVNE KARAKTERISTIKE:  \u2022 Leica HDS  \u2022 Domet do 120m  \u2022 Tok ispitivanja i registracija na brodu  \u2022 Prikupljanje ciljeva na brodu  \u2022 Dvoosovinski kompenzator ispitivanog nivoa  \u2022 HDR slike  \u2022 IP54 ocjena","og_url":"https:\/\/geooprema.com\/bs\/products\/iznajmljivanje\/leica-scanstation-p30\/","og_site_name":"Geooprema","article_publisher":"https:\/\/www.facebook.com\/geoinfobih","og_image":[{"width":800,"height":800,"url":"https:\/\/geooprema.com\/wp-content\/uploads\/2021\/05\/Leica-P40-1.jpg","type":"image\/jpeg"}],"twitter_card":"summary_large_image","twitter_misc":{"Est. reading time":"2 minute"},"schema":{"@context":"https:\/\/schema.org","@graph":[{"@type":"WebPage","@id":"https:\/\/geooprema.com\/bs\/products\/iznajmljivanje\/leica-scanstation-p30\/","url":"https:\/\/geooprema.com\/bs\/products\/iznajmljivanje\/leica-scanstation-p30\/","name":"Leica ScanStation P30 - Geooprema","isPartOf":{"@id":"https:\/\/geooprema.com\/#website"},"primaryImageOfPage":{"@id":"https:\/\/geooprema.com\/bs\/products\/iznajmljivanje\/leica-scanstation-p30\/#primaryimage"},"image":{"@id":"https:\/\/geooprema.com\/bs\/products\/iznajmljivanje\/leica-scanstation-p30\/#primaryimage"},"thumbnailUrl":"https:\/\/geooprema.com\/wp-content\/uploads\/2021\/05\/Leica-P40-1.jpg","datePublished":"2021-05-03T22:09:04+00:00","breadcrumb":{"@id":"https:\/\/geooprema.com\/bs\/products\/iznajmljivanje\/leica-scanstation-p30\/#breadcrumb"},"inLanguage":"bs-BA","potentialAction":[{"@type":"ReadAction","target":["https:\/\/geooprema.com\/bs\/products\/iznajmljivanje\/leica-scanstation-p30\/"]}]},{"@type":"ImageObject","inLanguage":"bs-BA","@id":"https:\/\/geooprema.com\/bs\/products\/iznajmljivanje\/leica-scanstation-p30\/#primaryimage","url":"https:\/\/geooprema.com\/wp-content\/uploads\/2021\/05\/Leica-P40-1.jpg","contentUrl":"https:\/\/geooprema.com\/wp-content\/uploads\/2021\/05\/Leica-P40-1.jpg","width":800,"height":800,"caption":"Leica P40"},{"@type":"BreadcrumbList","@id":"https:\/\/geooprema.com\/bs\/products\/iznajmljivanje\/leica-scanstation-p30\/#breadcrumb","itemListElement":[{"@type":"ListItem","position":1,"name":"Home","item":"https:\/\/geooprema.com\/bs\/"},{"@type":"ListItem","position":2,"name":"Shop","item":"https:\/\/geooprema.com\/shop-2\/"},{"@type":"ListItem","position":3,"name":"Leica ScanStation P30"}]},{"@type":"WebSite","@id":"https:\/\/geooprema.com\/#website","url":"https:\/\/geooprema.com\/","name":"Geooprema","description":"Surveying and Construction Equipmen, Software and Accessories","publisher":{"@id":"https:\/\/geooprema.com\/#organization"},"potentialAction":[{"@type":"SearchAction","target":{"@type":"EntryPoint","urlTemplate":"https:\/\/geooprema.com\/?s={search_term_string}"},"query-input":{"@type":"PropertyValueSpecification","valueRequired":true,"valueName":"search_term_string"}}],"inLanguage":"bs-BA"},{"@type":"Organization","@id":"https:\/\/geooprema.com\/#organization","name":"Geooprema","url":"https:\/\/geooprema.com\/","logo":{"@type":"ImageObject","inLanguage":"bs-BA","@id":"https:\/\/geooprema.com\/#\/schema\/logo\/image\/","url":"https:\/\/geooprema.com\/wp-content\/uploads\/2020\/08\/geooprema-logo.png","contentUrl":"https:\/\/geooprema.com\/wp-content\/uploads\/2020\/08\/geooprema-logo.png","width":513,"height":161,"caption":"Geooprema"},"image":{"@id":"https:\/\/geooprema.com\/#\/schema\/logo\/image\/"},"sameAs":["https:\/\/www.facebook.com\/geoinfobih","https:\/\/www.instagram.com\/geoinfodoo\/","https:\/\/www.linkedin.com\/company\/geoinfo-doo\/","https:\/\/www.youtube.com\/c\/Geoinfodoo"]}]}},"_links":{"self":[{"href":"https:\/\/geooprema.com\/bs\/wp-json\/wp\/v2\/product\/31849","targetHints":{"allow":["GET"]}}],"collection":[{"href":"https:\/\/geooprema.com\/bs\/wp-json\/wp\/v2\/product"}],"about":[{"href":"https:\/\/geooprema.com\/bs\/wp-json\/wp\/v2\/types\/product"}],"replies":[{"embeddable":true,"href":"https:\/\/geooprema.com\/bs\/wp-json\/wp\/v2\/comments?post=31849"}],"wp:featuredmedia":[{"embeddable":true,"href":"https:\/\/geooprema.com\/bs\/wp-json\/wp\/v2\/media\/31252"}],"wp:attachment":[{"href":"https:\/\/geooprema.com\/bs\/wp-json\/wp\/v2\/media?parent=31849"}],"wp:term":[{"taxonomy":"product_brand","embeddable":true,"href":"https:\/\/geooprema.com\/bs\/wp-json\/wp\/v2\/product_brand?post=31849"},{"taxonomy":"product_cat","embeddable":true,"href":"https:\/\/geooprema.com\/bs\/wp-json\/wp\/v2\/product_cat?post=31849"},{"taxonomy":"product_tag","embeddable":true,"href":"https:\/\/geooprema.com\/bs\/wp-json\/wp\/v2\/product_tag?post=31849"}],"curies":[{"name":"wp","href":"https:\/\/api.w.org\/{rel}","templated":true}]}}