
{"id":31846,"date":"2020-10-15T10:13:37","date_gmt":"2020-10-15T10:13:37","guid":{"rendered":"https:\/\/geooprema.com\/products\/Bez kategorije\/faro-fokus-3d-x-130-hdr\/"},"modified":"2020-10-15T10:13:37","modified_gmt":"2020-10-15T10:13:37","slug":"faro-fokus-3d-x-130-hdr","status":"publish","type":"product","link":"https:\/\/geooprema.com\/bs\/products\/koristena-geodetska-oprema\/koristeni-laserski-skeneri\/faro-fokus-3d-x-130-hdr\/","title":{"rendered":"FARO Fokus 3D X 130 HDR"},"content":{"rendered":"<div class=\"cpe_kit_item\">\n<div class=\"cpe_kit_item\">\n<div class=\"cpe_kit_item\">\n<div class=\"cpe_kit_item\">\n<div class=\"cpe_kit_item\">\n<div class=\"shortdesc\">Kori\u0161teni laserski skener FARO Focus3D X 130 HDR<\/div>\n<div class=\"clearfix top10\">\n<p>* godina proizvodnje: 2017<\/p>\n<\/div>\n<div class=\"product-offer\">X-serija laserskih skenera FARO Fokus3D X 130 HDR mo\u0107an je 3D veoma brzi<br \/>\nskener koji daje realne i precizne rezultate skeniranja.<br \/>\nIzuzetno prenosivi Fokus3D X 130 HDR omogu\u0107ava brza, jednostavana, a opet<br \/>\nta\u010dna mjerenja fasada, slo\u017eenih konstrukcija, proizvodnje i snabdijevanje objekata, mjesta nesre\u0107a i komponenata velike koli\u010dine. Kombinovana najpreciznija tehnologija skeniranja s autenti\u010dnom pokretljivo\u0161\u0107u i lako\u0107om upotrebe, ure\u0111aj nudi pouzdanost, fleksibilnost i prikaze u stvarnom vremenu snimljenih podataka. Podaci 3D skeniranja mogu se lako uvesti u sva uobi\u010dajena softverska rje\u0161enja za obnovu nesre\u0107a, arhitekturu, gra\u0111evinarstvo, gra\u0111evina, forenzika ili industrijska proizvodnja.<br \/>\nUz trajanje baterije od 4,5 sata, laserski skener ima i visok nivo fleksibilnosti i izdr\u017eljivosti. Faro-ova mala te\u017eina, mala veli\u010dina i SD kartica<br \/>\n\u010dini skener zaista pokretnim.<\/div>\n<div><\/div>\n<div><strong> Jedinica u boji <\/strong><br \/>\nRezolucija: Do 170 megapiksela u boji<br \/>\nHDR: Snimanje fotografija visokog dinami\u010dkog obuhvata (HDR), 3x \/ 5x<br \/>\nParalaksa: Koaksijalni dizajn<br \/>\n<strong> Jedinica za odbijanje <\/strong><br \/>\nVidno polje (vertikalno \/ horizontalno): 300 \u00b0 4<br \/>\n\/ 360 \u00b0<br \/>\nVeli\u010dina koraka (vertikalno \/ horizontalno): 0,009 \u00b0 (40.960 3D-piksela na 360 \u00b0) \/ 0,009 \u00b0 (40.960 3D-piksela na 360 \u00b0)<br \/>\nMaksimalna\u00a0 vertikalna brzina skeniranja: 5,820 o \/ min ili 97 Hz<br \/>\n<strong> Laser (opti\u010dki oda\u0161ilja\u010d) <\/strong><br \/>\nLaserska klasa: Laserska klasa 1<br \/>\nTalasna du\u017eina: 1550nm<br \/>\nDivergencija snopa: Tipi\u010dno 0,19 mrad (0,011 \u00b0) (1 \/ e, polukut)<br \/>\nPromjer snopa na izlazu: Tipi\u010dno 2,25 mm (1 \/ e)<br \/>\n<strong> Rukovanje podacima i kontrola <\/strong><br \/>\nPohrana podataka: SD, SDHC &amp; # x2122 ;, SDXC &amp; # x2122 ;; Uklju\u010dena kartica od 32 GB<br \/>\nKontrola skenera: Preko ekrana osjetljivog na dodir i WLAN-a<br \/>\nNovi pristup WLAN-u: Daljinsko upravljanje, vizualizacija skeniranja mogu\u0107i su na mobilnim ure\u0111ajima sa Flash\u00ae i HTML5<br \/>\n<strong> Vi\u0161e senzora <\/strong><br \/>\nDvoosni kompenzator: Nivoi svakog skeniranja: Ta\u010dnost 0,015 \u00b0; Raspon \u00b1 5 \u00b0<br \/>\nSenzor visine: Putem elektroni\u010dkog barometra mo\u017ee se otkriti visina u odnosu na fiksnu ta\u010dku i dodati u skeniranje.<br \/>\nKompas5: Elektroni\u010dki kompas daje skeniranju orijentaciju. Uklju\u010dena je karakteristika kalibracije.<br \/>\nGPS: Integrirani GPS prijemnik<\/div>\n<\/div>\n<\/div>\n<\/div>\n<div class=\"cpe_kit_item\"><\/div>\n<\/div>\n<\/div>\n","protected":false},"excerpt":{"rendered":"<p><strong> Pribor za skener <\/strong> <strong>: <\/strong><\/p>\n<ul>\n<li>2x PowerBlock baterija<\/li>\n<li>punja\u010d sa postoljem za punjenje<\/li>\n<li>transportna kutija<\/li>\n<li>tribrach adapter<\/li>\n<\/ul>\n","protected":false},"featured_media":27686,"comment_status":"open","ping_status":"closed","template":"","meta":{"_acf_changed":false},"product_brand":[],"product_cat":[707,1313],"product_tag":[1715,1640,1641],"class_list":{"0":"post-31846","1":"product","2":"type-product","3":"status-publish","4":"has-post-thumbnail","6":"product_cat-koristena-geodetska-oprema","7":"product_cat-koristeni-laserski-skeneri","8":"product_tag-faro-bs","9":"product_tag-laser-bs","10":"product_tag-skener","11":"pa_brand-faro-bs","13":"first","14":"onbackorder","15":"taxable","16":"shipping-taxable","17":"product-type-simple","swatches":"rey-swatches","show_selected":""},"acf":[],"yoast_head":"<!-- This site is optimized with the Yoast SEO plugin v24.9 - https:\/\/yoast.com\/wordpress\/plugins\/seo\/ -->\n<title>FARO Fokus 3D X 130 HDR - Geooprema<\/title>\n<meta name=\"robots\" content=\"index, follow, max-snippet:-1, max-image-preview:large, max-video-preview:-1\" \/>\n<link rel=\"canonical\" href=\"https:\/\/geooprema.com\/bs\/products\/koristena-geodetska-oprema\/faro-fokus-3d-x-130-hdr\/\" \/>\n<meta property=\"og:locale\" content=\"bs_BA\" \/>\n<meta property=\"og:type\" content=\"article\" \/>\n<meta property=\"og:title\" content=\"FARO Fokus 3D X 130 HDR - Geooprema\" \/>\n<meta property=\"og:description\" content=\"Pribor za skener :    2x PowerBlock baterija  punja\u010d sa postoljem za punjenje  transportna kutija  tribrach adapter\" \/>\n<meta property=\"og:url\" content=\"https:\/\/geooprema.com\/bs\/products\/koristena-geodetska-oprema\/faro-fokus-3d-x-130-hdr\/\" \/>\n<meta property=\"og:site_name\" content=\"Geooprema\" \/>\n<meta property=\"article:publisher\" content=\"https:\/\/www.facebook.com\/geoinfobih\" \/>\n<meta property=\"og:image\" content=\"https:\/\/geooprema.com\/wp-content\/uploads\/2020\/10\/FARO-Focus3D-X-130-HDR.jpg\" \/>\n\t<meta property=\"og:image:width\" content=\"800\" \/>\n\t<meta property=\"og:image:height\" content=\"800\" \/>\n\t<meta property=\"og:image:type\" content=\"image\/jpeg\" \/>\n<meta name=\"twitter:card\" content=\"summary_large_image\" \/>\n<meta name=\"twitter:label1\" content=\"Est. reading time\" \/>\n\t<meta name=\"twitter:data1\" content=\"2 minute\" \/>\n<script type=\"application\/ld+json\" class=\"yoast-schema-graph\">{\"@context\":\"https:\/\/schema.org\",\"@graph\":[{\"@type\":\"WebPage\",\"@id\":\"https:\/\/geooprema.com\/bs\/products\/koristena-geodetska-oprema\/faro-fokus-3d-x-130-hdr\/\",\"url\":\"https:\/\/geooprema.com\/bs\/products\/koristena-geodetska-oprema\/faro-fokus-3d-x-130-hdr\/\",\"name\":\"FARO Fokus 3D X 130 HDR - Geooprema\",\"isPartOf\":{\"@id\":\"https:\/\/geooprema.com\/#website\"},\"primaryImageOfPage\":{\"@id\":\"https:\/\/geooprema.com\/bs\/products\/koristena-geodetska-oprema\/faro-fokus-3d-x-130-hdr\/#primaryimage\"},\"image\":{\"@id\":\"https:\/\/geooprema.com\/bs\/products\/koristena-geodetska-oprema\/faro-fokus-3d-x-130-hdr\/#primaryimage\"},\"thumbnailUrl\":\"https:\/\/geooprema.com\/wp-content\/uploads\/2020\/10\/FARO-Focus3D-X-130-HDR.jpg\",\"datePublished\":\"2020-10-15T10:13:37+00:00\",\"breadcrumb\":{\"@id\":\"https:\/\/geooprema.com\/bs\/products\/koristena-geodetska-oprema\/faro-fokus-3d-x-130-hdr\/#breadcrumb\"},\"inLanguage\":\"bs-BA\",\"potentialAction\":[{\"@type\":\"ReadAction\",\"target\":[\"https:\/\/geooprema.com\/bs\/products\/koristena-geodetska-oprema\/faro-fokus-3d-x-130-hdr\/\"]}]},{\"@type\":\"ImageObject\",\"inLanguage\":\"bs-BA\",\"@id\":\"https:\/\/geooprema.com\/bs\/products\/koristena-geodetska-oprema\/faro-fokus-3d-x-130-hdr\/#primaryimage\",\"url\":\"https:\/\/geooprema.com\/wp-content\/uploads\/2020\/10\/FARO-Focus3D-X-130-HDR.jpg\",\"contentUrl\":\"https:\/\/geooprema.com\/wp-content\/uploads\/2020\/10\/FARO-Focus3D-X-130-HDR.jpg\",\"width\":800,\"height\":800,\"caption\":\"FARO Focus3D X 130 HDR\"},{\"@type\":\"BreadcrumbList\",\"@id\":\"https:\/\/geooprema.com\/bs\/products\/koristena-geodetska-oprema\/faro-fokus-3d-x-130-hdr\/#breadcrumb\",\"itemListElement\":[{\"@type\":\"ListItem\",\"position\":1,\"name\":\"Home\",\"item\":\"https:\/\/geooprema.com\/bs\/\"},{\"@type\":\"ListItem\",\"position\":2,\"name\":\"Shop\",\"item\":\"https:\/\/geooprema.com\/shop-2\/\"},{\"@type\":\"ListItem\",\"position\":3,\"name\":\"FARO Fokus 3D X 130 HDR\"}]},{\"@type\":\"WebSite\",\"@id\":\"https:\/\/geooprema.com\/#website\",\"url\":\"https:\/\/geooprema.com\/\",\"name\":\"Geooprema\",\"description\":\"Surveying and Construction Equipmen, Software and Accessories\",\"publisher\":{\"@id\":\"https:\/\/geooprema.com\/#organization\"},\"potentialAction\":[{\"@type\":\"SearchAction\",\"target\":{\"@type\":\"EntryPoint\",\"urlTemplate\":\"https:\/\/geooprema.com\/?s={search_term_string}\"},\"query-input\":{\"@type\":\"PropertyValueSpecification\",\"valueRequired\":true,\"valueName\":\"search_term_string\"}}],\"inLanguage\":\"bs-BA\"},{\"@type\":\"Organization\",\"@id\":\"https:\/\/geooprema.com\/#organization\",\"name\":\"Geooprema\",\"url\":\"https:\/\/geooprema.com\/\",\"logo\":{\"@type\":\"ImageObject\",\"inLanguage\":\"bs-BA\",\"@id\":\"https:\/\/geooprema.com\/#\/schema\/logo\/image\/\",\"url\":\"https:\/\/geooprema.com\/wp-content\/uploads\/2020\/08\/geooprema-logo.png\",\"contentUrl\":\"https:\/\/geooprema.com\/wp-content\/uploads\/2020\/08\/geooprema-logo.png\",\"width\":513,\"height\":161,\"caption\":\"Geooprema\"},\"image\":{\"@id\":\"https:\/\/geooprema.com\/#\/schema\/logo\/image\/\"},\"sameAs\":[\"https:\/\/www.facebook.com\/geoinfobih\",\"https:\/\/www.instagram.com\/geoinfodoo\/\",\"https:\/\/www.linkedin.com\/company\/geoinfo-doo\/\",\"https:\/\/www.youtube.com\/c\/Geoinfodoo\"]}]}<\/script>\n<!-- \/ Yoast SEO plugin. -->","yoast_head_json":{"title":"FARO Fokus 3D X 130 HDR - Geooprema","robots":{"index":"index","follow":"follow","max-snippet":"max-snippet:-1","max-image-preview":"max-image-preview:large","max-video-preview":"max-video-preview:-1"},"canonical":"https:\/\/geooprema.com\/bs\/products\/koristena-geodetska-oprema\/faro-fokus-3d-x-130-hdr\/","og_locale":"bs_BA","og_type":"article","og_title":"FARO Fokus 3D X 130 HDR - Geooprema","og_description":"Pribor za skener :    2x PowerBlock baterija  punja\u010d sa postoljem za punjenje  transportna kutija  tribrach adapter","og_url":"https:\/\/geooprema.com\/bs\/products\/koristena-geodetska-oprema\/faro-fokus-3d-x-130-hdr\/","og_site_name":"Geooprema","article_publisher":"https:\/\/www.facebook.com\/geoinfobih","og_image":[{"width":800,"height":800,"url":"https:\/\/geooprema.com\/wp-content\/uploads\/2020\/10\/FARO-Focus3D-X-130-HDR.jpg","type":"image\/jpeg"}],"twitter_card":"summary_large_image","twitter_misc":{"Est. reading time":"2 minute"},"schema":{"@context":"https:\/\/schema.org","@graph":[{"@type":"WebPage","@id":"https:\/\/geooprema.com\/bs\/products\/koristena-geodetska-oprema\/faro-fokus-3d-x-130-hdr\/","url":"https:\/\/geooprema.com\/bs\/products\/koristena-geodetska-oprema\/faro-fokus-3d-x-130-hdr\/","name":"FARO Fokus 3D X 130 HDR - Geooprema","isPartOf":{"@id":"https:\/\/geooprema.com\/#website"},"primaryImageOfPage":{"@id":"https:\/\/geooprema.com\/bs\/products\/koristena-geodetska-oprema\/faro-fokus-3d-x-130-hdr\/#primaryimage"},"image":{"@id":"https:\/\/geooprema.com\/bs\/products\/koristena-geodetska-oprema\/faro-fokus-3d-x-130-hdr\/#primaryimage"},"thumbnailUrl":"https:\/\/geooprema.com\/wp-content\/uploads\/2020\/10\/FARO-Focus3D-X-130-HDR.jpg","datePublished":"2020-10-15T10:13:37+00:00","breadcrumb":{"@id":"https:\/\/geooprema.com\/bs\/products\/koristena-geodetska-oprema\/faro-fokus-3d-x-130-hdr\/#breadcrumb"},"inLanguage":"bs-BA","potentialAction":[{"@type":"ReadAction","target":["https:\/\/geooprema.com\/bs\/products\/koristena-geodetska-oprema\/faro-fokus-3d-x-130-hdr\/"]}]},{"@type":"ImageObject","inLanguage":"bs-BA","@id":"https:\/\/geooprema.com\/bs\/products\/koristena-geodetska-oprema\/faro-fokus-3d-x-130-hdr\/#primaryimage","url":"https:\/\/geooprema.com\/wp-content\/uploads\/2020\/10\/FARO-Focus3D-X-130-HDR.jpg","contentUrl":"https:\/\/geooprema.com\/wp-content\/uploads\/2020\/10\/FARO-Focus3D-X-130-HDR.jpg","width":800,"height":800,"caption":"FARO Focus3D X 130 HDR"},{"@type":"BreadcrumbList","@id":"https:\/\/geooprema.com\/bs\/products\/koristena-geodetska-oprema\/faro-fokus-3d-x-130-hdr\/#breadcrumb","itemListElement":[{"@type":"ListItem","position":1,"name":"Home","item":"https:\/\/geooprema.com\/bs\/"},{"@type":"ListItem","position":2,"name":"Shop","item":"https:\/\/geooprema.com\/shop-2\/"},{"@type":"ListItem","position":3,"name":"FARO Fokus 3D X 130 HDR"}]},{"@type":"WebSite","@id":"https:\/\/geooprema.com\/#website","url":"https:\/\/geooprema.com\/","name":"Geooprema","description":"Surveying and Construction Equipmen, Software and Accessories","publisher":{"@id":"https:\/\/geooprema.com\/#organization"},"potentialAction":[{"@type":"SearchAction","target":{"@type":"EntryPoint","urlTemplate":"https:\/\/geooprema.com\/?s={search_term_string}"},"query-input":{"@type":"PropertyValueSpecification","valueRequired":true,"valueName":"search_term_string"}}],"inLanguage":"bs-BA"},{"@type":"Organization","@id":"https:\/\/geooprema.com\/#organization","name":"Geooprema","url":"https:\/\/geooprema.com\/","logo":{"@type":"ImageObject","inLanguage":"bs-BA","@id":"https:\/\/geooprema.com\/#\/schema\/logo\/image\/","url":"https:\/\/geooprema.com\/wp-content\/uploads\/2020\/08\/geooprema-logo.png","contentUrl":"https:\/\/geooprema.com\/wp-content\/uploads\/2020\/08\/geooprema-logo.png","width":513,"height":161,"caption":"Geooprema"},"image":{"@id":"https:\/\/geooprema.com\/#\/schema\/logo\/image\/"},"sameAs":["https:\/\/www.facebook.com\/geoinfobih","https:\/\/www.instagram.com\/geoinfodoo\/","https:\/\/www.linkedin.com\/company\/geoinfo-doo\/","https:\/\/www.youtube.com\/c\/Geoinfodoo"]}]}},"_links":{"self":[{"href":"https:\/\/geooprema.com\/bs\/wp-json\/wp\/v2\/product\/31846","targetHints":{"allow":["GET"]}}],"collection":[{"href":"https:\/\/geooprema.com\/bs\/wp-json\/wp\/v2\/product"}],"about":[{"href":"https:\/\/geooprema.com\/bs\/wp-json\/wp\/v2\/types\/product"}],"replies":[{"embeddable":true,"href":"https:\/\/geooprema.com\/bs\/wp-json\/wp\/v2\/comments?post=31846"}],"wp:featuredmedia":[{"embeddable":true,"href":"https:\/\/geooprema.com\/bs\/wp-json\/wp\/v2\/media\/27686"}],"wp:attachment":[{"href":"https:\/\/geooprema.com\/bs\/wp-json\/wp\/v2\/media?parent=31846"}],"wp:term":[{"taxonomy":"product_brand","embeddable":true,"href":"https:\/\/geooprema.com\/bs\/wp-json\/wp\/v2\/product_brand?post=31846"},{"taxonomy":"product_cat","embeddable":true,"href":"https:\/\/geooprema.com\/bs\/wp-json\/wp\/v2\/product_cat?post=31846"},{"taxonomy":"product_tag","embeddable":true,"href":"https:\/\/geooprema.com\/bs\/wp-json\/wp\/v2\/product_tag?post=31846"}],"curies":[{"name":"wp","href":"https:\/\/api.w.org\/{rel}","templated":true}]}}