
{"id":31843,"date":"2020-10-15T07:51:07","date_gmt":"2020-10-15T07:51:07","guid":{"rendered":"https:\/\/geooprema.com\/products\/Bez kategorije\/scanstation-p20\/"},"modified":"2020-10-15T07:51:07","modified_gmt":"2020-10-15T07:51:07","slug":"scanstation-p20","status":"publish","type":"product","link":"https:\/\/geooprema.com\/bs\/products\/koristena-geodetska-oprema\/koristeni-laserski-skeneri\/scanstation-p20\/","title":{"rendered":"Leica ScanStation P20"},"content":{"rendered":"<div class = \"cpe_kit_item\">\n<div class = \"cpe_kit_item\">\n<div class = \"cpe_kit_item\">\n<div class = \"cpe_kit_item\">\n<h2 class = \"cpe_kit_item\"> Leica ScanStation P20 <\/h2>\n<p> <strong> Nevi\u0111ene performanse u laserskom skeniranju ultra velike brzine <\/strong> <\/p>\n<h4> <strong> Produktivnost &#038; amp; Ta\u010dnost <\/strong> <\/h4>\n<p> Inovativna kombinacija naprednog merenja dometa leta i moderne tehnologije digitalizacije talasa (WFD) omogu\u0107ava kompaktnoj Leica ScanStation P20 postizanje izuzetno velikih brzina skeniranja i performansi niskog nivoa buke na pro\u0161irenom dometu (do 120 m). Zajedno sa ugaonim mjerenjima visoke preciznosti i kompenzacijom nagiba na nivou pregleda, Leica ScanStation P20 pru\u017ea nevi\u0111eni kvalitet podataka skeniranja ultra velike brzine za ugra\u0111ene snimke i snimanja scene. <\/p>\n<h4> Skenirajte do 1 milion ta\u010daka u sekundi <\/h4>\n<p> Leica ScanStation P20 je idealan instrument kada su na raspolaganju vrlo kratki vremenski periodi za snimanje pregleda visoke definicije &#038; # x2122; podataka ili kada su za isporuku klijenta potrebni podaci ultra visoke gusto\u0107e, skeniranje pune kupole. <\/p>\n<\/div>\n<\/div>\n<h4 class = \"cpe_kit_item\"> Neusporedive ekolo\u0161ke mogu\u0107nosti <\/h4>\n<p class = \"cpe_kit_item\"> Razvijen i proizveden od Leica Geosystems, Leica ScanStation P20 omogu\u0107ava korisnicima primjenu ultrabrzih skeniranja u radnim temperaturama u rasponu od \u201320 \u00b0 C do + 50 \u00b0 C. \u0160ta vi\u0161e, sa za\u0161titom od ulaza IP54 i ocjenu laserskog nivoa klase 1, korisnici mogu iskoristiti prednosti skeniranja ultra velike brzine za jo\u0161 vi\u0161e web lokacija i projekata. <\/p>\n<h4> \u201eProvjeri &#038; amp; &#8220;Prilagodi&#8221; za dodatno samopouzdanje <\/h4>\n<p> Leica ScanStation P20 prvi je laserski skener koji ima dragocjeni \u201cCheck &#038; amp; &#8220;Prilagodi&#8221; sposobnost. Umjesto slanja instrumenta u servisni centar, korisnici mogu elektronski sami provjeriti ta\u010dnost svog ScanStation P20 i automatski prilagoditi parametre instrumenta kako bi osigurali najvi\u0161i nivo performansi. <\/p>\n<\/div>\n<\/div>\n","protected":false},"excerpt":{"rendered":"<p> GLAVNE KARAKTERISTIKE: <\/p>\n<p> \u2022 Dodet od 120 m, ki\u0161a ili sjaj <br \/>\n\u2022 Poznati tokovi ispitivanja <br \/>\n\u2022 Sveobuhvatna usluga &#038; amp; podr\u0161ka <br \/>\n\u2022 Podaci u stvarnom vremenu precizni do milimetra <br \/>\n\u2022 Integracija sa popularnim standardima naknadne obrade <\/p>\n","protected":false},"featured_media":31260,"comment_status":"open","ping_status":"closed","template":"","meta":{"_acf_changed":false},"product_brand":[],"product_cat":[707,1313],"product_tag":[1565,1714],"class_list":{"0":"post-31843","1":"product","2":"type-product","3":"status-publish","4":"has-post-thumbnail","6":"product_cat-koristena-geodetska-oprema","7":"product_cat-koristeni-laserski-skeneri","8":"product_tag-leica-bs","9":"product_tag-scanstation-bs","10":"pa_brand-leica-geosystems-bs","12":"first","13":"onbackorder","14":"taxable","15":"shipping-taxable","16":"product-type-simple","swatches":"rey-swatches","show_selected":""},"acf":[],"yoast_head":"<!-- This site is optimized with the Yoast SEO plugin v24.9 - https:\/\/yoast.com\/wordpress\/plugins\/seo\/ -->\n<title>Leica ScanStation P20 - Geooprema<\/title>\n<meta name=\"robots\" content=\"index, follow, max-snippet:-1, max-image-preview:large, max-video-preview:-1\" \/>\n<link rel=\"canonical\" href=\"https:\/\/geooprema.com\/bs\/products\/koristena-geodetska-oprema\/scanstation-p20\/\" \/>\n<meta property=\"og:locale\" content=\"bs_BA\" \/>\n<meta property=\"og:type\" content=\"article\" \/>\n<meta property=\"og:title\" content=\"Leica ScanStation P20 - Geooprema\" \/>\n<meta property=\"og:description\" content=\"GLAVNE KARAKTERISTIKE:  \u2022 Dodet od 120 m, ki\u0161a ili sjaj  \u2022 Poznati tokovi ispitivanja  \u2022 Sveobuhvatna usluga &amp; amp; podr\u0161ka  \u2022 Podaci u stvarnom vremenu precizni do milimetra  \u2022 Integracija sa popularnim standardima naknadne obrade\" \/>\n<meta property=\"og:url\" content=\"https:\/\/geooprema.com\/bs\/products\/koristena-geodetska-oprema\/scanstation-p20\/\" \/>\n<meta property=\"og:site_name\" content=\"Geooprema\" \/>\n<meta property=\"article:publisher\" content=\"https:\/\/www.facebook.com\/geoinfobih\" \/>\n<meta property=\"og:image\" content=\"https:\/\/geooprema.com\/wp-content\/uploads\/2020\/10\/Leica-P20-1.jpg\" \/>\n\t<meta property=\"og:image:width\" content=\"800\" \/>\n\t<meta property=\"og:image:height\" content=\"800\" \/>\n\t<meta property=\"og:image:type\" content=\"image\/jpeg\" \/>\n<meta name=\"twitter:card\" content=\"summary_large_image\" \/>\n<meta name=\"twitter:label1\" content=\"Est. reading time\" \/>\n\t<meta name=\"twitter:data1\" content=\"1 minuta\" \/>\n<script type=\"application\/ld+json\" class=\"yoast-schema-graph\">{\"@context\":\"https:\/\/schema.org\",\"@graph\":[{\"@type\":\"WebPage\",\"@id\":\"https:\/\/geooprema.com\/bs\/products\/koristena-geodetska-oprema\/scanstation-p20\/\",\"url\":\"https:\/\/geooprema.com\/bs\/products\/koristena-geodetska-oprema\/scanstation-p20\/\",\"name\":\"Leica ScanStation P20 - Geooprema\",\"isPartOf\":{\"@id\":\"https:\/\/geooprema.com\/#website\"},\"primaryImageOfPage\":{\"@id\":\"https:\/\/geooprema.com\/bs\/products\/koristena-geodetska-oprema\/scanstation-p20\/#primaryimage\"},\"image\":{\"@id\":\"https:\/\/geooprema.com\/bs\/products\/koristena-geodetska-oprema\/scanstation-p20\/#primaryimage\"},\"thumbnailUrl\":\"https:\/\/geooprema.com\/wp-content\/uploads\/2020\/10\/Leica-P20-1.jpg\",\"datePublished\":\"2020-10-15T07:51:07+00:00\",\"breadcrumb\":{\"@id\":\"https:\/\/geooprema.com\/bs\/products\/koristena-geodetska-oprema\/scanstation-p20\/#breadcrumb\"},\"inLanguage\":\"bs-BA\",\"potentialAction\":[{\"@type\":\"ReadAction\",\"target\":[\"https:\/\/geooprema.com\/bs\/products\/koristena-geodetska-oprema\/scanstation-p20\/\"]}]},{\"@type\":\"ImageObject\",\"inLanguage\":\"bs-BA\",\"@id\":\"https:\/\/geooprema.com\/bs\/products\/koristena-geodetska-oprema\/scanstation-p20\/#primaryimage\",\"url\":\"https:\/\/geooprema.com\/wp-content\/uploads\/2020\/10\/Leica-P20-1.jpg\",\"contentUrl\":\"https:\/\/geooprema.com\/wp-content\/uploads\/2020\/10\/Leica-P20-1.jpg\",\"width\":800,\"height\":800,\"caption\":\"Leica ScanStation P20\"},{\"@type\":\"BreadcrumbList\",\"@id\":\"https:\/\/geooprema.com\/bs\/products\/koristena-geodetska-oprema\/scanstation-p20\/#breadcrumb\",\"itemListElement\":[{\"@type\":\"ListItem\",\"position\":1,\"name\":\"Home\",\"item\":\"https:\/\/geooprema.com\/bs\/\"},{\"@type\":\"ListItem\",\"position\":2,\"name\":\"Shop\",\"item\":\"https:\/\/geooprema.com\/shop-2\/\"},{\"@type\":\"ListItem\",\"position\":3,\"name\":\"Leica ScanStation P20\"}]},{\"@type\":\"WebSite\",\"@id\":\"https:\/\/geooprema.com\/#website\",\"url\":\"https:\/\/geooprema.com\/\",\"name\":\"Geooprema\",\"description\":\"Surveying and Construction Equipmen, Software and Accessories\",\"publisher\":{\"@id\":\"https:\/\/geooprema.com\/#organization\"},\"potentialAction\":[{\"@type\":\"SearchAction\",\"target\":{\"@type\":\"EntryPoint\",\"urlTemplate\":\"https:\/\/geooprema.com\/?s={search_term_string}\"},\"query-input\":{\"@type\":\"PropertyValueSpecification\",\"valueRequired\":true,\"valueName\":\"search_term_string\"}}],\"inLanguage\":\"bs-BA\"},{\"@type\":\"Organization\",\"@id\":\"https:\/\/geooprema.com\/#organization\",\"name\":\"Geooprema\",\"url\":\"https:\/\/geooprema.com\/\",\"logo\":{\"@type\":\"ImageObject\",\"inLanguage\":\"bs-BA\",\"@id\":\"https:\/\/geooprema.com\/#\/schema\/logo\/image\/\",\"url\":\"https:\/\/geooprema.com\/wp-content\/uploads\/2020\/08\/geooprema-logo.png\",\"contentUrl\":\"https:\/\/geooprema.com\/wp-content\/uploads\/2020\/08\/geooprema-logo.png\",\"width\":513,\"height\":161,\"caption\":\"Geooprema\"},\"image\":{\"@id\":\"https:\/\/geooprema.com\/#\/schema\/logo\/image\/\"},\"sameAs\":[\"https:\/\/www.facebook.com\/geoinfobih\",\"https:\/\/www.instagram.com\/geoinfodoo\/\",\"https:\/\/www.linkedin.com\/company\/geoinfo-doo\/\",\"https:\/\/www.youtube.com\/c\/Geoinfodoo\"]}]}<\/script>\n<!-- \/ Yoast SEO plugin. -->","yoast_head_json":{"title":"Leica ScanStation P20 - Geooprema","robots":{"index":"index","follow":"follow","max-snippet":"max-snippet:-1","max-image-preview":"max-image-preview:large","max-video-preview":"max-video-preview:-1"},"canonical":"https:\/\/geooprema.com\/bs\/products\/koristena-geodetska-oprema\/scanstation-p20\/","og_locale":"bs_BA","og_type":"article","og_title":"Leica ScanStation P20 - Geooprema","og_description":"GLAVNE KARAKTERISTIKE:  \u2022 Dodet od 120 m, ki\u0161a ili sjaj  \u2022 Poznati tokovi ispitivanja  \u2022 Sveobuhvatna usluga & amp; podr\u0161ka  \u2022 Podaci u stvarnom vremenu precizni do milimetra  \u2022 Integracija sa popularnim standardima naknadne obrade","og_url":"https:\/\/geooprema.com\/bs\/products\/koristena-geodetska-oprema\/scanstation-p20\/","og_site_name":"Geooprema","article_publisher":"https:\/\/www.facebook.com\/geoinfobih","og_image":[{"width":800,"height":800,"url":"https:\/\/geooprema.com\/wp-content\/uploads\/2020\/10\/Leica-P20-1.jpg","type":"image\/jpeg"}],"twitter_card":"summary_large_image","twitter_misc":{"Est. reading time":"1 minuta"},"schema":{"@context":"https:\/\/schema.org","@graph":[{"@type":"WebPage","@id":"https:\/\/geooprema.com\/bs\/products\/koristena-geodetska-oprema\/scanstation-p20\/","url":"https:\/\/geooprema.com\/bs\/products\/koristena-geodetska-oprema\/scanstation-p20\/","name":"Leica ScanStation P20 - Geooprema","isPartOf":{"@id":"https:\/\/geooprema.com\/#website"},"primaryImageOfPage":{"@id":"https:\/\/geooprema.com\/bs\/products\/koristena-geodetska-oprema\/scanstation-p20\/#primaryimage"},"image":{"@id":"https:\/\/geooprema.com\/bs\/products\/koristena-geodetska-oprema\/scanstation-p20\/#primaryimage"},"thumbnailUrl":"https:\/\/geooprema.com\/wp-content\/uploads\/2020\/10\/Leica-P20-1.jpg","datePublished":"2020-10-15T07:51:07+00:00","breadcrumb":{"@id":"https:\/\/geooprema.com\/bs\/products\/koristena-geodetska-oprema\/scanstation-p20\/#breadcrumb"},"inLanguage":"bs-BA","potentialAction":[{"@type":"ReadAction","target":["https:\/\/geooprema.com\/bs\/products\/koristena-geodetska-oprema\/scanstation-p20\/"]}]},{"@type":"ImageObject","inLanguage":"bs-BA","@id":"https:\/\/geooprema.com\/bs\/products\/koristena-geodetska-oprema\/scanstation-p20\/#primaryimage","url":"https:\/\/geooprema.com\/wp-content\/uploads\/2020\/10\/Leica-P20-1.jpg","contentUrl":"https:\/\/geooprema.com\/wp-content\/uploads\/2020\/10\/Leica-P20-1.jpg","width":800,"height":800,"caption":"Leica ScanStation P20"},{"@type":"BreadcrumbList","@id":"https:\/\/geooprema.com\/bs\/products\/koristena-geodetska-oprema\/scanstation-p20\/#breadcrumb","itemListElement":[{"@type":"ListItem","position":1,"name":"Home","item":"https:\/\/geooprema.com\/bs\/"},{"@type":"ListItem","position":2,"name":"Shop","item":"https:\/\/geooprema.com\/shop-2\/"},{"@type":"ListItem","position":3,"name":"Leica ScanStation P20"}]},{"@type":"WebSite","@id":"https:\/\/geooprema.com\/#website","url":"https:\/\/geooprema.com\/","name":"Geooprema","description":"Surveying and Construction Equipmen, Software and Accessories","publisher":{"@id":"https:\/\/geooprema.com\/#organization"},"potentialAction":[{"@type":"SearchAction","target":{"@type":"EntryPoint","urlTemplate":"https:\/\/geooprema.com\/?s={search_term_string}"},"query-input":{"@type":"PropertyValueSpecification","valueRequired":true,"valueName":"search_term_string"}}],"inLanguage":"bs-BA"},{"@type":"Organization","@id":"https:\/\/geooprema.com\/#organization","name":"Geooprema","url":"https:\/\/geooprema.com\/","logo":{"@type":"ImageObject","inLanguage":"bs-BA","@id":"https:\/\/geooprema.com\/#\/schema\/logo\/image\/","url":"https:\/\/geooprema.com\/wp-content\/uploads\/2020\/08\/geooprema-logo.png","contentUrl":"https:\/\/geooprema.com\/wp-content\/uploads\/2020\/08\/geooprema-logo.png","width":513,"height":161,"caption":"Geooprema"},"image":{"@id":"https:\/\/geooprema.com\/#\/schema\/logo\/image\/"},"sameAs":["https:\/\/www.facebook.com\/geoinfobih","https:\/\/www.instagram.com\/geoinfodoo\/","https:\/\/www.linkedin.com\/company\/geoinfo-doo\/","https:\/\/www.youtube.com\/c\/Geoinfodoo"]}]}},"_links":{"self":[{"href":"https:\/\/geooprema.com\/bs\/wp-json\/wp\/v2\/product\/31843","targetHints":{"allow":["GET"]}}],"collection":[{"href":"https:\/\/geooprema.com\/bs\/wp-json\/wp\/v2\/product"}],"about":[{"href":"https:\/\/geooprema.com\/bs\/wp-json\/wp\/v2\/types\/product"}],"replies":[{"embeddable":true,"href":"https:\/\/geooprema.com\/bs\/wp-json\/wp\/v2\/comments?post=31843"}],"wp:featuredmedia":[{"embeddable":true,"href":"https:\/\/geooprema.com\/bs\/wp-json\/wp\/v2\/media\/31260"}],"wp:attachment":[{"href":"https:\/\/geooprema.com\/bs\/wp-json\/wp\/v2\/media?parent=31843"}],"wp:term":[{"taxonomy":"product_brand","embeddable":true,"href":"https:\/\/geooprema.com\/bs\/wp-json\/wp\/v2\/product_brand?post=31843"},{"taxonomy":"product_cat","embeddable":true,"href":"https:\/\/geooprema.com\/bs\/wp-json\/wp\/v2\/product_cat?post=31843"},{"taxonomy":"product_tag","embeddable":true,"href":"https:\/\/geooprema.com\/bs\/wp-json\/wp\/v2\/product_tag?post=31843"}],"curies":[{"name":"wp","href":"https:\/\/api.w.org\/{rel}","templated":true}]}}