
{"id":31842,"date":"2020-10-14T14:56:53","date_gmt":"2020-10-14T14:56:53","guid":{"rendered":"https:\/\/geooprema.com\/products\/Bez kategorije\/leica-scanstation-c10\/"},"modified":"2020-10-14T14:56:53","modified_gmt":"2020-10-14T14:56:53","slug":"leica-scanstation-c10","status":"publish","type":"product","link":"https:\/\/geooprema.com\/bs\/products\/koristena-geodetska-oprema\/koristeni-laserski-skeneri\/leica-scanstation-c10\/","title":{"rendered":"Leica ScanStation C10"},"content":{"rendered":"<div class=\"cpe_kit_item\">\n<div class=\"cpe_kit_item\">\n<div class=\"cpe_kit_item\">\n<div class=\"cpe_kit_item\">\n<h2 class=\"cpe_kit_item\">Leica ScanStation C10<\/h2>\n<\/div>\n<\/div>\n<div class=\"cpe_kit_item\"><strong> Nova platforma predstavlja najvi\u0161e mogu\u0107nosti i najbolju vrijednost upakovane u jedan instrument <\/strong><\/div>\n<div><\/div>\n<h4>Leica ScanStation C10: novi standard za impulsne skenere<\/h4>\n<p>Najpopularnija klasa laserskih skenera &#8211; ScanStation &#8211; sada se nalazi u kompaktnoj platformi ScanStation C10: skener, baterija, kontroler, pohrana podataka i video kamera. Pored toga, ScanStation C10 tako\u0111e ima veliki napredak u produktivnosti, svestranosti i jednostavnosti upotrebe za ugra\u0111ene i topografske snimke visoke rezolucije.<\/p>\n<h4>Sve u jednom, mogu\u0107nosti skenera za ve\u0107u vrijednost<\/h4>\n<p>ScanStation C10 pru\u017ea korisnicima prednost preciznosti dugotrajnog skeniranja, plus prednost brzog, kupolastog unutra\u0161njeg skeniranja &#8211; sve u jednom instrumentu. Klju\u010d je novi Smart X-Mirror &amp; # x2122; dizajn koji automatski okre\u0107e ogledalo za optimalnu produktivnost. Smart X-Mirror tako\u0111e automatski poravnava ugra\u0111enu video kameru visoke rezolucije sa laserom za brzo ciljanje, ta\u010dno mapiranje tekstura skeniranih slika.<\/p>\n<h4>Potpuno vidno polje + hod + velika ta\u010dnost + izvrstan domet = svestranost<\/h4>\n<p>ScanStation C10 uklju\u010duje svestrane karakteristike koje su klasu ScanStation u\u010dinile tako popularnom. Te mogu\u0107nosti omogu\u0107avaju korisnicima da iskoriste prednost skeniranja za vi\u0161e aplikacija i vi\u0161e web lokacija, uz minimaliziranje rada na terenu.<\/p>\n<h4>Lako za nau\u010diti<\/h4>\n<p>ScanStation C10 uklju\u010duje ugra\u0111enu grafi\u010dku kontrolu nalik na totalnu stanicu, uklju\u010duju\u0107i mogu\u0107nost pregleda skeniranih meta u 3D-u. Korisnici mogu iskoristiti i kontrolu na laptopu za sveobuhvatniji prikaz skeniranja.<\/p>\n<\/div>\n<\/div>\n","protected":false},"excerpt":{"rendered":"<p>GLAVNE KARAKTERISTIKE:<\/p>\n<p>\u2022 domet: od 0,1m do 300m<\/p>\n<p>\u2022 brzina mjerenja: do 50 000 ta\u010daka \/ s<\/p>\n<p>\u2022 klasa lasera: 3R<\/p>\n<p>\u2022 integrirana kamera u boji: da<\/p>\n<p>\u2022 radna temperatura: od 0 \u00b0 C do +40 \u00b0 C<\/p>\n","protected":false},"featured_media":31273,"comment_status":"open","ping_status":"closed","template":"","meta":{"_acf_changed":false},"product_brand":[],"product_cat":[707,1313],"product_tag":[1565,1714],"class_list":{"0":"post-31842","1":"product","2":"type-product","3":"status-publish","4":"has-post-thumbnail","6":"product_cat-koristena-geodetska-oprema","7":"product_cat-koristeni-laserski-skeneri","8":"product_tag-leica-bs","9":"product_tag-scanstation-bs","10":"pa_brand-leica-geosystems-bs","12":"first","13":"onbackorder","14":"sale","15":"featured","16":"taxable","17":"shipping-taxable","18":"product-type-simple","swatches":"rey-swatches","show_selected":""},"acf":[],"yoast_head":"<!-- This site is optimized with the Yoast SEO plugin v24.9 - https:\/\/yoast.com\/wordpress\/plugins\/seo\/ -->\n<title>Leica ScanStation C10 - Geooprema<\/title>\n<meta name=\"robots\" content=\"index, follow, max-snippet:-1, max-image-preview:large, max-video-preview:-1\" \/>\n<link rel=\"canonical\" href=\"https:\/\/geooprema.com\/bs\/products\/koristena-geodetska-oprema\/leica-scanstation-c10\/\" \/>\n<meta property=\"og:locale\" content=\"bs_BA\" \/>\n<meta property=\"og:type\" content=\"article\" \/>\n<meta property=\"og:title\" content=\"Leica ScanStation C10 - Geooprema\" \/>\n<meta property=\"og:description\" content=\"GLAVNE KARAKTERISTIKE:  \u2022 domet: od 0,1m do 300m  \u2022 brzina mjerenja: do 50 000 ta\u010daka \/ s  \u2022 klasa lasera: 3R  \u2022 integrirana kamera u boji: da  \u2022 radna temperatura: od 0 \u00b0 C do +40 \u00b0 C\" \/>\n<meta property=\"og:url\" content=\"https:\/\/geooprema.com\/bs\/products\/koristena-geodetska-oprema\/leica-scanstation-c10\/\" \/>\n<meta property=\"og:site_name\" content=\"Geooprema\" \/>\n<meta property=\"article:publisher\" content=\"https:\/\/www.facebook.com\/geoinfobih\" \/>\n<meta property=\"og:image\" content=\"https:\/\/geooprema.com\/wp-content\/uploads\/2020\/10\/Leica-C10-1-1.jpg\" \/>\n\t<meta property=\"og:image:width\" content=\"800\" \/>\n\t<meta property=\"og:image:height\" content=\"800\" \/>\n\t<meta property=\"og:image:type\" content=\"image\/jpeg\" \/>\n<meta name=\"twitter:card\" content=\"summary_large_image\" \/>\n<meta name=\"twitter:label1\" content=\"Est. reading time\" \/>\n\t<meta name=\"twitter:data1\" content=\"1 minuta\" \/>\n<script type=\"application\/ld+json\" class=\"yoast-schema-graph\">{\"@context\":\"https:\/\/schema.org\",\"@graph\":[{\"@type\":\"WebPage\",\"@id\":\"https:\/\/geooprema.com\/bs\/products\/koristena-geodetska-oprema\/leica-scanstation-c10\/\",\"url\":\"https:\/\/geooprema.com\/bs\/products\/koristena-geodetska-oprema\/leica-scanstation-c10\/\",\"name\":\"Leica ScanStation C10 - Geooprema\",\"isPartOf\":{\"@id\":\"https:\/\/geooprema.com\/#website\"},\"primaryImageOfPage\":{\"@id\":\"https:\/\/geooprema.com\/bs\/products\/koristena-geodetska-oprema\/leica-scanstation-c10\/#primaryimage\"},\"image\":{\"@id\":\"https:\/\/geooprema.com\/bs\/products\/koristena-geodetska-oprema\/leica-scanstation-c10\/#primaryimage\"},\"thumbnailUrl\":\"https:\/\/geooprema.com\/wp-content\/uploads\/2020\/10\/Leica-C10-1-1.jpg\",\"datePublished\":\"2020-10-14T14:56:53+00:00\",\"breadcrumb\":{\"@id\":\"https:\/\/geooprema.com\/bs\/products\/koristena-geodetska-oprema\/leica-scanstation-c10\/#breadcrumb\"},\"inLanguage\":\"bs-BA\",\"potentialAction\":[{\"@type\":\"ReadAction\",\"target\":[\"https:\/\/geooprema.com\/bs\/products\/koristena-geodetska-oprema\/leica-scanstation-c10\/\"]}]},{\"@type\":\"ImageObject\",\"inLanguage\":\"bs-BA\",\"@id\":\"https:\/\/geooprema.com\/bs\/products\/koristena-geodetska-oprema\/leica-scanstation-c10\/#primaryimage\",\"url\":\"https:\/\/geooprema.com\/wp-content\/uploads\/2020\/10\/Leica-C10-1-1.jpg\",\"contentUrl\":\"https:\/\/geooprema.com\/wp-content\/uploads\/2020\/10\/Leica-C10-1-1.jpg\",\"width\":800,\"height\":800,\"caption\":\"Leica ScanStation C10\"},{\"@type\":\"BreadcrumbList\",\"@id\":\"https:\/\/geooprema.com\/bs\/products\/koristena-geodetska-oprema\/leica-scanstation-c10\/#breadcrumb\",\"itemListElement\":[{\"@type\":\"ListItem\",\"position\":1,\"name\":\"Home\",\"item\":\"https:\/\/geooprema.com\/bs\/\"},{\"@type\":\"ListItem\",\"position\":2,\"name\":\"Shop\",\"item\":\"https:\/\/geooprema.com\/shop-2\/\"},{\"@type\":\"ListItem\",\"position\":3,\"name\":\"Leica ScanStation C10\"}]},{\"@type\":\"WebSite\",\"@id\":\"https:\/\/geooprema.com\/#website\",\"url\":\"https:\/\/geooprema.com\/\",\"name\":\"Geooprema\",\"description\":\"Surveying and Construction Equipmen, Software and Accessories\",\"publisher\":{\"@id\":\"https:\/\/geooprema.com\/#organization\"},\"potentialAction\":[{\"@type\":\"SearchAction\",\"target\":{\"@type\":\"EntryPoint\",\"urlTemplate\":\"https:\/\/geooprema.com\/?s={search_term_string}\"},\"query-input\":{\"@type\":\"PropertyValueSpecification\",\"valueRequired\":true,\"valueName\":\"search_term_string\"}}],\"inLanguage\":\"bs-BA\"},{\"@type\":\"Organization\",\"@id\":\"https:\/\/geooprema.com\/#organization\",\"name\":\"Geooprema\",\"url\":\"https:\/\/geooprema.com\/\",\"logo\":{\"@type\":\"ImageObject\",\"inLanguage\":\"bs-BA\",\"@id\":\"https:\/\/geooprema.com\/#\/schema\/logo\/image\/\",\"url\":\"https:\/\/geooprema.com\/wp-content\/uploads\/2020\/08\/geooprema-logo.png\",\"contentUrl\":\"https:\/\/geooprema.com\/wp-content\/uploads\/2020\/08\/geooprema-logo.png\",\"width\":513,\"height\":161,\"caption\":\"Geooprema\"},\"image\":{\"@id\":\"https:\/\/geooprema.com\/#\/schema\/logo\/image\/\"},\"sameAs\":[\"https:\/\/www.facebook.com\/geoinfobih\",\"https:\/\/www.instagram.com\/geoinfodoo\/\",\"https:\/\/www.linkedin.com\/company\/geoinfo-doo\/\",\"https:\/\/www.youtube.com\/c\/Geoinfodoo\"]}]}<\/script>\n<!-- \/ Yoast SEO plugin. -->","yoast_head_json":{"title":"Leica ScanStation C10 - Geooprema","robots":{"index":"index","follow":"follow","max-snippet":"max-snippet:-1","max-image-preview":"max-image-preview:large","max-video-preview":"max-video-preview:-1"},"canonical":"https:\/\/geooprema.com\/bs\/products\/koristena-geodetska-oprema\/leica-scanstation-c10\/","og_locale":"bs_BA","og_type":"article","og_title":"Leica ScanStation C10 - Geooprema","og_description":"GLAVNE KARAKTERISTIKE:  \u2022 domet: od 0,1m do 300m  \u2022 brzina mjerenja: do 50 000 ta\u010daka \/ s  \u2022 klasa lasera: 3R  \u2022 integrirana kamera u boji: da  \u2022 radna temperatura: od 0 \u00b0 C do +40 \u00b0 C","og_url":"https:\/\/geooprema.com\/bs\/products\/koristena-geodetska-oprema\/leica-scanstation-c10\/","og_site_name":"Geooprema","article_publisher":"https:\/\/www.facebook.com\/geoinfobih","og_image":[{"width":800,"height":800,"url":"https:\/\/geooprema.com\/wp-content\/uploads\/2020\/10\/Leica-C10-1-1.jpg","type":"image\/jpeg"}],"twitter_card":"summary_large_image","twitter_misc":{"Est. reading time":"1 minuta"},"schema":{"@context":"https:\/\/schema.org","@graph":[{"@type":"WebPage","@id":"https:\/\/geooprema.com\/bs\/products\/koristena-geodetska-oprema\/leica-scanstation-c10\/","url":"https:\/\/geooprema.com\/bs\/products\/koristena-geodetska-oprema\/leica-scanstation-c10\/","name":"Leica ScanStation C10 - Geooprema","isPartOf":{"@id":"https:\/\/geooprema.com\/#website"},"primaryImageOfPage":{"@id":"https:\/\/geooprema.com\/bs\/products\/koristena-geodetska-oprema\/leica-scanstation-c10\/#primaryimage"},"image":{"@id":"https:\/\/geooprema.com\/bs\/products\/koristena-geodetska-oprema\/leica-scanstation-c10\/#primaryimage"},"thumbnailUrl":"https:\/\/geooprema.com\/wp-content\/uploads\/2020\/10\/Leica-C10-1-1.jpg","datePublished":"2020-10-14T14:56:53+00:00","breadcrumb":{"@id":"https:\/\/geooprema.com\/bs\/products\/koristena-geodetska-oprema\/leica-scanstation-c10\/#breadcrumb"},"inLanguage":"bs-BA","potentialAction":[{"@type":"ReadAction","target":["https:\/\/geooprema.com\/bs\/products\/koristena-geodetska-oprema\/leica-scanstation-c10\/"]}]},{"@type":"ImageObject","inLanguage":"bs-BA","@id":"https:\/\/geooprema.com\/bs\/products\/koristena-geodetska-oprema\/leica-scanstation-c10\/#primaryimage","url":"https:\/\/geooprema.com\/wp-content\/uploads\/2020\/10\/Leica-C10-1-1.jpg","contentUrl":"https:\/\/geooprema.com\/wp-content\/uploads\/2020\/10\/Leica-C10-1-1.jpg","width":800,"height":800,"caption":"Leica ScanStation C10"},{"@type":"BreadcrumbList","@id":"https:\/\/geooprema.com\/bs\/products\/koristena-geodetska-oprema\/leica-scanstation-c10\/#breadcrumb","itemListElement":[{"@type":"ListItem","position":1,"name":"Home","item":"https:\/\/geooprema.com\/bs\/"},{"@type":"ListItem","position":2,"name":"Shop","item":"https:\/\/geooprema.com\/shop-2\/"},{"@type":"ListItem","position":3,"name":"Leica ScanStation C10"}]},{"@type":"WebSite","@id":"https:\/\/geooprema.com\/#website","url":"https:\/\/geooprema.com\/","name":"Geooprema","description":"Surveying and Construction Equipmen, Software and Accessories","publisher":{"@id":"https:\/\/geooprema.com\/#organization"},"potentialAction":[{"@type":"SearchAction","target":{"@type":"EntryPoint","urlTemplate":"https:\/\/geooprema.com\/?s={search_term_string}"},"query-input":{"@type":"PropertyValueSpecification","valueRequired":true,"valueName":"search_term_string"}}],"inLanguage":"bs-BA"},{"@type":"Organization","@id":"https:\/\/geooprema.com\/#organization","name":"Geooprema","url":"https:\/\/geooprema.com\/","logo":{"@type":"ImageObject","inLanguage":"bs-BA","@id":"https:\/\/geooprema.com\/#\/schema\/logo\/image\/","url":"https:\/\/geooprema.com\/wp-content\/uploads\/2020\/08\/geooprema-logo.png","contentUrl":"https:\/\/geooprema.com\/wp-content\/uploads\/2020\/08\/geooprema-logo.png","width":513,"height":161,"caption":"Geooprema"},"image":{"@id":"https:\/\/geooprema.com\/#\/schema\/logo\/image\/"},"sameAs":["https:\/\/www.facebook.com\/geoinfobih","https:\/\/www.instagram.com\/geoinfodoo\/","https:\/\/www.linkedin.com\/company\/geoinfo-doo\/","https:\/\/www.youtube.com\/c\/Geoinfodoo"]}]}},"_links":{"self":[{"href":"https:\/\/geooprema.com\/bs\/wp-json\/wp\/v2\/product\/31842","targetHints":{"allow":["GET"]}}],"collection":[{"href":"https:\/\/geooprema.com\/bs\/wp-json\/wp\/v2\/product"}],"about":[{"href":"https:\/\/geooprema.com\/bs\/wp-json\/wp\/v2\/types\/product"}],"replies":[{"embeddable":true,"href":"https:\/\/geooprema.com\/bs\/wp-json\/wp\/v2\/comments?post=31842"}],"wp:featuredmedia":[{"embeddable":true,"href":"https:\/\/geooprema.com\/bs\/wp-json\/wp\/v2\/media\/31273"}],"wp:attachment":[{"href":"https:\/\/geooprema.com\/bs\/wp-json\/wp\/v2\/media?parent=31842"}],"wp:term":[{"taxonomy":"product_brand","embeddable":true,"href":"https:\/\/geooprema.com\/bs\/wp-json\/wp\/v2\/product_brand?post=31842"},{"taxonomy":"product_cat","embeddable":true,"href":"https:\/\/geooprema.com\/bs\/wp-json\/wp\/v2\/product_cat?post=31842"},{"taxonomy":"product_tag","embeddable":true,"href":"https:\/\/geooprema.com\/bs\/wp-json\/wp\/v2\/product_tag?post=31842"}],"curies":[{"name":"wp","href":"https:\/\/api.w.org\/{rel}","templated":true}]}}