
{"id":31841,"date":"2020-10-15T16:17:20","date_gmt":"2020-10-15T16:17:20","guid":{"rendered":"https:\/\/geooprema.com\/products\/Bez%20kategorije\/leica-lino-l2-2\/"},"modified":"2021-06-13T21:55:58","modified_gmt":"2021-06-13T21:55:58","slug":"leica-lino-l2-2","status":"publish","type":"product","link":"https:\/\/geooprema.com\/bs\/products\/koristena-geodetska-oprema\/korisceni-gradevinski-laseri\/leica-lino-l2-2\/","title":{"rendered":"Leica Lino L2"},"content":{"rendered":"<h2> Leica Lino L2 <\/h2>\n<p> Leica LINO L2 projektuje jarko crvene laserske linije do 45 stopa, zavisno o uslovima osvjetljenja. Ovaj laserski nivo sa popre\u010dnom linijom ima ugao rotiraju\u0107eg dijela instrumenta od 120 \u00b0 i idealan je za poravnanje, uklju\u010duju\u0107i pode\u0161avanje uglova od 90 \u00b0. Pomo\u0107u funkcije bravice sa klatnom mo\u017eete ru\u010dno isklju\u010diti automatsko izravnavanje tako da se laserske linije mogu projektovati pod bilo kojim uglom. Funkcija zaklju\u010davanja tako\u0111e \u0161titi LINO L2 tokom transporta. Vrlo jednostavan za upotrebu, sa samo dva tastera, Lino L2 laser impulsira\u0107e signal ako laser nije nivelisan. Manji ugaoni pomak od \u00b1 4 \u00b0 , automatski se kompenzira. Ako je ugaoni pomak ve\u0107i, ure\u0111aj ne izbacuje nijednu liniju. Najbolji u klasi preciznosti, +\/- 1 mm na 5 metara. <\/p>\n<p> <strong> U\u0161tedite vrijeme i osigurajte preciznost <\/strong> <br \/>\nBilo da postavljate cijevi na gradili\u0161te, vje\u0161ate umjetnine ili postavljate police u gara\u017ei, crtanje ravnih i preciznih linija mo\u017ee biti izazov. Kori\u0161tenje olovke ili \u017eice i tradicionalnog mjehuri\u0107a ili libele mo\u017ee biti dugotrajno, zamorno i neprecizno. Vertikalni i horizontalni laser Leica LINO L2 projektuje svijetle, ta\u010dne linije bez ikakvih slo\u017eenih postavki, tako da se mo\u017eete koncentrisati na svoj posao. <\/p>\n<p> Kvalitetna Leica optika osigurava hrabre, ta\u010dne, lako uo\u010dljive laserske linije, tako da ne\u0107ete gubiti vrijeme ili praviti gre\u0161ke u potrazi za malim tragovima pri slabom osvjetljenju. A Leica LINO L2 omogu\u0107ava prenos referentnih ta\u010daka sa jednog zida na sljede\u0107i brzo i jednostavno. <\/p>\n<p> <strong> Svestrane, samoniveli\u0161u\u0107e performanse <\/strong> <br \/>\nZamorni, dugotrajni postupci poravnanja stvar su pro\u0161losti kod Leice LINO L2. Manji ugaoni pomak od \u00b1 4 stepena automatski se nadokna\u0111uje, poma\u017eu\u0107i vam da dobijete savr\u0161ene horizontalne ili okomite linije. Ako je ugaoni pomak ve\u0107i od ovog, ure\u0111aj ne projektuje nijednu liniju, spre\u010davaju\u0107i skupe pogre\u0161ke. Dodatni radovi na poravnanju, poput ozna\u010davanja uglova od 90 stepeni, mogu se izvesti dodirom samo jednog dugmeta. <\/p>\n<p> Kada radite na slo\u017eenijoj strukturi, mo\u017eete samostalno isklju\u010diti samonivelisanje pomo\u0107u funkcije zaklju\u010davanja. To omogu\u0107ava projekciju laserske linije pod bilo kojim uglom. Uklju\u010deni adapter za kuglice olak\u0161ava postavljanje kada projektujete linije pod razli\u010ditim uglovima. <\/p>\n<p> Zahvaljuju\u0107i Leicinoj tehnologiji Power Range Technology koja pru\u017ea radni domet do 15 metara (50 stopa), zavisno o svjetlosnim uslovima i preciznost s jednim milimetrom na udaljenosti od pet metara, Leica LINO L2 pru\u017ea preciznost daleko ve\u0107u od one kakvu biste vjerovatno postigli ru\u010dno. A ovaj domet se mo\u017ee pro\u0161iriti preko 30 metara (100 ft) pomo\u0107u Leica detektora (nije uklju\u010den). <\/p>\n<p> <strong style = \"background-color: var (- body-bg-color); color: var (- body-color); font-family: var (- body-font-family), sans -serif; font-size: 1.125rem; \"> Prikladan, izdr\u017eljiv dizajn <\/strong> <\/p>\n<p> Leica LINO L2 je kompaktna jedinica koja uredno stane u va\u0161u ruku i spakuje se u prikladnu, za\u0161titnu futrolu izme\u0111u razli\u010ditih upotreba. A sa samo dva kontrolna dugmeta shvatit \u0107ete da ne morate satima u\u010diti da biste ga postavili. <\/p>\n<p> Uz Leicu LINO L2 tako\u0111e se nalazi ciljna plo\u010da koja pru\u017ea povr\u0161inu za projekciju na otvorenim prostorima i magnetni vi\u0161enamjenski adapter koji se mo\u017ee koristiti kao mali stativ ili zidni nosa\u010d, \u0161to olak\u0161ava postavljanje u gotovo svim situacija. <\/p>\n","protected":false},"excerpt":{"rendered":"<p> GLAVNE KARAKTERISTIKE: <\/p>\n<p> <span class = \"a-list-item\"> \u2022 Ova jedinica sadr\u017ei laser klase II sa izlazom od 1mW <\/span> <\/p>\n<p> <span class = \"a-list-item\"> \u2022 Projektuje jarko crveno kri\u017eanje horizontalnih i vertikalnih linija do 45 stepeni <\/span> <\/p>\n<p> <span class = \"a-list-item\"> \u2022 IP54 za\u0161ti\u0107en od pra\u0161ine i za\u0161tite od prskanja <\/span> <\/p>\n<p> <span class = \"a-list-item\"> \u2022 Prav ugao od 90 \u00b0: Poravnanje, poput ozna\u010davanja uglova od 90 \u00b0, izvodi se dodirom \u0161ipke. <\/span> <\/p>\n<p> <span class = \"a-list-item\"> \u2022 Karakteristike samonivelanja, trep\u0107u\u0107i <\/span> <\/p>\n<p> vam pokazuje da znate da je va\u0161a linija izvan nivoa<\/p>\n<p> <span class = \"a-list-item\"> \u2022 Funkcija zaklju\u010davanja klatna za ru\u010dno isklju\u010divanje samonivelanja, tako da se laserska linija mo\u017ee projektovati  pod bilo kojim uglom <\/span> <\/p>\n<\/div>\n<\/div>\n<\/div>\n","protected":false},"featured_media":31306,"comment_status":"open","ping_status":"closed","template":"","meta":{"_acf_changed":false},"product_brand":[],"product_cat":[1311,707],"product_tag":[1565,1713],"class_list":{"0":"post-31841","1":"product","2":"type-product","3":"status-publish","4":"has-post-thumbnail","6":"product_cat-korisceni-gradevinski-laseri","7":"product_cat-koristena-geodetska-oprema","8":"product_tag-leica-bs","9":"product_tag-lino-bs","10":"pa_brand-leica-geosystems-bs","12":"first","13":"instock","14":"taxable","15":"shipping-taxable","16":"product-type-simple","swatches":"rey-swatches","show_selected":""},"acf":[],"yoast_head":"<!-- This site is optimized with the Yoast SEO plugin v24.9 - https:\/\/yoast.com\/wordpress\/plugins\/seo\/ -->\n<title>Leica Lino L2 - Geooprema<\/title>\n<meta name=\"robots\" content=\"index, follow, max-snippet:-1, max-image-preview:large, max-video-preview:-1\" \/>\n<link rel=\"canonical\" href=\"https:\/\/geooprema.com\/bs\/products\/koristena-geodetska-oprema\/leica-lino-l2-2\/\" \/>\n<meta property=\"og:locale\" content=\"bs_BA\" \/>\n<meta property=\"og:type\" content=\"article\" \/>\n<meta property=\"og:title\" content=\"Leica Lino L2 - Geooprema\" \/>\n<meta property=\"og:description\" content=\"GLAVNE KARAKTERISTIKE:   \u2022 Ova jedinica sadr\u017ei laser klase II sa izlazom od 1mW   \u2022 Projektuje jarko crveno kri\u017eanje horizontalnih i vertikalnih linija do 45 stepeni   \u2022 IP54 za\u0161ti\u0107en od pra\u0161ine i za\u0161tite od prskanja   \u2022 Prav ugao od 90 \u00b0: Poravnanje, poput ozna\u010davanja uglova od 90 \u00b0, izvodi se dodirom \u0161ipke.   \u2022 Karakteristike samonivelanja, trep\u0107u\u0107i  vam pokazuje da znate da je va\u0161a linija izvan nivoa  \u2022 Funkcija zaklju\u010davanja klatna za ru\u010dno isklju\u010divanje samonivelanja, tako da se laserska linija mo\u017ee projektovati pod bilo kojim uglom\" \/>\n<meta property=\"og:url\" content=\"https:\/\/geooprema.com\/bs\/products\/koristena-geodetska-oprema\/leica-lino-l2-2\/\" \/>\n<meta property=\"og:site_name\" content=\"Geooprema\" \/>\n<meta property=\"article:publisher\" content=\"https:\/\/www.facebook.com\/geoinfobih\" \/>\n<meta property=\"article:modified_time\" content=\"2021-06-13T21:55:58+00:00\" \/>\n<meta property=\"og:image\" content=\"https:\/\/geooprema.com\/wp-content\/uploads\/2020\/10\/Leica-Lino-L2-2-1.jpg\" \/>\n\t<meta property=\"og:image:width\" content=\"800\" \/>\n\t<meta property=\"og:image:height\" content=\"800\" \/>\n\t<meta property=\"og:image:type\" content=\"image\/jpeg\" \/>\n<meta name=\"twitter:card\" content=\"summary_large_image\" \/>\n<meta name=\"twitter:label1\" content=\"Est. reading time\" \/>\n\t<meta name=\"twitter:data1\" content=\"3 minute\" \/>\n<script type=\"application\/ld+json\" class=\"yoast-schema-graph\">{\"@context\":\"https:\/\/schema.org\",\"@graph\":[{\"@type\":\"WebPage\",\"@id\":\"https:\/\/geooprema.com\/bs\/products\/koristena-geodetska-oprema\/leica-lino-l2-2\/\",\"url\":\"https:\/\/geooprema.com\/bs\/products\/koristena-geodetska-oprema\/leica-lino-l2-2\/\",\"name\":\"Leica Lino L2 - Geooprema\",\"isPartOf\":{\"@id\":\"https:\/\/geooprema.com\/#website\"},\"primaryImageOfPage\":{\"@id\":\"https:\/\/geooprema.com\/bs\/products\/koristena-geodetska-oprema\/leica-lino-l2-2\/#primaryimage\"},\"image\":{\"@id\":\"https:\/\/geooprema.com\/bs\/products\/koristena-geodetska-oprema\/leica-lino-l2-2\/#primaryimage\"},\"thumbnailUrl\":\"https:\/\/geooprema.com\/wp-content\/uploads\/2020\/10\/Leica-Lino-L2-2-1.jpg\",\"datePublished\":\"2020-10-15T16:17:20+00:00\",\"dateModified\":\"2021-06-13T21:55:58+00:00\",\"breadcrumb\":{\"@id\":\"https:\/\/geooprema.com\/bs\/products\/koristena-geodetska-oprema\/leica-lino-l2-2\/#breadcrumb\"},\"inLanguage\":\"bs-BA\",\"potentialAction\":[{\"@type\":\"ReadAction\",\"target\":[\"https:\/\/geooprema.com\/bs\/products\/koristena-geodetska-oprema\/leica-lino-l2-2\/\"]}]},{\"@type\":\"ImageObject\",\"inLanguage\":\"bs-BA\",\"@id\":\"https:\/\/geooprema.com\/bs\/products\/koristena-geodetska-oprema\/leica-lino-l2-2\/#primaryimage\",\"url\":\"https:\/\/geooprema.com\/wp-content\/uploads\/2020\/10\/Leica-Lino-L2-2-1.jpg\",\"contentUrl\":\"https:\/\/geooprema.com\/wp-content\/uploads\/2020\/10\/Leica-Lino-L2-2-1.jpg\",\"width\":800,\"height\":800,\"caption\":\"Leica Lino L2\"},{\"@type\":\"BreadcrumbList\",\"@id\":\"https:\/\/geooprema.com\/bs\/products\/koristena-geodetska-oprema\/leica-lino-l2-2\/#breadcrumb\",\"itemListElement\":[{\"@type\":\"ListItem\",\"position\":1,\"name\":\"Home\",\"item\":\"https:\/\/geooprema.com\/bs\/\"},{\"@type\":\"ListItem\",\"position\":2,\"name\":\"Shop\",\"item\":\"https:\/\/geooprema.com\/shop-2\/\"},{\"@type\":\"ListItem\",\"position\":3,\"name\":\"Leica Lino L2\"}]},{\"@type\":\"WebSite\",\"@id\":\"https:\/\/geooprema.com\/#website\",\"url\":\"https:\/\/geooprema.com\/\",\"name\":\"Geooprema\",\"description\":\"Surveying and Construction Equipmen, Software and Accessories\",\"publisher\":{\"@id\":\"https:\/\/geooprema.com\/#organization\"},\"potentialAction\":[{\"@type\":\"SearchAction\",\"target\":{\"@type\":\"EntryPoint\",\"urlTemplate\":\"https:\/\/geooprema.com\/?s={search_term_string}\"},\"query-input\":{\"@type\":\"PropertyValueSpecification\",\"valueRequired\":true,\"valueName\":\"search_term_string\"}}],\"inLanguage\":\"bs-BA\"},{\"@type\":\"Organization\",\"@id\":\"https:\/\/geooprema.com\/#organization\",\"name\":\"Geooprema\",\"url\":\"https:\/\/geooprema.com\/\",\"logo\":{\"@type\":\"ImageObject\",\"inLanguage\":\"bs-BA\",\"@id\":\"https:\/\/geooprema.com\/#\/schema\/logo\/image\/\",\"url\":\"https:\/\/geooprema.com\/wp-content\/uploads\/2020\/08\/geooprema-logo.png\",\"contentUrl\":\"https:\/\/geooprema.com\/wp-content\/uploads\/2020\/08\/geooprema-logo.png\",\"width\":513,\"height\":161,\"caption\":\"Geooprema\"},\"image\":{\"@id\":\"https:\/\/geooprema.com\/#\/schema\/logo\/image\/\"},\"sameAs\":[\"https:\/\/www.facebook.com\/geoinfobih\",\"https:\/\/www.instagram.com\/geoinfodoo\/\",\"https:\/\/www.linkedin.com\/company\/geoinfo-doo\/\",\"https:\/\/www.youtube.com\/c\/Geoinfodoo\"]}]}<\/script>\n<!-- \/ Yoast SEO plugin. -->","yoast_head_json":{"title":"Leica Lino L2 - Geooprema","robots":{"index":"index","follow":"follow","max-snippet":"max-snippet:-1","max-image-preview":"max-image-preview:large","max-video-preview":"max-video-preview:-1"},"canonical":"https:\/\/geooprema.com\/bs\/products\/koristena-geodetska-oprema\/leica-lino-l2-2\/","og_locale":"bs_BA","og_type":"article","og_title":"Leica Lino L2 - Geooprema","og_description":"GLAVNE KARAKTERISTIKE:   \u2022 Ova jedinica sadr\u017ei laser klase II sa izlazom od 1mW   \u2022 Projektuje jarko crveno kri\u017eanje horizontalnih i vertikalnih linija do 45 stepeni   \u2022 IP54 za\u0161ti\u0107en od pra\u0161ine i za\u0161tite od prskanja   \u2022 Prav ugao od 90 \u00b0: Poravnanje, poput ozna\u010davanja uglova od 90 \u00b0, izvodi se dodirom \u0161ipke.   \u2022 Karakteristike samonivelanja, trep\u0107u\u0107i  vam pokazuje da znate da je va\u0161a linija izvan nivoa  \u2022 Funkcija zaklju\u010davanja klatna za ru\u010dno isklju\u010divanje samonivelanja, tako da se laserska linija mo\u017ee projektovati pod bilo kojim uglom","og_url":"https:\/\/geooprema.com\/bs\/products\/koristena-geodetska-oprema\/leica-lino-l2-2\/","og_site_name":"Geooprema","article_publisher":"https:\/\/www.facebook.com\/geoinfobih","article_modified_time":"2021-06-13T21:55:58+00:00","og_image":[{"width":800,"height":800,"url":"https:\/\/geooprema.com\/wp-content\/uploads\/2020\/10\/Leica-Lino-L2-2-1.jpg","type":"image\/jpeg"}],"twitter_card":"summary_large_image","twitter_misc":{"Est. reading time":"3 minute"},"schema":{"@context":"https:\/\/schema.org","@graph":[{"@type":"WebPage","@id":"https:\/\/geooprema.com\/bs\/products\/koristena-geodetska-oprema\/leica-lino-l2-2\/","url":"https:\/\/geooprema.com\/bs\/products\/koristena-geodetska-oprema\/leica-lino-l2-2\/","name":"Leica Lino L2 - Geooprema","isPartOf":{"@id":"https:\/\/geooprema.com\/#website"},"primaryImageOfPage":{"@id":"https:\/\/geooprema.com\/bs\/products\/koristena-geodetska-oprema\/leica-lino-l2-2\/#primaryimage"},"image":{"@id":"https:\/\/geooprema.com\/bs\/products\/koristena-geodetska-oprema\/leica-lino-l2-2\/#primaryimage"},"thumbnailUrl":"https:\/\/geooprema.com\/wp-content\/uploads\/2020\/10\/Leica-Lino-L2-2-1.jpg","datePublished":"2020-10-15T16:17:20+00:00","dateModified":"2021-06-13T21:55:58+00:00","breadcrumb":{"@id":"https:\/\/geooprema.com\/bs\/products\/koristena-geodetska-oprema\/leica-lino-l2-2\/#breadcrumb"},"inLanguage":"bs-BA","potentialAction":[{"@type":"ReadAction","target":["https:\/\/geooprema.com\/bs\/products\/koristena-geodetska-oprema\/leica-lino-l2-2\/"]}]},{"@type":"ImageObject","inLanguage":"bs-BA","@id":"https:\/\/geooprema.com\/bs\/products\/koristena-geodetska-oprema\/leica-lino-l2-2\/#primaryimage","url":"https:\/\/geooprema.com\/wp-content\/uploads\/2020\/10\/Leica-Lino-L2-2-1.jpg","contentUrl":"https:\/\/geooprema.com\/wp-content\/uploads\/2020\/10\/Leica-Lino-L2-2-1.jpg","width":800,"height":800,"caption":"Leica Lino L2"},{"@type":"BreadcrumbList","@id":"https:\/\/geooprema.com\/bs\/products\/koristena-geodetska-oprema\/leica-lino-l2-2\/#breadcrumb","itemListElement":[{"@type":"ListItem","position":1,"name":"Home","item":"https:\/\/geooprema.com\/bs\/"},{"@type":"ListItem","position":2,"name":"Shop","item":"https:\/\/geooprema.com\/shop-2\/"},{"@type":"ListItem","position":3,"name":"Leica Lino L2"}]},{"@type":"WebSite","@id":"https:\/\/geooprema.com\/#website","url":"https:\/\/geooprema.com\/","name":"Geooprema","description":"Surveying and Construction Equipmen, Software and Accessories","publisher":{"@id":"https:\/\/geooprema.com\/#organization"},"potentialAction":[{"@type":"SearchAction","target":{"@type":"EntryPoint","urlTemplate":"https:\/\/geooprema.com\/?s={search_term_string}"},"query-input":{"@type":"PropertyValueSpecification","valueRequired":true,"valueName":"search_term_string"}}],"inLanguage":"bs-BA"},{"@type":"Organization","@id":"https:\/\/geooprema.com\/#organization","name":"Geooprema","url":"https:\/\/geooprema.com\/","logo":{"@type":"ImageObject","inLanguage":"bs-BA","@id":"https:\/\/geooprema.com\/#\/schema\/logo\/image\/","url":"https:\/\/geooprema.com\/wp-content\/uploads\/2020\/08\/geooprema-logo.png","contentUrl":"https:\/\/geooprema.com\/wp-content\/uploads\/2020\/08\/geooprema-logo.png","width":513,"height":161,"caption":"Geooprema"},"image":{"@id":"https:\/\/geooprema.com\/#\/schema\/logo\/image\/"},"sameAs":["https:\/\/www.facebook.com\/geoinfobih","https:\/\/www.instagram.com\/geoinfodoo\/","https:\/\/www.linkedin.com\/company\/geoinfo-doo\/","https:\/\/www.youtube.com\/c\/Geoinfodoo"]}]}},"_links":{"self":[{"href":"https:\/\/geooprema.com\/bs\/wp-json\/wp\/v2\/product\/31841","targetHints":{"allow":["GET"]}}],"collection":[{"href":"https:\/\/geooprema.com\/bs\/wp-json\/wp\/v2\/product"}],"about":[{"href":"https:\/\/geooprema.com\/bs\/wp-json\/wp\/v2\/types\/product"}],"replies":[{"embeddable":true,"href":"https:\/\/geooprema.com\/bs\/wp-json\/wp\/v2\/comments?post=31841"}],"wp:featuredmedia":[{"embeddable":true,"href":"https:\/\/geooprema.com\/bs\/wp-json\/wp\/v2\/media\/31306"}],"wp:attachment":[{"href":"https:\/\/geooprema.com\/bs\/wp-json\/wp\/v2\/media?parent=31841"}],"wp:term":[{"taxonomy":"product_brand","embeddable":true,"href":"https:\/\/geooprema.com\/bs\/wp-json\/wp\/v2\/product_brand?post=31841"},{"taxonomy":"product_cat","embeddable":true,"href":"https:\/\/geooprema.com\/bs\/wp-json\/wp\/v2\/product_cat?post=31841"},{"taxonomy":"product_tag","embeddable":true,"href":"https:\/\/geooprema.com\/bs\/wp-json\/wp\/v2\/product_tag?post=31841"}],"curies":[{"name":"wp","href":"https:\/\/api.w.org\/{rel}","templated":true}]}}