
{"id":31840,"date":"2020-10-15T16:13:26","date_gmt":"2020-10-15T16:13:26","guid":{"rendered":"https:\/\/geooprema.com\/products\/Bez%20kategorije\/leica-lino-l2\/"},"modified":"2021-06-13T21:53:19","modified_gmt":"2021-06-13T21:53:19","slug":"leica-lino-l2","status":"publish","type":"product","link":"https:\/\/geooprema.com\/bs\/products\/koristena-geodetska-oprema\/korisceni-gradevinski-laseri\/leica-lino-l2\/","title":{"rendered":"Leica Lino L2+"},"content":{"rendered":"<h2>Leica Lino L2 +<\/h2>\n<h4>Izuzetno duge laserske linije<\/h4>\n<p>Pobolj\u0161ani ugao izlaska osigurava izvanrednu vidljivost i produ\u017eenje laserske linije za savr\u0161eno nivelisanje i poravnavanje na velikim udaljenostima. Mogu\u0107e je, na primjer, prenijeti referentne ta\u010dke s jednog zida na drugi. Ostavite nivo i \u017eicu u svom instrumentu.<\/p>\n<h4>Samonivelisanje<\/h4>\n<p>Instrument se postavlja brzo i bez napora za projektovanje horizontalnih ili okomitih linija. Manja ugaona pogre\u0161na poravnanja od \u00b1 4 \u00b0 automatski se kompenzuju. Ako je nagib izvan ovih ograni\u010denja, ure\u0111aj ne projektuje linije i zato su sprije\u010dene gre\u0161ke.<\/p>\n<h4>Rad u svijetlim uslovima<\/h4>\n<p>Pulsna funkcija nije samo na\u010din u\u0161tede energije: ona vam tako\u0111e omogu\u0107ava lociranje laserskih linija pomo\u0107u laserskog detektora, \u010dak i u vrlo jakim uslovima osvjetljenja. Niz zvu\u010dnih signala sa detektora ukazuje na precizan polo\u017eaj ravnine laserskog snopa.<\/p>\n<h4>Funkcija zaklju\u010davanja<\/h4>\n<p>Funkcije samonivelisanja mo\u017eete ru\u010dno isklju\u010diti pomo\u0107u funkcije zaklju\u010davanja. Tada se laserska linija mo\u017ee projektovati pod bilo kojim uglom. Funkcija zaklju\u010davanja tako\u0111e slu\u017ei kao za\u0161tita od transporta.<\/p>\n","protected":false},"excerpt":{"rendered":"<p>GLAVNE KARAKTERISTIKE:<\/p>\n<p>\u2022 Projekuje laserske linije velike vidljivosti pod pravim uglom za potpunu preciznost prilikom postavljanja podova, zidova zgrada i jo\u0161 mnogo toga<\/p>\n<p>\u2022 Izvanredna vidljivost zahvaljuju\u0107i optimiziranom uglu laserskog rotiraju\u0107eg dijela instrumenta<\/p>\n<p>\u2022 Maksimalni domet do 15 m u normalnim uslovima ili do 30 m sa laserskim detektorom<\/p>\n<p>\u2022 Samoniveli\u0161u\u0107i &#8211; automatski otkriva pogre\u0161no postavljanje do uglova od \u00b1 4 \u00b0 i kompenzira. Tako\u0111e isklju\u010duje laser ako je nagib ve\u0107i od 4 \u00b0<\/p>\n<p>\u2022 Pulsni na\u010din &#8211; napravljen za u\u0161tedu energije i za lociranje lasera pomo\u0107u laserskog detektora (idealno za upotrebu u spolja\u0161njim uslovima)<\/p>\n<p>\u2022 Funkcija zaklju\u010davanja &#8211; ru\u010dno isklju\u010dite funkciju samonivelisanja za projektovanje lasera pod bilo kojim uglom<\/p>\n<p>\u2022 Ugao izlaska 180 \u00b0<\/p>\n<p>\u2022 Stvara ta\u010dan ugao od 90 \u00b0<\/p>\n<p>\u2022 Navoj stativa za pri\u010dvr\u0161\u0107ivanje na magnetni stativ za dodatnu stabilnost<\/p>\n","protected":false},"featured_media":31310,"comment_status":"open","ping_status":"closed","template":"","meta":{"_acf_changed":false},"product_brand":[],"product_cat":[1311,707],"product_tag":[1565,1713],"class_list":{"0":"post-31840","1":"product","2":"type-product","3":"status-publish","4":"has-post-thumbnail","6":"product_cat-korisceni-gradevinski-laseri","7":"product_cat-koristena-geodetska-oprema","8":"product_tag-leica-bs","9":"product_tag-lino-bs","10":"pa_brand-leica-geosystems-bs","12":"first","13":"instock","14":"taxable","15":"shipping-taxable","16":"product-type-simple","swatches":"rey-swatches","show_selected":""},"acf":[],"yoast_head":"<!-- This site is optimized with the Yoast SEO plugin v24.9 - https:\/\/yoast.com\/wordpress\/plugins\/seo\/ -->\n<title>Leica Lino L2+ - Geooprema<\/title>\n<meta name=\"robots\" content=\"index, follow, max-snippet:-1, max-image-preview:large, max-video-preview:-1\" \/>\n<link rel=\"canonical\" href=\"https:\/\/geooprema.com\/bs\/products\/koristena-geodetska-oprema\/leica-lino-l2\/\" \/>\n<meta property=\"og:locale\" content=\"bs_BA\" \/>\n<meta property=\"og:type\" content=\"article\" \/>\n<meta property=\"og:title\" content=\"Leica Lino L2+ - Geooprema\" \/>\n<meta property=\"og:description\" content=\"GLAVNE KARAKTERISTIKE:  \u2022 Projekuje laserske linije velike vidljivosti pod pravim uglom za potpunu preciznost prilikom postavljanja podova, zidova zgrada i jo\u0161 mnogo toga  \u2022 Izvanredna vidljivost zahvaljuju\u0107i optimiziranom uglu laserskog rotiraju\u0107eg dijela instrumenta  \u2022 Maksimalni domet do 15 m u normalnim uslovima ili do 30 m sa laserskim detektorom  \u2022 Samoniveli\u0161u\u0107i - automatski otkriva pogre\u0161no postavljanje do uglova od \u00b1 4 \u00b0 i kompenzira. Tako\u0111e isklju\u010duje laser ako je nagib ve\u0107i od 4 \u00b0  \u2022 Pulsni na\u010din - napravljen za u\u0161tedu energije i za lociranje lasera pomo\u0107u laserskog detektora (idealno za upotrebu u spolja\u0161njim uslovima)  \u2022 Funkcija zaklju\u010davanja - ru\u010dno isklju\u010dite funkciju samonivelisanja za projektovanje lasera pod bilo kojim uglom  \u2022 Ugao izlaska 180 \u00b0  \u2022 Stvara ta\u010dan ugao od 90 \u00b0  \u2022 Navoj stativa za pri\u010dvr\u0161\u0107ivanje na magnetni stativ za dodatnu stabilnost\" \/>\n<meta property=\"og:url\" content=\"https:\/\/geooprema.com\/bs\/products\/koristena-geodetska-oprema\/leica-lino-l2\/\" \/>\n<meta property=\"og:site_name\" content=\"Geooprema\" \/>\n<meta property=\"article:publisher\" content=\"https:\/\/www.facebook.com\/geoinfobih\" \/>\n<meta property=\"article:modified_time\" content=\"2021-06-13T21:53:19+00:00\" \/>\n<meta property=\"og:image\" content=\"https:\/\/geooprema.com\/wp-content\/uploads\/2020\/10\/Leica-Lino-L2-plus-1.jpg\" \/>\n\t<meta property=\"og:image:width\" content=\"800\" \/>\n\t<meta property=\"og:image:height\" content=\"800\" \/>\n\t<meta property=\"og:image:type\" content=\"image\/jpeg\" \/>\n<meta name=\"twitter:card\" content=\"summary_large_image\" \/>\n<meta name=\"twitter:label1\" content=\"Est. reading time\" \/>\n\t<meta name=\"twitter:data1\" content=\"1 minuta\" \/>\n<script type=\"application\/ld+json\" class=\"yoast-schema-graph\">{\"@context\":\"https:\/\/schema.org\",\"@graph\":[{\"@type\":\"WebPage\",\"@id\":\"https:\/\/geooprema.com\/bs\/products\/koristena-geodetska-oprema\/leica-lino-l2\/\",\"url\":\"https:\/\/geooprema.com\/bs\/products\/koristena-geodetska-oprema\/leica-lino-l2\/\",\"name\":\"Leica Lino L2+ - Geooprema\",\"isPartOf\":{\"@id\":\"https:\/\/geooprema.com\/#website\"},\"primaryImageOfPage\":{\"@id\":\"https:\/\/geooprema.com\/bs\/products\/koristena-geodetska-oprema\/leica-lino-l2\/#primaryimage\"},\"image\":{\"@id\":\"https:\/\/geooprema.com\/bs\/products\/koristena-geodetska-oprema\/leica-lino-l2\/#primaryimage\"},\"thumbnailUrl\":\"https:\/\/geooprema.com\/wp-content\/uploads\/2020\/10\/Leica-Lino-L2-plus-1.jpg\",\"datePublished\":\"2020-10-15T16:13:26+00:00\",\"dateModified\":\"2021-06-13T21:53:19+00:00\",\"breadcrumb\":{\"@id\":\"https:\/\/geooprema.com\/bs\/products\/koristena-geodetska-oprema\/leica-lino-l2\/#breadcrumb\"},\"inLanguage\":\"bs-BA\",\"potentialAction\":[{\"@type\":\"ReadAction\",\"target\":[\"https:\/\/geooprema.com\/bs\/products\/koristena-geodetska-oprema\/leica-lino-l2\/\"]}]},{\"@type\":\"ImageObject\",\"inLanguage\":\"bs-BA\",\"@id\":\"https:\/\/geooprema.com\/bs\/products\/koristena-geodetska-oprema\/leica-lino-l2\/#primaryimage\",\"url\":\"https:\/\/geooprema.com\/wp-content\/uploads\/2020\/10\/Leica-Lino-L2-plus-1.jpg\",\"contentUrl\":\"https:\/\/geooprema.com\/wp-content\/uploads\/2020\/10\/Leica-Lino-L2-plus-1.jpg\",\"width\":800,\"height\":800,\"caption\":\"Leica Lino L2 +\"},{\"@type\":\"BreadcrumbList\",\"@id\":\"https:\/\/geooprema.com\/bs\/products\/koristena-geodetska-oprema\/leica-lino-l2\/#breadcrumb\",\"itemListElement\":[{\"@type\":\"ListItem\",\"position\":1,\"name\":\"Home\",\"item\":\"https:\/\/geooprema.com\/bs\/\"},{\"@type\":\"ListItem\",\"position\":2,\"name\":\"Shop\",\"item\":\"https:\/\/geooprema.com\/shop-2\/\"},{\"@type\":\"ListItem\",\"position\":3,\"name\":\"Leica Lino L2+\"}]},{\"@type\":\"WebSite\",\"@id\":\"https:\/\/geooprema.com\/#website\",\"url\":\"https:\/\/geooprema.com\/\",\"name\":\"Geooprema\",\"description\":\"Surveying and Construction Equipmen, Software and Accessories\",\"publisher\":{\"@id\":\"https:\/\/geooprema.com\/#organization\"},\"potentialAction\":[{\"@type\":\"SearchAction\",\"target\":{\"@type\":\"EntryPoint\",\"urlTemplate\":\"https:\/\/geooprema.com\/?s={search_term_string}\"},\"query-input\":{\"@type\":\"PropertyValueSpecification\",\"valueRequired\":true,\"valueName\":\"search_term_string\"}}],\"inLanguage\":\"bs-BA\"},{\"@type\":\"Organization\",\"@id\":\"https:\/\/geooprema.com\/#organization\",\"name\":\"Geooprema\",\"url\":\"https:\/\/geooprema.com\/\",\"logo\":{\"@type\":\"ImageObject\",\"inLanguage\":\"bs-BA\",\"@id\":\"https:\/\/geooprema.com\/#\/schema\/logo\/image\/\",\"url\":\"https:\/\/geooprema.com\/wp-content\/uploads\/2020\/08\/geooprema-logo.png\",\"contentUrl\":\"https:\/\/geooprema.com\/wp-content\/uploads\/2020\/08\/geooprema-logo.png\",\"width\":513,\"height\":161,\"caption\":\"Geooprema\"},\"image\":{\"@id\":\"https:\/\/geooprema.com\/#\/schema\/logo\/image\/\"},\"sameAs\":[\"https:\/\/www.facebook.com\/geoinfobih\",\"https:\/\/www.instagram.com\/geoinfodoo\/\",\"https:\/\/www.linkedin.com\/company\/geoinfo-doo\/\",\"https:\/\/www.youtube.com\/c\/Geoinfodoo\"]}]}<\/script>\n<!-- \/ Yoast SEO plugin. -->","yoast_head_json":{"title":"Leica Lino L2+ - Geooprema","robots":{"index":"index","follow":"follow","max-snippet":"max-snippet:-1","max-image-preview":"max-image-preview:large","max-video-preview":"max-video-preview:-1"},"canonical":"https:\/\/geooprema.com\/bs\/products\/koristena-geodetska-oprema\/leica-lino-l2\/","og_locale":"bs_BA","og_type":"article","og_title":"Leica Lino L2+ - Geooprema","og_description":"GLAVNE KARAKTERISTIKE:  \u2022 Projekuje laserske linije velike vidljivosti pod pravim uglom za potpunu preciznost prilikom postavljanja podova, zidova zgrada i jo\u0161 mnogo toga  \u2022 Izvanredna vidljivost zahvaljuju\u0107i optimiziranom uglu laserskog rotiraju\u0107eg dijela instrumenta  \u2022 Maksimalni domet do 15 m u normalnim uslovima ili do 30 m sa laserskim detektorom  \u2022 Samoniveli\u0161u\u0107i - automatski otkriva pogre\u0161no postavljanje do uglova od \u00b1 4 \u00b0 i kompenzira. Tako\u0111e isklju\u010duje laser ako je nagib ve\u0107i od 4 \u00b0  \u2022 Pulsni na\u010din - napravljen za u\u0161tedu energije i za lociranje lasera pomo\u0107u laserskog detektora (idealno za upotrebu u spolja\u0161njim uslovima)  \u2022 Funkcija zaklju\u010davanja - ru\u010dno isklju\u010dite funkciju samonivelisanja za projektovanje lasera pod bilo kojim uglom  \u2022 Ugao izlaska 180 \u00b0  \u2022 Stvara ta\u010dan ugao od 90 \u00b0  \u2022 Navoj stativa za pri\u010dvr\u0161\u0107ivanje na magnetni stativ za dodatnu stabilnost","og_url":"https:\/\/geooprema.com\/bs\/products\/koristena-geodetska-oprema\/leica-lino-l2\/","og_site_name":"Geooprema","article_publisher":"https:\/\/www.facebook.com\/geoinfobih","article_modified_time":"2021-06-13T21:53:19+00:00","og_image":[{"width":800,"height":800,"url":"https:\/\/geooprema.com\/wp-content\/uploads\/2020\/10\/Leica-Lino-L2-plus-1.jpg","type":"image\/jpeg"}],"twitter_card":"summary_large_image","twitter_misc":{"Est. reading time":"1 minuta"},"schema":{"@context":"https:\/\/schema.org","@graph":[{"@type":"WebPage","@id":"https:\/\/geooprema.com\/bs\/products\/koristena-geodetska-oprema\/leica-lino-l2\/","url":"https:\/\/geooprema.com\/bs\/products\/koristena-geodetska-oprema\/leica-lino-l2\/","name":"Leica Lino L2+ - Geooprema","isPartOf":{"@id":"https:\/\/geooprema.com\/#website"},"primaryImageOfPage":{"@id":"https:\/\/geooprema.com\/bs\/products\/koristena-geodetska-oprema\/leica-lino-l2\/#primaryimage"},"image":{"@id":"https:\/\/geooprema.com\/bs\/products\/koristena-geodetska-oprema\/leica-lino-l2\/#primaryimage"},"thumbnailUrl":"https:\/\/geooprema.com\/wp-content\/uploads\/2020\/10\/Leica-Lino-L2-plus-1.jpg","datePublished":"2020-10-15T16:13:26+00:00","dateModified":"2021-06-13T21:53:19+00:00","breadcrumb":{"@id":"https:\/\/geooprema.com\/bs\/products\/koristena-geodetska-oprema\/leica-lino-l2\/#breadcrumb"},"inLanguage":"bs-BA","potentialAction":[{"@type":"ReadAction","target":["https:\/\/geooprema.com\/bs\/products\/koristena-geodetska-oprema\/leica-lino-l2\/"]}]},{"@type":"ImageObject","inLanguage":"bs-BA","@id":"https:\/\/geooprema.com\/bs\/products\/koristena-geodetska-oprema\/leica-lino-l2\/#primaryimage","url":"https:\/\/geooprema.com\/wp-content\/uploads\/2020\/10\/Leica-Lino-L2-plus-1.jpg","contentUrl":"https:\/\/geooprema.com\/wp-content\/uploads\/2020\/10\/Leica-Lino-L2-plus-1.jpg","width":800,"height":800,"caption":"Leica Lino L2 +"},{"@type":"BreadcrumbList","@id":"https:\/\/geooprema.com\/bs\/products\/koristena-geodetska-oprema\/leica-lino-l2\/#breadcrumb","itemListElement":[{"@type":"ListItem","position":1,"name":"Home","item":"https:\/\/geooprema.com\/bs\/"},{"@type":"ListItem","position":2,"name":"Shop","item":"https:\/\/geooprema.com\/shop-2\/"},{"@type":"ListItem","position":3,"name":"Leica Lino L2+"}]},{"@type":"WebSite","@id":"https:\/\/geooprema.com\/#website","url":"https:\/\/geooprema.com\/","name":"Geooprema","description":"Surveying and Construction Equipmen, Software and Accessories","publisher":{"@id":"https:\/\/geooprema.com\/#organization"},"potentialAction":[{"@type":"SearchAction","target":{"@type":"EntryPoint","urlTemplate":"https:\/\/geooprema.com\/?s={search_term_string}"},"query-input":{"@type":"PropertyValueSpecification","valueRequired":true,"valueName":"search_term_string"}}],"inLanguage":"bs-BA"},{"@type":"Organization","@id":"https:\/\/geooprema.com\/#organization","name":"Geooprema","url":"https:\/\/geooprema.com\/","logo":{"@type":"ImageObject","inLanguage":"bs-BA","@id":"https:\/\/geooprema.com\/#\/schema\/logo\/image\/","url":"https:\/\/geooprema.com\/wp-content\/uploads\/2020\/08\/geooprema-logo.png","contentUrl":"https:\/\/geooprema.com\/wp-content\/uploads\/2020\/08\/geooprema-logo.png","width":513,"height":161,"caption":"Geooprema"},"image":{"@id":"https:\/\/geooprema.com\/#\/schema\/logo\/image\/"},"sameAs":["https:\/\/www.facebook.com\/geoinfobih","https:\/\/www.instagram.com\/geoinfodoo\/","https:\/\/www.linkedin.com\/company\/geoinfo-doo\/","https:\/\/www.youtube.com\/c\/Geoinfodoo"]}]}},"_links":{"self":[{"href":"https:\/\/geooprema.com\/bs\/wp-json\/wp\/v2\/product\/31840","targetHints":{"allow":["GET"]}}],"collection":[{"href":"https:\/\/geooprema.com\/bs\/wp-json\/wp\/v2\/product"}],"about":[{"href":"https:\/\/geooprema.com\/bs\/wp-json\/wp\/v2\/types\/product"}],"replies":[{"embeddable":true,"href":"https:\/\/geooprema.com\/bs\/wp-json\/wp\/v2\/comments?post=31840"}],"wp:featuredmedia":[{"embeddable":true,"href":"https:\/\/geooprema.com\/bs\/wp-json\/wp\/v2\/media\/31310"}],"wp:attachment":[{"href":"https:\/\/geooprema.com\/bs\/wp-json\/wp\/v2\/media?parent=31840"}],"wp:term":[{"taxonomy":"product_brand","embeddable":true,"href":"https:\/\/geooprema.com\/bs\/wp-json\/wp\/v2\/product_brand?post=31840"},{"taxonomy":"product_cat","embeddable":true,"href":"https:\/\/geooprema.com\/bs\/wp-json\/wp\/v2\/product_cat?post=31840"},{"taxonomy":"product_tag","embeddable":true,"href":"https:\/\/geooprema.com\/bs\/wp-json\/wp\/v2\/product_tag?post=31840"}],"curies":[{"name":"wp","href":"https:\/\/api.w.org\/{rel}","templated":true}]}}