
{"id":31838,"date":"2020-10-15T16:03:18","date_gmt":"2020-10-15T16:03:18","guid":{"rendered":"https:\/\/geooprema.com\/products\/Bez%20kategorije\/leica-lino-p3\/"},"modified":"2021-06-13T21:50:11","modified_gmt":"2021-06-13T21:50:11","slug":"leica-lino-p3","status":"publish","type":"product","link":"https:\/\/geooprema.com\/bs\/products\/koristena-geodetska-oprema\/korisceni-gradevinski-laseri\/leica-lino-p3\/","title":{"rendered":"Leica Lino P3"},"content":{"rendered":"<h2> Leica Lino P3 <\/h2>\n<h4> Samonivelisanje <\/h4>\n<p> Manji ugaoni pomak od \u00b1 4 \u00b0 automatski se nadokna\u0111uje. Ako je ugaona neuskla\u0111enost ve\u0107a, ure\u0111aj ne izbacuje nikakve ta\u010dke. <\/p>\n<h4> Pro\u0161ireni spektar aplikacija <\/h4>\n<p> Adapter nudi brojne mogu\u0107nosti. Mo\u017eete postaviti adapter preko ivica i profila, pri\u010dvrstiti ga na kru\u017ene stubove ili ga pri\u010dvrstiti na \u010delik ili \u017eeljezo pomo\u0107u integriranog magneta. <\/p>\n<h4> Profesionalne vodovodne instalacije <\/h4>\n<p> Leica Lino P3 je izvrsan za vodovodne instalacije gore-dolje. Laserski zrak se projektuje iznad i ispod instrumenta, omogu\u0107avaju\u0107i brz i efikasan prenos referentnih ta\u010daka. <\/p>\n<h4> Laser sa tri ta\u010dke <\/h4>\n<p> Leica Lino P3 savr\u0161en je za vodovodne instalacije gore ili dolje, kao i za brz i lak prenos ta\u010daka. <\/p>\n","protected":false},"excerpt":{"rendered":"<div class = \"moredetailsbutton\"> <strong> \u0160ta je u kutiji: <\/strong> <\/div>\n<div id = \"cpeaccessories\">\n<div id = \"cpeaccessories\">\n<ul>\n<li> Najlonska vre\u0107ica <\/li>\n<li> Crvena ciljana plo\u010da <\/li>\n<\/ul>\n<\/div>\n<\/div>\n","protected":false},"featured_media":31340,"comment_status":"open","ping_status":"closed","template":"","meta":{"_acf_changed":false},"product_brand":[],"product_cat":[1311,707],"product_tag":[1565,1713],"class_list":{"0":"post-31838","1":"product","2":"type-product","3":"status-publish","4":"has-post-thumbnail","6":"product_cat-korisceni-gradevinski-laseri","7":"product_cat-koristena-geodetska-oprema","8":"product_tag-leica-bs","9":"product_tag-lino-bs","10":"pa_brand-leica-geosystems-bs","12":"first","13":"instock","14":"taxable","15":"shipping-taxable","16":"product-type-simple","swatches":"rey-swatches","show_selected":""},"acf":[],"yoast_head":"<!-- This site is optimized with the Yoast SEO plugin v24.9 - https:\/\/yoast.com\/wordpress\/plugins\/seo\/ -->\n<title>Leica Lino P3 - Geooprema<\/title>\n<meta name=\"robots\" content=\"index, follow, max-snippet:-1, max-image-preview:large, max-video-preview:-1\" \/>\n<link rel=\"canonical\" href=\"https:\/\/geooprema.com\/bs\/products\/koristena-geodetska-oprema\/leica-lino-p3\/\" \/>\n<meta property=\"og:locale\" content=\"bs_BA\" \/>\n<meta property=\"og:type\" content=\"article\" \/>\n<meta property=\"og:title\" content=\"Leica Lino P3 - Geooprema\" \/>\n<meta property=\"og:description\" content=\"\u0160ta je u kutiji:      Najlonska vre\u0107ica  Crvena ciljana plo\u010da\" \/>\n<meta property=\"og:url\" content=\"https:\/\/geooprema.com\/bs\/products\/koristena-geodetska-oprema\/leica-lino-p3\/\" \/>\n<meta property=\"og:site_name\" content=\"Geooprema\" \/>\n<meta property=\"article:publisher\" content=\"https:\/\/www.facebook.com\/geoinfobih\" \/>\n<meta property=\"article:modified_time\" content=\"2021-06-13T21:50:11+00:00\" \/>\n<meta property=\"og:image\" content=\"https:\/\/geooprema.com\/wp-content\/uploads\/2020\/10\/Leica-Lino-P3-1-1.jpg\" \/>\n\t<meta property=\"og:image:width\" content=\"800\" \/>\n\t<meta property=\"og:image:height\" content=\"800\" \/>\n\t<meta property=\"og:image:type\" content=\"image\/jpeg\" \/>\n<meta name=\"twitter:card\" content=\"summary_large_image\" \/>\n<meta name=\"twitter:label1\" content=\"Est. reading time\" \/>\n\t<meta name=\"twitter:data1\" content=\"1 minuta\" \/>\n<script type=\"application\/ld+json\" class=\"yoast-schema-graph\">{\"@context\":\"https:\/\/schema.org\",\"@graph\":[{\"@type\":\"WebPage\",\"@id\":\"https:\/\/geooprema.com\/bs\/products\/koristena-geodetska-oprema\/leica-lino-p3\/\",\"url\":\"https:\/\/geooprema.com\/bs\/products\/koristena-geodetska-oprema\/leica-lino-p3\/\",\"name\":\"Leica Lino P3 - Geooprema\",\"isPartOf\":{\"@id\":\"https:\/\/geooprema.com\/#website\"},\"primaryImageOfPage\":{\"@id\":\"https:\/\/geooprema.com\/bs\/products\/koristena-geodetska-oprema\/leica-lino-p3\/#primaryimage\"},\"image\":{\"@id\":\"https:\/\/geooprema.com\/bs\/products\/koristena-geodetska-oprema\/leica-lino-p3\/#primaryimage\"},\"thumbnailUrl\":\"https:\/\/geooprema.com\/wp-content\/uploads\/2020\/10\/Leica-Lino-P3-1-1.jpg\",\"datePublished\":\"2020-10-15T16:03:18+00:00\",\"dateModified\":\"2021-06-13T21:50:11+00:00\",\"breadcrumb\":{\"@id\":\"https:\/\/geooprema.com\/bs\/products\/koristena-geodetska-oprema\/leica-lino-p3\/#breadcrumb\"},\"inLanguage\":\"bs-BA\",\"potentialAction\":[{\"@type\":\"ReadAction\",\"target\":[\"https:\/\/geooprema.com\/bs\/products\/koristena-geodetska-oprema\/leica-lino-p3\/\"]}]},{\"@type\":\"ImageObject\",\"inLanguage\":\"bs-BA\",\"@id\":\"https:\/\/geooprema.com\/bs\/products\/koristena-geodetska-oprema\/leica-lino-p3\/#primaryimage\",\"url\":\"https:\/\/geooprema.com\/wp-content\/uploads\/2020\/10\/Leica-Lino-P3-1-1.jpg\",\"contentUrl\":\"https:\/\/geooprema.com\/wp-content\/uploads\/2020\/10\/Leica-Lino-P3-1-1.jpg\",\"width\":800,\"height\":800,\"caption\":\"Leica Lino P3\"},{\"@type\":\"BreadcrumbList\",\"@id\":\"https:\/\/geooprema.com\/bs\/products\/koristena-geodetska-oprema\/leica-lino-p3\/#breadcrumb\",\"itemListElement\":[{\"@type\":\"ListItem\",\"position\":1,\"name\":\"Home\",\"item\":\"https:\/\/geooprema.com\/bs\/\"},{\"@type\":\"ListItem\",\"position\":2,\"name\":\"Shop\",\"item\":\"https:\/\/geooprema.com\/shop-2\/\"},{\"@type\":\"ListItem\",\"position\":3,\"name\":\"Leica Lino P3\"}]},{\"@type\":\"WebSite\",\"@id\":\"https:\/\/geooprema.com\/#website\",\"url\":\"https:\/\/geooprema.com\/\",\"name\":\"Geooprema\",\"description\":\"Surveying and Construction Equipmen, Software and Accessories\",\"publisher\":{\"@id\":\"https:\/\/geooprema.com\/#organization\"},\"potentialAction\":[{\"@type\":\"SearchAction\",\"target\":{\"@type\":\"EntryPoint\",\"urlTemplate\":\"https:\/\/geooprema.com\/?s={search_term_string}\"},\"query-input\":{\"@type\":\"PropertyValueSpecification\",\"valueRequired\":true,\"valueName\":\"search_term_string\"}}],\"inLanguage\":\"bs-BA\"},{\"@type\":\"Organization\",\"@id\":\"https:\/\/geooprema.com\/#organization\",\"name\":\"Geooprema\",\"url\":\"https:\/\/geooprema.com\/\",\"logo\":{\"@type\":\"ImageObject\",\"inLanguage\":\"bs-BA\",\"@id\":\"https:\/\/geooprema.com\/#\/schema\/logo\/image\/\",\"url\":\"https:\/\/geooprema.com\/wp-content\/uploads\/2020\/08\/geooprema-logo.png\",\"contentUrl\":\"https:\/\/geooprema.com\/wp-content\/uploads\/2020\/08\/geooprema-logo.png\",\"width\":513,\"height\":161,\"caption\":\"Geooprema\"},\"image\":{\"@id\":\"https:\/\/geooprema.com\/#\/schema\/logo\/image\/\"},\"sameAs\":[\"https:\/\/www.facebook.com\/geoinfobih\",\"https:\/\/www.instagram.com\/geoinfodoo\/\",\"https:\/\/www.linkedin.com\/company\/geoinfo-doo\/\",\"https:\/\/www.youtube.com\/c\/Geoinfodoo\"]}]}<\/script>\n<!-- \/ Yoast SEO plugin. -->","yoast_head_json":{"title":"Leica Lino P3 - Geooprema","robots":{"index":"index","follow":"follow","max-snippet":"max-snippet:-1","max-image-preview":"max-image-preview:large","max-video-preview":"max-video-preview:-1"},"canonical":"https:\/\/geooprema.com\/bs\/products\/koristena-geodetska-oprema\/leica-lino-p3\/","og_locale":"bs_BA","og_type":"article","og_title":"Leica Lino P3 - Geooprema","og_description":"\u0160ta je u kutiji:      Najlonska vre\u0107ica  Crvena ciljana plo\u010da","og_url":"https:\/\/geooprema.com\/bs\/products\/koristena-geodetska-oprema\/leica-lino-p3\/","og_site_name":"Geooprema","article_publisher":"https:\/\/www.facebook.com\/geoinfobih","article_modified_time":"2021-06-13T21:50:11+00:00","og_image":[{"width":800,"height":800,"url":"https:\/\/geooprema.com\/wp-content\/uploads\/2020\/10\/Leica-Lino-P3-1-1.jpg","type":"image\/jpeg"}],"twitter_card":"summary_large_image","twitter_misc":{"Est. reading time":"1 minuta"},"schema":{"@context":"https:\/\/schema.org","@graph":[{"@type":"WebPage","@id":"https:\/\/geooprema.com\/bs\/products\/koristena-geodetska-oprema\/leica-lino-p3\/","url":"https:\/\/geooprema.com\/bs\/products\/koristena-geodetska-oprema\/leica-lino-p3\/","name":"Leica Lino P3 - Geooprema","isPartOf":{"@id":"https:\/\/geooprema.com\/#website"},"primaryImageOfPage":{"@id":"https:\/\/geooprema.com\/bs\/products\/koristena-geodetska-oprema\/leica-lino-p3\/#primaryimage"},"image":{"@id":"https:\/\/geooprema.com\/bs\/products\/koristena-geodetska-oprema\/leica-lino-p3\/#primaryimage"},"thumbnailUrl":"https:\/\/geooprema.com\/wp-content\/uploads\/2020\/10\/Leica-Lino-P3-1-1.jpg","datePublished":"2020-10-15T16:03:18+00:00","dateModified":"2021-06-13T21:50:11+00:00","breadcrumb":{"@id":"https:\/\/geooprema.com\/bs\/products\/koristena-geodetska-oprema\/leica-lino-p3\/#breadcrumb"},"inLanguage":"bs-BA","potentialAction":[{"@type":"ReadAction","target":["https:\/\/geooprema.com\/bs\/products\/koristena-geodetska-oprema\/leica-lino-p3\/"]}]},{"@type":"ImageObject","inLanguage":"bs-BA","@id":"https:\/\/geooprema.com\/bs\/products\/koristena-geodetska-oprema\/leica-lino-p3\/#primaryimage","url":"https:\/\/geooprema.com\/wp-content\/uploads\/2020\/10\/Leica-Lino-P3-1-1.jpg","contentUrl":"https:\/\/geooprema.com\/wp-content\/uploads\/2020\/10\/Leica-Lino-P3-1-1.jpg","width":800,"height":800,"caption":"Leica Lino P3"},{"@type":"BreadcrumbList","@id":"https:\/\/geooprema.com\/bs\/products\/koristena-geodetska-oprema\/leica-lino-p3\/#breadcrumb","itemListElement":[{"@type":"ListItem","position":1,"name":"Home","item":"https:\/\/geooprema.com\/bs\/"},{"@type":"ListItem","position":2,"name":"Shop","item":"https:\/\/geooprema.com\/shop-2\/"},{"@type":"ListItem","position":3,"name":"Leica Lino P3"}]},{"@type":"WebSite","@id":"https:\/\/geooprema.com\/#website","url":"https:\/\/geooprema.com\/","name":"Geooprema","description":"Surveying and Construction Equipmen, Software and Accessories","publisher":{"@id":"https:\/\/geooprema.com\/#organization"},"potentialAction":[{"@type":"SearchAction","target":{"@type":"EntryPoint","urlTemplate":"https:\/\/geooprema.com\/?s={search_term_string}"},"query-input":{"@type":"PropertyValueSpecification","valueRequired":true,"valueName":"search_term_string"}}],"inLanguage":"bs-BA"},{"@type":"Organization","@id":"https:\/\/geooprema.com\/#organization","name":"Geooprema","url":"https:\/\/geooprema.com\/","logo":{"@type":"ImageObject","inLanguage":"bs-BA","@id":"https:\/\/geooprema.com\/#\/schema\/logo\/image\/","url":"https:\/\/geooprema.com\/wp-content\/uploads\/2020\/08\/geooprema-logo.png","contentUrl":"https:\/\/geooprema.com\/wp-content\/uploads\/2020\/08\/geooprema-logo.png","width":513,"height":161,"caption":"Geooprema"},"image":{"@id":"https:\/\/geooprema.com\/#\/schema\/logo\/image\/"},"sameAs":["https:\/\/www.facebook.com\/geoinfobih","https:\/\/www.instagram.com\/geoinfodoo\/","https:\/\/www.linkedin.com\/company\/geoinfo-doo\/","https:\/\/www.youtube.com\/c\/Geoinfodoo"]}]}},"_links":{"self":[{"href":"https:\/\/geooprema.com\/bs\/wp-json\/wp\/v2\/product\/31838","targetHints":{"allow":["GET"]}}],"collection":[{"href":"https:\/\/geooprema.com\/bs\/wp-json\/wp\/v2\/product"}],"about":[{"href":"https:\/\/geooprema.com\/bs\/wp-json\/wp\/v2\/types\/product"}],"replies":[{"embeddable":true,"href":"https:\/\/geooprema.com\/bs\/wp-json\/wp\/v2\/comments?post=31838"}],"wp:featuredmedia":[{"embeddable":true,"href":"https:\/\/geooprema.com\/bs\/wp-json\/wp\/v2\/media\/31340"}],"wp:attachment":[{"href":"https:\/\/geooprema.com\/bs\/wp-json\/wp\/v2\/media?parent=31838"}],"wp:term":[{"taxonomy":"product_brand","embeddable":true,"href":"https:\/\/geooprema.com\/bs\/wp-json\/wp\/v2\/product_brand?post=31838"},{"taxonomy":"product_cat","embeddable":true,"href":"https:\/\/geooprema.com\/bs\/wp-json\/wp\/v2\/product_cat?post=31838"},{"taxonomy":"product_tag","embeddable":true,"href":"https:\/\/geooprema.com\/bs\/wp-json\/wp\/v2\/product_tag?post=31838"}],"curies":[{"name":"wp","href":"https:\/\/api.w.org\/{rel}","templated":true}]}}