
{"id":31836,"date":"2021-05-26T22:37:43","date_gmt":"2021-05-26T22:37:43","guid":{"rendered":"https:\/\/geooprema.com\/products\/Bez kategorije\/zenmuse-z3\/"},"modified":"2021-05-26T22:37:43","modified_gmt":"2021-05-26T22:37:43","slug":"zenmuse-z3","status":"publish","type":"product","link":"https:\/\/geooprema.com\/bs\/products\/geodetska-oprema\/dronovi-bespilotne-letjelice-i-sistemi\/zenmuse-z3\/","title":{"rendered":"Zenmuse Z3"},"content":{"rendered":"<h2>Zenmuse Z3<\/h2>\n<p>Zahvaljuju\u0107i opti\u010dkom zumu od 3,5x, mo\u0107i \u0107ete snimati krupne planove iz vazduha pomo\u0107u Zenmuse Z3 lanca kamere kompanije DJI. Kamera ima 4K video i 12MP fotoaparata za o\u0161tre slike u pokretu ili kadru i FOV obuhvat od 92 \u00b0 do 35 \u00b0. Kompatibilan je sa DJI letjelicama, uklju\u010duju\u0107i DJI Inspire 1, Matrice 100 ili Matrice 600. Kada se pove\u017ee, integri\u0161e se sa Lightbridge sistemom letjelica za nadzor HD u\u017eivo, kao i upravljanje putem aplikacije GO ili namenskih kontrola na daljinskom upravlja\u010du, s dometom do 3,1 milje.<\/p>\n<h3><strong><span style=\"color: naslediti; font-family: naslediti; font-size: var (- h4-font-size); font-weight: var (- font-weight-bold); background- boja: var (- body-bg-color);\"> 4K kamera <\/span><\/strong><\/h3>\n<p><span style=\"background-color: var (- body-bg-color); color: var (- body-color); font-family: var (- body-font-family), sans -serif; font-size: 1.125rem; font-weight: var (- body-font-weight);\"> Kamera snima 4K video u 24p i 30p, a mo\u017ee snimati i brzine HD video zapisa od 24p do 60p. Poseduje 1 \/ 2,3 &#8220;CMOS senzor sa opti\u010dkim zum objektivom od 3,5x (7x digitalni). Ovo vidno polje radi na pribli\u017eno 22 do 77 mm u ekvivalentu od 35 mm. <\/span><\/p>\n<div>\n<div class=\"\">\n<div class=\"description_2DgPuikwv5WtH_I_CNSiB2\">\n<div><\/div>\n<h3 class=\"js-injected-html\"><strong><span style=\"color: naslediti; font-family: naslediti; font-size: var (- h4-font-size); font-weight: var (- font-weight-bold); background-color: var (- body-bg-color);\"> Prikaz zuma u stvarnom vremenu <\/span><\/strong><\/h3>\n<div><\/div>\n<\/div>\n<\/div>\n<\/div>\n<div>\n<div class=\"\">\n<div class=\"description_2DgPuikwv5WtH_I_CNSiB2\">\n<div class=\"js-injected-html\">Prilikom snimanja u najve\u0107oj mogu\u0107oj rezoluciji &#8211; tj. 4K video ili 12 MP fotografija &#8211; mo\u017ee se koristiti opti\u010dki zum, a zumirana slika je trenutno vidljiva u DJI GO feedu u\u017eivo. Ako snimate u 1080p, zum bez gubitaka omogu\u0107ava punih 7 \u00d7 zuma, a da se pritom ne \u017ertvuje kvalitet slike u punoj HD rezoluciji.<\/div>\n<div><\/div>\n<h3 class=\"js-injected-html\"><span style=\"color: inherit; font-family: inherit; font-size: var (- h4-font-size); font-weight: var (- font-weight-bold); background-color: var (- body-bg-color);\"> 3-osni \u010detkasti motorni lanac<\/span><\/h3>\n<div><\/div>\n<div>\n<div>\n<div class=\"\">\n<div class=\"description_2DgPuikwv5WtH_I_CNSiB2\">\n<div class=\"js-injected-html\">Kamera je montirana putem integriranog 3-osnog postolja koji koristi servo motore bez \u010detkica kako bi snimak bio stabilan i nivo horizonta. Kamera ima punih 360 stepeni, tako da bez obzira u kojem se smjeru okre\u0107e dron, kamera mo\u017ee ostati zaklju\u010dana na objektu. Pomo\u0107u kontrola na predajniku mo\u017ee se uticati na ru\u010dno pomicanje i naginjanje.<\/div>\n<div><\/div>\n<h3 class=\"js-injected-html\"><span style=\"color: naslediti; font-family: naslediti; font-size: var (- h4-font-size); font-weight: var (- font-weight-bold); background-color: var (- body-bg-color);\"> Brzo postavljanje <\/span><\/h3>\n<div><\/div>\n<\/div>\n<\/div>\n<\/div>\n<div>\n<div class=\"\">\n<div class=\"description_2DgPuikwv5WtH_I_CNSiB2\">\n<div class=\"js-injected-html\">Letenje sa Zenmuse Z3 jednostavno je kao i njegovo pri\u010dvr\u0161\u0107ivanje na DJI Inspire 1, Matrice 100 ili Matrice 600. Jednom spojeno, bez problema radi sa integrisanim DJI Lightbridge i Lightbridge 2 koji se mogu na\u0107i na ovim platformama kako bi osigurali 3,1 milje HD dometa prenosa.<\/div>\n<div><\/div>\n<h3 class=\"js-injected-html\"><span style=\"color: inherit; font-family: inherit; font-size: var (- h4-font-size); font-weight: var (- font-weight-bold); background-color: var (- body-bg-color);\"> DJI GO Mobile App <\/span><\/h3>\n<div><\/div>\n<\/div>\n<\/div>\n<\/div>\n<div>\n<div class=\"\">\n<div class=\"description_2DgPuikwv5WtH_I_CNSiB2\">\n<div class=\"js-injected-html\">DJI-jeva aplikacija GO \u010dvrsto je integrisana sa Z3, djeluju\u0107i i kao aktivni feed za prikaz slike kamere i kao primarni sistem upravljanja kamerom. Mo\u017ee se koristiti za promjenu pode\u0161avanja fotoaparata, prevla\u010denje prstima za pove\u0107avanje i smanjivanje, snimanje fotografije ili video zapisa i aktiviranje inteligentnih re\u017eima leta. Snimanje fotografija i videa, kao i zumiranje, tako\u0111e se mo\u017ee kontrolisati pomo\u0107u posebnih kontrola na daljinskom upravlja\u010du letjelice.<\/div>\n<\/div>\n<\/div>\n<\/div>\n<\/div>\n<\/div>\n<\/div>\n<\/div>\n","protected":false},"excerpt":{"rendered":"<div class=\"title_3Dx0bIfIE-IxSQhNjp7-Yp\">\n<div class=\"title4_1Re_AHLZOUJFrzzGsoYhGH reset_gKJdXkYBaMDV-W3ignvsP primary_ELb2ysditdCtk24iMBTUs\" data-selenium=\"sellingPointsTitle\">GLAVNE KARAKTERISTIKE:<\/div>\n<\/div>\n<p>\u2022 Snimite 4K video i 12MP snimke<\/p>\n<p>\u2022 7x ukupan obuhvat zuma (3,5x opti\u010dki)<\/p>\n<p>\u2022 Sony EXMOR 1 \/ 2,3 &#8220;CMOS senzor<\/p>\n<p>\u2022 3-osni lanac stabilizatora kamere<\/p>\n","protected":false},"featured_media":31234,"comment_status":"open","ping_status":"closed","template":"","meta":{"_acf_changed":false},"product_brand":[],"product_cat":[1304],"product_tag":[1712,1711],"class_list":{"0":"post-31836","1":"product","2":"type-product","3":"status-publish","4":"has-post-thumbnail","6":"product_cat-dronovi-bespilotne-letjelice-i-sistemi","7":"product_tag-dji-bs","8":"product_tag-dronovi","10":"first","11":"instock","12":"taxable","13":"shipping-taxable","14":"product-type-simple","swatches":"rey-swatches","show_selected":""},"acf":[],"yoast_head":"<!-- This site is optimized with the Yoast SEO plugin v24.9 - https:\/\/yoast.com\/wordpress\/plugins\/seo\/ -->\n<title>Zenmuse Z3 - Geooprema<\/title>\n<meta name=\"robots\" content=\"index, follow, max-snippet:-1, max-image-preview:large, max-video-preview:-1\" \/>\n<link rel=\"canonical\" href=\"https:\/\/geooprema.com\/bs\/products\/dronovi-bespilotne-letjelice-i-sistemi\/zenmuse-z3\/\" \/>\n<meta property=\"og:locale\" content=\"bs_BA\" \/>\n<meta property=\"og:type\" content=\"article\" \/>\n<meta property=\"og:title\" content=\"Zenmuse Z3 - Geooprema\" \/>\n<meta property=\"og:description\" content=\"GLAVNE KARAKTERISTIKE:  \u2022 Snimite 4K video i 12MP snimke  \u2022 7x ukupan obuhvat zuma (3,5x opti\u010dki)  \u2022 Sony EXMOR 1 \/ 2,3 &quot;CMOS senzor  \u2022 3-osni lanac stabilizatora kamere\" \/>\n<meta property=\"og:url\" content=\"https:\/\/geooprema.com\/bs\/products\/dronovi-bespilotne-letjelice-i-sistemi\/zenmuse-z3\/\" \/>\n<meta property=\"og:site_name\" content=\"Geooprema\" \/>\n<meta property=\"article:publisher\" content=\"https:\/\/www.facebook.com\/geoinfobih\" \/>\n<meta property=\"og:image\" content=\"https:\/\/geooprema.com\/wp-content\/uploads\/2021\/05\/Zenmuse-Z3-1.jpg\" \/>\n\t<meta property=\"og:image:width\" content=\"800\" \/>\n\t<meta property=\"og:image:height\" content=\"800\" \/>\n\t<meta property=\"og:image:type\" content=\"image\/jpeg\" \/>\n<meta name=\"twitter:card\" content=\"summary_large_image\" \/>\n<meta name=\"twitter:label1\" content=\"Est. reading time\" \/>\n\t<meta name=\"twitter:data1\" content=\"2 minute\" \/>\n<script type=\"application\/ld+json\" class=\"yoast-schema-graph\">{\"@context\":\"https:\/\/schema.org\",\"@graph\":[{\"@type\":\"WebPage\",\"@id\":\"https:\/\/geooprema.com\/bs\/products\/dronovi-bespilotne-letjelice-i-sistemi\/zenmuse-z3\/\",\"url\":\"https:\/\/geooprema.com\/bs\/products\/dronovi-bespilotne-letjelice-i-sistemi\/zenmuse-z3\/\",\"name\":\"Zenmuse Z3 - Geooprema\",\"isPartOf\":{\"@id\":\"https:\/\/geooprema.com\/#website\"},\"primaryImageOfPage\":{\"@id\":\"https:\/\/geooprema.com\/bs\/products\/dronovi-bespilotne-letjelice-i-sistemi\/zenmuse-z3\/#primaryimage\"},\"image\":{\"@id\":\"https:\/\/geooprema.com\/bs\/products\/dronovi-bespilotne-letjelice-i-sistemi\/zenmuse-z3\/#primaryimage\"},\"thumbnailUrl\":\"https:\/\/geooprema.com\/wp-content\/uploads\/2021\/05\/Zenmuse-Z3-1.jpg\",\"datePublished\":\"2021-05-26T22:37:43+00:00\",\"breadcrumb\":{\"@id\":\"https:\/\/geooprema.com\/bs\/products\/dronovi-bespilotne-letjelice-i-sistemi\/zenmuse-z3\/#breadcrumb\"},\"inLanguage\":\"bs-BA\",\"potentialAction\":[{\"@type\":\"ReadAction\",\"target\":[\"https:\/\/geooprema.com\/bs\/products\/dronovi-bespilotne-letjelice-i-sistemi\/zenmuse-z3\/\"]}]},{\"@type\":\"ImageObject\",\"inLanguage\":\"bs-BA\",\"@id\":\"https:\/\/geooprema.com\/bs\/products\/dronovi-bespilotne-letjelice-i-sistemi\/zenmuse-z3\/#primaryimage\",\"url\":\"https:\/\/geooprema.com\/wp-content\/uploads\/2021\/05\/Zenmuse-Z3-1.jpg\",\"contentUrl\":\"https:\/\/geooprema.com\/wp-content\/uploads\/2021\/05\/Zenmuse-Z3-1.jpg\",\"width\":800,\"height\":800,\"caption\":\"Zenmuse Z3\"},{\"@type\":\"BreadcrumbList\",\"@id\":\"https:\/\/geooprema.com\/bs\/products\/dronovi-bespilotne-letjelice-i-sistemi\/zenmuse-z3\/#breadcrumb\",\"itemListElement\":[{\"@type\":\"ListItem\",\"position\":1,\"name\":\"Home\",\"item\":\"https:\/\/geooprema.com\/bs\/\"},{\"@type\":\"ListItem\",\"position\":2,\"name\":\"Shop\",\"item\":\"https:\/\/geooprema.com\/shop-2\/\"},{\"@type\":\"ListItem\",\"position\":3,\"name\":\"Zenmuse Z3\"}]},{\"@type\":\"WebSite\",\"@id\":\"https:\/\/geooprema.com\/#website\",\"url\":\"https:\/\/geooprema.com\/\",\"name\":\"Geooprema\",\"description\":\"Surveying and Construction Equipmen, Software and Accessories\",\"publisher\":{\"@id\":\"https:\/\/geooprema.com\/#organization\"},\"potentialAction\":[{\"@type\":\"SearchAction\",\"target\":{\"@type\":\"EntryPoint\",\"urlTemplate\":\"https:\/\/geooprema.com\/?s={search_term_string}\"},\"query-input\":{\"@type\":\"PropertyValueSpecification\",\"valueRequired\":true,\"valueName\":\"search_term_string\"}}],\"inLanguage\":\"bs-BA\"},{\"@type\":\"Organization\",\"@id\":\"https:\/\/geooprema.com\/#organization\",\"name\":\"Geooprema\",\"url\":\"https:\/\/geooprema.com\/\",\"logo\":{\"@type\":\"ImageObject\",\"inLanguage\":\"bs-BA\",\"@id\":\"https:\/\/geooprema.com\/#\/schema\/logo\/image\/\",\"url\":\"https:\/\/geooprema.com\/wp-content\/uploads\/2020\/08\/geooprema-logo.png\",\"contentUrl\":\"https:\/\/geooprema.com\/wp-content\/uploads\/2020\/08\/geooprema-logo.png\",\"width\":513,\"height\":161,\"caption\":\"Geooprema\"},\"image\":{\"@id\":\"https:\/\/geooprema.com\/#\/schema\/logo\/image\/\"},\"sameAs\":[\"https:\/\/www.facebook.com\/geoinfobih\",\"https:\/\/www.instagram.com\/geoinfodoo\/\",\"https:\/\/www.linkedin.com\/company\/geoinfo-doo\/\",\"https:\/\/www.youtube.com\/c\/Geoinfodoo\"]}]}<\/script>\n<!-- \/ Yoast SEO plugin. -->","yoast_head_json":{"title":"Zenmuse Z3 - Geooprema","robots":{"index":"index","follow":"follow","max-snippet":"max-snippet:-1","max-image-preview":"max-image-preview:large","max-video-preview":"max-video-preview:-1"},"canonical":"https:\/\/geooprema.com\/bs\/products\/dronovi-bespilotne-letjelice-i-sistemi\/zenmuse-z3\/","og_locale":"bs_BA","og_type":"article","og_title":"Zenmuse Z3 - Geooprema","og_description":"GLAVNE KARAKTERISTIKE:  \u2022 Snimite 4K video i 12MP snimke  \u2022 7x ukupan obuhvat zuma (3,5x opti\u010dki)  \u2022 Sony EXMOR 1 \/ 2,3 \"CMOS senzor  \u2022 3-osni lanac stabilizatora kamere","og_url":"https:\/\/geooprema.com\/bs\/products\/dronovi-bespilotne-letjelice-i-sistemi\/zenmuse-z3\/","og_site_name":"Geooprema","article_publisher":"https:\/\/www.facebook.com\/geoinfobih","og_image":[{"width":800,"height":800,"url":"https:\/\/geooprema.com\/wp-content\/uploads\/2021\/05\/Zenmuse-Z3-1.jpg","type":"image\/jpeg"}],"twitter_card":"summary_large_image","twitter_misc":{"Est. reading time":"2 minute"},"schema":{"@context":"https:\/\/schema.org","@graph":[{"@type":"WebPage","@id":"https:\/\/geooprema.com\/bs\/products\/dronovi-bespilotne-letjelice-i-sistemi\/zenmuse-z3\/","url":"https:\/\/geooprema.com\/bs\/products\/dronovi-bespilotne-letjelice-i-sistemi\/zenmuse-z3\/","name":"Zenmuse Z3 - Geooprema","isPartOf":{"@id":"https:\/\/geooprema.com\/#website"},"primaryImageOfPage":{"@id":"https:\/\/geooprema.com\/bs\/products\/dronovi-bespilotne-letjelice-i-sistemi\/zenmuse-z3\/#primaryimage"},"image":{"@id":"https:\/\/geooprema.com\/bs\/products\/dronovi-bespilotne-letjelice-i-sistemi\/zenmuse-z3\/#primaryimage"},"thumbnailUrl":"https:\/\/geooprema.com\/wp-content\/uploads\/2021\/05\/Zenmuse-Z3-1.jpg","datePublished":"2021-05-26T22:37:43+00:00","breadcrumb":{"@id":"https:\/\/geooprema.com\/bs\/products\/dronovi-bespilotne-letjelice-i-sistemi\/zenmuse-z3\/#breadcrumb"},"inLanguage":"bs-BA","potentialAction":[{"@type":"ReadAction","target":["https:\/\/geooprema.com\/bs\/products\/dronovi-bespilotne-letjelice-i-sistemi\/zenmuse-z3\/"]}]},{"@type":"ImageObject","inLanguage":"bs-BA","@id":"https:\/\/geooprema.com\/bs\/products\/dronovi-bespilotne-letjelice-i-sistemi\/zenmuse-z3\/#primaryimage","url":"https:\/\/geooprema.com\/wp-content\/uploads\/2021\/05\/Zenmuse-Z3-1.jpg","contentUrl":"https:\/\/geooprema.com\/wp-content\/uploads\/2021\/05\/Zenmuse-Z3-1.jpg","width":800,"height":800,"caption":"Zenmuse Z3"},{"@type":"BreadcrumbList","@id":"https:\/\/geooprema.com\/bs\/products\/dronovi-bespilotne-letjelice-i-sistemi\/zenmuse-z3\/#breadcrumb","itemListElement":[{"@type":"ListItem","position":1,"name":"Home","item":"https:\/\/geooprema.com\/bs\/"},{"@type":"ListItem","position":2,"name":"Shop","item":"https:\/\/geooprema.com\/shop-2\/"},{"@type":"ListItem","position":3,"name":"Zenmuse Z3"}]},{"@type":"WebSite","@id":"https:\/\/geooprema.com\/#website","url":"https:\/\/geooprema.com\/","name":"Geooprema","description":"Surveying and Construction Equipmen, Software and Accessories","publisher":{"@id":"https:\/\/geooprema.com\/#organization"},"potentialAction":[{"@type":"SearchAction","target":{"@type":"EntryPoint","urlTemplate":"https:\/\/geooprema.com\/?s={search_term_string}"},"query-input":{"@type":"PropertyValueSpecification","valueRequired":true,"valueName":"search_term_string"}}],"inLanguage":"bs-BA"},{"@type":"Organization","@id":"https:\/\/geooprema.com\/#organization","name":"Geooprema","url":"https:\/\/geooprema.com\/","logo":{"@type":"ImageObject","inLanguage":"bs-BA","@id":"https:\/\/geooprema.com\/#\/schema\/logo\/image\/","url":"https:\/\/geooprema.com\/wp-content\/uploads\/2020\/08\/geooprema-logo.png","contentUrl":"https:\/\/geooprema.com\/wp-content\/uploads\/2020\/08\/geooprema-logo.png","width":513,"height":161,"caption":"Geooprema"},"image":{"@id":"https:\/\/geooprema.com\/#\/schema\/logo\/image\/"},"sameAs":["https:\/\/www.facebook.com\/geoinfobih","https:\/\/www.instagram.com\/geoinfodoo\/","https:\/\/www.linkedin.com\/company\/geoinfo-doo\/","https:\/\/www.youtube.com\/c\/Geoinfodoo"]}]}},"_links":{"self":[{"href":"https:\/\/geooprema.com\/bs\/wp-json\/wp\/v2\/product\/31836","targetHints":{"allow":["GET"]}}],"collection":[{"href":"https:\/\/geooprema.com\/bs\/wp-json\/wp\/v2\/product"}],"about":[{"href":"https:\/\/geooprema.com\/bs\/wp-json\/wp\/v2\/types\/product"}],"replies":[{"embeddable":true,"href":"https:\/\/geooprema.com\/bs\/wp-json\/wp\/v2\/comments?post=31836"}],"wp:featuredmedia":[{"embeddable":true,"href":"https:\/\/geooprema.com\/bs\/wp-json\/wp\/v2\/media\/31234"}],"wp:attachment":[{"href":"https:\/\/geooprema.com\/bs\/wp-json\/wp\/v2\/media?parent=31836"}],"wp:term":[{"taxonomy":"product_brand","embeddable":true,"href":"https:\/\/geooprema.com\/bs\/wp-json\/wp\/v2\/product_brand?post=31836"},{"taxonomy":"product_cat","embeddable":true,"href":"https:\/\/geooprema.com\/bs\/wp-json\/wp\/v2\/product_cat?post=31836"},{"taxonomy":"product_tag","embeddable":true,"href":"https:\/\/geooprema.com\/bs\/wp-json\/wp\/v2\/product_tag?post=31836"}],"curies":[{"name":"wp","href":"https:\/\/api.w.org\/{rel}","templated":true}]}}