
{"id":31835,"date":"2021-05-26T22:10:22","date_gmt":"2021-05-26T22:10:22","guid":{"rendered":"https:\/\/geooprema.com\/products\/Bez kategorije\/zenmuse-x5\/"},"modified":"2021-05-26T22:10:22","modified_gmt":"2021-05-26T22:10:22","slug":"zenmuse-x5","status":"publish","type":"product","link":"https:\/\/geooprema.com\/bs\/products\/geodetska-oprema\/dronovi-bespilotne-letjelice-i-sistemi\/zenmuse-x5\/","title":{"rendered":"Zenmuse X5"},"content":{"rendered":"<h2> Zenmuse X5 <\/h2>\n<h4 class = \"common-title\"> Sljede\u0107a evolucija vazdu\u0161nih kamera <\/h4>\n<p class = \"common-content\"> Upoznajte Zenmuse X5, prvu kompaktnu kameru Micro Four Thirds bez ogledala, napravljenu specijalno za snimanje iz vazduha i kinematografiju. Dizajniran za rad sa DJI Inspire 1 platformom spremnom za letenje, Zenmuse X5 sadr\u017ei sna\u017eni senzor koji je sposoban za snimanje 4K video zapisa brzinom do 30 fps i snimanje fotografija na 16MP. Opremljen standardnim MFT izmjenjivim nosa\u010dem objektiva i omogu\u0107uje potpuno be\u017ei\u010dno daljinsko upravljanje fokusom, otvorom blende i jo\u0161 mnogo toga, Zenmuse X5 omogu\u0107ava vam snimanje onako kako \u017eelite. Dobrodo\u0161li u budu\u0107nost snimanja iz vazduha. <\/p>\n<h4 class = \"common-title white\"> POVE\u0106ANI DINAMI\u010cKI DOMET <\/h4>\n<p class = \"white\"> Sa 12,8 zaustavljanja dinami\u010dkog obuhvata, sjene i sjajni dijelovi u svemu \u0161to snimite daju se savr\u0161eno jasnim. <\/p>\n<h4 class = \"common-title\"> VELIKA JASNOST PIKSELA <\/h4>\n<p class = \"common-content\"> Snimanje senzorom M4 \/ 3 Zenmuse X5 rezultira o\u0161trijim i detaljnijim slikama nego bilo koja prethodna antenska kamera. U pore\u0111enju sa X3 kamerom sa originalnim Inspire 1, razlika je jasna na slikama koje istinski o\u017eivljavaju. <\/p>\n<h4 class = \"common-title\"> REVOLUCIONARNI SENZOR <\/h4>\n<p class = \"common-content\"> Unutar Zenmuse X5 ugra\u0111en je sna\u017eni senzor Micro Four Thirds koji je apsolutno revolucionaran za antenske kamere. Sa senzorom veli\u010dine osam puta ve\u0107im od onog na prethodnoj X3 kameri koja je bila isporu\u010dena s Inspire 1, ovaj novi MFT senzor omogu\u0107ava visokokvalitetno snimanje slike visoke osjetljivosti u ISO obuhvatu 100-25600. Sofisticiranom ravnote\u017eom snage visoke rezolucije, ta\u010dne gradacije i niskog nivoa buke, ostvarujete svoju umjetni\u010dku i kreativnu viziju kao nikada prije. <\/p>\n<h4 class = \"common-title\"> SPREMNI ZA LETENJE <\/h4>\n<p class = \"common-content\"> Oprostite se od frustriraju\u0107e dugih postava. Zenmuse X5 je savr\u0161eno kompatibilan s Inspire 1, DJI-jevom profesionalnom, spremnom za letenje vazdu\u0161nom platformom. Odmah i donose\u0107i nivo kontrole i pogodnosti koji samo potpuno integrisani sistem mo\u017ee pru\u017eiti, imate kombinaciju hrabrosti i jednostavnosti upotrebe koja je bez daljnjeg u bilo kojem vazdu\u0161nom sistemu za snimanje. <\/p>\n<h4 class = \"common-title\"> PREUZMITE KONTROLU <\/h4>\n<p class = \"common-content\"> Uz Zenmuse X5 imate nevi\u0111eni nivo kontrole na dohvat ruke. U intuitivnom na\u010dinu automatskog fokusa jednostavno dodirnite ekrani va\u0161eg mobilnog ure\u0111aja kako biste zadali kameri da se fokusira na odre\u0111eno podru\u010dje. Tako\u0111e mo\u017eete lako ru\u010dno promeniti postavke poput fokusa, zatvaranja i otvora blende putem user-friendly GO aplikacije. Uz Zenmuse X5, uvijek ste spremni preuzeti kontrolu. <\/p>\n<h4 class = \"common-title\"> PROFESIONALNI VAZDU\u0160NI VIDEO <\/h4>\n<p class = \"common-content\"> Uprkos kompaktnoj veli\u010dini, Zenmuse X5 je mo\u0107na video kamera koja mo\u017ee snimati 4K (3840 x 2160) brzinom do 30 fps, 2,7K (2704&#215;1520) brzinom do 30 fps, i Full HD (1920 x 1080) brzinom do 60 fps u MP4 \/ MOV formatu. Zenmuse X5 omogu\u0107ava vam snimanje snimaka na profesionalnom nivou sa nevjerovatnom jasno\u0107om i detaljima.\u010citanje signala ve\u0107e brzine potiskuje efekat kotrljanja prilikom snimanja, \u0161to rezultuje prekrasnim snimcima \u010dak i kada letite velikom brzinom. Zenmuse X5 tako\u0111e je opremljen prikladnim karakteristikama kao \u0161to su Zebra uzorak i vrhunski fokus \u0161to ga \u010dini fotoaparatom koji zaista odgovara bilo kojem poslu. <\/p>\n<h4 class = \"common-title\"> UHVATITE SJE\u0106ANJA <\/h4>\n<p class = \"common-content\"> Sa senzorom M4 \/ 3 koji mo\u017ee snimati fotografije na 16MP, Zenmuse X5 daje slike spremne za ispis koje u kadru izgledaju jednako dobro kao i <br \/>\nna va\u0161em ekranu. Dodatni pikseli predstavljaju porast od 25% u odnosu na originalnu Inspire 1 kameru. S pove\u0107anom brzinom zatvara\u010da na najbr\u017eu 1\/8000 sekunde i snaga novog procesora za obradu slike koji omogu\u0107ava rafalno snimanje do 7 fotografija u punoj veli\u010dini u sekundi, Zenmuse X5 poma\u017ee da u\u017eivate u svakom nezaboravnom trenutku. <\/p>\n<h4 class = \"common-title\"> NEPARALELNA STABILIZACIJA <\/h4>\n<p class = \"common-content\"> Zahvaljuju\u0107i DJI-jevoj neuporedivoj stru\u010dnosti u sistemima za stabilizaciju, Zenmuse X5 je opremljen izuzetno pouzdanim 3-osnim upravlja\u010dkim sklopom koji automatski stabilizuje va\u0161u kameru u letu. Lanac neprestano komunicira sa letjelicom i brzo nadokna\u0111uje svaki manji pokret. Sa precizno\u0161\u0107u od 0,02 \u00b0, javlja se stabilizacija ispod piksela i kao rezultat toga, Zenmuse X5 daje svilenkasto mirne snimke i o\u0161tre fotografije, \u010dak i uz dugu ekspoziciju, bez obzira kako letite. <\/p>\n<div class = \"row\">\n<div class = \"col-sm-12\">\n<div class = \"text1\">\n<h4 class = \"common-title\"> IZMJENJIVI NOSILAC OBJEKTIVA <\/h4>\n<p class = \"common-content\"> Kao prva kamera Micro Four Thirds na svijetu napravljena posebno za snimanje iz vazduha i videografiju, Zenmuse X5 vam daje slobodu izbora objektiva. Koriste\u0107i standardni MFT nosa\u010d, jedan od najpopularnijih sistema objektiva u industriji fotoaparata, Zenmuse X5 je u dobroj poziciji da iskoristi nove proizvode i inovacije glavnih proizvo\u0111a\u010da objektiva. <\/p>\n<p class = \"common-content\"> Trenutno je niz objektiva kompatibilan sa Zenmuse X5. Sa razli\u010ditim specifikacijama, ali istim vrhunskim kvalitetom, ova tri objektiva pru\u017eaju vam fleksibilnost na setu. <\/p>\n<h4 class = \"common-title\"> DJI GO APLIKACIJA <\/h4>\n<p class = \"common-content\"> Upravljajte Zenmuse X5 na daljinu pomo\u0107u iste DJI GO aplikacije koja se koristi sa Inspire 1. Uz HD prikaz u\u017eivo koji pokre\u0107e DJI Lightbridge, vidite ta\u010dno \u0161ta kamera snima i mo\u017eete prilagoditi svaka postavka u letu. <\/p>\n<section id = \"x5pro-feature-s14\">\n<div class = \"container\">\n<div class = \"row\">\n<div class = \"col-sm-12\">\n<div class = \"text1\">\n<h4 class = \"common-title\"> IZGRADENO DA BI TRAJALO <\/h4>\n<p class = \"common-content\"> Zenmuse X5 je precizno proizveden od visokokvalitetnih magnezijumovih legura i legura aluminijuma, \u0161to mu omogu\u0107ava da izdr\u017ei te\u0161ku upotrebu na terenu. Kompaktan i lagan kako bi omogu\u0107io lak transport i dugo vrijeme leta, Zenmuse X5 je napravljen da traje. <\/p>\n<h4 class = \"common-title\"> KONTROLA PRECIZNOG FOCUSA <\/h4>\n<p class = \"common-content\"> Dok letite, fokus se mo\u017ee daljinski podesiti pomo\u0107u aplikacije GO ili sistema DJI fokus. Jednostavno priklju\u010dite ovaj novi kontroler fokusa na daljinski upravlja\u010d Inspire 1 da biste dobili precizan, poznat to\u010dak za fizi\u010dki fokus koji kontroli\u0161e na\u010din na koji izgledaju va\u0161e fotografije. <\/p>\n<\/div>\n<\/div>\n<\/div>\n<\/div>\n<\/section>\n<section id = \"x5pro-feature-s15\">\n<div class = \"container\">\n<div class = \"row\"> <\/div>\n<\/div>\n<\/section>\n<\/div>\n<\/div>\n<\/div>\n<div class = \"row text-center\"> <\/div>\n","protected":false},"excerpt":{"rendered":"<p> GLAVNE KARAKTERISTIKE: <\/p>\n<p> \u2022 Inspire 1 i OSMO RAW kompatibilnost <\/p>\n<p> \u2022 Micro 4\/3 <\/p>\n<p> \u2022 4K 30FPS RAW <\/p>\n<p> \u2022 12.8 Zaustavljanja dinami\u010dkog raspona <\/p>\n<p> \u2022 16 MP slike <\/p>\n","protected":false},"featured_media":31247,"comment_status":"open","ping_status":"closed","template":"","meta":{"_acf_changed":false},"product_brand":[],"product_cat":[1304],"product_tag":[1712,1711,1557,452],"class_list":{"0":"post-31835","1":"product","2":"type-product","3":"status-publish","4":"has-post-thumbnail","6":"product_cat-dronovi-bespilotne-letjelice-i-sistemi","7":"product_tag-dji-bs","8":"product_tag-dronovi","9":"product_tag-geodetska-oprema","10":"product_tag-premjer","12":"first","13":"instock","14":"taxable","15":"shipping-taxable","16":"product-type-simple","swatches":"rey-swatches","show_selected":""},"acf":[],"yoast_head":"<!-- This site is optimized with the Yoast SEO plugin v24.9 - https:\/\/yoast.com\/wordpress\/plugins\/seo\/ -->\n<title>Zenmuse X5 - Geooprema<\/title>\n<meta name=\"robots\" content=\"index, follow, max-snippet:-1, max-image-preview:large, max-video-preview:-1\" \/>\n<link rel=\"canonical\" href=\"https:\/\/geooprema.com\/bs\/products\/dronovi-bespilotne-letjelice-i-sistemi\/zenmuse-x5\/\" \/>\n<meta property=\"og:locale\" content=\"bs_BA\" \/>\n<meta property=\"og:type\" content=\"article\" \/>\n<meta property=\"og:title\" content=\"Zenmuse X5 - Geooprema\" \/>\n<meta property=\"og:description\" content=\"GLAVNE KARAKTERISTIKE:  \u2022 Inspire 1 i OSMO RAW kompatibilnost  \u2022 Micro 4\/3  \u2022 4K 30FPS RAW  \u2022 12.8 Zaustavljanja dinami\u010dkog raspona  \u2022 16 MP slike\" \/>\n<meta property=\"og:url\" content=\"https:\/\/geooprema.com\/bs\/products\/dronovi-bespilotne-letjelice-i-sistemi\/zenmuse-x5\/\" \/>\n<meta property=\"og:site_name\" content=\"Geooprema\" \/>\n<meta property=\"article:publisher\" content=\"https:\/\/www.facebook.com\/geoinfobih\" \/>\n<meta property=\"og:image\" content=\"https:\/\/geooprema.com\/wp-content\/uploads\/2021\/05\/Zenmuse-X5-3.jpg\" \/>\n\t<meta property=\"og:image:width\" content=\"800\" \/>\n\t<meta property=\"og:image:height\" content=\"800\" \/>\n\t<meta property=\"og:image:type\" content=\"image\/jpeg\" \/>\n<meta name=\"twitter:card\" content=\"summary_large_image\" \/>\n<meta name=\"twitter:label1\" content=\"Est. reading time\" \/>\n\t<meta name=\"twitter:data1\" content=\"4 minute\" \/>\n<script type=\"application\/ld+json\" class=\"yoast-schema-graph\">{\"@context\":\"https:\/\/schema.org\",\"@graph\":[{\"@type\":\"WebPage\",\"@id\":\"https:\/\/geooprema.com\/bs\/products\/dronovi-bespilotne-letjelice-i-sistemi\/zenmuse-x5\/\",\"url\":\"https:\/\/geooprema.com\/bs\/products\/dronovi-bespilotne-letjelice-i-sistemi\/zenmuse-x5\/\",\"name\":\"Zenmuse X5 - Geooprema\",\"isPartOf\":{\"@id\":\"https:\/\/geooprema.com\/#website\"},\"primaryImageOfPage\":{\"@id\":\"https:\/\/geooprema.com\/bs\/products\/dronovi-bespilotne-letjelice-i-sistemi\/zenmuse-x5\/#primaryimage\"},\"image\":{\"@id\":\"https:\/\/geooprema.com\/bs\/products\/dronovi-bespilotne-letjelice-i-sistemi\/zenmuse-x5\/#primaryimage\"},\"thumbnailUrl\":\"https:\/\/geooprema.com\/wp-content\/uploads\/2021\/05\/Zenmuse-X5-3.jpg\",\"datePublished\":\"2021-05-26T22:10:22+00:00\",\"breadcrumb\":{\"@id\":\"https:\/\/geooprema.com\/bs\/products\/dronovi-bespilotne-letjelice-i-sistemi\/zenmuse-x5\/#breadcrumb\"},\"inLanguage\":\"bs-BA\",\"potentialAction\":[{\"@type\":\"ReadAction\",\"target\":[\"https:\/\/geooprema.com\/bs\/products\/dronovi-bespilotne-letjelice-i-sistemi\/zenmuse-x5\/\"]}]},{\"@type\":\"ImageObject\",\"inLanguage\":\"bs-BA\",\"@id\":\"https:\/\/geooprema.com\/bs\/products\/dronovi-bespilotne-letjelice-i-sistemi\/zenmuse-x5\/#primaryimage\",\"url\":\"https:\/\/geooprema.com\/wp-content\/uploads\/2021\/05\/Zenmuse-X5-3.jpg\",\"contentUrl\":\"https:\/\/geooprema.com\/wp-content\/uploads\/2021\/05\/Zenmuse-X5-3.jpg\",\"width\":800,\"height\":800,\"caption\":\"Zenmuse X5\"},{\"@type\":\"BreadcrumbList\",\"@id\":\"https:\/\/geooprema.com\/bs\/products\/dronovi-bespilotne-letjelice-i-sistemi\/zenmuse-x5\/#breadcrumb\",\"itemListElement\":[{\"@type\":\"ListItem\",\"position\":1,\"name\":\"Home\",\"item\":\"https:\/\/geooprema.com\/bs\/\"},{\"@type\":\"ListItem\",\"position\":2,\"name\":\"Shop\",\"item\":\"https:\/\/geooprema.com\/shop-2\/\"},{\"@type\":\"ListItem\",\"position\":3,\"name\":\"Zenmuse X5\"}]},{\"@type\":\"WebSite\",\"@id\":\"https:\/\/geooprema.com\/#website\",\"url\":\"https:\/\/geooprema.com\/\",\"name\":\"Geooprema\",\"description\":\"Surveying and Construction Equipmen, Software and Accessories\",\"publisher\":{\"@id\":\"https:\/\/geooprema.com\/#organization\"},\"potentialAction\":[{\"@type\":\"SearchAction\",\"target\":{\"@type\":\"EntryPoint\",\"urlTemplate\":\"https:\/\/geooprema.com\/?s={search_term_string}\"},\"query-input\":{\"@type\":\"PropertyValueSpecification\",\"valueRequired\":true,\"valueName\":\"search_term_string\"}}],\"inLanguage\":\"bs-BA\"},{\"@type\":\"Organization\",\"@id\":\"https:\/\/geooprema.com\/#organization\",\"name\":\"Geooprema\",\"url\":\"https:\/\/geooprema.com\/\",\"logo\":{\"@type\":\"ImageObject\",\"inLanguage\":\"bs-BA\",\"@id\":\"https:\/\/geooprema.com\/#\/schema\/logo\/image\/\",\"url\":\"https:\/\/geooprema.com\/wp-content\/uploads\/2020\/08\/geooprema-logo.png\",\"contentUrl\":\"https:\/\/geooprema.com\/wp-content\/uploads\/2020\/08\/geooprema-logo.png\",\"width\":513,\"height\":161,\"caption\":\"Geooprema\"},\"image\":{\"@id\":\"https:\/\/geooprema.com\/#\/schema\/logo\/image\/\"},\"sameAs\":[\"https:\/\/www.facebook.com\/geoinfobih\",\"https:\/\/www.instagram.com\/geoinfodoo\/\",\"https:\/\/www.linkedin.com\/company\/geoinfo-doo\/\",\"https:\/\/www.youtube.com\/c\/Geoinfodoo\"]}]}<\/script>\n<!-- \/ Yoast SEO plugin. -->","yoast_head_json":{"title":"Zenmuse X5 - Geooprema","robots":{"index":"index","follow":"follow","max-snippet":"max-snippet:-1","max-image-preview":"max-image-preview:large","max-video-preview":"max-video-preview:-1"},"canonical":"https:\/\/geooprema.com\/bs\/products\/dronovi-bespilotne-letjelice-i-sistemi\/zenmuse-x5\/","og_locale":"bs_BA","og_type":"article","og_title":"Zenmuse X5 - Geooprema","og_description":"GLAVNE KARAKTERISTIKE:  \u2022 Inspire 1 i OSMO RAW kompatibilnost  \u2022 Micro 4\/3  \u2022 4K 30FPS RAW  \u2022 12.8 Zaustavljanja dinami\u010dkog raspona  \u2022 16 MP slike","og_url":"https:\/\/geooprema.com\/bs\/products\/dronovi-bespilotne-letjelice-i-sistemi\/zenmuse-x5\/","og_site_name":"Geooprema","article_publisher":"https:\/\/www.facebook.com\/geoinfobih","og_image":[{"width":800,"height":800,"url":"https:\/\/geooprema.com\/wp-content\/uploads\/2021\/05\/Zenmuse-X5-3.jpg","type":"image\/jpeg"}],"twitter_card":"summary_large_image","twitter_misc":{"Est. reading time":"4 minute"},"schema":{"@context":"https:\/\/schema.org","@graph":[{"@type":"WebPage","@id":"https:\/\/geooprema.com\/bs\/products\/dronovi-bespilotne-letjelice-i-sistemi\/zenmuse-x5\/","url":"https:\/\/geooprema.com\/bs\/products\/dronovi-bespilotne-letjelice-i-sistemi\/zenmuse-x5\/","name":"Zenmuse X5 - Geooprema","isPartOf":{"@id":"https:\/\/geooprema.com\/#website"},"primaryImageOfPage":{"@id":"https:\/\/geooprema.com\/bs\/products\/dronovi-bespilotne-letjelice-i-sistemi\/zenmuse-x5\/#primaryimage"},"image":{"@id":"https:\/\/geooprema.com\/bs\/products\/dronovi-bespilotne-letjelice-i-sistemi\/zenmuse-x5\/#primaryimage"},"thumbnailUrl":"https:\/\/geooprema.com\/wp-content\/uploads\/2021\/05\/Zenmuse-X5-3.jpg","datePublished":"2021-05-26T22:10:22+00:00","breadcrumb":{"@id":"https:\/\/geooprema.com\/bs\/products\/dronovi-bespilotne-letjelice-i-sistemi\/zenmuse-x5\/#breadcrumb"},"inLanguage":"bs-BA","potentialAction":[{"@type":"ReadAction","target":["https:\/\/geooprema.com\/bs\/products\/dronovi-bespilotne-letjelice-i-sistemi\/zenmuse-x5\/"]}]},{"@type":"ImageObject","inLanguage":"bs-BA","@id":"https:\/\/geooprema.com\/bs\/products\/dronovi-bespilotne-letjelice-i-sistemi\/zenmuse-x5\/#primaryimage","url":"https:\/\/geooprema.com\/wp-content\/uploads\/2021\/05\/Zenmuse-X5-3.jpg","contentUrl":"https:\/\/geooprema.com\/wp-content\/uploads\/2021\/05\/Zenmuse-X5-3.jpg","width":800,"height":800,"caption":"Zenmuse X5"},{"@type":"BreadcrumbList","@id":"https:\/\/geooprema.com\/bs\/products\/dronovi-bespilotne-letjelice-i-sistemi\/zenmuse-x5\/#breadcrumb","itemListElement":[{"@type":"ListItem","position":1,"name":"Home","item":"https:\/\/geooprema.com\/bs\/"},{"@type":"ListItem","position":2,"name":"Shop","item":"https:\/\/geooprema.com\/shop-2\/"},{"@type":"ListItem","position":3,"name":"Zenmuse X5"}]},{"@type":"WebSite","@id":"https:\/\/geooprema.com\/#website","url":"https:\/\/geooprema.com\/","name":"Geooprema","description":"Surveying and Construction Equipmen, Software and Accessories","publisher":{"@id":"https:\/\/geooprema.com\/#organization"},"potentialAction":[{"@type":"SearchAction","target":{"@type":"EntryPoint","urlTemplate":"https:\/\/geooprema.com\/?s={search_term_string}"},"query-input":{"@type":"PropertyValueSpecification","valueRequired":true,"valueName":"search_term_string"}}],"inLanguage":"bs-BA"},{"@type":"Organization","@id":"https:\/\/geooprema.com\/#organization","name":"Geooprema","url":"https:\/\/geooprema.com\/","logo":{"@type":"ImageObject","inLanguage":"bs-BA","@id":"https:\/\/geooprema.com\/#\/schema\/logo\/image\/","url":"https:\/\/geooprema.com\/wp-content\/uploads\/2020\/08\/geooprema-logo.png","contentUrl":"https:\/\/geooprema.com\/wp-content\/uploads\/2020\/08\/geooprema-logo.png","width":513,"height":161,"caption":"Geooprema"},"image":{"@id":"https:\/\/geooprema.com\/#\/schema\/logo\/image\/"},"sameAs":["https:\/\/www.facebook.com\/geoinfobih","https:\/\/www.instagram.com\/geoinfodoo\/","https:\/\/www.linkedin.com\/company\/geoinfo-doo\/","https:\/\/www.youtube.com\/c\/Geoinfodoo"]}]}},"_links":{"self":[{"href":"https:\/\/geooprema.com\/bs\/wp-json\/wp\/v2\/product\/31835","targetHints":{"allow":["GET"]}}],"collection":[{"href":"https:\/\/geooprema.com\/bs\/wp-json\/wp\/v2\/product"}],"about":[{"href":"https:\/\/geooprema.com\/bs\/wp-json\/wp\/v2\/types\/product"}],"replies":[{"embeddable":true,"href":"https:\/\/geooprema.com\/bs\/wp-json\/wp\/v2\/comments?post=31835"}],"wp:featuredmedia":[{"embeddable":true,"href":"https:\/\/geooprema.com\/bs\/wp-json\/wp\/v2\/media\/31247"}],"wp:attachment":[{"href":"https:\/\/geooprema.com\/bs\/wp-json\/wp\/v2\/media?parent=31835"}],"wp:term":[{"taxonomy":"product_brand","embeddable":true,"href":"https:\/\/geooprema.com\/bs\/wp-json\/wp\/v2\/product_brand?post=31835"},{"taxonomy":"product_cat","embeddable":true,"href":"https:\/\/geooprema.com\/bs\/wp-json\/wp\/v2\/product_cat?post=31835"},{"taxonomy":"product_tag","embeddable":true,"href":"https:\/\/geooprema.com\/bs\/wp-json\/wp\/v2\/product_tag?post=31835"}],"curies":[{"name":"wp","href":"https:\/\/api.w.org\/{rel}","templated":true}]}}