
{"id":31834,"date":"2021-05-26T16:59:16","date_gmt":"2021-05-26T16:59:16","guid":{"rendered":"https:\/\/geooprema.com\/products\/Bez kategorije\/zenmuse-x5r\/"},"modified":"2021-05-26T16:59:16","modified_gmt":"2021-05-26T16:59:16","slug":"zenmuse-x5r","status":"publish","type":"product","link":"https:\/\/geooprema.com\/bs\/products\/geodetska-oprema\/dronovi-bespilotne-letjelice-i-sistemi\/zenmuse-x5r\/","title":{"rendered":"Zenmuse X5R"},"content":{"rendered":"<h2> Zenmuse X5R <\/h2>\n<p> <strong> SNIMITE SVIJET U RAW formatu <\/strong> <br \/>\nPripremite se da do\u017eivite \u010dudo RAW-a. Zenmuse X5R prva je svjetska zra\u010dna kamera Micro Four Thirds sposobna za snimanje 4K video zapisa bez gubitaka u RAW formatu. Sa brzinom kadra do 30 sli\u010dica u sekundi i prose\u010dnom brzinom od 1,7 Gbps (maksimalna brzina od 2,4 Gbps), X5R vas osna\u017euje da svaki put napravite snimke na profesionalnom nivou koje oduzimaju dah. Opremljen sna\u017enim MFT senzorom, kamera tako\u0111e snima slike od 16MP sa zadivljuju\u0107im detaljima, dok integrisani 3-osovinski stabilizacijski okvir odr\u017eava kameru u ravni. Kona\u010dno, vazdu\u0161na kamera koja je zaista prikladna za profesionalce. <\/p>\n<p> <strong> POVE\u0106ANI DINAMI\u010cKI DOMET <\/strong> <br \/>\nSa 12,8 zaustavljanja dinami\u010dkog obuhvata, sjene i sjajni dijelovi u svemu \u0161to snimite dobivaju se u savr\u0161enoj jasno\u0107i. <\/p>\n<p> <strong> Smanjena kompresija za zadivljuju\u0107e detalje <\/strong> <br \/>\nZenmuse X5R pru\u017ea vam 4K RAW video zapis bez gubitaka i kristalno jasne fotografije od 16 megapiksela. Nijedna posebna zra\u010dna kamera ne mo\u017ee zabilje\u017eiti isti nivo detalja u svakom kadru i svaki kadar, \u010dak i na udaljenostima koje prkose ma\u0161ti. <\/p>\n<p> <strong> REVOLUCIONARNI SENZOR <\/strong> <br \/>\nUnutar Zenmuse X5R ugra\u0111en je sna\u017eni senzor Micro Four Thirds koji je apsolutno revolucionaran za vazdu\u0161nu kameru. Sa senzorom osam puta ve\u0107im od onog na prethodnoj X3 kameri koja je bila isporu\u010dena sa Inspire 1, ovaj novi MFT senzor omogu\u0107ava visokokvalitetno snimanje slike visoke osetljivosti u ISO obuhvatu 100-25600. Sofisticiranom ravnote\u017eom snage visokog razlu\u010divosti, ta\u010dne gradacije i tihog \u0161uma ostvarujete svoju umjetni\u010dku i kreativnu viziju kao nikada prije. <\/p>\n<p> <strong> NAPRAVLJENO ZA NEBO <\/strong> <br \/>\nDa bi se stvorio prvi potpuno integrisani, profesionalni sistem snimanja iz zraka, Zenmuse X5R je od samog po\u010detka dizajniran da bude savr\u0161eno kompatibilan s Inspire 1, DJI-jevim najnaprednijim quadcopterom. Sa pokretom kamere od 360 stepeni i podr\u0161kom za dvostruki kontroler, Inspire 1 je omiljena vazdu\u0161na platforma spremna za letenje za entuzijaste i profesionalce \u0161irom svijeta. Sada, jednostavnim postupkom instalacije, mo\u017eete nadograditi kameru na Inspire 1 na Zenmuse X5R, uveliko pove\u0107avaju\u0107i njegove mogu\u0107nosti snimanja, zadr\u017eavaju\u0107i jednostavnost upotrebe i pouzdanost. <\/p>\n<p> <strong> CIJELA KONTROLA <\/strong> <br \/>\nUz Zenmuse X5R imate nevi\u0111eni nivo kontrole na dohvat ruke. U intuitivnom re\u017eimu automatskog fokusa mo\u017eete re\u0107i kameri da se fokusira na odre\u0111eno podru\u010dje jednostavnim dodirivanjem ekrana va\u0161eg mobilnog ure\u0111aja, jednostavno kao \u0161to je upotreba kamere na pametnom telefonu. Tako\u0111e su dostupni ru\u010dni \/ automatski fokus, zatvara\u010d, balans bijelog i kontrola otvora blende, \u0161to vam daje neograni\u010denu slobodu za stvaranje bilo koje vrste snimka koji \u017eelite. Sa Zenmuse X5R imate potpunu kontrolu. <\/p>\n<p> <strong> RAW SNAGA <\/strong> <br \/>\nSa Zenmuse X5R, DJI je prvi put unio snagu RAW-a u namjensku vazdu\u0161nu kameru. Sposoban za snimanje 4K (3840 x 2160) videozapisa u RAW-u brzinom do 30 sli\u010dica u sekundi, Zenmuse X5R vam daje mogu\u0107nost snimanja svakog video zapisa sa svim netaknutim izvornim podacima, \u0161to vam daje potpunu kontrolu nad ure\u0111ivanjem svakog pojedina\u010dnog kadra u postu kao RAW fajl. Zajedno s maksimalnom brzinom prenosa od neverovatnih 2,4 Gbps, 4K video zapisi koje je snimio Zenmuse X5R odu\u0161eviti \u0107e vas nivoom detalja i jasno\u0107e koja je apsolutno neuporediva s bilo kojom drugom vazdu\u0161nom kamerom. <\/p>\n<p> <strong> SJAJNE FOTOGRAFIJE <\/strong> <br \/>\nZahvaljuju\u0107i velikom MFT senzoru, Zenmuse X5R je u stanju da proizvede 16-megapiksele spremne za ispis sa nevjerovatnom koli\u010dinom detalja. Uz visokokvalitetne mogu\u0107nosti snimanja slika visoke osetljivosti, Zenmuse X5R snima fotografije u JPEG i RAW formatu koje \u0107e zadovoljiti najvi\u0161e standarde. Dodatni pikseli (porast od 25% u odnosu na originalnu Inspire 1 kameru) ne samo da vam pru\u017eaju detaljnije slike, ve\u0107 i vi\u0161e prostora za rad u naknadnoj obradi. Svi dostupni su nivoi snimanja P \/ S \/ A \/ M, pru\u017eaju\u0107i vam slobodu snimanja onako kako \u017eelite. <\/p>\n<p> <strong> VODE\u0106A SVIJETSKA STABILIZACIJA <\/strong> <br \/>\nSavr\u0161eno integriran s kamerom, 3-osovinski lanac koristi DJI-jevu vode\u0107u svjetsku stabilizacijsku tehnologiju za automatsku stabilizaciju va\u0161e kamere u letu. Ovaj lanac neprekidno komunicira sa letjelicom dok letite, a sna\u017eni motori bez \u010detkica trenutno reagiraju na svaki manji pokret kako bi kamera bila u ravni, \u010dak i kad snima dugotrajno izlaganje ili vremenski interval. Zato se usmjerite na ono \u0161to \u017eelite snimati, znaju\u0107i da \u0107e rezultiraju\u0107i snimak biti stabilan i spreman za upotrebu. <\/p>\n<p> <strong> DJI GO APLIKACIJA <\/strong> <br \/>\nSa intuitivnim interfejsom, DJI GO vam omogu\u0107ava daljinsko upravljanje Zenmuse X5R kamerom, prilagi\u0111enu svake postavke u letu i fokusiranje kamere direktno na ono \u0161to \u017eelite snimiti. Od kretanja kamere od 360 stepeni do \u010ditavog niza ru\u010dnih postavki, uklju\u010duju\u0107i otvor blende, fokus, brzinu zatvara\u010da i balans bijelog, spremni ste za kontrolu svakog aspekta kamere pomo\u0107u DJI GO. <\/p>\n<p> <strong> KOMPAKTNA I TRAJNA <\/strong> <br \/>\nVrhunac DJI-jevih industrijskih in\u017eenjerskih mogu\u0107nosti, Zenmuse X5R je precizno proizveden od visokokvalitetnih legura magnezijuma, \u0161to mu omogu\u0107ava da izdr\u017ei te\u0161ku upotrebu na terenu. Kompaktan i lagan kako bi omogu\u0107io lak transport i dugo vrijeme leta, Zenmuse X5R spreman je po\u0107i s vama na svakom snimanju. <\/p>\n<p> <strong> PRECIZNA KONTROLA FOKUSA <\/strong> <br \/>\nDok letite, fokus se mo\u017ee daljinski podesiti pomo\u0107u aplikacije GO ili sistema DJI Focus. Jednostavno priklju\u010dite ovaj novi kontroler fokusa na daljinski upravlja\u010d Inspire 1 da biste dobili precizan, poznat to\u010dak fizi\u010dkog fokusa koji kontroli\u0161e izgled va\u0161ih snimaka. <\/p>\n","protected":false},"excerpt":{"rendered":"<p>GLAVNE KARAKTERISTIKE:<\/p>\n<div class=\"content\">\u2022 4K<\/div>\n<div class=\"content\">\u2022 Film DNG<\/div>\n<div class=\"content\">\u2022 12-bitni RAW<\/div>\n<div class=\"content\">\u2022 Monta\u017ea M43<\/div>\n<div class=\"content\">\u2022 24-30 sli\u010dica u sekundi<\/div>\n<div class=\"content\">\u2022 12.8 Zaustavljanja<\/div>\n<div class=\"content\">\u2022 512 GB SSD-a<\/div>\n<div class=\"content\">\u2022 ProRes<\/div>\n","protected":false},"featured_media":31185,"comment_status":"open","ping_status":"closed","template":"","meta":{"_acf_changed":false},"product_brand":[],"product_cat":[1304],"product_tag":[1712,1711],"class_list":{"0":"post-31834","1":"product","2":"type-product","3":"status-publish","4":"has-post-thumbnail","6":"product_cat-dronovi-bespilotne-letjelice-i-sistemi","7":"product_tag-dji-bs","8":"product_tag-dronovi","10":"first","11":"instock","12":"taxable","13":"shipping-taxable","14":"product-type-simple","swatches":"rey-swatches","show_selected":""},"acf":[],"yoast_head":"<!-- This site is optimized with the Yoast SEO plugin v24.9 - https:\/\/yoast.com\/wordpress\/plugins\/seo\/ -->\n<title>Zenmuse X5R - Geooprema<\/title>\n<meta name=\"robots\" content=\"index, follow, max-snippet:-1, max-image-preview:large, max-video-preview:-1\" \/>\n<link rel=\"canonical\" href=\"https:\/\/geooprema.com\/bs\/products\/dronovi-bespilotne-letjelice-i-sistemi\/zenmuse-x5r\/\" \/>\n<meta property=\"og:locale\" content=\"bs_BA\" \/>\n<meta property=\"og:type\" content=\"article\" \/>\n<meta property=\"og:title\" content=\"Zenmuse X5R - Geooprema\" \/>\n<meta property=\"og:description\" content=\"GLAVNE KARAKTERISTIKE: \u2022 4K \u2022 Film DNG \u2022 12-bitni RAW \u2022 Monta\u017ea M43 \u2022 24-30 sli\u010dica u sekundi \u2022 12.8 Zaustavljanja \u2022 512 GB SSD-a \u2022 ProRes\" \/>\n<meta property=\"og:url\" content=\"https:\/\/geooprema.com\/bs\/products\/dronovi-bespilotne-letjelice-i-sistemi\/zenmuse-x5r\/\" \/>\n<meta property=\"og:site_name\" content=\"Geooprema\" \/>\n<meta property=\"article:publisher\" content=\"https:\/\/www.facebook.com\/geoinfobih\" \/>\n<meta property=\"og:image\" content=\"https:\/\/geooprema.com\/wp-content\/uploads\/2021\/05\/Zenmuse-X5R-1.jpg\" \/>\n\t<meta property=\"og:image:width\" content=\"800\" \/>\n\t<meta property=\"og:image:height\" content=\"800\" \/>\n\t<meta property=\"og:image:type\" content=\"image\/jpeg\" \/>\n<meta name=\"twitter:card\" content=\"summary_large_image\" \/>\n<meta name=\"twitter:label1\" content=\"Est. reading time\" \/>\n\t<meta name=\"twitter:data1\" content=\"4 minute\" \/>\n<script type=\"application\/ld+json\" class=\"yoast-schema-graph\">{\"@context\":\"https:\/\/schema.org\",\"@graph\":[{\"@type\":\"WebPage\",\"@id\":\"https:\/\/geooprema.com\/bs\/products\/dronovi-bespilotne-letjelice-i-sistemi\/zenmuse-x5r\/\",\"url\":\"https:\/\/geooprema.com\/bs\/products\/dronovi-bespilotne-letjelice-i-sistemi\/zenmuse-x5r\/\",\"name\":\"Zenmuse X5R - Geooprema\",\"isPartOf\":{\"@id\":\"https:\/\/geooprema.com\/#website\"},\"primaryImageOfPage\":{\"@id\":\"https:\/\/geooprema.com\/bs\/products\/dronovi-bespilotne-letjelice-i-sistemi\/zenmuse-x5r\/#primaryimage\"},\"image\":{\"@id\":\"https:\/\/geooprema.com\/bs\/products\/dronovi-bespilotne-letjelice-i-sistemi\/zenmuse-x5r\/#primaryimage\"},\"thumbnailUrl\":\"https:\/\/geooprema.com\/wp-content\/uploads\/2021\/05\/Zenmuse-X5R-1.jpg\",\"datePublished\":\"2021-05-26T16:59:16+00:00\",\"breadcrumb\":{\"@id\":\"https:\/\/geooprema.com\/bs\/products\/dronovi-bespilotne-letjelice-i-sistemi\/zenmuse-x5r\/#breadcrumb\"},\"inLanguage\":\"bs-BA\",\"potentialAction\":[{\"@type\":\"ReadAction\",\"target\":[\"https:\/\/geooprema.com\/bs\/products\/dronovi-bespilotne-letjelice-i-sistemi\/zenmuse-x5r\/\"]}]},{\"@type\":\"ImageObject\",\"inLanguage\":\"bs-BA\",\"@id\":\"https:\/\/geooprema.com\/bs\/products\/dronovi-bespilotne-letjelice-i-sistemi\/zenmuse-x5r\/#primaryimage\",\"url\":\"https:\/\/geooprema.com\/wp-content\/uploads\/2021\/05\/Zenmuse-X5R-1.jpg\",\"contentUrl\":\"https:\/\/geooprema.com\/wp-content\/uploads\/2021\/05\/Zenmuse-X5R-1.jpg\",\"width\":800,\"height\":800,\"caption\":\"Zenmuse X5R\"},{\"@type\":\"BreadcrumbList\",\"@id\":\"https:\/\/geooprema.com\/bs\/products\/dronovi-bespilotne-letjelice-i-sistemi\/zenmuse-x5r\/#breadcrumb\",\"itemListElement\":[{\"@type\":\"ListItem\",\"position\":1,\"name\":\"Home\",\"item\":\"https:\/\/geooprema.com\/bs\/\"},{\"@type\":\"ListItem\",\"position\":2,\"name\":\"Shop\",\"item\":\"https:\/\/geooprema.com\/shop-2\/\"},{\"@type\":\"ListItem\",\"position\":3,\"name\":\"Zenmuse X5R\"}]},{\"@type\":\"WebSite\",\"@id\":\"https:\/\/geooprema.com\/#website\",\"url\":\"https:\/\/geooprema.com\/\",\"name\":\"Geooprema\",\"description\":\"Surveying and Construction Equipmen, Software and Accessories\",\"publisher\":{\"@id\":\"https:\/\/geooprema.com\/#organization\"},\"potentialAction\":[{\"@type\":\"SearchAction\",\"target\":{\"@type\":\"EntryPoint\",\"urlTemplate\":\"https:\/\/geooprema.com\/?s={search_term_string}\"},\"query-input\":{\"@type\":\"PropertyValueSpecification\",\"valueRequired\":true,\"valueName\":\"search_term_string\"}}],\"inLanguage\":\"bs-BA\"},{\"@type\":\"Organization\",\"@id\":\"https:\/\/geooprema.com\/#organization\",\"name\":\"Geooprema\",\"url\":\"https:\/\/geooprema.com\/\",\"logo\":{\"@type\":\"ImageObject\",\"inLanguage\":\"bs-BA\",\"@id\":\"https:\/\/geooprema.com\/#\/schema\/logo\/image\/\",\"url\":\"https:\/\/geooprema.com\/wp-content\/uploads\/2020\/08\/geooprema-logo.png\",\"contentUrl\":\"https:\/\/geooprema.com\/wp-content\/uploads\/2020\/08\/geooprema-logo.png\",\"width\":513,\"height\":161,\"caption\":\"Geooprema\"},\"image\":{\"@id\":\"https:\/\/geooprema.com\/#\/schema\/logo\/image\/\"},\"sameAs\":[\"https:\/\/www.facebook.com\/geoinfobih\",\"https:\/\/www.instagram.com\/geoinfodoo\/\",\"https:\/\/www.linkedin.com\/company\/geoinfo-doo\/\",\"https:\/\/www.youtube.com\/c\/Geoinfodoo\"]}]}<\/script>\n<!-- \/ Yoast SEO plugin. -->","yoast_head_json":{"title":"Zenmuse X5R - Geooprema","robots":{"index":"index","follow":"follow","max-snippet":"max-snippet:-1","max-image-preview":"max-image-preview:large","max-video-preview":"max-video-preview:-1"},"canonical":"https:\/\/geooprema.com\/bs\/products\/dronovi-bespilotne-letjelice-i-sistemi\/zenmuse-x5r\/","og_locale":"bs_BA","og_type":"article","og_title":"Zenmuse X5R - Geooprema","og_description":"GLAVNE KARAKTERISTIKE: \u2022 4K \u2022 Film DNG \u2022 12-bitni RAW \u2022 Monta\u017ea M43 \u2022 24-30 sli\u010dica u sekundi \u2022 12.8 Zaustavljanja \u2022 512 GB SSD-a \u2022 ProRes","og_url":"https:\/\/geooprema.com\/bs\/products\/dronovi-bespilotne-letjelice-i-sistemi\/zenmuse-x5r\/","og_site_name":"Geooprema","article_publisher":"https:\/\/www.facebook.com\/geoinfobih","og_image":[{"width":800,"height":800,"url":"https:\/\/geooprema.com\/wp-content\/uploads\/2021\/05\/Zenmuse-X5R-1.jpg","type":"image\/jpeg"}],"twitter_card":"summary_large_image","twitter_misc":{"Est. reading time":"4 minute"},"schema":{"@context":"https:\/\/schema.org","@graph":[{"@type":"WebPage","@id":"https:\/\/geooprema.com\/bs\/products\/dronovi-bespilotne-letjelice-i-sistemi\/zenmuse-x5r\/","url":"https:\/\/geooprema.com\/bs\/products\/dronovi-bespilotne-letjelice-i-sistemi\/zenmuse-x5r\/","name":"Zenmuse X5R - Geooprema","isPartOf":{"@id":"https:\/\/geooprema.com\/#website"},"primaryImageOfPage":{"@id":"https:\/\/geooprema.com\/bs\/products\/dronovi-bespilotne-letjelice-i-sistemi\/zenmuse-x5r\/#primaryimage"},"image":{"@id":"https:\/\/geooprema.com\/bs\/products\/dronovi-bespilotne-letjelice-i-sistemi\/zenmuse-x5r\/#primaryimage"},"thumbnailUrl":"https:\/\/geooprema.com\/wp-content\/uploads\/2021\/05\/Zenmuse-X5R-1.jpg","datePublished":"2021-05-26T16:59:16+00:00","breadcrumb":{"@id":"https:\/\/geooprema.com\/bs\/products\/dronovi-bespilotne-letjelice-i-sistemi\/zenmuse-x5r\/#breadcrumb"},"inLanguage":"bs-BA","potentialAction":[{"@type":"ReadAction","target":["https:\/\/geooprema.com\/bs\/products\/dronovi-bespilotne-letjelice-i-sistemi\/zenmuse-x5r\/"]}]},{"@type":"ImageObject","inLanguage":"bs-BA","@id":"https:\/\/geooprema.com\/bs\/products\/dronovi-bespilotne-letjelice-i-sistemi\/zenmuse-x5r\/#primaryimage","url":"https:\/\/geooprema.com\/wp-content\/uploads\/2021\/05\/Zenmuse-X5R-1.jpg","contentUrl":"https:\/\/geooprema.com\/wp-content\/uploads\/2021\/05\/Zenmuse-X5R-1.jpg","width":800,"height":800,"caption":"Zenmuse X5R"},{"@type":"BreadcrumbList","@id":"https:\/\/geooprema.com\/bs\/products\/dronovi-bespilotne-letjelice-i-sistemi\/zenmuse-x5r\/#breadcrumb","itemListElement":[{"@type":"ListItem","position":1,"name":"Home","item":"https:\/\/geooprema.com\/bs\/"},{"@type":"ListItem","position":2,"name":"Shop","item":"https:\/\/geooprema.com\/shop-2\/"},{"@type":"ListItem","position":3,"name":"Zenmuse X5R"}]},{"@type":"WebSite","@id":"https:\/\/geooprema.com\/#website","url":"https:\/\/geooprema.com\/","name":"Geooprema","description":"Surveying and Construction Equipmen, Software and Accessories","publisher":{"@id":"https:\/\/geooprema.com\/#organization"},"potentialAction":[{"@type":"SearchAction","target":{"@type":"EntryPoint","urlTemplate":"https:\/\/geooprema.com\/?s={search_term_string}"},"query-input":{"@type":"PropertyValueSpecification","valueRequired":true,"valueName":"search_term_string"}}],"inLanguage":"bs-BA"},{"@type":"Organization","@id":"https:\/\/geooprema.com\/#organization","name":"Geooprema","url":"https:\/\/geooprema.com\/","logo":{"@type":"ImageObject","inLanguage":"bs-BA","@id":"https:\/\/geooprema.com\/#\/schema\/logo\/image\/","url":"https:\/\/geooprema.com\/wp-content\/uploads\/2020\/08\/geooprema-logo.png","contentUrl":"https:\/\/geooprema.com\/wp-content\/uploads\/2020\/08\/geooprema-logo.png","width":513,"height":161,"caption":"Geooprema"},"image":{"@id":"https:\/\/geooprema.com\/#\/schema\/logo\/image\/"},"sameAs":["https:\/\/www.facebook.com\/geoinfobih","https:\/\/www.instagram.com\/geoinfodoo\/","https:\/\/www.linkedin.com\/company\/geoinfo-doo\/","https:\/\/www.youtube.com\/c\/Geoinfodoo"]}]}},"_links":{"self":[{"href":"https:\/\/geooprema.com\/bs\/wp-json\/wp\/v2\/product\/31834","targetHints":{"allow":["GET"]}}],"collection":[{"href":"https:\/\/geooprema.com\/bs\/wp-json\/wp\/v2\/product"}],"about":[{"href":"https:\/\/geooprema.com\/bs\/wp-json\/wp\/v2\/types\/product"}],"replies":[{"embeddable":true,"href":"https:\/\/geooprema.com\/bs\/wp-json\/wp\/v2\/comments?post=31834"}],"wp:featuredmedia":[{"embeddable":true,"href":"https:\/\/geooprema.com\/bs\/wp-json\/wp\/v2\/media\/31185"}],"wp:attachment":[{"href":"https:\/\/geooprema.com\/bs\/wp-json\/wp\/v2\/media?parent=31834"}],"wp:term":[{"taxonomy":"product_brand","embeddable":true,"href":"https:\/\/geooprema.com\/bs\/wp-json\/wp\/v2\/product_brand?post=31834"},{"taxonomy":"product_cat","embeddable":true,"href":"https:\/\/geooprema.com\/bs\/wp-json\/wp\/v2\/product_cat?post=31834"},{"taxonomy":"product_tag","embeddable":true,"href":"https:\/\/geooprema.com\/bs\/wp-json\/wp\/v2\/product_tag?post=31834"}],"curies":[{"name":"wp","href":"https:\/\/api.w.org\/{rel}","templated":true}]}}