
{"id":31833,"date":"2021-05-26T16:18:11","date_gmt":"2021-05-26T16:18:11","guid":{"rendered":"https:\/\/geooprema.com\/products\/Bez kategorije\/zenmuse-x4s\/"},"modified":"2021-05-26T16:18:11","modified_gmt":"2021-05-26T16:18:11","slug":"zenmuse-x4s","status":"publish","type":"product","link":"https:\/\/geooprema.com\/bs\/products\/geodetska-oprema\/dronovi-bespilotne-letjelice-i-sistemi\/zenmuse-x4s\/","title":{"rendered":"Zenmuse X4S"},"content":{"rendered":"<h2> Zenmuse X4S <\/h2>\n<p> Zenmuse X4S je mo\u0107na kamera koja sadr\u017ei 1-in\u010dni senzor od 20 megapiksela i maksimalni ISO od 12.800. Dinami\u010dni obuhvat pove\u0107an je sa Zenmuse X3 za 1 zaustavljanje, s omjerom signala i \u0161uma i osjetljivo\u0161\u0107u boja pove\u0107anim za 1,5 zaustavljanja za kvalitet slike ve\u010deg nivoa. Zenmuse X4S koristi kompaktni objektiv dizajniran od strane DJI-ja sa osnovnim objektivom ekvivalentnim niskoj disperziji i malim izobli\u010denjima. Ovaj objektiv visoke rezolucije od 84 \u00b0 FOV \u010dini Zenmuse X4S jednako sna\u017enim tokom snimanja iz vazduha kao i na zemlji. U kombinaciji sa CineCore 2.0, mo\u0107nim sistemom za obradu slika Inspire 2, mo\u017ee snimati 4K \/ 60 H.264 i 4K \/ 30 H .265 videozapisa brzinom od 100 Mb \/ s i u realnom vremenu preuzorkuje 5.2K videozapise u 4Kvideo, hvataju\u0107i fine detalje slike. U rafalnom na\u010dinu, Zenmuse X4S podr\u017eava snimanje od 14 kadrova u sekundi pri 20 megapiksela u JPEG i DNG formatima. U stanju je napraviti ravnote\u017eu izme\u0111u okretnosti i kvaliteta slike. <\/p>\n<h4 class = \"common-title title\"> INSPIRE 2 LETE\u0106A KAMERA <\/h4>\n<p class = \"text\"> U pore\u0111enju sa Inspire 1, Inspire 2 koristi inovativnu strukturu koja odvaja CineCore 2.0 sistem za obradu slike od kamere i postavlja ga u letjelicu. To zna\u010di da su senzor i opti\u010dki sistem odvojivi i lako povezani pomo\u0107u novo dizajniranog konektora za brzo otpu\u0161tanje. Dizajniranje sistema kamere na ovaj na\u010din efikasno \u0161titi senzor od magnetnih smetnji koje poti\u010du od procesora. Omoguje i povezivanje niza laganih kamera u skladu s razli\u010ditim scenama. Zenmuse X4S ima senzor od 1 in\u010da i kompaktan dizajn. Rade\u0107i u tandemu sa CineCore 2.0 sistemom za obradu slika, Zenmuse X4S omogu\u0107ava snimanje fotografija i video zapisa bez napora. <\/p>\n<h4 class = \"common-title title\"> 1-IN\u010cNI SENZOR <\/h4>\n<p class = \"text\"> Veli\u010dina senzora je od vitalnog zna\u010daja za kvalitet slike. 1-in\u010dni Exmor R CMOS senzor Zenmuse X4S koristi velike piksele dimenzija 2,4 \u03bcm po pikselu za stvaranje slika od 20 megapiksela i 11,6 zaustavljanja dinami\u010dkog opsega. U pore\u0111enju sa Zenmuse X3, koji koristi 1 \/ 2,3-in\u010dni senzor, Zenmuse X4S ima dodatno zaustavljanje dinami\u010dkog obuhvata i jo\u0161 1,5 zaustavljanja signal-omjer \u0161uma i osjetljivost boja, kao i maksimalni ISO od 12.800, za jo\u0161 vi\u0161e zapanjuju\u0107e mogu\u0107nosti snimanja. <\/p>\n<h4 class = \"common-title title\"> VI\u0160E KVALITETNI VIDEOZAPISI <\/h4>\n<p class = \"text\"> Koristi se sa sistemom za obradu slika Inspire 2 CineCore 2.0, Zenmuse X4S snima 4K \/ 60 koriste\u0107i H.264 i 4K \/ 30 koriste\u0107i H.265, oboje sa bitnom brzinom od 100 Mb \/ s. Podr\u017eava i preuzorkovanje 5.2K video zapisa u 4K, dok tehnologija 3D i tehnologija reprodukcije boja 3D LUT zadr\u017eavaju fine detalje na snimljenim slikama. <\/p>\n<h4 class = \"common-title title\"> PROFESIONALNI OBJEKTIVI<\/h4>\n<p class = \"text\"> Prilago\u0111eni in\u017eenjerski objektiv od 8,8 mm \/ F2,8-11 kompaktan je sa malim izobli\u010denjima i ima radijalnu disperziju od samo 3 \u03bcm \u0161to je ekvivalentno \u017ei\u017enoj daljini od 24 na kameri od 35 mm. Njegove visoke MTF performanse i uklanjanje niskopropusnih filtera \u010dine Zenmuse X4S nevjerovatno mo\u0107nom kamerom za svoju veli\u010dinu, kako u vazduhu tako i na zemlji. Zenmuse X4S tako\u0111e koristi zatvara\u010d krila sposoban za 1\/2000 brzina zatvara\u010da, elimini\u0161u\u0107i izobli\u010denja poklopca koja se mogu pojaviti prilikom snimanja slika objekata koji se brzo kre\u0107u ili kada lete velikom  brzinom, \u0161to omogu\u0107ava lak\u0161e snimanje dramati\u010dnih snimaka. <\/p>\n<h4 class = \"common-title title\"> UHVATITE SVAKI TRENUTAK <\/h4>\n<p class = \"text\"> Uz pomo\u0107 mo\u0107nog CineCore 2.0 sistema za obradu slika integrisanog u Inspire 2, Zenmuse X4S je u stanju da snima JPEG i DNG fotografije brzinom do 14 sli\u010dica u sekundi u rafalnom na\u010dinu, kao i da snima fotografije tokom snimanja videa, tako da savr\u0161eni trenutak mo\u017ee biti zauvijek uhva\u0107en. <\/p>\n<h4 class = \"common-title title\"> PRECIZNA STABILIZACIJA <\/h4>\n<p class = \"text\"> Lagan dizajn u kombinaciji sa velikom brzinom obrade \u010dini Zenmuse X4S lanac motore ultra reaktivnim. Trenutno reagira na suptilna kretanja letjelice i neutralizuje ga kako bi kamera bila stabilna. S precizno\u0161\u0107u od \u00b1 0,01 \u00b0, u kombinaciji s tri prigu\u0161ne kuglice i laganim prigu\u0161nim plo\u010dama koje neutraliziraju vibracije, snimci su potpuno mirni. Kao rezultat \u010dvrsto integriranih i skrivenih \u017eica, mogu\u0107e je okretati se samo za 320 \u00b0, ali za 360 \u00b0 i vi\u0161e mogu\u0107e je okretanjem samog rama. <\/p>\n","protected":false},"excerpt":{"rendered":"<p> GLAVNE KARAKTERISTIKE: <\/p>\n<p> \u2022 1-in\u010dni <\/p>\n<p> \u2022 20MP 11.6 zaustavlja se <\/p>\n<p> <span style = \"background-color: var (- body-bg-color); color: var (- body-color); font-family: var (- body-font-family), sans -serif; font-size: 1.125rem; font-weight: var (- body-font-weight); \"> \u2022 4K 60 fps \/ s <\/span> <\/p>\n<p> <span style = \"background-color: var (- body-bg-color); color: var (- body-color); font-family: var (- body-font-family), sans -serif; font-size: 1.125rem; font-weight: var (- body-font-weight); \"> \u2022 H.264 \/ H.265 100Mbps <\/span> <\/p>\n<p> <span style = \"background-color: var (- body-bg-color); color: var (- body-color); font-family: var (- body-font-family), sans -serif; font-size: 1.125rem; font-weight: var (- body-font-weight); \"> \u2022 8,8 mm \/ F2,8-11 FOV 84 \u00b0 <\/span> <\/p>\n<p> <span style = \"background-color: var (- body-bg-color); color: var (- body-color); font-family: var (- body-font-family), sans -serif; font-size: 1.125rem; font-weight: var (- body-font-weight); \"> \u2022 Okida\u010d za list <\/span> <\/p>\n<p> <span style = \"background-color: var (- body-bg-color); color: var (- body-color); font-family: var (- body-font-family), sans -serif; font-size: 1.125rem; font-weight: var (- body-font-weight); \"> \u2022 Brzi AF <\/span> <\/p>\n<div>\n<div class = \"item item-bottom\"> \u2022 3-osni kardan <\/div>\n<p> &#038; nbsp; <\/p>\n<div class = \"col-sm-7 text\"> <\/div>\n<\/div>\n","protected":false},"featured_media":31153,"comment_status":"open","ping_status":"closed","template":"","meta":{"_acf_changed":false},"product_brand":[],"product_cat":[1304],"product_tag":[1711],"class_list":{"0":"post-31833","1":"product","2":"type-product","3":"status-publish","4":"has-post-thumbnail","6":"product_cat-dronovi-bespilotne-letjelice-i-sistemi","7":"product_tag-dronovi","9":"first","10":"instock","11":"taxable","12":"shipping-taxable","13":"product-type-simple","swatches":"rey-swatches","show_selected":""},"acf":[],"yoast_head":"<!-- This site is optimized with the Yoast SEO plugin v24.9 - https:\/\/yoast.com\/wordpress\/plugins\/seo\/ -->\n<title>Zenmuse X4S - Geooprema<\/title>\n<meta name=\"robots\" content=\"index, follow, max-snippet:-1, max-image-preview:large, max-video-preview:-1\" \/>\n<link rel=\"canonical\" href=\"https:\/\/geooprema.com\/bs\/products\/dronovi-bespilotne-letjelice-i-sistemi\/zenmuse-x4s\/\" \/>\n<meta property=\"og:locale\" content=\"bs_BA\" \/>\n<meta property=\"og:type\" content=\"article\" \/>\n<meta property=\"og:title\" content=\"Zenmuse X4S - Geooprema\" \/>\n<meta property=\"og:description\" content=\"GLAVNE KARAKTERISTIKE:  \u2022 1-in\u010dni  \u2022 20MP 11.6 zaustavlja se   \u2022 4K 60 fps \/ s   \u2022 H.264 \/ H.265 100Mbps   \u2022 8,8 mm \/ F2,8-11 FOV 84 \u00b0   \u2022 Okida\u010d za list   \u2022 Brzi AF    \u2022 3-osni kardan  &amp; nbsp;\" \/>\n<meta property=\"og:url\" content=\"https:\/\/geooprema.com\/bs\/products\/dronovi-bespilotne-letjelice-i-sistemi\/zenmuse-x4s\/\" \/>\n<meta property=\"og:site_name\" content=\"Geooprema\" \/>\n<meta property=\"article:publisher\" content=\"https:\/\/www.facebook.com\/geoinfobih\" \/>\n<meta property=\"og:image\" content=\"https:\/\/geooprema.com\/wp-content\/uploads\/2021\/05\/Zenmuse-X4S-1.jpg\" \/>\n\t<meta property=\"og:image:width\" content=\"800\" \/>\n\t<meta property=\"og:image:height\" content=\"800\" \/>\n\t<meta property=\"og:image:type\" content=\"image\/jpeg\" \/>\n<meta name=\"twitter:card\" content=\"summary_large_image\" \/>\n<meta name=\"twitter:label1\" content=\"Est. reading time\" \/>\n\t<meta name=\"twitter:data1\" content=\"3 minute\" \/>\n<script type=\"application\/ld+json\" class=\"yoast-schema-graph\">{\"@context\":\"https:\/\/schema.org\",\"@graph\":[{\"@type\":\"WebPage\",\"@id\":\"https:\/\/geooprema.com\/bs\/products\/dronovi-bespilotne-letjelice-i-sistemi\/zenmuse-x4s\/\",\"url\":\"https:\/\/geooprema.com\/bs\/products\/dronovi-bespilotne-letjelice-i-sistemi\/zenmuse-x4s\/\",\"name\":\"Zenmuse X4S - Geooprema\",\"isPartOf\":{\"@id\":\"https:\/\/geooprema.com\/#website\"},\"primaryImageOfPage\":{\"@id\":\"https:\/\/geooprema.com\/bs\/products\/dronovi-bespilotne-letjelice-i-sistemi\/zenmuse-x4s\/#primaryimage\"},\"image\":{\"@id\":\"https:\/\/geooprema.com\/bs\/products\/dronovi-bespilotne-letjelice-i-sistemi\/zenmuse-x4s\/#primaryimage\"},\"thumbnailUrl\":\"https:\/\/geooprema.com\/wp-content\/uploads\/2021\/05\/Zenmuse-X4S-1.jpg\",\"datePublished\":\"2021-05-26T16:18:11+00:00\",\"breadcrumb\":{\"@id\":\"https:\/\/geooprema.com\/bs\/products\/dronovi-bespilotne-letjelice-i-sistemi\/zenmuse-x4s\/#breadcrumb\"},\"inLanguage\":\"bs-BA\",\"potentialAction\":[{\"@type\":\"ReadAction\",\"target\":[\"https:\/\/geooprema.com\/bs\/products\/dronovi-bespilotne-letjelice-i-sistemi\/zenmuse-x4s\/\"]}]},{\"@type\":\"ImageObject\",\"inLanguage\":\"bs-BA\",\"@id\":\"https:\/\/geooprema.com\/bs\/products\/dronovi-bespilotne-letjelice-i-sistemi\/zenmuse-x4s\/#primaryimage\",\"url\":\"https:\/\/geooprema.com\/wp-content\/uploads\/2021\/05\/Zenmuse-X4S-1.jpg\",\"contentUrl\":\"https:\/\/geooprema.com\/wp-content\/uploads\/2021\/05\/Zenmuse-X4S-1.jpg\",\"width\":800,\"height\":800,\"caption\":\"Zenmuse X4S\"},{\"@type\":\"BreadcrumbList\",\"@id\":\"https:\/\/geooprema.com\/bs\/products\/dronovi-bespilotne-letjelice-i-sistemi\/zenmuse-x4s\/#breadcrumb\",\"itemListElement\":[{\"@type\":\"ListItem\",\"position\":1,\"name\":\"Home\",\"item\":\"https:\/\/geooprema.com\/bs\/\"},{\"@type\":\"ListItem\",\"position\":2,\"name\":\"Shop\",\"item\":\"https:\/\/geooprema.com\/shop-2\/\"},{\"@type\":\"ListItem\",\"position\":3,\"name\":\"Zenmuse X4S\"}]},{\"@type\":\"WebSite\",\"@id\":\"https:\/\/geooprema.com\/#website\",\"url\":\"https:\/\/geooprema.com\/\",\"name\":\"Geooprema\",\"description\":\"Surveying and Construction Equipmen, Software and Accessories\",\"publisher\":{\"@id\":\"https:\/\/geooprema.com\/#organization\"},\"potentialAction\":[{\"@type\":\"SearchAction\",\"target\":{\"@type\":\"EntryPoint\",\"urlTemplate\":\"https:\/\/geooprema.com\/?s={search_term_string}\"},\"query-input\":{\"@type\":\"PropertyValueSpecification\",\"valueRequired\":true,\"valueName\":\"search_term_string\"}}],\"inLanguage\":\"bs-BA\"},{\"@type\":\"Organization\",\"@id\":\"https:\/\/geooprema.com\/#organization\",\"name\":\"Geooprema\",\"url\":\"https:\/\/geooprema.com\/\",\"logo\":{\"@type\":\"ImageObject\",\"inLanguage\":\"bs-BA\",\"@id\":\"https:\/\/geooprema.com\/#\/schema\/logo\/image\/\",\"url\":\"https:\/\/geooprema.com\/wp-content\/uploads\/2020\/08\/geooprema-logo.png\",\"contentUrl\":\"https:\/\/geooprema.com\/wp-content\/uploads\/2020\/08\/geooprema-logo.png\",\"width\":513,\"height\":161,\"caption\":\"Geooprema\"},\"image\":{\"@id\":\"https:\/\/geooprema.com\/#\/schema\/logo\/image\/\"},\"sameAs\":[\"https:\/\/www.facebook.com\/geoinfobih\",\"https:\/\/www.instagram.com\/geoinfodoo\/\",\"https:\/\/www.linkedin.com\/company\/geoinfo-doo\/\",\"https:\/\/www.youtube.com\/c\/Geoinfodoo\"]}]}<\/script>\n<!-- \/ Yoast SEO plugin. -->","yoast_head_json":{"title":"Zenmuse X4S - Geooprema","robots":{"index":"index","follow":"follow","max-snippet":"max-snippet:-1","max-image-preview":"max-image-preview:large","max-video-preview":"max-video-preview:-1"},"canonical":"https:\/\/geooprema.com\/bs\/products\/dronovi-bespilotne-letjelice-i-sistemi\/zenmuse-x4s\/","og_locale":"bs_BA","og_type":"article","og_title":"Zenmuse X4S - Geooprema","og_description":"GLAVNE KARAKTERISTIKE:  \u2022 1-in\u010dni  \u2022 20MP 11.6 zaustavlja se   \u2022 4K 60 fps \/ s   \u2022 H.264 \/ H.265 100Mbps   \u2022 8,8 mm \/ F2,8-11 FOV 84 \u00b0   \u2022 Okida\u010d za list   \u2022 Brzi AF    \u2022 3-osni kardan  & nbsp;","og_url":"https:\/\/geooprema.com\/bs\/products\/dronovi-bespilotne-letjelice-i-sistemi\/zenmuse-x4s\/","og_site_name":"Geooprema","article_publisher":"https:\/\/www.facebook.com\/geoinfobih","og_image":[{"width":800,"height":800,"url":"https:\/\/geooprema.com\/wp-content\/uploads\/2021\/05\/Zenmuse-X4S-1.jpg","type":"image\/jpeg"}],"twitter_card":"summary_large_image","twitter_misc":{"Est. reading time":"3 minute"},"schema":{"@context":"https:\/\/schema.org","@graph":[{"@type":"WebPage","@id":"https:\/\/geooprema.com\/bs\/products\/dronovi-bespilotne-letjelice-i-sistemi\/zenmuse-x4s\/","url":"https:\/\/geooprema.com\/bs\/products\/dronovi-bespilotne-letjelice-i-sistemi\/zenmuse-x4s\/","name":"Zenmuse X4S - Geooprema","isPartOf":{"@id":"https:\/\/geooprema.com\/#website"},"primaryImageOfPage":{"@id":"https:\/\/geooprema.com\/bs\/products\/dronovi-bespilotne-letjelice-i-sistemi\/zenmuse-x4s\/#primaryimage"},"image":{"@id":"https:\/\/geooprema.com\/bs\/products\/dronovi-bespilotne-letjelice-i-sistemi\/zenmuse-x4s\/#primaryimage"},"thumbnailUrl":"https:\/\/geooprema.com\/wp-content\/uploads\/2021\/05\/Zenmuse-X4S-1.jpg","datePublished":"2021-05-26T16:18:11+00:00","breadcrumb":{"@id":"https:\/\/geooprema.com\/bs\/products\/dronovi-bespilotne-letjelice-i-sistemi\/zenmuse-x4s\/#breadcrumb"},"inLanguage":"bs-BA","potentialAction":[{"@type":"ReadAction","target":["https:\/\/geooprema.com\/bs\/products\/dronovi-bespilotne-letjelice-i-sistemi\/zenmuse-x4s\/"]}]},{"@type":"ImageObject","inLanguage":"bs-BA","@id":"https:\/\/geooprema.com\/bs\/products\/dronovi-bespilotne-letjelice-i-sistemi\/zenmuse-x4s\/#primaryimage","url":"https:\/\/geooprema.com\/wp-content\/uploads\/2021\/05\/Zenmuse-X4S-1.jpg","contentUrl":"https:\/\/geooprema.com\/wp-content\/uploads\/2021\/05\/Zenmuse-X4S-1.jpg","width":800,"height":800,"caption":"Zenmuse X4S"},{"@type":"BreadcrumbList","@id":"https:\/\/geooprema.com\/bs\/products\/dronovi-bespilotne-letjelice-i-sistemi\/zenmuse-x4s\/#breadcrumb","itemListElement":[{"@type":"ListItem","position":1,"name":"Home","item":"https:\/\/geooprema.com\/bs\/"},{"@type":"ListItem","position":2,"name":"Shop","item":"https:\/\/geooprema.com\/shop-2\/"},{"@type":"ListItem","position":3,"name":"Zenmuse X4S"}]},{"@type":"WebSite","@id":"https:\/\/geooprema.com\/#website","url":"https:\/\/geooprema.com\/","name":"Geooprema","description":"Surveying and Construction Equipmen, Software and Accessories","publisher":{"@id":"https:\/\/geooprema.com\/#organization"},"potentialAction":[{"@type":"SearchAction","target":{"@type":"EntryPoint","urlTemplate":"https:\/\/geooprema.com\/?s={search_term_string}"},"query-input":{"@type":"PropertyValueSpecification","valueRequired":true,"valueName":"search_term_string"}}],"inLanguage":"bs-BA"},{"@type":"Organization","@id":"https:\/\/geooprema.com\/#organization","name":"Geooprema","url":"https:\/\/geooprema.com\/","logo":{"@type":"ImageObject","inLanguage":"bs-BA","@id":"https:\/\/geooprema.com\/#\/schema\/logo\/image\/","url":"https:\/\/geooprema.com\/wp-content\/uploads\/2020\/08\/geooprema-logo.png","contentUrl":"https:\/\/geooprema.com\/wp-content\/uploads\/2020\/08\/geooprema-logo.png","width":513,"height":161,"caption":"Geooprema"},"image":{"@id":"https:\/\/geooprema.com\/#\/schema\/logo\/image\/"},"sameAs":["https:\/\/www.facebook.com\/geoinfobih","https:\/\/www.instagram.com\/geoinfodoo\/","https:\/\/www.linkedin.com\/company\/geoinfo-doo\/","https:\/\/www.youtube.com\/c\/Geoinfodoo"]}]}},"_links":{"self":[{"href":"https:\/\/geooprema.com\/bs\/wp-json\/wp\/v2\/product\/31833","targetHints":{"allow":["GET"]}}],"collection":[{"href":"https:\/\/geooprema.com\/bs\/wp-json\/wp\/v2\/product"}],"about":[{"href":"https:\/\/geooprema.com\/bs\/wp-json\/wp\/v2\/types\/product"}],"replies":[{"embeddable":true,"href":"https:\/\/geooprema.com\/bs\/wp-json\/wp\/v2\/comments?post=31833"}],"wp:featuredmedia":[{"embeddable":true,"href":"https:\/\/geooprema.com\/bs\/wp-json\/wp\/v2\/media\/31153"}],"wp:attachment":[{"href":"https:\/\/geooprema.com\/bs\/wp-json\/wp\/v2\/media?parent=31833"}],"wp:term":[{"taxonomy":"product_brand","embeddable":true,"href":"https:\/\/geooprema.com\/bs\/wp-json\/wp\/v2\/product_brand?post=31833"},{"taxonomy":"product_cat","embeddable":true,"href":"https:\/\/geooprema.com\/bs\/wp-json\/wp\/v2\/product_cat?post=31833"},{"taxonomy":"product_tag","embeddable":true,"href":"https:\/\/geooprema.com\/bs\/wp-json\/wp\/v2\/product_tag?post=31833"}],"curies":[{"name":"wp","href":"https:\/\/api.w.org\/{rel}","templated":true}]}}