
{"id":31829,"date":"2021-05-26T14:37:15","date_gmt":"2021-05-26T14:37:15","guid":{"rendered":"https:\/\/geooprema.com\/products\/Bez%20kategorije\/zenmuse-xt\/"},"modified":"2021-06-12T09:13:49","modified_gmt":"2021-06-12T09:13:49","slug":"zenmuse-xt","status":"publish","type":"product","link":"https:\/\/geooprema.com\/bs\/products\/geodetska-oprema\/dronovi-bespilotne-letjelice-i-sistemi\/zenmuse-xt\/","title":{"rendered":"Zenmuse XT"},"content":{"rendered":"<h2> Zenmuse XT <\/h2>\n<h4> OTVORITE MOGU\u0106NOSTI GLEDANJA <\/h4>\n<p> Termi\u010dko snimanje iz vazduha nikada nije bilo tako lako kao sa DJI Zenmuse XT. Kombinuju\u0107i DJI-jevu nenadma\u0161nu stru\u010dnost u tehnologiji lan\u010danog prenosa i prenosa slike sa vode\u0107om tehnologijom termalnih slika FLIR, Zenmuse XT je ultimativno rje\u0161enje za brzo i pouzdano termi\u010dko snimanje iz vazduha. Snimajte br\u017ee, s velikom precizno\u0161\u0107u, na velikim povr\u0161inama, a zatim ih spremite na analizu i izvje\u0161taje. <\/p>\n<p> DJI Zenmuse XT ultimativno je vazdu\u0161no termalno rje\u0161enje za snimanje, dizajnirano za rad s mno\u0161tvom DJI platformi, uklju\u010duju\u0107i Matrice 100 Series, <a href = \"https:\/\/www.coptrz.com\/shop\/drones\/dji -matrice-200 \/ \"> Matrice 200 Series <\/a>, <a href=\"https:\/\/www.coptrz.com\/shop\/drones\/dji-matrice-600-pro\/\"> Matrice 600 Serije <\/ a > I Inspire 1. Stvoren u partnerstvu s <a href=\"https:\/\/www.flir.com\/\"> Flir <\/a>, XT je dostupan u radiometrijskoj verziji i verziji performansi sa raznim rezolucijama. < \/ p><\/p>\n<p> DJI Zenmuse XT pru\u017ea termovizijsku sliku visoke osetljivosti (50mK) pri 640\/30 fps ili 336\/30 fps u zavisnosti od modela fotoaparata. Ova osjetljivost pru\u017ea precizna mjerenja temperature idealna za analitiku i telemetriju. Obje kamere dostupne su s \u010detiri opcije objektiva kako bi zadovoljile razli\u010dite poslovne potrebe. Stabilizovan i kontrolisan prilago\u0111enim DJI kardanom, pru\u017ea mirne, jasne slike i 360 stepeni neometanog rotacijskog kretanja. <\/p>\n<p> <strong> DJI Zenmuse XT pogodan je za mno\u0161tvo aplikacija za termalno snimanje iz vazduha, uklju\u010duju\u0107i: <\/strong> <\/p>\n<p> \u2022 Pregledi \u017eica <\/p>\n<p> \u2022 Pregled solarne plo\u010de <\/p>\n<p> \u2022 Pretra\u017eivanje i spa\u0161avanje <\/p>\n<p> \u2022 Precizna poljoprivreda <\/p>\n<h4 class = \"common-title\"> <strong> Model performansi <\/strong> <\/h4>\n<div class = \"text common-content\">\n<p> Brzo vizualiziujte temperaturne razlike. Model performansi Zenmuse XT kamere prikazuju termalne slike u stvarnom vremenu, dok prikazuje procjenu temperature u sredi\u0161tu kamere, tako da korisnici mogu brzo prepoznati velike temperaturne razlike. <\/p>\n<h4 class = \"common-title\"> Radiometrijski model <\/h4>\n<div class = \"text common-content\">\n<p> Snimite detaljne podatke o temperaturi. Radiometrijski model omogu\u0107ava korisnicima da kliknu na bilo koji piksel za ta\u010dna mjerenja temperature ili odaberu podru\u010dje za prikaz prosje\u010dne, najvi\u0161e i najni\u017ee temperature unutar odabira. <\/p>\n<h4> Besprijekorna integracija <\/h4>\n<p class = \"common-content\"> Montiran na Matrice 100, Matrice 200 Serije, Matrice 600 ili Inspire 1, Zenmuse XT omogu\u0107ava profesionalcima da lete i uhvate detaljne termalne vazdu\u0161ne snimke u roku od nekoliko sekundi. Jednostavno integrisan, Zenmuse XT nudi potpun pristup klju\u010dnim DJI funkcijama bespilotne letjelice, kao \u0161to su prenos video zapisa velikog dometa, Inteligentni na\u010dini leta i prilago\u0111avanje putem DJI SDK-a. <\/p>\n<\/div>\n<\/div>\n","protected":false},"excerpt":{"rendered":"<p> GLAVNE KARAKTERISTIKE: <\/p>\n<p class = \"common-title\"> \u2022 Model performansi <\/p>\n<div class = \"text common-content\">\n<p class = \"common-title\"> \u2022 Radiometrijski model <\/p>\n<div class = \"text common-content\">\n<p> \u2022 Besprekorna integracija <\/p>\n<p class = \"common-content\">\n<\/div>\n<\/div>\n","protected":false},"featured_media":31094,"comment_status":"open","ping_status":"closed","template":"","meta":{"_acf_changed":false},"product_brand":[],"product_cat":[1304],"product_tag":[1712,1711,1557,452],"class_list":{"0":"post-31829","1":"product","2":"type-product","3":"status-publish","4":"has-post-thumbnail","6":"product_cat-dronovi-bespilotne-letjelice-i-sistemi","7":"product_tag-dji-bs","8":"product_tag-dronovi","9":"product_tag-geodetska-oprema","10":"product_tag-premjer","12":"first","13":"instock","14":"taxable","15":"shipping-taxable","16":"product-type-simple","swatches":"rey-swatches","show_selected":""},"acf":[],"yoast_head":"<!-- This site is optimized with the Yoast SEO plugin v24.9 - https:\/\/yoast.com\/wordpress\/plugins\/seo\/ -->\n<title>Zenmuse XT - Geooprema<\/title>\n<meta name=\"robots\" content=\"index, follow, max-snippet:-1, max-image-preview:large, max-video-preview:-1\" \/>\n<link rel=\"canonical\" href=\"https:\/\/geooprema.com\/bs\/products\/dronovi-bespilotne-letjelice-i-sistemi\/zenmuse-xt\/\" \/>\n<meta property=\"og:locale\" content=\"bs_BA\" \/>\n<meta property=\"og:type\" content=\"article\" \/>\n<meta property=\"og:title\" content=\"Zenmuse XT - Geooprema\" \/>\n<meta property=\"og:description\" content=\"GLAVNE KARAKTERISTIKE:  \u2022 Model performansi   \u2022 Radiometrijski model   \u2022 Besprekorna integracija\" \/>\n<meta property=\"og:url\" content=\"https:\/\/geooprema.com\/bs\/products\/dronovi-bespilotne-letjelice-i-sistemi\/zenmuse-xt\/\" \/>\n<meta property=\"og:site_name\" content=\"Geooprema\" \/>\n<meta property=\"article:publisher\" content=\"https:\/\/www.facebook.com\/geoinfobih\" \/>\n<meta property=\"article:modified_time\" content=\"2021-06-12T09:13:49+00:00\" \/>\n<meta property=\"og:image\" content=\"https:\/\/geooprema.com\/wp-content\/uploads\/2021\/05\/Zenmuse-XT-1.jpg\" \/>\n\t<meta property=\"og:image:width\" content=\"800\" \/>\n\t<meta property=\"og:image:height\" content=\"800\" \/>\n\t<meta property=\"og:image:type\" content=\"image\/jpeg\" \/>\n<meta name=\"twitter:card\" content=\"summary_large_image\" \/>\n<meta name=\"twitter:label1\" content=\"Est. reading time\" \/>\n\t<meta name=\"twitter:data1\" content=\"2 minute\" \/>\n<script type=\"application\/ld+json\" class=\"yoast-schema-graph\">{\"@context\":\"https:\/\/schema.org\",\"@graph\":[{\"@type\":\"WebPage\",\"@id\":\"https:\/\/geooprema.com\/bs\/products\/dronovi-bespilotne-letjelice-i-sistemi\/zenmuse-xt\/\",\"url\":\"https:\/\/geooprema.com\/bs\/products\/dronovi-bespilotne-letjelice-i-sistemi\/zenmuse-xt\/\",\"name\":\"Zenmuse XT - Geooprema\",\"isPartOf\":{\"@id\":\"https:\/\/geooprema.com\/#website\"},\"primaryImageOfPage\":{\"@id\":\"https:\/\/geooprema.com\/bs\/products\/dronovi-bespilotne-letjelice-i-sistemi\/zenmuse-xt\/#primaryimage\"},\"image\":{\"@id\":\"https:\/\/geooprema.com\/bs\/products\/dronovi-bespilotne-letjelice-i-sistemi\/zenmuse-xt\/#primaryimage\"},\"thumbnailUrl\":\"https:\/\/geooprema.com\/wp-content\/uploads\/2021\/05\/Zenmuse-XT-1.jpg\",\"datePublished\":\"2021-05-26T14:37:15+00:00\",\"dateModified\":\"2021-06-12T09:13:49+00:00\",\"breadcrumb\":{\"@id\":\"https:\/\/geooprema.com\/bs\/products\/dronovi-bespilotne-letjelice-i-sistemi\/zenmuse-xt\/#breadcrumb\"},\"inLanguage\":\"bs-BA\",\"potentialAction\":[{\"@type\":\"ReadAction\",\"target\":[\"https:\/\/geooprema.com\/bs\/products\/dronovi-bespilotne-letjelice-i-sistemi\/zenmuse-xt\/\"]}]},{\"@type\":\"ImageObject\",\"inLanguage\":\"bs-BA\",\"@id\":\"https:\/\/geooprema.com\/bs\/products\/dronovi-bespilotne-letjelice-i-sistemi\/zenmuse-xt\/#primaryimage\",\"url\":\"https:\/\/geooprema.com\/wp-content\/uploads\/2021\/05\/Zenmuse-XT-1.jpg\",\"contentUrl\":\"https:\/\/geooprema.com\/wp-content\/uploads\/2021\/05\/Zenmuse-XT-1.jpg\",\"width\":800,\"height\":800,\"caption\":\"Zenmuse XT\"},{\"@type\":\"BreadcrumbList\",\"@id\":\"https:\/\/geooprema.com\/bs\/products\/dronovi-bespilotne-letjelice-i-sistemi\/zenmuse-xt\/#breadcrumb\",\"itemListElement\":[{\"@type\":\"ListItem\",\"position\":1,\"name\":\"Home\",\"item\":\"https:\/\/geooprema.com\/bs\/\"},{\"@type\":\"ListItem\",\"position\":2,\"name\":\"Shop\",\"item\":\"https:\/\/geooprema.com\/shop-2\/\"},{\"@type\":\"ListItem\",\"position\":3,\"name\":\"Zenmuse XT\"}]},{\"@type\":\"WebSite\",\"@id\":\"https:\/\/geooprema.com\/#website\",\"url\":\"https:\/\/geooprema.com\/\",\"name\":\"Geooprema\",\"description\":\"Surveying and Construction Equipmen, Software and Accessories\",\"publisher\":{\"@id\":\"https:\/\/geooprema.com\/#organization\"},\"potentialAction\":[{\"@type\":\"SearchAction\",\"target\":{\"@type\":\"EntryPoint\",\"urlTemplate\":\"https:\/\/geooprema.com\/?s={search_term_string}\"},\"query-input\":{\"@type\":\"PropertyValueSpecification\",\"valueRequired\":true,\"valueName\":\"search_term_string\"}}],\"inLanguage\":\"bs-BA\"},{\"@type\":\"Organization\",\"@id\":\"https:\/\/geooprema.com\/#organization\",\"name\":\"Geooprema\",\"url\":\"https:\/\/geooprema.com\/\",\"logo\":{\"@type\":\"ImageObject\",\"inLanguage\":\"bs-BA\",\"@id\":\"https:\/\/geooprema.com\/#\/schema\/logo\/image\/\",\"url\":\"https:\/\/geooprema.com\/wp-content\/uploads\/2020\/08\/geooprema-logo.png\",\"contentUrl\":\"https:\/\/geooprema.com\/wp-content\/uploads\/2020\/08\/geooprema-logo.png\",\"width\":513,\"height\":161,\"caption\":\"Geooprema\"},\"image\":{\"@id\":\"https:\/\/geooprema.com\/#\/schema\/logo\/image\/\"},\"sameAs\":[\"https:\/\/www.facebook.com\/geoinfobih\",\"https:\/\/www.instagram.com\/geoinfodoo\/\",\"https:\/\/www.linkedin.com\/company\/geoinfo-doo\/\",\"https:\/\/www.youtube.com\/c\/Geoinfodoo\"]}]}<\/script>\n<!-- \/ Yoast SEO plugin. -->","yoast_head_json":{"title":"Zenmuse XT - Geooprema","robots":{"index":"index","follow":"follow","max-snippet":"max-snippet:-1","max-image-preview":"max-image-preview:large","max-video-preview":"max-video-preview:-1"},"canonical":"https:\/\/geooprema.com\/bs\/products\/dronovi-bespilotne-letjelice-i-sistemi\/zenmuse-xt\/","og_locale":"bs_BA","og_type":"article","og_title":"Zenmuse XT - Geooprema","og_description":"GLAVNE KARAKTERISTIKE:  \u2022 Model performansi   \u2022 Radiometrijski model   \u2022 Besprekorna integracija","og_url":"https:\/\/geooprema.com\/bs\/products\/dronovi-bespilotne-letjelice-i-sistemi\/zenmuse-xt\/","og_site_name":"Geooprema","article_publisher":"https:\/\/www.facebook.com\/geoinfobih","article_modified_time":"2021-06-12T09:13:49+00:00","og_image":[{"width":800,"height":800,"url":"https:\/\/geooprema.com\/wp-content\/uploads\/2021\/05\/Zenmuse-XT-1.jpg","type":"image\/jpeg"}],"twitter_card":"summary_large_image","twitter_misc":{"Est. reading time":"2 minute"},"schema":{"@context":"https:\/\/schema.org","@graph":[{"@type":"WebPage","@id":"https:\/\/geooprema.com\/bs\/products\/dronovi-bespilotne-letjelice-i-sistemi\/zenmuse-xt\/","url":"https:\/\/geooprema.com\/bs\/products\/dronovi-bespilotne-letjelice-i-sistemi\/zenmuse-xt\/","name":"Zenmuse XT - Geooprema","isPartOf":{"@id":"https:\/\/geooprema.com\/#website"},"primaryImageOfPage":{"@id":"https:\/\/geooprema.com\/bs\/products\/dronovi-bespilotne-letjelice-i-sistemi\/zenmuse-xt\/#primaryimage"},"image":{"@id":"https:\/\/geooprema.com\/bs\/products\/dronovi-bespilotne-letjelice-i-sistemi\/zenmuse-xt\/#primaryimage"},"thumbnailUrl":"https:\/\/geooprema.com\/wp-content\/uploads\/2021\/05\/Zenmuse-XT-1.jpg","datePublished":"2021-05-26T14:37:15+00:00","dateModified":"2021-06-12T09:13:49+00:00","breadcrumb":{"@id":"https:\/\/geooprema.com\/bs\/products\/dronovi-bespilotne-letjelice-i-sistemi\/zenmuse-xt\/#breadcrumb"},"inLanguage":"bs-BA","potentialAction":[{"@type":"ReadAction","target":["https:\/\/geooprema.com\/bs\/products\/dronovi-bespilotne-letjelice-i-sistemi\/zenmuse-xt\/"]}]},{"@type":"ImageObject","inLanguage":"bs-BA","@id":"https:\/\/geooprema.com\/bs\/products\/dronovi-bespilotne-letjelice-i-sistemi\/zenmuse-xt\/#primaryimage","url":"https:\/\/geooprema.com\/wp-content\/uploads\/2021\/05\/Zenmuse-XT-1.jpg","contentUrl":"https:\/\/geooprema.com\/wp-content\/uploads\/2021\/05\/Zenmuse-XT-1.jpg","width":800,"height":800,"caption":"Zenmuse XT"},{"@type":"BreadcrumbList","@id":"https:\/\/geooprema.com\/bs\/products\/dronovi-bespilotne-letjelice-i-sistemi\/zenmuse-xt\/#breadcrumb","itemListElement":[{"@type":"ListItem","position":1,"name":"Home","item":"https:\/\/geooprema.com\/bs\/"},{"@type":"ListItem","position":2,"name":"Shop","item":"https:\/\/geooprema.com\/shop-2\/"},{"@type":"ListItem","position":3,"name":"Zenmuse XT"}]},{"@type":"WebSite","@id":"https:\/\/geooprema.com\/#website","url":"https:\/\/geooprema.com\/","name":"Geooprema","description":"Surveying and Construction Equipmen, Software and Accessories","publisher":{"@id":"https:\/\/geooprema.com\/#organization"},"potentialAction":[{"@type":"SearchAction","target":{"@type":"EntryPoint","urlTemplate":"https:\/\/geooprema.com\/?s={search_term_string}"},"query-input":{"@type":"PropertyValueSpecification","valueRequired":true,"valueName":"search_term_string"}}],"inLanguage":"bs-BA"},{"@type":"Organization","@id":"https:\/\/geooprema.com\/#organization","name":"Geooprema","url":"https:\/\/geooprema.com\/","logo":{"@type":"ImageObject","inLanguage":"bs-BA","@id":"https:\/\/geooprema.com\/#\/schema\/logo\/image\/","url":"https:\/\/geooprema.com\/wp-content\/uploads\/2020\/08\/geooprema-logo.png","contentUrl":"https:\/\/geooprema.com\/wp-content\/uploads\/2020\/08\/geooprema-logo.png","width":513,"height":161,"caption":"Geooprema"},"image":{"@id":"https:\/\/geooprema.com\/#\/schema\/logo\/image\/"},"sameAs":["https:\/\/www.facebook.com\/geoinfobih","https:\/\/www.instagram.com\/geoinfodoo\/","https:\/\/www.linkedin.com\/company\/geoinfo-doo\/","https:\/\/www.youtube.com\/c\/Geoinfodoo"]}]}},"_links":{"self":[{"href":"https:\/\/geooprema.com\/bs\/wp-json\/wp\/v2\/product\/31829","targetHints":{"allow":["GET"]}}],"collection":[{"href":"https:\/\/geooprema.com\/bs\/wp-json\/wp\/v2\/product"}],"about":[{"href":"https:\/\/geooprema.com\/bs\/wp-json\/wp\/v2\/types\/product"}],"replies":[{"embeddable":true,"href":"https:\/\/geooprema.com\/bs\/wp-json\/wp\/v2\/comments?post=31829"}],"wp:featuredmedia":[{"embeddable":true,"href":"https:\/\/geooprema.com\/bs\/wp-json\/wp\/v2\/media\/31094"}],"wp:attachment":[{"href":"https:\/\/geooprema.com\/bs\/wp-json\/wp\/v2\/media?parent=31829"}],"wp:term":[{"taxonomy":"product_brand","embeddable":true,"href":"https:\/\/geooprema.com\/bs\/wp-json\/wp\/v2\/product_brand?post=31829"},{"taxonomy":"product_cat","embeddable":true,"href":"https:\/\/geooprema.com\/bs\/wp-json\/wp\/v2\/product_cat?post=31829"},{"taxonomy":"product_tag","embeddable":true,"href":"https:\/\/geooprema.com\/bs\/wp-json\/wp\/v2\/product_tag?post=31829"}],"curies":[{"name":"wp","href":"https:\/\/api.w.org\/{rel}","templated":true}]}}