
{"id":31825,"date":"2021-05-26T12:45:54","date_gmt":"2021-05-26T12:45:54","guid":{"rendered":"https:\/\/geooprema.com\/products\/Bez%20kategorije\/zenmuse-l1\/"},"modified":"2021-06-12T08:38:02","modified_gmt":"2021-06-12T08:38:02","slug":"zenmuse-l1","status":"publish","type":"product","link":"https:\/\/geooprema.com\/bs\/products\/geodetska-oprema\/dronovi-bespilotne-letjelice-i-sistemi\/zenmuse-l1\/","title":{"rendered":"Zenmuse L1"},"content":{"rendered":"<h2 data-aos = \"none\"> <strong> Zenmuse L1 <\/strong> <\/h2>\n<h4 class = \"style__headline ___ 1ripS style__headline-text ___ 1tW5r aos-init aos-animate\" data-aos = \"none\"> <strong> Digitalizacija bez kompromisa <\/strong> <\/h4>\n<p class = \"style__headline ___ 1ripS style__headline-text ___ 1tW5r aos-init aos-animate\" data-aos = \"none\"> <strong> Izuzetna efikasnost <\/strong> <\/p>\n<p class = \"style__description ___ 2V1Q7 aos-init aos-animate\" data-aos = \"none\"> Generi\u0161ite modele oblaka ta\u010daka u boji u stvarnom vremenu ili pribavite 2 km <sup> 2 <\/sup> podataka oblaka ta\u010daka u jednom letu pomo\u0107u Livox okvira Lidar modula sa FOV od 70 \u00b0 i kamere vidljivog svjetla sa senzorom od 1 in\u010da. <\/p>\n<p class = \"style__headline ___ 1ripS style__headline-text ___ 1tW5r aos-init aos-animate\" data-aos = \"none\"> <strong> Neuporediva ta\u010dnost <\/strong> <\/p>\n<p class = \"style__description ___ 2V1Q7 aos-init aos-animate\" data-aos = \"none\"> Renderirajte centimetarski precizne rekonstrukcije zahvaljuju\u0107i IMU visoke preciznosti, senzoru za ta\u010dnost pozicioniranja i ugra\u0111ivanju GNSS podataka. <\/ p><\/p>\n<p class = \"style__headline ___ 1ripS style__headline-text ___ 1tW5r aos-init aos-animate\" data-aos = \"none\"> <strong> Spremni kad jeste <\/strong> <\/p>\n<p class = \"style__description ___ 2V1Q7 aos-init aos-animate\" data-aos = \"none\"> IP54 ocjena omogu\u0107ava L1 rad u ki\u0161nim ili maglovitim okru\u017eenjima. Aktivna metoda skeniranja modula Lidar omogu\u0107uje vam let no\u0107u. <\/p>\n<h4 class = \"style__eyebrow ___ 3767l aos-init aos-animate\" data-aos = \"none\"> <strong> Vizuelizujte podatke dok letite <\/strong> <\/h4>\n<p class = \"style__headline ___ 1GB_U style__connect-eyebrow-text ___ 1mtMl aos-init aos-animate\" data-aos = \"none\"> <strong> Livox Lidar modul <\/strong> <\/p>\n<p class = \"style__description ___ 37V2m aos-init aos-animate\" data-aos = \"none\"> &#8211; Frame Lidar sa do 100% efikasnim rezultatima oblaka ta\u010daka <br \/>\n-Domet detekcije: 450m (80% odbojnosti, 0 klx) \/ 190 m (10% odbojnosti, 100 klx) <br \/>\n-Djelotvorna brzina bodova: 240.000 bodova \/ s <br \/>\n-Podr\u017eava 3 povrata <br \/>\n-Neponavljaju\u0107i obrazac skeniranja, Ponavljaju\u0107i obrazac skeniranja <\/p>\n<h4 class = \"style__eyebrow ___ 3767l aos-init aos-animate\" data-aos = \"none\"> <strong> Sve u prikazu <\/strong> <\/h4>\n<p class = \"style__headline ___ 1GB_U style__connect-eyebrow-text ___ 1mtMl aos-init aos-animate\" data-aos = \"none\"> <strong> RGB kamera <\/strong> <\/p>\n<p class = \"style__description ___ 37V2m aos-init aos-animate\" data-aos = \"none\"> &#8211; 20MP <br \/>\n&#8211; CMOS od 1 in\u010da <br \/>\n&#8211; Mehani\u010dki zatvara\u010d <\/p>\n<div class = \"style__card-content ___ vH0I2 style__size-xxxl ___ 1Y - 4 style__content-text-color-black ___ 38P05 style__horizontal-left-align ___ 1piH2\">\n<h4 class = \"style__eyebrow ___ 3767l aos-init aos-animate\" data-aos = \"none\"> <strong> Ta\u010dni detalji na raspolaganju <\/strong> <\/h4>\n<p class = \"style__headline ___ 1GB_U style__connect-eyebrow-text ___ 1mtMl aos-init aos-animate\" data-aos = \"none\"> <strong> IMU visoke preciznosti <\/strong> <\/p>\n<p class = \"style__description ___ 37V2m aos-init aos-animate\" data-aos = \"none\"> &#8211; Senzor za preciznost pozicioniranja <br \/>\n-GNSS, IMU, RGB spajanje podataka <\/p>\n<h4 class = \"style__headline ___ 1GB_U aos-init aos-animate\" data-aos = \"none\"> <strong> Oblak ta\u010daka vidljiv direktno <\/strong> <\/h4>\n<p class = \"style__description ___ 37V2m aos-init aos-animate\" data-aos = \"none\"> Oblaci to\u010daka u stvarnom vremenu pru\u017eaju neposredan uvid na licu mjesta, tako da se operateri informiraju da brzo donose klju\u010dne odluke. <br \/>\nKvalitet terenskog rada mo\u017eete provjeriti i provjerom podataka u oblaku ta\u010daka odmah nakon svakog leta. <\/p>\n<h4 class = \"style__headline ___ 1GB_U aos-init aos-animate\" data-aos = \"none\"> <strong> Mjerenje i bilje\u0161ke <\/strong> <\/h4>\n<p class = \"style__description ___ 37V2m aos-init aos-animate\" data-aos = \"none\"> Steknite i komunicirajte kriti\u010dne dimenzije na modelu oblaka ta\u010daka pomo\u0107u mjerenja i bilje\u0161ki. <\/p>\n<\/div>\n<h4 class = \"style__headline ___ 1GB_U aos-init aos-animate\" data-aos = \"none\"> Jednokratna naknadna obrada <\/h4>\n<p class = \"style__description ___ 37V2m aos-init aos-animate\" data-aos = \"none\"> DJI Terra spaja IMU i GNSS podatke za prora\u010dun oblaka ta\u010daka i vidljivog svetla, uz izvo\u0111enje POS podataka tako da bez napora mo\u017eete generisati rekonstruisane modele i izvje\u0161taj o ta\u010dnosti. <\/p>\n","protected":false},"excerpt":{"rendered":"<p> KLJU\u010cNE KARAKTERISTIKE: <\/p>\n<p> \u2022 Integri\u0161e Lidar modul, RGB kameru i IMU visoke preciznosti <\/p>\n<p> \u2022 Velika efikasnost 2 km <sup> 2 <\/sup> pre\u0111enih jednim letom <sup> <\/sup> <\/p>\n<p> \u2022 Vertikalna ta\u010dnost je velika: 5 cm \/ vodoravna ta\u010dnost: 10 cm <\/p>\n<p> \u2022 Bod: 240.000 bodova \/ s <\/p>\n<p> \u2022 Podr\u017eava 3 povrata <\/p>\n<p> \u2022 Domet otkrivanja: 450 m (80% refleksivnosti, 0 klx) <\/p>\n<p> \u2022 IP54 Nivo za\u0161tite od ulaza <\/p>\n<p> \u2022 Oblak ta\u010daka prikazuje u\u017eivo<\/p>\n","protected":false},"featured_media":31025,"comment_status":"open","ping_status":"closed","template":"","meta":{"_acf_changed":false},"product_brand":[],"product_cat":[1304],"product_tag":[1712,1711,1557],"class_list":{"0":"post-31825","1":"product","2":"type-product","3":"status-publish","4":"has-post-thumbnail","6":"product_cat-dronovi-bespilotne-letjelice-i-sistemi","7":"product_tag-dji-bs","8":"product_tag-dronovi","9":"product_tag-geodetska-oprema","11":"first","12":"instock","13":"taxable","14":"shipping-taxable","15":"product-type-simple","swatches":"rey-swatches","show_selected":""},"acf":[],"yoast_head":"<!-- This site is optimized with the Yoast SEO plugin v24.9 - https:\/\/yoast.com\/wordpress\/plugins\/seo\/ -->\n<title>Zenmuse L1 - Geooprema<\/title>\n<meta name=\"robots\" content=\"index, follow, max-snippet:-1, max-image-preview:large, max-video-preview:-1\" \/>\n<link rel=\"canonical\" href=\"https:\/\/geooprema.com\/bs\/products\/dronovi-bespilotne-letjelice-i-sistemi\/zenmuse-l1\/\" \/>\n<meta property=\"og:locale\" content=\"bs_BA\" \/>\n<meta property=\"og:type\" content=\"article\" \/>\n<meta property=\"og:title\" content=\"Zenmuse L1 - Geooprema\" \/>\n<meta property=\"og:description\" content=\"KLJU\u010cNE KARAKTERISTIKE:  \u2022 Integri\u0161e Lidar modul, RGB kameru i IMU visoke preciznosti  \u2022 Velika efikasnost 2 km 2 pre\u0111enih jednim letom   \u2022 Vertikalna ta\u010dnost je velika: 5 cm \/ vodoravna ta\u010dnost: 10 cm  \u2022 Bod: 240.000 bodova \/ s  \u2022 Podr\u017eava 3 povrata  \u2022 Domet otkrivanja: 450 m (80% refleksivnosti, 0 klx)  \u2022 IP54 Nivo za\u0161tite od ulaza  \u2022 Oblak ta\u010daka prikazuje u\u017eivo\" \/>\n<meta property=\"og:url\" content=\"https:\/\/geooprema.com\/bs\/products\/dronovi-bespilotne-letjelice-i-sistemi\/zenmuse-l1\/\" \/>\n<meta property=\"og:site_name\" content=\"Geooprema\" \/>\n<meta property=\"article:publisher\" content=\"https:\/\/www.facebook.com\/geoinfobih\" \/>\n<meta property=\"article:modified_time\" content=\"2021-06-12T08:38:02+00:00\" \/>\n<meta property=\"og:image\" content=\"https:\/\/geooprema.com\/wp-content\/uploads\/2021\/05\/Zenmuse-L1-1.jpg\" \/>\n\t<meta property=\"og:image:width\" content=\"800\" \/>\n\t<meta property=\"og:image:height\" content=\"800\" \/>\n\t<meta property=\"og:image:type\" content=\"image\/jpeg\" \/>\n<meta name=\"twitter:card\" content=\"summary_large_image\" \/>\n<meta name=\"twitter:label1\" content=\"Est. reading time\" \/>\n\t<meta name=\"twitter:data1\" content=\"1 minuta\" \/>\n<script type=\"application\/ld+json\" class=\"yoast-schema-graph\">{\"@context\":\"https:\/\/schema.org\",\"@graph\":[{\"@type\":\"WebPage\",\"@id\":\"https:\/\/geooprema.com\/bs\/products\/dronovi-bespilotne-letjelice-i-sistemi\/zenmuse-l1\/\",\"url\":\"https:\/\/geooprema.com\/bs\/products\/dronovi-bespilotne-letjelice-i-sistemi\/zenmuse-l1\/\",\"name\":\"Zenmuse L1 - Geooprema\",\"isPartOf\":{\"@id\":\"https:\/\/geooprema.com\/#website\"},\"primaryImageOfPage\":{\"@id\":\"https:\/\/geooprema.com\/bs\/products\/dronovi-bespilotne-letjelice-i-sistemi\/zenmuse-l1\/#primaryimage\"},\"image\":{\"@id\":\"https:\/\/geooprema.com\/bs\/products\/dronovi-bespilotne-letjelice-i-sistemi\/zenmuse-l1\/#primaryimage\"},\"thumbnailUrl\":\"https:\/\/geooprema.com\/wp-content\/uploads\/2021\/05\/Zenmuse-L1-1.jpg\",\"datePublished\":\"2021-05-26T12:45:54+00:00\",\"dateModified\":\"2021-06-12T08:38:02+00:00\",\"breadcrumb\":{\"@id\":\"https:\/\/geooprema.com\/bs\/products\/dronovi-bespilotne-letjelice-i-sistemi\/zenmuse-l1\/#breadcrumb\"},\"inLanguage\":\"bs-BA\",\"potentialAction\":[{\"@type\":\"ReadAction\",\"target\":[\"https:\/\/geooprema.com\/bs\/products\/dronovi-bespilotne-letjelice-i-sistemi\/zenmuse-l1\/\"]}]},{\"@type\":\"ImageObject\",\"inLanguage\":\"bs-BA\",\"@id\":\"https:\/\/geooprema.com\/bs\/products\/dronovi-bespilotne-letjelice-i-sistemi\/zenmuse-l1\/#primaryimage\",\"url\":\"https:\/\/geooprema.com\/wp-content\/uploads\/2021\/05\/Zenmuse-L1-1.jpg\",\"contentUrl\":\"https:\/\/geooprema.com\/wp-content\/uploads\/2021\/05\/Zenmuse-L1-1.jpg\",\"width\":800,\"height\":800,\"caption\":\"Zenmuse L1\"},{\"@type\":\"BreadcrumbList\",\"@id\":\"https:\/\/geooprema.com\/bs\/products\/dronovi-bespilotne-letjelice-i-sistemi\/zenmuse-l1\/#breadcrumb\",\"itemListElement\":[{\"@type\":\"ListItem\",\"position\":1,\"name\":\"Home\",\"item\":\"https:\/\/geooprema.com\/bs\/\"},{\"@type\":\"ListItem\",\"position\":2,\"name\":\"Shop\",\"item\":\"https:\/\/geooprema.com\/shop-2\/\"},{\"@type\":\"ListItem\",\"position\":3,\"name\":\"Zenmuse L1\"}]},{\"@type\":\"WebSite\",\"@id\":\"https:\/\/geooprema.com\/#website\",\"url\":\"https:\/\/geooprema.com\/\",\"name\":\"Geooprema\",\"description\":\"Surveying and Construction Equipmen, Software and Accessories\",\"publisher\":{\"@id\":\"https:\/\/geooprema.com\/#organization\"},\"potentialAction\":[{\"@type\":\"SearchAction\",\"target\":{\"@type\":\"EntryPoint\",\"urlTemplate\":\"https:\/\/geooprema.com\/?s={search_term_string}\"},\"query-input\":{\"@type\":\"PropertyValueSpecification\",\"valueRequired\":true,\"valueName\":\"search_term_string\"}}],\"inLanguage\":\"bs-BA\"},{\"@type\":\"Organization\",\"@id\":\"https:\/\/geooprema.com\/#organization\",\"name\":\"Geooprema\",\"url\":\"https:\/\/geooprema.com\/\",\"logo\":{\"@type\":\"ImageObject\",\"inLanguage\":\"bs-BA\",\"@id\":\"https:\/\/geooprema.com\/#\/schema\/logo\/image\/\",\"url\":\"https:\/\/geooprema.com\/wp-content\/uploads\/2020\/08\/geooprema-logo.png\",\"contentUrl\":\"https:\/\/geooprema.com\/wp-content\/uploads\/2020\/08\/geooprema-logo.png\",\"width\":513,\"height\":161,\"caption\":\"Geooprema\"},\"image\":{\"@id\":\"https:\/\/geooprema.com\/#\/schema\/logo\/image\/\"},\"sameAs\":[\"https:\/\/www.facebook.com\/geoinfobih\",\"https:\/\/www.instagram.com\/geoinfodoo\/\",\"https:\/\/www.linkedin.com\/company\/geoinfo-doo\/\",\"https:\/\/www.youtube.com\/c\/Geoinfodoo\"]}]}<\/script>\n<!-- \/ Yoast SEO plugin. -->","yoast_head_json":{"title":"Zenmuse L1 - Geooprema","robots":{"index":"index","follow":"follow","max-snippet":"max-snippet:-1","max-image-preview":"max-image-preview:large","max-video-preview":"max-video-preview:-1"},"canonical":"https:\/\/geooprema.com\/bs\/products\/dronovi-bespilotne-letjelice-i-sistemi\/zenmuse-l1\/","og_locale":"bs_BA","og_type":"article","og_title":"Zenmuse L1 - Geooprema","og_description":"KLJU\u010cNE KARAKTERISTIKE:  \u2022 Integri\u0161e Lidar modul, RGB kameru i IMU visoke preciznosti  \u2022 Velika efikasnost 2 km 2 pre\u0111enih jednim letom   \u2022 Vertikalna ta\u010dnost je velika: 5 cm \/ vodoravna ta\u010dnost: 10 cm  \u2022 Bod: 240.000 bodova \/ s  \u2022 Podr\u017eava 3 povrata  \u2022 Domet otkrivanja: 450 m (80% refleksivnosti, 0 klx)  \u2022 IP54 Nivo za\u0161tite od ulaza  \u2022 Oblak ta\u010daka prikazuje u\u017eivo","og_url":"https:\/\/geooprema.com\/bs\/products\/dronovi-bespilotne-letjelice-i-sistemi\/zenmuse-l1\/","og_site_name":"Geooprema","article_publisher":"https:\/\/www.facebook.com\/geoinfobih","article_modified_time":"2021-06-12T08:38:02+00:00","og_image":[{"width":800,"height":800,"url":"https:\/\/geooprema.com\/wp-content\/uploads\/2021\/05\/Zenmuse-L1-1.jpg","type":"image\/jpeg"}],"twitter_card":"summary_large_image","twitter_misc":{"Est. reading time":"1 minuta"},"schema":{"@context":"https:\/\/schema.org","@graph":[{"@type":"WebPage","@id":"https:\/\/geooprema.com\/bs\/products\/dronovi-bespilotne-letjelice-i-sistemi\/zenmuse-l1\/","url":"https:\/\/geooprema.com\/bs\/products\/dronovi-bespilotne-letjelice-i-sistemi\/zenmuse-l1\/","name":"Zenmuse L1 - Geooprema","isPartOf":{"@id":"https:\/\/geooprema.com\/#website"},"primaryImageOfPage":{"@id":"https:\/\/geooprema.com\/bs\/products\/dronovi-bespilotne-letjelice-i-sistemi\/zenmuse-l1\/#primaryimage"},"image":{"@id":"https:\/\/geooprema.com\/bs\/products\/dronovi-bespilotne-letjelice-i-sistemi\/zenmuse-l1\/#primaryimage"},"thumbnailUrl":"https:\/\/geooprema.com\/wp-content\/uploads\/2021\/05\/Zenmuse-L1-1.jpg","datePublished":"2021-05-26T12:45:54+00:00","dateModified":"2021-06-12T08:38:02+00:00","breadcrumb":{"@id":"https:\/\/geooprema.com\/bs\/products\/dronovi-bespilotne-letjelice-i-sistemi\/zenmuse-l1\/#breadcrumb"},"inLanguage":"bs-BA","potentialAction":[{"@type":"ReadAction","target":["https:\/\/geooprema.com\/bs\/products\/dronovi-bespilotne-letjelice-i-sistemi\/zenmuse-l1\/"]}]},{"@type":"ImageObject","inLanguage":"bs-BA","@id":"https:\/\/geooprema.com\/bs\/products\/dronovi-bespilotne-letjelice-i-sistemi\/zenmuse-l1\/#primaryimage","url":"https:\/\/geooprema.com\/wp-content\/uploads\/2021\/05\/Zenmuse-L1-1.jpg","contentUrl":"https:\/\/geooprema.com\/wp-content\/uploads\/2021\/05\/Zenmuse-L1-1.jpg","width":800,"height":800,"caption":"Zenmuse L1"},{"@type":"BreadcrumbList","@id":"https:\/\/geooprema.com\/bs\/products\/dronovi-bespilotne-letjelice-i-sistemi\/zenmuse-l1\/#breadcrumb","itemListElement":[{"@type":"ListItem","position":1,"name":"Home","item":"https:\/\/geooprema.com\/bs\/"},{"@type":"ListItem","position":2,"name":"Shop","item":"https:\/\/geooprema.com\/shop-2\/"},{"@type":"ListItem","position":3,"name":"Zenmuse L1"}]},{"@type":"WebSite","@id":"https:\/\/geooprema.com\/#website","url":"https:\/\/geooprema.com\/","name":"Geooprema","description":"Surveying and Construction Equipmen, Software and Accessories","publisher":{"@id":"https:\/\/geooprema.com\/#organization"},"potentialAction":[{"@type":"SearchAction","target":{"@type":"EntryPoint","urlTemplate":"https:\/\/geooprema.com\/?s={search_term_string}"},"query-input":{"@type":"PropertyValueSpecification","valueRequired":true,"valueName":"search_term_string"}}],"inLanguage":"bs-BA"},{"@type":"Organization","@id":"https:\/\/geooprema.com\/#organization","name":"Geooprema","url":"https:\/\/geooprema.com\/","logo":{"@type":"ImageObject","inLanguage":"bs-BA","@id":"https:\/\/geooprema.com\/#\/schema\/logo\/image\/","url":"https:\/\/geooprema.com\/wp-content\/uploads\/2020\/08\/geooprema-logo.png","contentUrl":"https:\/\/geooprema.com\/wp-content\/uploads\/2020\/08\/geooprema-logo.png","width":513,"height":161,"caption":"Geooprema"},"image":{"@id":"https:\/\/geooprema.com\/#\/schema\/logo\/image\/"},"sameAs":["https:\/\/www.facebook.com\/geoinfobih","https:\/\/www.instagram.com\/geoinfodoo\/","https:\/\/www.linkedin.com\/company\/geoinfo-doo\/","https:\/\/www.youtube.com\/c\/Geoinfodoo"]}]}},"_links":{"self":[{"href":"https:\/\/geooprema.com\/bs\/wp-json\/wp\/v2\/product\/31825","targetHints":{"allow":["GET"]}}],"collection":[{"href":"https:\/\/geooprema.com\/bs\/wp-json\/wp\/v2\/product"}],"about":[{"href":"https:\/\/geooprema.com\/bs\/wp-json\/wp\/v2\/types\/product"}],"replies":[{"embeddable":true,"href":"https:\/\/geooprema.com\/bs\/wp-json\/wp\/v2\/comments?post=31825"}],"wp:featuredmedia":[{"embeddable":true,"href":"https:\/\/geooprema.com\/bs\/wp-json\/wp\/v2\/media\/31025"}],"wp:attachment":[{"href":"https:\/\/geooprema.com\/bs\/wp-json\/wp\/v2\/media?parent=31825"}],"wp:term":[{"taxonomy":"product_brand","embeddable":true,"href":"https:\/\/geooprema.com\/bs\/wp-json\/wp\/v2\/product_brand?post=31825"},{"taxonomy":"product_cat","embeddable":true,"href":"https:\/\/geooprema.com\/bs\/wp-json\/wp\/v2\/product_cat?post=31825"},{"taxonomy":"product_tag","embeddable":true,"href":"https:\/\/geooprema.com\/bs\/wp-json\/wp\/v2\/product_tag?post=31825"}],"curies":[{"name":"wp","href":"https:\/\/api.w.org\/{rel}","templated":true}]}}