
{"id":31824,"date":"2021-05-25T12:26:14","date_gmt":"2021-05-25T12:26:14","guid":{"rendered":"https:\/\/geooprema.com\/products\/Bez%20kategorije\/dji-p4-multispektralni\/"},"modified":"2021-06-11T22:54:17","modified_gmt":"2021-06-11T22:54:17","slug":"dji-p4-multispektralno","status":"publish","type":"product","link":"https:\/\/geooprema.com\/bs\/products\/geodetska-oprema\/dronovi-bespilotne-letjelice-i-sistemi\/dji-p4-multispektralno\/","title":{"rendered":"DJI P4 Multispektralno"},"content":{"rendered":"<h4><strong> P4 Multispektralno <\/strong><\/h4>\n<p class=\"banner_desc aos-init aos-animate\" data-aos=\"fade-up\" data-aos-delay=\"400\">Prikupite precizne podatke na nivou biljaka koriste\u0107i P4 Multispectralni &#8211; visoko precizni dron sa besprijekorno integrisanim multispektralnim sistemom za snimanje, izgra\u0111en za poljoprivredne misije, nadzor okoline i jo\u0161 mnogo toga.<\/p>\n<div class=\"text-box\">\n<p data-aos=\"fade-up\" data-aos-delay=\"200\"><strong> Dobijte neposredni uvid u zdravlje biljaka <\/strong><\/p>\n<p class=\"desc tercijarni razmak-16 text-left aos-init aos-animate\" data-aos=\"fade-up\" data-aos-delay=\"400\">P4 Multispectralni objedinjuje postupak hvatanja podataka koji daju uvid u zdravlje usjeva i upravljanje vegetacijom. DJI je kreirao ovu platformu sa istim mo\u0107nim standardima performansi po kojima je DJI poznat, uklju\u010duju\u0107i 27 minuta maksimalnog vremena leta i do 7 km dometa, prenosa sa OcuSync sistemom.<\/p>\n<p class=\"title text-left aos-init aos-animate\" data-aos=\"fade-up\" data-aos-delay=\"200\"><strong> Pogledajte Ispod povr\u0161ine <\/strong><\/p>\n<p class=\"secondary spacing-32 text-left aos-init aos-animate\" data-aos=\"fade-up\" data-aos-delay=\"400\">Prikupljanje poljoprivrednih slika sada je jednostavnije i efikasnije nego ikad ranije s ugra\u0111enim stabilizovanim sistemom za snimanje koji prikuplja sveobuhvatne skupove podataka odmah iz kutije. Pristupite informacijama prikupljenim 1 RGB kamerom i multispektralnim nizom kamera, sa 5 kamera koje pokrivaju plave, zelene, crvene, crvene rubove i bliske infracrvene pojaseve &#8211; sve na 2 MP sa globalnim zatvara\u010dem, na 3-osnom stabilizovanom lancu.<\/p>\n<p class=\"title aos-init aos-animate\" data-aos=\"fade-up\" data-aos-delay=\"200\"><strong> Integrisani spektralni senzor sun\u010deve svjetlosti za ta\u010dne rezultate <\/strong><\/p>\n<p class=\"spacing-24 tercijarni aos-init aos-animate\" data-aos=\"fade-up\" data-aos-delay=\"400\">Integrisani spektralni senzor sun\u010deve svjetlosti na vrhu drona bilje\u017ei sun\u010devo zra\u010denje, koje maksimizira ta\u010dnost i dosljednost prikupljanja podataka u razli\u010dito doba dana. U kombinaciji s naknadno obra\u0111enim podacima, ove informacije poma\u017eu u dobivanju najta\u010dnijih rezultata NDVI-a.<\/p>\n<h4 class=\"title aos-init aos-animate\" data-aos=\"fade-up\">Zna\u010dajni podaci na raspolaganju<\/h4>\n<p class=\"razmak naslova-64 aos-init aos-animate\" data-aos=\"fade-up\" data-aos-delay=\"200\"><strong> Prika\u017ei i RGB i NDVI feedove <\/strong> &lt;\/ p&gt;<\/p>\n<p class=\"desc terciary spacing-16 aos-init aos-animate\" data-aos=\"fade-up\" data-aos-delay=\"400\">Jednostavno snimanje iz vazduha nije dovoljno za ag profesionalce koji \u017eele znati vi\u0161e. Prebacite se izme\u0111u preliminarne analize normalizovanog indeksa vegetacijske razlike (NDVI) i aktivnog RGB feeda kako biste odmah vizualizovali gdje je potrebna pa\u017enja, tako da se ciljane odluke o lije\u010denju mogu brzo donijeti.<\/p>\n<p class=\"title aos-init aos-animate\" data-aos=\"fade-up\"><strong> Preciznost centimetra <\/strong><\/p>\n<p class=\"desc sekundarni razmak-24 aos-init aos-animate\" data-aos=\"fade-up\" data-aos-delay=\"200\">Dobijte ta\u010dne podatke o pozicioniranju u realnom vremenu na slikama snimljenim sa svih \u0161est kamere sa DJI-jevim TimeSync sistemom, pru\u017eaju\u0107i ta\u010dna merenja na nivou centimetara. TimeSync sistem konstantno poravnava kontroler leta, RGB i NB kamere i RTK modul, fiksiraju\u0107i podatke o poziciji u sredi\u0161te CMOS-a i osiguravaju\u0107i da svaka fotografija koristi najta\u010dnije metapodatke. Sve kamere prolaze kroz rigorozni postupak kalibracije gdje se mjere radijalna i tangencijalna izobli\u010denja so\u010diva. Prikupljeni parametri izobli\u010denja spremaju se u metapodatke svake slike, omogu\u0107avaju\u0107i softveru naknadnu obradu da se jedinstveno prilagodi svakom korisniku.<\/p>\n<p class=\"title aos-init aos-animate\" data-aos=\"fade-up\" data-aos-delay=\"600\"><strong> D-RTK 2 Mobilna stanica i NTRIP kompatibilnost\u00a0<\/strong><\/p>\n<p class=\"desc terciary spacing-16 aos-init aos-animate\" data-aos=\"fade-up\" data-aos-delay=\"600\">Pove\u0107ajte ta\u010dnost pozicioniranja RTK bez internetske veze povezivanjem P4 Multispectralni na D-RTK 2 visoko preciznu GNSS mobilnu stanicu i NTRIP (mre\u017eni transport RTCM putem internetskog protokola) ili pohranite podatke satelitskog promatranja koji \u0107e se koristiti za naknadno obra\u0111enu kinematiku (PPK). <\/p>\n<p data-aos=\"fade-up\" data-aos-delay=\"600\">\n<\/div>\n","protected":false},"excerpt":{"rendered":"<p> GLAVNE KARAKTERISTIKE: <\/p>\n<p> \u2022 Multispektralni sistem za obradu slika <\/p>\n<p> \u2022 NDVI prikaz u\u017eivo <\/p>\n<p> \u2022 RTK modul <\/p>\n<p> \u2022 TimeSync <\/p>\n","protected":false},"featured_media":30818,"comment_status":"open","ping_status":"closed","template":"","meta":{"_acf_changed":false},"product_brand":[],"product_cat":[1304],"product_tag":[1712,1711,1557],"class_list":{"0":"post-31824","1":"product","2":"type-product","3":"status-publish","4":"has-post-thumbnail","6":"product_cat-dronovi-bespilotne-letjelice-i-sistemi","7":"product_tag-dji-bs","8":"product_tag-dronovi","9":"product_tag-geodetska-oprema","11":"first","12":"instock","13":"taxable","14":"shipping-taxable","15":"product-type-simple","swatches":"rey-swatches","show_selected":""},"acf":[],"yoast_head":"<!-- This site is optimized with the Yoast SEO plugin v24.9 - https:\/\/yoast.com\/wordpress\/plugins\/seo\/ -->\n<title>DJI P4 Multispektralno - Geooprema<\/title>\n<meta name=\"robots\" content=\"index, follow, max-snippet:-1, max-image-preview:large, max-video-preview:-1\" \/>\n<link rel=\"canonical\" href=\"https:\/\/geooprema.com\/bs\/products\/dronovi-bespilotne-letjelice-i-sistemi\/dji-p4-multispektralno\/\" \/>\n<meta property=\"og:locale\" content=\"bs_BA\" \/>\n<meta property=\"og:type\" content=\"article\" \/>\n<meta property=\"og:title\" content=\"DJI P4 Multispektralno - Geooprema\" \/>\n<meta property=\"og:description\" content=\"GLAVNE KARAKTERISTIKE:  \u2022 Multispektralni sistem za obradu slika  \u2022 NDVI prikaz u\u017eivo  \u2022 RTK modul  \u2022 TimeSync\" \/>\n<meta property=\"og:url\" content=\"https:\/\/geooprema.com\/bs\/products\/dronovi-bespilotne-letjelice-i-sistemi\/dji-p4-multispektralno\/\" \/>\n<meta property=\"og:site_name\" content=\"Geooprema\" \/>\n<meta property=\"article:publisher\" content=\"https:\/\/www.facebook.com\/geoinfobih\" \/>\n<meta property=\"article:modified_time\" content=\"2021-06-11T22:54:17+00:00\" \/>\n<meta property=\"og:image\" content=\"https:\/\/geooprema.com\/wp-content\/uploads\/2021\/05\/P4-Multispectral-1.jpg\" \/>\n\t<meta property=\"og:image:width\" content=\"800\" \/>\n\t<meta property=\"og:image:height\" content=\"800\" \/>\n\t<meta property=\"og:image:type\" content=\"image\/jpeg\" \/>\n<meta name=\"twitter:card\" content=\"summary_large_image\" \/>\n<meta name=\"twitter:label1\" content=\"Est. reading time\" \/>\n\t<meta name=\"twitter:data1\" content=\"2 minute\" \/>\n<script type=\"application\/ld+json\" class=\"yoast-schema-graph\">{\"@context\":\"https:\/\/schema.org\",\"@graph\":[{\"@type\":\"WebPage\",\"@id\":\"https:\/\/geooprema.com\/bs\/products\/dronovi-bespilotne-letjelice-i-sistemi\/dji-p4-multispektralno\/\",\"url\":\"https:\/\/geooprema.com\/bs\/products\/dronovi-bespilotne-letjelice-i-sistemi\/dji-p4-multispektralno\/\",\"name\":\"DJI P4 Multispektralno - Geooprema\",\"isPartOf\":{\"@id\":\"https:\/\/geooprema.com\/#website\"},\"primaryImageOfPage\":{\"@id\":\"https:\/\/geooprema.com\/bs\/products\/dronovi-bespilotne-letjelice-i-sistemi\/dji-p4-multispektralno\/#primaryimage\"},\"image\":{\"@id\":\"https:\/\/geooprema.com\/bs\/products\/dronovi-bespilotne-letjelice-i-sistemi\/dji-p4-multispektralno\/#primaryimage\"},\"thumbnailUrl\":\"https:\/\/geooprema.com\/wp-content\/uploads\/2021\/05\/P4-Multispectral-1.jpg\",\"datePublished\":\"2021-05-25T12:26:14+00:00\",\"dateModified\":\"2021-06-11T22:54:17+00:00\",\"breadcrumb\":{\"@id\":\"https:\/\/geooprema.com\/bs\/products\/dronovi-bespilotne-letjelice-i-sistemi\/dji-p4-multispektralno\/#breadcrumb\"},\"inLanguage\":\"bs-BA\",\"potentialAction\":[{\"@type\":\"ReadAction\",\"target\":[\"https:\/\/geooprema.com\/bs\/products\/dronovi-bespilotne-letjelice-i-sistemi\/dji-p4-multispektralno\/\"]}]},{\"@type\":\"ImageObject\",\"inLanguage\":\"bs-BA\",\"@id\":\"https:\/\/geooprema.com\/bs\/products\/dronovi-bespilotne-letjelice-i-sistemi\/dji-p4-multispektralno\/#primaryimage\",\"url\":\"https:\/\/geooprema.com\/wp-content\/uploads\/2021\/05\/P4-Multispectral-1.jpg\",\"contentUrl\":\"https:\/\/geooprema.com\/wp-content\/uploads\/2021\/05\/P4-Multispectral-1.jpg\",\"width\":800,\"height\":800,\"caption\":\"P4 Multispectral\"},{\"@type\":\"BreadcrumbList\",\"@id\":\"https:\/\/geooprema.com\/bs\/products\/dronovi-bespilotne-letjelice-i-sistemi\/dji-p4-multispektralno\/#breadcrumb\",\"itemListElement\":[{\"@type\":\"ListItem\",\"position\":1,\"name\":\"Home\",\"item\":\"https:\/\/geooprema.com\/bs\/\"},{\"@type\":\"ListItem\",\"position\":2,\"name\":\"Shop\",\"item\":\"https:\/\/geooprema.com\/shop-2\/\"},{\"@type\":\"ListItem\",\"position\":3,\"name\":\"DJI P4 Multispektralno\"}]},{\"@type\":\"WebSite\",\"@id\":\"https:\/\/geooprema.com\/#website\",\"url\":\"https:\/\/geooprema.com\/\",\"name\":\"Geooprema\",\"description\":\"Surveying and Construction Equipmen, Software and Accessories\",\"publisher\":{\"@id\":\"https:\/\/geooprema.com\/#organization\"},\"potentialAction\":[{\"@type\":\"SearchAction\",\"target\":{\"@type\":\"EntryPoint\",\"urlTemplate\":\"https:\/\/geooprema.com\/?s={search_term_string}\"},\"query-input\":{\"@type\":\"PropertyValueSpecification\",\"valueRequired\":true,\"valueName\":\"search_term_string\"}}],\"inLanguage\":\"bs-BA\"},{\"@type\":\"Organization\",\"@id\":\"https:\/\/geooprema.com\/#organization\",\"name\":\"Geooprema\",\"url\":\"https:\/\/geooprema.com\/\",\"logo\":{\"@type\":\"ImageObject\",\"inLanguage\":\"bs-BA\",\"@id\":\"https:\/\/geooprema.com\/#\/schema\/logo\/image\/\",\"url\":\"https:\/\/geooprema.com\/wp-content\/uploads\/2020\/08\/geooprema-logo.png\",\"contentUrl\":\"https:\/\/geooprema.com\/wp-content\/uploads\/2020\/08\/geooprema-logo.png\",\"width\":513,\"height\":161,\"caption\":\"Geooprema\"},\"image\":{\"@id\":\"https:\/\/geooprema.com\/#\/schema\/logo\/image\/\"},\"sameAs\":[\"https:\/\/www.facebook.com\/geoinfobih\",\"https:\/\/www.instagram.com\/geoinfodoo\/\",\"https:\/\/www.linkedin.com\/company\/geoinfo-doo\/\",\"https:\/\/www.youtube.com\/c\/Geoinfodoo\"]}]}<\/script>\n<!-- \/ Yoast SEO plugin. -->","yoast_head_json":{"title":"DJI P4 Multispektralno - Geooprema","robots":{"index":"index","follow":"follow","max-snippet":"max-snippet:-1","max-image-preview":"max-image-preview:large","max-video-preview":"max-video-preview:-1"},"canonical":"https:\/\/geooprema.com\/bs\/products\/dronovi-bespilotne-letjelice-i-sistemi\/dji-p4-multispektralno\/","og_locale":"bs_BA","og_type":"article","og_title":"DJI P4 Multispektralno - Geooprema","og_description":"GLAVNE KARAKTERISTIKE:  \u2022 Multispektralni sistem za obradu slika  \u2022 NDVI prikaz u\u017eivo  \u2022 RTK modul  \u2022 TimeSync","og_url":"https:\/\/geooprema.com\/bs\/products\/dronovi-bespilotne-letjelice-i-sistemi\/dji-p4-multispektralno\/","og_site_name":"Geooprema","article_publisher":"https:\/\/www.facebook.com\/geoinfobih","article_modified_time":"2021-06-11T22:54:17+00:00","og_image":[{"width":800,"height":800,"url":"https:\/\/geooprema.com\/wp-content\/uploads\/2021\/05\/P4-Multispectral-1.jpg","type":"image\/jpeg"}],"twitter_card":"summary_large_image","twitter_misc":{"Est. reading time":"2 minute"},"schema":{"@context":"https:\/\/schema.org","@graph":[{"@type":"WebPage","@id":"https:\/\/geooprema.com\/bs\/products\/dronovi-bespilotne-letjelice-i-sistemi\/dji-p4-multispektralno\/","url":"https:\/\/geooprema.com\/bs\/products\/dronovi-bespilotne-letjelice-i-sistemi\/dji-p4-multispektralno\/","name":"DJI P4 Multispektralno - Geooprema","isPartOf":{"@id":"https:\/\/geooprema.com\/#website"},"primaryImageOfPage":{"@id":"https:\/\/geooprema.com\/bs\/products\/dronovi-bespilotne-letjelice-i-sistemi\/dji-p4-multispektralno\/#primaryimage"},"image":{"@id":"https:\/\/geooprema.com\/bs\/products\/dronovi-bespilotne-letjelice-i-sistemi\/dji-p4-multispektralno\/#primaryimage"},"thumbnailUrl":"https:\/\/geooprema.com\/wp-content\/uploads\/2021\/05\/P4-Multispectral-1.jpg","datePublished":"2021-05-25T12:26:14+00:00","dateModified":"2021-06-11T22:54:17+00:00","breadcrumb":{"@id":"https:\/\/geooprema.com\/bs\/products\/dronovi-bespilotne-letjelice-i-sistemi\/dji-p4-multispektralno\/#breadcrumb"},"inLanguage":"bs-BA","potentialAction":[{"@type":"ReadAction","target":["https:\/\/geooprema.com\/bs\/products\/dronovi-bespilotne-letjelice-i-sistemi\/dji-p4-multispektralno\/"]}]},{"@type":"ImageObject","inLanguage":"bs-BA","@id":"https:\/\/geooprema.com\/bs\/products\/dronovi-bespilotne-letjelice-i-sistemi\/dji-p4-multispektralno\/#primaryimage","url":"https:\/\/geooprema.com\/wp-content\/uploads\/2021\/05\/P4-Multispectral-1.jpg","contentUrl":"https:\/\/geooprema.com\/wp-content\/uploads\/2021\/05\/P4-Multispectral-1.jpg","width":800,"height":800,"caption":"P4 Multispectral"},{"@type":"BreadcrumbList","@id":"https:\/\/geooprema.com\/bs\/products\/dronovi-bespilotne-letjelice-i-sistemi\/dji-p4-multispektralno\/#breadcrumb","itemListElement":[{"@type":"ListItem","position":1,"name":"Home","item":"https:\/\/geooprema.com\/bs\/"},{"@type":"ListItem","position":2,"name":"Shop","item":"https:\/\/geooprema.com\/shop-2\/"},{"@type":"ListItem","position":3,"name":"DJI P4 Multispektralno"}]},{"@type":"WebSite","@id":"https:\/\/geooprema.com\/#website","url":"https:\/\/geooprema.com\/","name":"Geooprema","description":"Surveying and Construction Equipmen, Software and Accessories","publisher":{"@id":"https:\/\/geooprema.com\/#organization"},"potentialAction":[{"@type":"SearchAction","target":{"@type":"EntryPoint","urlTemplate":"https:\/\/geooprema.com\/?s={search_term_string}"},"query-input":{"@type":"PropertyValueSpecification","valueRequired":true,"valueName":"search_term_string"}}],"inLanguage":"bs-BA"},{"@type":"Organization","@id":"https:\/\/geooprema.com\/#organization","name":"Geooprema","url":"https:\/\/geooprema.com\/","logo":{"@type":"ImageObject","inLanguage":"bs-BA","@id":"https:\/\/geooprema.com\/#\/schema\/logo\/image\/","url":"https:\/\/geooprema.com\/wp-content\/uploads\/2020\/08\/geooprema-logo.png","contentUrl":"https:\/\/geooprema.com\/wp-content\/uploads\/2020\/08\/geooprema-logo.png","width":513,"height":161,"caption":"Geooprema"},"image":{"@id":"https:\/\/geooprema.com\/#\/schema\/logo\/image\/"},"sameAs":["https:\/\/www.facebook.com\/geoinfobih","https:\/\/www.instagram.com\/geoinfodoo\/","https:\/\/www.linkedin.com\/company\/geoinfo-doo\/","https:\/\/www.youtube.com\/c\/Geoinfodoo"]}]}},"_links":{"self":[{"href":"https:\/\/geooprema.com\/bs\/wp-json\/wp\/v2\/product\/31824","targetHints":{"allow":["GET"]}}],"collection":[{"href":"https:\/\/geooprema.com\/bs\/wp-json\/wp\/v2\/product"}],"about":[{"href":"https:\/\/geooprema.com\/bs\/wp-json\/wp\/v2\/types\/product"}],"replies":[{"embeddable":true,"href":"https:\/\/geooprema.com\/bs\/wp-json\/wp\/v2\/comments?post=31824"}],"wp:featuredmedia":[{"embeddable":true,"href":"https:\/\/geooprema.com\/bs\/wp-json\/wp\/v2\/media\/30818"}],"wp:attachment":[{"href":"https:\/\/geooprema.com\/bs\/wp-json\/wp\/v2\/media?parent=31824"}],"wp:term":[{"taxonomy":"product_brand","embeddable":true,"href":"https:\/\/geooprema.com\/bs\/wp-json\/wp\/v2\/product_brand?post=31824"},{"taxonomy":"product_cat","embeddable":true,"href":"https:\/\/geooprema.com\/bs\/wp-json\/wp\/v2\/product_cat?post=31824"},{"taxonomy":"product_tag","embeddable":true,"href":"https:\/\/geooprema.com\/bs\/wp-json\/wp\/v2\/product_tag?post=31824"}],"curies":[{"name":"wp","href":"https:\/\/api.w.org\/{rel}","templated":true}]}}