
{"id":31823,"date":"2021-05-25T11:54:02","date_gmt":"2021-05-25T11:54:02","guid":{"rendered":"https:\/\/geooprema.com\/products\/Bez%20kategorije\/dji-phantom-4-rtk\/"},"modified":"2021-06-11T22:40:47","modified_gmt":"2021-06-11T22:40:47","slug":"dji-phantom-4-rtk","status":"publish","type":"product","link":"https:\/\/geooprema.com\/bs\/products\/geodetska-oprema\/dronovi-bespilotne-letjelice-i-sistemi\/dji-phantom-4-rtk\/","title":{"rendered":"DJI Phantom 4 RTK"},"content":{"rendered":"<h4 class = \"banner-logo font-dji\"> <strong> PHANTOM 4 RTK <\/strong> <\/h4>\n<p class = \"banner-slogan\"> <strong> Vizionarska inteligencija. Povi\u0161ena preciznost. <\/strong> <\/p>\n<p class = \"banner-body\"> Nadogradite svoju sljede\u0107u misiju mapiranja s Phantom 4 RTK &#8211; najkompaktnijim i najta\u010dnijim rje\u0161enjem za mapiranje male nadmorske visine. <\/p>\n<p class = \"section-title\"> <strong> Sistem pozicioniranja na nivou centimetra <\/strong> <\/p>\n<p class = \"section-body\"> Novi RTK modul integrisan je direktno u Phantom 4 RTK, pru\u017eaju\u0107i podatke o pozicioniranju na nivou centimetra u realnom vremenu za pobolj\u0161anu apsolutnu ta\u010dnost metapodataka slike. Pored optimizirane sigurnosti leta i preciznog prikupljanja podataka, Phantom 4 RTK pohranjuje i podatke satelitskog promatranja koji \u0107e se koristiti za naknadno obra\u0111enu kinematiku (PPK), koja se mo\u017ee provesti pomo\u0107u DJI Cloud PPK usluge. Ugradite Phantom 4 RTK u bilo koji tok posla, uz mogu\u0107nost povezivanja ovog sistema pozicioniranja sa D-RTK 2 visoko preciznom GNSS mobilnom stanicom ili NTRIP (mre\u017eni transport RTCM putem Internet protokola) pomo\u0107u 4G adaptera ili WiFi \u017eari\u0161ne ta\u010dke. <\/ p><\/p>\n<p class = \"section-title\"> <strong> Prikupite ta\u010dne podatke pomo\u0107u TimeSync <\/strong> <\/p>\n<p class = \"section-body\"> Da bi u potpunosti iskoristio pozicione module Phantom 4 RTK, stvoren je novi TimeSync sistem koji konstantno poravnava kontroler leta, kameru i RTK modul. Uz to, TimeSync osigurava da svaka fotografija koristi najta\u010dnije metapodatke i fiksira podatke o pozicioniranju u opti\u010dki centar objektiva &#8211; optimizuju\u0107i rezultate fotogrametrijskih metoda i omogu\u0107avaju\u0107i slici da postigne podatke o pozicioniranju na nivou centimetra. <\/p>\n<p class = \"section-title\"> <strong> Sistem preciznih slika <\/strong> <\/p>\n<p class = \"section-body\"> Snimite najbolje slike sa 1-in\u010dnim CMOS senzorom od 20 megapiksela. Mehani\u010dki zatvara\u010d \u010dini misije mapiranja ili redovno prikupljanje podataka neprimjetnim jer se Phantom 4 RTK mo\u017ee kretati dok fotografi\u0161e bez opasnosti od zamu\u0107enja. Zahvaljuju\u0107i visokoj rezoluciji, Phantom 4 RTK mo\u017ee posti\u0107i udaljenost uzorka od tla (GSD) od 2,74 cm na visini leta od 100 metara. Kako bi se osiguralo da svaki Phantom 4 RTK nudi neuporedivu preciznost, svako pojedina\u010dno so\u010divo fotoaparata prolazi kroz rigorozni postupak kalibracije, sa parametrima spremljenim u metapodatke svake slike, omogu\u0107avaju\u0107i softveru naknadnu obradu, da se jedinstveno prilagodi svakom korisniku. <\/p>\n<p class = \"section-title\"> <strong> Izgra\u0111eno za geodete <\/strong> <\/p>\n<p class = \"section-body\"> Nudi \u010ditav niz kontrolnih \u0161ema i besplatnih tehnologija <br \/>\nDJI Phantom 4 RTK je razvijen kako bi pru\u017eio rezultate ankete s ve\u0107om efikasno\u0161\u0107u nego ikad prije. <\/p>\n<p class = \"section-title\"> Namjenska aplikacija <\/p>\n<p class = \"section-body\"> Nova aplikacija DJI GS RTK i daljinski upravlja\u010d sa ugra\u0111enim ekranom, pru\u017eaju korisnicima pojednostavljenu \u0161emu upravljanja za izvi\u0111anje misija i druge scenarije prikupljanja podataka. Aplikacija GS RTK omogu\u0107ava pilotima da inteligentno kontroli\u0161u svoje Phantom 4 RTK, s vi\u0161estrukim na\u010dinima planiranja, uklju\u010duju\u0107i fotogrametriju (2D i 3D), let me\u0111uta\u010daka, svjesnost terena, segmentaciju blokova i jo\u0161 mnogo toga. Korisnici tako\u0111er mogu uvesti KML \/ KMZ datoteke kako bi optimizovali tok rada za svoje misije. Pomo\u0107u ugra\u0111enog zaslona piloti mogu jasno pregledavati i planirati svoje misije na izuzetno svijetlom, 5,5-in\u010dnom HD ekranu. <\/p>\n<p class = \"section-title\"> <strong> Pristupite raznim aplikacijama tre\u0107ih strana <\/strong> <\/p>\n<p class = \"section-body\"> Piloti s iskustvom kori\u0161tenja aplikacija nezavisnih proizvo\u0111a\u010da na DJI dronovima, mogu pristupiti vode\u0107em svjetskom ekosistemu dronova za svoj Phantom 4 RTK pomo\u0107u SDK daljinskog upravlja\u010da. Korisnici mogu priklju\u010diti kompatibilni Android ili iOS ure\u0111aj i instalirati bilo koju kompatibilnu aplikaciju sa omogu\u0107enim DJI Mobile SDK kako bi iskoristili punu snagu svog Phantom 4 RTK. <\/p>\n<p class = \"section-title\"> <strong> OcuSync sistem prenosa <\/strong> <\/p>\n<p class = \"section-body\"> U\u017eivajte u stabilnom i pouzdanom HD prenosu slike i video zapisa na udaljenostima do 7 km, izvrsno za mapiranje ve\u0107ih web lokacija. <\/p>\n<p class = \"section-title\"> <strong> Neprekidna kompatibilnost s D-RTK 2 mobilnom stanicom <\/strong> <\/p>\n<p class = \"section-body\"> Podr\u017eite svoje Phantom 4 RTK misije s mobilnom stanicom D-RTK 2 &#8211; pru\u017eaju\u0107i podatke u stvarnom vremenu bespilotnoj letjelici i formiraju\u0107i ta\u010dno rje\u0161enje za snimanje ili stjecanje ta\u010dnih koordinata lokacije koja se koristi kao RTK rover. Robusni dizajn i sistem prenosa OcuSync mobilne stanice osiguravaju vam da sa Phantom 4 RTK mo\u017eete dobiti ta\u010dne podatke na nivou centimetra u bilo kojem stanju. <\/p>\n","protected":false},"excerpt":{"rendered":"<p> GLAVNE KARAKTERISTIKE: <\/p>\n<p> \u2022 RTK modul <\/p>\n<p> \u2022 1 &#8220;CMOS senzor <\/p>\n<p> \u2022 GS RTK APLIKACIJA <\/p>\n<p> \u2022 TimeSync <\/p>\n<p> \u2022 OcuSync <\/p>\n<p> \u2022 D-RTK 2 GNSS mobilna stanica <\/p>\n","protected":false},"featured_media":30811,"comment_status":"open","ping_status":"closed","template":"","meta":{"_acf_changed":false},"product_brand":[],"product_cat":[1304],"product_tag":[1712,1711,452],"class_list":{"0":"post-31823","1":"product","2":"type-product","3":"status-publish","4":"has-post-thumbnail","6":"product_cat-dronovi-bespilotne-letjelice-i-sistemi","7":"product_tag-dji-bs","8":"product_tag-dronovi","9":"product_tag-premjer","11":"first","12":"instock","13":"taxable","14":"shipping-taxable","15":"product-type-simple","swatches":"rey-swatches","show_selected":""},"acf":[],"yoast_head":"<!-- This site is optimized with the Yoast SEO plugin v24.9 - https:\/\/yoast.com\/wordpress\/plugins\/seo\/ -->\n<title>DJI Phantom 4 RTK - Geooprema<\/title>\n<meta name=\"robots\" content=\"index, follow, max-snippet:-1, max-image-preview:large, max-video-preview:-1\" \/>\n<link rel=\"canonical\" href=\"https:\/\/geooprema.com\/bs\/products\/dronovi-bespilotne-letjelice-i-sistemi\/dji-phantom-4-rtk\/\" \/>\n<meta property=\"og:locale\" content=\"bs_BA\" \/>\n<meta property=\"og:type\" content=\"article\" \/>\n<meta property=\"og:title\" content=\"DJI Phantom 4 RTK - Geooprema\" \/>\n<meta property=\"og:description\" content=\"GLAVNE KARAKTERISTIKE:  \u2022 RTK modul  \u2022 1 &quot;CMOS senzor  \u2022 GS RTK APLIKACIJA  \u2022 TimeSync  \u2022 OcuSync  \u2022 D-RTK 2 GNSS mobilna stanica\" \/>\n<meta property=\"og:url\" content=\"https:\/\/geooprema.com\/bs\/products\/dronovi-bespilotne-letjelice-i-sistemi\/dji-phantom-4-rtk\/\" \/>\n<meta property=\"og:site_name\" content=\"Geooprema\" \/>\n<meta property=\"article:publisher\" content=\"https:\/\/www.facebook.com\/geoinfobih\" \/>\n<meta property=\"article:modified_time\" content=\"2021-06-11T22:40:47+00:00\" \/>\n<meta property=\"og:image\" content=\"https:\/\/geooprema.com\/wp-content\/uploads\/2021\/05\/Phantom-4-RTK-3.jpg\" \/>\n\t<meta property=\"og:image:width\" content=\"800\" \/>\n\t<meta property=\"og:image:height\" content=\"800\" \/>\n\t<meta property=\"og:image:type\" content=\"image\/jpeg\" \/>\n<meta name=\"twitter:card\" content=\"summary_large_image\" \/>\n<meta name=\"twitter:label1\" content=\"Est. reading time\" \/>\n\t<meta name=\"twitter:data1\" content=\"3 minute\" \/>\n<script type=\"application\/ld+json\" class=\"yoast-schema-graph\">{\"@context\":\"https:\/\/schema.org\",\"@graph\":[{\"@type\":\"WebPage\",\"@id\":\"https:\/\/geooprema.com\/bs\/products\/dronovi-bespilotne-letjelice-i-sistemi\/dji-phantom-4-rtk\/\",\"url\":\"https:\/\/geooprema.com\/bs\/products\/dronovi-bespilotne-letjelice-i-sistemi\/dji-phantom-4-rtk\/\",\"name\":\"DJI Phantom 4 RTK - Geooprema\",\"isPartOf\":{\"@id\":\"https:\/\/geooprema.com\/#website\"},\"primaryImageOfPage\":{\"@id\":\"https:\/\/geooprema.com\/bs\/products\/dronovi-bespilotne-letjelice-i-sistemi\/dji-phantom-4-rtk\/#primaryimage\"},\"image\":{\"@id\":\"https:\/\/geooprema.com\/bs\/products\/dronovi-bespilotne-letjelice-i-sistemi\/dji-phantom-4-rtk\/#primaryimage\"},\"thumbnailUrl\":\"https:\/\/geooprema.com\/wp-content\/uploads\/2021\/05\/Phantom-4-RTK-3.jpg\",\"datePublished\":\"2021-05-25T11:54:02+00:00\",\"dateModified\":\"2021-06-11T22:40:47+00:00\",\"breadcrumb\":{\"@id\":\"https:\/\/geooprema.com\/bs\/products\/dronovi-bespilotne-letjelice-i-sistemi\/dji-phantom-4-rtk\/#breadcrumb\"},\"inLanguage\":\"bs-BA\",\"potentialAction\":[{\"@type\":\"ReadAction\",\"target\":[\"https:\/\/geooprema.com\/bs\/products\/dronovi-bespilotne-letjelice-i-sistemi\/dji-phantom-4-rtk\/\"]}]},{\"@type\":\"ImageObject\",\"inLanguage\":\"bs-BA\",\"@id\":\"https:\/\/geooprema.com\/bs\/products\/dronovi-bespilotne-letjelice-i-sistemi\/dji-phantom-4-rtk\/#primaryimage\",\"url\":\"https:\/\/geooprema.com\/wp-content\/uploads\/2021\/05\/Phantom-4-RTK-3.jpg\",\"contentUrl\":\"https:\/\/geooprema.com\/wp-content\/uploads\/2021\/05\/Phantom-4-RTK-3.jpg\",\"width\":800,\"height\":800,\"caption\":\"Phantom 4 RTK\"},{\"@type\":\"BreadcrumbList\",\"@id\":\"https:\/\/geooprema.com\/bs\/products\/dronovi-bespilotne-letjelice-i-sistemi\/dji-phantom-4-rtk\/#breadcrumb\",\"itemListElement\":[{\"@type\":\"ListItem\",\"position\":1,\"name\":\"Home\",\"item\":\"https:\/\/geooprema.com\/bs\/\"},{\"@type\":\"ListItem\",\"position\":2,\"name\":\"Shop\",\"item\":\"https:\/\/geooprema.com\/shop-2\/\"},{\"@type\":\"ListItem\",\"position\":3,\"name\":\"DJI Phantom 4 RTK\"}]},{\"@type\":\"WebSite\",\"@id\":\"https:\/\/geooprema.com\/#website\",\"url\":\"https:\/\/geooprema.com\/\",\"name\":\"Geooprema\",\"description\":\"Surveying and Construction Equipmen, Software and Accessories\",\"publisher\":{\"@id\":\"https:\/\/geooprema.com\/#organization\"},\"potentialAction\":[{\"@type\":\"SearchAction\",\"target\":{\"@type\":\"EntryPoint\",\"urlTemplate\":\"https:\/\/geooprema.com\/?s={search_term_string}\"},\"query-input\":{\"@type\":\"PropertyValueSpecification\",\"valueRequired\":true,\"valueName\":\"search_term_string\"}}],\"inLanguage\":\"bs-BA\"},{\"@type\":\"Organization\",\"@id\":\"https:\/\/geooprema.com\/#organization\",\"name\":\"Geooprema\",\"url\":\"https:\/\/geooprema.com\/\",\"logo\":{\"@type\":\"ImageObject\",\"inLanguage\":\"bs-BA\",\"@id\":\"https:\/\/geooprema.com\/#\/schema\/logo\/image\/\",\"url\":\"https:\/\/geooprema.com\/wp-content\/uploads\/2020\/08\/geooprema-logo.png\",\"contentUrl\":\"https:\/\/geooprema.com\/wp-content\/uploads\/2020\/08\/geooprema-logo.png\",\"width\":513,\"height\":161,\"caption\":\"Geooprema\"},\"image\":{\"@id\":\"https:\/\/geooprema.com\/#\/schema\/logo\/image\/\"},\"sameAs\":[\"https:\/\/www.facebook.com\/geoinfobih\",\"https:\/\/www.instagram.com\/geoinfodoo\/\",\"https:\/\/www.linkedin.com\/company\/geoinfo-doo\/\",\"https:\/\/www.youtube.com\/c\/Geoinfodoo\"]}]}<\/script>\n<!-- \/ Yoast SEO plugin. -->","yoast_head_json":{"title":"DJI Phantom 4 RTK - Geooprema","robots":{"index":"index","follow":"follow","max-snippet":"max-snippet:-1","max-image-preview":"max-image-preview:large","max-video-preview":"max-video-preview:-1"},"canonical":"https:\/\/geooprema.com\/bs\/products\/dronovi-bespilotne-letjelice-i-sistemi\/dji-phantom-4-rtk\/","og_locale":"bs_BA","og_type":"article","og_title":"DJI Phantom 4 RTK - Geooprema","og_description":"GLAVNE KARAKTERISTIKE:  \u2022 RTK modul  \u2022 1 \"CMOS senzor  \u2022 GS RTK APLIKACIJA  \u2022 TimeSync  \u2022 OcuSync  \u2022 D-RTK 2 GNSS mobilna stanica","og_url":"https:\/\/geooprema.com\/bs\/products\/dronovi-bespilotne-letjelice-i-sistemi\/dji-phantom-4-rtk\/","og_site_name":"Geooprema","article_publisher":"https:\/\/www.facebook.com\/geoinfobih","article_modified_time":"2021-06-11T22:40:47+00:00","og_image":[{"width":800,"height":800,"url":"https:\/\/geooprema.com\/wp-content\/uploads\/2021\/05\/Phantom-4-RTK-3.jpg","type":"image\/jpeg"}],"twitter_card":"summary_large_image","twitter_misc":{"Est. reading time":"3 minute"},"schema":{"@context":"https:\/\/schema.org","@graph":[{"@type":"WebPage","@id":"https:\/\/geooprema.com\/bs\/products\/dronovi-bespilotne-letjelice-i-sistemi\/dji-phantom-4-rtk\/","url":"https:\/\/geooprema.com\/bs\/products\/dronovi-bespilotne-letjelice-i-sistemi\/dji-phantom-4-rtk\/","name":"DJI Phantom 4 RTK - Geooprema","isPartOf":{"@id":"https:\/\/geooprema.com\/#website"},"primaryImageOfPage":{"@id":"https:\/\/geooprema.com\/bs\/products\/dronovi-bespilotne-letjelice-i-sistemi\/dji-phantom-4-rtk\/#primaryimage"},"image":{"@id":"https:\/\/geooprema.com\/bs\/products\/dronovi-bespilotne-letjelice-i-sistemi\/dji-phantom-4-rtk\/#primaryimage"},"thumbnailUrl":"https:\/\/geooprema.com\/wp-content\/uploads\/2021\/05\/Phantom-4-RTK-3.jpg","datePublished":"2021-05-25T11:54:02+00:00","dateModified":"2021-06-11T22:40:47+00:00","breadcrumb":{"@id":"https:\/\/geooprema.com\/bs\/products\/dronovi-bespilotne-letjelice-i-sistemi\/dji-phantom-4-rtk\/#breadcrumb"},"inLanguage":"bs-BA","potentialAction":[{"@type":"ReadAction","target":["https:\/\/geooprema.com\/bs\/products\/dronovi-bespilotne-letjelice-i-sistemi\/dji-phantom-4-rtk\/"]}]},{"@type":"ImageObject","inLanguage":"bs-BA","@id":"https:\/\/geooprema.com\/bs\/products\/dronovi-bespilotne-letjelice-i-sistemi\/dji-phantom-4-rtk\/#primaryimage","url":"https:\/\/geooprema.com\/wp-content\/uploads\/2021\/05\/Phantom-4-RTK-3.jpg","contentUrl":"https:\/\/geooprema.com\/wp-content\/uploads\/2021\/05\/Phantom-4-RTK-3.jpg","width":800,"height":800,"caption":"Phantom 4 RTK"},{"@type":"BreadcrumbList","@id":"https:\/\/geooprema.com\/bs\/products\/dronovi-bespilotne-letjelice-i-sistemi\/dji-phantom-4-rtk\/#breadcrumb","itemListElement":[{"@type":"ListItem","position":1,"name":"Home","item":"https:\/\/geooprema.com\/bs\/"},{"@type":"ListItem","position":2,"name":"Shop","item":"https:\/\/geooprema.com\/shop-2\/"},{"@type":"ListItem","position":3,"name":"DJI Phantom 4 RTK"}]},{"@type":"WebSite","@id":"https:\/\/geooprema.com\/#website","url":"https:\/\/geooprema.com\/","name":"Geooprema","description":"Surveying and Construction Equipmen, Software and Accessories","publisher":{"@id":"https:\/\/geooprema.com\/#organization"},"potentialAction":[{"@type":"SearchAction","target":{"@type":"EntryPoint","urlTemplate":"https:\/\/geooprema.com\/?s={search_term_string}"},"query-input":{"@type":"PropertyValueSpecification","valueRequired":true,"valueName":"search_term_string"}}],"inLanguage":"bs-BA"},{"@type":"Organization","@id":"https:\/\/geooprema.com\/#organization","name":"Geooprema","url":"https:\/\/geooprema.com\/","logo":{"@type":"ImageObject","inLanguage":"bs-BA","@id":"https:\/\/geooprema.com\/#\/schema\/logo\/image\/","url":"https:\/\/geooprema.com\/wp-content\/uploads\/2020\/08\/geooprema-logo.png","contentUrl":"https:\/\/geooprema.com\/wp-content\/uploads\/2020\/08\/geooprema-logo.png","width":513,"height":161,"caption":"Geooprema"},"image":{"@id":"https:\/\/geooprema.com\/#\/schema\/logo\/image\/"},"sameAs":["https:\/\/www.facebook.com\/geoinfobih","https:\/\/www.instagram.com\/geoinfodoo\/","https:\/\/www.linkedin.com\/company\/geoinfo-doo\/","https:\/\/www.youtube.com\/c\/Geoinfodoo"]}]}},"_links":{"self":[{"href":"https:\/\/geooprema.com\/bs\/wp-json\/wp\/v2\/product\/31823","targetHints":{"allow":["GET"]}}],"collection":[{"href":"https:\/\/geooprema.com\/bs\/wp-json\/wp\/v2\/product"}],"about":[{"href":"https:\/\/geooprema.com\/bs\/wp-json\/wp\/v2\/types\/product"}],"replies":[{"embeddable":true,"href":"https:\/\/geooprema.com\/bs\/wp-json\/wp\/v2\/comments?post=31823"}],"wp:featuredmedia":[{"embeddable":true,"href":"https:\/\/geooprema.com\/bs\/wp-json\/wp\/v2\/media\/30811"}],"wp:attachment":[{"href":"https:\/\/geooprema.com\/bs\/wp-json\/wp\/v2\/media?parent=31823"}],"wp:term":[{"taxonomy":"product_brand","embeddable":true,"href":"https:\/\/geooprema.com\/bs\/wp-json\/wp\/v2\/product_brand?post=31823"},{"taxonomy":"product_cat","embeddable":true,"href":"https:\/\/geooprema.com\/bs\/wp-json\/wp\/v2\/product_cat?post=31823"},{"taxonomy":"product_tag","embeddable":true,"href":"https:\/\/geooprema.com\/bs\/wp-json\/wp\/v2\/product_tag?post=31823"}],"curies":[{"name":"wp","href":"https:\/\/api.w.org\/{rel}","templated":true}]}}