
{"id":31822,"date":"2021-05-25T11:18:59","date_gmt":"2021-05-25T11:18:59","guid":{"rendered":"https:\/\/geooprema.com\/products\/Bez%20kategorije\/dji-matrice-600-profesionalan\/"},"modified":"2021-06-11T22:26:51","modified_gmt":"2021-06-11T22:26:51","slug":"dji-m600-pro","status":"publish","type":"product","link":"https:\/\/geooprema.com\/bs\/products\/geodetska-oprema\/dronovi-bespilotne-letjelice-i-sistemi\/dji-m600-pro\/","title":{"rendered":"DJI Matrice 600 Pro"},"content":{"rendered":"<h4 class = \"title font-dji\"> <span class = \"m600\"> MATRICA <span class = \"light\"> 600 <\/span> <\/span> <span class = \"pro\"> <span class = \" light \"> PRO <\/span> <\/span> <\/h4>\n<p> <strong> JEDNOSTAVNO PROFESIONALNO IZVO\u0110ENJE <\/strong> <\/p>\n<p class = \"desc\"> Matrice 600 Pro (M600 Pro) naslje\u0111uje sve od M600 s pobolj\u0161anim performansama leta i boljim kapacitetom punjenja. Predinstalirani koraci i antene smanjuju vrijeme potrebno za postavljanje, a modulisani dizajn sistema olak\u0161ava montiranje dodatnih modela. Avion je opremljen najnovijim DJI tehnologijama, uklju\u010duju\u0107i A3 Pro kontroler leta, Lightbridge 2 HD sistem prenosa, inteligentne baterije i sistem upravljanja baterijama. Nekoliko Zenmuse fotoaparata i lan\u010danih sklopova su izvorno kompatibilni i potpuno integrisani sa softverom i hardverom nezavisnih proizvo\u0111a\u010da \u010dine M600 Pro idealnim za profesionalno snimanje iz vazduha, kao i industrijske primjene. <\/p>\n<p class = \"common-title float-up-fast\"> <strong> RJE\u0160ENJE SNIMANJA IZ VAZDUHA<\/strong> <\/p>\n<p class = \"common-content float-up-slow\"> Pogonski sistemi otporni na pra\u0161inu pojednostavljuju odr\u017eavanje, a aktivni rashladni motori osiguravaju pouzdan rad tokom du\u017eeg vremenskog perioda. M600 Pro je izvorno kompatibilan sa nekoliko Zenmuse fotoaparata i lanaca. S maksimalnim korisnim optere\u0107enjem od 6 kg, bez napora podr\u017eava Ronin-MX lanac, DJI Fokus i niz kamera od Micro Four Thirds sistema do RED EPIC-a. <\/p>\n<p class = \"common-title float-up-fast\"> <strong> PRODU\u017dENO VRIJEME LETENJA I DIMENZIJA PRENOSA <\/strong> <\/p>\n<p class = \"common-content float-up-slow\"> M600 Pro ima produ\u017eeno vreme leta i prenos od 5 km na velike domete. Sveobuhvatan sistem upravljanja baterijama zna\u010di da \u0107e se bilo koja od njegovih \u0161est inteligentnih baterija uklju\u010diti ili isklju\u010diti, i ostale \u0107e slijediti njihov primjer. Sistem upravljanja baterijom nadgleda svaku bateriju tokom leta, osiguravaju\u0107i sigurno slijetanje u slu\u010daju kvara jedne baterije. U pore\u0111enju sa tradicionalnim neinteligentnim baterijama, sistem upravljanja baterijama M600 Pro pojednostavljuje odr\u017eavanje, istovremeno pove\u0107avaju\u0107i sigurnost. <\/p>\n<p class = \"common-title float-up-fast\"> <strong> PROFESIONALNI HD PRIJENOS <\/strong> <\/p>\n<p class = \"common-content float-up-slow\"> DJI Lightbridge 2 dizajniran je da udovolji svim zahtjevima profesionalnog emitovanja, nude\u0107i visoku brzinu kadrova i HD pra\u0107enje u\u017eivo. USB, mini-HDMI, 3G-SDI portovi i Lightbridge 2 Zemaljska jedinica podr\u017eavaju video izlaz brzinom do 1080p \/ 60fps. Dinami\u010dne, samoprilagodljive be\u017ei\u010dne veze podataka omogu\u0107avaju prenos na velike domete sa ultra niskim ka\u0161njenjem, podr\u017eavaju\u0107i standardni izlaz emitovanja od 720p \/ 59,94fps i 1080i \/ 50fps, \u0161to omogu\u0107ava jo\u0161 kreativnije mogu\u0107nosti za snimanje iz vazduha. <\/p>\n","protected":false},"excerpt":{"rendered":"<p> <strong style = \"background-color: var (- body-bg-color); color: var (- body-color); font-family: var (- body-font-family), sans -serif; font-size: 1.125rem; \"> Glavne karakteristike: <\/strong> <\/p>\n<p> \u2022 Radi sa Zenmuse lancima i fotoaparatima <\/p>\n<p> \u2022 Radi s Ronin-MX lancom <\/p>\n<p> \u2022 Ukupna poletna te\u017eina do 34 kilograma <\/p>\n<p> \u2022 Integrirana podr\u0161ka za Lightbridge 2 <\/p>\n","protected":false},"featured_media":30797,"comment_status":"open","ping_status":"closed","template":"","meta":{"_acf_changed":false},"product_brand":[],"product_cat":[1304],"product_tag":[1712,1711,1557,453],"class_list":{"0":"post-31822","1":"product","2":"type-product","3":"status-publish","4":"has-post-thumbnail","6":"product_cat-dronovi-bespilotne-letjelice-i-sistemi","7":"product_tag-dji-bs","8":"product_tag-dronovi","9":"product_tag-geodetska-oprema","10":"product_tag-geodetski-premjer","12":"first","13":"instock","14":"taxable","15":"shipping-taxable","16":"product-type-simple","swatches":"rey-swatches","show_selected":""},"acf":[],"yoast_head":"<!-- This site is optimized with the Yoast SEO plugin v24.9 - https:\/\/yoast.com\/wordpress\/plugins\/seo\/ -->\n<title>DJI Matrice 600 Pro - Geooprema<\/title>\n<meta name=\"robots\" content=\"index, follow, max-snippet:-1, max-image-preview:large, max-video-preview:-1\" \/>\n<link rel=\"canonical\" href=\"https:\/\/geooprema.com\/bs\/products\/dronovi-bespilotne-letjelice-i-sistemi\/dji-m600-pro\/\" \/>\n<meta property=\"og:locale\" content=\"bs_BA\" \/>\n<meta property=\"og:type\" content=\"article\" \/>\n<meta property=\"og:title\" content=\"DJI Matrice 600 Pro - Geooprema\" \/>\n<meta property=\"og:description\" content=\"Glavne karakteristike:   \u2022 Radi sa Zenmuse lancima i fotoaparatima  \u2022 Radi s Ronin-MX lancom  \u2022 Ukupna poletna te\u017eina do 34 kilograma  \u2022 Integrirana podr\u0161ka za Lightbridge 2\" \/>\n<meta property=\"og:url\" content=\"https:\/\/geooprema.com\/bs\/products\/dronovi-bespilotne-letjelice-i-sistemi\/dji-m600-pro\/\" \/>\n<meta property=\"og:site_name\" content=\"Geooprema\" \/>\n<meta property=\"article:publisher\" content=\"https:\/\/www.facebook.com\/geoinfobih\" \/>\n<meta property=\"article:modified_time\" content=\"2021-06-11T22:26:51+00:00\" \/>\n<meta property=\"og:image\" content=\"https:\/\/geooprema.com\/wp-content\/uploads\/2021\/05\/M600-Pro-1.jpg\" \/>\n\t<meta property=\"og:image:width\" content=\"800\" \/>\n\t<meta property=\"og:image:height\" content=\"800\" \/>\n\t<meta property=\"og:image:type\" content=\"image\/jpeg\" \/>\n<meta name=\"twitter:card\" content=\"summary_large_image\" \/>\n<meta name=\"twitter:label1\" content=\"Est. reading time\" \/>\n\t<meta name=\"twitter:data1\" content=\"2 minute\" \/>\n<script type=\"application\/ld+json\" class=\"yoast-schema-graph\">{\"@context\":\"https:\/\/schema.org\",\"@graph\":[{\"@type\":\"WebPage\",\"@id\":\"https:\/\/geooprema.com\/bs\/products\/dronovi-bespilotne-letjelice-i-sistemi\/dji-m600-pro\/\",\"url\":\"https:\/\/geooprema.com\/bs\/products\/dronovi-bespilotne-letjelice-i-sistemi\/dji-m600-pro\/\",\"name\":\"DJI Matrice 600 Pro - Geooprema\",\"isPartOf\":{\"@id\":\"https:\/\/geooprema.com\/#website\"},\"primaryImageOfPage\":{\"@id\":\"https:\/\/geooprema.com\/bs\/products\/dronovi-bespilotne-letjelice-i-sistemi\/dji-m600-pro\/#primaryimage\"},\"image\":{\"@id\":\"https:\/\/geooprema.com\/bs\/products\/dronovi-bespilotne-letjelice-i-sistemi\/dji-m600-pro\/#primaryimage\"},\"thumbnailUrl\":\"https:\/\/geooprema.com\/wp-content\/uploads\/2021\/05\/M600-Pro-1.jpg\",\"datePublished\":\"2021-05-25T11:18:59+00:00\",\"dateModified\":\"2021-06-11T22:26:51+00:00\",\"breadcrumb\":{\"@id\":\"https:\/\/geooprema.com\/bs\/products\/dronovi-bespilotne-letjelice-i-sistemi\/dji-m600-pro\/#breadcrumb\"},\"inLanguage\":\"bs-BA\",\"potentialAction\":[{\"@type\":\"ReadAction\",\"target\":[\"https:\/\/geooprema.com\/bs\/products\/dronovi-bespilotne-letjelice-i-sistemi\/dji-m600-pro\/\"]}]},{\"@type\":\"ImageObject\",\"inLanguage\":\"bs-BA\",\"@id\":\"https:\/\/geooprema.com\/bs\/products\/dronovi-bespilotne-letjelice-i-sistemi\/dji-m600-pro\/#primaryimage\",\"url\":\"https:\/\/geooprema.com\/wp-content\/uploads\/2021\/05\/M600-Pro-1.jpg\",\"contentUrl\":\"https:\/\/geooprema.com\/wp-content\/uploads\/2021\/05\/M600-Pro-1.jpg\",\"width\":800,\"height\":800,\"caption\":\"M600 Pro\"},{\"@type\":\"BreadcrumbList\",\"@id\":\"https:\/\/geooprema.com\/bs\/products\/dronovi-bespilotne-letjelice-i-sistemi\/dji-m600-pro\/#breadcrumb\",\"itemListElement\":[{\"@type\":\"ListItem\",\"position\":1,\"name\":\"Home\",\"item\":\"https:\/\/geooprema.com\/bs\/\"},{\"@type\":\"ListItem\",\"position\":2,\"name\":\"Shop\",\"item\":\"https:\/\/geooprema.com\/shop-2\/\"},{\"@type\":\"ListItem\",\"position\":3,\"name\":\"DJI Matrice 600 Pro\"}]},{\"@type\":\"WebSite\",\"@id\":\"https:\/\/geooprema.com\/#website\",\"url\":\"https:\/\/geooprema.com\/\",\"name\":\"Geooprema\",\"description\":\"Surveying and Construction Equipmen, Software and Accessories\",\"publisher\":{\"@id\":\"https:\/\/geooprema.com\/#organization\"},\"potentialAction\":[{\"@type\":\"SearchAction\",\"target\":{\"@type\":\"EntryPoint\",\"urlTemplate\":\"https:\/\/geooprema.com\/?s={search_term_string}\"},\"query-input\":{\"@type\":\"PropertyValueSpecification\",\"valueRequired\":true,\"valueName\":\"search_term_string\"}}],\"inLanguage\":\"bs-BA\"},{\"@type\":\"Organization\",\"@id\":\"https:\/\/geooprema.com\/#organization\",\"name\":\"Geooprema\",\"url\":\"https:\/\/geooprema.com\/\",\"logo\":{\"@type\":\"ImageObject\",\"inLanguage\":\"bs-BA\",\"@id\":\"https:\/\/geooprema.com\/#\/schema\/logo\/image\/\",\"url\":\"https:\/\/geooprema.com\/wp-content\/uploads\/2020\/08\/geooprema-logo.png\",\"contentUrl\":\"https:\/\/geooprema.com\/wp-content\/uploads\/2020\/08\/geooprema-logo.png\",\"width\":513,\"height\":161,\"caption\":\"Geooprema\"},\"image\":{\"@id\":\"https:\/\/geooprema.com\/#\/schema\/logo\/image\/\"},\"sameAs\":[\"https:\/\/www.facebook.com\/geoinfobih\",\"https:\/\/www.instagram.com\/geoinfodoo\/\",\"https:\/\/www.linkedin.com\/company\/geoinfo-doo\/\",\"https:\/\/www.youtube.com\/c\/Geoinfodoo\"]}]}<\/script>\n<!-- \/ Yoast SEO plugin. -->","yoast_head_json":{"title":"DJI Matrice 600 Pro - Geooprema","robots":{"index":"index","follow":"follow","max-snippet":"max-snippet:-1","max-image-preview":"max-image-preview:large","max-video-preview":"max-video-preview:-1"},"canonical":"https:\/\/geooprema.com\/bs\/products\/dronovi-bespilotne-letjelice-i-sistemi\/dji-m600-pro\/","og_locale":"bs_BA","og_type":"article","og_title":"DJI Matrice 600 Pro - Geooprema","og_description":"Glavne karakteristike:   \u2022 Radi sa Zenmuse lancima i fotoaparatima  \u2022 Radi s Ronin-MX lancom  \u2022 Ukupna poletna te\u017eina do 34 kilograma  \u2022 Integrirana podr\u0161ka za Lightbridge 2","og_url":"https:\/\/geooprema.com\/bs\/products\/dronovi-bespilotne-letjelice-i-sistemi\/dji-m600-pro\/","og_site_name":"Geooprema","article_publisher":"https:\/\/www.facebook.com\/geoinfobih","article_modified_time":"2021-06-11T22:26:51+00:00","og_image":[{"width":800,"height":800,"url":"https:\/\/geooprema.com\/wp-content\/uploads\/2021\/05\/M600-Pro-1.jpg","type":"image\/jpeg"}],"twitter_card":"summary_large_image","twitter_misc":{"Est. reading time":"2 minute"},"schema":{"@context":"https:\/\/schema.org","@graph":[{"@type":"WebPage","@id":"https:\/\/geooprema.com\/bs\/products\/dronovi-bespilotne-letjelice-i-sistemi\/dji-m600-pro\/","url":"https:\/\/geooprema.com\/bs\/products\/dronovi-bespilotne-letjelice-i-sistemi\/dji-m600-pro\/","name":"DJI Matrice 600 Pro - Geooprema","isPartOf":{"@id":"https:\/\/geooprema.com\/#website"},"primaryImageOfPage":{"@id":"https:\/\/geooprema.com\/bs\/products\/dronovi-bespilotne-letjelice-i-sistemi\/dji-m600-pro\/#primaryimage"},"image":{"@id":"https:\/\/geooprema.com\/bs\/products\/dronovi-bespilotne-letjelice-i-sistemi\/dji-m600-pro\/#primaryimage"},"thumbnailUrl":"https:\/\/geooprema.com\/wp-content\/uploads\/2021\/05\/M600-Pro-1.jpg","datePublished":"2021-05-25T11:18:59+00:00","dateModified":"2021-06-11T22:26:51+00:00","breadcrumb":{"@id":"https:\/\/geooprema.com\/bs\/products\/dronovi-bespilotne-letjelice-i-sistemi\/dji-m600-pro\/#breadcrumb"},"inLanguage":"bs-BA","potentialAction":[{"@type":"ReadAction","target":["https:\/\/geooprema.com\/bs\/products\/dronovi-bespilotne-letjelice-i-sistemi\/dji-m600-pro\/"]}]},{"@type":"ImageObject","inLanguage":"bs-BA","@id":"https:\/\/geooprema.com\/bs\/products\/dronovi-bespilotne-letjelice-i-sistemi\/dji-m600-pro\/#primaryimage","url":"https:\/\/geooprema.com\/wp-content\/uploads\/2021\/05\/M600-Pro-1.jpg","contentUrl":"https:\/\/geooprema.com\/wp-content\/uploads\/2021\/05\/M600-Pro-1.jpg","width":800,"height":800,"caption":"M600 Pro"},{"@type":"BreadcrumbList","@id":"https:\/\/geooprema.com\/bs\/products\/dronovi-bespilotne-letjelice-i-sistemi\/dji-m600-pro\/#breadcrumb","itemListElement":[{"@type":"ListItem","position":1,"name":"Home","item":"https:\/\/geooprema.com\/bs\/"},{"@type":"ListItem","position":2,"name":"Shop","item":"https:\/\/geooprema.com\/shop-2\/"},{"@type":"ListItem","position":3,"name":"DJI Matrice 600 Pro"}]},{"@type":"WebSite","@id":"https:\/\/geooprema.com\/#website","url":"https:\/\/geooprema.com\/","name":"Geooprema","description":"Surveying and Construction Equipmen, Software and Accessories","publisher":{"@id":"https:\/\/geooprema.com\/#organization"},"potentialAction":[{"@type":"SearchAction","target":{"@type":"EntryPoint","urlTemplate":"https:\/\/geooprema.com\/?s={search_term_string}"},"query-input":{"@type":"PropertyValueSpecification","valueRequired":true,"valueName":"search_term_string"}}],"inLanguage":"bs-BA"},{"@type":"Organization","@id":"https:\/\/geooprema.com\/#organization","name":"Geooprema","url":"https:\/\/geooprema.com\/","logo":{"@type":"ImageObject","inLanguage":"bs-BA","@id":"https:\/\/geooprema.com\/#\/schema\/logo\/image\/","url":"https:\/\/geooprema.com\/wp-content\/uploads\/2020\/08\/geooprema-logo.png","contentUrl":"https:\/\/geooprema.com\/wp-content\/uploads\/2020\/08\/geooprema-logo.png","width":513,"height":161,"caption":"Geooprema"},"image":{"@id":"https:\/\/geooprema.com\/#\/schema\/logo\/image\/"},"sameAs":["https:\/\/www.facebook.com\/geoinfobih","https:\/\/www.instagram.com\/geoinfodoo\/","https:\/\/www.linkedin.com\/company\/geoinfo-doo\/","https:\/\/www.youtube.com\/c\/Geoinfodoo"]}]}},"_links":{"self":[{"href":"https:\/\/geooprema.com\/bs\/wp-json\/wp\/v2\/product\/31822","targetHints":{"allow":["GET"]}}],"collection":[{"href":"https:\/\/geooprema.com\/bs\/wp-json\/wp\/v2\/product"}],"about":[{"href":"https:\/\/geooprema.com\/bs\/wp-json\/wp\/v2\/types\/product"}],"replies":[{"embeddable":true,"href":"https:\/\/geooprema.com\/bs\/wp-json\/wp\/v2\/comments?post=31822"}],"wp:featuredmedia":[{"embeddable":true,"href":"https:\/\/geooprema.com\/bs\/wp-json\/wp\/v2\/media\/30797"}],"wp:attachment":[{"href":"https:\/\/geooprema.com\/bs\/wp-json\/wp\/v2\/media?parent=31822"}],"wp:term":[{"taxonomy":"product_brand","embeddable":true,"href":"https:\/\/geooprema.com\/bs\/wp-json\/wp\/v2\/product_brand?post=31822"},{"taxonomy":"product_cat","embeddable":true,"href":"https:\/\/geooprema.com\/bs\/wp-json\/wp\/v2\/product_cat?post=31822"},{"taxonomy":"product_tag","embeddable":true,"href":"https:\/\/geooprema.com\/bs\/wp-json\/wp\/v2\/product_tag?post=31822"}],"curies":[{"name":"wp","href":"https:\/\/api.w.org\/{rel}","templated":true}]}}