
{"id":31820,"date":"2021-05-25T09:18:32","date_gmt":"2021-05-25T09:18:32","guid":{"rendered":"https:\/\/geooprema.com\/products\/Bez%20kategorije\/dji-matrice-200-serije-v2\/"},"modified":"2021-06-11T19:00:28","modified_gmt":"2021-06-11T19:00:28","slug":"dji-matrice-200-serije-v2","status":"publish","type":"product","link":"https:\/\/geooprema.com\/bs\/products\/geodetska-oprema\/dronovi-bespilotne-letjelice-i-sistemi\/dji-matrice-200-serije-v2\/","title":{"rendered":"DJI Matrice 200 Serije V2"},"content":{"rendered":"<h4><strong> Matrice 200 Serije V2 <\/strong><\/h4>\n<p>Napravljeno da izdr\u017ei. Stvoreno za prilago\u0111avanje.<\/p>\n<p>Vrhunska platforma za vazdu\u0161nu produktivnost kombinuje robustan dizajn i jednostavnu konfiguraciju koja bi radila kao rje\u0161enje za razne industrijske primjene. Pobolj\u0161anja M200 serije V2 pobolj\u0161avaju inteligentne sisteme upravljanja, performanse leta i dodaju karakteristike\u00a0 sigurnosti leta i sigurnosti podataka.<\/p>\n<ul class=\"product-features\">\n<li>38 min. maksimalno vrijeme leta<\/li>\n<li>8 km domet prenosa<\/li>\n<li>IP43 za\u0161tita od prodora<\/li>\n<li>TimeSync<\/li>\n<li>Signal za za\u0161titu od sudara<\/li>\n<li>Vi\u0161estruke konfiguracije korisnog tereta<\/li>\n<\/ul>\n<p><strong> Inteligentne kontrole <\/strong><\/p>\n<div class=\"control-title font-opensans\"><strong> Prenos <\/strong><\/div>\n<div class=\"control-description font-opensans\">U\u017eivajte u pouzdanijem i stabilnijem letu s novim sistemom OcuSync 2.0, koji podr\u017eava automatsko prebacivanje dvofrekventnog obima i pro\u0161iruje domet leta do 8 km.<\/div>\n<div>\n<div class=\"control-title font-opensans\"><strong> Preciznost podataka <\/strong><\/div>\n<div class=\"control-description\">TimeSync sistem konstantno poravnava kontroler leta, kameru, GPS modul, RTK modul za M210 RTK V2, kao i nosivost ili dodatnu opremu na brodu.<\/div>\n<div>\n<div class=\"control-title font-opensans\"><strong> Kalibracija <\/strong><\/div>\n<div class=\"control-description\">Kada se instalira vi\u0161e korisnih tereta ili tereta tre\u0107e strane, korisnici mogu prilagoditi te\u017ei\u0161te drona u aplikaciji DJI Pilot, pobolj\u0161avaju\u0107i performanse leta i sigurnost.<\/div>\n<div>\n<div class=\"control-title font-opensans\"><strong> Diskretni na\u010din <\/strong><\/div>\n<div class=\"control-description\">Kada situacija zahtijeva neupadljive operacije dronova, posebno no\u0107u, u aplikaciji DJI Pilot mogu se potpuno isklju\u010diti sva svjetla.<\/div>\n<div><\/div>\n<div><strong> Sigurno i bezbjedno<\/strong><\/div>\n<div>\n<div class=\"section-item-title font-opensans\">AES-256 \u0160ifriranje<\/div>\n<div class=\"section-item-description font-opensans\">AES-256 \u0161ifrovanje osigurava siguran prenos podataka kako biste bili sigurni da va\u0161e klju\u010dne informacije ostaju na sigurnom.<\/div>\n<div>\n<div class=\"section-item-title font-opensans\"><strong> Izbjegavanje prepreka <\/strong><\/div>\n<div class=\"section-item-description font-opensans\">Robusni FlightAutonomy sistem s prednjim, donjim i gornjim senzorima otkriva i izbjegava prepreke, dok omogu\u0107ava precizno lebdenje tako da mo\u017eete letjeti s povjerenjem.<\/div>\n<div>\n<div class=\"section-item-title font-opensans\"><strong> Signal protiv sudara <\/strong><\/div>\n<div class=\"section-item-description font-opensans\">\n<p>Opremljeni novim gornjim i donjim signalnim lampama za za\u0161titu od sudara, dronovi V2 vidljivi su no\u0107u ili u uslovima slabog osvjetljenja, \u0161to \u010dini rad u manje idealnim uslovima sigurnijim. &lt;\/ div &gt;<\/p>\n<div>\n<div class=\"section-item-title font-opensans\"><strong> DJI AirSense <\/strong><\/div>\n<div class=\"section-item-description font-opensans\">\n<p>Sa ugra\u0111enim ADS-B prijemnikom, DJI AirSense tehnologija pobolj\u0161ava sigurnost vazdu\u0161nog prostora automatskim pru\u017eanjem informacija operateru u stvarnom vremenu o obli\u017enjim avionima i helikopterima. &lt;\/ div&gt;<\/p>\n<div><\/div>\n<\/div>\n<\/div>\n<div><\/div>\n<div><\/div>\n<\/div>\n<\/div>\n<\/div>\n<\/div>\n<\/div>\n<\/div>\n<\/div>\n","protected":false},"excerpt":{"rendered":"<p><strong> GLAVNE KARAKTERISTIKE: <\/strong><\/p>\n<p>\u2022 <span style=\"background-color: var (- body-bg-color); color: var (- body-color); font-family: var (- body-font-family), sans-serif; font-size: 1.125rem; font-weight: var (- body-font-weight);\"> FPV kamera <\/span><\/p>\n<div class=\"drone-container\">\n<div class=\"drone-right\">\n<div class=\"drone-feature-wrapper\">\n<div class=\"drone-feature font-opensans icon-tick\">\u2022 Signal protiv sudara<\/div>\n<div><\/div>\n<\/div>\n<div class=\"drone-feature-wrapper\">\n<div class=\"drone-feature font-opensans icon-tick\">\u2022 Diskretni na\u010din rada<\/div>\n<div><\/div>\n<\/div>\n<div class=\"drone-feature-wrapper\">\n<div class=\"drone-feature font-opensans icon-tick\">\u2022 Kompatibilnost s mobilnim SDK-om<\/div>\n<div><\/div>\n<\/div>\n<div class=\"drone-feature-wrapper\">\n<div class=\"drone-feature font-opensans icon-tick\">\u2022 Kompatibilnost DJI SkyPort<\/div>\n<div><\/div>\n<\/div>\n<div class=\"drone-feature-wrapper\">\n<div class=\"drone-feature font-opensans icon-tick\">\u2022 TimeSync<\/div>\n<\/div>\n<\/div>\n<\/div>\n","protected":false},"featured_media":30781,"comment_status":"open","ping_status":"closed","template":"","meta":{"_acf_changed":false},"product_brand":[],"product_cat":[1304],"product_tag":[1712,1711,1557],"class_list":{"0":"post-31820","1":"product","2":"type-product","3":"status-publish","4":"has-post-thumbnail","6":"product_cat-dronovi-bespilotne-letjelice-i-sistemi","7":"product_tag-dji-bs","8":"product_tag-dronovi","9":"product_tag-geodetska-oprema","11":"first","12":"instock","13":"taxable","14":"shipping-taxable","15":"product-type-simple","swatches":"rey-swatches","show_selected":""},"acf":[],"yoast_head":"<!-- This site is optimized with the Yoast SEO plugin v24.9 - https:\/\/yoast.com\/wordpress\/plugins\/seo\/ -->\n<title>DJI Matrice 200 Serije V2 - Geooprema<\/title>\n<meta name=\"robots\" content=\"index, follow, max-snippet:-1, max-image-preview:large, max-video-preview:-1\" \/>\n<link rel=\"canonical\" href=\"https:\/\/geooprema.com\/bs\/products\/dronovi-bespilotne-letjelice-i-sistemi\/dji-matrice-200-serije-v2\/\" \/>\n<meta property=\"og:locale\" content=\"bs_BA\" \/>\n<meta property=\"og:type\" content=\"article\" \/>\n<meta property=\"og:title\" content=\"DJI Matrice 200 Serije V2 - Geooprema\" \/>\n<meta property=\"og:description\" content=\"GLAVNE KARAKTERISTIKE:   \u2022 FPV kamera     \u2022 Signal protiv sudara    \u2022 Diskretni na\u010din rada    \u2022 Kompatibilnost s mobilnim SDK-om    \u2022 Kompatibilnost DJI SkyPort    \u2022 TimeSync\" \/>\n<meta property=\"og:url\" content=\"https:\/\/geooprema.com\/bs\/products\/dronovi-bespilotne-letjelice-i-sistemi\/dji-matrice-200-serije-v2\/\" \/>\n<meta property=\"og:site_name\" content=\"Geooprema\" \/>\n<meta property=\"article:publisher\" content=\"https:\/\/www.facebook.com\/geoinfobih\" \/>\n<meta property=\"article:modified_time\" content=\"2021-06-11T19:00:28+00:00\" \/>\n<meta property=\"og:image\" content=\"https:\/\/geooprema.com\/wp-content\/uploads\/2021\/05\/M200-Series-V2-1.jpg\" \/>\n\t<meta property=\"og:image:width\" content=\"800\" \/>\n\t<meta property=\"og:image:height\" content=\"800\" \/>\n\t<meta property=\"og:image:type\" content=\"image\/jpeg\" \/>\n<meta name=\"twitter:card\" content=\"summary_large_image\" \/>\n<meta name=\"twitter:label1\" content=\"Est. reading time\" \/>\n\t<meta name=\"twitter:data1\" content=\"2 minute\" \/>\n<script type=\"application\/ld+json\" class=\"yoast-schema-graph\">{\"@context\":\"https:\/\/schema.org\",\"@graph\":[{\"@type\":\"WebPage\",\"@id\":\"https:\/\/geooprema.com\/bs\/products\/dronovi-bespilotne-letjelice-i-sistemi\/dji-matrice-200-serije-v2\/\",\"url\":\"https:\/\/geooprema.com\/bs\/products\/dronovi-bespilotne-letjelice-i-sistemi\/dji-matrice-200-serije-v2\/\",\"name\":\"DJI Matrice 200 Serije V2 - Geooprema\",\"isPartOf\":{\"@id\":\"https:\/\/geooprema.com\/#website\"},\"primaryImageOfPage\":{\"@id\":\"https:\/\/geooprema.com\/bs\/products\/dronovi-bespilotne-letjelice-i-sistemi\/dji-matrice-200-serije-v2\/#primaryimage\"},\"image\":{\"@id\":\"https:\/\/geooprema.com\/bs\/products\/dronovi-bespilotne-letjelice-i-sistemi\/dji-matrice-200-serije-v2\/#primaryimage\"},\"thumbnailUrl\":\"https:\/\/geooprema.com\/wp-content\/uploads\/2021\/05\/M200-Series-V2-1.jpg\",\"datePublished\":\"2021-05-25T09:18:32+00:00\",\"dateModified\":\"2021-06-11T19:00:28+00:00\",\"breadcrumb\":{\"@id\":\"https:\/\/geooprema.com\/bs\/products\/dronovi-bespilotne-letjelice-i-sistemi\/dji-matrice-200-serije-v2\/#breadcrumb\"},\"inLanguage\":\"bs-BA\",\"potentialAction\":[{\"@type\":\"ReadAction\",\"target\":[\"https:\/\/geooprema.com\/bs\/products\/dronovi-bespilotne-letjelice-i-sistemi\/dji-matrice-200-serije-v2\/\"]}]},{\"@type\":\"ImageObject\",\"inLanguage\":\"bs-BA\",\"@id\":\"https:\/\/geooprema.com\/bs\/products\/dronovi-bespilotne-letjelice-i-sistemi\/dji-matrice-200-serije-v2\/#primaryimage\",\"url\":\"https:\/\/geooprema.com\/wp-content\/uploads\/2021\/05\/M200-Series-V2-1.jpg\",\"contentUrl\":\"https:\/\/geooprema.com\/wp-content\/uploads\/2021\/05\/M200-Series-V2-1.jpg\",\"width\":800,\"height\":800,\"caption\":\"M200 Series V2\"},{\"@type\":\"BreadcrumbList\",\"@id\":\"https:\/\/geooprema.com\/bs\/products\/dronovi-bespilotne-letjelice-i-sistemi\/dji-matrice-200-serije-v2\/#breadcrumb\",\"itemListElement\":[{\"@type\":\"ListItem\",\"position\":1,\"name\":\"Home\",\"item\":\"https:\/\/geooprema.com\/bs\/\"},{\"@type\":\"ListItem\",\"position\":2,\"name\":\"Shop\",\"item\":\"https:\/\/geooprema.com\/shop-2\/\"},{\"@type\":\"ListItem\",\"position\":3,\"name\":\"DJI Matrice 200 Serije V2\"}]},{\"@type\":\"WebSite\",\"@id\":\"https:\/\/geooprema.com\/#website\",\"url\":\"https:\/\/geooprema.com\/\",\"name\":\"Geooprema\",\"description\":\"Surveying and Construction Equipmen, Software and Accessories\",\"publisher\":{\"@id\":\"https:\/\/geooprema.com\/#organization\"},\"potentialAction\":[{\"@type\":\"SearchAction\",\"target\":{\"@type\":\"EntryPoint\",\"urlTemplate\":\"https:\/\/geooprema.com\/?s={search_term_string}\"},\"query-input\":{\"@type\":\"PropertyValueSpecification\",\"valueRequired\":true,\"valueName\":\"search_term_string\"}}],\"inLanguage\":\"bs-BA\"},{\"@type\":\"Organization\",\"@id\":\"https:\/\/geooprema.com\/#organization\",\"name\":\"Geooprema\",\"url\":\"https:\/\/geooprema.com\/\",\"logo\":{\"@type\":\"ImageObject\",\"inLanguage\":\"bs-BA\",\"@id\":\"https:\/\/geooprema.com\/#\/schema\/logo\/image\/\",\"url\":\"https:\/\/geooprema.com\/wp-content\/uploads\/2020\/08\/geooprema-logo.png\",\"contentUrl\":\"https:\/\/geooprema.com\/wp-content\/uploads\/2020\/08\/geooprema-logo.png\",\"width\":513,\"height\":161,\"caption\":\"Geooprema\"},\"image\":{\"@id\":\"https:\/\/geooprema.com\/#\/schema\/logo\/image\/\"},\"sameAs\":[\"https:\/\/www.facebook.com\/geoinfobih\",\"https:\/\/www.instagram.com\/geoinfodoo\/\",\"https:\/\/www.linkedin.com\/company\/geoinfo-doo\/\",\"https:\/\/www.youtube.com\/c\/Geoinfodoo\"]}]}<\/script>\n<!-- \/ Yoast SEO plugin. -->","yoast_head_json":{"title":"DJI Matrice 200 Serije V2 - Geooprema","robots":{"index":"index","follow":"follow","max-snippet":"max-snippet:-1","max-image-preview":"max-image-preview:large","max-video-preview":"max-video-preview:-1"},"canonical":"https:\/\/geooprema.com\/bs\/products\/dronovi-bespilotne-letjelice-i-sistemi\/dji-matrice-200-serije-v2\/","og_locale":"bs_BA","og_type":"article","og_title":"DJI Matrice 200 Serije V2 - Geooprema","og_description":"GLAVNE KARAKTERISTIKE:   \u2022 FPV kamera     \u2022 Signal protiv sudara    \u2022 Diskretni na\u010din rada    \u2022 Kompatibilnost s mobilnim SDK-om    \u2022 Kompatibilnost DJI SkyPort    \u2022 TimeSync","og_url":"https:\/\/geooprema.com\/bs\/products\/dronovi-bespilotne-letjelice-i-sistemi\/dji-matrice-200-serije-v2\/","og_site_name":"Geooprema","article_publisher":"https:\/\/www.facebook.com\/geoinfobih","article_modified_time":"2021-06-11T19:00:28+00:00","og_image":[{"width":800,"height":800,"url":"https:\/\/geooprema.com\/wp-content\/uploads\/2021\/05\/M200-Series-V2-1.jpg","type":"image\/jpeg"}],"twitter_card":"summary_large_image","twitter_misc":{"Est. reading time":"2 minute"},"schema":{"@context":"https:\/\/schema.org","@graph":[{"@type":"WebPage","@id":"https:\/\/geooprema.com\/bs\/products\/dronovi-bespilotne-letjelice-i-sistemi\/dji-matrice-200-serije-v2\/","url":"https:\/\/geooprema.com\/bs\/products\/dronovi-bespilotne-letjelice-i-sistemi\/dji-matrice-200-serije-v2\/","name":"DJI Matrice 200 Serije V2 - Geooprema","isPartOf":{"@id":"https:\/\/geooprema.com\/#website"},"primaryImageOfPage":{"@id":"https:\/\/geooprema.com\/bs\/products\/dronovi-bespilotne-letjelice-i-sistemi\/dji-matrice-200-serije-v2\/#primaryimage"},"image":{"@id":"https:\/\/geooprema.com\/bs\/products\/dronovi-bespilotne-letjelice-i-sistemi\/dji-matrice-200-serije-v2\/#primaryimage"},"thumbnailUrl":"https:\/\/geooprema.com\/wp-content\/uploads\/2021\/05\/M200-Series-V2-1.jpg","datePublished":"2021-05-25T09:18:32+00:00","dateModified":"2021-06-11T19:00:28+00:00","breadcrumb":{"@id":"https:\/\/geooprema.com\/bs\/products\/dronovi-bespilotne-letjelice-i-sistemi\/dji-matrice-200-serije-v2\/#breadcrumb"},"inLanguage":"bs-BA","potentialAction":[{"@type":"ReadAction","target":["https:\/\/geooprema.com\/bs\/products\/dronovi-bespilotne-letjelice-i-sistemi\/dji-matrice-200-serije-v2\/"]}]},{"@type":"ImageObject","inLanguage":"bs-BA","@id":"https:\/\/geooprema.com\/bs\/products\/dronovi-bespilotne-letjelice-i-sistemi\/dji-matrice-200-serije-v2\/#primaryimage","url":"https:\/\/geooprema.com\/wp-content\/uploads\/2021\/05\/M200-Series-V2-1.jpg","contentUrl":"https:\/\/geooprema.com\/wp-content\/uploads\/2021\/05\/M200-Series-V2-1.jpg","width":800,"height":800,"caption":"M200 Series V2"},{"@type":"BreadcrumbList","@id":"https:\/\/geooprema.com\/bs\/products\/dronovi-bespilotne-letjelice-i-sistemi\/dji-matrice-200-serije-v2\/#breadcrumb","itemListElement":[{"@type":"ListItem","position":1,"name":"Home","item":"https:\/\/geooprema.com\/bs\/"},{"@type":"ListItem","position":2,"name":"Shop","item":"https:\/\/geooprema.com\/shop-2\/"},{"@type":"ListItem","position":3,"name":"DJI Matrice 200 Serije V2"}]},{"@type":"WebSite","@id":"https:\/\/geooprema.com\/#website","url":"https:\/\/geooprema.com\/","name":"Geooprema","description":"Surveying and Construction Equipmen, Software and Accessories","publisher":{"@id":"https:\/\/geooprema.com\/#organization"},"potentialAction":[{"@type":"SearchAction","target":{"@type":"EntryPoint","urlTemplate":"https:\/\/geooprema.com\/?s={search_term_string}"},"query-input":{"@type":"PropertyValueSpecification","valueRequired":true,"valueName":"search_term_string"}}],"inLanguage":"bs-BA"},{"@type":"Organization","@id":"https:\/\/geooprema.com\/#organization","name":"Geooprema","url":"https:\/\/geooprema.com\/","logo":{"@type":"ImageObject","inLanguage":"bs-BA","@id":"https:\/\/geooprema.com\/#\/schema\/logo\/image\/","url":"https:\/\/geooprema.com\/wp-content\/uploads\/2020\/08\/geooprema-logo.png","contentUrl":"https:\/\/geooprema.com\/wp-content\/uploads\/2020\/08\/geooprema-logo.png","width":513,"height":161,"caption":"Geooprema"},"image":{"@id":"https:\/\/geooprema.com\/#\/schema\/logo\/image\/"},"sameAs":["https:\/\/www.facebook.com\/geoinfobih","https:\/\/www.instagram.com\/geoinfodoo\/","https:\/\/www.linkedin.com\/company\/geoinfo-doo\/","https:\/\/www.youtube.com\/c\/Geoinfodoo"]}]}},"_links":{"self":[{"href":"https:\/\/geooprema.com\/bs\/wp-json\/wp\/v2\/product\/31820","targetHints":{"allow":["GET"]}}],"collection":[{"href":"https:\/\/geooprema.com\/bs\/wp-json\/wp\/v2\/product"}],"about":[{"href":"https:\/\/geooprema.com\/bs\/wp-json\/wp\/v2\/types\/product"}],"replies":[{"embeddable":true,"href":"https:\/\/geooprema.com\/bs\/wp-json\/wp\/v2\/comments?post=31820"}],"wp:featuredmedia":[{"embeddable":true,"href":"https:\/\/geooprema.com\/bs\/wp-json\/wp\/v2\/media\/30781"}],"wp:attachment":[{"href":"https:\/\/geooprema.com\/bs\/wp-json\/wp\/v2\/media?parent=31820"}],"wp:term":[{"taxonomy":"product_brand","embeddable":true,"href":"https:\/\/geooprema.com\/bs\/wp-json\/wp\/v2\/product_brand?post=31820"},{"taxonomy":"product_cat","embeddable":true,"href":"https:\/\/geooprema.com\/bs\/wp-json\/wp\/v2\/product_cat?post=31820"},{"taxonomy":"product_tag","embeddable":true,"href":"https:\/\/geooprema.com\/bs\/wp-json\/wp\/v2\/product_tag?post=31820"}],"curies":[{"name":"wp","href":"https:\/\/api.w.org\/{rel}","templated":true}]}}