
{"id":31812,"date":"2021-05-24T22:03:46","date_gmt":"2021-05-24T22:03:46","guid":{"rendered":"https:\/\/geooprema.com\/products\/Bez%20kategorije\/dji-m300-rtk-matrice-300-rtk-zenmuse-l1-lidar-nosivost\/"},"modified":"2021-06-11T18:45:09","modified_gmt":"2021-06-11T18:45:09","slug":"dji-m300-rtk-matrice-300-rtk-zenmuse-l1-lidar-nosivost","status":"publish","type":"product","link":"https:\/\/geooprema.com\/bs\/products\/geodetska-oprema\/dronovi-bespilotne-letjelice-i-sistemi\/dji-m300-rtk-matrice-300-rtk-zenmuse-l1-lidar-nosivost\/","title":{"rendered":"DJI M300 RTK (Matrice 300 RTK) &#038; Zenmuse L1 LiDAR Nosivost"},"content":{"rendered":"<h1><strong> DJI M300 RTK (Matrice 300 RTK) &amp; amp; Korisni teret Zenmuse L1 LiDAR <\/strong><br \/>\n<strong> Trenutna jasno\u0107a. Vrhunska preciznost. <\/strong><\/h1>\n<p><strong> Novi standard u anketi &#8211; DJI M300 Drone i Lidar + RGB rje\u0161enje za vazdu\u0161no mapiranje! <\/strong><br \/>\nZenmuse L1 integrira Livox Lidar model, IMU visoke preciznosti i kamere sa 1-in\u010dnim CMOS-om na 3-osnom stabiliziranom. Kada se koristi sa Matrice 300 RTK i DJI Terra, L1 stvara\u00a0 ukupno rje\u0161enje koje vam daje 3D podatke u stvarnom vremenu tokom cijelog dana, efikasno bilje\u017ee\u0107i detalje slo\u017eenih struktura i isporu\u010duju\u0107i vrlo precizne rekonstruirane modele.<\/p>\n<ul>\n<li>Integri\u0161e Lidar model, RGB kameru i IMU visoke preciznosti<\/li>\n<li>Velika efikasnost, 2 km2 pre\u0111enih jednim letom<\/li>\n<li>Vertikalna ta\u010dnost je velike: 5 cm \/ horizontalna ta\u010dnost: 10 cm<\/li>\n<li>Brzina bodova: 240 000 bodova \/ s<\/li>\n<li>Podr\u017eava 3 povrata<\/li>\n<li>Domet otkrivanja: 450 m (80% refleksivnosti, 0 klx)<\/li>\n<li>IP54 Nivo za\u0161tite od ulaza<\/li>\n<li>Oblak ta\u010daka u stvarnom vremenu<\/li>\n<\/ul>\n<p><strong> Digitalizujte bez kompromisa <\/strong><\/p>\n<ul>\n<li><strong> Izuzetna efikasnost <\/strong><br \/>\nGeneri\u0161ite modele oblaka ta\u010daka u boji u stvarnom vremenu ili pribavite 2 km2 podataka oblaka ta\u010daka u jednom letu [1] pomo\u0107u Livox okvira Lidar modela sa FOV od 70 \u00b0 i kamere vidljivog svjetla sa senzorom od 1 in\u010da.<\/li>\n<li><strong> Neuporediva preciznost <\/strong><br \/>\nOmogu\u0107ite centimetarske rekonstrukcije zahvaljuju\u0107i IMU visoke preciznosti, senzoru za preciznost pozicioniranja i ugra\u0111ivanju GNSS podataka.<\/li>\n<li><strong> Spremni kad jeste <\/strong><br \/>\nOcjena IP54 omogu\u0107ava da L1 radi u ki\u0161nim ili maglovitim okru\u017eenjima. Aktivna metoda skeniranja modula Lidar omogu\u0107uje vam let no\u0107u.<\/li>\n<\/ul>\n<p><strong> Vizualizujte podatke dok letite <\/strong><br \/>\nLivox Lidar model<br \/>\n-Frame Lidar sa do 100% efektivnih rezultata oblaka ta\u010daka<br \/>\n-Domet detekcije: 450m (80% odbojnosti, 0 klx) \/ 190 m (10% odbojnosti, 100 klx)<br \/>\n-Efikasna brzina bodova: 240.000 bodova \/ s<br \/>\n-Podr\u017eava 3 povrata<br \/>\n-Neponavljaju\u0107i obrazac skeniranja, Ponavljaju\u0107i obrazac skeniranja<\/p>\n<p><strong> Sve u pogledu<\/strong><\/p>\n<p>&#8211; 20MP<br \/>\n&#8211; CMOS od 1 in\u010da<br \/>\n&#8211; Mehani\u010dki zatvara\u010d<\/p>\n<p><strong> Ta\u010dni detalji na raspolaganju <\/strong><\/p>\n<p><strong>&#8211; <\/strong> IMU visoke preciznosti<br \/>\n-Vision senzor za preciznost pozicioniranja<br \/>\n-GNSS, IMU, RGB spajanje podataka<\/p>\n<p>Scenariji aplikacije<br \/>\n<strong> Topografsko mapiranje <\/strong><br \/>\nBrzo generi\u0161ite topografske karte koriste\u0107i precizne digitalne modele elevacije.<\/p>\n<p><strong> AEC i premjer<\/strong><br \/>\nUpravljajte cijelim \u017eivotnim ciklusom projekta koriste\u0107i vrlo precizne oblake to\u010daka i 3D modele.<\/p>\n<p><strong> Hitan odgovor <\/strong><br \/>\nU bilo koje doba dana, sakupljajte kriti\u010dne uvide u stvarnom vremenu koriste\u0107i oblake ta\u010daka u pravoj boji.<\/p>\n<p><strong> Provo\u0111enje zakona <\/strong><br \/>\nSteknite situacijsku svijest i forenzi\u010dke podatke u stvarnom vremenu za dono\u0161enje informisanih odluka na licu mjesta.<\/p>\n<p><strong> Energija i infrastruktura <\/strong><br \/>\nDetaljno modelujte rijetke ili slo\u017eene strukture kako biste njima efikasno i sigurno upravljali.<\/p>\n<p><strong> Upravljanje poljoprivredom i \u0161umarstvom <\/strong><br \/>\nSteknite uvid u gusto\u0107u vegetacije, povr\u0161inu, volumen zaliha, \u0161irinu kro\u0161nji i trendove rasta.<\/p>\n","protected":false},"excerpt":{"rendered":"<p> <strong> Izgra\u0111eno \u010dvrsto. Radi pametno. DJI Matrice 300 je umjetni\u010dko djelo! <\/strong> <\/p>\n<p> Pobolj\u0161ane leta\u010dke performanse &#8211; profinjeni dizajn konstrukcije vazduhoplovnog okvira i pogonskog sistema pru\u017ea vam efikasniji i stabilniji let, \u010dak i u te\u0161kim uslovima. <\/p>\n<ul>\n<li> -Maksimalno vrijeme leta 55min <\/li>\n<li> -7m \/ s maksimalna brzina silaska <\/li>\n<li> -7000 m uslu\u017enog plafona <\/li>\n<li> -Otpornost vjetra 15m \/ s <\/li>\n<li> -23m \/ s maksimalna brzina <\/li>\n<\/ul>\n","protected":false},"featured_media":30765,"comment_status":"open","ping_status":"closed","template":"","meta":{"_acf_changed":false},"product_brand":[],"product_cat":[1304],"product_tag":[1711,1557],"class_list":{"0":"post-31812","1":"product","2":"type-product","3":"status-publish","4":"has-post-thumbnail","6":"product_cat-dronovi-bespilotne-letjelice-i-sistemi","7":"product_tag-dronovi","8":"product_tag-geodetska-oprema","10":"first","11":"instock","12":"taxable","13":"shipping-taxable","14":"product-type-simple","swatches":"rey-swatches","show_selected":""},"acf":[],"yoast_head":"<!-- This site is optimized with the Yoast SEO plugin v24.9 - https:\/\/yoast.com\/wordpress\/plugins\/seo\/ -->\n<title>DJI M300 RTK (Matrice 300 RTK) &amp; Zenmuse L1 LiDAR Nosivost - Geooprema<\/title>\n<meta name=\"robots\" content=\"index, follow, max-snippet:-1, max-image-preview:large, max-video-preview:-1\" \/>\n<link rel=\"canonical\" href=\"https:\/\/geooprema.com\/bs\/products\/dronovi-bespilotne-letjelice-i-sistemi\/dji-m300-rtk-matrice-300-rtk-zenmuse-l1-lidar-nosivost\/\" \/>\n<meta property=\"og:locale\" content=\"bs_BA\" \/>\n<meta property=\"og:type\" content=\"article\" \/>\n<meta property=\"og:title\" content=\"DJI M300 RTK (Matrice 300 RTK) &amp; Zenmuse L1 LiDAR Nosivost - Geooprema\" \/>\n<meta property=\"og:description\" content=\"Izgra\u0111eno \u010dvrsto. Radi pametno. DJI Matrice 300 je umjetni\u010dko djelo!   Pobolj\u0161ane leta\u010dke performanse - profinjeni dizajn konstrukcije vazduhoplovnog okvira i pogonskog sistema pru\u017ea vam efikasniji i stabilniji let, \u010dak i u te\u0161kim uslovima.   -Maksimalno vrijeme leta 55min  -7m \/ s maksimalna brzina silaska  -7000 m uslu\u017enog plafona  -Otpornost vjetra 15m \/ s  -23m \/ s maksimalna brzina\" \/>\n<meta property=\"og:url\" content=\"https:\/\/geooprema.com\/bs\/products\/dronovi-bespilotne-letjelice-i-sistemi\/dji-m300-rtk-matrice-300-rtk-zenmuse-l1-lidar-nosivost\/\" \/>\n<meta property=\"og:site_name\" content=\"Geooprema\" \/>\n<meta property=\"article:publisher\" content=\"https:\/\/www.facebook.com\/geoinfobih\" \/>\n<meta property=\"article:modified_time\" content=\"2021-06-11T18:45:09+00:00\" \/>\n<meta property=\"og:image\" content=\"https:\/\/geooprema.com\/wp-content\/uploads\/2021\/05\/M300-L1-2.jpg\" \/>\n\t<meta property=\"og:image:width\" content=\"800\" \/>\n\t<meta property=\"og:image:height\" content=\"800\" \/>\n\t<meta property=\"og:image:type\" content=\"image\/jpeg\" \/>\n<meta name=\"twitter:card\" content=\"summary_large_image\" \/>\n<meta name=\"twitter:label1\" content=\"Est. reading time\" \/>\n\t<meta name=\"twitter:data1\" content=\"2 minute\" \/>\n<script type=\"application\/ld+json\" class=\"yoast-schema-graph\">{\"@context\":\"https:\/\/schema.org\",\"@graph\":[{\"@type\":\"WebPage\",\"@id\":\"https:\/\/geooprema.com\/bs\/products\/dronovi-bespilotne-letjelice-i-sistemi\/dji-m300-rtk-matrice-300-rtk-zenmuse-l1-lidar-nosivost\/\",\"url\":\"https:\/\/geooprema.com\/bs\/products\/dronovi-bespilotne-letjelice-i-sistemi\/dji-m300-rtk-matrice-300-rtk-zenmuse-l1-lidar-nosivost\/\",\"name\":\"DJI M300 RTK (Matrice 300 RTK) & Zenmuse L1 LiDAR Nosivost - Geooprema\",\"isPartOf\":{\"@id\":\"https:\/\/geooprema.com\/#website\"},\"primaryImageOfPage\":{\"@id\":\"https:\/\/geooprema.com\/bs\/products\/dronovi-bespilotne-letjelice-i-sistemi\/dji-m300-rtk-matrice-300-rtk-zenmuse-l1-lidar-nosivost\/#primaryimage\"},\"image\":{\"@id\":\"https:\/\/geooprema.com\/bs\/products\/dronovi-bespilotne-letjelice-i-sistemi\/dji-m300-rtk-matrice-300-rtk-zenmuse-l1-lidar-nosivost\/#primaryimage\"},\"thumbnailUrl\":\"https:\/\/geooprema.com\/wp-content\/uploads\/2021\/05\/M300-L1-2.jpg\",\"datePublished\":\"2021-05-24T22:03:46+00:00\",\"dateModified\":\"2021-06-11T18:45:09+00:00\",\"breadcrumb\":{\"@id\":\"https:\/\/geooprema.com\/bs\/products\/dronovi-bespilotne-letjelice-i-sistemi\/dji-m300-rtk-matrice-300-rtk-zenmuse-l1-lidar-nosivost\/#breadcrumb\"},\"inLanguage\":\"bs-BA\",\"potentialAction\":[{\"@type\":\"ReadAction\",\"target\":[\"https:\/\/geooprema.com\/bs\/products\/dronovi-bespilotne-letjelice-i-sistemi\/dji-m300-rtk-matrice-300-rtk-zenmuse-l1-lidar-nosivost\/\"]}]},{\"@type\":\"ImageObject\",\"inLanguage\":\"bs-BA\",\"@id\":\"https:\/\/geooprema.com\/bs\/products\/dronovi-bespilotne-letjelice-i-sistemi\/dji-m300-rtk-matrice-300-rtk-zenmuse-l1-lidar-nosivost\/#primaryimage\",\"url\":\"https:\/\/geooprema.com\/wp-content\/uploads\/2021\/05\/M300-L1-2.jpg\",\"contentUrl\":\"https:\/\/geooprema.com\/wp-content\/uploads\/2021\/05\/M300-L1-2.jpg\",\"width\":800,\"height\":800,\"caption\":\"DJI M300 L1\"},{\"@type\":\"BreadcrumbList\",\"@id\":\"https:\/\/geooprema.com\/bs\/products\/dronovi-bespilotne-letjelice-i-sistemi\/dji-m300-rtk-matrice-300-rtk-zenmuse-l1-lidar-nosivost\/#breadcrumb\",\"itemListElement\":[{\"@type\":\"ListItem\",\"position\":1,\"name\":\"Home\",\"item\":\"https:\/\/geooprema.com\/bs\/\"},{\"@type\":\"ListItem\",\"position\":2,\"name\":\"Shop\",\"item\":\"https:\/\/geooprema.com\/shop-2\/\"},{\"@type\":\"ListItem\",\"position\":3,\"name\":\"DJI M300 RTK (Matrice 300 RTK) &#038; Zenmuse L1 LiDAR Nosivost\"}]},{\"@type\":\"WebSite\",\"@id\":\"https:\/\/geooprema.com\/#website\",\"url\":\"https:\/\/geooprema.com\/\",\"name\":\"Geooprema\",\"description\":\"Surveying and Construction Equipmen, Software and Accessories\",\"publisher\":{\"@id\":\"https:\/\/geooprema.com\/#organization\"},\"potentialAction\":[{\"@type\":\"SearchAction\",\"target\":{\"@type\":\"EntryPoint\",\"urlTemplate\":\"https:\/\/geooprema.com\/?s={search_term_string}\"},\"query-input\":{\"@type\":\"PropertyValueSpecification\",\"valueRequired\":true,\"valueName\":\"search_term_string\"}}],\"inLanguage\":\"bs-BA\"},{\"@type\":\"Organization\",\"@id\":\"https:\/\/geooprema.com\/#organization\",\"name\":\"Geooprema\",\"url\":\"https:\/\/geooprema.com\/\",\"logo\":{\"@type\":\"ImageObject\",\"inLanguage\":\"bs-BA\",\"@id\":\"https:\/\/geooprema.com\/#\/schema\/logo\/image\/\",\"url\":\"https:\/\/geooprema.com\/wp-content\/uploads\/2020\/08\/geooprema-logo.png\",\"contentUrl\":\"https:\/\/geooprema.com\/wp-content\/uploads\/2020\/08\/geooprema-logo.png\",\"width\":513,\"height\":161,\"caption\":\"Geooprema\"},\"image\":{\"@id\":\"https:\/\/geooprema.com\/#\/schema\/logo\/image\/\"},\"sameAs\":[\"https:\/\/www.facebook.com\/geoinfobih\",\"https:\/\/www.instagram.com\/geoinfodoo\/\",\"https:\/\/www.linkedin.com\/company\/geoinfo-doo\/\",\"https:\/\/www.youtube.com\/c\/Geoinfodoo\"]}]}<\/script>\n<!-- \/ Yoast SEO plugin. -->","yoast_head_json":{"title":"DJI M300 RTK (Matrice 300 RTK) & Zenmuse L1 LiDAR Nosivost - Geooprema","robots":{"index":"index","follow":"follow","max-snippet":"max-snippet:-1","max-image-preview":"max-image-preview:large","max-video-preview":"max-video-preview:-1"},"canonical":"https:\/\/geooprema.com\/bs\/products\/dronovi-bespilotne-letjelice-i-sistemi\/dji-m300-rtk-matrice-300-rtk-zenmuse-l1-lidar-nosivost\/","og_locale":"bs_BA","og_type":"article","og_title":"DJI M300 RTK (Matrice 300 RTK) & Zenmuse L1 LiDAR Nosivost - Geooprema","og_description":"Izgra\u0111eno \u010dvrsto. Radi pametno. DJI Matrice 300 je umjetni\u010dko djelo!   Pobolj\u0161ane leta\u010dke performanse - profinjeni dizajn konstrukcije vazduhoplovnog okvira i pogonskog sistema pru\u017ea vam efikasniji i stabilniji let, \u010dak i u te\u0161kim uslovima.   -Maksimalno vrijeme leta 55min  -7m \/ s maksimalna brzina silaska  -7000 m uslu\u017enog plafona  -Otpornost vjetra 15m \/ s  -23m \/ s maksimalna brzina","og_url":"https:\/\/geooprema.com\/bs\/products\/dronovi-bespilotne-letjelice-i-sistemi\/dji-m300-rtk-matrice-300-rtk-zenmuse-l1-lidar-nosivost\/","og_site_name":"Geooprema","article_publisher":"https:\/\/www.facebook.com\/geoinfobih","article_modified_time":"2021-06-11T18:45:09+00:00","og_image":[{"width":800,"height":800,"url":"https:\/\/geooprema.com\/wp-content\/uploads\/2021\/05\/M300-L1-2.jpg","type":"image\/jpeg"}],"twitter_card":"summary_large_image","twitter_misc":{"Est. reading time":"2 minute"},"schema":{"@context":"https:\/\/schema.org","@graph":[{"@type":"WebPage","@id":"https:\/\/geooprema.com\/bs\/products\/dronovi-bespilotne-letjelice-i-sistemi\/dji-m300-rtk-matrice-300-rtk-zenmuse-l1-lidar-nosivost\/","url":"https:\/\/geooprema.com\/bs\/products\/dronovi-bespilotne-letjelice-i-sistemi\/dji-m300-rtk-matrice-300-rtk-zenmuse-l1-lidar-nosivost\/","name":"DJI M300 RTK (Matrice 300 RTK) & Zenmuse L1 LiDAR Nosivost - Geooprema","isPartOf":{"@id":"https:\/\/geooprema.com\/#website"},"primaryImageOfPage":{"@id":"https:\/\/geooprema.com\/bs\/products\/dronovi-bespilotne-letjelice-i-sistemi\/dji-m300-rtk-matrice-300-rtk-zenmuse-l1-lidar-nosivost\/#primaryimage"},"image":{"@id":"https:\/\/geooprema.com\/bs\/products\/dronovi-bespilotne-letjelice-i-sistemi\/dji-m300-rtk-matrice-300-rtk-zenmuse-l1-lidar-nosivost\/#primaryimage"},"thumbnailUrl":"https:\/\/geooprema.com\/wp-content\/uploads\/2021\/05\/M300-L1-2.jpg","datePublished":"2021-05-24T22:03:46+00:00","dateModified":"2021-06-11T18:45:09+00:00","breadcrumb":{"@id":"https:\/\/geooprema.com\/bs\/products\/dronovi-bespilotne-letjelice-i-sistemi\/dji-m300-rtk-matrice-300-rtk-zenmuse-l1-lidar-nosivost\/#breadcrumb"},"inLanguage":"bs-BA","potentialAction":[{"@type":"ReadAction","target":["https:\/\/geooprema.com\/bs\/products\/dronovi-bespilotne-letjelice-i-sistemi\/dji-m300-rtk-matrice-300-rtk-zenmuse-l1-lidar-nosivost\/"]}]},{"@type":"ImageObject","inLanguage":"bs-BA","@id":"https:\/\/geooprema.com\/bs\/products\/dronovi-bespilotne-letjelice-i-sistemi\/dji-m300-rtk-matrice-300-rtk-zenmuse-l1-lidar-nosivost\/#primaryimage","url":"https:\/\/geooprema.com\/wp-content\/uploads\/2021\/05\/M300-L1-2.jpg","contentUrl":"https:\/\/geooprema.com\/wp-content\/uploads\/2021\/05\/M300-L1-2.jpg","width":800,"height":800,"caption":"DJI M300 L1"},{"@type":"BreadcrumbList","@id":"https:\/\/geooprema.com\/bs\/products\/dronovi-bespilotne-letjelice-i-sistemi\/dji-m300-rtk-matrice-300-rtk-zenmuse-l1-lidar-nosivost\/#breadcrumb","itemListElement":[{"@type":"ListItem","position":1,"name":"Home","item":"https:\/\/geooprema.com\/bs\/"},{"@type":"ListItem","position":2,"name":"Shop","item":"https:\/\/geooprema.com\/shop-2\/"},{"@type":"ListItem","position":3,"name":"DJI M300 RTK (Matrice 300 RTK) &#038; Zenmuse L1 LiDAR Nosivost"}]},{"@type":"WebSite","@id":"https:\/\/geooprema.com\/#website","url":"https:\/\/geooprema.com\/","name":"Geooprema","description":"Surveying and Construction Equipmen, Software and Accessories","publisher":{"@id":"https:\/\/geooprema.com\/#organization"},"potentialAction":[{"@type":"SearchAction","target":{"@type":"EntryPoint","urlTemplate":"https:\/\/geooprema.com\/?s={search_term_string}"},"query-input":{"@type":"PropertyValueSpecification","valueRequired":true,"valueName":"search_term_string"}}],"inLanguage":"bs-BA"},{"@type":"Organization","@id":"https:\/\/geooprema.com\/#organization","name":"Geooprema","url":"https:\/\/geooprema.com\/","logo":{"@type":"ImageObject","inLanguage":"bs-BA","@id":"https:\/\/geooprema.com\/#\/schema\/logo\/image\/","url":"https:\/\/geooprema.com\/wp-content\/uploads\/2020\/08\/geooprema-logo.png","contentUrl":"https:\/\/geooprema.com\/wp-content\/uploads\/2020\/08\/geooprema-logo.png","width":513,"height":161,"caption":"Geooprema"},"image":{"@id":"https:\/\/geooprema.com\/#\/schema\/logo\/image\/"},"sameAs":["https:\/\/www.facebook.com\/geoinfobih","https:\/\/www.instagram.com\/geoinfodoo\/","https:\/\/www.linkedin.com\/company\/geoinfo-doo\/","https:\/\/www.youtube.com\/c\/Geoinfodoo"]}]}},"_links":{"self":[{"href":"https:\/\/geooprema.com\/bs\/wp-json\/wp\/v2\/product\/31812","targetHints":{"allow":["GET"]}}],"collection":[{"href":"https:\/\/geooprema.com\/bs\/wp-json\/wp\/v2\/product"}],"about":[{"href":"https:\/\/geooprema.com\/bs\/wp-json\/wp\/v2\/types\/product"}],"replies":[{"embeddable":true,"href":"https:\/\/geooprema.com\/bs\/wp-json\/wp\/v2\/comments?post=31812"}],"wp:featuredmedia":[{"embeddable":true,"href":"https:\/\/geooprema.com\/bs\/wp-json\/wp\/v2\/media\/30765"}],"wp:attachment":[{"href":"https:\/\/geooprema.com\/bs\/wp-json\/wp\/v2\/media?parent=31812"}],"wp:term":[{"taxonomy":"product_brand","embeddable":true,"href":"https:\/\/geooprema.com\/bs\/wp-json\/wp\/v2\/product_brand?post=31812"},{"taxonomy":"product_cat","embeddable":true,"href":"https:\/\/geooprema.com\/bs\/wp-json\/wp\/v2\/product_cat?post=31812"},{"taxonomy":"product_tag","embeddable":true,"href":"https:\/\/geooprema.com\/bs\/wp-json\/wp\/v2\/product_tag?post=31812"}],"curies":[{"name":"wp","href":"https:\/\/api.w.org\/{rel}","templated":true}]}}