
{"id":31811,"date":"2021-04-22T23:14:39","date_gmt":"2021-04-22T23:14:39","guid":{"rendered":"https:\/\/geooprema.com\/products\/Bez%20kategorije\/dji-mavic-2-enterprise-advanced\/"},"modified":"2021-06-11T09:12:43","modified_gmt":"2021-06-11T09:12:43","slug":"dji-mavic-2-napredni","status":"publish","type":"product","link":"https:\/\/geooprema.com\/bs\/products\/geodetska-oprema\/dronovi-bespilotne-letjelice-i-sistemi\/dji-mavic-2-napredni\/","title":{"rendered":"DJI Mavic 2 Enterprise Napredni"},"content":{"rendered":"<p> <strong> DJI MAVIC 2 <\/strong>  <\/p>\n<p> Uhvatite precizne detalje u bilo kojoj misiji s Mavic 2 Enterprise Advanced &#8211; izuzetno svestranim, a kompaktnim alatom koji nudi puno nadogradnji performansi. S termo i vizuelnim kamerama visoke rezolucije, M2EA podr\u017eava do 32 \u00d7 digitalni zum i sposoban je za preciznost pozicioniranja na nivou centimetra s RTK modulom. <\/p>\n<ul>\n<li> 640 x 512 px termalna kamera <\/li>\n<li> Vizuelna kamera od 48 MP <\/li>\n<li> 32x digitalni zum <\/li>\n<li> Pozicioniranje na centimetru sa RTK <\/li>\n<li> 10 km HD mjenja\u010d <\/li>\n<li> Svesmjerno otkrivanje prepreka <\/li>\n<\/ul>\n<p> <strong> Pro\u0161irite svoj vid pomo\u0107u naprednih dvostrukih kamera <\/strong> <\/p>\n<p> <strong> Radiometrijska termalna tehnologija visoke rezolucije <\/strong> &#8211; Donesite informirane odluke brzim identifikovanjem objekata na licu mjesta pomo\u0107u integriranog termi\u010dkog senzora visoke rezolucije M2EA, koji podr\u017eava mjerenje ta\u010daka i mjerenje povr\u0161ine. <\/p>\n<ul>\n<li> 640 \u00d7 512 toplotna rezolucija <\/li>\n<li> 30Hz frame rate <\/li>\n<li> 16 \u00d7 zum <\/li>\n<li> \u00b1 2 \u00b0 C Ta\u010dnost mjerenja temperature <\/li>\n<\/ul>\n<p> <strong> Pove\u0107ajte kako biste ostali sigurni <\/strong> <br \/>\nSnimajte jasne slike i video zapise sa sigurne udaljenosti. Vizuelna kamera M2EA visoke rezolucije podr\u017eava ultra zumiranje, tako da nijedan detalj nije propu\u0161ten. <\/p>\n<ul>\n<li> Vizuelna kamera od 48MP <\/li>\n<li> 1\/2 \u201dCMOS senzor <\/li>\n<li> 4 \u00d7 Zoom bez gubitaka3 <\/li>\n<li> 32 \u00d7 digitalni zum <\/li>\n<\/ul>\n<p> <strong> Dvostruki pogled na usluzi <\/strong> <br \/>\nDodirnite za prebacivanje izme\u0111u vizuelnih, termalnih ili split-view feedova za razli\u010dite potrebe projekta. <\/p>\n<p> <strong> Precizno pozicioniranje <\/strong> <br \/>\nPostignite preciznost na nivou centimetara koriste\u0107i M2EA sa RTK modulom4. Stvorite do 240 me\u0111uta\u010daka za provo\u0111enje automatizovanih detaljnih misija inspekcije u slo\u017eenim okru\u017eenjima. <\/p>\n<p> <strong> Maksimalna fleksibilnost <\/strong> <br \/>\nLagani i prenosivi M2EA mo\u017ee poletjeti za manje od minute. Pro\u0111ite kroz slo\u017eena operativna okru\u017eenja zahvaljuju\u0107i br\u017eoj brzini uspona i spu\u0161tanja. <\/p>\n<p> Dodatne funkcije <\/p>\n<ul>\n<li> MSDK <\/li>\n<li> AirSense <\/li>\n<li> Za\u0161tita lozinkom <\/li>\n<li> Diskretni na\u010din rada <\/li>\n<li> Samozagrijavaju\u0107e baterije <\/li>\n<li> Radna temperatura -10 do +40 stepeni <\/li>\n<\/ul>\n","protected":false},"excerpt":{"rendered":"<ul class = \"style__spec-list ___ 2TPrl\">\n<li class = \"style__spec ___ WxfEa\"> &#8211; 640 \u00d7 512 piksela termalna kamera <\/li>\n<li class = \"style__spec ___ WxfEa\"> &#8211; Vizuelna kamera od 48 MP <\/li>\n<li class = \"style__spec ___ WxfEa\"> &#8211; 32 \u00d7 digitalni zum <\/li>\n<li class = \"style__spec ___ WxfEa\"> &#8211; Pozicioniranje na centimetru sa RTK <\/li>\n<li class = \"style__spec ___ WxfEa\">&#8211; 10 km HD prijenos <\/li>\n<li class = \"style__spec ___ WxfEa\"> &#8211; Svesmjerno otkrivanje prepreka <\/li>\n<\/ul>\n","protected":false},"featured_media":30753,"comment_status":"open","ping_status":"closed","template":"","meta":{"_acf_changed":false},"product_brand":[],"product_cat":[1304],"product_tag":[1712,1711,1557],"class_list":{"0":"post-31811","1":"product","2":"type-product","3":"status-publish","4":"has-post-thumbnail","6":"product_cat-dronovi-bespilotne-letjelice-i-sistemi","7":"product_tag-dji-bs","8":"product_tag-dronovi","9":"product_tag-geodetska-oprema","11":"first","12":"instock","13":"taxable","14":"shipping-taxable","15":"product-type-simple","swatches":"rey-swatches","show_selected":""},"acf":[],"yoast_head":"<!-- This site is optimized with the Yoast SEO plugin v24.9 - https:\/\/yoast.com\/wordpress\/plugins\/seo\/ -->\n<title>DJI Mavic 2 Enterprise Napredni - Geooprema<\/title>\n<meta name=\"robots\" content=\"index, follow, max-snippet:-1, max-image-preview:large, max-video-preview:-1\" \/>\n<link rel=\"canonical\" href=\"https:\/\/geooprema.com\/bs\/products\/dronovi-bespilotne-letjelice-i-sistemi\/dji-mavic-2-napredni\/\" \/>\n<meta property=\"og:locale\" content=\"bs_BA\" \/>\n<meta property=\"og:type\" content=\"article\" \/>\n<meta property=\"og:title\" content=\"DJI Mavic 2 Enterprise Napredni - Geooprema\" \/>\n<meta property=\"og:description\" content=\"- 640 \u00d7 512 piksela termalna kamera  - Vizuelna kamera od 48 MP  - 32 \u00d7 digitalni zum  - Pozicioniranje na centimetru sa RTK  - 10 km HD prijenos  - Svesmjerno otkrivanje prepreka\" \/>\n<meta property=\"og:url\" content=\"https:\/\/geooprema.com\/bs\/products\/dronovi-bespilotne-letjelice-i-sistemi\/dji-mavic-2-napredni\/\" \/>\n<meta property=\"og:site_name\" content=\"Geooprema\" \/>\n<meta property=\"article:publisher\" content=\"https:\/\/www.facebook.com\/geoinfobih\" \/>\n<meta property=\"article:modified_time\" content=\"2021-06-11T09:12:43+00:00\" \/>\n<meta property=\"og:image\" content=\"https:\/\/geooprema.com\/wp-content\/uploads\/2021\/04\/Mavic-2-Enterprise-Advanced-2.jpg\" \/>\n\t<meta property=\"og:image:width\" content=\"800\" \/>\n\t<meta property=\"og:image:height\" content=\"800\" \/>\n\t<meta property=\"og:image:type\" content=\"image\/jpeg\" \/>\n<meta name=\"twitter:card\" content=\"summary_large_image\" \/>\n<meta name=\"twitter:label1\" content=\"Est. reading time\" \/>\n\t<meta name=\"twitter:data1\" content=\"1 minuta\" \/>\n<script type=\"application\/ld+json\" class=\"yoast-schema-graph\">{\"@context\":\"https:\/\/schema.org\",\"@graph\":[{\"@type\":\"WebPage\",\"@id\":\"https:\/\/geooprema.com\/bs\/products\/dronovi-bespilotne-letjelice-i-sistemi\/dji-mavic-2-napredni\/\",\"url\":\"https:\/\/geooprema.com\/bs\/products\/dronovi-bespilotne-letjelice-i-sistemi\/dji-mavic-2-napredni\/\",\"name\":\"DJI Mavic 2 Enterprise Napredni - Geooprema\",\"isPartOf\":{\"@id\":\"https:\/\/geooprema.com\/#website\"},\"primaryImageOfPage\":{\"@id\":\"https:\/\/geooprema.com\/bs\/products\/dronovi-bespilotne-letjelice-i-sistemi\/dji-mavic-2-napredni\/#primaryimage\"},\"image\":{\"@id\":\"https:\/\/geooprema.com\/bs\/products\/dronovi-bespilotne-letjelice-i-sistemi\/dji-mavic-2-napredni\/#primaryimage\"},\"thumbnailUrl\":\"https:\/\/geooprema.com\/wp-content\/uploads\/2021\/04\/Mavic-2-Enterprise-Advanced-2.jpg\",\"datePublished\":\"2021-04-22T23:14:39+00:00\",\"dateModified\":\"2021-06-11T09:12:43+00:00\",\"breadcrumb\":{\"@id\":\"https:\/\/geooprema.com\/bs\/products\/dronovi-bespilotne-letjelice-i-sistemi\/dji-mavic-2-napredni\/#breadcrumb\"},\"inLanguage\":\"bs-BA\",\"potentialAction\":[{\"@type\":\"ReadAction\",\"target\":[\"https:\/\/geooprema.com\/bs\/products\/dronovi-bespilotne-letjelice-i-sistemi\/dji-mavic-2-napredni\/\"]}]},{\"@type\":\"ImageObject\",\"inLanguage\":\"bs-BA\",\"@id\":\"https:\/\/geooprema.com\/bs\/products\/dronovi-bespilotne-letjelice-i-sistemi\/dji-mavic-2-napredni\/#primaryimage\",\"url\":\"https:\/\/geooprema.com\/wp-content\/uploads\/2021\/04\/Mavic-2-Enterprise-Advanced-2.jpg\",\"contentUrl\":\"https:\/\/geooprema.com\/wp-content\/uploads\/2021\/04\/Mavic-2-Enterprise-Advanced-2.jpg\",\"width\":800,\"height\":800,\"caption\":\"Mavic 2 Enterprise Advanced\"},{\"@type\":\"BreadcrumbList\",\"@id\":\"https:\/\/geooprema.com\/bs\/products\/dronovi-bespilotne-letjelice-i-sistemi\/dji-mavic-2-napredni\/#breadcrumb\",\"itemListElement\":[{\"@type\":\"ListItem\",\"position\":1,\"name\":\"Home\",\"item\":\"https:\/\/geooprema.com\/bs\/\"},{\"@type\":\"ListItem\",\"position\":2,\"name\":\"Shop\",\"item\":\"https:\/\/geooprema.com\/shop-2\/\"},{\"@type\":\"ListItem\",\"position\":3,\"name\":\"DJI Mavic 2 Enterprise Napredni\"}]},{\"@type\":\"WebSite\",\"@id\":\"https:\/\/geooprema.com\/#website\",\"url\":\"https:\/\/geooprema.com\/\",\"name\":\"Geooprema\",\"description\":\"Surveying and Construction Equipmen, Software and Accessories\",\"publisher\":{\"@id\":\"https:\/\/geooprema.com\/#organization\"},\"potentialAction\":[{\"@type\":\"SearchAction\",\"target\":{\"@type\":\"EntryPoint\",\"urlTemplate\":\"https:\/\/geooprema.com\/?s={search_term_string}\"},\"query-input\":{\"@type\":\"PropertyValueSpecification\",\"valueRequired\":true,\"valueName\":\"search_term_string\"}}],\"inLanguage\":\"bs-BA\"},{\"@type\":\"Organization\",\"@id\":\"https:\/\/geooprema.com\/#organization\",\"name\":\"Geooprema\",\"url\":\"https:\/\/geooprema.com\/\",\"logo\":{\"@type\":\"ImageObject\",\"inLanguage\":\"bs-BA\",\"@id\":\"https:\/\/geooprema.com\/#\/schema\/logo\/image\/\",\"url\":\"https:\/\/geooprema.com\/wp-content\/uploads\/2020\/08\/geooprema-logo.png\",\"contentUrl\":\"https:\/\/geooprema.com\/wp-content\/uploads\/2020\/08\/geooprema-logo.png\",\"width\":513,\"height\":161,\"caption\":\"Geooprema\"},\"image\":{\"@id\":\"https:\/\/geooprema.com\/#\/schema\/logo\/image\/\"},\"sameAs\":[\"https:\/\/www.facebook.com\/geoinfobih\",\"https:\/\/www.instagram.com\/geoinfodoo\/\",\"https:\/\/www.linkedin.com\/company\/geoinfo-doo\/\",\"https:\/\/www.youtube.com\/c\/Geoinfodoo\"]}]}<\/script>\n<!-- \/ Yoast SEO plugin. -->","yoast_head_json":{"title":"DJI Mavic 2 Enterprise Napredni - Geooprema","robots":{"index":"index","follow":"follow","max-snippet":"max-snippet:-1","max-image-preview":"max-image-preview:large","max-video-preview":"max-video-preview:-1"},"canonical":"https:\/\/geooprema.com\/bs\/products\/dronovi-bespilotne-letjelice-i-sistemi\/dji-mavic-2-napredni\/","og_locale":"bs_BA","og_type":"article","og_title":"DJI Mavic 2 Enterprise Napredni - Geooprema","og_description":"- 640 \u00d7 512 piksela termalna kamera  - Vizuelna kamera od 48 MP  - 32 \u00d7 digitalni zum  - Pozicioniranje na centimetru sa RTK  - 10 km HD prijenos  - Svesmjerno otkrivanje prepreka","og_url":"https:\/\/geooprema.com\/bs\/products\/dronovi-bespilotne-letjelice-i-sistemi\/dji-mavic-2-napredni\/","og_site_name":"Geooprema","article_publisher":"https:\/\/www.facebook.com\/geoinfobih","article_modified_time":"2021-06-11T09:12:43+00:00","og_image":[{"width":800,"height":800,"url":"https:\/\/geooprema.com\/wp-content\/uploads\/2021\/04\/Mavic-2-Enterprise-Advanced-2.jpg","type":"image\/jpeg"}],"twitter_card":"summary_large_image","twitter_misc":{"Est. reading time":"1 minuta"},"schema":{"@context":"https:\/\/schema.org","@graph":[{"@type":"WebPage","@id":"https:\/\/geooprema.com\/bs\/products\/dronovi-bespilotne-letjelice-i-sistemi\/dji-mavic-2-napredni\/","url":"https:\/\/geooprema.com\/bs\/products\/dronovi-bespilotne-letjelice-i-sistemi\/dji-mavic-2-napredni\/","name":"DJI Mavic 2 Enterprise Napredni - Geooprema","isPartOf":{"@id":"https:\/\/geooprema.com\/#website"},"primaryImageOfPage":{"@id":"https:\/\/geooprema.com\/bs\/products\/dronovi-bespilotne-letjelice-i-sistemi\/dji-mavic-2-napredni\/#primaryimage"},"image":{"@id":"https:\/\/geooprema.com\/bs\/products\/dronovi-bespilotne-letjelice-i-sistemi\/dji-mavic-2-napredni\/#primaryimage"},"thumbnailUrl":"https:\/\/geooprema.com\/wp-content\/uploads\/2021\/04\/Mavic-2-Enterprise-Advanced-2.jpg","datePublished":"2021-04-22T23:14:39+00:00","dateModified":"2021-06-11T09:12:43+00:00","breadcrumb":{"@id":"https:\/\/geooprema.com\/bs\/products\/dronovi-bespilotne-letjelice-i-sistemi\/dji-mavic-2-napredni\/#breadcrumb"},"inLanguage":"bs-BA","potentialAction":[{"@type":"ReadAction","target":["https:\/\/geooprema.com\/bs\/products\/dronovi-bespilotne-letjelice-i-sistemi\/dji-mavic-2-napredni\/"]}]},{"@type":"ImageObject","inLanguage":"bs-BA","@id":"https:\/\/geooprema.com\/bs\/products\/dronovi-bespilotne-letjelice-i-sistemi\/dji-mavic-2-napredni\/#primaryimage","url":"https:\/\/geooprema.com\/wp-content\/uploads\/2021\/04\/Mavic-2-Enterprise-Advanced-2.jpg","contentUrl":"https:\/\/geooprema.com\/wp-content\/uploads\/2021\/04\/Mavic-2-Enterprise-Advanced-2.jpg","width":800,"height":800,"caption":"Mavic 2 Enterprise Advanced"},{"@type":"BreadcrumbList","@id":"https:\/\/geooprema.com\/bs\/products\/dronovi-bespilotne-letjelice-i-sistemi\/dji-mavic-2-napredni\/#breadcrumb","itemListElement":[{"@type":"ListItem","position":1,"name":"Home","item":"https:\/\/geooprema.com\/bs\/"},{"@type":"ListItem","position":2,"name":"Shop","item":"https:\/\/geooprema.com\/shop-2\/"},{"@type":"ListItem","position":3,"name":"DJI Mavic 2 Enterprise Napredni"}]},{"@type":"WebSite","@id":"https:\/\/geooprema.com\/#website","url":"https:\/\/geooprema.com\/","name":"Geooprema","description":"Surveying and Construction Equipmen, Software and Accessories","publisher":{"@id":"https:\/\/geooprema.com\/#organization"},"potentialAction":[{"@type":"SearchAction","target":{"@type":"EntryPoint","urlTemplate":"https:\/\/geooprema.com\/?s={search_term_string}"},"query-input":{"@type":"PropertyValueSpecification","valueRequired":true,"valueName":"search_term_string"}}],"inLanguage":"bs-BA"},{"@type":"Organization","@id":"https:\/\/geooprema.com\/#organization","name":"Geooprema","url":"https:\/\/geooprema.com\/","logo":{"@type":"ImageObject","inLanguage":"bs-BA","@id":"https:\/\/geooprema.com\/#\/schema\/logo\/image\/","url":"https:\/\/geooprema.com\/wp-content\/uploads\/2020\/08\/geooprema-logo.png","contentUrl":"https:\/\/geooprema.com\/wp-content\/uploads\/2020\/08\/geooprema-logo.png","width":513,"height":161,"caption":"Geooprema"},"image":{"@id":"https:\/\/geooprema.com\/#\/schema\/logo\/image\/"},"sameAs":["https:\/\/www.facebook.com\/geoinfobih","https:\/\/www.instagram.com\/geoinfodoo\/","https:\/\/www.linkedin.com\/company\/geoinfo-doo\/","https:\/\/www.youtube.com\/c\/Geoinfodoo"]}]}},"_links":{"self":[{"href":"https:\/\/geooprema.com\/bs\/wp-json\/wp\/v2\/product\/31811","targetHints":{"allow":["GET"]}}],"collection":[{"href":"https:\/\/geooprema.com\/bs\/wp-json\/wp\/v2\/product"}],"about":[{"href":"https:\/\/geooprema.com\/bs\/wp-json\/wp\/v2\/types\/product"}],"replies":[{"embeddable":true,"href":"https:\/\/geooprema.com\/bs\/wp-json\/wp\/v2\/comments?post=31811"}],"wp:featuredmedia":[{"embeddable":true,"href":"https:\/\/geooprema.com\/bs\/wp-json\/wp\/v2\/media\/30753"}],"wp:attachment":[{"href":"https:\/\/geooprema.com\/bs\/wp-json\/wp\/v2\/media?parent=31811"}],"wp:term":[{"taxonomy":"product_brand","embeddable":true,"href":"https:\/\/geooprema.com\/bs\/wp-json\/wp\/v2\/product_brand?post=31811"},{"taxonomy":"product_cat","embeddable":true,"href":"https:\/\/geooprema.com\/bs\/wp-json\/wp\/v2\/product_cat?post=31811"},{"taxonomy":"product_tag","embeddable":true,"href":"https:\/\/geooprema.com\/bs\/wp-json\/wp\/v2\/product_tag?post=31811"}],"curies":[{"name":"wp","href":"https:\/\/api.w.org\/{rel}","templated":true}]}}