
{"id":31778,"date":"2020-10-11T13:45:12","date_gmt":"2020-10-11T13:45:12","guid":{"rendered":"https:\/\/geooprema.com\/products\/Bez%20kategorije\/leica-disto-x4\/"},"modified":"2021-06-10T18:01:59","modified_gmt":"2021-06-10T18:01:59","slug":"leica-disto-x4","status":"publish","type":"product","link":"https:\/\/geooprema.com\/bs\/products\/gradjevinska-oprema\/gradjevinski-distomati\/leica-disto-x4\/","title":{"rendered":"Leica DISTO X4"},"content":{"rendered":"<p>Sinonim za laserske mjera\u010de udaljenosti. Jednostavno rukovanje, precizni rezultati mjerenja i prikladne funkcije mjerenja \u010dine Leica DISTO &#x2122; idealnim pomaga\u010dem za mjerenja. Odaberite pravi model za svoje potrebe.<br \/>\nGlavne zna\u010dajke:<br \/>\n\u2022\t\u010cesto mjerite vani? DISTO X4 pobolj\u0161ava X3 dodavanjem pointfinder kamere koja vam omogu\u0107uje usmjeravanje laserske ta\u010dke DISTO-a pomo\u0107u zaslona u visokoj rezoluciji u boji &#8211; jednostavno poredajte \u017eeljenu mjernu to\u010dku na zaslonu i dobit \u0107ete precizno mjerenje.<br \/>\n\u2022\tZaslon koji se automatski okre\u0107e. Ugra\u0111eni senzor nagiba za Smart Horizontal.<br \/>\n\u2022\tUklju\u010duje Bluetooth\u00ae za prijenos mjerenja na va\u0161e ra\u010dunare ili mobilni ure\u0111aj. I to bez problema radi s na\u0161om aplikacijom DISTO Plan.<br \/>\nSadr\u017eaj:<br \/>\n\u2022\tLeica DISTO X4<br \/>\n\u2022\tTorbica za no\u0161enje<br \/>\n\u2022\t2x AA baterije<br \/>\n\u2022\tPovezica za ruku<br \/>\n\u2022\tVodi\u010d za brzi po\u010detak<br \/>\n\u2022\tGarantna kartica, sigurnosni priru\u010dnik, certifikat o kalibraciji &#8211; srebro<\/p>\n","protected":false},"excerpt":{"rendered":"<p>Opis: sinonim za laserske mjera\u010de udaljenosti. Jednostavno rukovanje, precizni rezultati mjerenja i prikladne funkcije mjerenja \u010dine Leica DISTO &#x2122; idealnim pomaga\u010dem za mjerenja. Odaberite pravi model za svoje potrebe.<\/p>\n","protected":false},"featured_media":26002,"comment_status":"open","ping_status":"closed","template":"","meta":{"_acf_changed":false},"product_brand":[],"product_cat":[1303,341,1276],"product_tag":[],"class_list":{"0":"post-31778","1":"product","2":"type-product","3":"status-publish","4":"has-post-thumbnail","6":"product_cat-distomat","7":"product_cat-geodetska-oprema","8":"product_cat-gradjevinski-distomati","9":"pa_brand-leica-geosystems-bs","11":"first","12":"onbackorder","13":"featured","14":"taxable","15":"shipping-taxable","16":"product-type-simple","swatches":"rey-swatches","show_selected":""},"acf":[],"yoast_head":"<!-- This site is optimized with the Yoast SEO plugin v24.9 - https:\/\/yoast.com\/wordpress\/plugins\/seo\/ -->\n<title>Leica DISTO X4 - Geooprema<\/title>\n<meta name=\"robots\" content=\"index, follow, max-snippet:-1, max-image-preview:large, max-video-preview:-1\" \/>\n<link rel=\"canonical\" href=\"https:\/\/geooprema.com\/bs\/products\/geodetska-oprema\/leica-disto-x4\/\" \/>\n<meta property=\"og:locale\" content=\"bs_BA\" \/>\n<meta property=\"og:type\" content=\"article\" \/>\n<meta property=\"og:title\" content=\"Leica DISTO X4 - Geooprema\" \/>\n<meta property=\"og:description\" content=\"Opis: sinonim za laserske mjera\u010de udaljenosti. Jednostavno rukovanje, precizni rezultati mjerenja i prikladne funkcije mjerenja \u010dine Leica DISTO &#x2122; idealnim pomaga\u010dem za mjerenja. Odaberite pravi model za svoje potrebe.\" \/>\n<meta property=\"og:url\" content=\"https:\/\/geooprema.com\/bs\/products\/geodetska-oprema\/leica-disto-x4\/\" \/>\n<meta property=\"og:site_name\" content=\"Geooprema\" \/>\n<meta property=\"article:publisher\" content=\"https:\/\/www.facebook.com\/geoinfobih\" \/>\n<meta property=\"article:modified_time\" content=\"2021-06-10T18:01:59+00:00\" \/>\n<meta property=\"og:image\" content=\"https:\/\/geooprema.com\/wp-content\/uploads\/2020\/10\/Webp.net-resizeimage-8-1.jpg\" \/>\n\t<meta property=\"og:image:width\" content=\"800\" \/>\n\t<meta property=\"og:image:height\" content=\"800\" \/>\n\t<meta property=\"og:image:type\" content=\"image\/jpeg\" \/>\n<meta name=\"twitter:card\" content=\"summary_large_image\" \/>\n<meta name=\"twitter:label1\" content=\"Est. reading time\" \/>\n\t<meta name=\"twitter:data1\" content=\"1 minuta\" \/>\n<script type=\"application\/ld+json\" class=\"yoast-schema-graph\">{\"@context\":\"https:\/\/schema.org\",\"@graph\":[{\"@type\":\"WebPage\",\"@id\":\"https:\/\/geooprema.com\/bs\/products\/geodetska-oprema\/leica-disto-x4\/\",\"url\":\"https:\/\/geooprema.com\/bs\/products\/geodetska-oprema\/leica-disto-x4\/\",\"name\":\"Leica DISTO X4 - Geooprema\",\"isPartOf\":{\"@id\":\"https:\/\/geooprema.com\/#website\"},\"primaryImageOfPage\":{\"@id\":\"https:\/\/geooprema.com\/bs\/products\/geodetska-oprema\/leica-disto-x4\/#primaryimage\"},\"image\":{\"@id\":\"https:\/\/geooprema.com\/bs\/products\/geodetska-oprema\/leica-disto-x4\/#primaryimage\"},\"thumbnailUrl\":\"https:\/\/geooprema.com\/wp-content\/uploads\/2020\/10\/Webp.net-resizeimage-8-1.jpg\",\"datePublished\":\"2020-10-11T13:45:12+00:00\",\"dateModified\":\"2021-06-10T18:01:59+00:00\",\"breadcrumb\":{\"@id\":\"https:\/\/geooprema.com\/bs\/products\/geodetska-oprema\/leica-disto-x4\/#breadcrumb\"},\"inLanguage\":\"bs-BA\",\"potentialAction\":[{\"@type\":\"ReadAction\",\"target\":[\"https:\/\/geooprema.com\/bs\/products\/geodetska-oprema\/leica-disto-x4\/\"]}]},{\"@type\":\"ImageObject\",\"inLanguage\":\"bs-BA\",\"@id\":\"https:\/\/geooprema.com\/bs\/products\/geodetska-oprema\/leica-disto-x4\/#primaryimage\",\"url\":\"https:\/\/geooprema.com\/wp-content\/uploads\/2020\/10\/Webp.net-resizeimage-8-1.jpg\",\"contentUrl\":\"https:\/\/geooprema.com\/wp-content\/uploads\/2020\/10\/Webp.net-resizeimage-8-1.jpg\",\"width\":800,\"height\":800,\"caption\":\"Leica DISTO&#x2122; X4\"},{\"@type\":\"BreadcrumbList\",\"@id\":\"https:\/\/geooprema.com\/bs\/products\/geodetska-oprema\/leica-disto-x4\/#breadcrumb\",\"itemListElement\":[{\"@type\":\"ListItem\",\"position\":1,\"name\":\"Home\",\"item\":\"https:\/\/geooprema.com\/bs\/\"},{\"@type\":\"ListItem\",\"position\":2,\"name\":\"Shop\",\"item\":\"https:\/\/geooprema.com\/shop-2\/\"},{\"@type\":\"ListItem\",\"position\":3,\"name\":\"Leica DISTO X4\"}]},{\"@type\":\"WebSite\",\"@id\":\"https:\/\/geooprema.com\/#website\",\"url\":\"https:\/\/geooprema.com\/\",\"name\":\"Geooprema\",\"description\":\"Surveying and Construction Equipmen, Software and Accessories\",\"publisher\":{\"@id\":\"https:\/\/geooprema.com\/#organization\"},\"potentialAction\":[{\"@type\":\"SearchAction\",\"target\":{\"@type\":\"EntryPoint\",\"urlTemplate\":\"https:\/\/geooprema.com\/?s={search_term_string}\"},\"query-input\":{\"@type\":\"PropertyValueSpecification\",\"valueRequired\":true,\"valueName\":\"search_term_string\"}}],\"inLanguage\":\"bs-BA\"},{\"@type\":\"Organization\",\"@id\":\"https:\/\/geooprema.com\/#organization\",\"name\":\"Geooprema\",\"url\":\"https:\/\/geooprema.com\/\",\"logo\":{\"@type\":\"ImageObject\",\"inLanguage\":\"bs-BA\",\"@id\":\"https:\/\/geooprema.com\/#\/schema\/logo\/image\/\",\"url\":\"https:\/\/geooprema.com\/wp-content\/uploads\/2020\/08\/geooprema-logo.png\",\"contentUrl\":\"https:\/\/geooprema.com\/wp-content\/uploads\/2020\/08\/geooprema-logo.png\",\"width\":513,\"height\":161,\"caption\":\"Geooprema\"},\"image\":{\"@id\":\"https:\/\/geooprema.com\/#\/schema\/logo\/image\/\"},\"sameAs\":[\"https:\/\/www.facebook.com\/geoinfobih\",\"https:\/\/www.instagram.com\/geoinfodoo\/\",\"https:\/\/www.linkedin.com\/company\/geoinfo-doo\/\",\"https:\/\/www.youtube.com\/c\/Geoinfodoo\"]}]}<\/script>\n<!-- \/ Yoast SEO plugin. -->","yoast_head_json":{"title":"Leica DISTO X4 - Geooprema","robots":{"index":"index","follow":"follow","max-snippet":"max-snippet:-1","max-image-preview":"max-image-preview:large","max-video-preview":"max-video-preview:-1"},"canonical":"https:\/\/geooprema.com\/bs\/products\/geodetska-oprema\/leica-disto-x4\/","og_locale":"bs_BA","og_type":"article","og_title":"Leica DISTO X4 - Geooprema","og_description":"Opis: sinonim za laserske mjera\u010de udaljenosti. Jednostavno rukovanje, precizni rezultati mjerenja i prikladne funkcije mjerenja \u010dine Leica DISTO &#x2122; idealnim pomaga\u010dem za mjerenja. Odaberite pravi model za svoje potrebe.","og_url":"https:\/\/geooprema.com\/bs\/products\/geodetska-oprema\/leica-disto-x4\/","og_site_name":"Geooprema","article_publisher":"https:\/\/www.facebook.com\/geoinfobih","article_modified_time":"2021-06-10T18:01:59+00:00","og_image":[{"width":800,"height":800,"url":"https:\/\/geooprema.com\/wp-content\/uploads\/2020\/10\/Webp.net-resizeimage-8-1.jpg","type":"image\/jpeg"}],"twitter_card":"summary_large_image","twitter_misc":{"Est. reading time":"1 minuta"},"schema":{"@context":"https:\/\/schema.org","@graph":[{"@type":"WebPage","@id":"https:\/\/geooprema.com\/bs\/products\/geodetska-oprema\/leica-disto-x4\/","url":"https:\/\/geooprema.com\/bs\/products\/geodetska-oprema\/leica-disto-x4\/","name":"Leica DISTO X4 - Geooprema","isPartOf":{"@id":"https:\/\/geooprema.com\/#website"},"primaryImageOfPage":{"@id":"https:\/\/geooprema.com\/bs\/products\/geodetska-oprema\/leica-disto-x4\/#primaryimage"},"image":{"@id":"https:\/\/geooprema.com\/bs\/products\/geodetska-oprema\/leica-disto-x4\/#primaryimage"},"thumbnailUrl":"https:\/\/geooprema.com\/wp-content\/uploads\/2020\/10\/Webp.net-resizeimage-8-1.jpg","datePublished":"2020-10-11T13:45:12+00:00","dateModified":"2021-06-10T18:01:59+00:00","breadcrumb":{"@id":"https:\/\/geooprema.com\/bs\/products\/geodetska-oprema\/leica-disto-x4\/#breadcrumb"},"inLanguage":"bs-BA","potentialAction":[{"@type":"ReadAction","target":["https:\/\/geooprema.com\/bs\/products\/geodetska-oprema\/leica-disto-x4\/"]}]},{"@type":"ImageObject","inLanguage":"bs-BA","@id":"https:\/\/geooprema.com\/bs\/products\/geodetska-oprema\/leica-disto-x4\/#primaryimage","url":"https:\/\/geooprema.com\/wp-content\/uploads\/2020\/10\/Webp.net-resizeimage-8-1.jpg","contentUrl":"https:\/\/geooprema.com\/wp-content\/uploads\/2020\/10\/Webp.net-resizeimage-8-1.jpg","width":800,"height":800,"caption":"Leica DISTO&#x2122; X4"},{"@type":"BreadcrumbList","@id":"https:\/\/geooprema.com\/bs\/products\/geodetska-oprema\/leica-disto-x4\/#breadcrumb","itemListElement":[{"@type":"ListItem","position":1,"name":"Home","item":"https:\/\/geooprema.com\/bs\/"},{"@type":"ListItem","position":2,"name":"Shop","item":"https:\/\/geooprema.com\/shop-2\/"},{"@type":"ListItem","position":3,"name":"Leica DISTO X4"}]},{"@type":"WebSite","@id":"https:\/\/geooprema.com\/#website","url":"https:\/\/geooprema.com\/","name":"Geooprema","description":"Surveying and Construction Equipmen, Software and Accessories","publisher":{"@id":"https:\/\/geooprema.com\/#organization"},"potentialAction":[{"@type":"SearchAction","target":{"@type":"EntryPoint","urlTemplate":"https:\/\/geooprema.com\/?s={search_term_string}"},"query-input":{"@type":"PropertyValueSpecification","valueRequired":true,"valueName":"search_term_string"}}],"inLanguage":"bs-BA"},{"@type":"Organization","@id":"https:\/\/geooprema.com\/#organization","name":"Geooprema","url":"https:\/\/geooprema.com\/","logo":{"@type":"ImageObject","inLanguage":"bs-BA","@id":"https:\/\/geooprema.com\/#\/schema\/logo\/image\/","url":"https:\/\/geooprema.com\/wp-content\/uploads\/2020\/08\/geooprema-logo.png","contentUrl":"https:\/\/geooprema.com\/wp-content\/uploads\/2020\/08\/geooprema-logo.png","width":513,"height":161,"caption":"Geooprema"},"image":{"@id":"https:\/\/geooprema.com\/#\/schema\/logo\/image\/"},"sameAs":["https:\/\/www.facebook.com\/geoinfobih","https:\/\/www.instagram.com\/geoinfodoo\/","https:\/\/www.linkedin.com\/company\/geoinfo-doo\/","https:\/\/www.youtube.com\/c\/Geoinfodoo"]}]}},"_links":{"self":[{"href":"https:\/\/geooprema.com\/bs\/wp-json\/wp\/v2\/product\/31778","targetHints":{"allow":["GET"]}}],"collection":[{"href":"https:\/\/geooprema.com\/bs\/wp-json\/wp\/v2\/product"}],"about":[{"href":"https:\/\/geooprema.com\/bs\/wp-json\/wp\/v2\/types\/product"}],"replies":[{"embeddable":true,"href":"https:\/\/geooprema.com\/bs\/wp-json\/wp\/v2\/comments?post=31778"}],"wp:featuredmedia":[{"embeddable":true,"href":"https:\/\/geooprema.com\/bs\/wp-json\/wp\/v2\/media\/26002"}],"wp:attachment":[{"href":"https:\/\/geooprema.com\/bs\/wp-json\/wp\/v2\/media?parent=31778"}],"wp:term":[{"taxonomy":"product_brand","embeddable":true,"href":"https:\/\/geooprema.com\/bs\/wp-json\/wp\/v2\/product_brand?post=31778"},{"taxonomy":"product_cat","embeddable":true,"href":"https:\/\/geooprema.com\/bs\/wp-json\/wp\/v2\/product_cat?post=31778"},{"taxonomy":"product_tag","embeddable":true,"href":"https:\/\/geooprema.com\/bs\/wp-json\/wp\/v2\/product_tag?post=31778"}],"curies":[{"name":"wp","href":"https:\/\/api.w.org\/{rel}","templated":true}]}}