
{"id":31723,"date":"2020-10-20T11:21:12","date_gmt":"2020-10-20T11:21:12","guid":{"rendered":"https:\/\/geooprema.com\/products\/Bez kategorije\/geomax-zenius-x-a-terenski-kontroler\/"},"modified":"2020-10-20T11:21:12","modified_gmt":"2020-10-20T11:21:12","slug":"geomax-zenius-x-a-terenski-kontroler","status":"publish","type":"product","link":"https:\/\/geooprema.com\/bs\/products\/geodetska-oprema\/kontroleri\/geomax-zenius-x-a-terenski-kontroler\/","title":{"rendered":"GeoMax Zenius X  A terenski kontroler"},"content":{"rendered":"<p>Ref. Br. 878844<\/p>\n<div class = \"text-group info-content\">\n<p>Rade\u0107i na Androidu <sup> TM <\/sup>, terenski kontroler ZeniusX je svestran i potpuno opremljen da olak\u0161a prikupljanje podataka. \u010cista i detaljna dokumentacija lokacije zagarantovana je zahvaljuju\u0107i kameri visoke rezolucije od 8MP. Robusni kontroler je nepropusan za pra\u0161inu i podnosi privremeno potapanje pod vodom (IP67). Prilagodljive tipke za brzi pristup i veliki kristalno jasan zaslon \u010dine va\u0161 posao prakti\u010dnijim.<\/p>\n<\/div>\n<div class = \"row jednake visine\">\n<div class = \"col-lg-6 jednaka-visina-unutra\u0161nja\">\n<div class = \"inner-container\">\n<div class = \"caption baseFont\">\n<div class = \"text\">\n<h5> Radite na daljinu <\/h5>\n<p>ZeniusX vam omogu\u0107ava daljinski rad sa va\u0161om robotskom totalnom stanicom. Kontroler polja podr\u017eava GeoTRAiL, GPS pretragu prizme GeoMaxa <u> <a href = \"https:\/\/geomax-positioning.com\/products\/field-controllers\/~\/link.aspx?_id=491A275E03644CB38ACBE839B1F63786&amp;_z= z \"> Zoom70 <\/a> <\/u> totalna stanica.<\/p>\n<\/div>\n<\/div>\n<\/div>\n<\/div>\n<div class = \"col-lg-6 jednaka-visina-unutra\u0161nja\">\n<div class = \"inner-container\">\n<div class = \"caption baseFont\">\n<div class = \"text\">\n<h5> Nepobjediv tim <\/h5>\n<p>GeoMax <u> <a href=\"https:\/\/geomax-positioning.com\/products\/field-controllers\/~\/link.aspx?_id=394D1135A88A4947AE9D4CB53459852D&amp;_z=z\"> Zenith40 <\/a> <\/u> GNSS antena se mo\u017ee lako konfigurirati na licu mjesta pomo\u0107u Zenith Managera koji radi na ZeniusX-u. Ubrzajte postupak povezivanja izme\u0111u kontrolera polja i antene skeniranjem QR-koda na dnu Zenith40.\n<\/div>\n<\/div>\n<\/div>\n<\/div>\n<\/div>\n<div class = \"row jednake visine\">\n<div class = \"col-lg-6 jednaka-visina-unutra\u0161nja\">\n<div class = \"inner-container no-border\">\n<div class = \"caption baseFont\">\n<div class = \"text\">\n<h5> Va\u0161e savr\u0161eno podudaranje na terenu <\/h5>\n<p>Namenski terenski softver GeoMax <u> <a href=\"https:\/\/geomax-positioning.com\/products\/field-controllers\/~\/link.aspx?_id=7E6B177C6BE345BCADB291CBE3B87151&amp;_z=z\"> X-PAD Ultimate <\/ a> <\/u> i ZeniusX savr\u0161eno se podudaraju kada je u pitanju va\u0161 svakodnevni posao na terenu. X-PAD Ultimate pru\u017ea savr\u0161enu ravnote\u017eu izme\u0111u jasne strukture, direktnih tokova posla i visoke funkcionalnosti. Kroz blisku suradnju s klju\u010dnim korisnicima, uvijek je a\u017euran. Softver radi na ZeniusX-u, kao i na bilo kojem drugom Android <sup> TM <\/sup> ure\u0111aju.<\/p>\n<\/div>\n<\/div>\n<\/div>\n<\/div>\n<div class = \"col-lg-6 jednaka-visina-unutra\u0161nja\">\n<div class = \"inner-container no-border\">\n<div class = \"caption baseFont\">\n<div class = \"text\">\n<h5> S vama do kraja <\/h5>\n<p>Nakon \u0161to se podaci prikupe, mogu se uvesti u GeoMax <u> <a href = \"https:\/\/geomax-positioning.com\/products\/field-controllers\/~\/link.aspx?_id=0D90FD04D6B94D79B608AE466D2E4E23&amp;_z=z\" > X-PAD Fusion <\/a> <\/u>. Ovaj kancelarijski softver ima svestranost i fleksibilnost za spajanje svih vrsta podataka sa GeoMax senzora i drugih nezavisnih izvora, poput dronova.<\/p>\n<\/div>\n<\/div>\n<\/div>\n<\/div>\n<\/div>\n<p>&#038; nbsp;<\/p>\n<p>&#038; nbsp;<\/p>\n","protected":false},"excerpt":{"rendered":"<p>GeoMax ZeniusX Kontroler polja sa Android operativnim sistemom. Ekran od 4,3 &#8220;, 8 GB interne memorije, WiFi, Bluetooth, USB-C utika\u010d, utor za MicroSD karticu, 8 MPix kamera sa blicem, 4G LTE modul, 72-kanalni GPS i GLONASS, G-senzor i E-kompas, za\u0161tita okoline IP67 Uklju\u010duje 1 Li-Ion bateriju, 1 kapacitivni olovku, 1 USB-C kabel za punjenje sa EU \/ UK \/ US \/ AUS ispravlja\u010dem napajanja, 1 remen za ruku i brzi vodi\u010d.<\/p>\n","protected":false},"featured_media":30189,"comment_status":"open","ping_status":"closed","template":"","meta":{"_acf_changed":false},"product_brand":[],"product_cat":[341,410],"product_tag":[],"class_list":{"0":"post-31723","1":"product","2":"type-product","3":"status-publish","4":"has-post-thumbnail","6":"product_cat-geodetska-oprema","7":"product_cat-kontroleri","8":"pa_brand-geomax-positioning-bs","10":"first","11":"onbackorder","12":"taxable","13":"shipping-taxable","14":"product-type-simple","swatches":"rey-swatches","show_selected":""},"acf":[],"yoast_head":"<!-- This site is optimized with the Yoast SEO plugin v24.9 - https:\/\/yoast.com\/wordpress\/plugins\/seo\/ -->\n<title>GeoMax Zenius X A terenski kontroler - Geooprema<\/title>\n<meta name=\"robots\" content=\"index, follow, max-snippet:-1, max-image-preview:large, max-video-preview:-1\" \/>\n<link rel=\"canonical\" href=\"https:\/\/geooprema.com\/bs\/products\/geodetska-oprema\/kontroleri\/geomax-zenius-x-a-terenski-kontroler\/\" \/>\n<meta property=\"og:locale\" content=\"bs_BA\" \/>\n<meta property=\"og:type\" content=\"article\" \/>\n<meta property=\"og:title\" content=\"GeoMax Zenius X A terenski kontroler - Geooprema\" \/>\n<meta property=\"og:description\" content=\"GeoMax ZeniusX Kontroler polja sa Android operativnim sistemom. Ekran od 4,3 &quot;, 8 GB interne memorije, WiFi, Bluetooth, USB-C utika\u010d, utor za MicroSD karticu, 8 MPix kamera sa blicem, 4G LTE modul, 72-kanalni GPS i GLONASS, G-senzor i E-kompas, za\u0161tita okoline IP67 Uklju\u010duje 1 Li-Ion bateriju, 1 kapacitivni olovku, 1 USB-C kabel za punjenje sa EU \/ UK \/ US \/ AUS ispravlja\u010dem napajanja, 1 remen za ruku i brzi vodi\u010d.\" \/>\n<meta property=\"og:url\" content=\"https:\/\/geooprema.com\/bs\/products\/geodetska-oprema\/kontroleri\/geomax-zenius-x-a-terenski-kontroler\/\" \/>\n<meta property=\"og:site_name\" content=\"Geooprema\" \/>\n<meta property=\"article:publisher\" content=\"https:\/\/www.facebook.com\/geoinfobih\" \/>\n<meta property=\"og:image\" content=\"https:\/\/geooprema.com\/wp-content\/uploads\/2020\/10\/Zenius-X-Product-photos-800-800-1.jpg\" \/>\n\t<meta property=\"og:image:width\" content=\"800\" \/>\n\t<meta property=\"og:image:height\" content=\"800\" \/>\n\t<meta property=\"og:image:type\" content=\"image\/jpeg\" \/>\n<meta name=\"twitter:card\" content=\"summary_large_image\" \/>\n<meta name=\"twitter:label1\" content=\"Est. reading time\" \/>\n\t<meta name=\"twitter:data1\" content=\"1 minuta\" \/>\n<script type=\"application\/ld+json\" class=\"yoast-schema-graph\">{\"@context\":\"https:\/\/schema.org\",\"@graph\":[{\"@type\":\"WebPage\",\"@id\":\"https:\/\/geooprema.com\/bs\/products\/geodetska-oprema\/kontroleri\/geomax-zenius-x-a-terenski-kontroler\/\",\"url\":\"https:\/\/geooprema.com\/bs\/products\/geodetska-oprema\/kontroleri\/geomax-zenius-x-a-terenski-kontroler\/\",\"name\":\"GeoMax Zenius X A terenski kontroler - Geooprema\",\"isPartOf\":{\"@id\":\"https:\/\/geooprema.com\/#website\"},\"primaryImageOfPage\":{\"@id\":\"https:\/\/geooprema.com\/bs\/products\/geodetska-oprema\/kontroleri\/geomax-zenius-x-a-terenski-kontroler\/#primaryimage\"},\"image\":{\"@id\":\"https:\/\/geooprema.com\/bs\/products\/geodetska-oprema\/kontroleri\/geomax-zenius-x-a-terenski-kontroler\/#primaryimage\"},\"thumbnailUrl\":\"https:\/\/geooprema.com\/wp-content\/uploads\/2020\/10\/Zenius-X-Product-photos-800-800-1.jpg\",\"datePublished\":\"2020-10-20T11:21:12+00:00\",\"breadcrumb\":{\"@id\":\"https:\/\/geooprema.com\/bs\/products\/geodetska-oprema\/kontroleri\/geomax-zenius-x-a-terenski-kontroler\/#breadcrumb\"},\"inLanguage\":\"bs-BA\",\"potentialAction\":[{\"@type\":\"ReadAction\",\"target\":[\"https:\/\/geooprema.com\/bs\/products\/geodetska-oprema\/kontroleri\/geomax-zenius-x-a-terenski-kontroler\/\"]}]},{\"@type\":\"ImageObject\",\"inLanguage\":\"bs-BA\",\"@id\":\"https:\/\/geooprema.com\/bs\/products\/geodetska-oprema\/kontroleri\/geomax-zenius-x-a-terenski-kontroler\/#primaryimage\",\"url\":\"https:\/\/geooprema.com\/wp-content\/uploads\/2020\/10\/Zenius-X-Product-photos-800-800-1.jpg\",\"contentUrl\":\"https:\/\/geooprema.com\/wp-content\/uploads\/2020\/10\/Zenius-X-Product-photos-800-800-1.jpg\",\"width\":800,\"height\":800,\"caption\":\"Field controller GeoMax Zenius X Data Logger\"},{\"@type\":\"BreadcrumbList\",\"@id\":\"https:\/\/geooprema.com\/bs\/products\/geodetska-oprema\/kontroleri\/geomax-zenius-x-a-terenski-kontroler\/#breadcrumb\",\"itemListElement\":[{\"@type\":\"ListItem\",\"position\":1,\"name\":\"Home\",\"item\":\"https:\/\/geooprema.com\/bs\/\"},{\"@type\":\"ListItem\",\"position\":2,\"name\":\"Shop\",\"item\":\"https:\/\/geooprema.com\/shop-2\/\"},{\"@type\":\"ListItem\",\"position\":3,\"name\":\"GeoMax Zenius X A terenski kontroler\"}]},{\"@type\":\"WebSite\",\"@id\":\"https:\/\/geooprema.com\/#website\",\"url\":\"https:\/\/geooprema.com\/\",\"name\":\"Geooprema\",\"description\":\"Surveying and Construction Equipmen, Software and Accessories\",\"publisher\":{\"@id\":\"https:\/\/geooprema.com\/#organization\"},\"potentialAction\":[{\"@type\":\"SearchAction\",\"target\":{\"@type\":\"EntryPoint\",\"urlTemplate\":\"https:\/\/geooprema.com\/?s={search_term_string}\"},\"query-input\":{\"@type\":\"PropertyValueSpecification\",\"valueRequired\":true,\"valueName\":\"search_term_string\"}}],\"inLanguage\":\"bs-BA\"},{\"@type\":\"Organization\",\"@id\":\"https:\/\/geooprema.com\/#organization\",\"name\":\"Geooprema\",\"url\":\"https:\/\/geooprema.com\/\",\"logo\":{\"@type\":\"ImageObject\",\"inLanguage\":\"bs-BA\",\"@id\":\"https:\/\/geooprema.com\/#\/schema\/logo\/image\/\",\"url\":\"https:\/\/geooprema.com\/wp-content\/uploads\/2020\/08\/geooprema-logo.png\",\"contentUrl\":\"https:\/\/geooprema.com\/wp-content\/uploads\/2020\/08\/geooprema-logo.png\",\"width\":513,\"height\":161,\"caption\":\"Geooprema\"},\"image\":{\"@id\":\"https:\/\/geooprema.com\/#\/schema\/logo\/image\/\"},\"sameAs\":[\"https:\/\/www.facebook.com\/geoinfobih\",\"https:\/\/www.instagram.com\/geoinfodoo\/\",\"https:\/\/www.linkedin.com\/company\/geoinfo-doo\/\",\"https:\/\/www.youtube.com\/c\/Geoinfodoo\"]}]}<\/script>\n<!-- \/ Yoast SEO plugin. -->","yoast_head_json":{"title":"GeoMax Zenius X A terenski kontroler - Geooprema","robots":{"index":"index","follow":"follow","max-snippet":"max-snippet:-1","max-image-preview":"max-image-preview:large","max-video-preview":"max-video-preview:-1"},"canonical":"https:\/\/geooprema.com\/bs\/products\/geodetska-oprema\/kontroleri\/geomax-zenius-x-a-terenski-kontroler\/","og_locale":"bs_BA","og_type":"article","og_title":"GeoMax Zenius X A terenski kontroler - Geooprema","og_description":"GeoMax ZeniusX Kontroler polja sa Android operativnim sistemom. Ekran od 4,3 \", 8 GB interne memorije, WiFi, Bluetooth, USB-C utika\u010d, utor za MicroSD karticu, 8 MPix kamera sa blicem, 4G LTE modul, 72-kanalni GPS i GLONASS, G-senzor i E-kompas, za\u0161tita okoline IP67 Uklju\u010duje 1 Li-Ion bateriju, 1 kapacitivni olovku, 1 USB-C kabel za punjenje sa EU \/ UK \/ US \/ AUS ispravlja\u010dem napajanja, 1 remen za ruku i brzi vodi\u010d.","og_url":"https:\/\/geooprema.com\/bs\/products\/geodetska-oprema\/kontroleri\/geomax-zenius-x-a-terenski-kontroler\/","og_site_name":"Geooprema","article_publisher":"https:\/\/www.facebook.com\/geoinfobih","og_image":[{"width":800,"height":800,"url":"https:\/\/geooprema.com\/wp-content\/uploads\/2020\/10\/Zenius-X-Product-photos-800-800-1.jpg","type":"image\/jpeg"}],"twitter_card":"summary_large_image","twitter_misc":{"Est. reading time":"1 minuta"},"schema":{"@context":"https:\/\/schema.org","@graph":[{"@type":"WebPage","@id":"https:\/\/geooprema.com\/bs\/products\/geodetska-oprema\/kontroleri\/geomax-zenius-x-a-terenski-kontroler\/","url":"https:\/\/geooprema.com\/bs\/products\/geodetska-oprema\/kontroleri\/geomax-zenius-x-a-terenski-kontroler\/","name":"GeoMax Zenius X A terenski kontroler - Geooprema","isPartOf":{"@id":"https:\/\/geooprema.com\/#website"},"primaryImageOfPage":{"@id":"https:\/\/geooprema.com\/bs\/products\/geodetska-oprema\/kontroleri\/geomax-zenius-x-a-terenski-kontroler\/#primaryimage"},"image":{"@id":"https:\/\/geooprema.com\/bs\/products\/geodetska-oprema\/kontroleri\/geomax-zenius-x-a-terenski-kontroler\/#primaryimage"},"thumbnailUrl":"https:\/\/geooprema.com\/wp-content\/uploads\/2020\/10\/Zenius-X-Product-photos-800-800-1.jpg","datePublished":"2020-10-20T11:21:12+00:00","breadcrumb":{"@id":"https:\/\/geooprema.com\/bs\/products\/geodetska-oprema\/kontroleri\/geomax-zenius-x-a-terenski-kontroler\/#breadcrumb"},"inLanguage":"bs-BA","potentialAction":[{"@type":"ReadAction","target":["https:\/\/geooprema.com\/bs\/products\/geodetska-oprema\/kontroleri\/geomax-zenius-x-a-terenski-kontroler\/"]}]},{"@type":"ImageObject","inLanguage":"bs-BA","@id":"https:\/\/geooprema.com\/bs\/products\/geodetska-oprema\/kontroleri\/geomax-zenius-x-a-terenski-kontroler\/#primaryimage","url":"https:\/\/geooprema.com\/wp-content\/uploads\/2020\/10\/Zenius-X-Product-photos-800-800-1.jpg","contentUrl":"https:\/\/geooprema.com\/wp-content\/uploads\/2020\/10\/Zenius-X-Product-photos-800-800-1.jpg","width":800,"height":800,"caption":"Field controller GeoMax Zenius X Data Logger"},{"@type":"BreadcrumbList","@id":"https:\/\/geooprema.com\/bs\/products\/geodetska-oprema\/kontroleri\/geomax-zenius-x-a-terenski-kontroler\/#breadcrumb","itemListElement":[{"@type":"ListItem","position":1,"name":"Home","item":"https:\/\/geooprema.com\/bs\/"},{"@type":"ListItem","position":2,"name":"Shop","item":"https:\/\/geooprema.com\/shop-2\/"},{"@type":"ListItem","position":3,"name":"GeoMax Zenius X A terenski kontroler"}]},{"@type":"WebSite","@id":"https:\/\/geooprema.com\/#website","url":"https:\/\/geooprema.com\/","name":"Geooprema","description":"Surveying and Construction Equipmen, Software and Accessories","publisher":{"@id":"https:\/\/geooprema.com\/#organization"},"potentialAction":[{"@type":"SearchAction","target":{"@type":"EntryPoint","urlTemplate":"https:\/\/geooprema.com\/?s={search_term_string}"},"query-input":{"@type":"PropertyValueSpecification","valueRequired":true,"valueName":"search_term_string"}}],"inLanguage":"bs-BA"},{"@type":"Organization","@id":"https:\/\/geooprema.com\/#organization","name":"Geooprema","url":"https:\/\/geooprema.com\/","logo":{"@type":"ImageObject","inLanguage":"bs-BA","@id":"https:\/\/geooprema.com\/#\/schema\/logo\/image\/","url":"https:\/\/geooprema.com\/wp-content\/uploads\/2020\/08\/geooprema-logo.png","contentUrl":"https:\/\/geooprema.com\/wp-content\/uploads\/2020\/08\/geooprema-logo.png","width":513,"height":161,"caption":"Geooprema"},"image":{"@id":"https:\/\/geooprema.com\/#\/schema\/logo\/image\/"},"sameAs":["https:\/\/www.facebook.com\/geoinfobih","https:\/\/www.instagram.com\/geoinfodoo\/","https:\/\/www.linkedin.com\/company\/geoinfo-doo\/","https:\/\/www.youtube.com\/c\/Geoinfodoo"]}]}},"_links":{"self":[{"href":"https:\/\/geooprema.com\/bs\/wp-json\/wp\/v2\/product\/31723","targetHints":{"allow":["GET"]}}],"collection":[{"href":"https:\/\/geooprema.com\/bs\/wp-json\/wp\/v2\/product"}],"about":[{"href":"https:\/\/geooprema.com\/bs\/wp-json\/wp\/v2\/types\/product"}],"replies":[{"embeddable":true,"href":"https:\/\/geooprema.com\/bs\/wp-json\/wp\/v2\/comments?post=31723"}],"wp:featuredmedia":[{"embeddable":true,"href":"https:\/\/geooprema.com\/bs\/wp-json\/wp\/v2\/media\/30189"}],"wp:attachment":[{"href":"https:\/\/geooprema.com\/bs\/wp-json\/wp\/v2\/media?parent=31723"}],"wp:term":[{"taxonomy":"product_brand","embeddable":true,"href":"https:\/\/geooprema.com\/bs\/wp-json\/wp\/v2\/product_brand?post=31723"},{"taxonomy":"product_cat","embeddable":true,"href":"https:\/\/geooprema.com\/bs\/wp-json\/wp\/v2\/product_cat?post=31723"},{"taxonomy":"product_tag","embeddable":true,"href":"https:\/\/geooprema.com\/bs\/wp-json\/wp\/v2\/product_tag?post=31723"}],"curies":[{"name":"wp","href":"https:\/\/api.w.org\/{rel}","templated":true}]}}