
{"id":31480,"date":"2020-10-26T18:45:21","date_gmt":"2020-10-26T18:45:21","guid":{"rendered":"https:\/\/geooprema.com\/products\/Bez%20kategorije\/geomax-zipp-10r-pro-2-totalna-stanica-bez-reflektora-paket\/"},"modified":"2021-06-01T07:52:25","modified_gmt":"2021-06-01T07:52:25","slug":"geomax-zipp-10r-pro-2-totalna-stanica-bez-reflektora-paket","status":"publish","type":"product","link":"https:\/\/geooprema.com\/bs\/products\/geodetska-oprema\/totalne-stanice\/geomax-zipp-10r-pro-2-totalna-stanica-bez-reflektora-paket\/","title":{"rendered":"GeoMax Zipp 10R Pro, 2\u201d Totalna Stanica bez reflektora paket"},"content":{"rendered":"<p>Ref.br .: 812966<\/p>\n<p>Paket uklju\u010duje:<\/p>\n<p>&#8211; GeoMax Zipp10R 2 &#8220;totalna stanica bez reflektora sa 2 br. Tastature<br \/>\n&#8211; ZCC302 Futrola za Zipp10 i pribor<br \/>\n&#8211; DVD sa instrumentima za Zipp10 seriju<br \/>\n&#8211; 2 x ZBA301 Li-Ion baterija, punjiva<br \/>\n&#8211; ZCH301 Punja\u010d i adapter za baterije<br \/>\n&#8211; ZDC301 USB podatkovni kabel<br \/>\n&#8211; 1 godina certifikata o kalibraciji<br \/>\n&#8211; jednogodi\u0161nja garancija proizvo\u0111a\u010da<\/p>\n","protected":false},"excerpt":{"rendered":"<p>Zipp10 Pro va\u0161 je ekonomski izbor kada je cijena bitna koliko i performanse.<\/p>\n<p>Omogu\u0107uje nesmetan protok podataka putem USB sticka, koaksijalna bezreflektorska mjerenja i \u010ditav niz aplikacija.<\/p>\n<p>Ove pogodnosti ponovo dokazuju najbolju cijenu do u\u010dinka.<\/p>\n<p>Sa svojim opsegom mjerenja bez reflektora od 250 m, ta\u010dno\u0161\u0107u od 2 \u201di 5\u201d, velikim svijetlim zaslonom i jednostavnim aplikacijama, Zipp10 Pro je va\u0161 idealan alat za sve geodetske i gra\u0111evinske zadatke.<\/p>\n<p>Zipp10 Pro je prva svjetska totalna stanica u svojoj klasi koja nudi jednostavnu razmjenu svih va\u0161ih podataka i datoteka putem USB sticka.<\/p>\n<p>Prijenos podataka izme\u0111u razli\u010ditih totalnih stanica ili ureda sada je lak\u0161i nego ikad i osloba\u0111a vas potrebe za kori\u0161tenjem bilo kojeg ra\u010dunara.<\/p>\n<p>Dr\u017eite svoju totalnu stanicu tamo gdje vam treba &#8211; na terenu!<\/p>\n","protected":false},"featured_media":29618,"comment_status":"open","ping_status":"closed","template":"","meta":{"_acf_changed":false},"product_brand":[],"product_cat":[341,345],"product_tag":[],"class_list":{"0":"post-31480","1":"product","2":"type-product","3":"status-publish","4":"has-post-thumbnail","6":"product_cat-geodetska-oprema","7":"product_cat-totalne-stanice","8":"pa_brand-geomax-positioning-bs","10":"first","11":"onbackorder","12":"taxable","13":"shipping-taxable","14":"product-type-simple","swatches":"rey-swatches","show_selected":""},"acf":[],"yoast_head":"<!-- This site is optimized with the Yoast SEO plugin v24.9 - https:\/\/yoast.com\/wordpress\/plugins\/seo\/ -->\n<title>GeoMax Zipp 10R Pro, 2\u201d Totalna Stanica bez reflektora paket - Geooprema<\/title>\n<meta name=\"robots\" content=\"index, follow, max-snippet:-1, max-image-preview:large, max-video-preview:-1\" \/>\n<link rel=\"canonical\" href=\"https:\/\/geooprema.com\/bs\/products\/geodetska-oprema\/totalne-stanice\/geomax-zipp-10r-pro-2-totalna-stanica-bez-reflektora-paket\/\" \/>\n<meta property=\"og:locale\" content=\"bs_BA\" \/>\n<meta property=\"og:type\" content=\"article\" \/>\n<meta property=\"og:title\" content=\"GeoMax Zipp 10R Pro, 2\u201d Totalna Stanica bez reflektora paket - Geooprema\" \/>\n<meta property=\"og:description\" content=\"Zipp10 Pro va\u0161 je ekonomski izbor kada je cijena bitna koliko i performanse.  Omogu\u0107uje nesmetan protok podataka putem USB sticka, koaksijalna bezreflektorska mjerenja i \u010ditav niz aplikacija.  Ove pogodnosti ponovo dokazuju najbolju cijenu do u\u010dinka.  Sa svojim opsegom mjerenja bez reflektora od 250 m, ta\u010dno\u0161\u0107u od 2 \u201di 5\u201d, velikim svijetlim zaslonom i jednostavnim aplikacijama, Zipp10 Pro je va\u0161 idealan alat za sve geodetske i gra\u0111evinske zadatke.  Zipp10 Pro je prva svjetska totalna stanica u svojoj klasi koja nudi jednostavnu razmjenu svih va\u0161ih podataka i datoteka putem USB sticka.  Prijenos podataka izme\u0111u razli\u010ditih totalnih stanica ili ureda sada je lak\u0161i nego ikad i osloba\u0111a vas potrebe za kori\u0161tenjem bilo kojeg ra\u010dunara.  Dr\u017eite svoju totalnu stanicu tamo gdje vam treba - na terenu!\" \/>\n<meta property=\"og:url\" content=\"https:\/\/geooprema.com\/bs\/products\/geodetska-oprema\/totalne-stanice\/geomax-zipp-10r-pro-2-totalna-stanica-bez-reflektora-paket\/\" \/>\n<meta property=\"og:site_name\" content=\"Geooprema\" \/>\n<meta property=\"article:publisher\" content=\"https:\/\/www.facebook.com\/geoinfobih\" \/>\n<meta property=\"article:modified_time\" content=\"2021-06-01T07:52:25+00:00\" \/>\n<meta property=\"og:image\" content=\"https:\/\/geooprema.com\/wp-content\/uploads\/2020\/10\/zipp-1.jpg\" \/>\n\t<meta property=\"og:image:width\" content=\"800\" \/>\n\t<meta property=\"og:image:height\" content=\"800\" \/>\n\t<meta property=\"og:image:type\" content=\"image\/jpeg\" \/>\n<meta name=\"twitter:card\" content=\"summary_large_image\" \/>\n<script type=\"application\/ld+json\" class=\"yoast-schema-graph\">{\"@context\":\"https:\/\/schema.org\",\"@graph\":[{\"@type\":\"WebPage\",\"@id\":\"https:\/\/geooprema.com\/bs\/products\/geodetska-oprema\/totalne-stanice\/geomax-zipp-10r-pro-2-totalna-stanica-bez-reflektora-paket\/\",\"url\":\"https:\/\/geooprema.com\/bs\/products\/geodetska-oprema\/totalne-stanice\/geomax-zipp-10r-pro-2-totalna-stanica-bez-reflektora-paket\/\",\"name\":\"GeoMax Zipp 10R Pro, 2\u201d Totalna Stanica bez reflektora paket - Geooprema\",\"isPartOf\":{\"@id\":\"https:\/\/geooprema.com\/#website\"},\"primaryImageOfPage\":{\"@id\":\"https:\/\/geooprema.com\/bs\/products\/geodetska-oprema\/totalne-stanice\/geomax-zipp-10r-pro-2-totalna-stanica-bez-reflektora-paket\/#primaryimage\"},\"image\":{\"@id\":\"https:\/\/geooprema.com\/bs\/products\/geodetska-oprema\/totalne-stanice\/geomax-zipp-10r-pro-2-totalna-stanica-bez-reflektora-paket\/#primaryimage\"},\"thumbnailUrl\":\"https:\/\/geooprema.com\/wp-content\/uploads\/2020\/10\/zipp-1.jpg\",\"datePublished\":\"2020-10-26T18:45:21+00:00\",\"dateModified\":\"2021-06-01T07:52:25+00:00\",\"breadcrumb\":{\"@id\":\"https:\/\/geooprema.com\/bs\/products\/geodetska-oprema\/totalne-stanice\/geomax-zipp-10r-pro-2-totalna-stanica-bez-reflektora-paket\/#breadcrumb\"},\"inLanguage\":\"bs-BA\",\"potentialAction\":[{\"@type\":\"ReadAction\",\"target\":[\"https:\/\/geooprema.com\/bs\/products\/geodetska-oprema\/totalne-stanice\/geomax-zipp-10r-pro-2-totalna-stanica-bez-reflektora-paket\/\"]}]},{\"@type\":\"ImageObject\",\"inLanguage\":\"bs-BA\",\"@id\":\"https:\/\/geooprema.com\/bs\/products\/geodetska-oprema\/totalne-stanice\/geomax-zipp-10r-pro-2-totalna-stanica-bez-reflektora-paket\/#primaryimage\",\"url\":\"https:\/\/geooprema.com\/wp-content\/uploads\/2020\/10\/zipp-1.jpg\",\"contentUrl\":\"https:\/\/geooprema.com\/wp-content\/uploads\/2020\/10\/zipp-1.jpg\",\"width\":800,\"height\":800,\"caption\":\"GeoMax Zipp10R Pro\"},{\"@type\":\"BreadcrumbList\",\"@id\":\"https:\/\/geooprema.com\/bs\/products\/geodetska-oprema\/totalne-stanice\/geomax-zipp-10r-pro-2-totalna-stanica-bez-reflektora-paket\/#breadcrumb\",\"itemListElement\":[{\"@type\":\"ListItem\",\"position\":1,\"name\":\"Home\",\"item\":\"https:\/\/geooprema.com\/bs\/\"},{\"@type\":\"ListItem\",\"position\":2,\"name\":\"Shop\",\"item\":\"https:\/\/geooprema.com\/shop-2\/\"},{\"@type\":\"ListItem\",\"position\":3,\"name\":\"GeoMax Zipp 10R Pro, 2\u201d Totalna Stanica bez reflektora paket\"}]},{\"@type\":\"WebSite\",\"@id\":\"https:\/\/geooprema.com\/#website\",\"url\":\"https:\/\/geooprema.com\/\",\"name\":\"Geooprema\",\"description\":\"Surveying and Construction Equipmen, Software and Accessories\",\"publisher\":{\"@id\":\"https:\/\/geooprema.com\/#organization\"},\"potentialAction\":[{\"@type\":\"SearchAction\",\"target\":{\"@type\":\"EntryPoint\",\"urlTemplate\":\"https:\/\/geooprema.com\/?s={search_term_string}\"},\"query-input\":{\"@type\":\"PropertyValueSpecification\",\"valueRequired\":true,\"valueName\":\"search_term_string\"}}],\"inLanguage\":\"bs-BA\"},{\"@type\":\"Organization\",\"@id\":\"https:\/\/geooprema.com\/#organization\",\"name\":\"Geooprema\",\"url\":\"https:\/\/geooprema.com\/\",\"logo\":{\"@type\":\"ImageObject\",\"inLanguage\":\"bs-BA\",\"@id\":\"https:\/\/geooprema.com\/#\/schema\/logo\/image\/\",\"url\":\"https:\/\/geooprema.com\/wp-content\/uploads\/2020\/08\/geooprema-logo.png\",\"contentUrl\":\"https:\/\/geooprema.com\/wp-content\/uploads\/2020\/08\/geooprema-logo.png\",\"width\":513,\"height\":161,\"caption\":\"Geooprema\"},\"image\":{\"@id\":\"https:\/\/geooprema.com\/#\/schema\/logo\/image\/\"},\"sameAs\":[\"https:\/\/www.facebook.com\/geoinfobih\",\"https:\/\/www.instagram.com\/geoinfodoo\/\",\"https:\/\/www.linkedin.com\/company\/geoinfo-doo\/\",\"https:\/\/www.youtube.com\/c\/Geoinfodoo\"]}]}<\/script>\n<!-- \/ Yoast SEO plugin. -->","yoast_head_json":{"title":"GeoMax Zipp 10R Pro, 2\u201d Totalna Stanica bez reflektora paket - Geooprema","robots":{"index":"index","follow":"follow","max-snippet":"max-snippet:-1","max-image-preview":"max-image-preview:large","max-video-preview":"max-video-preview:-1"},"canonical":"https:\/\/geooprema.com\/bs\/products\/geodetska-oprema\/totalne-stanice\/geomax-zipp-10r-pro-2-totalna-stanica-bez-reflektora-paket\/","og_locale":"bs_BA","og_type":"article","og_title":"GeoMax Zipp 10R Pro, 2\u201d Totalna Stanica bez reflektora paket - Geooprema","og_description":"Zipp10 Pro va\u0161 je ekonomski izbor kada je cijena bitna koliko i performanse.  Omogu\u0107uje nesmetan protok podataka putem USB sticka, koaksijalna bezreflektorska mjerenja i \u010ditav niz aplikacija.  Ove pogodnosti ponovo dokazuju najbolju cijenu do u\u010dinka.  Sa svojim opsegom mjerenja bez reflektora od 250 m, ta\u010dno\u0161\u0107u od 2 \u201di 5\u201d, velikim svijetlim zaslonom i jednostavnim aplikacijama, Zipp10 Pro je va\u0161 idealan alat za sve geodetske i gra\u0111evinske zadatke.  Zipp10 Pro je prva svjetska totalna stanica u svojoj klasi koja nudi jednostavnu razmjenu svih va\u0161ih podataka i datoteka putem USB sticka.  Prijenos podataka izme\u0111u razli\u010ditih totalnih stanica ili ureda sada je lak\u0161i nego ikad i osloba\u0111a vas potrebe za kori\u0161tenjem bilo kojeg ra\u010dunara.  Dr\u017eite svoju totalnu stanicu tamo gdje vam treba - na terenu!","og_url":"https:\/\/geooprema.com\/bs\/products\/geodetska-oprema\/totalne-stanice\/geomax-zipp-10r-pro-2-totalna-stanica-bez-reflektora-paket\/","og_site_name":"Geooprema","article_publisher":"https:\/\/www.facebook.com\/geoinfobih","article_modified_time":"2021-06-01T07:52:25+00:00","og_image":[{"width":800,"height":800,"url":"https:\/\/geooprema.com\/wp-content\/uploads\/2020\/10\/zipp-1.jpg","type":"image\/jpeg"}],"twitter_card":"summary_large_image","schema":{"@context":"https:\/\/schema.org","@graph":[{"@type":"WebPage","@id":"https:\/\/geooprema.com\/bs\/products\/geodetska-oprema\/totalne-stanice\/geomax-zipp-10r-pro-2-totalna-stanica-bez-reflektora-paket\/","url":"https:\/\/geooprema.com\/bs\/products\/geodetska-oprema\/totalne-stanice\/geomax-zipp-10r-pro-2-totalna-stanica-bez-reflektora-paket\/","name":"GeoMax Zipp 10R Pro, 2\u201d Totalna Stanica bez reflektora paket - Geooprema","isPartOf":{"@id":"https:\/\/geooprema.com\/#website"},"primaryImageOfPage":{"@id":"https:\/\/geooprema.com\/bs\/products\/geodetska-oprema\/totalne-stanice\/geomax-zipp-10r-pro-2-totalna-stanica-bez-reflektora-paket\/#primaryimage"},"image":{"@id":"https:\/\/geooprema.com\/bs\/products\/geodetska-oprema\/totalne-stanice\/geomax-zipp-10r-pro-2-totalna-stanica-bez-reflektora-paket\/#primaryimage"},"thumbnailUrl":"https:\/\/geooprema.com\/wp-content\/uploads\/2020\/10\/zipp-1.jpg","datePublished":"2020-10-26T18:45:21+00:00","dateModified":"2021-06-01T07:52:25+00:00","breadcrumb":{"@id":"https:\/\/geooprema.com\/bs\/products\/geodetska-oprema\/totalne-stanice\/geomax-zipp-10r-pro-2-totalna-stanica-bez-reflektora-paket\/#breadcrumb"},"inLanguage":"bs-BA","potentialAction":[{"@type":"ReadAction","target":["https:\/\/geooprema.com\/bs\/products\/geodetska-oprema\/totalne-stanice\/geomax-zipp-10r-pro-2-totalna-stanica-bez-reflektora-paket\/"]}]},{"@type":"ImageObject","inLanguage":"bs-BA","@id":"https:\/\/geooprema.com\/bs\/products\/geodetska-oprema\/totalne-stanice\/geomax-zipp-10r-pro-2-totalna-stanica-bez-reflektora-paket\/#primaryimage","url":"https:\/\/geooprema.com\/wp-content\/uploads\/2020\/10\/zipp-1.jpg","contentUrl":"https:\/\/geooprema.com\/wp-content\/uploads\/2020\/10\/zipp-1.jpg","width":800,"height":800,"caption":"GeoMax Zipp10R Pro"},{"@type":"BreadcrumbList","@id":"https:\/\/geooprema.com\/bs\/products\/geodetska-oprema\/totalne-stanice\/geomax-zipp-10r-pro-2-totalna-stanica-bez-reflektora-paket\/#breadcrumb","itemListElement":[{"@type":"ListItem","position":1,"name":"Home","item":"https:\/\/geooprema.com\/bs\/"},{"@type":"ListItem","position":2,"name":"Shop","item":"https:\/\/geooprema.com\/shop-2\/"},{"@type":"ListItem","position":3,"name":"GeoMax Zipp 10R Pro, 2\u201d Totalna Stanica bez reflektora paket"}]},{"@type":"WebSite","@id":"https:\/\/geooprema.com\/#website","url":"https:\/\/geooprema.com\/","name":"Geooprema","description":"Surveying and Construction Equipmen, Software and Accessories","publisher":{"@id":"https:\/\/geooprema.com\/#organization"},"potentialAction":[{"@type":"SearchAction","target":{"@type":"EntryPoint","urlTemplate":"https:\/\/geooprema.com\/?s={search_term_string}"},"query-input":{"@type":"PropertyValueSpecification","valueRequired":true,"valueName":"search_term_string"}}],"inLanguage":"bs-BA"},{"@type":"Organization","@id":"https:\/\/geooprema.com\/#organization","name":"Geooprema","url":"https:\/\/geooprema.com\/","logo":{"@type":"ImageObject","inLanguage":"bs-BA","@id":"https:\/\/geooprema.com\/#\/schema\/logo\/image\/","url":"https:\/\/geooprema.com\/wp-content\/uploads\/2020\/08\/geooprema-logo.png","contentUrl":"https:\/\/geooprema.com\/wp-content\/uploads\/2020\/08\/geooprema-logo.png","width":513,"height":161,"caption":"Geooprema"},"image":{"@id":"https:\/\/geooprema.com\/#\/schema\/logo\/image\/"},"sameAs":["https:\/\/www.facebook.com\/geoinfobih","https:\/\/www.instagram.com\/geoinfodoo\/","https:\/\/www.linkedin.com\/company\/geoinfo-doo\/","https:\/\/www.youtube.com\/c\/Geoinfodoo"]}]}},"_links":{"self":[{"href":"https:\/\/geooprema.com\/bs\/wp-json\/wp\/v2\/product\/31480","targetHints":{"allow":["GET"]}}],"collection":[{"href":"https:\/\/geooprema.com\/bs\/wp-json\/wp\/v2\/product"}],"about":[{"href":"https:\/\/geooprema.com\/bs\/wp-json\/wp\/v2\/types\/product"}],"replies":[{"embeddable":true,"href":"https:\/\/geooprema.com\/bs\/wp-json\/wp\/v2\/comments?post=31480"}],"wp:featuredmedia":[{"embeddable":true,"href":"https:\/\/geooprema.com\/bs\/wp-json\/wp\/v2\/media\/29618"}],"wp:attachment":[{"href":"https:\/\/geooprema.com\/bs\/wp-json\/wp\/v2\/media?parent=31480"}],"wp:term":[{"taxonomy":"product_brand","embeddable":true,"href":"https:\/\/geooprema.com\/bs\/wp-json\/wp\/v2\/product_brand?post=31480"},{"taxonomy":"product_cat","embeddable":true,"href":"https:\/\/geooprema.com\/bs\/wp-json\/wp\/v2\/product_cat?post=31480"},{"taxonomy":"product_tag","embeddable":true,"href":"https:\/\/geooprema.com\/bs\/wp-json\/wp\/v2\/product_tag?post=31480"}],"curies":[{"name":"wp","href":"https:\/\/api.w.org\/{rel}","templated":true}]}}