
{"id":31452,"date":"2020-11-09T11:12:13","date_gmt":"2020-11-09T11:12:13","guid":{"rendered":"https:\/\/geooprema.com\/products\/Bez%20kategorije\/geomax-zoom-501-accxess10-1000m-totalna-stanica-bez-reflektora-2\/"},"modified":"2021-06-01T12:25:13","modified_gmt":"2021-06-01T12:25:13","slug":"geomax-zoom-501-accxess10-paket-totalna-stanica-1000m-laser","status":"publish","type":"product","link":"https:\/\/geooprema.com\/bs\/products\/geodetska-oprema\/totalne-stanice\/geomax-zoom-501-accxess10-paket-totalna-stanica-1000m-laser\/","title":{"rendered":"GeoMax Zoom 50,1\u201d accXess10 paket totalna stanica- 1000m laser"},"content":{"rendered":"<p>Opis:<br \/>\nUz dokazanu accXess tehnologiju, Zoom50 ima inteligentni motor za mjerenje udaljenosti dizajniran za izvanredan domet, brzinu i najve\u0107u to\u010dnost \u010dak i u te\u0161kim uvjetima. Dulji raspon mjerenja zna\u010di \u0161iru operativnu pokrivenost i znatno manje izgubljenog vremena s postavljanjem prekida\u010da.  Novi powerlock mehanizam za\u0161tite sprje\u010dava kori\u0161tenje neovla\u0161tenih osoba i ote\u017eava kra\u0111u. Sve to u kombinaciji s ekstra \u0161irokim zaslonom na dodir u boji, ugra\u0111enim Bluetooth, podr\u0161kom za USB memorijski stick.<br \/>\nGlavne zna\u010dajke:<br \/>\n\u2022\tOpcija to\u010dnosti &#8211; 1 sekunda<br \/>\n\u2022\tSa velikim Q-VGA zaslonom (9 cm) do\u017eivjet \u0107ete kristalno \u010disto iskustvo. Super brza navigacija br\u017ee obavlja va\u0161 posao.<br \/>\n\u2022\tS rasponom od 1.000 m bez prizme, osigurana vam je najve\u0107a pouzdanost i to\u010dnost. Izmjerite najte\u017ee ciljeve laserskom zrakom veli\u010dine igle.<br \/>\n\u2022\tZoom50 uklju\u010duje napredne aplikacije, kao \u0161to su Road 3D i Traverse, \u0161to ga \u010dini pravim vode\u0107im ure\u0111ajem GeoMax obitelji ru\u010dnih total stanica.<br \/>\n\u2022\tS intuitivnim softverom ugra\u0111enim u Zoom50, mo\u017eete raditi u svestranim i pobolj\u0161anim aplikacijama. PowerLock za\u0161tita protiv kra\u0111e tjera lopove da dvaput razmisle o kra\u0111i va\u0161e opreme.<\/p>\n","protected":false},"excerpt":{"rendered":"<p> 865968 GeoMax Zoom50, 1 &#8220;Ru\u010dna totalna stanica <\/p>\n<ul>\n<li> accXess10 Reflektor i EDM bez reflektora 1000 m <\/li>\n<li> 1 puna alfanumeri\u010dka tastatura sa Q-VGA Color &#038; amp; Dodirni ekran <\/li>\n<li> GeoMax Pro ugra\u0111eni terenski softver <\/li>\n<li> interni Bluetooth <\/li>\n<li> USB host i RS232 komunikacijski port <\/li>\n<\/ul>\n<p> Dolazi sa: <\/p>\n<ul>\n<li> USB Memory Stick <\/li>\n<li> 1 torbica s alatom <\/li>\n<li> 1 za\u0161titni poklopac <\/li>\n<li> 1 Plumb Bob <\/li>\n<li> 1 vi\u0161ejezi\u010dni brzi vodi\u010d i 1 futrola <\/li>\n<li> 776093 ZBA400, Li-Ion baterija 4.4Ah <\/li>\n<li> 766872 ZCH201 punja\u010d za ZBA201 &#038; amp; ZBA400 Li-Ion baterije <\/li>\n<li> 765617 ZTR101 Standardni tribrach bez opti\u010dkog ovjesa, crni <\/li>\n<\/ul>\n","protected":false},"featured_media":25027,"comment_status":"open","ping_status":"closed","template":"","meta":{"_acf_changed":false},"product_brand":[],"product_cat":[341,345],"product_tag":[1360,1557,377,1359,1367],"class_list":{"0":"post-31452","1":"product","2":"type-product","3":"status-publish","4":"has-post-thumbnail","6":"product_cat-geodetska-oprema","7":"product_cat-totalne-stanice","8":"product_tag-bez-reflektora","9":"product_tag-geodetska-oprema","10":"product_tag-geomax-bs","11":"product_tag-rucno","12":"product_tag-totalna-stanica-bs","13":"pa_brand-geomax-positioning-bs","15":"first","16":"onbackorder","17":"taxable","18":"shipping-taxable","19":"product-type-simple","swatches":"rey-swatches","show_selected":""},"acf":[],"yoast_head":"<!-- This site is optimized with the Yoast SEO plugin v24.9 - https:\/\/yoast.com\/wordpress\/plugins\/seo\/ -->\n<title>GeoMax Zoom 50,1\u201d accXess10 paket totalna stanica- 1000m laser - Geooprema<\/title>\n<meta name=\"robots\" content=\"index, follow, max-snippet:-1, max-image-preview:large, max-video-preview:-1\" \/>\n<link rel=\"canonical\" href=\"https:\/\/geooprema.com\/bs\/products\/geodetska-oprema\/totalne-stanice\/geomax-zoom-501-accxess10-paket-totalna-stanica-1000m-laser\/\" \/>\n<meta property=\"og:locale\" content=\"bs_BA\" \/>\n<meta property=\"og:type\" content=\"article\" \/>\n<meta property=\"og:title\" content=\"GeoMax Zoom 50,1\u201d accXess10 paket totalna stanica- 1000m laser - Geooprema\" \/>\n<meta property=\"og:description\" content=\"865968 GeoMax Zoom50, 1 &quot;Ru\u010dna totalna stanica   accXess10 Reflektor i EDM bez reflektora 1000 m  1 puna alfanumeri\u010dka tastatura sa Q-VGA Color &amp; amp; Dodirni ekran  GeoMax Pro ugra\u0111eni terenski softver  interni Bluetooth  USB host i RS232 komunikacijski port   Dolazi sa:   USB Memory Stick  1 torbica s alatom  1 za\u0161titni poklopac  1 Plumb Bob  1 vi\u0161ejezi\u010dni brzi vodi\u010d i 1 futrola  776093 ZBA400, Li-Ion baterija 4.4Ah  766872 ZCH201 punja\u010d za ZBA201 &amp; amp; ZBA400 Li-Ion baterije  765617 ZTR101 Standardni tribrach bez opti\u010dkog ovjesa, crni\" \/>\n<meta property=\"og:url\" content=\"https:\/\/geooprema.com\/bs\/products\/geodetska-oprema\/totalne-stanice\/geomax-zoom-501-accxess10-paket-totalna-stanica-1000m-laser\/\" \/>\n<meta property=\"og:site_name\" content=\"Geooprema\" \/>\n<meta property=\"article:publisher\" content=\"https:\/\/www.facebook.com\/geoinfobih\" \/>\n<meta property=\"article:modified_time\" content=\"2021-06-01T12:25:13+00:00\" \/>\n<meta property=\"og:image\" content=\"https:\/\/geooprema.com\/wp-content\/uploads\/2020\/02\/Total-Station_Zoom50_Image5-LR.jpg\" \/>\n\t<meta property=\"og:image:width\" content=\"800\" \/>\n\t<meta property=\"og:image:height\" content=\"800\" \/>\n\t<meta property=\"og:image:type\" content=\"image\/jpeg\" \/>\n<meta name=\"twitter:card\" content=\"summary_large_image\" \/>\n<meta name=\"twitter:label1\" content=\"Est. reading time\" \/>\n\t<meta name=\"twitter:data1\" content=\"1 minuta\" \/>\n<script type=\"application\/ld+json\" class=\"yoast-schema-graph\">{\"@context\":\"https:\/\/schema.org\",\"@graph\":[{\"@type\":\"WebPage\",\"@id\":\"https:\/\/geooprema.com\/bs\/products\/geodetska-oprema\/totalne-stanice\/geomax-zoom-501-accxess10-paket-totalna-stanica-1000m-laser\/\",\"url\":\"https:\/\/geooprema.com\/bs\/products\/geodetska-oprema\/totalne-stanice\/geomax-zoom-501-accxess10-paket-totalna-stanica-1000m-laser\/\",\"name\":\"GeoMax Zoom 50,1\u201d accXess10 paket totalna stanica- 1000m laser - Geooprema\",\"isPartOf\":{\"@id\":\"https:\/\/geooprema.com\/#website\"},\"primaryImageOfPage\":{\"@id\":\"https:\/\/geooprema.com\/bs\/products\/geodetska-oprema\/totalne-stanice\/geomax-zoom-501-accxess10-paket-totalna-stanica-1000m-laser\/#primaryimage\"},\"image\":{\"@id\":\"https:\/\/geooprema.com\/bs\/products\/geodetska-oprema\/totalne-stanice\/geomax-zoom-501-accxess10-paket-totalna-stanica-1000m-laser\/#primaryimage\"},\"thumbnailUrl\":\"https:\/\/geooprema.com\/wp-content\/uploads\/2020\/02\/Total-Station_Zoom50_Image5-LR.jpg\",\"datePublished\":\"2020-11-09T11:12:13+00:00\",\"dateModified\":\"2021-06-01T12:25:13+00:00\",\"breadcrumb\":{\"@id\":\"https:\/\/geooprema.com\/bs\/products\/geodetska-oprema\/totalne-stanice\/geomax-zoom-501-accxess10-paket-totalna-stanica-1000m-laser\/#breadcrumb\"},\"inLanguage\":\"bs-BA\",\"potentialAction\":[{\"@type\":\"ReadAction\",\"target\":[\"https:\/\/geooprema.com\/bs\/products\/geodetska-oprema\/totalne-stanice\/geomax-zoom-501-accxess10-paket-totalna-stanica-1000m-laser\/\"]}]},{\"@type\":\"ImageObject\",\"inLanguage\":\"bs-BA\",\"@id\":\"https:\/\/geooprema.com\/bs\/products\/geodetska-oprema\/totalne-stanice\/geomax-zoom-501-accxess10-paket-totalna-stanica-1000m-laser\/#primaryimage\",\"url\":\"https:\/\/geooprema.com\/wp-content\/uploads\/2020\/02\/Total-Station_Zoom50_Image5-LR.jpg\",\"contentUrl\":\"https:\/\/geooprema.com\/wp-content\/uploads\/2020\/02\/Total-Station_Zoom50_Image5-LR.jpg\",\"width\":800,\"height\":800},{\"@type\":\"BreadcrumbList\",\"@id\":\"https:\/\/geooprema.com\/bs\/products\/geodetska-oprema\/totalne-stanice\/geomax-zoom-501-accxess10-paket-totalna-stanica-1000m-laser\/#breadcrumb\",\"itemListElement\":[{\"@type\":\"ListItem\",\"position\":1,\"name\":\"Home\",\"item\":\"https:\/\/geooprema.com\/bs\/\"},{\"@type\":\"ListItem\",\"position\":2,\"name\":\"Shop\",\"item\":\"https:\/\/geooprema.com\/shop-2\/\"},{\"@type\":\"ListItem\",\"position\":3,\"name\":\"GeoMax Zoom 50,1\u201d accXess10 paket totalna stanica- 1000m laser\"}]},{\"@type\":\"WebSite\",\"@id\":\"https:\/\/geooprema.com\/#website\",\"url\":\"https:\/\/geooprema.com\/\",\"name\":\"Geooprema\",\"description\":\"Surveying and Construction Equipmen, Software and Accessories\",\"publisher\":{\"@id\":\"https:\/\/geooprema.com\/#organization\"},\"potentialAction\":[{\"@type\":\"SearchAction\",\"target\":{\"@type\":\"EntryPoint\",\"urlTemplate\":\"https:\/\/geooprema.com\/?s={search_term_string}\"},\"query-input\":{\"@type\":\"PropertyValueSpecification\",\"valueRequired\":true,\"valueName\":\"search_term_string\"}}],\"inLanguage\":\"bs-BA\"},{\"@type\":\"Organization\",\"@id\":\"https:\/\/geooprema.com\/#organization\",\"name\":\"Geooprema\",\"url\":\"https:\/\/geooprema.com\/\",\"logo\":{\"@type\":\"ImageObject\",\"inLanguage\":\"bs-BA\",\"@id\":\"https:\/\/geooprema.com\/#\/schema\/logo\/image\/\",\"url\":\"https:\/\/geooprema.com\/wp-content\/uploads\/2020\/08\/geooprema-logo.png\",\"contentUrl\":\"https:\/\/geooprema.com\/wp-content\/uploads\/2020\/08\/geooprema-logo.png\",\"width\":513,\"height\":161,\"caption\":\"Geooprema\"},\"image\":{\"@id\":\"https:\/\/geooprema.com\/#\/schema\/logo\/image\/\"},\"sameAs\":[\"https:\/\/www.facebook.com\/geoinfobih\",\"https:\/\/www.instagram.com\/geoinfodoo\/\",\"https:\/\/www.linkedin.com\/company\/geoinfo-doo\/\",\"https:\/\/www.youtube.com\/c\/Geoinfodoo\"]}]}<\/script>\n<!-- \/ Yoast SEO plugin. -->","yoast_head_json":{"title":"GeoMax Zoom 50,1\u201d accXess10 paket totalna stanica- 1000m laser - Geooprema","robots":{"index":"index","follow":"follow","max-snippet":"max-snippet:-1","max-image-preview":"max-image-preview:large","max-video-preview":"max-video-preview:-1"},"canonical":"https:\/\/geooprema.com\/bs\/products\/geodetska-oprema\/totalne-stanice\/geomax-zoom-501-accxess10-paket-totalna-stanica-1000m-laser\/","og_locale":"bs_BA","og_type":"article","og_title":"GeoMax Zoom 50,1\u201d accXess10 paket totalna stanica- 1000m laser - Geooprema","og_description":"865968 GeoMax Zoom50, 1 \"Ru\u010dna totalna stanica   accXess10 Reflektor i EDM bez reflektora 1000 m  1 puna alfanumeri\u010dka tastatura sa Q-VGA Color & amp; Dodirni ekran  GeoMax Pro ugra\u0111eni terenski softver  interni Bluetooth  USB host i RS232 komunikacijski port   Dolazi sa:   USB Memory Stick  1 torbica s alatom  1 za\u0161titni poklopac  1 Plumb Bob  1 vi\u0161ejezi\u010dni brzi vodi\u010d i 1 futrola  776093 ZBA400, Li-Ion baterija 4.4Ah  766872 ZCH201 punja\u010d za ZBA201 & amp; ZBA400 Li-Ion baterije  765617 ZTR101 Standardni tribrach bez opti\u010dkog ovjesa, crni","og_url":"https:\/\/geooprema.com\/bs\/products\/geodetska-oprema\/totalne-stanice\/geomax-zoom-501-accxess10-paket-totalna-stanica-1000m-laser\/","og_site_name":"Geooprema","article_publisher":"https:\/\/www.facebook.com\/geoinfobih","article_modified_time":"2021-06-01T12:25:13+00:00","og_image":[{"width":800,"height":800,"url":"https:\/\/geooprema.com\/wp-content\/uploads\/2020\/02\/Total-Station_Zoom50_Image5-LR.jpg","type":"image\/jpeg"}],"twitter_card":"summary_large_image","twitter_misc":{"Est. reading time":"1 minuta"},"schema":{"@context":"https:\/\/schema.org","@graph":[{"@type":"WebPage","@id":"https:\/\/geooprema.com\/bs\/products\/geodetska-oprema\/totalne-stanice\/geomax-zoom-501-accxess10-paket-totalna-stanica-1000m-laser\/","url":"https:\/\/geooprema.com\/bs\/products\/geodetska-oprema\/totalne-stanice\/geomax-zoom-501-accxess10-paket-totalna-stanica-1000m-laser\/","name":"GeoMax Zoom 50,1\u201d accXess10 paket totalna stanica- 1000m laser - Geooprema","isPartOf":{"@id":"https:\/\/geooprema.com\/#website"},"primaryImageOfPage":{"@id":"https:\/\/geooprema.com\/bs\/products\/geodetska-oprema\/totalne-stanice\/geomax-zoom-501-accxess10-paket-totalna-stanica-1000m-laser\/#primaryimage"},"image":{"@id":"https:\/\/geooprema.com\/bs\/products\/geodetska-oprema\/totalne-stanice\/geomax-zoom-501-accxess10-paket-totalna-stanica-1000m-laser\/#primaryimage"},"thumbnailUrl":"https:\/\/geooprema.com\/wp-content\/uploads\/2020\/02\/Total-Station_Zoom50_Image5-LR.jpg","datePublished":"2020-11-09T11:12:13+00:00","dateModified":"2021-06-01T12:25:13+00:00","breadcrumb":{"@id":"https:\/\/geooprema.com\/bs\/products\/geodetska-oprema\/totalne-stanice\/geomax-zoom-501-accxess10-paket-totalna-stanica-1000m-laser\/#breadcrumb"},"inLanguage":"bs-BA","potentialAction":[{"@type":"ReadAction","target":["https:\/\/geooprema.com\/bs\/products\/geodetska-oprema\/totalne-stanice\/geomax-zoom-501-accxess10-paket-totalna-stanica-1000m-laser\/"]}]},{"@type":"ImageObject","inLanguage":"bs-BA","@id":"https:\/\/geooprema.com\/bs\/products\/geodetska-oprema\/totalne-stanice\/geomax-zoom-501-accxess10-paket-totalna-stanica-1000m-laser\/#primaryimage","url":"https:\/\/geooprema.com\/wp-content\/uploads\/2020\/02\/Total-Station_Zoom50_Image5-LR.jpg","contentUrl":"https:\/\/geooprema.com\/wp-content\/uploads\/2020\/02\/Total-Station_Zoom50_Image5-LR.jpg","width":800,"height":800},{"@type":"BreadcrumbList","@id":"https:\/\/geooprema.com\/bs\/products\/geodetska-oprema\/totalne-stanice\/geomax-zoom-501-accxess10-paket-totalna-stanica-1000m-laser\/#breadcrumb","itemListElement":[{"@type":"ListItem","position":1,"name":"Home","item":"https:\/\/geooprema.com\/bs\/"},{"@type":"ListItem","position":2,"name":"Shop","item":"https:\/\/geooprema.com\/shop-2\/"},{"@type":"ListItem","position":3,"name":"GeoMax Zoom 50,1\u201d accXess10 paket totalna stanica- 1000m laser"}]},{"@type":"WebSite","@id":"https:\/\/geooprema.com\/#website","url":"https:\/\/geooprema.com\/","name":"Geooprema","description":"Surveying and Construction Equipmen, Software and Accessories","publisher":{"@id":"https:\/\/geooprema.com\/#organization"},"potentialAction":[{"@type":"SearchAction","target":{"@type":"EntryPoint","urlTemplate":"https:\/\/geooprema.com\/?s={search_term_string}"},"query-input":{"@type":"PropertyValueSpecification","valueRequired":true,"valueName":"search_term_string"}}],"inLanguage":"bs-BA"},{"@type":"Organization","@id":"https:\/\/geooprema.com\/#organization","name":"Geooprema","url":"https:\/\/geooprema.com\/","logo":{"@type":"ImageObject","inLanguage":"bs-BA","@id":"https:\/\/geooprema.com\/#\/schema\/logo\/image\/","url":"https:\/\/geooprema.com\/wp-content\/uploads\/2020\/08\/geooprema-logo.png","contentUrl":"https:\/\/geooprema.com\/wp-content\/uploads\/2020\/08\/geooprema-logo.png","width":513,"height":161,"caption":"Geooprema"},"image":{"@id":"https:\/\/geooprema.com\/#\/schema\/logo\/image\/"},"sameAs":["https:\/\/www.facebook.com\/geoinfobih","https:\/\/www.instagram.com\/geoinfodoo\/","https:\/\/www.linkedin.com\/company\/geoinfo-doo\/","https:\/\/www.youtube.com\/c\/Geoinfodoo"]}]}},"_links":{"self":[{"href":"https:\/\/geooprema.com\/bs\/wp-json\/wp\/v2\/product\/31452","targetHints":{"allow":["GET"]}}],"collection":[{"href":"https:\/\/geooprema.com\/bs\/wp-json\/wp\/v2\/product"}],"about":[{"href":"https:\/\/geooprema.com\/bs\/wp-json\/wp\/v2\/types\/product"}],"replies":[{"embeddable":true,"href":"https:\/\/geooprema.com\/bs\/wp-json\/wp\/v2\/comments?post=31452"}],"wp:featuredmedia":[{"embeddable":true,"href":"https:\/\/geooprema.com\/bs\/wp-json\/wp\/v2\/media\/25027"}],"wp:attachment":[{"href":"https:\/\/geooprema.com\/bs\/wp-json\/wp\/v2\/media?parent=31452"}],"wp:term":[{"taxonomy":"product_brand","embeddable":true,"href":"https:\/\/geooprema.com\/bs\/wp-json\/wp\/v2\/product_brand?post=31452"},{"taxonomy":"product_cat","embeddable":true,"href":"https:\/\/geooprema.com\/bs\/wp-json\/wp\/v2\/product_cat?post=31452"},{"taxonomy":"product_tag","embeddable":true,"href":"https:\/\/geooprema.com\/bs\/wp-json\/wp\/v2\/product_tag?post=31452"}],"curies":[{"name":"wp","href":"https:\/\/api.w.org\/{rel}","templated":true}]}}