
{"id":30064,"date":"2020-11-09T11:39:44","date_gmt":"2020-11-09T11:39:45","guid":{"rendered":"https:\/\/geooprema.com\/?post_type=product&#038;p=30064"},"modified":"2021-06-01T11:13:00","modified_gmt":"2021-06-01T11:13:00","slug":"geomax-zenith-35-pro-gsm-uhf-rover-multi-konstelacijski","status":"publish","type":"product","link":"https:\/\/geooprema.com\/bs\/products\/geodetska-oprema\/gps-gnss-bs\/geomax-zenith-35-pro-gsm-uhf-rover-multi-konstelacijski\/","title":{"rendered":"GeoMax Zenith 35 Pro GSM-UHF Rover, multi konstelacijski"},"content":{"rendered":"<p>Potpuni spektar signala sa satelita, puna povezanost i jedinstvena Tilt&amp;Go funkcionalnost sve u kompaktnom GNSS \u010dini Zenith35 Pro seriju da funkcioni\u0161e kada Vi trebate.<br \/>\n\u0106o\u0161ak zgrade ili \u010dak kanal ispod parkiranog auta? Jedinstvena Zenith35 Pro Tilt&amp;Go funkcionalnost omogu\u0107ava Vam da izmjerite ta\u010dku gdje nije mogu\u0107e vertikalno postaviti \u0161tap, kao \u0161to su \u0107o\u0161kovi ku\u0107e. Nema vi\u0161e brige oko dr\u017eanja \u0161tapa strogo vertikalno, samo Tilt &amp; Go! Integrisan u terenski softver, Zenith35 Pro TAG nudi dva modula koja su savr\u0161eno prilago\u0111ena situacijama na terenu.<\/p>\n<p>555 kanala<\/p>\n<p>Sa maksimalnim brojem kanala, svi satelitski sistemi i frekvencije su podr\u017eane sa tehnologijom NovAtel\u00ae. Radite kako \u017eelite sa nekim od\u00a0 RTK modula.<\/p>\n<p>Lagani TILT&amp;GO<\/p>\n<p>Dohvatite i izmjerize sakrivene ta\u010dke sa nagnutim \u0161tapom, i provjerite i pratite vertikalnost \u0161tapa sa preciznom elektronskom libelom.<\/p>\n<p>Kompaktan za lak\u0161e kretanje<\/p>\n<p>Sa svojom kompaktnom veli\u010dinom, Zenith35 Pro je lagan za nositi bilo gdje. Pomjerite se dok koje god ta\u010dke trebate.<br \/>\n\u010cvrsti ure\u0111aj<\/p>\n<p>Sa IP68 certifikatima, Zenith35 Pro je otporan na vodu i pra\u0161inu. Prijemnik je tako\u0111e za\u0161ti\u0107en od pada.<\/p>\n","protected":false},"excerpt":{"rendered":"<p>Set uklju\u010duje:<\/p>\n<ul>\n<li>Pribor za opremu sa tvrdim koferom<\/li>\n<li>Punja\u010d i 2 baterije<\/li>\n<li>GSM Antenu<\/li>\n<li>USB kabal<\/li>\n<li>Kratki vodi\u010d i CD<\/li>\n<li>ZRA100<\/li>\n<li>UHF Antena &#8211; raspon frekvencije 435-470 MHz<\/li>\n<li>ZPC200<\/li>\n<li>Teleskop\u0161ti karbonski i aluminijumski \u0161tap sa 5\/8\u201c navojem za GNSS &#8211; do 2.5m du\u017eine<\/li>\n<\/ul>\n","protected":false},"featured_media":22822,"comment_status":"open","ping_status":"closed","template":"","meta":{"_acf_changed":false},"product_brand":[],"product_cat":[341,411],"product_tag":[473,471,470,474,453,377,467,468,469,472],"class_list":{"0":"post-30064","1":"product","2":"type-product","3":"status-publish","4":"has-post-thumbnail","6":"product_cat-geodetska-oprema","7":"product_cat-gps-gnss-bs","8":"product_tag-30-stepeni","9":"product_tag-base-bs","10":"product_tag-baza-bs","11":"product_tag-equipment-bs","12":"product_tag-geodetski-premjer","13":"product_tag-geomax-bs","14":"product_tag-gnss-bs","15":"product_tag-gps-bs","16":"product_tag-rover-bs","17":"product_tag-tilt-bs","18":"pa_brand-geomax-positioning-bs","20":"first","21":"onbackorder","22":"taxable","23":"shipping-taxable","24":"product-type-simple","swatches":"rey-swatches","show_selected":""},"acf":[],"yoast_head":"<!-- This site is optimized with the Yoast SEO plugin v24.9 - https:\/\/yoast.com\/wordpress\/plugins\/seo\/ -->\n<title>GeoMax Zenith 35 Pro GSM-UHF Rover, multi konstelacijski - Geooprema<\/title>\n<meta name=\"robots\" content=\"index, follow, max-snippet:-1, max-image-preview:large, max-video-preview:-1\" \/>\n<link rel=\"canonical\" href=\"https:\/\/geooprema.com\/bs\/products\/geodetska-oprema\/gps-gnss-bs\/geomax-zenith-35-pro-gsm-uhf-rover-multi-konstelacijski\/\" \/>\n<meta property=\"og:locale\" content=\"bs_BA\" \/>\n<meta property=\"og:type\" content=\"article\" \/>\n<meta property=\"og:title\" content=\"GeoMax Zenith 35 Pro GSM-UHF Rover, multi konstelacijski - Geooprema\" \/>\n<meta property=\"og:description\" content=\"Set uklju\u010duje:   Pribor za opremu sa tvrdim koferom  Punja\u010d i 2 baterije  GSM Antenu  USB kabal  Kratki vodi\u010d i CD  ZRA100  UHF Antena - raspon frekvencije 435-470 MHz  ZPC200  Teleskop\u0161ti karbonski i aluminijumski \u0161tap sa 5\/8\u201c navojem za GNSS - do 2.5m du\u017eine\" \/>\n<meta property=\"og:url\" content=\"https:\/\/geooprema.com\/bs\/products\/geodetska-oprema\/gps-gnss-bs\/geomax-zenith-35-pro-gsm-uhf-rover-multi-konstelacijski\/\" \/>\n<meta property=\"og:site_name\" content=\"Geooprema\" \/>\n<meta property=\"article:publisher\" content=\"https:\/\/www.facebook.com\/geoinfobih\" \/>\n<meta property=\"article:modified_time\" content=\"2021-06-01T11:13:00+00:00\" \/>\n<meta property=\"og:image\" content=\"https:\/\/geooprema.com\/wp-content\/uploads\/2020\/01\/Zenith-35-PRO-TAG-0.jpg\" \/>\n\t<meta property=\"og:image:width\" content=\"850\" \/>\n\t<meta property=\"og:image:height\" content=\"850\" \/>\n\t<meta property=\"og:image:type\" content=\"image\/jpeg\" \/>\n<meta name=\"twitter:card\" content=\"summary_large_image\" \/>\n<meta name=\"twitter:label1\" content=\"Est. reading time\" \/>\n\t<meta name=\"twitter:data1\" content=\"1 minuta\" \/>\n<script type=\"application\/ld+json\" class=\"yoast-schema-graph\">{\"@context\":\"https:\/\/schema.org\",\"@graph\":[{\"@type\":\"WebPage\",\"@id\":\"https:\/\/geooprema.com\/bs\/products\/geodetska-oprema\/gps-gnss-bs\/geomax-zenith-35-pro-gsm-uhf-rover-multi-konstelacijski\/\",\"url\":\"https:\/\/geooprema.com\/bs\/products\/geodetska-oprema\/gps-gnss-bs\/geomax-zenith-35-pro-gsm-uhf-rover-multi-konstelacijski\/\",\"name\":\"GeoMax Zenith 35 Pro GSM-UHF Rover, multi konstelacijski - Geooprema\",\"isPartOf\":{\"@id\":\"https:\/\/geooprema.com\/#website\"},\"primaryImageOfPage\":{\"@id\":\"https:\/\/geooprema.com\/bs\/products\/geodetska-oprema\/gps-gnss-bs\/geomax-zenith-35-pro-gsm-uhf-rover-multi-konstelacijski\/#primaryimage\"},\"image\":{\"@id\":\"https:\/\/geooprema.com\/bs\/products\/geodetska-oprema\/gps-gnss-bs\/geomax-zenith-35-pro-gsm-uhf-rover-multi-konstelacijski\/#primaryimage\"},\"thumbnailUrl\":\"https:\/\/geooprema.com\/wp-content\/uploads\/2020\/01\/Zenith-35-PRO-TAG-0.jpg\",\"datePublished\":\"2020-11-09T11:39:45+00:00\",\"dateModified\":\"2021-06-01T11:13:00+00:00\",\"breadcrumb\":{\"@id\":\"https:\/\/geooprema.com\/bs\/products\/geodetska-oprema\/gps-gnss-bs\/geomax-zenith-35-pro-gsm-uhf-rover-multi-konstelacijski\/#breadcrumb\"},\"inLanguage\":\"bs-BA\",\"potentialAction\":[{\"@type\":\"ReadAction\",\"target\":[\"https:\/\/geooprema.com\/bs\/products\/geodetska-oprema\/gps-gnss-bs\/geomax-zenith-35-pro-gsm-uhf-rover-multi-konstelacijski\/\"]}]},{\"@type\":\"ImageObject\",\"inLanguage\":\"bs-BA\",\"@id\":\"https:\/\/geooprema.com\/bs\/products\/geodetska-oprema\/gps-gnss-bs\/geomax-zenith-35-pro-gsm-uhf-rover-multi-konstelacijski\/#primaryimage\",\"url\":\"https:\/\/geooprema.com\/wp-content\/uploads\/2020\/01\/Zenith-35-PRO-TAG-0.jpg\",\"contentUrl\":\"https:\/\/geooprema.com\/wp-content\/uploads\/2020\/01\/Zenith-35-PRO-TAG-0.jpg\",\"width\":850,\"height\":850},{\"@type\":\"BreadcrumbList\",\"@id\":\"https:\/\/geooprema.com\/bs\/products\/geodetska-oprema\/gps-gnss-bs\/geomax-zenith-35-pro-gsm-uhf-rover-multi-konstelacijski\/#breadcrumb\",\"itemListElement\":[{\"@type\":\"ListItem\",\"position\":1,\"name\":\"Home\",\"item\":\"https:\/\/geooprema.com\/bs\/\"},{\"@type\":\"ListItem\",\"position\":2,\"name\":\"Shop\",\"item\":\"https:\/\/geooprema.com\/shop-2\/\"},{\"@type\":\"ListItem\",\"position\":3,\"name\":\"GeoMax Zenith 35 Pro GSM-UHF Rover, multi konstelacijski\"}]},{\"@type\":\"WebSite\",\"@id\":\"https:\/\/geooprema.com\/#website\",\"url\":\"https:\/\/geooprema.com\/\",\"name\":\"Geooprema\",\"description\":\"Surveying and Construction Equipmen, Software and Accessories\",\"publisher\":{\"@id\":\"https:\/\/geooprema.com\/#organization\"},\"potentialAction\":[{\"@type\":\"SearchAction\",\"target\":{\"@type\":\"EntryPoint\",\"urlTemplate\":\"https:\/\/geooprema.com\/?s={search_term_string}\"},\"query-input\":{\"@type\":\"PropertyValueSpecification\",\"valueRequired\":true,\"valueName\":\"search_term_string\"}}],\"inLanguage\":\"bs-BA\"},{\"@type\":\"Organization\",\"@id\":\"https:\/\/geooprema.com\/#organization\",\"name\":\"Geooprema\",\"url\":\"https:\/\/geooprema.com\/\",\"logo\":{\"@type\":\"ImageObject\",\"inLanguage\":\"bs-BA\",\"@id\":\"https:\/\/geooprema.com\/#\/schema\/logo\/image\/\",\"url\":\"https:\/\/geooprema.com\/wp-content\/uploads\/2020\/08\/geooprema-logo.png\",\"contentUrl\":\"https:\/\/geooprema.com\/wp-content\/uploads\/2020\/08\/geooprema-logo.png\",\"width\":513,\"height\":161,\"caption\":\"Geooprema\"},\"image\":{\"@id\":\"https:\/\/geooprema.com\/#\/schema\/logo\/image\/\"},\"sameAs\":[\"https:\/\/www.facebook.com\/geoinfobih\",\"https:\/\/www.instagram.com\/geoinfodoo\/\",\"https:\/\/www.linkedin.com\/company\/geoinfo-doo\/\",\"https:\/\/www.youtube.com\/c\/Geoinfodoo\"]}]}<\/script>\n<!-- \/ Yoast SEO plugin. -->","yoast_head_json":{"title":"GeoMax Zenith 35 Pro GSM-UHF Rover, multi konstelacijski - Geooprema","robots":{"index":"index","follow":"follow","max-snippet":"max-snippet:-1","max-image-preview":"max-image-preview:large","max-video-preview":"max-video-preview:-1"},"canonical":"https:\/\/geooprema.com\/bs\/products\/geodetska-oprema\/gps-gnss-bs\/geomax-zenith-35-pro-gsm-uhf-rover-multi-konstelacijski\/","og_locale":"bs_BA","og_type":"article","og_title":"GeoMax Zenith 35 Pro GSM-UHF Rover, multi konstelacijski - Geooprema","og_description":"Set uklju\u010duje:   Pribor za opremu sa tvrdim koferom  Punja\u010d i 2 baterije  GSM Antenu  USB kabal  Kratki vodi\u010d i CD  ZRA100  UHF Antena - raspon frekvencije 435-470 MHz  ZPC200  Teleskop\u0161ti karbonski i aluminijumski \u0161tap sa 5\/8\u201c navojem za GNSS - do 2.5m du\u017eine","og_url":"https:\/\/geooprema.com\/bs\/products\/geodetska-oprema\/gps-gnss-bs\/geomax-zenith-35-pro-gsm-uhf-rover-multi-konstelacijski\/","og_site_name":"Geooprema","article_publisher":"https:\/\/www.facebook.com\/geoinfobih","article_modified_time":"2021-06-01T11:13:00+00:00","og_image":[{"width":850,"height":850,"url":"https:\/\/geooprema.com\/wp-content\/uploads\/2020\/01\/Zenith-35-PRO-TAG-0.jpg","type":"image\/jpeg"}],"twitter_card":"summary_large_image","twitter_misc":{"Est. reading time":"1 minuta"},"schema":{"@context":"https:\/\/schema.org","@graph":[{"@type":"WebPage","@id":"https:\/\/geooprema.com\/bs\/products\/geodetska-oprema\/gps-gnss-bs\/geomax-zenith-35-pro-gsm-uhf-rover-multi-konstelacijski\/","url":"https:\/\/geooprema.com\/bs\/products\/geodetska-oprema\/gps-gnss-bs\/geomax-zenith-35-pro-gsm-uhf-rover-multi-konstelacijski\/","name":"GeoMax Zenith 35 Pro GSM-UHF Rover, multi konstelacijski - Geooprema","isPartOf":{"@id":"https:\/\/geooprema.com\/#website"},"primaryImageOfPage":{"@id":"https:\/\/geooprema.com\/bs\/products\/geodetska-oprema\/gps-gnss-bs\/geomax-zenith-35-pro-gsm-uhf-rover-multi-konstelacijski\/#primaryimage"},"image":{"@id":"https:\/\/geooprema.com\/bs\/products\/geodetska-oprema\/gps-gnss-bs\/geomax-zenith-35-pro-gsm-uhf-rover-multi-konstelacijski\/#primaryimage"},"thumbnailUrl":"https:\/\/geooprema.com\/wp-content\/uploads\/2020\/01\/Zenith-35-PRO-TAG-0.jpg","datePublished":"2020-11-09T11:39:45+00:00","dateModified":"2021-06-01T11:13:00+00:00","breadcrumb":{"@id":"https:\/\/geooprema.com\/bs\/products\/geodetska-oprema\/gps-gnss-bs\/geomax-zenith-35-pro-gsm-uhf-rover-multi-konstelacijski\/#breadcrumb"},"inLanguage":"bs-BA","potentialAction":[{"@type":"ReadAction","target":["https:\/\/geooprema.com\/bs\/products\/geodetska-oprema\/gps-gnss-bs\/geomax-zenith-35-pro-gsm-uhf-rover-multi-konstelacijski\/"]}]},{"@type":"ImageObject","inLanguage":"bs-BA","@id":"https:\/\/geooprema.com\/bs\/products\/geodetska-oprema\/gps-gnss-bs\/geomax-zenith-35-pro-gsm-uhf-rover-multi-konstelacijski\/#primaryimage","url":"https:\/\/geooprema.com\/wp-content\/uploads\/2020\/01\/Zenith-35-PRO-TAG-0.jpg","contentUrl":"https:\/\/geooprema.com\/wp-content\/uploads\/2020\/01\/Zenith-35-PRO-TAG-0.jpg","width":850,"height":850},{"@type":"BreadcrumbList","@id":"https:\/\/geooprema.com\/bs\/products\/geodetska-oprema\/gps-gnss-bs\/geomax-zenith-35-pro-gsm-uhf-rover-multi-konstelacijski\/#breadcrumb","itemListElement":[{"@type":"ListItem","position":1,"name":"Home","item":"https:\/\/geooprema.com\/bs\/"},{"@type":"ListItem","position":2,"name":"Shop","item":"https:\/\/geooprema.com\/shop-2\/"},{"@type":"ListItem","position":3,"name":"GeoMax Zenith 35 Pro GSM-UHF Rover, multi konstelacijski"}]},{"@type":"WebSite","@id":"https:\/\/geooprema.com\/#website","url":"https:\/\/geooprema.com\/","name":"Geooprema","description":"Surveying and Construction Equipmen, Software and Accessories","publisher":{"@id":"https:\/\/geooprema.com\/#organization"},"potentialAction":[{"@type":"SearchAction","target":{"@type":"EntryPoint","urlTemplate":"https:\/\/geooprema.com\/?s={search_term_string}"},"query-input":{"@type":"PropertyValueSpecification","valueRequired":true,"valueName":"search_term_string"}}],"inLanguage":"bs-BA"},{"@type":"Organization","@id":"https:\/\/geooprema.com\/#organization","name":"Geooprema","url":"https:\/\/geooprema.com\/","logo":{"@type":"ImageObject","inLanguage":"bs-BA","@id":"https:\/\/geooprema.com\/#\/schema\/logo\/image\/","url":"https:\/\/geooprema.com\/wp-content\/uploads\/2020\/08\/geooprema-logo.png","contentUrl":"https:\/\/geooprema.com\/wp-content\/uploads\/2020\/08\/geooprema-logo.png","width":513,"height":161,"caption":"Geooprema"},"image":{"@id":"https:\/\/geooprema.com\/#\/schema\/logo\/image\/"},"sameAs":["https:\/\/www.facebook.com\/geoinfobih","https:\/\/www.instagram.com\/geoinfodoo\/","https:\/\/www.linkedin.com\/company\/geoinfo-doo\/","https:\/\/www.youtube.com\/c\/Geoinfodoo"]}]}},"_links":{"self":[{"href":"https:\/\/geooprema.com\/bs\/wp-json\/wp\/v2\/product\/30064","targetHints":{"allow":["GET"]}}],"collection":[{"href":"https:\/\/geooprema.com\/bs\/wp-json\/wp\/v2\/product"}],"about":[{"href":"https:\/\/geooprema.com\/bs\/wp-json\/wp\/v2\/types\/product"}],"replies":[{"embeddable":true,"href":"https:\/\/geooprema.com\/bs\/wp-json\/wp\/v2\/comments?post=30064"}],"wp:featuredmedia":[{"embeddable":true,"href":"https:\/\/geooprema.com\/bs\/wp-json\/wp\/v2\/media\/22822"}],"wp:attachment":[{"href":"https:\/\/geooprema.com\/bs\/wp-json\/wp\/v2\/media?parent=30064"}],"wp:term":[{"taxonomy":"product_brand","embeddable":true,"href":"https:\/\/geooprema.com\/bs\/wp-json\/wp\/v2\/product_brand?post=30064"},{"taxonomy":"product_cat","embeddable":true,"href":"https:\/\/geooprema.com\/bs\/wp-json\/wp\/v2\/product_cat?post=30064"},{"taxonomy":"product_tag","embeddable":true,"href":"https:\/\/geooprema.com\/bs\/wp-json\/wp\/v2\/product_tag?post=30064"}],"curies":[{"name":"wp","href":"https:\/\/api.w.org\/{rel}","templated":true}]}}