
{"id":30060,"date":"2020-11-09T11:37:09","date_gmt":"2020-11-09T11:37:09","guid":{"rendered":"https:\/\/geooprema.com\/?post_type=product&#038;p=30060"},"modified":"2021-06-01T11:27:51","modified_gmt":"2021-06-01T11:27:51","slug":"geomax-zenith-16-rover-set-multi-konstelacijski","status":"publish","type":"product","link":"https:\/\/geooprema.com\/bs\/products\/geodetska-oprema\/gps-gnss-bs\/geomax-zenith-16-rover-set-multi-konstelacijski\/","title":{"rendered":"GeoMax Zenith 16 Rover Set, multi konstelacijski"},"content":{"rendered":"<div class=\"text-group info-content\">\n<p><span style=\"color: #ff6600;\"><strong>Zenith16 GNSS<\/strong><\/span> prijemnik je\u00a0 isplativa investicija koja garantuje pouzdane rezultate. U kombinacijia sa GeoMax terenskim kontrolerima i X-PAD softverom, prijemnik posti\u017ee svoj puni potencijal.<\/p>\n<\/div>\n<div class=\"row equal-height\">\n<div class=\"col-lg-6 equal-height-inner\">\n<div class=\"inner-container\">\n<div class=\"caption baseFont\">\n<div class=\"text\">\n<h3><span style=\"color: #ff6600;\">Poznati partneri<\/span><\/h3>\n<p>Produktivnost pove\u0107ana sa iskustvom i smanjena stopa neuspjeha zahvaljuju\u0107i snazi Hexagonove tehnologije i partnerstva sa visokokvalitetnim brendovima poput SATEL-a i NovAtel-a.<\/p>\n<div class=\"row equal-height\">\n<div class=\"col-lg-6 equal-height-inner\">\n<div class=\"inner-container\">\n<div class=\"caption baseFont\">\n<div class=\"text\">\n<h3><span style=\"color: #ff6600;\">Pristupa\u010dna cijena<\/span><\/h3>\n<p>Omogu\u0107avaju\u0107i tehnologiju visokih performansi za pristupa\u010dnu cijenu, Zenith 16 prijemnik Vas uvjerava sa odnosom izuzetnih performanski i cijene.<\/p>\n<\/div>\n<\/div>\n<\/div>\n<\/div>\n<\/div>\n<div class=\"row equal-height\">\n<div class=\"col-lg-6 equal-height-inner\">\n<div class=\"inner-container no-border\">\n<div class=\"caption baseFont\">\n<div class=\"text\">\n<h3><span style=\"color: #ff6600;\"><strong>Besprijekorno integrisan u Va\u0161 tok rada<\/strong><\/span><\/h3>\n<p><a href=\"https:\/\/geomax-positioning.com\/products\/gnss\/~\/link.aspx?_id=7E6B177C6BE345BCADB291CBE3B87151&amp;_z=z\">X-PAD Ultimate<\/a>, posve\u0107eni GeoMax softver, predstavlja odli\u010dan balans izme\u0111u jasne strukture, naprednog toka rada i visoke funkcionalnosti. Kroz blisu saranju sa klju\u010dnim korisnicima, uvijek je a\u017euran.<br \/>\nPonuda GeoMax softver je kompletirana sa <a href=\"https:\/\/geomax-positioning.com\/products\/gnss\/~\/link.aspx?_id=0D90FD04D6B94D79B608AE466D2E4E23&amp;_z=z\">X-PAD Fusion<\/a>. X-PAD Fusion posjeduje svestranost i fleksibilnost da spoji sve podatke sa oba GeoMax senzora i drugih izvora podataka kao \u0161to su dronovi i dr.<\/p>\n<\/div>\n<\/div>\n<\/div>\n<\/div>\n<div class=\"col-lg-6 equal-height-inner\">\n<div class=\"inner-container no-border\">\n<div class=\"caption baseFont\">\n<div class=\"text\">\n<h3><span style=\"color: #ff6600;\">Otvorena i fleksibilna konfiguracija<\/span><\/h3>\n<p>Zenith Manager, samostalna aplikacija dostupna za Windows<sup>\u00ae<\/sup> i Android<sup>TM<\/sup> operativne sisteme, omogu\u0107ava konfiguraciju prijemnika koriste\u0107i terenski kontroler.<\/p>\n<\/div>\n<p>Specifikacije prijemnika:<\/p>\n<ul>\n<li>Q-Lock Pro<\/li>\n<li>Plo\u010da NovAtel OEM7 181 kanala<\/li>\n<li>GPS \/ GLONASS \/ BeiDou \/ Galileo \/ QZSS<\/li>\n<li>SBAS<\/li>\n<li>5Hz stopa pozicioniranja<\/li>\n<li>UHF \/ GSM<\/li>\n<li>Bluetooth<\/li>\n<\/ul>\n<\/div>\n<\/div>\n<\/div>\n<\/div>\n<\/div>\n<\/div>\n<\/div>\n<\/div>\n<\/div>\n","protected":false},"excerpt":{"rendered":"<p>Set uklju\u010duje:<\/p>\n<ul>\n<li>Pribor za opremu sa tvrdim koferom, microSD karticom, USB kablom, Quick Guide i CD<\/li>\n<li>ZBA201 Li-Ion Baterija 2.6Ah 7.4V punjiva<\/li>\n<li>ZCH201 punja\u010d za ZBA201 &amp; ZBA400 Li-Ion baterije<\/li>\n<li>GEV192 AC\/DC-Adapter GKL112\/311 EU<\/li>\n<li>ZPC200<\/li>\n<li>Teleskopski karbon i aluminijumaki \u0161tap sa 5\/8\u201czavrtnjem za GNSS, do 2.5m du\u017eine<\/li>\n<\/ul>\n","protected":false},"featured_media":22852,"comment_status":"open","ping_status":"closed","template":"","meta":{"_acf_changed":false},"product_brand":[],"product_cat":[341,411],"product_tag":[471,1557,453,377,467,468,469],"class_list":{"0":"post-30060","1":"product","2":"type-product","3":"status-publish","4":"has-post-thumbnail","6":"product_cat-geodetska-oprema","7":"product_cat-gps-gnss-bs","8":"product_tag-base-bs","9":"product_tag-geodetska-oprema","10":"product_tag-geodetski-premjer","11":"product_tag-geomax-bs","12":"product_tag-gnss-bs","13":"product_tag-gps-bs","14":"product_tag-rover-bs","15":"pa_brand-geomax-positioning-bs","17":"first","18":"onbackorder","19":"featured","20":"taxable","21":"shipping-taxable","22":"product-type-simple","swatches":"rey-swatches","show_selected":""},"acf":[],"yoast_head":"<!-- This site is optimized with the Yoast SEO plugin v24.9 - https:\/\/yoast.com\/wordpress\/plugins\/seo\/ -->\n<title>GeoMax Zenith 16 Rover Set, multi konstelacijski - Geooprema<\/title>\n<meta name=\"robots\" content=\"index, follow, max-snippet:-1, max-image-preview:large, max-video-preview:-1\" \/>\n<link rel=\"canonical\" href=\"https:\/\/geooprema.com\/bs\/products\/geodetska-oprema\/gps-gnss-bs\/geomax-zenith-16-rover-set-multi-konstelacijski\/\" \/>\n<meta property=\"og:locale\" content=\"bs_BA\" \/>\n<meta property=\"og:type\" content=\"article\" \/>\n<meta property=\"og:title\" content=\"GeoMax Zenith 16 Rover Set, multi konstelacijski - Geooprema\" \/>\n<meta property=\"og:description\" content=\"Set uklju\u010duje:   Pribor za opremu sa tvrdim koferom, microSD karticom, USB kablom, Quick Guide i CD  ZBA201 Li-Ion Baterija 2.6Ah 7.4V punjiva  ZCH201 punja\u010d za ZBA201 &amp; ZBA400 Li-Ion baterije  GEV192 AC\/DC-Adapter GKL112\/311 EU  ZPC200  Teleskopski karbon i aluminijumaki \u0161tap sa 5\/8\u201czavrtnjem za GNSS, do 2.5m du\u017eine\" \/>\n<meta property=\"og:url\" content=\"https:\/\/geooprema.com\/bs\/products\/geodetska-oprema\/gps-gnss-bs\/geomax-zenith-16-rover-set-multi-konstelacijski\/\" \/>\n<meta property=\"og:site_name\" content=\"Geooprema\" \/>\n<meta property=\"article:publisher\" content=\"https:\/\/www.facebook.com\/geoinfobih\" \/>\n<meta property=\"article:modified_time\" content=\"2021-06-01T11:27:51+00:00\" \/>\n<meta property=\"og:image\" content=\"https:\/\/geooprema.com\/wp-content\/uploads\/2020\/01\/Zenith-16-GPS-GNSS-1.jpg\" \/>\n\t<meta property=\"og:image:width\" content=\"850\" \/>\n\t<meta property=\"og:image:height\" content=\"850\" \/>\n\t<meta property=\"og:image:type\" content=\"image\/jpeg\" \/>\n<meta name=\"twitter:card\" content=\"summary_large_image\" \/>\n<meta name=\"twitter:label1\" content=\"Est. reading time\" \/>\n\t<meta name=\"twitter:data1\" content=\"1 minuta\" \/>\n<script type=\"application\/ld+json\" class=\"yoast-schema-graph\">{\"@context\":\"https:\/\/schema.org\",\"@graph\":[{\"@type\":\"WebPage\",\"@id\":\"https:\/\/geooprema.com\/bs\/products\/geodetska-oprema\/gps-gnss-bs\/geomax-zenith-16-rover-set-multi-konstelacijski\/\",\"url\":\"https:\/\/geooprema.com\/bs\/products\/geodetska-oprema\/gps-gnss-bs\/geomax-zenith-16-rover-set-multi-konstelacijski\/\",\"name\":\"GeoMax Zenith 16 Rover Set, multi konstelacijski - Geooprema\",\"isPartOf\":{\"@id\":\"https:\/\/geooprema.com\/#website\"},\"primaryImageOfPage\":{\"@id\":\"https:\/\/geooprema.com\/bs\/products\/geodetska-oprema\/gps-gnss-bs\/geomax-zenith-16-rover-set-multi-konstelacijski\/#primaryimage\"},\"image\":{\"@id\":\"https:\/\/geooprema.com\/bs\/products\/geodetska-oprema\/gps-gnss-bs\/geomax-zenith-16-rover-set-multi-konstelacijski\/#primaryimage\"},\"thumbnailUrl\":\"https:\/\/geooprema.com\/wp-content\/uploads\/2020\/01\/Zenith-16-GPS-GNSS-1.jpg\",\"datePublished\":\"2020-11-09T11:37:09+00:00\",\"dateModified\":\"2021-06-01T11:27:51+00:00\",\"breadcrumb\":{\"@id\":\"https:\/\/geooprema.com\/bs\/products\/geodetska-oprema\/gps-gnss-bs\/geomax-zenith-16-rover-set-multi-konstelacijski\/#breadcrumb\"},\"inLanguage\":\"bs-BA\",\"potentialAction\":[{\"@type\":\"ReadAction\",\"target\":[\"https:\/\/geooprema.com\/bs\/products\/geodetska-oprema\/gps-gnss-bs\/geomax-zenith-16-rover-set-multi-konstelacijski\/\"]}]},{\"@type\":\"ImageObject\",\"inLanguage\":\"bs-BA\",\"@id\":\"https:\/\/geooprema.com\/bs\/products\/geodetska-oprema\/gps-gnss-bs\/geomax-zenith-16-rover-set-multi-konstelacijski\/#primaryimage\",\"url\":\"https:\/\/geooprema.com\/wp-content\/uploads\/2020\/01\/Zenith-16-GPS-GNSS-1.jpg\",\"contentUrl\":\"https:\/\/geooprema.com\/wp-content\/uploads\/2020\/01\/Zenith-16-GPS-GNSS-1.jpg\",\"width\":850,\"height\":850},{\"@type\":\"BreadcrumbList\",\"@id\":\"https:\/\/geooprema.com\/bs\/products\/geodetska-oprema\/gps-gnss-bs\/geomax-zenith-16-rover-set-multi-konstelacijski\/#breadcrumb\",\"itemListElement\":[{\"@type\":\"ListItem\",\"position\":1,\"name\":\"Home\",\"item\":\"https:\/\/geooprema.com\/bs\/\"},{\"@type\":\"ListItem\",\"position\":2,\"name\":\"Shop\",\"item\":\"https:\/\/geooprema.com\/shop-2\/\"},{\"@type\":\"ListItem\",\"position\":3,\"name\":\"GeoMax Zenith 16 Rover Set, multi konstelacijski\"}]},{\"@type\":\"WebSite\",\"@id\":\"https:\/\/geooprema.com\/#website\",\"url\":\"https:\/\/geooprema.com\/\",\"name\":\"Geooprema\",\"description\":\"Surveying and Construction Equipmen, Software and Accessories\",\"publisher\":{\"@id\":\"https:\/\/geooprema.com\/#organization\"},\"potentialAction\":[{\"@type\":\"SearchAction\",\"target\":{\"@type\":\"EntryPoint\",\"urlTemplate\":\"https:\/\/geooprema.com\/?s={search_term_string}\"},\"query-input\":{\"@type\":\"PropertyValueSpecification\",\"valueRequired\":true,\"valueName\":\"search_term_string\"}}],\"inLanguage\":\"bs-BA\"},{\"@type\":\"Organization\",\"@id\":\"https:\/\/geooprema.com\/#organization\",\"name\":\"Geooprema\",\"url\":\"https:\/\/geooprema.com\/\",\"logo\":{\"@type\":\"ImageObject\",\"inLanguage\":\"bs-BA\",\"@id\":\"https:\/\/geooprema.com\/#\/schema\/logo\/image\/\",\"url\":\"https:\/\/geooprema.com\/wp-content\/uploads\/2020\/08\/geooprema-logo.png\",\"contentUrl\":\"https:\/\/geooprema.com\/wp-content\/uploads\/2020\/08\/geooprema-logo.png\",\"width\":513,\"height\":161,\"caption\":\"Geooprema\"},\"image\":{\"@id\":\"https:\/\/geooprema.com\/#\/schema\/logo\/image\/\"},\"sameAs\":[\"https:\/\/www.facebook.com\/geoinfobih\",\"https:\/\/www.instagram.com\/geoinfodoo\/\",\"https:\/\/www.linkedin.com\/company\/geoinfo-doo\/\",\"https:\/\/www.youtube.com\/c\/Geoinfodoo\"]}]}<\/script>\n<!-- \/ Yoast SEO plugin. -->","yoast_head_json":{"title":"GeoMax Zenith 16 Rover Set, multi konstelacijski - Geooprema","robots":{"index":"index","follow":"follow","max-snippet":"max-snippet:-1","max-image-preview":"max-image-preview:large","max-video-preview":"max-video-preview:-1"},"canonical":"https:\/\/geooprema.com\/bs\/products\/geodetska-oprema\/gps-gnss-bs\/geomax-zenith-16-rover-set-multi-konstelacijski\/","og_locale":"bs_BA","og_type":"article","og_title":"GeoMax Zenith 16 Rover Set, multi konstelacijski - Geooprema","og_description":"Set uklju\u010duje:   Pribor za opremu sa tvrdim koferom, microSD karticom, USB kablom, Quick Guide i CD  ZBA201 Li-Ion Baterija 2.6Ah 7.4V punjiva  ZCH201 punja\u010d za ZBA201 &amp; ZBA400 Li-Ion baterije  GEV192 AC\/DC-Adapter GKL112\/311 EU  ZPC200  Teleskopski karbon i aluminijumaki \u0161tap sa 5\/8\u201czavrtnjem za GNSS, do 2.5m du\u017eine","og_url":"https:\/\/geooprema.com\/bs\/products\/geodetska-oprema\/gps-gnss-bs\/geomax-zenith-16-rover-set-multi-konstelacijski\/","og_site_name":"Geooprema","article_publisher":"https:\/\/www.facebook.com\/geoinfobih","article_modified_time":"2021-06-01T11:27:51+00:00","og_image":[{"width":850,"height":850,"url":"https:\/\/geooprema.com\/wp-content\/uploads\/2020\/01\/Zenith-16-GPS-GNSS-1.jpg","type":"image\/jpeg"}],"twitter_card":"summary_large_image","twitter_misc":{"Est. reading time":"1 minuta"},"schema":{"@context":"https:\/\/schema.org","@graph":[{"@type":"WebPage","@id":"https:\/\/geooprema.com\/bs\/products\/geodetska-oprema\/gps-gnss-bs\/geomax-zenith-16-rover-set-multi-konstelacijski\/","url":"https:\/\/geooprema.com\/bs\/products\/geodetska-oprema\/gps-gnss-bs\/geomax-zenith-16-rover-set-multi-konstelacijski\/","name":"GeoMax Zenith 16 Rover Set, multi konstelacijski - Geooprema","isPartOf":{"@id":"https:\/\/geooprema.com\/#website"},"primaryImageOfPage":{"@id":"https:\/\/geooprema.com\/bs\/products\/geodetska-oprema\/gps-gnss-bs\/geomax-zenith-16-rover-set-multi-konstelacijski\/#primaryimage"},"image":{"@id":"https:\/\/geooprema.com\/bs\/products\/geodetska-oprema\/gps-gnss-bs\/geomax-zenith-16-rover-set-multi-konstelacijski\/#primaryimage"},"thumbnailUrl":"https:\/\/geooprema.com\/wp-content\/uploads\/2020\/01\/Zenith-16-GPS-GNSS-1.jpg","datePublished":"2020-11-09T11:37:09+00:00","dateModified":"2021-06-01T11:27:51+00:00","breadcrumb":{"@id":"https:\/\/geooprema.com\/bs\/products\/geodetska-oprema\/gps-gnss-bs\/geomax-zenith-16-rover-set-multi-konstelacijski\/#breadcrumb"},"inLanguage":"bs-BA","potentialAction":[{"@type":"ReadAction","target":["https:\/\/geooprema.com\/bs\/products\/geodetska-oprema\/gps-gnss-bs\/geomax-zenith-16-rover-set-multi-konstelacijski\/"]}]},{"@type":"ImageObject","inLanguage":"bs-BA","@id":"https:\/\/geooprema.com\/bs\/products\/geodetska-oprema\/gps-gnss-bs\/geomax-zenith-16-rover-set-multi-konstelacijski\/#primaryimage","url":"https:\/\/geooprema.com\/wp-content\/uploads\/2020\/01\/Zenith-16-GPS-GNSS-1.jpg","contentUrl":"https:\/\/geooprema.com\/wp-content\/uploads\/2020\/01\/Zenith-16-GPS-GNSS-1.jpg","width":850,"height":850},{"@type":"BreadcrumbList","@id":"https:\/\/geooprema.com\/bs\/products\/geodetska-oprema\/gps-gnss-bs\/geomax-zenith-16-rover-set-multi-konstelacijski\/#breadcrumb","itemListElement":[{"@type":"ListItem","position":1,"name":"Home","item":"https:\/\/geooprema.com\/bs\/"},{"@type":"ListItem","position":2,"name":"Shop","item":"https:\/\/geooprema.com\/shop-2\/"},{"@type":"ListItem","position":3,"name":"GeoMax Zenith 16 Rover Set, multi konstelacijski"}]},{"@type":"WebSite","@id":"https:\/\/geooprema.com\/#website","url":"https:\/\/geooprema.com\/","name":"Geooprema","description":"Surveying and Construction Equipmen, Software and Accessories","publisher":{"@id":"https:\/\/geooprema.com\/#organization"},"potentialAction":[{"@type":"SearchAction","target":{"@type":"EntryPoint","urlTemplate":"https:\/\/geooprema.com\/?s={search_term_string}"},"query-input":{"@type":"PropertyValueSpecification","valueRequired":true,"valueName":"search_term_string"}}],"inLanguage":"bs-BA"},{"@type":"Organization","@id":"https:\/\/geooprema.com\/#organization","name":"Geooprema","url":"https:\/\/geooprema.com\/","logo":{"@type":"ImageObject","inLanguage":"bs-BA","@id":"https:\/\/geooprema.com\/#\/schema\/logo\/image\/","url":"https:\/\/geooprema.com\/wp-content\/uploads\/2020\/08\/geooprema-logo.png","contentUrl":"https:\/\/geooprema.com\/wp-content\/uploads\/2020\/08\/geooprema-logo.png","width":513,"height":161,"caption":"Geooprema"},"image":{"@id":"https:\/\/geooprema.com\/#\/schema\/logo\/image\/"},"sameAs":["https:\/\/www.facebook.com\/geoinfobih","https:\/\/www.instagram.com\/geoinfodoo\/","https:\/\/www.linkedin.com\/company\/geoinfo-doo\/","https:\/\/www.youtube.com\/c\/Geoinfodoo"]}]}},"_links":{"self":[{"href":"https:\/\/geooprema.com\/bs\/wp-json\/wp\/v2\/product\/30060","targetHints":{"allow":["GET"]}}],"collection":[{"href":"https:\/\/geooprema.com\/bs\/wp-json\/wp\/v2\/product"}],"about":[{"href":"https:\/\/geooprema.com\/bs\/wp-json\/wp\/v2\/types\/product"}],"replies":[{"embeddable":true,"href":"https:\/\/geooprema.com\/bs\/wp-json\/wp\/v2\/comments?post=30060"}],"wp:featuredmedia":[{"embeddable":true,"href":"https:\/\/geooprema.com\/bs\/wp-json\/wp\/v2\/media\/22852"}],"wp:attachment":[{"href":"https:\/\/geooprema.com\/bs\/wp-json\/wp\/v2\/media?parent=30060"}],"wp:term":[{"taxonomy":"product_brand","embeddable":true,"href":"https:\/\/geooprema.com\/bs\/wp-json\/wp\/v2\/product_brand?post=30060"},{"taxonomy":"product_cat","embeddable":true,"href":"https:\/\/geooprema.com\/bs\/wp-json\/wp\/v2\/product_cat?post=30060"},{"taxonomy":"product_tag","embeddable":true,"href":"https:\/\/geooprema.com\/bs\/wp-json\/wp\/v2\/product_tag?post=30060"}],"curies":[{"name":"wp","href":"https:\/\/api.w.org\/{rel}","templated":true}]}}