
{"id":30058,"date":"2020-11-09T11:30:51","date_gmt":"2020-11-09T11:30:51","guid":{"rendered":"https:\/\/geooprema.com\/?post_type=product&#038;p=30058"},"modified":"2021-06-01T11:54:30","modified_gmt":"2021-06-01T11:54:30","slug":"geomax-zoom-70-1-a5-paket","status":"publish","type":"product","link":"https:\/\/geooprema.com\/bs\/products\/geodetska-oprema\/totalne-stanice\/geomax-zoom-70-1-a5-paket\/","title":{"rendered":"GeoMax Zoom 70 1&#8221; A5 paket"},"content":{"rendered":"<div class=\"text-group info-content\">\n<h2><strong><span style=\"color: #f99b1c;\">GeoMax Zoom70<\/span><\/strong><\/h2>\n<p>Totalna stanica za jednog \u010dovjeka, sa kojom mo\u017eete zna\u010dajno pove\u0107ati svoju efikasnost. Podr\u0161ka tra\u017eenja prizme bazirana na X-PAD GNSS tra\u017eenju, spojene sa dokazano mo\u0107nom accXXess EDM i njihovom Track i AiM tehnologijom, Zoom70 obezbje\u0111uje visoku fleksiblisnost i performanske potrebne za svakodnevni posao.<\/p>\n<\/div>\n<div class=\"row equal-height\">\n<div class=\"col-lg-6 equal-height-inner\">\n<div class=\"inner-container\">\n<div class=\"caption baseFont\">\n<div class=\"text\">\n<ul>\n<li><strong><span style=\"color: #f99b1c;\">X-Motion hibridni pogon<\/span><\/strong>\n<ul>\n<li>Novoj Zoom70 pripada\u00a0 X-motion hibridni pogon, promovi\u0161u\u0107i automatizaciju performansi u pore\u0111enju sa uobi\u010dajenim pogonima. Prati metu do 90 km\/h na 100 m udaljenosti.<\/li>\n<\/ul>\n<\/li>\n<li><span style=\"color: #f99b1c;\"><strong>Potpuna povezanost<\/strong><\/span>\n<ul>\n<li>GeoMax Zoom70 ispunjava sve Va\u0161e potrebe za komunikacijom. Koriste\u0107i ugra\u0111eni Bluetooth\u00ae za prenos podataka na kra\u0107em rastojanju ili njegovu\u00a0 Bluetooth\u00ae dr\u0161ku za duga rastojanja za najvi\u0161e performanse. Svakako, idealna je za robotizovani premjer. Kombinujte preferirani softver i tererenski kontroler kako bi izveli kontrolne zadatke sa udaljenosti i time pove\u0107ali produktivnost. Windows\u00ae CE operativni sistem koji je instaliran na Zoom70 dozvoljava pokretanje paketa terenskih softvera direktno na stanici. Ovo Vam daje slobodu da odaberete softver koji najboje ispunjava Va\u0161e potrebe.<\/li>\n<\/ul>\n<\/li>\n<li><strong><span style=\"color: #f99b1c;\">Totalna stanica za jednog \u010dovjeka<\/span><\/strong><\/li>\n<li><strong><span style=\"color: #f99b1c;\">GeoTRAil<\/span><\/strong>\n<ul>\n<li>Opremljen sa Bluetooth\u00ae ru\u010dkom za duga rastojanja, Zoom70 se transformi\u0161e u robotizovanu totalnu stanicu. Podr\u017eava napredno tra\u017eenje prizme, bazirano na GNSS polo\u017eaju kontrolera, koji je pri\u010dvr\u0161\u0107en na \u0161tap prizme. Zbog svoje intergisanosti u X-PAD ULTIMATE terenski softver, GeoTRAil kombinuje jednostavnost i visoke\u00a0 performanse. Kako nema potrebe za specijalnim, skupim i aktivnim prizmama, ova totalna stanica je idealna za svako radili\u0161te. Zoom70 ima lagani i odgovaraju\u0107i \u0161tap sa kojim se mo\u017ee raditi premjer cijeli dan!<\/li>\n<\/ul>\n<\/li>\n<li><strong><span style=\"color: #f99b1c;\">TRack<\/span><\/strong>\n<ul>\n<li>Jo\u0161 jedan element STReAM360 je funkcionalnost pra\u0107enje; Zoom 70 kontinuirano prati svoju metu. Kada je jednom zaklju\u010da, instrument ostaje ta\u010dno naciljan iako se meta brzo kre\u0107e.<\/li>\n<\/ul>\n<\/li>\n<li><strong><span style=\"color: #f99b1c;\">AiM<\/span><\/strong>\n<ul>\n<li>Zoom 70 cilja ta\u010dno na svaku prizmu, bez potrebe gledanja kroz durbin. Visoko pouzdana mjerenja se izvode automatski i dosljedno su ponovljiva.<\/li>\n<\/ul>\n<\/li>\n<\/ul>\n<\/div>\n<\/div>\n<\/div>\n<\/div>\n<\/div>\n<div class=\"row equal-height\">\n<div class=\"col-lg-6 equal-height-inner\">\n<div class=\"inner-container no-border\">\n<div class=\"caption baseFont\"><\/div>\n<\/div>\n<\/div>\n<\/div>\n","protected":false},"excerpt":{"rendered":"<div class=\"row equal-height\">\n<div class=\"col-lg-6 equal-height-inner\">\n<div class=\"inner-container\">\n<div class=\"caption baseFont\">\n<div class=\"text\">\n<ul>\n<li style=\"text-align: left;\">NavLight<\/li>\n<li style=\"text-align: left;\">EDM tehnologija potpunog povezivanja<\/li>\n<li style=\"text-align: left;\">accXXess<\/li>\n<li style=\"text-align: left;\">Poptuno robotizovana<\/li>\n<li style=\"text-align: left;\">GeoTRAil<\/li>\n<li style=\"text-align: left;\">TRack<\/li>\n<li style=\"text-align: left;\">AiM<\/li>\n<\/ul>\n<\/div>\n<\/div>\n<\/div>\n<\/div>\n<\/div>\n","protected":false},"featured_media":21662,"comment_status":"open","ping_status":"closed","template":"","meta":{"_acf_changed":false},"product_brand":[],"product_cat":[341,345],"product_tag":[377,1332,368,370,372],"class_list":{"0":"post-30058","1":"product","2":"type-product","3":"status-publish","4":"has-post-thumbnail","6":"product_cat-geodetska-oprema","7":"product_cat-totalne-stanice","8":"product_tag-geomax-bs","9":"product_tag-motorized-bs","10":"product_tag-robotizovana","11":"product_tag-stanica","12":"product_tag-totalna","13":"pa_brand-geomax-positioning-bs","15":"first","16":"onbackorder","17":"featured","18":"taxable","19":"shipping-taxable","20":"product-type-simple","swatches":"rey-swatches","show_selected":""},"acf":[],"yoast_head":"<!-- This site is optimized with the Yoast SEO plugin v24.9 - https:\/\/yoast.com\/wordpress\/plugins\/seo\/ -->\n<title>GeoMax Zoom 70 1&quot; A5 paket - Geooprema<\/title>\n<meta name=\"robots\" content=\"index, follow, max-snippet:-1, max-image-preview:large, max-video-preview:-1\" \/>\n<link rel=\"canonical\" href=\"https:\/\/geooprema.com\/bs\/products\/geodetska-oprema\/totalne-stanice\/geomax-zoom-70-1-a5-paket\/\" \/>\n<meta property=\"og:locale\" content=\"bs_BA\" \/>\n<meta property=\"og:type\" content=\"article\" \/>\n<meta property=\"og:title\" content=\"GeoMax Zoom 70 1&quot; A5 paket - Geooprema\" \/>\n<meta property=\"og:description\" content=\"NavLight  EDM tehnologija potpunog povezivanja  accXXess  Poptuno robotizovana  GeoTRAil  TRack  AiM\" \/>\n<meta property=\"og:url\" content=\"https:\/\/geooprema.com\/bs\/products\/geodetska-oprema\/totalne-stanice\/geomax-zoom-70-1-a5-paket\/\" \/>\n<meta property=\"og:site_name\" content=\"Geooprema\" \/>\n<meta property=\"article:publisher\" content=\"https:\/\/www.facebook.com\/geoinfobih\" \/>\n<meta property=\"article:modified_time\" content=\"2021-06-01T11:54:30+00:00\" \/>\n<meta property=\"og:image\" content=\"https:\/\/geooprema.com\/wp-content\/uploads\/2019\/11\/Zoom-70-series-_1.jpg\" \/>\n\t<meta property=\"og:image:width\" content=\"850\" \/>\n\t<meta property=\"og:image:height\" content=\"850\" \/>\n\t<meta property=\"og:image:type\" content=\"image\/jpeg\" \/>\n<meta name=\"twitter:card\" content=\"summary_large_image\" \/>\n<meta name=\"twitter:label1\" content=\"Est. reading time\" \/>\n\t<meta name=\"twitter:data1\" content=\"2 minute\" \/>\n<script type=\"application\/ld+json\" class=\"yoast-schema-graph\">{\"@context\":\"https:\/\/schema.org\",\"@graph\":[{\"@type\":\"WebPage\",\"@id\":\"https:\/\/geooprema.com\/bs\/products\/geodetska-oprema\/totalne-stanice\/geomax-zoom-70-1-a5-paket\/\",\"url\":\"https:\/\/geooprema.com\/bs\/products\/geodetska-oprema\/totalne-stanice\/geomax-zoom-70-1-a5-paket\/\",\"name\":\"GeoMax Zoom 70 1\\\" A5 paket - Geooprema\",\"isPartOf\":{\"@id\":\"https:\/\/geooprema.com\/#website\"},\"primaryImageOfPage\":{\"@id\":\"https:\/\/geooprema.com\/bs\/products\/geodetska-oprema\/totalne-stanice\/geomax-zoom-70-1-a5-paket\/#primaryimage\"},\"image\":{\"@id\":\"https:\/\/geooprema.com\/bs\/products\/geodetska-oprema\/totalne-stanice\/geomax-zoom-70-1-a5-paket\/#primaryimage\"},\"thumbnailUrl\":\"https:\/\/geooprema.com\/wp-content\/uploads\/2019\/11\/Zoom-70-series-_1.jpg\",\"datePublished\":\"2020-11-09T11:30:51+00:00\",\"dateModified\":\"2021-06-01T11:54:30+00:00\",\"breadcrumb\":{\"@id\":\"https:\/\/geooprema.com\/bs\/products\/geodetska-oprema\/totalne-stanice\/geomax-zoom-70-1-a5-paket\/#breadcrumb\"},\"inLanguage\":\"bs-BA\",\"potentialAction\":[{\"@type\":\"ReadAction\",\"target\":[\"https:\/\/geooprema.com\/bs\/products\/geodetska-oprema\/totalne-stanice\/geomax-zoom-70-1-a5-paket\/\"]}]},{\"@type\":\"ImageObject\",\"inLanguage\":\"bs-BA\",\"@id\":\"https:\/\/geooprema.com\/bs\/products\/geodetska-oprema\/totalne-stanice\/geomax-zoom-70-1-a5-paket\/#primaryimage\",\"url\":\"https:\/\/geooprema.com\/wp-content\/uploads\/2019\/11\/Zoom-70-series-_1.jpg\",\"contentUrl\":\"https:\/\/geooprema.com\/wp-content\/uploads\/2019\/11\/Zoom-70-series-_1.jpg\",\"width\":850,\"height\":850},{\"@type\":\"BreadcrumbList\",\"@id\":\"https:\/\/geooprema.com\/bs\/products\/geodetska-oprema\/totalne-stanice\/geomax-zoom-70-1-a5-paket\/#breadcrumb\",\"itemListElement\":[{\"@type\":\"ListItem\",\"position\":1,\"name\":\"Home\",\"item\":\"https:\/\/geooprema.com\/bs\/\"},{\"@type\":\"ListItem\",\"position\":2,\"name\":\"Shop\",\"item\":\"https:\/\/geooprema.com\/shop-2\/\"},{\"@type\":\"ListItem\",\"position\":3,\"name\":\"GeoMax Zoom 70 1&#8221; A5 paket\"}]},{\"@type\":\"WebSite\",\"@id\":\"https:\/\/geooprema.com\/#website\",\"url\":\"https:\/\/geooprema.com\/\",\"name\":\"Geooprema\",\"description\":\"Surveying and Construction Equipmen, Software and Accessories\",\"publisher\":{\"@id\":\"https:\/\/geooprema.com\/#organization\"},\"potentialAction\":[{\"@type\":\"SearchAction\",\"target\":{\"@type\":\"EntryPoint\",\"urlTemplate\":\"https:\/\/geooprema.com\/?s={search_term_string}\"},\"query-input\":{\"@type\":\"PropertyValueSpecification\",\"valueRequired\":true,\"valueName\":\"search_term_string\"}}],\"inLanguage\":\"bs-BA\"},{\"@type\":\"Organization\",\"@id\":\"https:\/\/geooprema.com\/#organization\",\"name\":\"Geooprema\",\"url\":\"https:\/\/geooprema.com\/\",\"logo\":{\"@type\":\"ImageObject\",\"inLanguage\":\"bs-BA\",\"@id\":\"https:\/\/geooprema.com\/#\/schema\/logo\/image\/\",\"url\":\"https:\/\/geooprema.com\/wp-content\/uploads\/2020\/08\/geooprema-logo.png\",\"contentUrl\":\"https:\/\/geooprema.com\/wp-content\/uploads\/2020\/08\/geooprema-logo.png\",\"width\":513,\"height\":161,\"caption\":\"Geooprema\"},\"image\":{\"@id\":\"https:\/\/geooprema.com\/#\/schema\/logo\/image\/\"},\"sameAs\":[\"https:\/\/www.facebook.com\/geoinfobih\",\"https:\/\/www.instagram.com\/geoinfodoo\/\",\"https:\/\/www.linkedin.com\/company\/geoinfo-doo\/\",\"https:\/\/www.youtube.com\/c\/Geoinfodoo\"]}]}<\/script>\n<!-- \/ Yoast SEO plugin. -->","yoast_head_json":{"title":"GeoMax Zoom 70 1\" A5 paket - Geooprema","robots":{"index":"index","follow":"follow","max-snippet":"max-snippet:-1","max-image-preview":"max-image-preview:large","max-video-preview":"max-video-preview:-1"},"canonical":"https:\/\/geooprema.com\/bs\/products\/geodetska-oprema\/totalne-stanice\/geomax-zoom-70-1-a5-paket\/","og_locale":"bs_BA","og_type":"article","og_title":"GeoMax Zoom 70 1\" A5 paket - Geooprema","og_description":"NavLight  EDM tehnologija potpunog povezivanja  accXXess  Poptuno robotizovana  GeoTRAil  TRack  AiM","og_url":"https:\/\/geooprema.com\/bs\/products\/geodetska-oprema\/totalne-stanice\/geomax-zoom-70-1-a5-paket\/","og_site_name":"Geooprema","article_publisher":"https:\/\/www.facebook.com\/geoinfobih","article_modified_time":"2021-06-01T11:54:30+00:00","og_image":[{"width":850,"height":850,"url":"https:\/\/geooprema.com\/wp-content\/uploads\/2019\/11\/Zoom-70-series-_1.jpg","type":"image\/jpeg"}],"twitter_card":"summary_large_image","twitter_misc":{"Est. reading time":"2 minute"},"schema":{"@context":"https:\/\/schema.org","@graph":[{"@type":"WebPage","@id":"https:\/\/geooprema.com\/bs\/products\/geodetska-oprema\/totalne-stanice\/geomax-zoom-70-1-a5-paket\/","url":"https:\/\/geooprema.com\/bs\/products\/geodetska-oprema\/totalne-stanice\/geomax-zoom-70-1-a5-paket\/","name":"GeoMax Zoom 70 1\" A5 paket - Geooprema","isPartOf":{"@id":"https:\/\/geooprema.com\/#website"},"primaryImageOfPage":{"@id":"https:\/\/geooprema.com\/bs\/products\/geodetska-oprema\/totalne-stanice\/geomax-zoom-70-1-a5-paket\/#primaryimage"},"image":{"@id":"https:\/\/geooprema.com\/bs\/products\/geodetska-oprema\/totalne-stanice\/geomax-zoom-70-1-a5-paket\/#primaryimage"},"thumbnailUrl":"https:\/\/geooprema.com\/wp-content\/uploads\/2019\/11\/Zoom-70-series-_1.jpg","datePublished":"2020-11-09T11:30:51+00:00","dateModified":"2021-06-01T11:54:30+00:00","breadcrumb":{"@id":"https:\/\/geooprema.com\/bs\/products\/geodetska-oprema\/totalne-stanice\/geomax-zoom-70-1-a5-paket\/#breadcrumb"},"inLanguage":"bs-BA","potentialAction":[{"@type":"ReadAction","target":["https:\/\/geooprema.com\/bs\/products\/geodetska-oprema\/totalne-stanice\/geomax-zoom-70-1-a5-paket\/"]}]},{"@type":"ImageObject","inLanguage":"bs-BA","@id":"https:\/\/geooprema.com\/bs\/products\/geodetska-oprema\/totalne-stanice\/geomax-zoom-70-1-a5-paket\/#primaryimage","url":"https:\/\/geooprema.com\/wp-content\/uploads\/2019\/11\/Zoom-70-series-_1.jpg","contentUrl":"https:\/\/geooprema.com\/wp-content\/uploads\/2019\/11\/Zoom-70-series-_1.jpg","width":850,"height":850},{"@type":"BreadcrumbList","@id":"https:\/\/geooprema.com\/bs\/products\/geodetska-oprema\/totalne-stanice\/geomax-zoom-70-1-a5-paket\/#breadcrumb","itemListElement":[{"@type":"ListItem","position":1,"name":"Home","item":"https:\/\/geooprema.com\/bs\/"},{"@type":"ListItem","position":2,"name":"Shop","item":"https:\/\/geooprema.com\/shop-2\/"},{"@type":"ListItem","position":3,"name":"GeoMax Zoom 70 1&#8221; A5 paket"}]},{"@type":"WebSite","@id":"https:\/\/geooprema.com\/#website","url":"https:\/\/geooprema.com\/","name":"Geooprema","description":"Surveying and Construction Equipmen, Software and Accessories","publisher":{"@id":"https:\/\/geooprema.com\/#organization"},"potentialAction":[{"@type":"SearchAction","target":{"@type":"EntryPoint","urlTemplate":"https:\/\/geooprema.com\/?s={search_term_string}"},"query-input":{"@type":"PropertyValueSpecification","valueRequired":true,"valueName":"search_term_string"}}],"inLanguage":"bs-BA"},{"@type":"Organization","@id":"https:\/\/geooprema.com\/#organization","name":"Geooprema","url":"https:\/\/geooprema.com\/","logo":{"@type":"ImageObject","inLanguage":"bs-BA","@id":"https:\/\/geooprema.com\/#\/schema\/logo\/image\/","url":"https:\/\/geooprema.com\/wp-content\/uploads\/2020\/08\/geooprema-logo.png","contentUrl":"https:\/\/geooprema.com\/wp-content\/uploads\/2020\/08\/geooprema-logo.png","width":513,"height":161,"caption":"Geooprema"},"image":{"@id":"https:\/\/geooprema.com\/#\/schema\/logo\/image\/"},"sameAs":["https:\/\/www.facebook.com\/geoinfobih","https:\/\/www.instagram.com\/geoinfodoo\/","https:\/\/www.linkedin.com\/company\/geoinfo-doo\/","https:\/\/www.youtube.com\/c\/Geoinfodoo"]}]}},"_links":{"self":[{"href":"https:\/\/geooprema.com\/bs\/wp-json\/wp\/v2\/product\/30058","targetHints":{"allow":["GET"]}}],"collection":[{"href":"https:\/\/geooprema.com\/bs\/wp-json\/wp\/v2\/product"}],"about":[{"href":"https:\/\/geooprema.com\/bs\/wp-json\/wp\/v2\/types\/product"}],"replies":[{"embeddable":true,"href":"https:\/\/geooprema.com\/bs\/wp-json\/wp\/v2\/comments?post=30058"}],"wp:featuredmedia":[{"embeddable":true,"href":"https:\/\/geooprema.com\/bs\/wp-json\/wp\/v2\/media\/21662"}],"wp:attachment":[{"href":"https:\/\/geooprema.com\/bs\/wp-json\/wp\/v2\/media?parent=30058"}],"wp:term":[{"taxonomy":"product_brand","embeddable":true,"href":"https:\/\/geooprema.com\/bs\/wp-json\/wp\/v2\/product_brand?post=30058"},{"taxonomy":"product_cat","embeddable":true,"href":"https:\/\/geooprema.com\/bs\/wp-json\/wp\/v2\/product_cat?post=30058"},{"taxonomy":"product_tag","embeddable":true,"href":"https:\/\/geooprema.com\/bs\/wp-json\/wp\/v2\/product_tag?post=30058"}],"curies":[{"name":"wp","href":"https:\/\/api.w.org\/{rel}","templated":true}]}}