
{"id":22658,"date":"2020-01-12T04:59:42","date_gmt":"2020-01-12T04:59:42","guid":{"rendered":"https:\/\/geooprema.com\/shop\/Bez%20kategorije\/carlson-surface-mining\/"},"modified":"2021-06-24T09:10:15","modified_gmt":"2021-06-24T09:10:15","slug":"carlson-surface-mining","status":"publish","type":"product","link":"https:\/\/geooprema.com\/bs\/products\/softverska-rijesenja\/programi-za-rudarstvo\/carlson-surface-mining\/","title":{"rendered":"Carlson Surface Mining"},"content":{"rendered":"<h5>Prikaz jame, parcele i jalovine<\/h5>\n<ul>\n<li>Koristi nekoliko prikaza jame kako bi bilo predstavljeno \u0161to realnije jame ruda ili prosto kako bi podijelili rezerve u manje blokove za raspored<\/li>\n<li>Izaberi bilo koji oblik prikaza od jednostavnih do izuzetno komplikovanih koriste\u0107i komandu Pit Matrix Layout ili Layout by Advance<\/li>\n<li>Dalje podijeliti ili identifikovati jame po vlasni\u0161tvu automatski za trenutni zakup i ra\u010dunanje po grani\u010dnim linijama<\/li>\n<li>Kreirajte poligone lokacije jalovina<\/li>\n<li>Imenujte grance parcele za upotrebu rezervi i raspored<\/li>\n<\/ul>\n","protected":false},"excerpt":{"rendered":"<h4>Za kompleksno projektovanje povr\u0161ina ruda i tehnika za precizan raspored i tajming<\/h4>\n<p>Carlson Surface Mining modul omogu\u0107ava korisnicima da na\u0111u najefejtivniji dizajn testiraju\u0107i prikaze u planovima, sekcijama i 3D pogledima. Koristite Carlson za:<\/p>\n<ul>\n<li>Intergisano geolo\u0161ko modelovanje i modelovanje povr\u0161i sa 2D i 3D prikazom i sa prikazom rutinskih sekcija ruda<\/li>\n<li>Dobijte ta\u010dne prora\u010dune naslaga jalovine, koli\u010dine rude, odnosa traka i na kraju, tro\u0161kova<\/li>\n<li>Lako pretvorite bilo koju osovinu ceste ili rova, brane, podlogu, jame ili drugi definisani objekat u finalni teren<\/li>\n<\/ul>\n<p>Ta\u010dno rasporedite i upravljajte rudom sa Carlsonovim kolor kodiranjem koje nagla\u0161ava Va\u0161 tajming proizvodnje i statistiku, kalendare koji istra\u017euju &#8220;\u0161ta ako&#8221; scenarije, kalendare za pra\u0107enje upotrebe opreme i dodatno mogu\u0107nost da se tajming bazira na periodima u kalendaru, ili na\u00a0 tovarnu zapreminu ili naslage jalovine.<\/p>\n<p>Nove, vi\u0161estruke grupe nagiba su sada jednostavne za definisanje svih blokova jama sa simbolima za razli\u010dit nagib i obrazac stepenica na razli\u010ditim stranama. Sada mo\u017eete\u00a0 sje\u0107i kroz stepenice bilo da radite od dna do vrha ili obrnuto sa automatskom rampom.<\/p>\n","protected":false},"featured_media":22090,"comment_status":"open","ping_status":"closed","template":"","meta":{"_acf_changed":false},"product_brand":[],"product_cat":[406,403],"product_tag":[440,451,447],"class_list":{"0":"post-22658","1":"product","2":"type-product","3":"status-publish","4":"has-post-thumbnail","6":"product_cat-programi-za-rudarstvo","7":"product_cat-softverska-rijesenja","8":"product_tag-calson-bs","9":"product_tag-povrsina","10":"product_tag-rudarstvo","11":"pa_brand-carlson-sw-bs","13":"first","14":"instock","15":"taxable","16":"shipping-taxable","17":"product-type-simple","swatches":"rey-swatches","show_selected":""},"acf":[],"yoast_head":"<!-- This site is optimized with the Yoast SEO plugin v24.9 - https:\/\/yoast.com\/wordpress\/plugins\/seo\/ -->\n<title>Carlson Surface Mining - Geooprema<\/title>\n<meta name=\"robots\" content=\"index, follow, max-snippet:-1, max-image-preview:large, max-video-preview:-1\" \/>\n<link rel=\"canonical\" href=\"https:\/\/geooprema.com\/bs\/products\/softverska-rijesenja\/programi-za-rudarstvo\/carlson-surface-mining\/\" \/>\n<meta property=\"og:locale\" content=\"bs_BA\" \/>\n<meta property=\"og:type\" content=\"article\" \/>\n<meta property=\"og:title\" content=\"Carlson Surface Mining - Geooprema\" \/>\n<meta property=\"og:description\" content=\"Za kompleksno projektovanje povr\u0161ina ruda i tehnika za precizan raspored i tajming Carlson Surface Mining modul omogu\u0107ava korisnicima da na\u0111u najefejtivniji dizajn testiraju\u0107i prikaze u planovima, sekcijama i 3D pogledima. Koristite Carlson za:   Intergisano geolo\u0161ko modelovanje i modelovanje povr\u0161i sa 2D i 3D prikazom i sa prikazom rutinskih sekcija ruda  Dobijte ta\u010dne prora\u010dune naslaga jalovine, koli\u010dine rude, odnosa traka i na kraju, tro\u0161kova  Lako pretvorite bilo koju osovinu ceste ili rova, brane, podlogu, jame ili drugi definisani objekat u finalni teren  Ta\u010dno rasporedite i upravljajte rudom sa Carlsonovim kolor kodiranjem koje nagla\u0161ava Va\u0161 tajming proizvodnje i statistiku, kalendare koji istra\u017euju &quot;\u0161ta ako&quot; scenarije, kalendare za pra\u0107enje upotrebe opreme i dodatno mogu\u0107nost da se tajming bazira na periodima u kalendaru, ili na\u00a0 tovarnu zapreminu ili naslage jalovine.  Nove, vi\u0161estruke grupe nagiba su sada jednostavne za definisanje svih blokova jama sa simbolima za razli\u010dit nagib i obrazac stepenica na razli\u010ditim stranama. Sada mo\u017eete\u00a0 sje\u0107i kroz stepenice bilo da radite od dna do vrha ili obrnuto sa automatskom rampom.\" \/>\n<meta property=\"og:url\" content=\"https:\/\/geooprema.com\/bs\/products\/softverska-rijesenja\/programi-za-rudarstvo\/carlson-surface-mining\/\" \/>\n<meta property=\"og:site_name\" content=\"Geooprema\" \/>\n<meta property=\"article:publisher\" content=\"https:\/\/www.facebook.com\/geoinfobih\" \/>\n<meta property=\"article:modified_time\" content=\"2021-06-24T09:10:15+00:00\" \/>\n<meta property=\"og:image\" content=\"https:\/\/geooprema.com\/wp-content\/uploads\/2020\/01\/Carlson-Surface-Mining.jpg\" \/>\n\t<meta property=\"og:image:width\" content=\"850\" \/>\n\t<meta property=\"og:image:height\" content=\"850\" \/>\n\t<meta property=\"og:image:type\" content=\"image\/jpeg\" \/>\n<meta name=\"twitter:card\" content=\"summary_large_image\" \/>\n<script type=\"application\/ld+json\" class=\"yoast-schema-graph\">{\"@context\":\"https:\/\/schema.org\",\"@graph\":[{\"@type\":\"WebPage\",\"@id\":\"https:\/\/geooprema.com\/bs\/products\/softverska-rijesenja\/programi-za-rudarstvo\/carlson-surface-mining\/\",\"url\":\"https:\/\/geooprema.com\/bs\/products\/softverska-rijesenja\/programi-za-rudarstvo\/carlson-surface-mining\/\",\"name\":\"Carlson Surface Mining - Geooprema\",\"isPartOf\":{\"@id\":\"https:\/\/geooprema.com\/#website\"},\"primaryImageOfPage\":{\"@id\":\"https:\/\/geooprema.com\/bs\/products\/softverska-rijesenja\/programi-za-rudarstvo\/carlson-surface-mining\/#primaryimage\"},\"image\":{\"@id\":\"https:\/\/geooprema.com\/bs\/products\/softverska-rijesenja\/programi-za-rudarstvo\/carlson-surface-mining\/#primaryimage\"},\"thumbnailUrl\":\"https:\/\/geooprema.com\/wp-content\/uploads\/2020\/01\/Carlson-Surface-Mining.jpg\",\"datePublished\":\"2020-01-12T04:59:42+00:00\",\"dateModified\":\"2021-06-24T09:10:15+00:00\",\"breadcrumb\":{\"@id\":\"https:\/\/geooprema.com\/bs\/products\/softverska-rijesenja\/programi-za-rudarstvo\/carlson-surface-mining\/#breadcrumb\"},\"inLanguage\":\"bs-BA\",\"potentialAction\":[{\"@type\":\"ReadAction\",\"target\":[\"https:\/\/geooprema.com\/bs\/products\/softverska-rijesenja\/programi-za-rudarstvo\/carlson-surface-mining\/\"]}]},{\"@type\":\"ImageObject\",\"inLanguage\":\"bs-BA\",\"@id\":\"https:\/\/geooprema.com\/bs\/products\/softverska-rijesenja\/programi-za-rudarstvo\/carlson-surface-mining\/#primaryimage\",\"url\":\"https:\/\/geooprema.com\/wp-content\/uploads\/2020\/01\/Carlson-Surface-Mining.jpg\",\"contentUrl\":\"https:\/\/geooprema.com\/wp-content\/uploads\/2020\/01\/Carlson-Surface-Mining.jpg\",\"width\":850,\"height\":850},{\"@type\":\"BreadcrumbList\",\"@id\":\"https:\/\/geooprema.com\/bs\/products\/softverska-rijesenja\/programi-za-rudarstvo\/carlson-surface-mining\/#breadcrumb\",\"itemListElement\":[{\"@type\":\"ListItem\",\"position\":1,\"name\":\"Home\",\"item\":\"https:\/\/geooprema.com\/bs\/\"},{\"@type\":\"ListItem\",\"position\":2,\"name\":\"Shop\",\"item\":\"https:\/\/geooprema.com\/shop-2\/\"},{\"@type\":\"ListItem\",\"position\":3,\"name\":\"Carlson Surface Mining\"}]},{\"@type\":\"WebSite\",\"@id\":\"https:\/\/geooprema.com\/#website\",\"url\":\"https:\/\/geooprema.com\/\",\"name\":\"Geooprema\",\"description\":\"Surveying and Construction Equipmen, Software and Accessories\",\"publisher\":{\"@id\":\"https:\/\/geooprema.com\/#organization\"},\"potentialAction\":[{\"@type\":\"SearchAction\",\"target\":{\"@type\":\"EntryPoint\",\"urlTemplate\":\"https:\/\/geooprema.com\/?s={search_term_string}\"},\"query-input\":{\"@type\":\"PropertyValueSpecification\",\"valueRequired\":true,\"valueName\":\"search_term_string\"}}],\"inLanguage\":\"bs-BA\"},{\"@type\":\"Organization\",\"@id\":\"https:\/\/geooprema.com\/#organization\",\"name\":\"Geooprema\",\"url\":\"https:\/\/geooprema.com\/\",\"logo\":{\"@type\":\"ImageObject\",\"inLanguage\":\"bs-BA\",\"@id\":\"https:\/\/geooprema.com\/#\/schema\/logo\/image\/\",\"url\":\"https:\/\/geooprema.com\/wp-content\/uploads\/2020\/08\/geooprema-logo.png\",\"contentUrl\":\"https:\/\/geooprema.com\/wp-content\/uploads\/2020\/08\/geooprema-logo.png\",\"width\":513,\"height\":161,\"caption\":\"Geooprema\"},\"image\":{\"@id\":\"https:\/\/geooprema.com\/#\/schema\/logo\/image\/\"},\"sameAs\":[\"https:\/\/www.facebook.com\/geoinfobih\",\"https:\/\/www.instagram.com\/geoinfodoo\/\",\"https:\/\/www.linkedin.com\/company\/geoinfo-doo\/\",\"https:\/\/www.youtube.com\/c\/Geoinfodoo\"]}]}<\/script>\n<!-- \/ Yoast SEO plugin. -->","yoast_head_json":{"title":"Carlson Surface Mining - Geooprema","robots":{"index":"index","follow":"follow","max-snippet":"max-snippet:-1","max-image-preview":"max-image-preview:large","max-video-preview":"max-video-preview:-1"},"canonical":"https:\/\/geooprema.com\/bs\/products\/softverska-rijesenja\/programi-za-rudarstvo\/carlson-surface-mining\/","og_locale":"bs_BA","og_type":"article","og_title":"Carlson Surface Mining - Geooprema","og_description":"Za kompleksno projektovanje povr\u0161ina ruda i tehnika za precizan raspored i tajming Carlson Surface Mining modul omogu\u0107ava korisnicima da na\u0111u najefejtivniji dizajn testiraju\u0107i prikaze u planovima, sekcijama i 3D pogledima. Koristite Carlson za:   Intergisano geolo\u0161ko modelovanje i modelovanje povr\u0161i sa 2D i 3D prikazom i sa prikazom rutinskih sekcija ruda  Dobijte ta\u010dne prora\u010dune naslaga jalovine, koli\u010dine rude, odnosa traka i na kraju, tro\u0161kova  Lako pretvorite bilo koju osovinu ceste ili rova, brane, podlogu, jame ili drugi definisani objekat u finalni teren  Ta\u010dno rasporedite i upravljajte rudom sa Carlsonovim kolor kodiranjem koje nagla\u0161ava Va\u0161 tajming proizvodnje i statistiku, kalendare koji istra\u017euju \"\u0161ta ako\" scenarije, kalendare za pra\u0107enje upotrebe opreme i dodatno mogu\u0107nost da se tajming bazira na periodima u kalendaru, ili na\u00a0 tovarnu zapreminu ili naslage jalovine.  Nove, vi\u0161estruke grupe nagiba su sada jednostavne za definisanje svih blokova jama sa simbolima za razli\u010dit nagib i obrazac stepenica na razli\u010ditim stranama. Sada mo\u017eete\u00a0 sje\u0107i kroz stepenice bilo da radite od dna do vrha ili obrnuto sa automatskom rampom.","og_url":"https:\/\/geooprema.com\/bs\/products\/softverska-rijesenja\/programi-za-rudarstvo\/carlson-surface-mining\/","og_site_name":"Geooprema","article_publisher":"https:\/\/www.facebook.com\/geoinfobih","article_modified_time":"2021-06-24T09:10:15+00:00","og_image":[{"width":850,"height":850,"url":"https:\/\/geooprema.com\/wp-content\/uploads\/2020\/01\/Carlson-Surface-Mining.jpg","type":"image\/jpeg"}],"twitter_card":"summary_large_image","schema":{"@context":"https:\/\/schema.org","@graph":[{"@type":"WebPage","@id":"https:\/\/geooprema.com\/bs\/products\/softverska-rijesenja\/programi-za-rudarstvo\/carlson-surface-mining\/","url":"https:\/\/geooprema.com\/bs\/products\/softverska-rijesenja\/programi-za-rudarstvo\/carlson-surface-mining\/","name":"Carlson Surface Mining - Geooprema","isPartOf":{"@id":"https:\/\/geooprema.com\/#website"},"primaryImageOfPage":{"@id":"https:\/\/geooprema.com\/bs\/products\/softverska-rijesenja\/programi-za-rudarstvo\/carlson-surface-mining\/#primaryimage"},"image":{"@id":"https:\/\/geooprema.com\/bs\/products\/softverska-rijesenja\/programi-za-rudarstvo\/carlson-surface-mining\/#primaryimage"},"thumbnailUrl":"https:\/\/geooprema.com\/wp-content\/uploads\/2020\/01\/Carlson-Surface-Mining.jpg","datePublished":"2020-01-12T04:59:42+00:00","dateModified":"2021-06-24T09:10:15+00:00","breadcrumb":{"@id":"https:\/\/geooprema.com\/bs\/products\/softverska-rijesenja\/programi-za-rudarstvo\/carlson-surface-mining\/#breadcrumb"},"inLanguage":"bs-BA","potentialAction":[{"@type":"ReadAction","target":["https:\/\/geooprema.com\/bs\/products\/softverska-rijesenja\/programi-za-rudarstvo\/carlson-surface-mining\/"]}]},{"@type":"ImageObject","inLanguage":"bs-BA","@id":"https:\/\/geooprema.com\/bs\/products\/softverska-rijesenja\/programi-za-rudarstvo\/carlson-surface-mining\/#primaryimage","url":"https:\/\/geooprema.com\/wp-content\/uploads\/2020\/01\/Carlson-Surface-Mining.jpg","contentUrl":"https:\/\/geooprema.com\/wp-content\/uploads\/2020\/01\/Carlson-Surface-Mining.jpg","width":850,"height":850},{"@type":"BreadcrumbList","@id":"https:\/\/geooprema.com\/bs\/products\/softverska-rijesenja\/programi-za-rudarstvo\/carlson-surface-mining\/#breadcrumb","itemListElement":[{"@type":"ListItem","position":1,"name":"Home","item":"https:\/\/geooprema.com\/bs\/"},{"@type":"ListItem","position":2,"name":"Shop","item":"https:\/\/geooprema.com\/shop-2\/"},{"@type":"ListItem","position":3,"name":"Carlson Surface Mining"}]},{"@type":"WebSite","@id":"https:\/\/geooprema.com\/#website","url":"https:\/\/geooprema.com\/","name":"Geooprema","description":"Surveying and Construction Equipmen, Software and Accessories","publisher":{"@id":"https:\/\/geooprema.com\/#organization"},"potentialAction":[{"@type":"SearchAction","target":{"@type":"EntryPoint","urlTemplate":"https:\/\/geooprema.com\/?s={search_term_string}"},"query-input":{"@type":"PropertyValueSpecification","valueRequired":true,"valueName":"search_term_string"}}],"inLanguage":"bs-BA"},{"@type":"Organization","@id":"https:\/\/geooprema.com\/#organization","name":"Geooprema","url":"https:\/\/geooprema.com\/","logo":{"@type":"ImageObject","inLanguage":"bs-BA","@id":"https:\/\/geooprema.com\/#\/schema\/logo\/image\/","url":"https:\/\/geooprema.com\/wp-content\/uploads\/2020\/08\/geooprema-logo.png","contentUrl":"https:\/\/geooprema.com\/wp-content\/uploads\/2020\/08\/geooprema-logo.png","width":513,"height":161,"caption":"Geooprema"},"image":{"@id":"https:\/\/geooprema.com\/#\/schema\/logo\/image\/"},"sameAs":["https:\/\/www.facebook.com\/geoinfobih","https:\/\/www.instagram.com\/geoinfodoo\/","https:\/\/www.linkedin.com\/company\/geoinfo-doo\/","https:\/\/www.youtube.com\/c\/Geoinfodoo"]}]}},"_links":{"self":[{"href":"https:\/\/geooprema.com\/bs\/wp-json\/wp\/v2\/product\/22658","targetHints":{"allow":["GET"]}}],"collection":[{"href":"https:\/\/geooprema.com\/bs\/wp-json\/wp\/v2\/product"}],"about":[{"href":"https:\/\/geooprema.com\/bs\/wp-json\/wp\/v2\/types\/product"}],"replies":[{"embeddable":true,"href":"https:\/\/geooprema.com\/bs\/wp-json\/wp\/v2\/comments?post=22658"}],"wp:featuredmedia":[{"embeddable":true,"href":"https:\/\/geooprema.com\/bs\/wp-json\/wp\/v2\/media\/22090"}],"wp:attachment":[{"href":"https:\/\/geooprema.com\/bs\/wp-json\/wp\/v2\/media?parent=22658"}],"wp:term":[{"taxonomy":"product_brand","embeddable":true,"href":"https:\/\/geooprema.com\/bs\/wp-json\/wp\/v2\/product_brand?post=22658"},{"taxonomy":"product_cat","embeddable":true,"href":"https:\/\/geooprema.com\/bs\/wp-json\/wp\/v2\/product_cat?post=22658"},{"taxonomy":"product_tag","embeddable":true,"href":"https:\/\/geooprema.com\/bs\/wp-json\/wp\/v2\/product_tag?post=22658"}],"curies":[{"name":"wp","href":"https:\/\/api.w.org\/{rel}","templated":true}]}}