
{"id":22341,"date":"2019-11-23T17:35:32","date_gmt":"2019-11-23T17:35:32","guid":{"rendered":"https:\/\/geooprema.com\/shop\/Bez%20kategorije\/geomax-zal300-serija\/"},"modified":"2021-06-08T13:48:44","modified_gmt":"2021-06-08T13:48:44","slug":"geomax-zal300-serija","status":"publish","type":"product","link":"https:\/\/geooprema.com\/bs\/products\/gradjevinska-oprema\/gradevinski-niveliri\/geomax-zal300-serija\/","title":{"rendered":"GeoMax ZAL300 serija"},"content":{"rendered":"<div class=\"text-group info-content\">\n<p>Obavi sve svoje zadatke sa vode\u0107im GeoMaxovim nivelirom. Od dnevnih poslobva nivelanja do nivelanja visoke ta\u010dnosti, ZAL300 serije je Va\u0161 prvi izbor zbog \u010dvrstine, komfora i ta\u010dnosti. Jednostavno re\u010deno: funkcioni\u0161e kada vi radite.<\/p>\n<\/div>\n<div class=\"row equal-height\">\n<div class=\"col-lg-6 equal-height-inner\">\n<div class=\"inner-container no-border\">\n<div class=\"caption baseFont\">\n<div class=\"text\">\n<h3><span style=\"color: #f99b1c;\"><strong>Fleksibilan i ergonomi\u010dan<\/strong><\/span><\/h3>\n<p>Sa razli\u010ditim vrstama uve\u0107anja 20x, 24x, 28x i 30x, ZAL300 serija nudi ta\u010dnost koja Vam je potrebna. Patentirani magneX&#x2122; sistem kompenzatora Geomax je kori\u0161ten u ZAL300 seriji tako da je megnetno prigu\u0161ivanje pro\u0161lost.<\/p>\n<\/div>\n<\/div>\n<\/div>\n<\/div>\n<div class=\"col-lg-6 equal-height-inner\">\n<div class=\"inner-container no-border\">\n<div class=\"caption baseFont\">\n<div class=\"text\">\n<h3><strong><span style=\"color: #f99b1c;\">Napravljen za najte\u017ee uslove<\/span><\/strong><\/h3>\n<p>ZAL300 klasa sa vode\u0107om optikom i magneX&#x2122; kompenzatorom su ugra\u0111eni u zatvoreno i od padova otporno ku\u0107i\u0161te, \u010dine\u0107i ga visoko otpornim na udarce i sve vremenske uslove. I usljed kratkog pada, GeoMax ZAL300 nastavlja da radi sa istom ta\u010dno\u0161\u0107u i pouzdano\u0161\u0107u.<\/p>\n<\/div>\n<\/div>\n<\/div>\n<\/div>\n<\/div>\n","protected":false},"excerpt":{"rendered":"<p>Fleksibilan i ergonomi\u010dan<\/p>\n<ul>\n<li>magneX&#x2122; kompenzator<\/li>\n<li>4 tipa uve\u0107anja<\/li>\n<li>nudi ta\u010dnost koja Vam je potrebna<\/li>\n<\/ul>\n<p>Optika vode\u0107e klase<\/p>\n<ul>\n<li>Jednostavna i pogodna za o\u010ditavanje<\/li>\n<li>Lako i jednostavno fokusiranje<\/li>\n<li>Tijelo teleskopa napunjeno gasom za bolji pogled<\/li>\n<\/ul>\n<p>\u010cvrst i optoran<\/p>\n<ul>\n<li>Visoko otporan na udarce<\/li>\n<li>Otporan na vodu i pra\u0161inu<\/li>\n<li>Zatvoreno i otporno ku\u0107i\u0161te na padove<\/li>\n<\/ul>\n","protected":false},"featured_media":21698,"comment_status":"open","ping_status":"closed","template":"","meta":{"_acf_changed":false},"product_brand":[],"product_cat":[341,1275,343],"product_tag":[377,361,334,351,379],"class_list":{"0":"post-22341","1":"product","2":"type-product","3":"status-publish","4":"has-post-thumbnail","6":"product_cat-geodetska-oprema","7":"product_cat-gradevinski-niveliri","8":"product_cat-niveliri","9":"product_tag-geomax-bs","10":"product_tag-niveliri","11":"product_tag-opticki-bs-2","12":"product_tag-opticki-niveliri","13":"product_tag-zal300-bs","14":"pa_brand-geomax-positioning-bs","16":"first","17":"onbackorder","18":"taxable","19":"shipping-taxable","20":"product-type-simple","swatches":"rey-swatches","show_selected":""},"acf":[],"yoast_head":"<!-- This site is optimized with the Yoast SEO plugin v24.9 - https:\/\/yoast.com\/wordpress\/plugins\/seo\/ -->\n<title>GeoMax ZAL300 serija - Geooprema<\/title>\n<meta name=\"robots\" content=\"index, follow, max-snippet:-1, max-image-preview:large, max-video-preview:-1\" \/>\n<link rel=\"canonical\" href=\"https:\/\/geooprema.com\/bs\/products\/geodetska-oprema\/niveliri\/geomax-zal300-serija\/\" \/>\n<meta property=\"og:locale\" content=\"bs_BA\" \/>\n<meta property=\"og:type\" content=\"article\" \/>\n<meta property=\"og:title\" content=\"GeoMax ZAL300 serija - Geooprema\" \/>\n<meta property=\"og:description\" content=\"Fleksibilan i ergonomi\u010dan   magneX&#x2122; kompenzator  4 tipa uve\u0107anja  nudi ta\u010dnost koja Vam je potrebna  Optika vode\u0107e klase   Jednostavna i pogodna za o\u010ditavanje  Lako i jednostavno fokusiranje  Tijelo teleskopa napunjeno gasom za bolji pogled  \u010cvrst i optoran   Visoko otporan na udarce  Otporan na vodu i pra\u0161inu  Zatvoreno i otporno ku\u0107i\u0161te na padove\" \/>\n<meta property=\"og:url\" content=\"https:\/\/geooprema.com\/bs\/products\/geodetska-oprema\/niveliri\/geomax-zal300-serija\/\" \/>\n<meta property=\"og:site_name\" content=\"Geooprema\" \/>\n<meta property=\"article:publisher\" content=\"https:\/\/www.facebook.com\/geoinfobih\" \/>\n<meta property=\"article:modified_time\" content=\"2021-06-08T13:48:44+00:00\" \/>\n<meta property=\"og:image\" content=\"https:\/\/geooprema.com\/wp-content\/uploads\/2019\/11\/ZAL-300-Series-_1.jpg\" \/>\n\t<meta property=\"og:image:width\" content=\"850\" \/>\n\t<meta property=\"og:image:height\" content=\"850\" \/>\n\t<meta property=\"og:image:type\" content=\"image\/jpeg\" \/>\n<meta name=\"twitter:card\" content=\"summary_large_image\" \/>\n<meta name=\"twitter:label1\" content=\"Est. reading time\" \/>\n\t<meta name=\"twitter:data1\" content=\"1 minuta\" \/>\n<script type=\"application\/ld+json\" class=\"yoast-schema-graph\">{\"@context\":\"https:\/\/schema.org\",\"@graph\":[{\"@type\":\"WebPage\",\"@id\":\"https:\/\/geooprema.com\/bs\/products\/geodetska-oprema\/niveliri\/geomax-zal300-serija\/\",\"url\":\"https:\/\/geooprema.com\/bs\/products\/geodetska-oprema\/niveliri\/geomax-zal300-serija\/\",\"name\":\"GeoMax ZAL300 serija - Geooprema\",\"isPartOf\":{\"@id\":\"https:\/\/geooprema.com\/#website\"},\"primaryImageOfPage\":{\"@id\":\"https:\/\/geooprema.com\/bs\/products\/geodetska-oprema\/niveliri\/geomax-zal300-serija\/#primaryimage\"},\"image\":{\"@id\":\"https:\/\/geooprema.com\/bs\/products\/geodetska-oprema\/niveliri\/geomax-zal300-serija\/#primaryimage\"},\"thumbnailUrl\":\"https:\/\/geooprema.com\/wp-content\/uploads\/2019\/11\/ZAL-300-Series-_1.jpg\",\"datePublished\":\"2019-11-23T17:35:32+00:00\",\"dateModified\":\"2021-06-08T13:48:44+00:00\",\"breadcrumb\":{\"@id\":\"https:\/\/geooprema.com\/bs\/products\/geodetska-oprema\/niveliri\/geomax-zal300-serija\/#breadcrumb\"},\"inLanguage\":\"bs-BA\",\"potentialAction\":[{\"@type\":\"ReadAction\",\"target\":[\"https:\/\/geooprema.com\/bs\/products\/geodetska-oprema\/niveliri\/geomax-zal300-serija\/\"]}]},{\"@type\":\"ImageObject\",\"inLanguage\":\"bs-BA\",\"@id\":\"https:\/\/geooprema.com\/bs\/products\/geodetska-oprema\/niveliri\/geomax-zal300-serija\/#primaryimage\",\"url\":\"https:\/\/geooprema.com\/wp-content\/uploads\/2019\/11\/ZAL-300-Series-_1.jpg\",\"contentUrl\":\"https:\/\/geooprema.com\/wp-content\/uploads\/2019\/11\/ZAL-300-Series-_1.jpg\",\"width\":850,\"height\":850},{\"@type\":\"BreadcrumbList\",\"@id\":\"https:\/\/geooprema.com\/bs\/products\/geodetska-oprema\/niveliri\/geomax-zal300-serija\/#breadcrumb\",\"itemListElement\":[{\"@type\":\"ListItem\",\"position\":1,\"name\":\"Home\",\"item\":\"https:\/\/geooprema.com\/bs\/\"},{\"@type\":\"ListItem\",\"position\":2,\"name\":\"Shop\",\"item\":\"https:\/\/geooprema.com\/shop-2\/\"},{\"@type\":\"ListItem\",\"position\":3,\"name\":\"GeoMax ZAL300 serija\"}]},{\"@type\":\"WebSite\",\"@id\":\"https:\/\/geooprema.com\/#website\",\"url\":\"https:\/\/geooprema.com\/\",\"name\":\"Geooprema\",\"description\":\"Surveying and Construction Equipmen, Software and Accessories\",\"publisher\":{\"@id\":\"https:\/\/geooprema.com\/#organization\"},\"potentialAction\":[{\"@type\":\"SearchAction\",\"target\":{\"@type\":\"EntryPoint\",\"urlTemplate\":\"https:\/\/geooprema.com\/?s={search_term_string}\"},\"query-input\":{\"@type\":\"PropertyValueSpecification\",\"valueRequired\":true,\"valueName\":\"search_term_string\"}}],\"inLanguage\":\"bs-BA\"},{\"@type\":\"Organization\",\"@id\":\"https:\/\/geooprema.com\/#organization\",\"name\":\"Geooprema\",\"url\":\"https:\/\/geooprema.com\/\",\"logo\":{\"@type\":\"ImageObject\",\"inLanguage\":\"bs-BA\",\"@id\":\"https:\/\/geooprema.com\/#\/schema\/logo\/image\/\",\"url\":\"https:\/\/geooprema.com\/wp-content\/uploads\/2020\/08\/geooprema-logo.png\",\"contentUrl\":\"https:\/\/geooprema.com\/wp-content\/uploads\/2020\/08\/geooprema-logo.png\",\"width\":513,\"height\":161,\"caption\":\"Geooprema\"},\"image\":{\"@id\":\"https:\/\/geooprema.com\/#\/schema\/logo\/image\/\"},\"sameAs\":[\"https:\/\/www.facebook.com\/geoinfobih\",\"https:\/\/www.instagram.com\/geoinfodoo\/\",\"https:\/\/www.linkedin.com\/company\/geoinfo-doo\/\",\"https:\/\/www.youtube.com\/c\/Geoinfodoo\"]}]}<\/script>\n<!-- \/ Yoast SEO plugin. -->","yoast_head_json":{"title":"GeoMax ZAL300 serija - Geooprema","robots":{"index":"index","follow":"follow","max-snippet":"max-snippet:-1","max-image-preview":"max-image-preview:large","max-video-preview":"max-video-preview:-1"},"canonical":"https:\/\/geooprema.com\/bs\/products\/geodetska-oprema\/niveliri\/geomax-zal300-serija\/","og_locale":"bs_BA","og_type":"article","og_title":"GeoMax ZAL300 serija - Geooprema","og_description":"Fleksibilan i ergonomi\u010dan   magneX&#x2122; kompenzator  4 tipa uve\u0107anja  nudi ta\u010dnost koja Vam je potrebna  Optika vode\u0107e klase   Jednostavna i pogodna za o\u010ditavanje  Lako i jednostavno fokusiranje  Tijelo teleskopa napunjeno gasom za bolji pogled  \u010cvrst i optoran   Visoko otporan na udarce  Otporan na vodu i pra\u0161inu  Zatvoreno i otporno ku\u0107i\u0161te na padove","og_url":"https:\/\/geooprema.com\/bs\/products\/geodetska-oprema\/niveliri\/geomax-zal300-serija\/","og_site_name":"Geooprema","article_publisher":"https:\/\/www.facebook.com\/geoinfobih","article_modified_time":"2021-06-08T13:48:44+00:00","og_image":[{"width":850,"height":850,"url":"https:\/\/geooprema.com\/wp-content\/uploads\/2019\/11\/ZAL-300-Series-_1.jpg","type":"image\/jpeg"}],"twitter_card":"summary_large_image","twitter_misc":{"Est. reading time":"1 minuta"},"schema":{"@context":"https:\/\/schema.org","@graph":[{"@type":"WebPage","@id":"https:\/\/geooprema.com\/bs\/products\/geodetska-oprema\/niveliri\/geomax-zal300-serija\/","url":"https:\/\/geooprema.com\/bs\/products\/geodetska-oprema\/niveliri\/geomax-zal300-serija\/","name":"GeoMax ZAL300 serija - Geooprema","isPartOf":{"@id":"https:\/\/geooprema.com\/#website"},"primaryImageOfPage":{"@id":"https:\/\/geooprema.com\/bs\/products\/geodetska-oprema\/niveliri\/geomax-zal300-serija\/#primaryimage"},"image":{"@id":"https:\/\/geooprema.com\/bs\/products\/geodetska-oprema\/niveliri\/geomax-zal300-serija\/#primaryimage"},"thumbnailUrl":"https:\/\/geooprema.com\/wp-content\/uploads\/2019\/11\/ZAL-300-Series-_1.jpg","datePublished":"2019-11-23T17:35:32+00:00","dateModified":"2021-06-08T13:48:44+00:00","breadcrumb":{"@id":"https:\/\/geooprema.com\/bs\/products\/geodetska-oprema\/niveliri\/geomax-zal300-serija\/#breadcrumb"},"inLanguage":"bs-BA","potentialAction":[{"@type":"ReadAction","target":["https:\/\/geooprema.com\/bs\/products\/geodetska-oprema\/niveliri\/geomax-zal300-serija\/"]}]},{"@type":"ImageObject","inLanguage":"bs-BA","@id":"https:\/\/geooprema.com\/bs\/products\/geodetska-oprema\/niveliri\/geomax-zal300-serija\/#primaryimage","url":"https:\/\/geooprema.com\/wp-content\/uploads\/2019\/11\/ZAL-300-Series-_1.jpg","contentUrl":"https:\/\/geooprema.com\/wp-content\/uploads\/2019\/11\/ZAL-300-Series-_1.jpg","width":850,"height":850},{"@type":"BreadcrumbList","@id":"https:\/\/geooprema.com\/bs\/products\/geodetska-oprema\/niveliri\/geomax-zal300-serija\/#breadcrumb","itemListElement":[{"@type":"ListItem","position":1,"name":"Home","item":"https:\/\/geooprema.com\/bs\/"},{"@type":"ListItem","position":2,"name":"Shop","item":"https:\/\/geooprema.com\/shop-2\/"},{"@type":"ListItem","position":3,"name":"GeoMax ZAL300 serija"}]},{"@type":"WebSite","@id":"https:\/\/geooprema.com\/#website","url":"https:\/\/geooprema.com\/","name":"Geooprema","description":"Surveying and Construction Equipmen, Software and Accessories","publisher":{"@id":"https:\/\/geooprema.com\/#organization"},"potentialAction":[{"@type":"SearchAction","target":{"@type":"EntryPoint","urlTemplate":"https:\/\/geooprema.com\/?s={search_term_string}"},"query-input":{"@type":"PropertyValueSpecification","valueRequired":true,"valueName":"search_term_string"}}],"inLanguage":"bs-BA"},{"@type":"Organization","@id":"https:\/\/geooprema.com\/#organization","name":"Geooprema","url":"https:\/\/geooprema.com\/","logo":{"@type":"ImageObject","inLanguage":"bs-BA","@id":"https:\/\/geooprema.com\/#\/schema\/logo\/image\/","url":"https:\/\/geooprema.com\/wp-content\/uploads\/2020\/08\/geooprema-logo.png","contentUrl":"https:\/\/geooprema.com\/wp-content\/uploads\/2020\/08\/geooprema-logo.png","width":513,"height":161,"caption":"Geooprema"},"image":{"@id":"https:\/\/geooprema.com\/#\/schema\/logo\/image\/"},"sameAs":["https:\/\/www.facebook.com\/geoinfobih","https:\/\/www.instagram.com\/geoinfodoo\/","https:\/\/www.linkedin.com\/company\/geoinfo-doo\/","https:\/\/www.youtube.com\/c\/Geoinfodoo"]}]}},"_links":{"self":[{"href":"https:\/\/geooprema.com\/bs\/wp-json\/wp\/v2\/product\/22341","targetHints":{"allow":["GET"]}}],"collection":[{"href":"https:\/\/geooprema.com\/bs\/wp-json\/wp\/v2\/product"}],"about":[{"href":"https:\/\/geooprema.com\/bs\/wp-json\/wp\/v2\/types\/product"}],"replies":[{"embeddable":true,"href":"https:\/\/geooprema.com\/bs\/wp-json\/wp\/v2\/comments?post=22341"}],"wp:featuredmedia":[{"embeddable":true,"href":"https:\/\/geooprema.com\/bs\/wp-json\/wp\/v2\/media\/21698"}],"wp:attachment":[{"href":"https:\/\/geooprema.com\/bs\/wp-json\/wp\/v2\/media?parent=22341"}],"wp:term":[{"taxonomy":"product_brand","embeddable":true,"href":"https:\/\/geooprema.com\/bs\/wp-json\/wp\/v2\/product_brand?post=22341"},{"taxonomy":"product_cat","embeddable":true,"href":"https:\/\/geooprema.com\/bs\/wp-json\/wp\/v2\/product_cat?post=22341"},{"taxonomy":"product_tag","embeddable":true,"href":"https:\/\/geooprema.com\/bs\/wp-json\/wp\/v2\/product_tag?post=22341"}],"curies":[{"name":"wp","href":"https:\/\/api.w.org\/{rel}","templated":true}]}}