
{"id":22333,"date":"2020-01-06T13:30:21","date_gmt":"2020-01-06T13:30:21","guid":{"rendered":"https:\/\/geooprema.com\/shop\/Bez%20kategorije\/geomax-zenius-800\/"},"modified":"2021-06-03T07:21:43","modified_gmt":"2021-06-03T07:21:43","slug":"geomax-zenius-800","status":"publish","type":"product","link":"https:\/\/geooprema.com\/bs\/products\/geodetska-oprema\/kontroleri\/geomax-zenius-800\/","title":{"rendered":"GeoMax Zenius 800"},"content":{"rendered":"<p>GeoMax Zenius800 terenski kontroler koristi modernu tehnologiju da postigne rezultate visoke ta\u010dnosti i maksimalnu efikasnost potrebnu za uspje\u0161no obavljanje posla na terenu. BIM i CADse brzo otpremaju i jednostavno ure\u0111uju. Sa IP67 za\u0161titom, Zenius800 funkcioni\u0161e bez obzira na ote\u017eane spolja\u0161nje uslove. Na vodootporni ekran ne uti\u010de ni voda ni pra\u0161ina, tako da funkcioni\u0161e kada mi \u017eelimo da radimo.<\/p>\n<p>Obavi svaki zadatak<\/p>\n<p>GNSS ure\u0111aj ili totalna stanica, iskol\u010davanje ili topografski premjer &#8211; Zenius 800 je optimalni loger podataka za svaki zadatak na terenu. Procesor sa okta jezgrom i visokim performansama i osigurava da se podaci pojave na ekranu tableta u sekundama.\u00a0 Jasni 8\u201d prikaz \u010dini rad sa projektovanjem i 3D fajlovima jednostavnim i prilago\u0111enim. Napravite promjene direktno na trenue, tako da nemate potrebe to obavkjati u kancelariji.<\/p>\n<p>Nikad ne gubi konekciju<\/p>\n<p>Unutrasnji Bluetooth tableta se povezuje sa robotizovanim totalnim stanicama sa radio dr\u0161kom u radijusu od 300m. Ovo dozvoljava neprekidan rad na udaljenosti s obzirom na stabilnu Bluetooth konekciju.<\/p>\n<p>Va\u0161 savr\u0161eni par na terenu<\/p>\n<p>Posve\u0107eni GeoMax terenski softver X-PAD Ultimate i Zenius800 su savr\u0161eni para kada govorimo o savkodnevnim poslovim a na terenu. X-PAD Ultimate obezbje\u0111uje savr\u0161en balans izme\u0111u savr\u0161ene strukture, toka rada i visoke funkcinalnosti. Kroz blisku saradnju sa klju\u010dnim korisnicima, uvijek je a\u017euran. Softver se pokre\u0107e na Zenius 800 tabletu kao i na bilo kom AndroidTM ure\u0111aju.<\/p>\n<p>Do kraja<\/p>\n<p>Kada su podaci sakupljeni, mogu biti uvezeni u GeoMax X-PAD Fusion. Ovaj kancelarijski softver ima svestranost i fleksibilnost da spoji sve tipove podataka iz GeoMax senzora i tre\u0107ih izvora podataka kao \u0161to su dronovi.<\/p>\n","protected":false},"excerpt":{"rendered":"<p>Korisni\u010dki interfejs:<\/p>\n<ul>\n<li>Prikaz 8&#8221; 1280 * 800 Gorilla Glass<\/li>\n<li>8 prilagodljivih tipki<\/li>\n<li>Android 8.0 Oreo<\/li>\n<li>Prednja 5 MPx kamera \/ Zadnja 13 MPx kamera<\/li>\n<li>Unutra\u0161nji GNSS<\/li>\n<\/ul>\n<p>Komunikacija:<\/p>\n<ul>\n<li>Wi-Fi 802.11 a\/b\/g\/n\/ac<\/li>\n<li>Mobilni 4G LTE<\/li>\n<li>Quad-Band GSM<\/li>\n<li>USB \/ Bluetooth<\/li>\n<\/ul>\n<p>Skladi\u0161tenje:<\/p>\n<ul>\n<li>Interni 4GB RAM \/ 32GB Flash<\/li>\n<li>Micro SD<\/li>\n<li>USB OTG<\/li>\n<\/ul>\n<p>&nbsp;<\/p>\n","protected":false},"featured_media":25066,"comment_status":"open","ping_status":"closed","template":"","meta":{"_acf_changed":false},"product_brand":[],"product_cat":[341,410],"product_tag":[1438,1437,1435,1436,1434],"class_list":{"0":"post-22333","1":"product","2":"type-product","3":"status-publish","4":"has-post-thumbnail","6":"product_cat-geodetska-oprema","7":"product_cat-kontroleri","8":"product_tag-800-bs","9":"product_tag-android-bs","10":"product_tag-kontroler","11":"product_tag-tablet-bs","12":"product_tag-zenius-bs","13":"pa_brand-geomax-positioning-bs","15":"first","16":"onbackorder","17":"taxable","18":"shipping-taxable","19":"product-type-simple","swatches":"rey-swatches","show_selected":""},"acf":[],"yoast_head":"<!-- This site is optimized with the Yoast SEO plugin v24.9 - https:\/\/yoast.com\/wordpress\/plugins\/seo\/ -->\n<title>GeoMax Zenius 800 - Geooprema<\/title>\n<meta name=\"robots\" content=\"index, follow, max-snippet:-1, max-image-preview:large, max-video-preview:-1\" \/>\n<link rel=\"canonical\" href=\"https:\/\/geooprema.com\/bs\/products\/geodetska-oprema\/kontroleri\/geomax-zenius-800\/\" \/>\n<meta property=\"og:locale\" content=\"bs_BA\" \/>\n<meta property=\"og:type\" content=\"article\" \/>\n<meta property=\"og:title\" content=\"GeoMax Zenius 800 - Geooprema\" \/>\n<meta property=\"og:description\" content=\"Korisni\u010dki interfejs:   Prikaz 8&quot; 1280 * 800 Gorilla Glass  8 prilagodljivih tipki  Android 8.0 Oreo  Prednja 5 MPx kamera \/ Zadnja 13 MPx kamera  Unutra\u0161nji GNSS  Komunikacija:   Wi-Fi 802.11 a\/b\/g\/n\/ac  Mobilni 4G LTE  Quad-Band GSM  USB \/ Bluetooth  Skladi\u0161tenje:   Interni 4GB RAM \/ 32GB Flash  Micro SD  USB OTG  &nbsp;\" \/>\n<meta property=\"og:url\" content=\"https:\/\/geooprema.com\/bs\/products\/geodetska-oprema\/kontroleri\/geomax-zenius-800\/\" \/>\n<meta property=\"og:site_name\" content=\"Geooprema\" \/>\n<meta property=\"article:publisher\" content=\"https:\/\/www.facebook.com\/geoinfobih\" \/>\n<meta property=\"article:modified_time\" content=\"2021-06-03T07:21:43+00:00\" \/>\n<meta property=\"og:image\" content=\"https:\/\/geooprema.com\/wp-content\/uploads\/2020\/01\/RubyTablet.718.jpg\" \/>\n\t<meta property=\"og:image:width\" content=\"800\" \/>\n\t<meta property=\"og:image:height\" content=\"800\" \/>\n\t<meta property=\"og:image:type\" content=\"image\/jpeg\" \/>\n<meta name=\"twitter:card\" content=\"summary_large_image\" \/>\n<meta name=\"twitter:label1\" content=\"Est. reading time\" \/>\n\t<meta name=\"twitter:data1\" content=\"1 minuta\" \/>\n<script type=\"application\/ld+json\" class=\"yoast-schema-graph\">{\"@context\":\"https:\/\/schema.org\",\"@graph\":[{\"@type\":\"WebPage\",\"@id\":\"https:\/\/geooprema.com\/bs\/products\/geodetska-oprema\/kontroleri\/geomax-zenius-800\/\",\"url\":\"https:\/\/geooprema.com\/bs\/products\/geodetska-oprema\/kontroleri\/geomax-zenius-800\/\",\"name\":\"GeoMax Zenius 800 - Geooprema\",\"isPartOf\":{\"@id\":\"https:\/\/geooprema.com\/#website\"},\"primaryImageOfPage\":{\"@id\":\"https:\/\/geooprema.com\/bs\/products\/geodetska-oprema\/kontroleri\/geomax-zenius-800\/#primaryimage\"},\"image\":{\"@id\":\"https:\/\/geooprema.com\/bs\/products\/geodetska-oprema\/kontroleri\/geomax-zenius-800\/#primaryimage\"},\"thumbnailUrl\":\"https:\/\/geooprema.com\/wp-content\/uploads\/2020\/01\/RubyTablet.718.jpg\",\"datePublished\":\"2020-01-06T13:30:21+00:00\",\"dateModified\":\"2021-06-03T07:21:43+00:00\",\"breadcrumb\":{\"@id\":\"https:\/\/geooprema.com\/bs\/products\/geodetska-oprema\/kontroleri\/geomax-zenius-800\/#breadcrumb\"},\"inLanguage\":\"bs-BA\",\"potentialAction\":[{\"@type\":\"ReadAction\",\"target\":[\"https:\/\/geooprema.com\/bs\/products\/geodetska-oprema\/kontroleri\/geomax-zenius-800\/\"]}]},{\"@type\":\"ImageObject\",\"inLanguage\":\"bs-BA\",\"@id\":\"https:\/\/geooprema.com\/bs\/products\/geodetska-oprema\/kontroleri\/geomax-zenius-800\/#primaryimage\",\"url\":\"https:\/\/geooprema.com\/wp-content\/uploads\/2020\/01\/RubyTablet.718.jpg\",\"contentUrl\":\"https:\/\/geooprema.com\/wp-content\/uploads\/2020\/01\/RubyTablet.718.jpg\",\"width\":800,\"height\":800},{\"@type\":\"BreadcrumbList\",\"@id\":\"https:\/\/geooprema.com\/bs\/products\/geodetska-oprema\/kontroleri\/geomax-zenius-800\/#breadcrumb\",\"itemListElement\":[{\"@type\":\"ListItem\",\"position\":1,\"name\":\"Home\",\"item\":\"https:\/\/geooprema.com\/bs\/\"},{\"@type\":\"ListItem\",\"position\":2,\"name\":\"Shop\",\"item\":\"https:\/\/geooprema.com\/shop-2\/\"},{\"@type\":\"ListItem\",\"position\":3,\"name\":\"GeoMax Zenius 800\"}]},{\"@type\":\"WebSite\",\"@id\":\"https:\/\/geooprema.com\/#website\",\"url\":\"https:\/\/geooprema.com\/\",\"name\":\"Geooprema\",\"description\":\"Surveying and Construction Equipmen, Software and Accessories\",\"publisher\":{\"@id\":\"https:\/\/geooprema.com\/#organization\"},\"potentialAction\":[{\"@type\":\"SearchAction\",\"target\":{\"@type\":\"EntryPoint\",\"urlTemplate\":\"https:\/\/geooprema.com\/?s={search_term_string}\"},\"query-input\":{\"@type\":\"PropertyValueSpecification\",\"valueRequired\":true,\"valueName\":\"search_term_string\"}}],\"inLanguage\":\"bs-BA\"},{\"@type\":\"Organization\",\"@id\":\"https:\/\/geooprema.com\/#organization\",\"name\":\"Geooprema\",\"url\":\"https:\/\/geooprema.com\/\",\"logo\":{\"@type\":\"ImageObject\",\"inLanguage\":\"bs-BA\",\"@id\":\"https:\/\/geooprema.com\/#\/schema\/logo\/image\/\",\"url\":\"https:\/\/geooprema.com\/wp-content\/uploads\/2020\/08\/geooprema-logo.png\",\"contentUrl\":\"https:\/\/geooprema.com\/wp-content\/uploads\/2020\/08\/geooprema-logo.png\",\"width\":513,\"height\":161,\"caption\":\"Geooprema\"},\"image\":{\"@id\":\"https:\/\/geooprema.com\/#\/schema\/logo\/image\/\"},\"sameAs\":[\"https:\/\/www.facebook.com\/geoinfobih\",\"https:\/\/www.instagram.com\/geoinfodoo\/\",\"https:\/\/www.linkedin.com\/company\/geoinfo-doo\/\",\"https:\/\/www.youtube.com\/c\/Geoinfodoo\"]}]}<\/script>\n<!-- \/ Yoast SEO plugin. -->","yoast_head_json":{"title":"GeoMax Zenius 800 - Geooprema","robots":{"index":"index","follow":"follow","max-snippet":"max-snippet:-1","max-image-preview":"max-image-preview:large","max-video-preview":"max-video-preview:-1"},"canonical":"https:\/\/geooprema.com\/bs\/products\/geodetska-oprema\/kontroleri\/geomax-zenius-800\/","og_locale":"bs_BA","og_type":"article","og_title":"GeoMax Zenius 800 - Geooprema","og_description":"Korisni\u010dki interfejs:   Prikaz 8\" 1280 * 800 Gorilla Glass  8 prilagodljivih tipki  Android 8.0 Oreo  Prednja 5 MPx kamera \/ Zadnja 13 MPx kamera  Unutra\u0161nji GNSS  Komunikacija:   Wi-Fi 802.11 a\/b\/g\/n\/ac  Mobilni 4G LTE  Quad-Band GSM  USB \/ Bluetooth  Skladi\u0161tenje:   Interni 4GB RAM \/ 32GB Flash  Micro SD  USB OTG  &nbsp;","og_url":"https:\/\/geooprema.com\/bs\/products\/geodetska-oprema\/kontroleri\/geomax-zenius-800\/","og_site_name":"Geooprema","article_publisher":"https:\/\/www.facebook.com\/geoinfobih","article_modified_time":"2021-06-03T07:21:43+00:00","og_image":[{"width":800,"height":800,"url":"https:\/\/geooprema.com\/wp-content\/uploads\/2020\/01\/RubyTablet.718.jpg","type":"image\/jpeg"}],"twitter_card":"summary_large_image","twitter_misc":{"Est. reading time":"1 minuta"},"schema":{"@context":"https:\/\/schema.org","@graph":[{"@type":"WebPage","@id":"https:\/\/geooprema.com\/bs\/products\/geodetska-oprema\/kontroleri\/geomax-zenius-800\/","url":"https:\/\/geooprema.com\/bs\/products\/geodetska-oprema\/kontroleri\/geomax-zenius-800\/","name":"GeoMax Zenius 800 - Geooprema","isPartOf":{"@id":"https:\/\/geooprema.com\/#website"},"primaryImageOfPage":{"@id":"https:\/\/geooprema.com\/bs\/products\/geodetska-oprema\/kontroleri\/geomax-zenius-800\/#primaryimage"},"image":{"@id":"https:\/\/geooprema.com\/bs\/products\/geodetska-oprema\/kontroleri\/geomax-zenius-800\/#primaryimage"},"thumbnailUrl":"https:\/\/geooprema.com\/wp-content\/uploads\/2020\/01\/RubyTablet.718.jpg","datePublished":"2020-01-06T13:30:21+00:00","dateModified":"2021-06-03T07:21:43+00:00","breadcrumb":{"@id":"https:\/\/geooprema.com\/bs\/products\/geodetska-oprema\/kontroleri\/geomax-zenius-800\/#breadcrumb"},"inLanguage":"bs-BA","potentialAction":[{"@type":"ReadAction","target":["https:\/\/geooprema.com\/bs\/products\/geodetska-oprema\/kontroleri\/geomax-zenius-800\/"]}]},{"@type":"ImageObject","inLanguage":"bs-BA","@id":"https:\/\/geooprema.com\/bs\/products\/geodetska-oprema\/kontroleri\/geomax-zenius-800\/#primaryimage","url":"https:\/\/geooprema.com\/wp-content\/uploads\/2020\/01\/RubyTablet.718.jpg","contentUrl":"https:\/\/geooprema.com\/wp-content\/uploads\/2020\/01\/RubyTablet.718.jpg","width":800,"height":800},{"@type":"BreadcrumbList","@id":"https:\/\/geooprema.com\/bs\/products\/geodetska-oprema\/kontroleri\/geomax-zenius-800\/#breadcrumb","itemListElement":[{"@type":"ListItem","position":1,"name":"Home","item":"https:\/\/geooprema.com\/bs\/"},{"@type":"ListItem","position":2,"name":"Shop","item":"https:\/\/geooprema.com\/shop-2\/"},{"@type":"ListItem","position":3,"name":"GeoMax Zenius 800"}]},{"@type":"WebSite","@id":"https:\/\/geooprema.com\/#website","url":"https:\/\/geooprema.com\/","name":"Geooprema","description":"Surveying and Construction Equipmen, Software and Accessories","publisher":{"@id":"https:\/\/geooprema.com\/#organization"},"potentialAction":[{"@type":"SearchAction","target":{"@type":"EntryPoint","urlTemplate":"https:\/\/geooprema.com\/?s={search_term_string}"},"query-input":{"@type":"PropertyValueSpecification","valueRequired":true,"valueName":"search_term_string"}}],"inLanguage":"bs-BA"},{"@type":"Organization","@id":"https:\/\/geooprema.com\/#organization","name":"Geooprema","url":"https:\/\/geooprema.com\/","logo":{"@type":"ImageObject","inLanguage":"bs-BA","@id":"https:\/\/geooprema.com\/#\/schema\/logo\/image\/","url":"https:\/\/geooprema.com\/wp-content\/uploads\/2020\/08\/geooprema-logo.png","contentUrl":"https:\/\/geooprema.com\/wp-content\/uploads\/2020\/08\/geooprema-logo.png","width":513,"height":161,"caption":"Geooprema"},"image":{"@id":"https:\/\/geooprema.com\/#\/schema\/logo\/image\/"},"sameAs":["https:\/\/www.facebook.com\/geoinfobih","https:\/\/www.instagram.com\/geoinfodoo\/","https:\/\/www.linkedin.com\/company\/geoinfo-doo\/","https:\/\/www.youtube.com\/c\/Geoinfodoo"]}]}},"_links":{"self":[{"href":"https:\/\/geooprema.com\/bs\/wp-json\/wp\/v2\/product\/22333","targetHints":{"allow":["GET"]}}],"collection":[{"href":"https:\/\/geooprema.com\/bs\/wp-json\/wp\/v2\/product"}],"about":[{"href":"https:\/\/geooprema.com\/bs\/wp-json\/wp\/v2\/types\/product"}],"replies":[{"embeddable":true,"href":"https:\/\/geooprema.com\/bs\/wp-json\/wp\/v2\/comments?post=22333"}],"wp:featuredmedia":[{"embeddable":true,"href":"https:\/\/geooprema.com\/bs\/wp-json\/wp\/v2\/media\/25066"}],"wp:attachment":[{"href":"https:\/\/geooprema.com\/bs\/wp-json\/wp\/v2\/media?parent=22333"}],"wp:term":[{"taxonomy":"product_brand","embeddable":true,"href":"https:\/\/geooprema.com\/bs\/wp-json\/wp\/v2\/product_brand?post=22333"},{"taxonomy":"product_cat","embeddable":true,"href":"https:\/\/geooprema.com\/bs\/wp-json\/wp\/v2\/product_cat?post=22333"},{"taxonomy":"product_tag","embeddable":true,"href":"https:\/\/geooprema.com\/bs\/wp-json\/wp\/v2\/product_tag?post=22333"}],"curies":[{"name":"wp","href":"https:\/\/api.w.org\/{rel}","templated":true}]}}