
{"id":22308,"date":"2020-01-06T13:41:22","date_gmt":"2020-01-06T13:41:22","guid":{"rendered":"https:\/\/geooprema.com\/shop\/Bez%20kategorije\/geomax-sps-zoom300\/"},"modified":"2021-06-10T18:23:07","modified_gmt":"2021-06-10T18:23:07","slug":"geomax-sps-zoom300","status":"publish","type":"product","link":"https:\/\/geooprema.com\/bs\/products\/geodetska-oprema\/3d-skeneri\/geomax-sps-zoom300\/","title":{"rendered":"GeoMax SPS Zoom300"},"content":{"rendered":"<p>GeoMax omogu\u0107uje visoku produktivnost i jednostavnost kori\u0161tenja laserskog skenera. Razvili su lagan i prenosiv proizvod koji mo\u017ee raditi \u010dak i u najte\u017eim uslovima gdje drugi laseri moraju da se zaustave. Na\u0161 laser je kompletno rje\u0161enje za potrebe 3D premjera, pristupa\u010dno za svakog.<\/p>\n<p>Zoom300 je jednostavan za kori\u0161tenje i spreman za skeniranje pritiskom na samo jedno dugme. Skener mo\u017ee biti kontrolisan i sa njim upravljano sa svim mobilnim ure\u0111aja sa WLAN konekcijom. Interfejs kojim se upravlja pomo\u0107u menija \u010dini odabir jasnim.<\/p>\n<p>Kako bi upravljali sa laserskim skenerom ZOOM300, potreban je ra\u010dunat, tablet ili telefon sa Wi-Fi i internet preglednikom. Nije potrebna instalacija nikakvih drajvera ni softvera, po\u0161to je internet preglednik ugra\u0111en u skener. Ovaj laserski skener ima najbolje performanske u odnosu na cijenu od svih rje\u0161enja dostupnih na tr\u017ei\u0161tu.<\/p>\n<p>Kompaktni dizajn<\/p>\n<p>Zoom300 je kompaktni laserski skener sa svim \u0161to vam je potrebno u jednom koferu. Ima dvije integrisane kamere 5+5 Mpx sa GPS podacima.<\/p>\n<p>\u010cvrsti ure\u0111aj<\/p>\n<p>Zatvoreno ku\u0107i\u0161te \u0161titi unutra\u0161nje komponente, obezbje\u0111uju\u0107i IP za\u0161titu od pra\u0161ine i vode. Zoom300 mo\u017ee funkcionisati i raditi na temperaturama od\u00a0 -10\u00b0 do +50\u00b0C. Mo\u017eete raditi vi\u0161e od 6 sati sa dvjema baterijama.<\/p>\n<p>Jednostavnost kori\u0161tenja<\/p>\n<p><span style=\"font-size: 14.4px;\">Sa jednostavnim korisni\u010dkim interfejsom, Zoom300 je jednostavan za upotrebu za one koji su novi u laserskom skeniranju.<\/span><\/p>\n<p>Ta\u010dni rezultati<\/p>\n<p>Sa maksimalnim rasponom od 300 m i brzini skeniranje od 40,000 ta\u010daka\/sekundi, mogu\u0107e je posti\u0107i 6 mm @ 50 m ta\u010dnost sa Zoom300.<\/p>\n","protected":false},"excerpt":{"rendered":"<p>Osnovne karakteristike:<\/p>\n<ul>\n<li>-Kompaktni laserski skener, sve u jednom koferu<\/li>\n<li>-Jednostavan interfejs<\/li>\n<li>-Spreman za rad u nekoliko minuta za pove\u0107anu produktivnost<\/li>\n<li>-Wi-Fi funkcionalnost &#8211; upravljanje skenerom direktno sa ra\u010dunara ili telefona (iOS, Android iWindows Mobile)<\/li>\n<li>-2 intergisane kamere 5+5Mpx<\/li>\n<li>-Intergisani GPS podaci<\/li>\n<li>-Klasa lasera 1 &#8211; bezbjedan rad bez za\u0161tite,<\/li>\n<li>-\u010cvrst, a lagan (7kg sa baterijom)<\/li>\n<li>-Vi\u0161e od 6 sati rada sa 2 baterije<\/li>\n<li>-Temperatura rada\u00a0 \u00a0-10\u00b0 do +50\u00b0<\/li>\n<li>-IP65 za\u0161tita, vrhunski za laserski skener<\/li>\n<li>-Najbolje performanse za cijenu, od svih rje\u0161enja na tr\u017ei\u0161tu<\/li>\n<\/ul>\n","protected":false},"featured_media":24973,"comment_status":"open","ping_status":"closed","template":"","meta":{"_acf_changed":false},"product_brand":[],"product_cat":[409,341],"product_tag":[1642,377,1640,1641],"class_list":{"0":"post-22308","1":"product","2":"type-product","3":"status-publish","4":"has-post-thumbnail","6":"product_cat-3d-skeneri","7":"product_cat-geodetska-oprema","8":"product_tag-3d-bs","9":"product_tag-geomax-bs","10":"product_tag-laser-bs","11":"product_tag-skener","12":"pa_brand-geomax-positioning-bs","14":"first","15":"onbackorder","16":"featured","17":"taxable","18":"shipping-taxable","19":"product-type-simple","swatches":"rey-swatches","show_selected":""},"acf":[],"yoast_head":"<!-- This site is optimized with the Yoast SEO plugin v24.9 - https:\/\/yoast.com\/wordpress\/plugins\/seo\/ -->\n<title>GeoMax SPS Zoom300 - Geooprema<\/title>\n<meta name=\"robots\" content=\"index, follow, max-snippet:-1, max-image-preview:large, max-video-preview:-1\" \/>\n<link rel=\"canonical\" href=\"https:\/\/geooprema.com\/bs\/products\/geodetska-oprema\/3d-skeneri\/geomax-sps-zoom300\/\" \/>\n<meta property=\"og:locale\" content=\"bs_BA\" \/>\n<meta property=\"og:type\" content=\"article\" \/>\n<meta property=\"og:title\" content=\"GeoMax SPS Zoom300 - Geooprema\" \/>\n<meta property=\"og:description\" content=\"Osnovne karakteristike:   -Kompaktni laserski skener, sve u jednom koferu  -Jednostavan interfejs  -Spreman za rad u nekoliko minuta za pove\u0107anu produktivnost  -Wi-Fi funkcionalnost - upravljanje skenerom direktno sa ra\u010dunara ili telefona (iOS, Android iWindows Mobile)  -2 intergisane kamere 5+5Mpx  -Intergisani GPS podaci  -Klasa lasera 1 - bezbjedan rad bez za\u0161tite,  -\u010cvrst, a lagan (7kg sa baterijom)  -Vi\u0161e od 6 sati rada sa 2 baterije  -Temperatura rada\u00a0 \u00a0-10\u00b0 do +50\u00b0  -IP65 za\u0161tita, vrhunski za laserski skener  -Najbolje performanse za cijenu, od svih rje\u0161enja na tr\u017ei\u0161tu\" \/>\n<meta property=\"og:url\" content=\"https:\/\/geooprema.com\/bs\/products\/geodetska-oprema\/3d-skeneri\/geomax-sps-zoom300\/\" \/>\n<meta property=\"og:site_name\" content=\"Geooprema\" \/>\n<meta property=\"article:publisher\" content=\"https:\/\/www.facebook.com\/geoinfobih\" \/>\n<meta property=\"article:modified_time\" content=\"2021-06-10T18:23:07+00:00\" \/>\n<meta property=\"og:image\" content=\"https:\/\/geooprema.com\/wp-content\/uploads\/2020\/01\/ezgif.com-webp-to-jpg-1@1.6x.jpg\" \/>\n\t<meta property=\"og:image:width\" content=\"800\" \/>\n\t<meta property=\"og:image:height\" content=\"800\" \/>\n\t<meta property=\"og:image:type\" content=\"image\/jpeg\" \/>\n<meta name=\"twitter:card\" content=\"summary_large_image\" \/>\n<meta name=\"twitter:label1\" content=\"Est. reading time\" \/>\n\t<meta name=\"twitter:data1\" content=\"1 minuta\" \/>\n<script type=\"application\/ld+json\" class=\"yoast-schema-graph\">{\"@context\":\"https:\/\/schema.org\",\"@graph\":[{\"@type\":\"WebPage\",\"@id\":\"https:\/\/geooprema.com\/bs\/products\/geodetska-oprema\/3d-skeneri\/geomax-sps-zoom300\/\",\"url\":\"https:\/\/geooprema.com\/bs\/products\/geodetska-oprema\/3d-skeneri\/geomax-sps-zoom300\/\",\"name\":\"GeoMax SPS Zoom300 - Geooprema\",\"isPartOf\":{\"@id\":\"https:\/\/geooprema.com\/#website\"},\"primaryImageOfPage\":{\"@id\":\"https:\/\/geooprema.com\/bs\/products\/geodetska-oprema\/3d-skeneri\/geomax-sps-zoom300\/#primaryimage\"},\"image\":{\"@id\":\"https:\/\/geooprema.com\/bs\/products\/geodetska-oprema\/3d-skeneri\/geomax-sps-zoom300\/#primaryimage\"},\"thumbnailUrl\":\"https:\/\/geooprema.com\/wp-content\/uploads\/2020\/01\/ezgif.com-webp-to-jpg-1@1.6x.jpg\",\"datePublished\":\"2020-01-06T13:41:22+00:00\",\"dateModified\":\"2021-06-10T18:23:07+00:00\",\"breadcrumb\":{\"@id\":\"https:\/\/geooprema.com\/bs\/products\/geodetska-oprema\/3d-skeneri\/geomax-sps-zoom300\/#breadcrumb\"},\"inLanguage\":\"bs-BA\",\"potentialAction\":[{\"@type\":\"ReadAction\",\"target\":[\"https:\/\/geooprema.com\/bs\/products\/geodetska-oprema\/3d-skeneri\/geomax-sps-zoom300\/\"]}]},{\"@type\":\"ImageObject\",\"inLanguage\":\"bs-BA\",\"@id\":\"https:\/\/geooprema.com\/bs\/products\/geodetska-oprema\/3d-skeneri\/geomax-sps-zoom300\/#primaryimage\",\"url\":\"https:\/\/geooprema.com\/wp-content\/uploads\/2020\/01\/ezgif.com-webp-to-jpg-1@1.6x.jpg\",\"contentUrl\":\"https:\/\/geooprema.com\/wp-content\/uploads\/2020\/01\/ezgif.com-webp-to-jpg-1@1.6x.jpg\",\"width\":800,\"height\":800},{\"@type\":\"BreadcrumbList\",\"@id\":\"https:\/\/geooprema.com\/bs\/products\/geodetska-oprema\/3d-skeneri\/geomax-sps-zoom300\/#breadcrumb\",\"itemListElement\":[{\"@type\":\"ListItem\",\"position\":1,\"name\":\"Home\",\"item\":\"https:\/\/geooprema.com\/bs\/\"},{\"@type\":\"ListItem\",\"position\":2,\"name\":\"Shop\",\"item\":\"https:\/\/geooprema.com\/shop-2\/\"},{\"@type\":\"ListItem\",\"position\":3,\"name\":\"GeoMax SPS Zoom300\"}]},{\"@type\":\"WebSite\",\"@id\":\"https:\/\/geooprema.com\/#website\",\"url\":\"https:\/\/geooprema.com\/\",\"name\":\"Geooprema\",\"description\":\"Surveying and Construction Equipmen, Software and Accessories\",\"publisher\":{\"@id\":\"https:\/\/geooprema.com\/#organization\"},\"potentialAction\":[{\"@type\":\"SearchAction\",\"target\":{\"@type\":\"EntryPoint\",\"urlTemplate\":\"https:\/\/geooprema.com\/?s={search_term_string}\"},\"query-input\":{\"@type\":\"PropertyValueSpecification\",\"valueRequired\":true,\"valueName\":\"search_term_string\"}}],\"inLanguage\":\"bs-BA\"},{\"@type\":\"Organization\",\"@id\":\"https:\/\/geooprema.com\/#organization\",\"name\":\"Geooprema\",\"url\":\"https:\/\/geooprema.com\/\",\"logo\":{\"@type\":\"ImageObject\",\"inLanguage\":\"bs-BA\",\"@id\":\"https:\/\/geooprema.com\/#\/schema\/logo\/image\/\",\"url\":\"https:\/\/geooprema.com\/wp-content\/uploads\/2020\/08\/geooprema-logo.png\",\"contentUrl\":\"https:\/\/geooprema.com\/wp-content\/uploads\/2020\/08\/geooprema-logo.png\",\"width\":513,\"height\":161,\"caption\":\"Geooprema\"},\"image\":{\"@id\":\"https:\/\/geooprema.com\/#\/schema\/logo\/image\/\"},\"sameAs\":[\"https:\/\/www.facebook.com\/geoinfobih\",\"https:\/\/www.instagram.com\/geoinfodoo\/\",\"https:\/\/www.linkedin.com\/company\/geoinfo-doo\/\",\"https:\/\/www.youtube.com\/c\/Geoinfodoo\"]}]}<\/script>\n<!-- \/ Yoast SEO plugin. -->","yoast_head_json":{"title":"GeoMax SPS Zoom300 - Geooprema","robots":{"index":"index","follow":"follow","max-snippet":"max-snippet:-1","max-image-preview":"max-image-preview:large","max-video-preview":"max-video-preview:-1"},"canonical":"https:\/\/geooprema.com\/bs\/products\/geodetska-oprema\/3d-skeneri\/geomax-sps-zoom300\/","og_locale":"bs_BA","og_type":"article","og_title":"GeoMax SPS Zoom300 - Geooprema","og_description":"Osnovne karakteristike:   -Kompaktni laserski skener, sve u jednom koferu  -Jednostavan interfejs  -Spreman za rad u nekoliko minuta za pove\u0107anu produktivnost  -Wi-Fi funkcionalnost - upravljanje skenerom direktno sa ra\u010dunara ili telefona (iOS, Android iWindows Mobile)  -2 intergisane kamere 5+5Mpx  -Intergisani GPS podaci  -Klasa lasera 1 - bezbjedan rad bez za\u0161tite,  -\u010cvrst, a lagan (7kg sa baterijom)  -Vi\u0161e od 6 sati rada sa 2 baterije  -Temperatura rada\u00a0 \u00a0-10\u00b0 do +50\u00b0  -IP65 za\u0161tita, vrhunski za laserski skener  -Najbolje performanse za cijenu, od svih rje\u0161enja na tr\u017ei\u0161tu","og_url":"https:\/\/geooprema.com\/bs\/products\/geodetska-oprema\/3d-skeneri\/geomax-sps-zoom300\/","og_site_name":"Geooprema","article_publisher":"https:\/\/www.facebook.com\/geoinfobih","article_modified_time":"2021-06-10T18:23:07+00:00","og_image":[{"width":800,"height":800,"url":"https:\/\/geooprema.com\/wp-content\/uploads\/2020\/01\/ezgif.com-webp-to-jpg-1@1.6x.jpg","type":"image\/jpeg"}],"twitter_card":"summary_large_image","twitter_misc":{"Est. reading time":"1 minuta"},"schema":{"@context":"https:\/\/schema.org","@graph":[{"@type":"WebPage","@id":"https:\/\/geooprema.com\/bs\/products\/geodetska-oprema\/3d-skeneri\/geomax-sps-zoom300\/","url":"https:\/\/geooprema.com\/bs\/products\/geodetska-oprema\/3d-skeneri\/geomax-sps-zoom300\/","name":"GeoMax SPS Zoom300 - Geooprema","isPartOf":{"@id":"https:\/\/geooprema.com\/#website"},"primaryImageOfPage":{"@id":"https:\/\/geooprema.com\/bs\/products\/geodetska-oprema\/3d-skeneri\/geomax-sps-zoom300\/#primaryimage"},"image":{"@id":"https:\/\/geooprema.com\/bs\/products\/geodetska-oprema\/3d-skeneri\/geomax-sps-zoom300\/#primaryimage"},"thumbnailUrl":"https:\/\/geooprema.com\/wp-content\/uploads\/2020\/01\/ezgif.com-webp-to-jpg-1@1.6x.jpg","datePublished":"2020-01-06T13:41:22+00:00","dateModified":"2021-06-10T18:23:07+00:00","breadcrumb":{"@id":"https:\/\/geooprema.com\/bs\/products\/geodetska-oprema\/3d-skeneri\/geomax-sps-zoom300\/#breadcrumb"},"inLanguage":"bs-BA","potentialAction":[{"@type":"ReadAction","target":["https:\/\/geooprema.com\/bs\/products\/geodetska-oprema\/3d-skeneri\/geomax-sps-zoom300\/"]}]},{"@type":"ImageObject","inLanguage":"bs-BA","@id":"https:\/\/geooprema.com\/bs\/products\/geodetska-oprema\/3d-skeneri\/geomax-sps-zoom300\/#primaryimage","url":"https:\/\/geooprema.com\/wp-content\/uploads\/2020\/01\/ezgif.com-webp-to-jpg-1@1.6x.jpg","contentUrl":"https:\/\/geooprema.com\/wp-content\/uploads\/2020\/01\/ezgif.com-webp-to-jpg-1@1.6x.jpg","width":800,"height":800},{"@type":"BreadcrumbList","@id":"https:\/\/geooprema.com\/bs\/products\/geodetska-oprema\/3d-skeneri\/geomax-sps-zoom300\/#breadcrumb","itemListElement":[{"@type":"ListItem","position":1,"name":"Home","item":"https:\/\/geooprema.com\/bs\/"},{"@type":"ListItem","position":2,"name":"Shop","item":"https:\/\/geooprema.com\/shop-2\/"},{"@type":"ListItem","position":3,"name":"GeoMax SPS Zoom300"}]},{"@type":"WebSite","@id":"https:\/\/geooprema.com\/#website","url":"https:\/\/geooprema.com\/","name":"Geooprema","description":"Surveying and Construction Equipmen, Software and Accessories","publisher":{"@id":"https:\/\/geooprema.com\/#organization"},"potentialAction":[{"@type":"SearchAction","target":{"@type":"EntryPoint","urlTemplate":"https:\/\/geooprema.com\/?s={search_term_string}"},"query-input":{"@type":"PropertyValueSpecification","valueRequired":true,"valueName":"search_term_string"}}],"inLanguage":"bs-BA"},{"@type":"Organization","@id":"https:\/\/geooprema.com\/#organization","name":"Geooprema","url":"https:\/\/geooprema.com\/","logo":{"@type":"ImageObject","inLanguage":"bs-BA","@id":"https:\/\/geooprema.com\/#\/schema\/logo\/image\/","url":"https:\/\/geooprema.com\/wp-content\/uploads\/2020\/08\/geooprema-logo.png","contentUrl":"https:\/\/geooprema.com\/wp-content\/uploads\/2020\/08\/geooprema-logo.png","width":513,"height":161,"caption":"Geooprema"},"image":{"@id":"https:\/\/geooprema.com\/#\/schema\/logo\/image\/"},"sameAs":["https:\/\/www.facebook.com\/geoinfobih","https:\/\/www.instagram.com\/geoinfodoo\/","https:\/\/www.linkedin.com\/company\/geoinfo-doo\/","https:\/\/www.youtube.com\/c\/Geoinfodoo"]}]}},"_links":{"self":[{"href":"https:\/\/geooprema.com\/bs\/wp-json\/wp\/v2\/product\/22308","targetHints":{"allow":["GET"]}}],"collection":[{"href":"https:\/\/geooprema.com\/bs\/wp-json\/wp\/v2\/product"}],"about":[{"href":"https:\/\/geooprema.com\/bs\/wp-json\/wp\/v2\/types\/product"}],"replies":[{"embeddable":true,"href":"https:\/\/geooprema.com\/bs\/wp-json\/wp\/v2\/comments?post=22308"}],"wp:featuredmedia":[{"embeddable":true,"href":"https:\/\/geooprema.com\/bs\/wp-json\/wp\/v2\/media\/24973"}],"wp:attachment":[{"href":"https:\/\/geooprema.com\/bs\/wp-json\/wp\/v2\/media?parent=22308"}],"wp:term":[{"taxonomy":"product_brand","embeddable":true,"href":"https:\/\/geooprema.com\/bs\/wp-json\/wp\/v2\/product_brand?post=22308"},{"taxonomy":"product_cat","embeddable":true,"href":"https:\/\/geooprema.com\/bs\/wp-json\/wp\/v2\/product_cat?post=22308"},{"taxonomy":"product_tag","embeddable":true,"href":"https:\/\/geooprema.com\/bs\/wp-json\/wp\/v2\/product_tag?post=22308"}],"curies":[{"name":"wp","href":"https:\/\/api.w.org\/{rel}","templated":true}]}}