
{"id":22253,"date":"2020-01-06T20:10:47","date_gmt":"2020-01-06T20:10:47","guid":{"rendered":"https:\/\/geooprema.com\/shop\/Bez%20kategorije\/geomax-zeta-125-serija\/"},"modified":"2021-06-15T23:01:13","modified_gmt":"2021-06-15T23:01:13","slug":"geomax-zeta-125-serija","status":"publish","type":"product","link":"https:\/\/geooprema.com\/bs\/products\/gradjevinska-oprema\/laseri-za-cijevi\/geomax-zeta-125-serija\/","title":{"rendered":"GeoMax Zeta 125 Serija"},"content":{"rendered":"<p>Dosljedna preciznost i ta\u010dnost su obezbije\u0111eni kompaktnim, \u010dvrstim i kompletnim karakteristikama GeoMax lasera za cijevi. Sa funkcionalnom i svestranom konfiguracijom\u00a0 i velikim rasponom karakteristika i \u010dvrstim dizajnom, Zeta serija lasera za cijevi ispunjava sve va\u0161e potrebe.<\/p>\n<p>Maksimalna produktivnost<\/p>\n<p>Budite najproduktivniji sa brzim samonivelisanjem, automatskim poravnanjem sa metom i kompenzacijom popre\u010dne osovine<\/p>\n<p>Maksimalna \u010dvrsto\u0107a<\/p>\n<p>Sa IP68 certifikatom za\u00a0 dokaz o potapanju i potpuno metalnim ku\u0107i\u0161tem,Zeta125 je napravljena da traje.<\/p>\n<p>Maksimalna fleksibilnost<\/p>\n<p>GeoMax laser za cijevi pogodan za veliki broj dodataka za upravljanje sa udaljenosti i sigurnu i svestranu opciju punjenja.<\/p>\n<p>Maksimalna ta\u010dnost<\/p>\n<p>Uradite posao bez gre\u0161ke, bez obzira na to kakvi spolja\u0161nji uslovi mogu biti.<\/p>\n","protected":false},"excerpt":{"rendered":"<p>Maksimalna produktivnost<\/p>\n<ul>\n<li>Brzo samonivelisanje<\/li>\n<li>Automatsko poravnanje sa metom<\/li>\n<li>Kompenzacija popre\u010dne osovine<\/li>\n<\/ul>\n<p>Maksimanlna \u010dvrsto\u0107a<\/p>\n<ul>\n<li>IP68 za\u0161tita<\/li>\n<li>Potpuno metalno ku\u0107i\u0161te<\/li>\n<li>Napravljeno da traje<\/li>\n<\/ul>\n<p>Maksimalna fleksibilnost<\/p>\n<ul>\n<li>Veliki raspon dodataka<\/li>\n<li>Kontrola sa velike udaljenosti<\/li>\n<li>Sigurne i svestrane opcije punjenja<\/li>\n<\/ul>\n","protected":false},"featured_media":25043,"comment_status":"open","ping_status":"closed","template":"","meta":{"_acf_changed":false},"product_brand":[],"product_cat":[397,401],"product_tag":[],"class_list":{"0":"post-22253","1":"product","2":"type-product","3":"status-publish","4":"has-post-thumbnail","6":"product_cat-gradjevinska-oprema","7":"product_cat-laseri-za-cijevi","8":"pa_brand-geomax-positioning-bs","10":"first","11":"onbackorder","12":"featured","13":"taxable","14":"shipping-taxable","15":"product-type-simple","swatches":"rey-swatches","show_selected":""},"acf":[],"yoast_head":"<!-- This site is optimized with the Yoast SEO plugin v24.9 - https:\/\/yoast.com\/wordpress\/plugins\/seo\/ -->\n<title>GeoMax Zeta 125 Serija - Geooprema<\/title>\n<meta name=\"robots\" content=\"index, follow, max-snippet:-1, max-image-preview:large, max-video-preview:-1\" \/>\n<link rel=\"canonical\" href=\"https:\/\/geooprema.com\/bs\/products\/gradjevinska-oprema\/laseri-za-cijevi\/geomax-zeta-125-serija\/\" \/>\n<meta property=\"og:locale\" content=\"bs_BA\" \/>\n<meta property=\"og:type\" content=\"article\" \/>\n<meta property=\"og:title\" content=\"GeoMax Zeta 125 Serija - Geooprema\" \/>\n<meta property=\"og:description\" content=\"Maksimalna produktivnost   Brzo samonivelisanje  Automatsko poravnanje sa metom  Kompenzacija popre\u010dne osovine  Maksimanlna \u010dvrsto\u0107a   IP68 za\u0161tita  Potpuno metalno ku\u0107i\u0161te  Napravljeno da traje  Maksimalna fleksibilnost   Veliki raspon dodataka  Kontrola sa velike udaljenosti  Sigurne i svestrane opcije punjenja\" \/>\n<meta property=\"og:url\" content=\"https:\/\/geooprema.com\/bs\/products\/gradjevinska-oprema\/laseri-za-cijevi\/geomax-zeta-125-serija\/\" \/>\n<meta property=\"og:site_name\" content=\"Geooprema\" \/>\n<meta property=\"article:publisher\" content=\"https:\/\/www.facebook.com\/geoinfobih\" \/>\n<meta property=\"article:modified_time\" content=\"2021-06-15T23:01:13+00:00\" \/>\n<meta property=\"og:image\" content=\"https:\/\/geooprema.com\/wp-content\/uploads\/2020\/01\/Zeta125_and_Zeta125s.jpg\" \/>\n\t<meta property=\"og:image:width\" content=\"800\" \/>\n\t<meta property=\"og:image:height\" content=\"800\" \/>\n\t<meta property=\"og:image:type\" content=\"image\/jpeg\" \/>\n<meta name=\"twitter:card\" content=\"summary_large_image\" \/>\n<meta name=\"twitter:label1\" content=\"Est. reading time\" \/>\n\t<meta name=\"twitter:data1\" content=\"1 minuta\" \/>\n<script type=\"application\/ld+json\" class=\"yoast-schema-graph\">{\"@context\":\"https:\/\/schema.org\",\"@graph\":[{\"@type\":\"WebPage\",\"@id\":\"https:\/\/geooprema.com\/bs\/products\/gradjevinska-oprema\/laseri-za-cijevi\/geomax-zeta-125-serija\/\",\"url\":\"https:\/\/geooprema.com\/bs\/products\/gradjevinska-oprema\/laseri-za-cijevi\/geomax-zeta-125-serija\/\",\"name\":\"GeoMax Zeta 125 Serija - Geooprema\",\"isPartOf\":{\"@id\":\"https:\/\/geooprema.com\/#website\"},\"primaryImageOfPage\":{\"@id\":\"https:\/\/geooprema.com\/bs\/products\/gradjevinska-oprema\/laseri-za-cijevi\/geomax-zeta-125-serija\/#primaryimage\"},\"image\":{\"@id\":\"https:\/\/geooprema.com\/bs\/products\/gradjevinska-oprema\/laseri-za-cijevi\/geomax-zeta-125-serija\/#primaryimage\"},\"thumbnailUrl\":\"https:\/\/geooprema.com\/wp-content\/uploads\/2020\/01\/Zeta125_and_Zeta125s.jpg\",\"datePublished\":\"2020-01-06T20:10:47+00:00\",\"dateModified\":\"2021-06-15T23:01:13+00:00\",\"breadcrumb\":{\"@id\":\"https:\/\/geooprema.com\/bs\/products\/gradjevinska-oprema\/laseri-za-cijevi\/geomax-zeta-125-serija\/#breadcrumb\"},\"inLanguage\":\"bs-BA\",\"potentialAction\":[{\"@type\":\"ReadAction\",\"target\":[\"https:\/\/geooprema.com\/bs\/products\/gradjevinska-oprema\/laseri-za-cijevi\/geomax-zeta-125-serija\/\"]}]},{\"@type\":\"ImageObject\",\"inLanguage\":\"bs-BA\",\"@id\":\"https:\/\/geooprema.com\/bs\/products\/gradjevinska-oprema\/laseri-za-cijevi\/geomax-zeta-125-serija\/#primaryimage\",\"url\":\"https:\/\/geooprema.com\/wp-content\/uploads\/2020\/01\/Zeta125_and_Zeta125s.jpg\",\"contentUrl\":\"https:\/\/geooprema.com\/wp-content\/uploads\/2020\/01\/Zeta125_and_Zeta125s.jpg\",\"width\":800,\"height\":800},{\"@type\":\"BreadcrumbList\",\"@id\":\"https:\/\/geooprema.com\/bs\/products\/gradjevinska-oprema\/laseri-za-cijevi\/geomax-zeta-125-serija\/#breadcrumb\",\"itemListElement\":[{\"@type\":\"ListItem\",\"position\":1,\"name\":\"Home\",\"item\":\"https:\/\/geooprema.com\/bs\/\"},{\"@type\":\"ListItem\",\"position\":2,\"name\":\"Shop\",\"item\":\"https:\/\/geooprema.com\/shop-2\/\"},{\"@type\":\"ListItem\",\"position\":3,\"name\":\"GeoMax Zeta 125 Serija\"}]},{\"@type\":\"WebSite\",\"@id\":\"https:\/\/geooprema.com\/#website\",\"url\":\"https:\/\/geooprema.com\/\",\"name\":\"Geooprema\",\"description\":\"Surveying and Construction Equipmen, Software and Accessories\",\"publisher\":{\"@id\":\"https:\/\/geooprema.com\/#organization\"},\"potentialAction\":[{\"@type\":\"SearchAction\",\"target\":{\"@type\":\"EntryPoint\",\"urlTemplate\":\"https:\/\/geooprema.com\/?s={search_term_string}\"},\"query-input\":{\"@type\":\"PropertyValueSpecification\",\"valueRequired\":true,\"valueName\":\"search_term_string\"}}],\"inLanguage\":\"bs-BA\"},{\"@type\":\"Organization\",\"@id\":\"https:\/\/geooprema.com\/#organization\",\"name\":\"Geooprema\",\"url\":\"https:\/\/geooprema.com\/\",\"logo\":{\"@type\":\"ImageObject\",\"inLanguage\":\"bs-BA\",\"@id\":\"https:\/\/geooprema.com\/#\/schema\/logo\/image\/\",\"url\":\"https:\/\/geooprema.com\/wp-content\/uploads\/2020\/08\/geooprema-logo.png\",\"contentUrl\":\"https:\/\/geooprema.com\/wp-content\/uploads\/2020\/08\/geooprema-logo.png\",\"width\":513,\"height\":161,\"caption\":\"Geooprema\"},\"image\":{\"@id\":\"https:\/\/geooprema.com\/#\/schema\/logo\/image\/\"},\"sameAs\":[\"https:\/\/www.facebook.com\/geoinfobih\",\"https:\/\/www.instagram.com\/geoinfodoo\/\",\"https:\/\/www.linkedin.com\/company\/geoinfo-doo\/\",\"https:\/\/www.youtube.com\/c\/Geoinfodoo\"]}]}<\/script>\n<!-- \/ Yoast SEO plugin. -->","yoast_head_json":{"title":"GeoMax Zeta 125 Serija - Geooprema","robots":{"index":"index","follow":"follow","max-snippet":"max-snippet:-1","max-image-preview":"max-image-preview:large","max-video-preview":"max-video-preview:-1"},"canonical":"https:\/\/geooprema.com\/bs\/products\/gradjevinska-oprema\/laseri-za-cijevi\/geomax-zeta-125-serija\/","og_locale":"bs_BA","og_type":"article","og_title":"GeoMax Zeta 125 Serija - Geooprema","og_description":"Maksimalna produktivnost   Brzo samonivelisanje  Automatsko poravnanje sa metom  Kompenzacija popre\u010dne osovine  Maksimanlna \u010dvrsto\u0107a   IP68 za\u0161tita  Potpuno metalno ku\u0107i\u0161te  Napravljeno da traje  Maksimalna fleksibilnost   Veliki raspon dodataka  Kontrola sa velike udaljenosti  Sigurne i svestrane opcije punjenja","og_url":"https:\/\/geooprema.com\/bs\/products\/gradjevinska-oprema\/laseri-za-cijevi\/geomax-zeta-125-serija\/","og_site_name":"Geooprema","article_publisher":"https:\/\/www.facebook.com\/geoinfobih","article_modified_time":"2021-06-15T23:01:13+00:00","og_image":[{"width":800,"height":800,"url":"https:\/\/geooprema.com\/wp-content\/uploads\/2020\/01\/Zeta125_and_Zeta125s.jpg","type":"image\/jpeg"}],"twitter_card":"summary_large_image","twitter_misc":{"Est. reading time":"1 minuta"},"schema":{"@context":"https:\/\/schema.org","@graph":[{"@type":"WebPage","@id":"https:\/\/geooprema.com\/bs\/products\/gradjevinska-oprema\/laseri-za-cijevi\/geomax-zeta-125-serija\/","url":"https:\/\/geooprema.com\/bs\/products\/gradjevinska-oprema\/laseri-za-cijevi\/geomax-zeta-125-serija\/","name":"GeoMax Zeta 125 Serija - Geooprema","isPartOf":{"@id":"https:\/\/geooprema.com\/#website"},"primaryImageOfPage":{"@id":"https:\/\/geooprema.com\/bs\/products\/gradjevinska-oprema\/laseri-za-cijevi\/geomax-zeta-125-serija\/#primaryimage"},"image":{"@id":"https:\/\/geooprema.com\/bs\/products\/gradjevinska-oprema\/laseri-za-cijevi\/geomax-zeta-125-serija\/#primaryimage"},"thumbnailUrl":"https:\/\/geooprema.com\/wp-content\/uploads\/2020\/01\/Zeta125_and_Zeta125s.jpg","datePublished":"2020-01-06T20:10:47+00:00","dateModified":"2021-06-15T23:01:13+00:00","breadcrumb":{"@id":"https:\/\/geooprema.com\/bs\/products\/gradjevinska-oprema\/laseri-za-cijevi\/geomax-zeta-125-serija\/#breadcrumb"},"inLanguage":"bs-BA","potentialAction":[{"@type":"ReadAction","target":["https:\/\/geooprema.com\/bs\/products\/gradjevinska-oprema\/laseri-za-cijevi\/geomax-zeta-125-serija\/"]}]},{"@type":"ImageObject","inLanguage":"bs-BA","@id":"https:\/\/geooprema.com\/bs\/products\/gradjevinska-oprema\/laseri-za-cijevi\/geomax-zeta-125-serija\/#primaryimage","url":"https:\/\/geooprema.com\/wp-content\/uploads\/2020\/01\/Zeta125_and_Zeta125s.jpg","contentUrl":"https:\/\/geooprema.com\/wp-content\/uploads\/2020\/01\/Zeta125_and_Zeta125s.jpg","width":800,"height":800},{"@type":"BreadcrumbList","@id":"https:\/\/geooprema.com\/bs\/products\/gradjevinska-oprema\/laseri-za-cijevi\/geomax-zeta-125-serija\/#breadcrumb","itemListElement":[{"@type":"ListItem","position":1,"name":"Home","item":"https:\/\/geooprema.com\/bs\/"},{"@type":"ListItem","position":2,"name":"Shop","item":"https:\/\/geooprema.com\/shop-2\/"},{"@type":"ListItem","position":3,"name":"GeoMax Zeta 125 Serija"}]},{"@type":"WebSite","@id":"https:\/\/geooprema.com\/#website","url":"https:\/\/geooprema.com\/","name":"Geooprema","description":"Surveying and Construction Equipmen, Software and Accessories","publisher":{"@id":"https:\/\/geooprema.com\/#organization"},"potentialAction":[{"@type":"SearchAction","target":{"@type":"EntryPoint","urlTemplate":"https:\/\/geooprema.com\/?s={search_term_string}"},"query-input":{"@type":"PropertyValueSpecification","valueRequired":true,"valueName":"search_term_string"}}],"inLanguage":"bs-BA"},{"@type":"Organization","@id":"https:\/\/geooprema.com\/#organization","name":"Geooprema","url":"https:\/\/geooprema.com\/","logo":{"@type":"ImageObject","inLanguage":"bs-BA","@id":"https:\/\/geooprema.com\/#\/schema\/logo\/image\/","url":"https:\/\/geooprema.com\/wp-content\/uploads\/2020\/08\/geooprema-logo.png","contentUrl":"https:\/\/geooprema.com\/wp-content\/uploads\/2020\/08\/geooprema-logo.png","width":513,"height":161,"caption":"Geooprema"},"image":{"@id":"https:\/\/geooprema.com\/#\/schema\/logo\/image\/"},"sameAs":["https:\/\/www.facebook.com\/geoinfobih","https:\/\/www.instagram.com\/geoinfodoo\/","https:\/\/www.linkedin.com\/company\/geoinfo-doo\/","https:\/\/www.youtube.com\/c\/Geoinfodoo"]}]}},"_links":{"self":[{"href":"https:\/\/geooprema.com\/bs\/wp-json\/wp\/v2\/product\/22253","targetHints":{"allow":["GET"]}}],"collection":[{"href":"https:\/\/geooprema.com\/bs\/wp-json\/wp\/v2\/product"}],"about":[{"href":"https:\/\/geooprema.com\/bs\/wp-json\/wp\/v2\/types\/product"}],"replies":[{"embeddable":true,"href":"https:\/\/geooprema.com\/bs\/wp-json\/wp\/v2\/comments?post=22253"}],"wp:featuredmedia":[{"embeddable":true,"href":"https:\/\/geooprema.com\/bs\/wp-json\/wp\/v2\/media\/25043"}],"wp:attachment":[{"href":"https:\/\/geooprema.com\/bs\/wp-json\/wp\/v2\/media?parent=22253"}],"wp:term":[{"taxonomy":"product_brand","embeddable":true,"href":"https:\/\/geooprema.com\/bs\/wp-json\/wp\/v2\/product_brand?post=22253"},{"taxonomy":"product_cat","embeddable":true,"href":"https:\/\/geooprema.com\/bs\/wp-json\/wp\/v2\/product_cat?post=22253"},{"taxonomy":"product_tag","embeddable":true,"href":"https:\/\/geooprema.com\/bs\/wp-json\/wp\/v2\/product_tag?post=22253"}],"curies":[{"name":"wp","href":"https:\/\/api.w.org\/{rel}","templated":true}]}}