
{"id":22239,"date":"2020-01-06T20:26:20","date_gmt":"2020-01-06T20:26:20","guid":{"rendered":"https:\/\/geooprema.com\/shop\/Bez%20kategorije\/geomax-ezisystem-i-series\/"},"modified":"2021-06-16T09:34:18","modified_gmt":"2021-06-16T09:34:18","slug":"geomax-ezisystem-i-serija","status":"publish","type":"product","link":"https:\/\/geooprema.com\/bs\/products\/gradjevinska-oprema\/tragaci\/geomax-ezisystem-i-serija\/","title":{"rendered":"GeoMax EZiSYSTEM i-Serija"},"content":{"rendered":"<p>Lako izbjegavanje zakopanih kablova i cijevi prije radova kopanja!<\/p>\n<p>Svake godine radnici na gardili\u0161tu budu povrije\u0111eni i oprema o\u0161te\u0107ena zbog slu\u010dajnog udara na zakopane kablove i cijevi. Kako kompleksnost veliki podzemnih mre\u017ea komunalnih ure\u0111aja raste, poznavanje lokacije zakopanih instalacije nikada nije bila potrebnija.<\/p>\n<p>EZiSYSTEM oprema za izbjegavanje instalacija \u010dini lociranje kablova i cijevi lakom i efikasnom. Sa EZiSYSTEM i-Serijom lokatora, nema potreba za ru\u010dnim pode\u0161avanjem osjetljivosti. Sa automatskom karakteristikom Pinpointing korisnici mogu prosto stisnuti okida\u010d i traganje po\u010dinje.<\/p>\n<p>Ovi \u010dvrsti traga\u010di su projektovani da imaju jednostavnost kori\u0161tenja i da su im sastavni dijelovi dobro poznate, djelotvoren karakteristike. Ove karakteristike \u010dine izbjegavanje i lociranje podzemnih instalacija lakim i jednostavnim zadatkom. Jednostavni su za kori\u0161tenje, jednostavnim sitskom se pokre\u0107u\u00a0 i traganje po\u010dinje.<\/p>\n<p>i500<\/p>\n<p>\u010cvrsti, jednostavan za kori\u0161tenje traga\u010d<\/p>\n<p>i550<\/p>\n<p>Traga\u010d sa dodatnom karakteristikom procjene dubine<\/p>\n","protected":false},"excerpt":{"rendered":"<p>Klju\u010dne karasteristike:<\/p>\n<ul>\n<li>Automatska preciznost<\/li>\n<li>Procjena dubine (i550 samo)<\/li>\n<li>Moduli: Power (default), radio, auto, 8kHz, 33kHz<\/li>\n<li>Zona hazarda<\/li>\n<li>Precizna pomo\u0107<\/li>\n<li>Indikator ja\u010dine signala<\/li>\n<li>Ugra\u0111en samotest<\/li>\n<li>Indikator servisa<\/li>\n<\/ul>\n","protected":false},"featured_media":22854,"comment_status":"open","ping_status":"closed","template":"","meta":{"_acf_changed":false},"product_brand":[],"product_cat":[397,402],"product_tag":[1720,1721,377,1717,1718,1719],"class_list":{"0":"post-22239","1":"product","2":"type-product","3":"status-publish","4":"has-post-thumbnail","6":"product_cat-gradjevinska-oprema","7":"product_cat-tragaci","8":"product_tag-cijev","9":"product_tag-detektori","10":"product_tag-geomax-bs","11":"product_tag-korisnost","12":"product_tag-lokatori","13":"product_tag-pronalazaci","14":"pa_brand-geomax-positioning-bs","16":"first","17":"onbackorder","18":"taxable","19":"shipping-taxable","20":"product-type-simple","swatches":"rey-swatches","show_selected":""},"acf":[],"yoast_head":"<!-- This site is optimized with the Yoast SEO plugin v24.9 - https:\/\/yoast.com\/wordpress\/plugins\/seo\/ -->\n<title>GeoMax EZiSYSTEM i-Serija - Geooprema<\/title>\n<meta name=\"robots\" content=\"index, follow, max-snippet:-1, max-image-preview:large, max-video-preview:-1\" \/>\n<link rel=\"canonical\" href=\"https:\/\/geooprema.com\/bs\/products\/gradjevinska-oprema\/tragaci\/geomax-ezisystem-i-serija\/\" \/>\n<meta property=\"og:locale\" content=\"bs_BA\" \/>\n<meta property=\"og:type\" content=\"article\" \/>\n<meta property=\"og:title\" content=\"GeoMax EZiSYSTEM i-Serija - Geooprema\" \/>\n<meta property=\"og:description\" content=\"Klju\u010dne karasteristike:   Automatska preciznost  Procjena dubine (i550 samo)  Moduli: Power (default), radio, auto, 8kHz, 33kHz  Zona hazarda  Precizna pomo\u0107  Indikator ja\u010dine signala  Ugra\u0111en samotest  Indikator servisa\" \/>\n<meta property=\"og:url\" content=\"https:\/\/geooprema.com\/bs\/products\/gradjevinska-oprema\/tragaci\/geomax-ezisystem-i-serija\/\" \/>\n<meta property=\"og:site_name\" content=\"Geooprema\" \/>\n<meta property=\"article:publisher\" content=\"https:\/\/www.facebook.com\/geoinfobih\" \/>\n<meta property=\"article:modified_time\" content=\"2021-06-16T09:34:18+00:00\" \/>\n<meta property=\"og:image\" content=\"https:\/\/geooprema.com\/wp-content\/uploads\/2020\/01\/EZiSYSTEM-i-Series-1.jpg\" \/>\n\t<meta property=\"og:image:width\" content=\"850\" \/>\n\t<meta property=\"og:image:height\" content=\"850\" \/>\n\t<meta property=\"og:image:type\" content=\"image\/jpeg\" \/>\n<meta name=\"twitter:card\" content=\"summary_large_image\" \/>\n<meta name=\"twitter:label1\" content=\"Est. reading time\" \/>\n\t<meta name=\"twitter:data1\" content=\"1 minuta\" \/>\n<script type=\"application\/ld+json\" class=\"yoast-schema-graph\">{\"@context\":\"https:\/\/schema.org\",\"@graph\":[{\"@type\":\"WebPage\",\"@id\":\"https:\/\/geooprema.com\/bs\/products\/gradjevinska-oprema\/tragaci\/geomax-ezisystem-i-serija\/\",\"url\":\"https:\/\/geooprema.com\/bs\/products\/gradjevinska-oprema\/tragaci\/geomax-ezisystem-i-serija\/\",\"name\":\"GeoMax EZiSYSTEM i-Serija - Geooprema\",\"isPartOf\":{\"@id\":\"https:\/\/geooprema.com\/#website\"},\"primaryImageOfPage\":{\"@id\":\"https:\/\/geooprema.com\/bs\/products\/gradjevinska-oprema\/tragaci\/geomax-ezisystem-i-serija\/#primaryimage\"},\"image\":{\"@id\":\"https:\/\/geooprema.com\/bs\/products\/gradjevinska-oprema\/tragaci\/geomax-ezisystem-i-serija\/#primaryimage\"},\"thumbnailUrl\":\"https:\/\/geooprema.com\/wp-content\/uploads\/2020\/01\/EZiSYSTEM-i-Series-1.jpg\",\"datePublished\":\"2020-01-06T20:26:20+00:00\",\"dateModified\":\"2021-06-16T09:34:18+00:00\",\"breadcrumb\":{\"@id\":\"https:\/\/geooprema.com\/bs\/products\/gradjevinska-oprema\/tragaci\/geomax-ezisystem-i-serija\/#breadcrumb\"},\"inLanguage\":\"bs-BA\",\"potentialAction\":[{\"@type\":\"ReadAction\",\"target\":[\"https:\/\/geooprema.com\/bs\/products\/gradjevinska-oprema\/tragaci\/geomax-ezisystem-i-serija\/\"]}]},{\"@type\":\"ImageObject\",\"inLanguage\":\"bs-BA\",\"@id\":\"https:\/\/geooprema.com\/bs\/products\/gradjevinska-oprema\/tragaci\/geomax-ezisystem-i-serija\/#primaryimage\",\"url\":\"https:\/\/geooprema.com\/wp-content\/uploads\/2020\/01\/EZiSYSTEM-i-Series-1.jpg\",\"contentUrl\":\"https:\/\/geooprema.com\/wp-content\/uploads\/2020\/01\/EZiSYSTEM-i-Series-1.jpg\",\"width\":850,\"height\":850},{\"@type\":\"BreadcrumbList\",\"@id\":\"https:\/\/geooprema.com\/bs\/products\/gradjevinska-oprema\/tragaci\/geomax-ezisystem-i-serija\/#breadcrumb\",\"itemListElement\":[{\"@type\":\"ListItem\",\"position\":1,\"name\":\"Home\",\"item\":\"https:\/\/geooprema.com\/bs\/\"},{\"@type\":\"ListItem\",\"position\":2,\"name\":\"Shop\",\"item\":\"https:\/\/geooprema.com\/shop-2\/\"},{\"@type\":\"ListItem\",\"position\":3,\"name\":\"GeoMax EZiSYSTEM i-Serija\"}]},{\"@type\":\"WebSite\",\"@id\":\"https:\/\/geooprema.com\/#website\",\"url\":\"https:\/\/geooprema.com\/\",\"name\":\"Geooprema\",\"description\":\"Surveying and Construction Equipmen, Software and Accessories\",\"publisher\":{\"@id\":\"https:\/\/geooprema.com\/#organization\"},\"potentialAction\":[{\"@type\":\"SearchAction\",\"target\":{\"@type\":\"EntryPoint\",\"urlTemplate\":\"https:\/\/geooprema.com\/?s={search_term_string}\"},\"query-input\":{\"@type\":\"PropertyValueSpecification\",\"valueRequired\":true,\"valueName\":\"search_term_string\"}}],\"inLanguage\":\"bs-BA\"},{\"@type\":\"Organization\",\"@id\":\"https:\/\/geooprema.com\/#organization\",\"name\":\"Geooprema\",\"url\":\"https:\/\/geooprema.com\/\",\"logo\":{\"@type\":\"ImageObject\",\"inLanguage\":\"bs-BA\",\"@id\":\"https:\/\/geooprema.com\/#\/schema\/logo\/image\/\",\"url\":\"https:\/\/geooprema.com\/wp-content\/uploads\/2020\/08\/geooprema-logo.png\",\"contentUrl\":\"https:\/\/geooprema.com\/wp-content\/uploads\/2020\/08\/geooprema-logo.png\",\"width\":513,\"height\":161,\"caption\":\"Geooprema\"},\"image\":{\"@id\":\"https:\/\/geooprema.com\/#\/schema\/logo\/image\/\"},\"sameAs\":[\"https:\/\/www.facebook.com\/geoinfobih\",\"https:\/\/www.instagram.com\/geoinfodoo\/\",\"https:\/\/www.linkedin.com\/company\/geoinfo-doo\/\",\"https:\/\/www.youtube.com\/c\/Geoinfodoo\"]}]}<\/script>\n<!-- \/ Yoast SEO plugin. -->","yoast_head_json":{"title":"GeoMax EZiSYSTEM i-Serija - Geooprema","robots":{"index":"index","follow":"follow","max-snippet":"max-snippet:-1","max-image-preview":"max-image-preview:large","max-video-preview":"max-video-preview:-1"},"canonical":"https:\/\/geooprema.com\/bs\/products\/gradjevinska-oprema\/tragaci\/geomax-ezisystem-i-serija\/","og_locale":"bs_BA","og_type":"article","og_title":"GeoMax EZiSYSTEM i-Serija - Geooprema","og_description":"Klju\u010dne karasteristike:   Automatska preciznost  Procjena dubine (i550 samo)  Moduli: Power (default), radio, auto, 8kHz, 33kHz  Zona hazarda  Precizna pomo\u0107  Indikator ja\u010dine signala  Ugra\u0111en samotest  Indikator servisa","og_url":"https:\/\/geooprema.com\/bs\/products\/gradjevinska-oprema\/tragaci\/geomax-ezisystem-i-serija\/","og_site_name":"Geooprema","article_publisher":"https:\/\/www.facebook.com\/geoinfobih","article_modified_time":"2021-06-16T09:34:18+00:00","og_image":[{"width":850,"height":850,"url":"https:\/\/geooprema.com\/wp-content\/uploads\/2020\/01\/EZiSYSTEM-i-Series-1.jpg","type":"image\/jpeg"}],"twitter_card":"summary_large_image","twitter_misc":{"Est. reading time":"1 minuta"},"schema":{"@context":"https:\/\/schema.org","@graph":[{"@type":"WebPage","@id":"https:\/\/geooprema.com\/bs\/products\/gradjevinska-oprema\/tragaci\/geomax-ezisystem-i-serija\/","url":"https:\/\/geooprema.com\/bs\/products\/gradjevinska-oprema\/tragaci\/geomax-ezisystem-i-serija\/","name":"GeoMax EZiSYSTEM i-Serija - Geooprema","isPartOf":{"@id":"https:\/\/geooprema.com\/#website"},"primaryImageOfPage":{"@id":"https:\/\/geooprema.com\/bs\/products\/gradjevinska-oprema\/tragaci\/geomax-ezisystem-i-serija\/#primaryimage"},"image":{"@id":"https:\/\/geooprema.com\/bs\/products\/gradjevinska-oprema\/tragaci\/geomax-ezisystem-i-serija\/#primaryimage"},"thumbnailUrl":"https:\/\/geooprema.com\/wp-content\/uploads\/2020\/01\/EZiSYSTEM-i-Series-1.jpg","datePublished":"2020-01-06T20:26:20+00:00","dateModified":"2021-06-16T09:34:18+00:00","breadcrumb":{"@id":"https:\/\/geooprema.com\/bs\/products\/gradjevinska-oprema\/tragaci\/geomax-ezisystem-i-serija\/#breadcrumb"},"inLanguage":"bs-BA","potentialAction":[{"@type":"ReadAction","target":["https:\/\/geooprema.com\/bs\/products\/gradjevinska-oprema\/tragaci\/geomax-ezisystem-i-serija\/"]}]},{"@type":"ImageObject","inLanguage":"bs-BA","@id":"https:\/\/geooprema.com\/bs\/products\/gradjevinska-oprema\/tragaci\/geomax-ezisystem-i-serija\/#primaryimage","url":"https:\/\/geooprema.com\/wp-content\/uploads\/2020\/01\/EZiSYSTEM-i-Series-1.jpg","contentUrl":"https:\/\/geooprema.com\/wp-content\/uploads\/2020\/01\/EZiSYSTEM-i-Series-1.jpg","width":850,"height":850},{"@type":"BreadcrumbList","@id":"https:\/\/geooprema.com\/bs\/products\/gradjevinska-oprema\/tragaci\/geomax-ezisystem-i-serija\/#breadcrumb","itemListElement":[{"@type":"ListItem","position":1,"name":"Home","item":"https:\/\/geooprema.com\/bs\/"},{"@type":"ListItem","position":2,"name":"Shop","item":"https:\/\/geooprema.com\/shop-2\/"},{"@type":"ListItem","position":3,"name":"GeoMax EZiSYSTEM i-Serija"}]},{"@type":"WebSite","@id":"https:\/\/geooprema.com\/#website","url":"https:\/\/geooprema.com\/","name":"Geooprema","description":"Surveying and Construction Equipmen, Software and Accessories","publisher":{"@id":"https:\/\/geooprema.com\/#organization"},"potentialAction":[{"@type":"SearchAction","target":{"@type":"EntryPoint","urlTemplate":"https:\/\/geooprema.com\/?s={search_term_string}"},"query-input":{"@type":"PropertyValueSpecification","valueRequired":true,"valueName":"search_term_string"}}],"inLanguage":"bs-BA"},{"@type":"Organization","@id":"https:\/\/geooprema.com\/#organization","name":"Geooprema","url":"https:\/\/geooprema.com\/","logo":{"@type":"ImageObject","inLanguage":"bs-BA","@id":"https:\/\/geooprema.com\/#\/schema\/logo\/image\/","url":"https:\/\/geooprema.com\/wp-content\/uploads\/2020\/08\/geooprema-logo.png","contentUrl":"https:\/\/geooprema.com\/wp-content\/uploads\/2020\/08\/geooprema-logo.png","width":513,"height":161,"caption":"Geooprema"},"image":{"@id":"https:\/\/geooprema.com\/#\/schema\/logo\/image\/"},"sameAs":["https:\/\/www.facebook.com\/geoinfobih","https:\/\/www.instagram.com\/geoinfodoo\/","https:\/\/www.linkedin.com\/company\/geoinfo-doo\/","https:\/\/www.youtube.com\/c\/Geoinfodoo"]}]}},"_links":{"self":[{"href":"https:\/\/geooprema.com\/bs\/wp-json\/wp\/v2\/product\/22239","targetHints":{"allow":["GET"]}}],"collection":[{"href":"https:\/\/geooprema.com\/bs\/wp-json\/wp\/v2\/product"}],"about":[{"href":"https:\/\/geooprema.com\/bs\/wp-json\/wp\/v2\/types\/product"}],"replies":[{"embeddable":true,"href":"https:\/\/geooprema.com\/bs\/wp-json\/wp\/v2\/comments?post=22239"}],"wp:featuredmedia":[{"embeddable":true,"href":"https:\/\/geooprema.com\/bs\/wp-json\/wp\/v2\/media\/22854"}],"wp:attachment":[{"href":"https:\/\/geooprema.com\/bs\/wp-json\/wp\/v2\/media?parent=22239"}],"wp:term":[{"taxonomy":"product_brand","embeddable":true,"href":"https:\/\/geooprema.com\/bs\/wp-json\/wp\/v2\/product_brand?post=22239"},{"taxonomy":"product_cat","embeddable":true,"href":"https:\/\/geooprema.com\/bs\/wp-json\/wp\/v2\/product_cat?post=22239"},{"taxonomy":"product_tag","embeddable":true,"href":"https:\/\/geooprema.com\/bs\/wp-json\/wp\/v2\/product_tag?post=22239"}],"curies":[{"name":"wp","href":"https:\/\/api.w.org\/{rel}","templated":true}]}}