
{"id":22232,"date":"2020-01-12T05:08:26","date_gmt":"2020-01-12T05:08:26","guid":{"rendered":"https:\/\/geooprema.com\/shop\/Bez%20kategorije\/carlson-gis\/"},"modified":"2021-06-24T09:12:13","modified_gmt":"2021-06-24T09:12:13","slug":"carlson-gis","status":"publish","type":"product","link":"https:\/\/geooprema.com\/bs\/products\/softverska-rijesenja\/gis-i-kartografski-programi\/carlson-gis\/","title":{"rendered":"Carlson GIS"},"content":{"rendered":"<h5>Uvoz GIS podataka iz SurvCE-a<\/h5>\n<ul>\n<li>Nova komanda koja kreira GIS veze podataka na crte\u017eu iz opisnih podataka, koji su sakupljeni sa SurvCE-om<\/li>\n<\/ul>\n<h5>Izvoz GIS podataka u SurvCE<\/h5>\n<ul>\n<li>Nova komanda koja kreira SurvCE fajlove za bibiloteku kodova, definiciju GIS karakteristika i GIS atributivnih podataka\u00a0 sa odabranih entiteta crte\u017ea sa GIS podacima, Field-to-Finish i GIS\u00a0 definicijama<\/li>\n<\/ul>\n<h5>Esri MSC<\/h5>\n<ul>\n<li>Dodatna opcija za kreiranje Esri karakteristi\u010dnog kodiranja u DWGu za kanalizacionu mre\u017eu, fajlove parcela, tajmning u rudarstvu i povr\u0161inskim rezervama ruda<\/li>\n<\/ul>\n<h5>Izvoz DWG fajla sa Esri MSC<\/h5>\n<ul>\n<li>Kreira DWG sa Esri kodovima za odabrane karakteristike<\/li>\n<\/ul>\n<h5>Definisanje GIS karakteristika<\/h5>\n<ul>\n<li>Redizajnirana verzija od Define Template Database<\/li>\n<li>Dodana pode\u0161avanja geometrije po karakteristici uklju\u010duju\u0107i poliliniju ili tp ta\u010dke, lejer, boju, blok ili tip linije<\/li>\n<li>Dodana pode\u0161avanja atributa u zavisnosti od toga da li je atribut izmjenjiv ili je unos ograni\u010den<\/li>\n<li>Didana funkcija za karakteristike atributa i geometriju<\/li>\n<\/ul>\n<h5>GIS Upit<\/h5>\n<ul>\n<li>Dodana metoda za kreiranje selekcije seta entiteta koji odgovaraju upitu<\/li>\n<\/ul>\n<h5>Dodavanje slike entitetu<\/h5>\n<ul>\n<li>Dodana podr\u0161ka za dodavanje vi\u0161e slika po entitetu<\/li>\n<\/ul>\n<h5>Konvertor opcija<\/h5>\n<ul>\n<li>Dodan filter za tipove linija<\/li>\n<\/ul>\n","protected":false},"excerpt":{"rendered":"<p>Sa alatima za uvezivanje podataka, dodjeljivanje lejbela, uvoz\/izvoz SHP fajlova, kreiranje topologije poligona i analiza i vi\u0161e od toga, Carlson GIS je jedan sjajan proizvod za geodete i druge in\u017eenjere. Na linku ispod pogledajte listu pobolj\u0161anja Carlson GIS-a i pogledajte <a href=\"http:\/\/www.carlsonsw.com\/solutions\/gis-products\/gis-primer\/\">GIS Primer<\/a>.<\/p>\n<p>Carlson linija softvera radi na AutoCAD\u00ae i dolazi sa ugra\u0111enim IntellliCAD-om. Carlson GIS podr\u017eava mogu\u0107nost kori\u0161tenja Google Earth slika visoke rezolucije, obuhvataju\u0107i velika podru\u010dja i koriste\u0107i podjelu na dijelove. I, vi\u0161e tipova mapa je dostupno pored klasi\u010dnih za puteve, terene ili hibridne. GIS editor tako\u0111e podr\u017eava uvoz i izvoz Esri\u00ae prostornih baza podataka i omogu\u0107ava lak\u0161i tok rada sa servisima Esri ArcGIS\u00ae.<\/p>\n<p>Tako\u0111e, ukljuleno je hiljade pobolj\u0161anja za bazne AutoCAD komande. Dio <a href=\"http:\/\/www.carlsonsw.com\/solutions\/civil-engineering\/civil-suite\/\">Carlson Civil Suite<\/a>, Carlson GIS se pokre\u0107e na\u00a0 AutoCAD, AutoCAD Map, Land Desktop ili Civil 3D, plus i na IntelliCAD-u.<\/p>\n","protected":false},"featured_media":22099,"comment_status":"open","ping_status":"closed","template":"","meta":{"_acf_changed":false},"product_brand":[],"product_cat":[405,403],"product_tag":[1723,354,1724,453,443,450],"class_list":{"0":"post-22232","1":"product","2":"type-product","3":"status-publish","4":"has-post-thumbnail","6":"product_cat-gis-i-kartografski-programi","7":"product_cat-softverska-rijesenja","8":"product_tag-cad-bs","9":"product_tag-carlson-bs","10":"product_tag-extension-bs","11":"product_tag-geodetski-premjer","12":"product_tag-gis-bs","13":"product_tag-softver","14":"pa_brand-carlson-sw-bs","16":"first","17":"instock","18":"taxable","19":"shipping-taxable","20":"product-type-simple","swatches":"rey-swatches","show_selected":""},"acf":[],"yoast_head":"<!-- This site is optimized with the Yoast SEO plugin v24.9 - https:\/\/yoast.com\/wordpress\/plugins\/seo\/ -->\n<title>Carlson GIS - Geooprema<\/title>\n<meta name=\"robots\" content=\"index, follow, max-snippet:-1, max-image-preview:large, max-video-preview:-1\" \/>\n<link rel=\"canonical\" href=\"https:\/\/geooprema.com\/bs\/products\/softverska-rijesenja\/gis-i-kartografski-programi\/carlson-gis\/\" \/>\n<meta property=\"og:locale\" content=\"bs_BA\" \/>\n<meta property=\"og:type\" content=\"article\" \/>\n<meta property=\"og:title\" content=\"Carlson GIS - Geooprema\" \/>\n<meta property=\"og:description\" content=\"Sa alatima za uvezivanje podataka, dodjeljivanje lejbela, uvoz\/izvoz SHP fajlova, kreiranje topologije poligona i analiza i vi\u0161e od toga, Carlson GIS je jedan sjajan proizvod za geodete i druge in\u017eenjere. Na linku ispod pogledajte listu pobolj\u0161anja Carlson GIS-a i pogledajte GIS Primer.  Carlson linija softvera radi na AutoCAD\u00ae i dolazi sa ugra\u0111enim IntellliCAD-om. Carlson GIS podr\u017eava mogu\u0107nost kori\u0161tenja Google Earth slika visoke rezolucije, obuhvataju\u0107i velika podru\u010dja i koriste\u0107i podjelu na dijelove. I, vi\u0161e tipova mapa je dostupno pored klasi\u010dnih za puteve, terene ili hibridne. GIS editor tako\u0111e podr\u017eava uvoz i izvoz Esri\u00ae prostornih baza podataka i omogu\u0107ava lak\u0161i tok rada sa servisima Esri ArcGIS\u00ae.  Tako\u0111e, ukljuleno je hiljade pobolj\u0161anja za bazne AutoCAD komande. Dio Carlson Civil Suite, Carlson GIS se pokre\u0107e na\u00a0 AutoCAD, AutoCAD Map, Land Desktop ili Civil 3D, plus i na IntelliCAD-u.\" \/>\n<meta property=\"og:url\" content=\"https:\/\/geooprema.com\/bs\/products\/softverska-rijesenja\/gis-i-kartografski-programi\/carlson-gis\/\" \/>\n<meta property=\"og:site_name\" content=\"Geooprema\" \/>\n<meta property=\"article:publisher\" content=\"https:\/\/www.facebook.com\/geoinfobih\" \/>\n<meta property=\"article:modified_time\" content=\"2021-06-24T09:12:13+00:00\" \/>\n<meta property=\"og:image\" content=\"https:\/\/geooprema.com\/wp-content\/uploads\/2020\/01\/Carlson-GIS.jpg\" \/>\n\t<meta property=\"og:image:width\" content=\"850\" \/>\n\t<meta property=\"og:image:height\" content=\"850\" \/>\n\t<meta property=\"og:image:type\" content=\"image\/jpeg\" \/>\n<meta name=\"twitter:card\" content=\"summary_large_image\" \/>\n<meta name=\"twitter:label1\" content=\"Est. reading time\" \/>\n\t<meta name=\"twitter:data1\" content=\"1 minuta\" \/>\n<script type=\"application\/ld+json\" class=\"yoast-schema-graph\">{\"@context\":\"https:\/\/schema.org\",\"@graph\":[{\"@type\":\"WebPage\",\"@id\":\"https:\/\/geooprema.com\/bs\/products\/softverska-rijesenja\/gis-i-kartografski-programi\/carlson-gis\/\",\"url\":\"https:\/\/geooprema.com\/bs\/products\/softverska-rijesenja\/gis-i-kartografski-programi\/carlson-gis\/\",\"name\":\"Carlson GIS - Geooprema\",\"isPartOf\":{\"@id\":\"https:\/\/geooprema.com\/#website\"},\"primaryImageOfPage\":{\"@id\":\"https:\/\/geooprema.com\/bs\/products\/softverska-rijesenja\/gis-i-kartografski-programi\/carlson-gis\/#primaryimage\"},\"image\":{\"@id\":\"https:\/\/geooprema.com\/bs\/products\/softverska-rijesenja\/gis-i-kartografski-programi\/carlson-gis\/#primaryimage\"},\"thumbnailUrl\":\"https:\/\/geooprema.com\/wp-content\/uploads\/2020\/01\/Carlson-GIS.jpg\",\"datePublished\":\"2020-01-12T05:08:26+00:00\",\"dateModified\":\"2021-06-24T09:12:13+00:00\",\"breadcrumb\":{\"@id\":\"https:\/\/geooprema.com\/bs\/products\/softverska-rijesenja\/gis-i-kartografski-programi\/carlson-gis\/#breadcrumb\"},\"inLanguage\":\"bs-BA\",\"potentialAction\":[{\"@type\":\"ReadAction\",\"target\":[\"https:\/\/geooprema.com\/bs\/products\/softverska-rijesenja\/gis-i-kartografski-programi\/carlson-gis\/\"]}]},{\"@type\":\"ImageObject\",\"inLanguage\":\"bs-BA\",\"@id\":\"https:\/\/geooprema.com\/bs\/products\/softverska-rijesenja\/gis-i-kartografski-programi\/carlson-gis\/#primaryimage\",\"url\":\"https:\/\/geooprema.com\/wp-content\/uploads\/2020\/01\/Carlson-GIS.jpg\",\"contentUrl\":\"https:\/\/geooprema.com\/wp-content\/uploads\/2020\/01\/Carlson-GIS.jpg\",\"width\":850,\"height\":850},{\"@type\":\"BreadcrumbList\",\"@id\":\"https:\/\/geooprema.com\/bs\/products\/softverska-rijesenja\/gis-i-kartografski-programi\/carlson-gis\/#breadcrumb\",\"itemListElement\":[{\"@type\":\"ListItem\",\"position\":1,\"name\":\"Home\",\"item\":\"https:\/\/geooprema.com\/bs\/\"},{\"@type\":\"ListItem\",\"position\":2,\"name\":\"Shop\",\"item\":\"https:\/\/geooprema.com\/shop-2\/\"},{\"@type\":\"ListItem\",\"position\":3,\"name\":\"Carlson GIS\"}]},{\"@type\":\"WebSite\",\"@id\":\"https:\/\/geooprema.com\/#website\",\"url\":\"https:\/\/geooprema.com\/\",\"name\":\"Geooprema\",\"description\":\"Surveying and Construction Equipmen, Software and Accessories\",\"publisher\":{\"@id\":\"https:\/\/geooprema.com\/#organization\"},\"potentialAction\":[{\"@type\":\"SearchAction\",\"target\":{\"@type\":\"EntryPoint\",\"urlTemplate\":\"https:\/\/geooprema.com\/?s={search_term_string}\"},\"query-input\":{\"@type\":\"PropertyValueSpecification\",\"valueRequired\":true,\"valueName\":\"search_term_string\"}}],\"inLanguage\":\"bs-BA\"},{\"@type\":\"Organization\",\"@id\":\"https:\/\/geooprema.com\/#organization\",\"name\":\"Geooprema\",\"url\":\"https:\/\/geooprema.com\/\",\"logo\":{\"@type\":\"ImageObject\",\"inLanguage\":\"bs-BA\",\"@id\":\"https:\/\/geooprema.com\/#\/schema\/logo\/image\/\",\"url\":\"https:\/\/geooprema.com\/wp-content\/uploads\/2020\/08\/geooprema-logo.png\",\"contentUrl\":\"https:\/\/geooprema.com\/wp-content\/uploads\/2020\/08\/geooprema-logo.png\",\"width\":513,\"height\":161,\"caption\":\"Geooprema\"},\"image\":{\"@id\":\"https:\/\/geooprema.com\/#\/schema\/logo\/image\/\"},\"sameAs\":[\"https:\/\/www.facebook.com\/geoinfobih\",\"https:\/\/www.instagram.com\/geoinfodoo\/\",\"https:\/\/www.linkedin.com\/company\/geoinfo-doo\/\",\"https:\/\/www.youtube.com\/c\/Geoinfodoo\"]}]}<\/script>\n<!-- \/ Yoast SEO plugin. -->","yoast_head_json":{"title":"Carlson GIS - Geooprema","robots":{"index":"index","follow":"follow","max-snippet":"max-snippet:-1","max-image-preview":"max-image-preview:large","max-video-preview":"max-video-preview:-1"},"canonical":"https:\/\/geooprema.com\/bs\/products\/softverska-rijesenja\/gis-i-kartografski-programi\/carlson-gis\/","og_locale":"bs_BA","og_type":"article","og_title":"Carlson GIS - Geooprema","og_description":"Sa alatima za uvezivanje podataka, dodjeljivanje lejbela, uvoz\/izvoz SHP fajlova, kreiranje topologije poligona i analiza i vi\u0161e od toga, Carlson GIS je jedan sjajan proizvod za geodete i druge in\u017eenjere. Na linku ispod pogledajte listu pobolj\u0161anja Carlson GIS-a i pogledajte GIS Primer.  Carlson linija softvera radi na AutoCAD\u00ae i dolazi sa ugra\u0111enim IntellliCAD-om. Carlson GIS podr\u017eava mogu\u0107nost kori\u0161tenja Google Earth slika visoke rezolucije, obuhvataju\u0107i velika podru\u010dja i koriste\u0107i podjelu na dijelove. I, vi\u0161e tipova mapa je dostupno pored klasi\u010dnih za puteve, terene ili hibridne. GIS editor tako\u0111e podr\u017eava uvoz i izvoz Esri\u00ae prostornih baza podataka i omogu\u0107ava lak\u0161i tok rada sa servisima Esri ArcGIS\u00ae.  Tako\u0111e, ukljuleno je hiljade pobolj\u0161anja za bazne AutoCAD komande. Dio Carlson Civil Suite, Carlson GIS se pokre\u0107e na\u00a0 AutoCAD, AutoCAD Map, Land Desktop ili Civil 3D, plus i na IntelliCAD-u.","og_url":"https:\/\/geooprema.com\/bs\/products\/softverska-rijesenja\/gis-i-kartografski-programi\/carlson-gis\/","og_site_name":"Geooprema","article_publisher":"https:\/\/www.facebook.com\/geoinfobih","article_modified_time":"2021-06-24T09:12:13+00:00","og_image":[{"width":850,"height":850,"url":"https:\/\/geooprema.com\/wp-content\/uploads\/2020\/01\/Carlson-GIS.jpg","type":"image\/jpeg"}],"twitter_card":"summary_large_image","twitter_misc":{"Est. reading time":"1 minuta"},"schema":{"@context":"https:\/\/schema.org","@graph":[{"@type":"WebPage","@id":"https:\/\/geooprema.com\/bs\/products\/softverska-rijesenja\/gis-i-kartografski-programi\/carlson-gis\/","url":"https:\/\/geooprema.com\/bs\/products\/softverska-rijesenja\/gis-i-kartografski-programi\/carlson-gis\/","name":"Carlson GIS - Geooprema","isPartOf":{"@id":"https:\/\/geooprema.com\/#website"},"primaryImageOfPage":{"@id":"https:\/\/geooprema.com\/bs\/products\/softverska-rijesenja\/gis-i-kartografski-programi\/carlson-gis\/#primaryimage"},"image":{"@id":"https:\/\/geooprema.com\/bs\/products\/softverska-rijesenja\/gis-i-kartografski-programi\/carlson-gis\/#primaryimage"},"thumbnailUrl":"https:\/\/geooprema.com\/wp-content\/uploads\/2020\/01\/Carlson-GIS.jpg","datePublished":"2020-01-12T05:08:26+00:00","dateModified":"2021-06-24T09:12:13+00:00","breadcrumb":{"@id":"https:\/\/geooprema.com\/bs\/products\/softverska-rijesenja\/gis-i-kartografski-programi\/carlson-gis\/#breadcrumb"},"inLanguage":"bs-BA","potentialAction":[{"@type":"ReadAction","target":["https:\/\/geooprema.com\/bs\/products\/softverska-rijesenja\/gis-i-kartografski-programi\/carlson-gis\/"]}]},{"@type":"ImageObject","inLanguage":"bs-BA","@id":"https:\/\/geooprema.com\/bs\/products\/softverska-rijesenja\/gis-i-kartografski-programi\/carlson-gis\/#primaryimage","url":"https:\/\/geooprema.com\/wp-content\/uploads\/2020\/01\/Carlson-GIS.jpg","contentUrl":"https:\/\/geooprema.com\/wp-content\/uploads\/2020\/01\/Carlson-GIS.jpg","width":850,"height":850},{"@type":"BreadcrumbList","@id":"https:\/\/geooprema.com\/bs\/products\/softverska-rijesenja\/gis-i-kartografski-programi\/carlson-gis\/#breadcrumb","itemListElement":[{"@type":"ListItem","position":1,"name":"Home","item":"https:\/\/geooprema.com\/bs\/"},{"@type":"ListItem","position":2,"name":"Shop","item":"https:\/\/geooprema.com\/shop-2\/"},{"@type":"ListItem","position":3,"name":"Carlson GIS"}]},{"@type":"WebSite","@id":"https:\/\/geooprema.com\/#website","url":"https:\/\/geooprema.com\/","name":"Geooprema","description":"Surveying and Construction Equipmen, Software and Accessories","publisher":{"@id":"https:\/\/geooprema.com\/#organization"},"potentialAction":[{"@type":"SearchAction","target":{"@type":"EntryPoint","urlTemplate":"https:\/\/geooprema.com\/?s={search_term_string}"},"query-input":{"@type":"PropertyValueSpecification","valueRequired":true,"valueName":"search_term_string"}}],"inLanguage":"bs-BA"},{"@type":"Organization","@id":"https:\/\/geooprema.com\/#organization","name":"Geooprema","url":"https:\/\/geooprema.com\/","logo":{"@type":"ImageObject","inLanguage":"bs-BA","@id":"https:\/\/geooprema.com\/#\/schema\/logo\/image\/","url":"https:\/\/geooprema.com\/wp-content\/uploads\/2020\/08\/geooprema-logo.png","contentUrl":"https:\/\/geooprema.com\/wp-content\/uploads\/2020\/08\/geooprema-logo.png","width":513,"height":161,"caption":"Geooprema"},"image":{"@id":"https:\/\/geooprema.com\/#\/schema\/logo\/image\/"},"sameAs":["https:\/\/www.facebook.com\/geoinfobih","https:\/\/www.instagram.com\/geoinfodoo\/","https:\/\/www.linkedin.com\/company\/geoinfo-doo\/","https:\/\/www.youtube.com\/c\/Geoinfodoo"]}]}},"_links":{"self":[{"href":"https:\/\/geooprema.com\/bs\/wp-json\/wp\/v2\/product\/22232","targetHints":{"allow":["GET"]}}],"collection":[{"href":"https:\/\/geooprema.com\/bs\/wp-json\/wp\/v2\/product"}],"about":[{"href":"https:\/\/geooprema.com\/bs\/wp-json\/wp\/v2\/types\/product"}],"replies":[{"embeddable":true,"href":"https:\/\/geooprema.com\/bs\/wp-json\/wp\/v2\/comments?post=22232"}],"wp:featuredmedia":[{"embeddable":true,"href":"https:\/\/geooprema.com\/bs\/wp-json\/wp\/v2\/media\/22099"}],"wp:attachment":[{"href":"https:\/\/geooprema.com\/bs\/wp-json\/wp\/v2\/media?parent=22232"}],"wp:term":[{"taxonomy":"product_brand","embeddable":true,"href":"https:\/\/geooprema.com\/bs\/wp-json\/wp\/v2\/product_brand?post=22232"},{"taxonomy":"product_cat","embeddable":true,"href":"https:\/\/geooprema.com\/bs\/wp-json\/wp\/v2\/product_cat?post=22232"},{"taxonomy":"product_tag","embeddable":true,"href":"https:\/\/geooprema.com\/bs\/wp-json\/wp\/v2\/product_tag?post=22232"}],"curies":[{"name":"wp","href":"https:\/\/api.w.org\/{rel}","templated":true}]}}