
{"id":22228,"date":"2020-01-13T11:35:40","date_gmt":"2020-01-13T11:35:40","guid":{"rendered":"https:\/\/geooprema.com\/shop\/Bez%20kategorije\/nedo-messfix-s-bs\/"},"modified":"2021-06-25T14:47:26","modified_gmt":"2021-06-25T14:47:26","slug":"nedo-messfix-s-bs","status":"publish","type":"product","link":"https:\/\/geooprema.com\/bs\/products\/dodatna-oprema\/prizma-i-letve\/nedo-messfix-s-bs\/","title":{"rendered":"Nedo mEssfix-S"},"content":{"rendered":"<p>Nedo mEssfix-S<\/p>\n<p>Sa mjernim obuhvatom do 8m, mEssfix-S je idealna pomo\u0107 na gradili\u0161tu, a posebno za rad na skeli, mjerenja na fasadama i kod odre\u0111iavanja prolaza. Prikaz mjerenja se nalazi na gornjem dijelu \u0161tapa \u0161to omogu\u0107ava lak\u0161e o\u010ditavanje. Svi mEssfix-S \u0161tapovi podlije\u017eu klasi ta\u010dnosti III \u0394I=0,6+0,4\u2219L(m).<\/p>\n<p>Karakteristike:<\/p>\n<ul>\n<li>3 vrste mjernog opsega: 5m, 6m i 8m.<\/li>\n<li>Prikaz mjerenja sadr\u017ei dvije intergisane libele, smje\u0161tene na adekvatno mjesto&nbsp;<\/li>\n<li>Kru\u017ena libela za vertikalna mjerenja<\/li>\n<li>Cjevasta libela za horizontalna mjerenja<\/li>\n<li>Navoj trake napravljen od najkvalitenijeg \u010delika za opruge<\/li>\n<li>Teleskopskidijelovi koji se izvla\u010de napravljeni od \u010dvrstog, pravouglog profila aluminijuma<\/li>\n<li>Steznim vijcima je mogu\u0107e svaku sekciju zaklju\u010dati na \u017eeljenu du\u017einu<\/li>\n<\/ul>\n","protected":false},"excerpt":{"rendered":"<p><strong> Karakteristike: <\/strong><\/p>\n<ul>\n<li>Podru\u010dja mjerenja: 5 m, 6 m i 8 m<\/li>\n<li>Jedinica ekrana sadr\u017ei dvije integrisane libele koje se postavljaju u visini o\u010diju<\/li>\n<li>Kru\u017ena libela za vertikalno poravnanje<\/li>\n<li>Uzdu\u017ena libela za horizontalno poravnanje<\/li>\n<li>Tra\u010dna opruga za navijanje od najkvalitetnijeg opru\u017enog \u010delika<\/li>\n<li>Teleskopski profili od \u010dvrstog aluminijuma pravougaonog profila<\/li>\n<li>Stezni zavrtnjevi omogu\u0107avaju zaklju\u010davanje produ\u017eenih dijelova u bilo kojem polo\u017eaju<\/li>\n<\/ul>\n","protected":false},"featured_media":22143,"comment_status":"open","ping_status":"closed","template":"","meta":{"_acf_changed":false},"product_brand":[],"product_cat":[336,435],"product_tag":[364,455,365],"class_list":{"0":"post-22228","1":"product","2":"type-product","3":"status-publish","4":"has-post-thumbnail","6":"product_cat-dodatna-oprema","7":"product_cat-prizma-i-letve","8":"product_tag-nedo-bs","9":"product_tag-pole-bs","10":"product_tag-prizma","11":"pa_brand-nedo-bs","13":"first","14":"onbackorder","15":"taxable","16":"shipping-taxable","17":"product-type-simple","swatches":"rey-swatches","show_selected":""},"acf":[],"yoast_head":"<!-- This site is optimized with the Yoast SEO plugin v24.9 - https:\/\/yoast.com\/wordpress\/plugins\/seo\/ -->\n<title>Nedo mEssfix-S - Geooprema<\/title>\n<meta name=\"robots\" content=\"index, follow, max-snippet:-1, max-image-preview:large, max-video-preview:-1\" \/>\n<link rel=\"canonical\" href=\"https:\/\/geooprema.com\/bs\/products\/dodatna-oprema\/prizma-i-letve\/nedo-messfix-s-bs\/\" \/>\n<meta property=\"og:locale\" content=\"bs_BA\" \/>\n<meta property=\"og:type\" content=\"article\" \/>\n<meta property=\"og:title\" content=\"Nedo mEssfix-S - Geooprema\" \/>\n<meta property=\"og:description\" content=\"Karakteristike:    Podru\u010dja mjerenja: 5 m, 6 m i 8 m  Jedinica ekrana sadr\u017ei dvije integrisane libele koje se postavljaju u visini o\u010diju  Kru\u017ena libela za vertikalno poravnanje  Uzdu\u017ena libela za horizontalno poravnanje  Tra\u010dna opruga za navijanje od najkvalitetnijeg opru\u017enog \u010delika  Teleskopski profili od \u010dvrstog aluminijuma pravougaonog profila  Stezni zavrtnjevi omogu\u0107avaju zaklju\u010davanje produ\u017eenih dijelova u bilo kojem polo\u017eaju\" \/>\n<meta property=\"og:url\" content=\"https:\/\/geooprema.com\/bs\/products\/dodatna-oprema\/prizma-i-letve\/nedo-messfix-s-bs\/\" \/>\n<meta property=\"og:site_name\" content=\"Geooprema\" \/>\n<meta property=\"article:publisher\" content=\"https:\/\/www.facebook.com\/geoinfobih\" \/>\n<meta property=\"article:modified_time\" content=\"2021-06-25T14:47:26+00:00\" \/>\n<meta property=\"og:image\" content=\"https:\/\/geooprema.com\/wp-content\/uploads\/2020\/01\/Nedo-mEssfix-S-2.jpg\" \/>\n\t<meta property=\"og:image:width\" content=\"850\" \/>\n\t<meta property=\"og:image:height\" content=\"850\" \/>\n\t<meta property=\"og:image:type\" content=\"image\/jpeg\" \/>\n<meta name=\"twitter:card\" content=\"summary_large_image\" \/>\n<meta name=\"twitter:label1\" content=\"Est. reading time\" \/>\n\t<meta name=\"twitter:data1\" content=\"1 minuta\" \/>\n<script type=\"application\/ld+json\" class=\"yoast-schema-graph\">{\"@context\":\"https:\/\/schema.org\",\"@graph\":[{\"@type\":\"WebPage\",\"@id\":\"https:\/\/geooprema.com\/bs\/products\/dodatna-oprema\/prizma-i-letve\/nedo-messfix-s-bs\/\",\"url\":\"https:\/\/geooprema.com\/bs\/products\/dodatna-oprema\/prizma-i-letve\/nedo-messfix-s-bs\/\",\"name\":\"Nedo mEssfix-S - Geooprema\",\"isPartOf\":{\"@id\":\"https:\/\/geooprema.com\/#website\"},\"primaryImageOfPage\":{\"@id\":\"https:\/\/geooprema.com\/bs\/products\/dodatna-oprema\/prizma-i-letve\/nedo-messfix-s-bs\/#primaryimage\"},\"image\":{\"@id\":\"https:\/\/geooprema.com\/bs\/products\/dodatna-oprema\/prizma-i-letve\/nedo-messfix-s-bs\/#primaryimage\"},\"thumbnailUrl\":\"https:\/\/geooprema.com\/wp-content\/uploads\/2020\/01\/Nedo-mEssfix-S-2.jpg\",\"datePublished\":\"2020-01-13T11:35:40+00:00\",\"dateModified\":\"2021-06-25T14:47:26+00:00\",\"breadcrumb\":{\"@id\":\"https:\/\/geooprema.com\/bs\/products\/dodatna-oprema\/prizma-i-letve\/nedo-messfix-s-bs\/#breadcrumb\"},\"inLanguage\":\"bs-BA\",\"potentialAction\":[{\"@type\":\"ReadAction\",\"target\":[\"https:\/\/geooprema.com\/bs\/products\/dodatna-oprema\/prizma-i-letve\/nedo-messfix-s-bs\/\"]}]},{\"@type\":\"ImageObject\",\"inLanguage\":\"bs-BA\",\"@id\":\"https:\/\/geooprema.com\/bs\/products\/dodatna-oprema\/prizma-i-letve\/nedo-messfix-s-bs\/#primaryimage\",\"url\":\"https:\/\/geooprema.com\/wp-content\/uploads\/2020\/01\/Nedo-mEssfix-S-2.jpg\",\"contentUrl\":\"https:\/\/geooprema.com\/wp-content\/uploads\/2020\/01\/Nedo-mEssfix-S-2.jpg\",\"width\":850,\"height\":850},{\"@type\":\"BreadcrumbList\",\"@id\":\"https:\/\/geooprema.com\/bs\/products\/dodatna-oprema\/prizma-i-letve\/nedo-messfix-s-bs\/#breadcrumb\",\"itemListElement\":[{\"@type\":\"ListItem\",\"position\":1,\"name\":\"Home\",\"item\":\"https:\/\/geooprema.com\/bs\/\"},{\"@type\":\"ListItem\",\"position\":2,\"name\":\"Shop\",\"item\":\"https:\/\/geooprema.com\/shop-2\/\"},{\"@type\":\"ListItem\",\"position\":3,\"name\":\"Nedo mEssfix-S\"}]},{\"@type\":\"WebSite\",\"@id\":\"https:\/\/geooprema.com\/#website\",\"url\":\"https:\/\/geooprema.com\/\",\"name\":\"Geooprema\",\"description\":\"Surveying and Construction Equipmen, Software and Accessories\",\"publisher\":{\"@id\":\"https:\/\/geooprema.com\/#organization\"},\"potentialAction\":[{\"@type\":\"SearchAction\",\"target\":{\"@type\":\"EntryPoint\",\"urlTemplate\":\"https:\/\/geooprema.com\/?s={search_term_string}\"},\"query-input\":{\"@type\":\"PropertyValueSpecification\",\"valueRequired\":true,\"valueName\":\"search_term_string\"}}],\"inLanguage\":\"bs-BA\"},{\"@type\":\"Organization\",\"@id\":\"https:\/\/geooprema.com\/#organization\",\"name\":\"Geooprema\",\"url\":\"https:\/\/geooprema.com\/\",\"logo\":{\"@type\":\"ImageObject\",\"inLanguage\":\"bs-BA\",\"@id\":\"https:\/\/geooprema.com\/#\/schema\/logo\/image\/\",\"url\":\"https:\/\/geooprema.com\/wp-content\/uploads\/2020\/08\/geooprema-logo.png\",\"contentUrl\":\"https:\/\/geooprema.com\/wp-content\/uploads\/2020\/08\/geooprema-logo.png\",\"width\":513,\"height\":161,\"caption\":\"Geooprema\"},\"image\":{\"@id\":\"https:\/\/geooprema.com\/#\/schema\/logo\/image\/\"},\"sameAs\":[\"https:\/\/www.facebook.com\/geoinfobih\",\"https:\/\/www.instagram.com\/geoinfodoo\/\",\"https:\/\/www.linkedin.com\/company\/geoinfo-doo\/\",\"https:\/\/www.youtube.com\/c\/Geoinfodoo\"]}]}<\/script>\n<!-- \/ Yoast SEO plugin. -->","yoast_head_json":{"title":"Nedo mEssfix-S - Geooprema","robots":{"index":"index","follow":"follow","max-snippet":"max-snippet:-1","max-image-preview":"max-image-preview:large","max-video-preview":"max-video-preview:-1"},"canonical":"https:\/\/geooprema.com\/bs\/products\/dodatna-oprema\/prizma-i-letve\/nedo-messfix-s-bs\/","og_locale":"bs_BA","og_type":"article","og_title":"Nedo mEssfix-S - Geooprema","og_description":"Karakteristike:    Podru\u010dja mjerenja: 5 m, 6 m i 8 m  Jedinica ekrana sadr\u017ei dvije integrisane libele koje se postavljaju u visini o\u010diju  Kru\u017ena libela za vertikalno poravnanje  Uzdu\u017ena libela za horizontalno poravnanje  Tra\u010dna opruga za navijanje od najkvalitetnijeg opru\u017enog \u010delika  Teleskopski profili od \u010dvrstog aluminijuma pravougaonog profila  Stezni zavrtnjevi omogu\u0107avaju zaklju\u010davanje produ\u017eenih dijelova u bilo kojem polo\u017eaju","og_url":"https:\/\/geooprema.com\/bs\/products\/dodatna-oprema\/prizma-i-letve\/nedo-messfix-s-bs\/","og_site_name":"Geooprema","article_publisher":"https:\/\/www.facebook.com\/geoinfobih","article_modified_time":"2021-06-25T14:47:26+00:00","og_image":[{"width":850,"height":850,"url":"https:\/\/geooprema.com\/wp-content\/uploads\/2020\/01\/Nedo-mEssfix-S-2.jpg","type":"image\/jpeg"}],"twitter_card":"summary_large_image","twitter_misc":{"Est. reading time":"1 minuta"},"schema":{"@context":"https:\/\/schema.org","@graph":[{"@type":"WebPage","@id":"https:\/\/geooprema.com\/bs\/products\/dodatna-oprema\/prizma-i-letve\/nedo-messfix-s-bs\/","url":"https:\/\/geooprema.com\/bs\/products\/dodatna-oprema\/prizma-i-letve\/nedo-messfix-s-bs\/","name":"Nedo mEssfix-S - Geooprema","isPartOf":{"@id":"https:\/\/geooprema.com\/#website"},"primaryImageOfPage":{"@id":"https:\/\/geooprema.com\/bs\/products\/dodatna-oprema\/prizma-i-letve\/nedo-messfix-s-bs\/#primaryimage"},"image":{"@id":"https:\/\/geooprema.com\/bs\/products\/dodatna-oprema\/prizma-i-letve\/nedo-messfix-s-bs\/#primaryimage"},"thumbnailUrl":"https:\/\/geooprema.com\/wp-content\/uploads\/2020\/01\/Nedo-mEssfix-S-2.jpg","datePublished":"2020-01-13T11:35:40+00:00","dateModified":"2021-06-25T14:47:26+00:00","breadcrumb":{"@id":"https:\/\/geooprema.com\/bs\/products\/dodatna-oprema\/prizma-i-letve\/nedo-messfix-s-bs\/#breadcrumb"},"inLanguage":"bs-BA","potentialAction":[{"@type":"ReadAction","target":["https:\/\/geooprema.com\/bs\/products\/dodatna-oprema\/prizma-i-letve\/nedo-messfix-s-bs\/"]}]},{"@type":"ImageObject","inLanguage":"bs-BA","@id":"https:\/\/geooprema.com\/bs\/products\/dodatna-oprema\/prizma-i-letve\/nedo-messfix-s-bs\/#primaryimage","url":"https:\/\/geooprema.com\/wp-content\/uploads\/2020\/01\/Nedo-mEssfix-S-2.jpg","contentUrl":"https:\/\/geooprema.com\/wp-content\/uploads\/2020\/01\/Nedo-mEssfix-S-2.jpg","width":850,"height":850},{"@type":"BreadcrumbList","@id":"https:\/\/geooprema.com\/bs\/products\/dodatna-oprema\/prizma-i-letve\/nedo-messfix-s-bs\/#breadcrumb","itemListElement":[{"@type":"ListItem","position":1,"name":"Home","item":"https:\/\/geooprema.com\/bs\/"},{"@type":"ListItem","position":2,"name":"Shop","item":"https:\/\/geooprema.com\/shop-2\/"},{"@type":"ListItem","position":3,"name":"Nedo mEssfix-S"}]},{"@type":"WebSite","@id":"https:\/\/geooprema.com\/#website","url":"https:\/\/geooprema.com\/","name":"Geooprema","description":"Surveying and Construction Equipmen, Software and Accessories","publisher":{"@id":"https:\/\/geooprema.com\/#organization"},"potentialAction":[{"@type":"SearchAction","target":{"@type":"EntryPoint","urlTemplate":"https:\/\/geooprema.com\/?s={search_term_string}"},"query-input":{"@type":"PropertyValueSpecification","valueRequired":true,"valueName":"search_term_string"}}],"inLanguage":"bs-BA"},{"@type":"Organization","@id":"https:\/\/geooprema.com\/#organization","name":"Geooprema","url":"https:\/\/geooprema.com\/","logo":{"@type":"ImageObject","inLanguage":"bs-BA","@id":"https:\/\/geooprema.com\/#\/schema\/logo\/image\/","url":"https:\/\/geooprema.com\/wp-content\/uploads\/2020\/08\/geooprema-logo.png","contentUrl":"https:\/\/geooprema.com\/wp-content\/uploads\/2020\/08\/geooprema-logo.png","width":513,"height":161,"caption":"Geooprema"},"image":{"@id":"https:\/\/geooprema.com\/#\/schema\/logo\/image\/"},"sameAs":["https:\/\/www.facebook.com\/geoinfobih","https:\/\/www.instagram.com\/geoinfodoo\/","https:\/\/www.linkedin.com\/company\/geoinfo-doo\/","https:\/\/www.youtube.com\/c\/Geoinfodoo"]}]}},"_links":{"self":[{"href":"https:\/\/geooprema.com\/bs\/wp-json\/wp\/v2\/product\/22228","targetHints":{"allow":["GET"]}}],"collection":[{"href":"https:\/\/geooprema.com\/bs\/wp-json\/wp\/v2\/product"}],"about":[{"href":"https:\/\/geooprema.com\/bs\/wp-json\/wp\/v2\/types\/product"}],"replies":[{"embeddable":true,"href":"https:\/\/geooprema.com\/bs\/wp-json\/wp\/v2\/comments?post=22228"}],"wp:featuredmedia":[{"embeddable":true,"href":"https:\/\/geooprema.com\/bs\/wp-json\/wp\/v2\/media\/22143"}],"wp:attachment":[{"href":"https:\/\/geooprema.com\/bs\/wp-json\/wp\/v2\/media?parent=22228"}],"wp:term":[{"taxonomy":"product_brand","embeddable":true,"href":"https:\/\/geooprema.com\/bs\/wp-json\/wp\/v2\/product_brand?post=22228"},{"taxonomy":"product_cat","embeddable":true,"href":"https:\/\/geooprema.com\/bs\/wp-json\/wp\/v2\/product_cat?post=22228"},{"taxonomy":"product_tag","embeddable":true,"href":"https:\/\/geooprema.com\/bs\/wp-json\/wp\/v2\/product_tag?post=22228"}],"curies":[{"name":"wp","href":"https:\/\/api.w.org\/{rel}","templated":true}]}}