
{"id":22214,"date":"2020-01-13T12:47:46","date_gmt":"2020-01-13T12:47:46","guid":{"rendered":"https:\/\/geooprema.com\/shop\/Bez%20kategorije\/geomax-zcb-zct-koferi-kontejneri\/"},"modified":"2021-06-25T14:10:21","modified_gmt":"2021-06-25T14:10:21","slug":"geomax-zcb-zct-koferi-spremnici","status":"publish","type":"product","link":"https:\/\/geooprema.com\/bs\/products\/dodatna-oprema\/koferi-i-torbe\/geomax-zcb-zct-koferi-spremnici\/","title":{"rendered":"GeoMax ZCB \/ ZCT koferi (spremnici)"},"content":{"rendered":"<p><strong>Transportni torbe \/ spremnici za sve vrste instrumneata i dodatne opreme:<\/strong><\/p>\n<ul>\n<li>GPS \/ GNSS<\/li>\n<li>Niveliri<\/li>\n<li>Laseri i 3D skeneri<\/li>\n<li>Lokatori komunalnih ure\u0111aja<\/li>\n<li>Laseri za cijevi<\/li>\n<li>Prizme i \u0161tapovi<\/li>\n<li>Markice<\/li>\n<li>Prizme sa postoljem i drajfusom<\/li>\n<\/ul>\n<p><span style=\"color: #ff0000;\">*Napomena:<\/span><\/p>\n<p><span style=\"color: #ff0000;\">U slu\u010daju da proizvod ne mo\u017eete na\u0107i na na\u0161oj web stranici, molimo Vas da nas kontaktirate za detaljnije informacije. Neki od proizvoda nisu izlistani na stranici, zbog velikog broja brendova i proizvoda koje predstavljamo.<\/span><\/p>\n","protected":false},"excerpt":{"rendered":"<p> <strong> Torbe \/ spremnici za sve vrste instrumenata i pribora: <\/strong> <\/p>\n<ul>\n<li> Totalne stanice <\/li>\n<li> GPS \/ GNSS <\/li>\n<li> Instrumenti za nivelisanje <\/li>\n<li> Laserski i 3D skeneri <\/li>\n<li> Lokatori uslu\u017enih programa <\/li>\n<li> Cijevni laseri <\/li>\n<li> Prizme \/ stubovi <\/li>\n<li> Ciljevi <\/li>\n<li> Popre\u010dni setovi <\/li>\n<\/ul>\n<p> * napomena: <\/p>\n<p> U slu\u010daju da na na\u0161oj web stranici ne prona\u0111ete proizvod, kontaktirajte nas za detaljne informacije. Neki od proizvoda nisu navedeni na web stranici zbog velike koli\u010dine marki (proizvoda) koje zastupamo. <\/p>\n","protected":false},"featured_media":22171,"comment_status":"open","ping_status":"closed","template":"","meta":{"_acf_changed":false},"product_brand":[],"product_cat":[336,1267],"product_tag":[1728,377,1731,375,1729,1730],"class_list":{"0":"post-22214","1":"product","2":"type-product","3":"status-publish","4":"has-post-thumbnail","6":"product_cat-dodatna-oprema","7":"product_cat-koferi-i-torbe","8":"product_tag-dodaci","9":"product_tag-geomax-bs","10":"product_tag-spremnici","11":"product_tag-torba","12":"product_tag-torbe","13":"product_tag-zastita","14":"pa_brand-geomax-positioning-bs","16":"first","17":"onbackorder","18":"taxable","19":"shipping-taxable","20":"product-type-simple","swatches":"rey-swatches","show_selected":""},"acf":[],"yoast_head":"<!-- This site is optimized with the Yoast SEO plugin v24.9 - https:\/\/yoast.com\/wordpress\/plugins\/seo\/ -->\n<title>GeoMax ZCB \/ ZCT koferi (spremnici) - Geooprema<\/title>\n<meta name=\"robots\" content=\"index, follow, max-snippet:-1, max-image-preview:large, max-video-preview:-1\" \/>\n<link rel=\"canonical\" href=\"https:\/\/geooprema.com\/bs\/products\/dodatna-oprema\/geomax-zcb-zct-koferi-spremnici\/\" \/>\n<meta property=\"og:locale\" content=\"bs_BA\" \/>\n<meta property=\"og:type\" content=\"article\" \/>\n<meta property=\"og:title\" content=\"GeoMax ZCB \/ ZCT koferi (spremnici) - Geooprema\" \/>\n<meta property=\"og:description\" content=\"Torbe \/ spremnici za sve vrste instrumenata i pribora:    Totalne stanice  GPS \/ GNSS  Instrumenti za nivelisanje  Laserski i 3D skeneri  Lokatori uslu\u017enih programa  Cijevni laseri  Prizme \/ stubovi  Ciljevi  Popre\u010dni setovi   * napomena:  U slu\u010daju da na na\u0161oj web stranici ne prona\u0111ete proizvod, kontaktirajte nas za detaljne informacije. Neki od proizvoda nisu navedeni na web stranici zbog velike koli\u010dine marki (proizvoda) koje zastupamo.\" \/>\n<meta property=\"og:url\" content=\"https:\/\/geooprema.com\/bs\/products\/dodatna-oprema\/geomax-zcb-zct-koferi-spremnici\/\" \/>\n<meta property=\"og:site_name\" content=\"Geooprema\" \/>\n<meta property=\"article:publisher\" content=\"https:\/\/www.facebook.com\/geoinfobih\" \/>\n<meta property=\"article:modified_time\" content=\"2021-06-25T14:10:21+00:00\" \/>\n<meta property=\"og:image\" content=\"https:\/\/geooprema.com\/wp-content\/uploads\/2020\/01\/GeoMax-Cases-Containers-cat.jpg\" \/>\n\t<meta property=\"og:image:width\" content=\"850\" \/>\n\t<meta property=\"og:image:height\" content=\"850\" \/>\n\t<meta property=\"og:image:type\" content=\"image\/jpeg\" \/>\n<meta name=\"twitter:card\" content=\"summary_large_image\" \/>\n<script type=\"application\/ld+json\" class=\"yoast-schema-graph\">{\"@context\":\"https:\/\/schema.org\",\"@graph\":[{\"@type\":\"WebPage\",\"@id\":\"https:\/\/geooprema.com\/bs\/products\/dodatna-oprema\/geomax-zcb-zct-koferi-spremnici\/\",\"url\":\"https:\/\/geooprema.com\/bs\/products\/dodatna-oprema\/geomax-zcb-zct-koferi-spremnici\/\",\"name\":\"GeoMax ZCB \/ ZCT koferi (spremnici) - Geooprema\",\"isPartOf\":{\"@id\":\"https:\/\/geooprema.com\/#website\"},\"primaryImageOfPage\":{\"@id\":\"https:\/\/geooprema.com\/bs\/products\/dodatna-oprema\/geomax-zcb-zct-koferi-spremnici\/#primaryimage\"},\"image\":{\"@id\":\"https:\/\/geooprema.com\/bs\/products\/dodatna-oprema\/geomax-zcb-zct-koferi-spremnici\/#primaryimage\"},\"thumbnailUrl\":\"https:\/\/geooprema.com\/wp-content\/uploads\/2020\/01\/GeoMax-Cases-Containers-cat.jpg\",\"datePublished\":\"2020-01-13T12:47:46+00:00\",\"dateModified\":\"2021-06-25T14:10:21+00:00\",\"breadcrumb\":{\"@id\":\"https:\/\/geooprema.com\/bs\/products\/dodatna-oprema\/geomax-zcb-zct-koferi-spremnici\/#breadcrumb\"},\"inLanguage\":\"bs-BA\",\"potentialAction\":[{\"@type\":\"ReadAction\",\"target\":[\"https:\/\/geooprema.com\/bs\/products\/dodatna-oprema\/geomax-zcb-zct-koferi-spremnici\/\"]}]},{\"@type\":\"ImageObject\",\"inLanguage\":\"bs-BA\",\"@id\":\"https:\/\/geooprema.com\/bs\/products\/dodatna-oprema\/geomax-zcb-zct-koferi-spremnici\/#primaryimage\",\"url\":\"https:\/\/geooprema.com\/wp-content\/uploads\/2020\/01\/GeoMax-Cases-Containers-cat.jpg\",\"contentUrl\":\"https:\/\/geooprema.com\/wp-content\/uploads\/2020\/01\/GeoMax-Cases-Containers-cat.jpg\",\"width\":850,\"height\":850},{\"@type\":\"BreadcrumbList\",\"@id\":\"https:\/\/geooprema.com\/bs\/products\/dodatna-oprema\/geomax-zcb-zct-koferi-spremnici\/#breadcrumb\",\"itemListElement\":[{\"@type\":\"ListItem\",\"position\":1,\"name\":\"Home\",\"item\":\"https:\/\/geooprema.com\/bs\/\"},{\"@type\":\"ListItem\",\"position\":2,\"name\":\"Shop\",\"item\":\"https:\/\/geooprema.com\/shop-2\/\"},{\"@type\":\"ListItem\",\"position\":3,\"name\":\"GeoMax ZCB \/ ZCT koferi (spremnici)\"}]},{\"@type\":\"WebSite\",\"@id\":\"https:\/\/geooprema.com\/#website\",\"url\":\"https:\/\/geooprema.com\/\",\"name\":\"Geooprema\",\"description\":\"Surveying and Construction Equipmen, Software and Accessories\",\"publisher\":{\"@id\":\"https:\/\/geooprema.com\/#organization\"},\"potentialAction\":[{\"@type\":\"SearchAction\",\"target\":{\"@type\":\"EntryPoint\",\"urlTemplate\":\"https:\/\/geooprema.com\/?s={search_term_string}\"},\"query-input\":{\"@type\":\"PropertyValueSpecification\",\"valueRequired\":true,\"valueName\":\"search_term_string\"}}],\"inLanguage\":\"bs-BA\"},{\"@type\":\"Organization\",\"@id\":\"https:\/\/geooprema.com\/#organization\",\"name\":\"Geooprema\",\"url\":\"https:\/\/geooprema.com\/\",\"logo\":{\"@type\":\"ImageObject\",\"inLanguage\":\"bs-BA\",\"@id\":\"https:\/\/geooprema.com\/#\/schema\/logo\/image\/\",\"url\":\"https:\/\/geooprema.com\/wp-content\/uploads\/2020\/08\/geooprema-logo.png\",\"contentUrl\":\"https:\/\/geooprema.com\/wp-content\/uploads\/2020\/08\/geooprema-logo.png\",\"width\":513,\"height\":161,\"caption\":\"Geooprema\"},\"image\":{\"@id\":\"https:\/\/geooprema.com\/#\/schema\/logo\/image\/\"},\"sameAs\":[\"https:\/\/www.facebook.com\/geoinfobih\",\"https:\/\/www.instagram.com\/geoinfodoo\/\",\"https:\/\/www.linkedin.com\/company\/geoinfo-doo\/\",\"https:\/\/www.youtube.com\/c\/Geoinfodoo\"]}]}<\/script>\n<!-- \/ Yoast SEO plugin. -->","yoast_head_json":{"title":"GeoMax ZCB \/ ZCT koferi (spremnici) - Geooprema","robots":{"index":"index","follow":"follow","max-snippet":"max-snippet:-1","max-image-preview":"max-image-preview:large","max-video-preview":"max-video-preview:-1"},"canonical":"https:\/\/geooprema.com\/bs\/products\/dodatna-oprema\/geomax-zcb-zct-koferi-spremnici\/","og_locale":"bs_BA","og_type":"article","og_title":"GeoMax ZCB \/ ZCT koferi (spremnici) - Geooprema","og_description":"Torbe \/ spremnici za sve vrste instrumenata i pribora:    Totalne stanice  GPS \/ GNSS  Instrumenti za nivelisanje  Laserski i 3D skeneri  Lokatori uslu\u017enih programa  Cijevni laseri  Prizme \/ stubovi  Ciljevi  Popre\u010dni setovi   * napomena:  U slu\u010daju da na na\u0161oj web stranici ne prona\u0111ete proizvod, kontaktirajte nas za detaljne informacije. Neki od proizvoda nisu navedeni na web stranici zbog velike koli\u010dine marki (proizvoda) koje zastupamo.","og_url":"https:\/\/geooprema.com\/bs\/products\/dodatna-oprema\/geomax-zcb-zct-koferi-spremnici\/","og_site_name":"Geooprema","article_publisher":"https:\/\/www.facebook.com\/geoinfobih","article_modified_time":"2021-06-25T14:10:21+00:00","og_image":[{"width":850,"height":850,"url":"https:\/\/geooprema.com\/wp-content\/uploads\/2020\/01\/GeoMax-Cases-Containers-cat.jpg","type":"image\/jpeg"}],"twitter_card":"summary_large_image","schema":{"@context":"https:\/\/schema.org","@graph":[{"@type":"WebPage","@id":"https:\/\/geooprema.com\/bs\/products\/dodatna-oprema\/geomax-zcb-zct-koferi-spremnici\/","url":"https:\/\/geooprema.com\/bs\/products\/dodatna-oprema\/geomax-zcb-zct-koferi-spremnici\/","name":"GeoMax ZCB \/ ZCT koferi (spremnici) - Geooprema","isPartOf":{"@id":"https:\/\/geooprema.com\/#website"},"primaryImageOfPage":{"@id":"https:\/\/geooprema.com\/bs\/products\/dodatna-oprema\/geomax-zcb-zct-koferi-spremnici\/#primaryimage"},"image":{"@id":"https:\/\/geooprema.com\/bs\/products\/dodatna-oprema\/geomax-zcb-zct-koferi-spremnici\/#primaryimage"},"thumbnailUrl":"https:\/\/geooprema.com\/wp-content\/uploads\/2020\/01\/GeoMax-Cases-Containers-cat.jpg","datePublished":"2020-01-13T12:47:46+00:00","dateModified":"2021-06-25T14:10:21+00:00","breadcrumb":{"@id":"https:\/\/geooprema.com\/bs\/products\/dodatna-oprema\/geomax-zcb-zct-koferi-spremnici\/#breadcrumb"},"inLanguage":"bs-BA","potentialAction":[{"@type":"ReadAction","target":["https:\/\/geooprema.com\/bs\/products\/dodatna-oprema\/geomax-zcb-zct-koferi-spremnici\/"]}]},{"@type":"ImageObject","inLanguage":"bs-BA","@id":"https:\/\/geooprema.com\/bs\/products\/dodatna-oprema\/geomax-zcb-zct-koferi-spremnici\/#primaryimage","url":"https:\/\/geooprema.com\/wp-content\/uploads\/2020\/01\/GeoMax-Cases-Containers-cat.jpg","contentUrl":"https:\/\/geooprema.com\/wp-content\/uploads\/2020\/01\/GeoMax-Cases-Containers-cat.jpg","width":850,"height":850},{"@type":"BreadcrumbList","@id":"https:\/\/geooprema.com\/bs\/products\/dodatna-oprema\/geomax-zcb-zct-koferi-spremnici\/#breadcrumb","itemListElement":[{"@type":"ListItem","position":1,"name":"Home","item":"https:\/\/geooprema.com\/bs\/"},{"@type":"ListItem","position":2,"name":"Shop","item":"https:\/\/geooprema.com\/shop-2\/"},{"@type":"ListItem","position":3,"name":"GeoMax ZCB \/ ZCT koferi (spremnici)"}]},{"@type":"WebSite","@id":"https:\/\/geooprema.com\/#website","url":"https:\/\/geooprema.com\/","name":"Geooprema","description":"Surveying and Construction Equipmen, Software and Accessories","publisher":{"@id":"https:\/\/geooprema.com\/#organization"},"potentialAction":[{"@type":"SearchAction","target":{"@type":"EntryPoint","urlTemplate":"https:\/\/geooprema.com\/?s={search_term_string}"},"query-input":{"@type":"PropertyValueSpecification","valueRequired":true,"valueName":"search_term_string"}}],"inLanguage":"bs-BA"},{"@type":"Organization","@id":"https:\/\/geooprema.com\/#organization","name":"Geooprema","url":"https:\/\/geooprema.com\/","logo":{"@type":"ImageObject","inLanguage":"bs-BA","@id":"https:\/\/geooprema.com\/#\/schema\/logo\/image\/","url":"https:\/\/geooprema.com\/wp-content\/uploads\/2020\/08\/geooprema-logo.png","contentUrl":"https:\/\/geooprema.com\/wp-content\/uploads\/2020\/08\/geooprema-logo.png","width":513,"height":161,"caption":"Geooprema"},"image":{"@id":"https:\/\/geooprema.com\/#\/schema\/logo\/image\/"},"sameAs":["https:\/\/www.facebook.com\/geoinfobih","https:\/\/www.instagram.com\/geoinfodoo\/","https:\/\/www.linkedin.com\/company\/geoinfo-doo\/","https:\/\/www.youtube.com\/c\/Geoinfodoo"]}]}},"_links":{"self":[{"href":"https:\/\/geooprema.com\/bs\/wp-json\/wp\/v2\/product\/22214","targetHints":{"allow":["GET"]}}],"collection":[{"href":"https:\/\/geooprema.com\/bs\/wp-json\/wp\/v2\/product"}],"about":[{"href":"https:\/\/geooprema.com\/bs\/wp-json\/wp\/v2\/types\/product"}],"replies":[{"embeddable":true,"href":"https:\/\/geooprema.com\/bs\/wp-json\/wp\/v2\/comments?post=22214"}],"wp:featuredmedia":[{"embeddable":true,"href":"https:\/\/geooprema.com\/bs\/wp-json\/wp\/v2\/media\/22171"}],"wp:attachment":[{"href":"https:\/\/geooprema.com\/bs\/wp-json\/wp\/v2\/media?parent=22214"}],"wp:term":[{"taxonomy":"product_brand","embeddable":true,"href":"https:\/\/geooprema.com\/bs\/wp-json\/wp\/v2\/product_brand?post=22214"},{"taxonomy":"product_cat","embeddable":true,"href":"https:\/\/geooprema.com\/bs\/wp-json\/wp\/v2\/product_cat?post=22214"},{"taxonomy":"product_tag","embeddable":true,"href":"https:\/\/geooprema.com\/bs\/wp-json\/wp\/v2\/product_tag?post=22214"}],"curies":[{"name":"wp","href":"https:\/\/api.w.org\/{rel}","templated":true}]}}