
{"id":21886,"date":"2019-11-23T14:12:20","date_gmt":"2019-11-23T14:12:20","guid":{"rendered":"https:\/\/geooprema.com\/shop\/Bez%20kategorije\/geomax-zdl700\/"},"modified":"2021-06-10T12:02:54","modified_gmt":"2021-06-10T12:02:54","slug":"geomax-zdl700","status":"publish","type":"product","link":"https:\/\/geooprema.com\/bs\/products\/gradjevinska-oprema\/gradevinski-niveliri\/geomax-zdl700\/","title":{"rendered":"GeoMax ZDL700"},"content":{"rendered":"<p>Mi u GeoMax-u razumijemo da korisnik zahtjeva ta\u010dnost i lako\u0107u kori\u0161tenja u kombinaciji sa brzinom. Iz ovih razloga predstavljamo Vam ZDL700 digitalni nivelir za geodetska mjerenja i mjerenja u gra\u0111evini. Sada mo\u017eete da vri\u0161ite digitalna mjerenja na jednostavan, lak i pristupa\u010dan na\u010din.<\/p>\n<ul>\n<li><span style=\"color: #f99b1c;\"><strong>Brz, jednostavan i bez gre\u0161ke<\/strong><\/span>\n<ul>\n<li>Super brza mjerenja (manje od 3 sekunde) u kombinaciji sa jednostavnim kori\u0161tenjem i mjerenjem na pritisak samo jednog dugmeta omogu\u0107ava Vam precizne i ekonomi\u010dne rezultate. Digitalna \u010ditanja u kombinaciji sa internom memorijom otklanja gre\u0161ke upisivanja i gre\u0161ke interpretacije \u010ditanja<\/li>\n<\/ul>\n<\/li>\n<li><span style=\"color: #f99b1c;\"><strong>Precizni rezultati mjerenja<\/strong><\/span>\n<ul>\n<li>Opse\u017ena testna terenska mjerenja su pokazala superiornu ta\u010dnost ZDL700 od \u010dak 0.7 mm na 1km (dupla mjerenja sa promjenom visine). Ovo \u010dini ZDL700 idealnim nivelirom ne samo za mjerenja koja zahtjevaju visoku ta\u010dnost, pra\u0107enje slijeganja objekata nego i za mjerenja u bilo kojoj vrsti gra\u0111evinarstva.<\/li>\n<\/ul>\n<\/li>\n<li><span style=\"color: #f99b1c;\"><strong>Velika interna memorija<\/strong><\/span>\n<ul>\n<li>Da bi smo Vam omogu\u0107ili i unaprijedili mjerenje u ZDL700 smo ugradili internu memoriju koja ima kapacitet od \u010dak 2000 ta\u010daka. Opcije, kao \u0161to su ru\u010dno i automatsko uno\u0161enje naziva ta\u010daka ne samo da ubrzava va\u0161a mjerenja, ve\u0107 Vam daje apsolutnu kontrolu nad mjerenim podacima direktno na terenu.<\/li>\n<\/ul>\n<\/li>\n<li><strong><span style=\"color: #f99b1c;\">Jednostavan i brz prenos podataka<\/span><\/strong>\n<ul>\n<li>Snimljeni podaci na terenu se mogu na brz i jednostavan na\u010din kopirati na ra\u010dunar konektovanjem ZDL700 putem kabla koji dolazi u standardnom pakovanju.<\/li>\n<\/ul>\n<\/li>\n<\/ul>\n<div class=\"col-lg-6 equal-height-inner\">\n<div class=\"inner-container\">\n<div class=\"caption baseFont\">\n<div class=\"text\">\n<ul>\n<li style=\"list-style-type: none;\"><\/li>\n<\/ul>\n<\/div>\n<\/div>\n<\/div>\n<\/div>\n","protected":false},"excerpt":{"rendered":"<p><strong>Ta\u010dnost<\/strong><\/p>\n<ul>\n<li>Ta\u010dnost visina \u00b1 0.7 mm\/km<\/li>\n<li>Ta\u010dnost du\u017eina D &lt; 10 m, 10 mm | D \u2265 10 m, 0.001 x D<\/li>\n<li>Maksimalan domet 105 m \/ minimalano 2 m<\/li>\n<li>Brzina jednog \u010ditanja &lt; 3 sec<\/li>\n<li>Minimalno zahtjevani svjetlosni uslovi 20 Lux \/ Minimalno polje vidljivosti \u2265 50 %<\/li>\n<li>Minimalan prikaz na ekranu (Ht) 0.1 mm \/ (Dist) 1 mm<\/li>\n<li>Uve\u0107anje durbina 24 x<\/li>\n<li>Polje kompenzacije \u00b1 10\u2019 pode\u0161avanje ta\u010dnosti \u00b1 0.35\u201d<\/li>\n<\/ul>\n","protected":false},"featured_media":21671,"comment_status":"open","ping_status":"closed","template":"","meta":{"_acf_changed":false},"product_brand":[],"product_cat":[341,1275,343],"product_tag":[330,355,377,361,380],"class_list":{"0":"post-21886","1":"product","2":"type-product","3":"status-publish","4":"has-post-thumbnail","6":"product_cat-geodetska-oprema","7":"product_cat-gradevinski-niveliri","8":"product_cat-niveliri","9":"product_tag-0-7mm-bs-2","10":"product_tag-digitalni","11":"product_tag-geomax-bs","12":"product_tag-niveliri","13":"product_tag-zdl700-bs","14":"pa_brand-geomax-positioning-bs","16":"first","17":"onbackorder","18":"featured","19":"taxable","20":"shipping-taxable","21":"product-type-simple","swatches":"rey-swatches","show_selected":""},"acf":[],"yoast_head":"<!-- This site is optimized with the Yoast SEO plugin v24.9 - https:\/\/yoast.com\/wordpress\/plugins\/seo\/ -->\n<title>GeoMax ZDL700 - Geooprema<\/title>\n<meta name=\"robots\" content=\"index, follow, max-snippet:-1, max-image-preview:large, max-video-preview:-1\" \/>\n<link rel=\"canonical\" href=\"https:\/\/geooprema.com\/bs\/products\/geodetska-oprema\/niveliri\/geomax-zdl700\/\" \/>\n<meta property=\"og:locale\" content=\"bs_BA\" \/>\n<meta property=\"og:type\" content=\"article\" \/>\n<meta property=\"og:title\" content=\"GeoMax ZDL700 - Geooprema\" \/>\n<meta property=\"og:description\" content=\"Ta\u010dnost   Ta\u010dnost visina \u00b1 0.7 mm\/km  Ta\u010dnost du\u017eina D &lt; 10 m, 10 mm | D \u2265 10 m, 0.001 x D  Maksimalan domet 105 m \/ minimalano 2 m  Brzina jednog \u010ditanja &lt; 3 sec  Minimalno zahtjevani svjetlosni uslovi 20 Lux \/ Minimalno polje vidljivosti \u2265 50 %  Minimalan prikaz na ekranu (Ht) 0.1 mm \/ (Dist) 1 mm  Uve\u0107anje durbina 24 x  Polje kompenzacije \u00b1 10\u2019 pode\u0161avanje ta\u010dnosti \u00b1 0.35\u201d\" \/>\n<meta property=\"og:url\" content=\"https:\/\/geooprema.com\/bs\/products\/geodetska-oprema\/niveliri\/geomax-zdl700\/\" \/>\n<meta property=\"og:site_name\" content=\"Geooprema\" \/>\n<meta property=\"article:publisher\" content=\"https:\/\/www.facebook.com\/geoinfobih\" \/>\n<meta property=\"article:modified_time\" content=\"2021-06-10T12:02:54+00:00\" \/>\n<meta property=\"og:image\" content=\"https:\/\/geooprema.com\/wp-content\/uploads\/2019\/11\/ZDL700-Series-_1.jpg\" \/>\n\t<meta property=\"og:image:width\" content=\"850\" \/>\n\t<meta property=\"og:image:height\" content=\"850\" \/>\n\t<meta property=\"og:image:type\" content=\"image\/jpeg\" \/>\n<meta name=\"twitter:card\" content=\"summary_large_image\" \/>\n<meta name=\"twitter:label1\" content=\"Est. reading time\" \/>\n\t<meta name=\"twitter:data1\" content=\"1 minuta\" \/>\n<script type=\"application\/ld+json\" class=\"yoast-schema-graph\">{\"@context\":\"https:\/\/schema.org\",\"@graph\":[{\"@type\":\"WebPage\",\"@id\":\"https:\/\/geooprema.com\/bs\/products\/geodetska-oprema\/niveliri\/geomax-zdl700\/\",\"url\":\"https:\/\/geooprema.com\/bs\/products\/geodetska-oprema\/niveliri\/geomax-zdl700\/\",\"name\":\"GeoMax ZDL700 - Geooprema\",\"isPartOf\":{\"@id\":\"https:\/\/geooprema.com\/#website\"},\"primaryImageOfPage\":{\"@id\":\"https:\/\/geooprema.com\/bs\/products\/geodetska-oprema\/niveliri\/geomax-zdl700\/#primaryimage\"},\"image\":{\"@id\":\"https:\/\/geooprema.com\/bs\/products\/geodetska-oprema\/niveliri\/geomax-zdl700\/#primaryimage\"},\"thumbnailUrl\":\"https:\/\/geooprema.com\/wp-content\/uploads\/2019\/11\/ZDL700-Series-_1.jpg\",\"datePublished\":\"2019-11-23T14:12:20+00:00\",\"dateModified\":\"2021-06-10T12:02:54+00:00\",\"breadcrumb\":{\"@id\":\"https:\/\/geooprema.com\/bs\/products\/geodetska-oprema\/niveliri\/geomax-zdl700\/#breadcrumb\"},\"inLanguage\":\"bs-BA\",\"potentialAction\":[{\"@type\":\"ReadAction\",\"target\":[\"https:\/\/geooprema.com\/bs\/products\/geodetska-oprema\/niveliri\/geomax-zdl700\/\"]}]},{\"@type\":\"ImageObject\",\"inLanguage\":\"bs-BA\",\"@id\":\"https:\/\/geooprema.com\/bs\/products\/geodetska-oprema\/niveliri\/geomax-zdl700\/#primaryimage\",\"url\":\"https:\/\/geooprema.com\/wp-content\/uploads\/2019\/11\/ZDL700-Series-_1.jpg\",\"contentUrl\":\"https:\/\/geooprema.com\/wp-content\/uploads\/2019\/11\/ZDL700-Series-_1.jpg\",\"width\":850,\"height\":850},{\"@type\":\"BreadcrumbList\",\"@id\":\"https:\/\/geooprema.com\/bs\/products\/geodetska-oprema\/niveliri\/geomax-zdl700\/#breadcrumb\",\"itemListElement\":[{\"@type\":\"ListItem\",\"position\":1,\"name\":\"Home\",\"item\":\"https:\/\/geooprema.com\/bs\/\"},{\"@type\":\"ListItem\",\"position\":2,\"name\":\"Shop\",\"item\":\"https:\/\/geooprema.com\/shop-2\/\"},{\"@type\":\"ListItem\",\"position\":3,\"name\":\"GeoMax ZDL700\"}]},{\"@type\":\"WebSite\",\"@id\":\"https:\/\/geooprema.com\/#website\",\"url\":\"https:\/\/geooprema.com\/\",\"name\":\"Geooprema\",\"description\":\"Surveying and Construction Equipmen, Software and Accessories\",\"publisher\":{\"@id\":\"https:\/\/geooprema.com\/#organization\"},\"potentialAction\":[{\"@type\":\"SearchAction\",\"target\":{\"@type\":\"EntryPoint\",\"urlTemplate\":\"https:\/\/geooprema.com\/?s={search_term_string}\"},\"query-input\":{\"@type\":\"PropertyValueSpecification\",\"valueRequired\":true,\"valueName\":\"search_term_string\"}}],\"inLanguage\":\"bs-BA\"},{\"@type\":\"Organization\",\"@id\":\"https:\/\/geooprema.com\/#organization\",\"name\":\"Geooprema\",\"url\":\"https:\/\/geooprema.com\/\",\"logo\":{\"@type\":\"ImageObject\",\"inLanguage\":\"bs-BA\",\"@id\":\"https:\/\/geooprema.com\/#\/schema\/logo\/image\/\",\"url\":\"https:\/\/geooprema.com\/wp-content\/uploads\/2020\/08\/geooprema-logo.png\",\"contentUrl\":\"https:\/\/geooprema.com\/wp-content\/uploads\/2020\/08\/geooprema-logo.png\",\"width\":513,\"height\":161,\"caption\":\"Geooprema\"},\"image\":{\"@id\":\"https:\/\/geooprema.com\/#\/schema\/logo\/image\/\"},\"sameAs\":[\"https:\/\/www.facebook.com\/geoinfobih\",\"https:\/\/www.instagram.com\/geoinfodoo\/\",\"https:\/\/www.linkedin.com\/company\/geoinfo-doo\/\",\"https:\/\/www.youtube.com\/c\/Geoinfodoo\"]}]}<\/script>\n<!-- \/ Yoast SEO plugin. -->","yoast_head_json":{"title":"GeoMax ZDL700 - Geooprema","robots":{"index":"index","follow":"follow","max-snippet":"max-snippet:-1","max-image-preview":"max-image-preview:large","max-video-preview":"max-video-preview:-1"},"canonical":"https:\/\/geooprema.com\/bs\/products\/geodetska-oprema\/niveliri\/geomax-zdl700\/","og_locale":"bs_BA","og_type":"article","og_title":"GeoMax ZDL700 - Geooprema","og_description":"Ta\u010dnost   Ta\u010dnost visina \u00b1 0.7 mm\/km  Ta\u010dnost du\u017eina D &lt; 10 m, 10 mm | D \u2265 10 m, 0.001 x D  Maksimalan domet 105 m \/ minimalano 2 m  Brzina jednog \u010ditanja &lt; 3 sec  Minimalno zahtjevani svjetlosni uslovi 20 Lux \/ Minimalno polje vidljivosti \u2265 50 %  Minimalan prikaz na ekranu (Ht) 0.1 mm \/ (Dist) 1 mm  Uve\u0107anje durbina 24 x  Polje kompenzacije \u00b1 10\u2019 pode\u0161avanje ta\u010dnosti \u00b1 0.35\u201d","og_url":"https:\/\/geooprema.com\/bs\/products\/geodetska-oprema\/niveliri\/geomax-zdl700\/","og_site_name":"Geooprema","article_publisher":"https:\/\/www.facebook.com\/geoinfobih","article_modified_time":"2021-06-10T12:02:54+00:00","og_image":[{"width":850,"height":850,"url":"https:\/\/geooprema.com\/wp-content\/uploads\/2019\/11\/ZDL700-Series-_1.jpg","type":"image\/jpeg"}],"twitter_card":"summary_large_image","twitter_misc":{"Est. reading time":"1 minuta"},"schema":{"@context":"https:\/\/schema.org","@graph":[{"@type":"WebPage","@id":"https:\/\/geooprema.com\/bs\/products\/geodetska-oprema\/niveliri\/geomax-zdl700\/","url":"https:\/\/geooprema.com\/bs\/products\/geodetska-oprema\/niveliri\/geomax-zdl700\/","name":"GeoMax ZDL700 - Geooprema","isPartOf":{"@id":"https:\/\/geooprema.com\/#website"},"primaryImageOfPage":{"@id":"https:\/\/geooprema.com\/bs\/products\/geodetska-oprema\/niveliri\/geomax-zdl700\/#primaryimage"},"image":{"@id":"https:\/\/geooprema.com\/bs\/products\/geodetska-oprema\/niveliri\/geomax-zdl700\/#primaryimage"},"thumbnailUrl":"https:\/\/geooprema.com\/wp-content\/uploads\/2019\/11\/ZDL700-Series-_1.jpg","datePublished":"2019-11-23T14:12:20+00:00","dateModified":"2021-06-10T12:02:54+00:00","breadcrumb":{"@id":"https:\/\/geooprema.com\/bs\/products\/geodetska-oprema\/niveliri\/geomax-zdl700\/#breadcrumb"},"inLanguage":"bs-BA","potentialAction":[{"@type":"ReadAction","target":["https:\/\/geooprema.com\/bs\/products\/geodetska-oprema\/niveliri\/geomax-zdl700\/"]}]},{"@type":"ImageObject","inLanguage":"bs-BA","@id":"https:\/\/geooprema.com\/bs\/products\/geodetska-oprema\/niveliri\/geomax-zdl700\/#primaryimage","url":"https:\/\/geooprema.com\/wp-content\/uploads\/2019\/11\/ZDL700-Series-_1.jpg","contentUrl":"https:\/\/geooprema.com\/wp-content\/uploads\/2019\/11\/ZDL700-Series-_1.jpg","width":850,"height":850},{"@type":"BreadcrumbList","@id":"https:\/\/geooprema.com\/bs\/products\/geodetska-oprema\/niveliri\/geomax-zdl700\/#breadcrumb","itemListElement":[{"@type":"ListItem","position":1,"name":"Home","item":"https:\/\/geooprema.com\/bs\/"},{"@type":"ListItem","position":2,"name":"Shop","item":"https:\/\/geooprema.com\/shop-2\/"},{"@type":"ListItem","position":3,"name":"GeoMax ZDL700"}]},{"@type":"WebSite","@id":"https:\/\/geooprema.com\/#website","url":"https:\/\/geooprema.com\/","name":"Geooprema","description":"Surveying and Construction Equipmen, Software and Accessories","publisher":{"@id":"https:\/\/geooprema.com\/#organization"},"potentialAction":[{"@type":"SearchAction","target":{"@type":"EntryPoint","urlTemplate":"https:\/\/geooprema.com\/?s={search_term_string}"},"query-input":{"@type":"PropertyValueSpecification","valueRequired":true,"valueName":"search_term_string"}}],"inLanguage":"bs-BA"},{"@type":"Organization","@id":"https:\/\/geooprema.com\/#organization","name":"Geooprema","url":"https:\/\/geooprema.com\/","logo":{"@type":"ImageObject","inLanguage":"bs-BA","@id":"https:\/\/geooprema.com\/#\/schema\/logo\/image\/","url":"https:\/\/geooprema.com\/wp-content\/uploads\/2020\/08\/geooprema-logo.png","contentUrl":"https:\/\/geooprema.com\/wp-content\/uploads\/2020\/08\/geooprema-logo.png","width":513,"height":161,"caption":"Geooprema"},"image":{"@id":"https:\/\/geooprema.com\/#\/schema\/logo\/image\/"},"sameAs":["https:\/\/www.facebook.com\/geoinfobih","https:\/\/www.instagram.com\/geoinfodoo\/","https:\/\/www.linkedin.com\/company\/geoinfo-doo\/","https:\/\/www.youtube.com\/c\/Geoinfodoo"]}]}},"_links":{"self":[{"href":"https:\/\/geooprema.com\/bs\/wp-json\/wp\/v2\/product\/21886","targetHints":{"allow":["GET"]}}],"collection":[{"href":"https:\/\/geooprema.com\/bs\/wp-json\/wp\/v2\/product"}],"about":[{"href":"https:\/\/geooprema.com\/bs\/wp-json\/wp\/v2\/types\/product"}],"replies":[{"embeddable":true,"href":"https:\/\/geooprema.com\/bs\/wp-json\/wp\/v2\/comments?post=21886"}],"wp:featuredmedia":[{"embeddable":true,"href":"https:\/\/geooprema.com\/bs\/wp-json\/wp\/v2\/media\/21671"}],"wp:attachment":[{"href":"https:\/\/geooprema.com\/bs\/wp-json\/wp\/v2\/media?parent=21886"}],"wp:term":[{"taxonomy":"product_brand","embeddable":true,"href":"https:\/\/geooprema.com\/bs\/wp-json\/wp\/v2\/product_brand?post=21886"},{"taxonomy":"product_cat","embeddable":true,"href":"https:\/\/geooprema.com\/bs\/wp-json\/wp\/v2\/product_cat?post=21886"},{"taxonomy":"product_tag","embeddable":true,"href":"https:\/\/geooprema.com\/bs\/wp-json\/wp\/v2\/product_tag?post=21886"}],"curies":[{"name":"wp","href":"https:\/\/api.w.org\/{rel}","templated":true}]}}