
{"id":21880,"date":"2019-11-23T15:53:19","date_gmt":"2019-11-23T15:53:19","guid":{"rendered":"https:\/\/geooprema.com\/shop\/Bez%20kategorije\/nedo-drveni-tronozac-od-102cm-do-167cm-zavrtanj\/"},"modified":"2021-06-26T10:07:55","modified_gmt":"2021-06-26T10:07:55","slug":"nedo-drveni-tronozac-od-102cm-do-167cm-zavrtanj","status":"publish","type":"product","link":"https:\/\/geooprema.com\/bs\/products\/dodatna-oprema\/tronosci\/nedo-drveni-tronozac-od-102cm-do-167cm-zavrtanj\/","title":{"rendered":"Nedo drveni trono\u017eac | od 102cm do 167cm | zavrtanj"},"content":{"rendered":"<p>Nedo drveni trono\u0161ci (stativi) se prave od pa\u017eljivo izabranog evropskog drvnog materijala. Svi drveni dijelovi se \u0161tite sa visokokvalitetnom plastikom koja \u0161titi drvo od vlage i uticaja okoli\u0161a. Na ovaj na\u010din je osigurana stabilnost, nema uvijanja, proklizivanja ili bilo kakvih drugih pomjeranja koji bi mogli uticati na precizna mjerenja. Nedo stativi su izdr\u017eljivi, robusni i vodonepropusni!<\/p>\n<p><strong>Karakteristike:<\/strong><\/p>\n<ul>\n<li>Drveni dijelovi se prave isklju\u010divo od drveta iz Evrope<\/li>\n<li>Nogare su za\u0161ti\u0107ene plasti\u010dnim materijalom<\/li>\n<li>Glava stativa se izradjuje od aluminijuma i za\u0161ti\u0107ena je posebnim prahom<\/li>\n<li>Stege se izradjuju tako\u0111e od aluminijuma<\/li>\n<li>Vrhovi nogara su zamjenjljivi i prace se od aluminijuma<\/li>\n<li>Pojas za lako no\u0161enje<\/li>\n<li>U saglasnosti sa ISO 12858-2-LF standardom<\/li>\n<\/ul>\n<p><strong>Pogodni su za:<\/strong><\/p>\n<ul>\n<li>Digitalne nivelire<\/li>\n<li>Gradjevinske nivelire<\/li>\n<li>Teodolite<\/li>\n<li>Totalne stanice<\/li>\n<li>GNSS baze<\/li>\n<\/ul>\n","protected":false},"excerpt":{"rendered":"<div id=\"tab-description\" class=\"woocommerce-Tabs-panel woocommerce-Tabs-panel--description panel entry-content active\" role=\"tabpanel\" aria-labelledby=\"tab-title-description\">\n<ul>\n<li>Minimalna efektivna visina 40\u2019\u2019 \/ 1.02 m<\/li>\n<li>Maksimalna efektivna visina 67\u2019\u2019 \/ 1.67 m<\/li>\n<li>Visina stativa kada je sklopljen 44\u2019\u2019 \/ 1.10 m<\/li>\n<li>Zavrtnji: 5\/8\u2019\u2019 x 11 thread<\/li>\n<li>Te\u017eina 17 lbs. \/ 7.60 kg<\/li>\n<li>Glava stativa, \u00d8 6.5\u2019\u2019 \/ 67 mm<\/li>\n<\/ul>\n<\/div>\n","protected":false},"featured_media":21680,"comment_status":"open","ping_status":"closed","template":"","meta":{"_acf_changed":false},"product_brand":[],"product_cat":[336,339],"product_tag":[374,453,364,373],"class_list":{"0":"post-21880","1":"product","2":"type-product","3":"status-publish","4":"has-post-thumbnail","6":"product_cat-dodatna-oprema","7":"product_cat-tronosci","8":"product_tag-drveni","9":"product_tag-geodetski-premjer","10":"product_tag-nedo-bs","11":"product_tag-tronozac","12":"pa_brand-nedo-bs","14":"first","15":"onbackorder","16":"taxable","17":"shipping-taxable","18":"product-type-simple","swatches":"rey-swatches","show_selected":""},"acf":[],"yoast_head":"<!-- This site is optimized with the Yoast SEO plugin v24.9 - https:\/\/yoast.com\/wordpress\/plugins\/seo\/ -->\n<title>Nedo drveni trono\u017eac | od 102cm do 167cm | zavrtanj - Geooprema<\/title>\n<meta name=\"robots\" content=\"index, follow, max-snippet:-1, max-image-preview:large, max-video-preview:-1\" \/>\n<link rel=\"canonical\" href=\"https:\/\/geooprema.com\/bs\/products\/dodatna-oprema\/tronosci\/nedo-drveni-tronozac-od-102cm-do-167cm-zavrtanj\/\" \/>\n<meta property=\"og:locale\" content=\"bs_BA\" \/>\n<meta property=\"og:type\" content=\"article\" \/>\n<meta property=\"og:title\" content=\"Nedo drveni trono\u017eac | od 102cm do 167cm | zavrtanj - Geooprema\" \/>\n<meta property=\"og:description\" content=\"Minimalna efektivna visina 40\u2019\u2019 \/ 1.02 m  Maksimalna efektivna visina 67\u2019\u2019 \/ 1.67 m  Visina stativa kada je sklopljen 44\u2019\u2019 \/ 1.10 m  Zavrtnji: 5\/8\u2019\u2019 x 11 thread  Te\u017eina 17 lbs. \/ 7.60 kg  Glava stativa, \u00d8 6.5\u2019\u2019 \/ 67 mm\" \/>\n<meta property=\"og:url\" content=\"https:\/\/geooprema.com\/bs\/products\/dodatna-oprema\/tronosci\/nedo-drveni-tronozac-od-102cm-do-167cm-zavrtanj\/\" \/>\n<meta property=\"og:site_name\" content=\"Geooprema\" \/>\n<meta property=\"article:publisher\" content=\"https:\/\/www.facebook.com\/geoinfobih\" \/>\n<meta property=\"article:modified_time\" content=\"2021-06-26T10:07:55+00:00\" \/>\n<meta property=\"og:image\" content=\"https:\/\/geooprema.com\/wp-content\/uploads\/2019\/11\/Nedo-wooden-tripod-screw-clamp-_1.jpg\" \/>\n\t<meta property=\"og:image:width\" content=\"850\" \/>\n\t<meta property=\"og:image:height\" content=\"850\" \/>\n\t<meta property=\"og:image:type\" content=\"image\/jpeg\" \/>\n<meta name=\"twitter:card\" content=\"summary_large_image\" \/>\n<meta name=\"twitter:label1\" content=\"Est. reading time\" \/>\n\t<meta name=\"twitter:data1\" content=\"1 minuta\" \/>\n<script type=\"application\/ld+json\" class=\"yoast-schema-graph\">{\"@context\":\"https:\/\/schema.org\",\"@graph\":[{\"@type\":\"WebPage\",\"@id\":\"https:\/\/geooprema.com\/bs\/products\/dodatna-oprema\/tronosci\/nedo-drveni-tronozac-od-102cm-do-167cm-zavrtanj\/\",\"url\":\"https:\/\/geooprema.com\/bs\/products\/dodatna-oprema\/tronosci\/nedo-drveni-tronozac-od-102cm-do-167cm-zavrtanj\/\",\"name\":\"Nedo drveni trono\u017eac | od 102cm do 167cm | zavrtanj - Geooprema\",\"isPartOf\":{\"@id\":\"https:\/\/geooprema.com\/#website\"},\"primaryImageOfPage\":{\"@id\":\"https:\/\/geooprema.com\/bs\/products\/dodatna-oprema\/tronosci\/nedo-drveni-tronozac-od-102cm-do-167cm-zavrtanj\/#primaryimage\"},\"image\":{\"@id\":\"https:\/\/geooprema.com\/bs\/products\/dodatna-oprema\/tronosci\/nedo-drveni-tronozac-od-102cm-do-167cm-zavrtanj\/#primaryimage\"},\"thumbnailUrl\":\"https:\/\/geooprema.com\/wp-content\/uploads\/2019\/11\/Nedo-wooden-tripod-screw-clamp-_1.jpg\",\"datePublished\":\"2019-11-23T15:53:19+00:00\",\"dateModified\":\"2021-06-26T10:07:55+00:00\",\"breadcrumb\":{\"@id\":\"https:\/\/geooprema.com\/bs\/products\/dodatna-oprema\/tronosci\/nedo-drveni-tronozac-od-102cm-do-167cm-zavrtanj\/#breadcrumb\"},\"inLanguage\":\"bs-BA\",\"potentialAction\":[{\"@type\":\"ReadAction\",\"target\":[\"https:\/\/geooprema.com\/bs\/products\/dodatna-oprema\/tronosci\/nedo-drveni-tronozac-od-102cm-do-167cm-zavrtanj\/\"]}]},{\"@type\":\"ImageObject\",\"inLanguage\":\"bs-BA\",\"@id\":\"https:\/\/geooprema.com\/bs\/products\/dodatna-oprema\/tronosci\/nedo-drveni-tronozac-od-102cm-do-167cm-zavrtanj\/#primaryimage\",\"url\":\"https:\/\/geooprema.com\/wp-content\/uploads\/2019\/11\/Nedo-wooden-tripod-screw-clamp-_1.jpg\",\"contentUrl\":\"https:\/\/geooprema.com\/wp-content\/uploads\/2019\/11\/Nedo-wooden-tripod-screw-clamp-_1.jpg\",\"width\":850,\"height\":850},{\"@type\":\"BreadcrumbList\",\"@id\":\"https:\/\/geooprema.com\/bs\/products\/dodatna-oprema\/tronosci\/nedo-drveni-tronozac-od-102cm-do-167cm-zavrtanj\/#breadcrumb\",\"itemListElement\":[{\"@type\":\"ListItem\",\"position\":1,\"name\":\"Home\",\"item\":\"https:\/\/geooprema.com\/bs\/\"},{\"@type\":\"ListItem\",\"position\":2,\"name\":\"Shop\",\"item\":\"https:\/\/geooprema.com\/shop-2\/\"},{\"@type\":\"ListItem\",\"position\":3,\"name\":\"Nedo drveni trono\u017eac | od 102cm do 167cm | zavrtanj\"}]},{\"@type\":\"WebSite\",\"@id\":\"https:\/\/geooprema.com\/#website\",\"url\":\"https:\/\/geooprema.com\/\",\"name\":\"Geooprema\",\"description\":\"Surveying and Construction Equipmen, Software and Accessories\",\"publisher\":{\"@id\":\"https:\/\/geooprema.com\/#organization\"},\"potentialAction\":[{\"@type\":\"SearchAction\",\"target\":{\"@type\":\"EntryPoint\",\"urlTemplate\":\"https:\/\/geooprema.com\/?s={search_term_string}\"},\"query-input\":{\"@type\":\"PropertyValueSpecification\",\"valueRequired\":true,\"valueName\":\"search_term_string\"}}],\"inLanguage\":\"bs-BA\"},{\"@type\":\"Organization\",\"@id\":\"https:\/\/geooprema.com\/#organization\",\"name\":\"Geooprema\",\"url\":\"https:\/\/geooprema.com\/\",\"logo\":{\"@type\":\"ImageObject\",\"inLanguage\":\"bs-BA\",\"@id\":\"https:\/\/geooprema.com\/#\/schema\/logo\/image\/\",\"url\":\"https:\/\/geooprema.com\/wp-content\/uploads\/2020\/08\/geooprema-logo.png\",\"contentUrl\":\"https:\/\/geooprema.com\/wp-content\/uploads\/2020\/08\/geooprema-logo.png\",\"width\":513,\"height\":161,\"caption\":\"Geooprema\"},\"image\":{\"@id\":\"https:\/\/geooprema.com\/#\/schema\/logo\/image\/\"},\"sameAs\":[\"https:\/\/www.facebook.com\/geoinfobih\",\"https:\/\/www.instagram.com\/geoinfodoo\/\",\"https:\/\/www.linkedin.com\/company\/geoinfo-doo\/\",\"https:\/\/www.youtube.com\/c\/Geoinfodoo\"]}]}<\/script>\n<!-- \/ Yoast SEO plugin. -->","yoast_head_json":{"title":"Nedo drveni trono\u017eac | od 102cm do 167cm | zavrtanj - Geooprema","robots":{"index":"index","follow":"follow","max-snippet":"max-snippet:-1","max-image-preview":"max-image-preview:large","max-video-preview":"max-video-preview:-1"},"canonical":"https:\/\/geooprema.com\/bs\/products\/dodatna-oprema\/tronosci\/nedo-drveni-tronozac-od-102cm-do-167cm-zavrtanj\/","og_locale":"bs_BA","og_type":"article","og_title":"Nedo drveni trono\u017eac | od 102cm do 167cm | zavrtanj - Geooprema","og_description":"Minimalna efektivna visina 40\u2019\u2019 \/ 1.02 m  Maksimalna efektivna visina 67\u2019\u2019 \/ 1.67 m  Visina stativa kada je sklopljen 44\u2019\u2019 \/ 1.10 m  Zavrtnji: 5\/8\u2019\u2019 x 11 thread  Te\u017eina 17 lbs. \/ 7.60 kg  Glava stativa, \u00d8 6.5\u2019\u2019 \/ 67 mm","og_url":"https:\/\/geooprema.com\/bs\/products\/dodatna-oprema\/tronosci\/nedo-drveni-tronozac-od-102cm-do-167cm-zavrtanj\/","og_site_name":"Geooprema","article_publisher":"https:\/\/www.facebook.com\/geoinfobih","article_modified_time":"2021-06-26T10:07:55+00:00","og_image":[{"width":850,"height":850,"url":"https:\/\/geooprema.com\/wp-content\/uploads\/2019\/11\/Nedo-wooden-tripod-screw-clamp-_1.jpg","type":"image\/jpeg"}],"twitter_card":"summary_large_image","twitter_misc":{"Est. reading time":"1 minuta"},"schema":{"@context":"https:\/\/schema.org","@graph":[{"@type":"WebPage","@id":"https:\/\/geooprema.com\/bs\/products\/dodatna-oprema\/tronosci\/nedo-drveni-tronozac-od-102cm-do-167cm-zavrtanj\/","url":"https:\/\/geooprema.com\/bs\/products\/dodatna-oprema\/tronosci\/nedo-drveni-tronozac-od-102cm-do-167cm-zavrtanj\/","name":"Nedo drveni trono\u017eac | od 102cm do 167cm | zavrtanj - Geooprema","isPartOf":{"@id":"https:\/\/geooprema.com\/#website"},"primaryImageOfPage":{"@id":"https:\/\/geooprema.com\/bs\/products\/dodatna-oprema\/tronosci\/nedo-drveni-tronozac-od-102cm-do-167cm-zavrtanj\/#primaryimage"},"image":{"@id":"https:\/\/geooprema.com\/bs\/products\/dodatna-oprema\/tronosci\/nedo-drveni-tronozac-od-102cm-do-167cm-zavrtanj\/#primaryimage"},"thumbnailUrl":"https:\/\/geooprema.com\/wp-content\/uploads\/2019\/11\/Nedo-wooden-tripod-screw-clamp-_1.jpg","datePublished":"2019-11-23T15:53:19+00:00","dateModified":"2021-06-26T10:07:55+00:00","breadcrumb":{"@id":"https:\/\/geooprema.com\/bs\/products\/dodatna-oprema\/tronosci\/nedo-drveni-tronozac-od-102cm-do-167cm-zavrtanj\/#breadcrumb"},"inLanguage":"bs-BA","potentialAction":[{"@type":"ReadAction","target":["https:\/\/geooprema.com\/bs\/products\/dodatna-oprema\/tronosci\/nedo-drveni-tronozac-od-102cm-do-167cm-zavrtanj\/"]}]},{"@type":"ImageObject","inLanguage":"bs-BA","@id":"https:\/\/geooprema.com\/bs\/products\/dodatna-oprema\/tronosci\/nedo-drveni-tronozac-od-102cm-do-167cm-zavrtanj\/#primaryimage","url":"https:\/\/geooprema.com\/wp-content\/uploads\/2019\/11\/Nedo-wooden-tripod-screw-clamp-_1.jpg","contentUrl":"https:\/\/geooprema.com\/wp-content\/uploads\/2019\/11\/Nedo-wooden-tripod-screw-clamp-_1.jpg","width":850,"height":850},{"@type":"BreadcrumbList","@id":"https:\/\/geooprema.com\/bs\/products\/dodatna-oprema\/tronosci\/nedo-drveni-tronozac-od-102cm-do-167cm-zavrtanj\/#breadcrumb","itemListElement":[{"@type":"ListItem","position":1,"name":"Home","item":"https:\/\/geooprema.com\/bs\/"},{"@type":"ListItem","position":2,"name":"Shop","item":"https:\/\/geooprema.com\/shop-2\/"},{"@type":"ListItem","position":3,"name":"Nedo drveni trono\u017eac | od 102cm do 167cm | zavrtanj"}]},{"@type":"WebSite","@id":"https:\/\/geooprema.com\/#website","url":"https:\/\/geooprema.com\/","name":"Geooprema","description":"Surveying and Construction Equipmen, Software and Accessories","publisher":{"@id":"https:\/\/geooprema.com\/#organization"},"potentialAction":[{"@type":"SearchAction","target":{"@type":"EntryPoint","urlTemplate":"https:\/\/geooprema.com\/?s={search_term_string}"},"query-input":{"@type":"PropertyValueSpecification","valueRequired":true,"valueName":"search_term_string"}}],"inLanguage":"bs-BA"},{"@type":"Organization","@id":"https:\/\/geooprema.com\/#organization","name":"Geooprema","url":"https:\/\/geooprema.com\/","logo":{"@type":"ImageObject","inLanguage":"bs-BA","@id":"https:\/\/geooprema.com\/#\/schema\/logo\/image\/","url":"https:\/\/geooprema.com\/wp-content\/uploads\/2020\/08\/geooprema-logo.png","contentUrl":"https:\/\/geooprema.com\/wp-content\/uploads\/2020\/08\/geooprema-logo.png","width":513,"height":161,"caption":"Geooprema"},"image":{"@id":"https:\/\/geooprema.com\/#\/schema\/logo\/image\/"},"sameAs":["https:\/\/www.facebook.com\/geoinfobih","https:\/\/www.instagram.com\/geoinfodoo\/","https:\/\/www.linkedin.com\/company\/geoinfo-doo\/","https:\/\/www.youtube.com\/c\/Geoinfodoo"]}]}},"_links":{"self":[{"href":"https:\/\/geooprema.com\/bs\/wp-json\/wp\/v2\/product\/21880","targetHints":{"allow":["GET"]}}],"collection":[{"href":"https:\/\/geooprema.com\/bs\/wp-json\/wp\/v2\/product"}],"about":[{"href":"https:\/\/geooprema.com\/bs\/wp-json\/wp\/v2\/types\/product"}],"replies":[{"embeddable":true,"href":"https:\/\/geooprema.com\/bs\/wp-json\/wp\/v2\/comments?post=21880"}],"wp:featuredmedia":[{"embeddable":true,"href":"https:\/\/geooprema.com\/bs\/wp-json\/wp\/v2\/media\/21680"}],"wp:attachment":[{"href":"https:\/\/geooprema.com\/bs\/wp-json\/wp\/v2\/media?parent=21880"}],"wp:term":[{"taxonomy":"product_brand","embeddable":true,"href":"https:\/\/geooprema.com\/bs\/wp-json\/wp\/v2\/product_brand?post=21880"},{"taxonomy":"product_cat","embeddable":true,"href":"https:\/\/geooprema.com\/bs\/wp-json\/wp\/v2\/product_cat?post=21880"},{"taxonomy":"product_tag","embeddable":true,"href":"https:\/\/geooprema.com\/bs\/wp-json\/wp\/v2\/product_tag?post=21880"}],"curies":[{"name":"wp","href":"https:\/\/api.w.org\/{rel}","templated":true}]}}