
{"id":21877,"date":"2019-11-23T18:02:16","date_gmt":"2019-11-23T18:02:16","guid":{"rendered":"https:\/\/geooprema.com\/shop\/Bez%20kategorije\/geomax-zal200-serije\/"},"modified":"2021-06-08T13:55:19","modified_gmt":"2021-06-08T13:55:19","slug":"geomax-zal200-serije","status":"publish","type":"product","link":"https:\/\/geooprema.com\/bs\/products\/gradjevinska-oprema\/gradevinski-niveliri\/geomax-zal200-serije\/","title":{"rendered":"GeoMax ZAL200 serije"},"content":{"rendered":"<p>Opti\u010dki niveliri GeoMax ZAL200 serije su niveliri na koje se mo\u017eete osloniti u bilo kom momentu. Izdr\u017eljivi i kreirani za potrebe gredjevinskih radova.<\/p>\n<p>Ova serija nivelira obezbje\u0111uje veliki kvalitet po pristupa\u010dnoj cijeni. Dolaze u tri stepena uve\u0107anja durbina sa ergonomskim dizajnom i kompletnim opsegom pomo\u0107ne opreme.<\/p>\n<h3><span style=\"color: #f99b1c;\"><strong>Profesionalni rezultati<br \/>\n<\/strong><\/span><\/h3>\n<p>Sa tri stepena uve\u0107anja &#8211; 20 puta \/ 24 puta \/ 32 puta, i 360 stepeni podjelom mo\u017eete da postignete do 1.9 mm ta\u010dnosti na 1 km.<\/p>\n<h3><span style=\"color: #f99b1c;\"><strong>Alati za gra\u0111evinu<br \/>\n<\/strong><\/span><\/h3>\n<p>ZAL200 je napravljen od materijala koji mu daju IP56 stepen za\u0161tite.\u00a0 S obzirom da se ovim nivelirom mjerenja vr\u0161e izuzetno lako &#8211; on je pravi izbor za va\u0161e gradili\u0161te!<\/p>\n<h3><strong><span style=\"color: #f99b1c;\">Zadovoljava sve potrebe<\/span><\/strong><\/h3>\n<p>Sa kompletnim opsegom dodatne opreme, uklju\u0161uju\u0107i &#8220;Shield Total Care&#8221; i internacionalnim servisom, ZAL200 \u0107e zadovoljiti sve va\u0161e potrebe.<\/p>\n<h3><strong><span style=\"color: #f99b1c;\">Visoke performanse<\/span><\/strong><\/h3>\n<p>Pove\u0107ajte va\u0161u produktivnost i izbjegnite gre\u0161ke sa nivelirom koji ima najbolji omjer cijena \/ kvalitet!<\/p>\n","protected":false},"excerpt":{"rendered":"<p>SPECIFIKACIJE<\/p>\n<ul>\n<li>Uve\u0107anje 20 x \/ 24 x \/ 32 x<\/li>\n<li>360\u00b0 podjela<\/li>\n<li>Do 1.9 mm ta\u010dnosti<\/li>\n<\/ul>\n<p>ZA GRADJEVINU<\/p>\n<ul>\n<li>\u010cvrst i solidan dizajn<\/li>\n<li>IP56 stepen za\u0161tite<\/li>\n<li>Jednostavan za rad<\/li>\n<\/ul>\n<p>ZADOVOLJAVA SVE POTREBE<\/p>\n<ul>\n<li>Kompletan opseg dodatne opreme<\/li>\n<li>Shield Total Care<\/li>\n<li>Internacionalni servis<\/li>\n<\/ul>\n","protected":false},"featured_media":21689,"comment_status":"open","ping_status":"closed","template":"","meta":{"_acf_changed":false},"product_brand":[],"product_cat":[341,1275,343],"product_tag":[377,361,334,351,379],"class_list":{"0":"post-21877","1":"product","2":"type-product","3":"status-publish","4":"has-post-thumbnail","6":"product_cat-geodetska-oprema","7":"product_cat-gradevinski-niveliri","8":"product_cat-niveliri","9":"product_tag-geomax-bs","10":"product_tag-niveliri","11":"product_tag-opticki-bs-2","12":"product_tag-opticki-niveliri","13":"product_tag-zal300-bs","14":"pa_brand-geomax-positioning-bs","16":"first","17":"onbackorder","18":"taxable","19":"shipping-taxable","20":"product-type-simple","swatches":"rey-swatches","show_selected":""},"acf":[],"yoast_head":"<!-- This site is optimized with the Yoast SEO plugin v24.9 - https:\/\/yoast.com\/wordpress\/plugins\/seo\/ -->\n<title>GeoMax ZAL200 serije - Geooprema<\/title>\n<meta name=\"robots\" content=\"index, follow, max-snippet:-1, max-image-preview:large, max-video-preview:-1\" \/>\n<link rel=\"canonical\" href=\"https:\/\/geooprema.com\/bs\/products\/geodetska-oprema\/niveliri\/geomax-zal200-serije\/\" \/>\n<meta property=\"og:locale\" content=\"bs_BA\" \/>\n<meta property=\"og:type\" content=\"article\" \/>\n<meta property=\"og:title\" content=\"GeoMax ZAL200 serije - Geooprema\" \/>\n<meta property=\"og:description\" content=\"SPECIFIKACIJE   Uve\u0107anje 20 x \/ 24 x \/ 32 x  360\u00b0 podjela  Do 1.9 mm ta\u010dnosti  ZA GRADJEVINU   \u010cvrst i solidan dizajn  IP56 stepen za\u0161tite  Jednostavan za rad  ZADOVOLJAVA SVE POTREBE   Kompletan opseg dodatne opreme  Shield Total Care  Internacionalni servis\" \/>\n<meta property=\"og:url\" content=\"https:\/\/geooprema.com\/bs\/products\/geodetska-oprema\/niveliri\/geomax-zal200-serije\/\" \/>\n<meta property=\"og:site_name\" content=\"Geooprema\" \/>\n<meta property=\"article:publisher\" content=\"https:\/\/www.facebook.com\/geoinfobih\" \/>\n<meta property=\"article:modified_time\" content=\"2021-06-08T13:55:19+00:00\" \/>\n<meta property=\"og:image\" content=\"https:\/\/geooprema.com\/wp-content\/uploads\/2019\/11\/ZAL200-series-_1.jpg\" \/>\n\t<meta property=\"og:image:width\" content=\"850\" \/>\n\t<meta property=\"og:image:height\" content=\"850\" \/>\n\t<meta property=\"og:image:type\" content=\"image\/jpeg\" \/>\n<meta name=\"twitter:card\" content=\"summary_large_image\" \/>\n<meta name=\"twitter:label1\" content=\"Est. reading time\" \/>\n\t<meta name=\"twitter:data1\" content=\"1 minuta\" \/>\n<script type=\"application\/ld+json\" class=\"yoast-schema-graph\">{\"@context\":\"https:\/\/schema.org\",\"@graph\":[{\"@type\":\"WebPage\",\"@id\":\"https:\/\/geooprema.com\/bs\/products\/geodetska-oprema\/niveliri\/geomax-zal200-serije\/\",\"url\":\"https:\/\/geooprema.com\/bs\/products\/geodetska-oprema\/niveliri\/geomax-zal200-serije\/\",\"name\":\"GeoMax ZAL200 serije - Geooprema\",\"isPartOf\":{\"@id\":\"https:\/\/geooprema.com\/#website\"},\"primaryImageOfPage\":{\"@id\":\"https:\/\/geooprema.com\/bs\/products\/geodetska-oprema\/niveliri\/geomax-zal200-serije\/#primaryimage\"},\"image\":{\"@id\":\"https:\/\/geooprema.com\/bs\/products\/geodetska-oprema\/niveliri\/geomax-zal200-serije\/#primaryimage\"},\"thumbnailUrl\":\"https:\/\/geooprema.com\/wp-content\/uploads\/2019\/11\/ZAL200-series-_1.jpg\",\"datePublished\":\"2019-11-23T18:02:16+00:00\",\"dateModified\":\"2021-06-08T13:55:19+00:00\",\"breadcrumb\":{\"@id\":\"https:\/\/geooprema.com\/bs\/products\/geodetska-oprema\/niveliri\/geomax-zal200-serije\/#breadcrumb\"},\"inLanguage\":\"bs-BA\",\"potentialAction\":[{\"@type\":\"ReadAction\",\"target\":[\"https:\/\/geooprema.com\/bs\/products\/geodetska-oprema\/niveliri\/geomax-zal200-serije\/\"]}]},{\"@type\":\"ImageObject\",\"inLanguage\":\"bs-BA\",\"@id\":\"https:\/\/geooprema.com\/bs\/products\/geodetska-oprema\/niveliri\/geomax-zal200-serije\/#primaryimage\",\"url\":\"https:\/\/geooprema.com\/wp-content\/uploads\/2019\/11\/ZAL200-series-_1.jpg\",\"contentUrl\":\"https:\/\/geooprema.com\/wp-content\/uploads\/2019\/11\/ZAL200-series-_1.jpg\",\"width\":850,\"height\":850},{\"@type\":\"BreadcrumbList\",\"@id\":\"https:\/\/geooprema.com\/bs\/products\/geodetska-oprema\/niveliri\/geomax-zal200-serije\/#breadcrumb\",\"itemListElement\":[{\"@type\":\"ListItem\",\"position\":1,\"name\":\"Home\",\"item\":\"https:\/\/geooprema.com\/bs\/\"},{\"@type\":\"ListItem\",\"position\":2,\"name\":\"Shop\",\"item\":\"https:\/\/geooprema.com\/shop-2\/\"},{\"@type\":\"ListItem\",\"position\":3,\"name\":\"GeoMax ZAL200 serije\"}]},{\"@type\":\"WebSite\",\"@id\":\"https:\/\/geooprema.com\/#website\",\"url\":\"https:\/\/geooprema.com\/\",\"name\":\"Geooprema\",\"description\":\"Surveying and Construction Equipmen, Software and Accessories\",\"publisher\":{\"@id\":\"https:\/\/geooprema.com\/#organization\"},\"potentialAction\":[{\"@type\":\"SearchAction\",\"target\":{\"@type\":\"EntryPoint\",\"urlTemplate\":\"https:\/\/geooprema.com\/?s={search_term_string}\"},\"query-input\":{\"@type\":\"PropertyValueSpecification\",\"valueRequired\":true,\"valueName\":\"search_term_string\"}}],\"inLanguage\":\"bs-BA\"},{\"@type\":\"Organization\",\"@id\":\"https:\/\/geooprema.com\/#organization\",\"name\":\"Geooprema\",\"url\":\"https:\/\/geooprema.com\/\",\"logo\":{\"@type\":\"ImageObject\",\"inLanguage\":\"bs-BA\",\"@id\":\"https:\/\/geooprema.com\/#\/schema\/logo\/image\/\",\"url\":\"https:\/\/geooprema.com\/wp-content\/uploads\/2020\/08\/geooprema-logo.png\",\"contentUrl\":\"https:\/\/geooprema.com\/wp-content\/uploads\/2020\/08\/geooprema-logo.png\",\"width\":513,\"height\":161,\"caption\":\"Geooprema\"},\"image\":{\"@id\":\"https:\/\/geooprema.com\/#\/schema\/logo\/image\/\"},\"sameAs\":[\"https:\/\/www.facebook.com\/geoinfobih\",\"https:\/\/www.instagram.com\/geoinfodoo\/\",\"https:\/\/www.linkedin.com\/company\/geoinfo-doo\/\",\"https:\/\/www.youtube.com\/c\/Geoinfodoo\"]}]}<\/script>\n<!-- \/ Yoast SEO plugin. -->","yoast_head_json":{"title":"GeoMax ZAL200 serije - Geooprema","robots":{"index":"index","follow":"follow","max-snippet":"max-snippet:-1","max-image-preview":"max-image-preview:large","max-video-preview":"max-video-preview:-1"},"canonical":"https:\/\/geooprema.com\/bs\/products\/geodetska-oprema\/niveliri\/geomax-zal200-serije\/","og_locale":"bs_BA","og_type":"article","og_title":"GeoMax ZAL200 serije - Geooprema","og_description":"SPECIFIKACIJE   Uve\u0107anje 20 x \/ 24 x \/ 32 x  360\u00b0 podjela  Do 1.9 mm ta\u010dnosti  ZA GRADJEVINU   \u010cvrst i solidan dizajn  IP56 stepen za\u0161tite  Jednostavan za rad  ZADOVOLJAVA SVE POTREBE   Kompletan opseg dodatne opreme  Shield Total Care  Internacionalni servis","og_url":"https:\/\/geooprema.com\/bs\/products\/geodetska-oprema\/niveliri\/geomax-zal200-serije\/","og_site_name":"Geooprema","article_publisher":"https:\/\/www.facebook.com\/geoinfobih","article_modified_time":"2021-06-08T13:55:19+00:00","og_image":[{"width":850,"height":850,"url":"https:\/\/geooprema.com\/wp-content\/uploads\/2019\/11\/ZAL200-series-_1.jpg","type":"image\/jpeg"}],"twitter_card":"summary_large_image","twitter_misc":{"Est. reading time":"1 minuta"},"schema":{"@context":"https:\/\/schema.org","@graph":[{"@type":"WebPage","@id":"https:\/\/geooprema.com\/bs\/products\/geodetska-oprema\/niveliri\/geomax-zal200-serije\/","url":"https:\/\/geooprema.com\/bs\/products\/geodetska-oprema\/niveliri\/geomax-zal200-serije\/","name":"GeoMax ZAL200 serije - Geooprema","isPartOf":{"@id":"https:\/\/geooprema.com\/#website"},"primaryImageOfPage":{"@id":"https:\/\/geooprema.com\/bs\/products\/geodetska-oprema\/niveliri\/geomax-zal200-serije\/#primaryimage"},"image":{"@id":"https:\/\/geooprema.com\/bs\/products\/geodetska-oprema\/niveliri\/geomax-zal200-serije\/#primaryimage"},"thumbnailUrl":"https:\/\/geooprema.com\/wp-content\/uploads\/2019\/11\/ZAL200-series-_1.jpg","datePublished":"2019-11-23T18:02:16+00:00","dateModified":"2021-06-08T13:55:19+00:00","breadcrumb":{"@id":"https:\/\/geooprema.com\/bs\/products\/geodetska-oprema\/niveliri\/geomax-zal200-serije\/#breadcrumb"},"inLanguage":"bs-BA","potentialAction":[{"@type":"ReadAction","target":["https:\/\/geooprema.com\/bs\/products\/geodetska-oprema\/niveliri\/geomax-zal200-serije\/"]}]},{"@type":"ImageObject","inLanguage":"bs-BA","@id":"https:\/\/geooprema.com\/bs\/products\/geodetska-oprema\/niveliri\/geomax-zal200-serije\/#primaryimage","url":"https:\/\/geooprema.com\/wp-content\/uploads\/2019\/11\/ZAL200-series-_1.jpg","contentUrl":"https:\/\/geooprema.com\/wp-content\/uploads\/2019\/11\/ZAL200-series-_1.jpg","width":850,"height":850},{"@type":"BreadcrumbList","@id":"https:\/\/geooprema.com\/bs\/products\/geodetska-oprema\/niveliri\/geomax-zal200-serije\/#breadcrumb","itemListElement":[{"@type":"ListItem","position":1,"name":"Home","item":"https:\/\/geooprema.com\/bs\/"},{"@type":"ListItem","position":2,"name":"Shop","item":"https:\/\/geooprema.com\/shop-2\/"},{"@type":"ListItem","position":3,"name":"GeoMax ZAL200 serije"}]},{"@type":"WebSite","@id":"https:\/\/geooprema.com\/#website","url":"https:\/\/geooprema.com\/","name":"Geooprema","description":"Surveying and Construction Equipmen, Software and Accessories","publisher":{"@id":"https:\/\/geooprema.com\/#organization"},"potentialAction":[{"@type":"SearchAction","target":{"@type":"EntryPoint","urlTemplate":"https:\/\/geooprema.com\/?s={search_term_string}"},"query-input":{"@type":"PropertyValueSpecification","valueRequired":true,"valueName":"search_term_string"}}],"inLanguage":"bs-BA"},{"@type":"Organization","@id":"https:\/\/geooprema.com\/#organization","name":"Geooprema","url":"https:\/\/geooprema.com\/","logo":{"@type":"ImageObject","inLanguage":"bs-BA","@id":"https:\/\/geooprema.com\/#\/schema\/logo\/image\/","url":"https:\/\/geooprema.com\/wp-content\/uploads\/2020\/08\/geooprema-logo.png","contentUrl":"https:\/\/geooprema.com\/wp-content\/uploads\/2020\/08\/geooprema-logo.png","width":513,"height":161,"caption":"Geooprema"},"image":{"@id":"https:\/\/geooprema.com\/#\/schema\/logo\/image\/"},"sameAs":["https:\/\/www.facebook.com\/geoinfobih","https:\/\/www.instagram.com\/geoinfodoo\/","https:\/\/www.linkedin.com\/company\/geoinfo-doo\/","https:\/\/www.youtube.com\/c\/Geoinfodoo"]}]}},"_links":{"self":[{"href":"https:\/\/geooprema.com\/bs\/wp-json\/wp\/v2\/product\/21877","targetHints":{"allow":["GET"]}}],"collection":[{"href":"https:\/\/geooprema.com\/bs\/wp-json\/wp\/v2\/product"}],"about":[{"href":"https:\/\/geooprema.com\/bs\/wp-json\/wp\/v2\/types\/product"}],"replies":[{"embeddable":true,"href":"https:\/\/geooprema.com\/bs\/wp-json\/wp\/v2\/comments?post=21877"}],"wp:featuredmedia":[{"embeddable":true,"href":"https:\/\/geooprema.com\/bs\/wp-json\/wp\/v2\/media\/21689"}],"wp:attachment":[{"href":"https:\/\/geooprema.com\/bs\/wp-json\/wp\/v2\/media?parent=21877"}],"wp:term":[{"taxonomy":"product_brand","embeddable":true,"href":"https:\/\/geooprema.com\/bs\/wp-json\/wp\/v2\/product_brand?post=21877"},{"taxonomy":"product_cat","embeddable":true,"href":"https:\/\/geooprema.com\/bs\/wp-json\/wp\/v2\/product_cat?post=21877"},{"taxonomy":"product_tag","embeddable":true,"href":"https:\/\/geooprema.com\/bs\/wp-json\/wp\/v2\/product_tag?post=21877"}],"curies":[{"name":"wp","href":"https:\/\/api.w.org\/{rel}","templated":true}]}}